{"id":26712,"date":"2026-04-08T23:22:14","date_gmt":"2026-04-08T21:22:14","guid":{"rendered":"https:\/\/www.sakura-spa.ch\/?page_id=26712"},"modified":"2026-04-13T20:29:52","modified_gmt":"2026-04-13T18:29:52","slug":"lymph-drainage-aromatherapy-package-st-gallen","status":"publish","type":"page","link":"https:\/\/www.sakura-spa.ch\/en\/cosmetics\/lymph-drainage-aromatherapy-package-st-gallen\/","title":{"rendered":"Lymphatic Drainage &amp; Aromatherapy Package St. Gallen"},"content":{"rendered":"<div data-elementor-type=\"wp-page\" data-elementor-id=\"26712\" class=\"elementor elementor-26712\" data-elementor-post-type=\"page\">\n\t\t\t\t\t\t<section class=\"elementor-section elementor-top-section elementor-element elementor-element-4c057f51 elementor-section-full_width elementor-section-height-default elementor-section-height-default\" data-id=\"4c057f51\" data-element_type=\"section\">\n\t\t\t\t\t\t<div class=\"elementor-container elementor-column-gap-no\">\n\t\t\t\t\t<div class=\"elementor-column elementor-col-100 elementor-top-column elementor-element elementor-element-71bbe7dd\" data-id=\"71bbe7dd\" data-element_type=\"column\">\n\t\t\t<div class=\"elementor-widget-wrap elementor-element-populated\">\n\t\t\t\t\t\t<div class=\"elementor-element elementor-element-4c5c10b6 elementor--h-position-left elementor--v-position-middle elementor-widget elementor-widget-slides\" data-id=\"4c5c10b6\" data-element_type=\"widget\" data-settings=\"{&quot;navigation&quot;:&quot;none&quot;,&quot;autoplay&quot;:&quot;yes&quot;,&quot;pause_on_hover&quot;:&quot;yes&quot;,&quot;pause_on_interaction&quot;:&quot;yes&quot;,&quot;autoplay_speed&quot;:5000,&quot;infinite&quot;:&quot;yes&quot;,&quot;transition&quot;:&quot;slide&quot;,&quot;transition_speed&quot;:500}\" data-widget_type=\"slides.default\">\n\t\t\t\t<div class=\"elementor-widget-container\">\n\t\t\t\t\t\t\t\t\t<div class=\"elementor-swiper\">\n\t\t\t\t\t<div class=\"elementor-slides-wrapper elementor-main-swiper swiper\" role=\"region\" aria-roledescription=\"carousel\" aria-label=\"slider\" dir=\"ltr\" data-animation=\"fadeInUp\">\n\t\t\t\t<div class=\"swiper-wrapper elementor-slides\">\n\t\t\t\t\t\t\t\t\t\t<div class=\"elementor-repeater-item-11679b6 swiper-slide\" role=\"group\" aria-roledescription=\"slide\"><div class=\"swiper-slide-bg elementor-ken-burns elementor-ken-burns--in\" role=\"img\"><\/div><div class=\"swiper-slide-inner\" ><div class=\"swiper-slide-contents\"><div class=\"elementor-slide-heading\">Lymph Detox &amp; Aromatherapy<\/div><div class=\"elementor-slide-description\">The exclusive combination for lightness and senses<\/div><a href=\"#elementor-action%3Aaction%3Dpopup%3Aopen%26settings%3DeyJpZCI6IjM1IiwidG9nZ2xlIjpmYWxzZX0%3D\" class=\"elementor-button elementor-slide-button elementor-size-md\">Request your preferred date<\/a><\/div><\/div><\/div><div class=\"elementor-repeater-item-3e1ba6e swiper-slide\" role=\"group\" aria-roledescription=\"slide\"><div class=\"swiper-slide-bg elementor-ken-burns elementor-ken-burns--in\" role=\"img\"><\/div><div class=\"swiper-slide-inner\" ><div class=\"swiper-slide-contents\"><div class=\"elementor-slide-heading\"> Gentle decongestion &amp; deep relaxation<\/div><div class=\"elementor-slide-description\">Your personal ritual for body and mind<\/div><a href=\"#elementor-action%3Aaction%3Dpopup%3Aopen%26settings%3DeyJpZCI6IjM1IiwidG9nZ2xlIjpmYWxzZX0%3D\" class=\"elementor-button elementor-slide-button elementor-size-md\">Request your preferred date<\/a><\/div><\/div><\/div>\t\t\t\t<\/div>\n\t\t\t\t\t\t\t\t\t\t\t\t\t\t\t\t\t\t\t\t\t<\/div>\n\t\t\t\t<\/div>\n\t\t\t\t\t\t\t\t<\/div>\n\t\t\t\t<\/div>\n\t\t\t\t\t<\/div>\n\t\t<\/div>\n\t\t\t\t\t<\/div>\n\t\t<\/section>\n\t\t\t\t<section class=\"elementor-section elementor-top-section elementor-element elementor-element-53f712c3 elementor-section-boxed elementor-section-height-default elementor-section-height-default\" data-id=\"53f712c3\" data-element_type=\"section\" data-settings=\"{&quot;background_background&quot;:&quot;classic&quot;}\">\n\t\t\t\t\t\t\t<div class=\"elementor-background-overlay\"><\/div>\n\t\t\t\t\t\t\t<div class=\"elementor-container elementor-column-gap-default\">\n\t\t\t\t\t<div class=\"elementor-column elementor-col-100 elementor-top-column elementor-element elementor-element-12af9689\" data-id=\"12af9689\" data-element_type=\"column\">\n\t\t\t<div class=\"elementor-widget-wrap elementor-element-populated\">\n\t\t\t\t\t\t<div class=\"elementor-element elementor-element-468a84b7 elementor-widget elementor-widget-global elementor-global-332 elementor-widget-breadcrumbs\" data-id=\"468a84b7\" data-element_type=\"widget\" data-widget_type=\"breadcrumbs.default\">\n\t\t\t\t<div class=\"elementor-widget-container\">\n\t\t\t\t\t<p id=\"breadcrumbs\"><span><span><a href=\"https:\/\/www.sakura-spa.ch\/en\/\">home page<\/a><\/span><\/span><\/p>\t\t\t\t<\/div>\n\t\t\t\t<\/div>\n\t\t\t\t\t<\/div>\n\t\t<\/div>\n\t\t\t\t\t<\/div>\n\t\t<\/section>\n\t\t\t\t<section class=\"elementor-section elementor-top-section elementor-element elementor-element-06811a5 elementor-section-boxed elementor-section-height-default elementor-section-height-default\" data-id=\"06811a5\" data-element_type=\"section\">\n\t\t\t\t\t\t<div class=\"elementor-container elementor-column-gap-default\">\n\t\t\t\t\t<div class=\"elementor-column elementor-col-100 elementor-top-column elementor-element elementor-element-33e6687\" data-id=\"33e6687\" data-element_type=\"column\">\n\t\t\t<div class=\"elementor-widget-wrap elementor-element-populated\">\n\t\t\t\t\t\t<div class=\"elementor-element elementor-element-c90083c elementor-widget elementor-widget-heading\" data-id=\"c90083c\" data-element_type=\"widget\" data-widget_type=\"heading.default\">\n\t\t\t\t<div class=\"elementor-widget-container\">\n\t\t\t\t\t<h1 class=\"elementor-heading-title elementor-size-default\">The ultimate wellness duo: lymphatic drainage meets aromatherapy<\/h1>\t\t\t\t<\/div>\n\t\t\t\t<\/div>\n\t\t\t\t\t<\/div>\n\t\t<\/div>\n\t\t\t\t\t<\/div>\n\t\t<\/section>\n\t\t\t\t<section class=\"elementor-section elementor-top-section elementor-element elementor-element-86c9042 elementor-section-boxed elementor-section-height-default elementor-section-height-default\" data-id=\"86c9042\" data-element_type=\"section\">\n\t\t\t\t\t\t<div class=\"elementor-container elementor-column-gap-default\">\n\t\t\t\t\t<div class=\"elementor-column elementor-col-100 elementor-top-column elementor-element elementor-element-22c33ac\" data-id=\"22c33ac\" data-element_type=\"column\">\n\t\t\t<div class=\"elementor-widget-wrap elementor-element-populated\">\n\t\t\t\t\t\t<div class=\"elementor-element elementor-element-12c7f8c elementor-widget elementor-widget-text-editor\" data-id=\"12c7f8c\" data-element_type=\"widget\" data-widget_type=\"text-editor.default\">\n\t\t\t\t<div class=\"elementor-widget-container\">\n\t\t\t\t\t\t\t\t\t<p><strong>Experience a treatment that combines professional precision with luxurious wellness. Our 90-minute combination package at Sakura Spa St. Gallen is specially designed to effectively relieve your body while guiding your mind into deep relaxation. A holistic ritual for those who refuse to compromise on health and well-being.<\/strong><\/p>\t\t\t\t\t\t\t\t<\/div>\n\t\t\t\t<\/div>\n\t\t\t\t<div class=\"elementor-element elementor-element-71e7c42 elementor-widget elementor-widget-heading\" data-id=\"71e7c42\" data-element_type=\"widget\" data-widget_type=\"heading.default\">\n\t\t\t\t<div class=\"elementor-widget-container\">\n\t\t\t\t\t<h2 class=\"elementor-heading-title elementor-size-default\">Synergy of lightness: This is how your package works<\/h2>\t\t\t\t<\/div>\n\t\t\t\t<\/div>\n\t\t\t\t<div class=\"elementor-element elementor-element-b459f47 elementor-widget elementor-widget-text-editor\" data-id=\"b459f47\" data-element_type=\"widget\" data-widget_type=\"text-editor.default\">\n\t\t\t\t<div class=\"elementor-widget-container\">\n\t\t\t\t\t\t\t\t\tIn this extended ritual, two highly effective forms of therapy merge into a seamless unity:\t\t\t\t\t\t\t\t<\/div>\n\t\t\t\t<\/div>\n\t\t\t\t<div class=\"elementor-element elementor-element-ba3ec61 elementor-widget elementor-widget-heading\" data-id=\"ba3ec61\" data-element_type=\"widget\" data-widget_type=\"heading.default\">\n\t\t\t\t<div class=\"elementor-widget-container\">\n\t\t\t\t\t<h3 class=\"elementor-heading-title elementor-size-default\">Gentle decongestion: Manual lymphatic drainage<\/h3>\t\t\t\t<\/div>\n\t\t\t\t<\/div>\n\t\t\t\t<div class=\"elementor-element elementor-element-a5450f5 elementor-widget elementor-widget-text-editor\" data-id=\"a5450f5\" data-element_type=\"widget\" data-widget_type=\"text-editor.default\">\n\t\t\t\t<div class=\"elementor-widget-container\">\n\t\t\t\t\t\t\t\t\t<p>We begin with classic manual lymphatic drainage. Using gentle, rhythmic pumping and scooping movements, we specifically activate your lymphatic system. Accumulated tissue fluid is gently removed, swelling is reduced, and heavy legs feel instantly relieved. It is the gentlest way to support your body&#039;s internal cleansing process.<\/p>\t\t\t\t\t\t\t\t<\/div>\n\t\t\t\t<\/div>\n\t\t\t\t<div class=\"elementor-element elementor-element-162fb10 elementor-widget elementor-widget-heading\" data-id=\"162fb10\" data-element_type=\"widget\" data-widget_type=\"heading.default\">\n\t\t\t\t<div class=\"elementor-widget-container\">\n\t\t\t\t\t<h3 class=\"elementor-heading-title elementor-size-default\">Deep-acting effects: The power of aromatherapy<\/h3>\t\t\t\t<\/div>\n\t\t\t\t<\/div>\n\t\t\t\t<div class=\"elementor-element elementor-element-259e377 elementor-widget elementor-widget-text-editor\" data-id=\"259e377\" data-element_type=\"widget\" data-widget_type=\"text-editor.default\">\n\t\t\t\t<div class=\"elementor-widget-container\">\n\t\t\t\t\t\t\t\t\t<p>While your lymphatic flow is stimulated, we work with aromatherapy oils individually tailored to you. These precious essences penetrate deep into the tissue and support the detoxification process on a chemical level. At the same time, the scents act directly on the limbic system in your brain, releasing stress blockages and enveloping you in a feeling of security.<\/p>\t\t\t\t\t\t\t\t<\/div>\n\t\t\t\t<\/div>\n\t\t\t\t<div class=\"elementor-element elementor-element-3b32cf4 elementor-widget elementor-widget-heading\" data-id=\"3b32cf4\" data-element_type=\"widget\" data-widget_type=\"heading.default\">\n\t\t\t\t<div class=\"elementor-widget-container\">\n\t\t\t\t\t<h3 class=\"elementor-heading-title elementor-size-default\"> Holistic regeneration: The result <\/h3>\t\t\t\t<\/div>\n\t\t\t\t<\/div>\n\t\t\t\t<div class=\"elementor-element elementor-element-72490d6 elementor-widget elementor-widget-text-editor\" data-id=\"72490d6\" data-element_type=\"widget\" data-widget_type=\"text-editor.default\">\n\t\t\t\t<div class=\"elementor-widget-container\">\n\t\t\t\t\t\t\t\t\t<p>After 90 minutes, you&#039;ll not only feel physically lighter, but also mentally clear. Your tissues will appear plumper and better circulated, while your nervous system will be completely calmed by the gentle touches and ethereal fragrances. An ideal package to support diets, combat general fatigue, or simply as a luxurious escape.<\/p>\t\t\t\t\t\t\t\t<\/div>\n\t\t\t\t<\/div>\n\t\t\t\t<div class=\"elementor-element elementor-element-81ab859 elementor-widget elementor-widget-heading\" data-id=\"81ab859\" data-element_type=\"widget\" data-widget_type=\"heading.default\">\n\t\t\t\t<div class=\"elementor-widget-container\">\n\t\t\t\t\t<h3 class=\"elementor-heading-title elementor-size-default\">Prices &amp; Details:<\/h3>\t\t\t\t<\/div>\n\t\t\t\t<\/div>\n\t\t\t\t<div class=\"elementor-element elementor-element-86264a3 elementor-widget elementor-widget-text-editor\" data-id=\"86264a3\" data-element_type=\"widget\" data-widget_type=\"text-editor.default\">\n\t\t\t\t<div class=\"elementor-widget-container\">\n\t\t\t\t\t\t\t\t\t<ul><li class=\"dF3vjf\" data-sfc-root=\"c\" data-sfc-cb=\"\" data-hveid=\"CAEIGBAA\" data-complete=\"true\" data-sae=\"\"><span class=\"T286Pc\" data-sfc-cp=\"\" data-sfc-root=\"c\" data-sfc-cb=\"\" data-complete=\"true\"><strong class=\"Yjhzub\" data-sfc-root=\"c\" data-sfc-cb=\"\" data-complete=\"true\">Duration:<\/strong> 90-minute intensive ritual<\/span><\/li><li class=\"dF3vjf\" data-sfc-root=\"c\" data-sfc-cb=\"\" data-hveid=\"CAEIGBAB\" data-sae=\"\" data-complete=\"true\"><span class=\"T286Pc\" data-sfc-cp=\"\" data-sfc-root=\"c\" data-sfc-cb=\"\" data-complete=\"true\" aria-owns=\"action-menu-parent-container\"><strong class=\"Yjhzub\" data-sfc-root=\"c\" data-sfc-cb=\"\" data-complete=\"true\">Price:<\/strong> 175.\u2013 CHF<\/span><\/li><\/ul>\t\t\t\t\t\t\t\t<\/div>\n\t\t\t\t<\/div>\n\t\t\t\t\t<\/div>\n\t\t<\/div>\n\t\t\t\t\t<\/div>\n\t\t<\/section>\n\t\t\t\t<\/div>","protected":false},"excerpt":{"rendered":"<p>Lymph-Detox &#038; AromatherapieDie exklusive Kombination f\u00fcr Leichtigkeit und SinneWunschtermin anfragen Sanfte Entstauung &#038; TiefenentspannungIhr pers\u00f6nliches Ritual f\u00fcr K\u00f6rper und GeistWunschtermin anfragen Das ultimative Wohlf\u00fchl-Duo: Lymphdrainage trifft Aromatherapie Erleben Sie eine Behandlung, die professionelle Pr\u00e4zision mit luxuri\u00f6ser Wellness vereint. Unser 90-min\u00fctiges Kombi-Package im Sakura Spa St. Gallen wurde speziell entwickelt, um Ihren K\u00f6rper effektiv zu entlasten [&hellip;]<\/p>\n","protected":false},"author":2,"featured_media":9894,"parent":5391,"menu_order":0,"comment_status":"closed","ping_status":"closed","template":"","meta":{"footnotes":""},"class_list":["post-26712","page","type-page","status-publish","has-post-thumbnail","hentry"],"yoast_head":"<!-- This site is optimized with the Yoast SEO plugin v25.2 - https:\/\/yoast.com\/wordpress\/plugins\/seo\/ -->\n<title>Lymphdrainage &amp; Aromatherapie Kombi St. Gallen | Sakura Spa<\/title>\n<meta name=\"description\" content=\"\u2728 Ganzk\u00f6rper-Lymphdrainage SG: Erlebe Entschlackung, Stoffwechsel-Boost &amp; ein herrlich leichtes K\u00f6rpergef\u00fchl. \ud83c\udf3f Jetzt Termin buchen! \ud83d\udcde\" \/>\n<meta name=\"robots\" content=\"index, follow, max-snippet:-1, max-image-preview:large, max-video-preview:-1\" \/>\n<link rel=\"canonical\" href=\"https:\/\/www.sakura-spa.ch\/en\/cosmetics\/lymph-drainage-aromatherapy-package-st-gallen\/\" \/>\n<meta property=\"og:locale\" content=\"en_US\" \/>\n<meta property=\"og:type\" content=\"article\" \/>\n<meta property=\"og:title\" content=\"Lymphdrainage &amp; Aromatherapie Kombi St. Gallen | Sakura Spa\" \/>\n<meta property=\"og:description\" content=\"\u2728 Ganzk\u00f6rper-Lymphdrainage SG: Erlebe Entschlackung, Stoffwechsel-Boost &amp; ein herrlich leichtes K\u00f6rpergef\u00fchl. \ud83c\udf3f Jetzt Termin buchen! \ud83d\udcde\" \/>\n<meta property=\"og:url\" content=\"https:\/\/www.sakura-spa.ch\/en\/cosmetics\/lymph-drainage-aromatherapy-package-st-gallen\/\" \/>\n<meta property=\"og:site_name\" content=\"Sakura Spa in St. Gallen\" \/>\n<meta property=\"article:modified_time\" content=\"2026-04-13T18:29:52+00:00\" \/>\n<meta property=\"og:image\" content=\"https:\/\/www.sakura-spa.ch\/wp-content\/uploads\/BROWS-LASHES_iStock-1176848771_neu-scaled.jpg\" \/>\n\t<meta property=\"og:image:width\" content=\"2560\" \/>\n\t<meta property=\"og:image:height\" content=\"1707\" \/>\n\t<meta property=\"og:image:type\" content=\"image\/jpeg\" \/>\n<meta name=\"twitter:card\" content=\"summary_large_image\" \/>\n<script type=\"application\/ld+json\" class=\"yoast-schema-graph\">{\"@context\":\"https:\/\/schema.org\",\"@graph\":[{\"@type\":\"WebPage\",\"@id\":\"https:\/\/www.sakura-spa.ch\/kosmetik\/lymphdrainage-aromatherapie-package-st-gallen\/\",\"url\":\"https:\/\/www.sakura-spa.ch\/kosmetik\/lymphdrainage-aromatherapie-package-st-gallen\/\",\"name\":\"Lymphdrainage & Aromatherapie Kombi St. Gallen | Sakura Spa\",\"isPartOf\":{\"@id\":\"https:\/\/www.sakura-spa.ch\/#website\"},\"primaryImageOfPage\":{\"@id\":\"https:\/\/www.sakura-spa.ch\/kosmetik\/lymphdrainage-aromatherapie-package-st-gallen\/#primaryimage\"},\"image\":{\"@id\":\"https:\/\/www.sakura-spa.ch\/kosmetik\/lymphdrainage-aromatherapie-package-st-gallen\/#primaryimage\"},\"thumbnailUrl\":\"https:\/\/www.sakura-spa.ch\/wp-content\/uploads\/BROWS-LASHES_iStock-1176848771_neu-scaled.jpg\",\"datePublished\":\"2026-04-08T21:22:14+00:00\",\"dateModified\":\"2026-04-13T18:29:52+00:00\",\"description\":\"\u2728 Ganzk\u00f6rper-Lymphdrainage SG: Erlebe Entschlackung, Stoffwechsel-Boost & ein herrlich leichtes K\u00f6rpergef\u00fchl. \ud83c\udf3f Jetzt Termin buchen! \ud83d\udcde\",\"breadcrumb\":{\"@id\":\"https:\/\/www.sakura-spa.ch\/kosmetik\/lymphdrainage-aromatherapie-package-st-gallen\/#breadcrumb\"},\"inLanguage\":\"en-US\",\"potentialAction\":[{\"@type\":\"ReadAction\",\"target\":[\"https:\/\/www.sakura-spa.ch\/kosmetik\/lymphdrainage-aromatherapie-package-st-gallen\/\"]}]},{\"@type\":\"ImageObject\",\"inLanguage\":\"en-US\",\"@id\":\"https:\/\/www.sakura-spa.ch\/kosmetik\/lymphdrainage-aromatherapie-package-st-gallen\/#primaryimage\",\"url\":\"https:\/\/www.sakura-spa.ch\/wp-content\/uploads\/BROWS-LASHES_iStock-1176848771_neu-scaled.jpg\",\"contentUrl\":\"https:\/\/www.sakura-spa.ch\/wp-content\/uploads\/BROWS-LASHES_iStock-1176848771_neu-scaled.jpg\",\"width\":2560,\"height\":1707,\"caption\":\"Sakura Spa Augenbrauenlifting in St. Gallen\"},{\"@type\":\"BreadcrumbList\",\"@id\":\"https:\/\/www.sakura-spa.ch\/kosmetik\/lymphdrainage-aromatherapie-package-st-gallen\/#breadcrumb\",\"itemListElement\":[{\"@type\":\"ListItem\",\"position\":1,\"name\":\"Startseite\",\"item\":\"https:\/\/www.sakura-spa.ch\/\"},{\"@type\":\"ListItem\",\"position\":2,\"name\":\"Kosmetik\",\"item\":\"https:\/\/www.sakura-spa.ch\/kosmetik\/\"},{\"@type\":\"ListItem\",\"position\":3,\"name\":\"Lymphdrainage &#038; Aromatherapie Package St. Gallen\"}]},{\"@type\":\"WebSite\",\"@id\":\"https:\/\/www.sakura-spa.ch\/#website\",\"url\":\"https:\/\/www.sakura-spa.ch\/\",\"name\":\"Sakura Spa in St. Gallen\",\"description\":\"Kosmetik, Wellness und Massage\",\"potentialAction\":[{\"@type\":\"SearchAction\",\"target\":{\"@type\":\"EntryPoint\",\"urlTemplate\":\"https:\/\/www.sakura-spa.ch\/?s={search_term_string}\"},\"query-input\":{\"@type\":\"PropertyValueSpecification\",\"valueRequired\":true,\"valueName\":\"search_term_string\"}}],\"inLanguage\":\"en-US\"}]}<\/script>\n<!-- \/ Yoast SEO plugin. -->","yoast_head_json":{"title":"Lymphatic drainage &amp; aromatherapy combination St. Gallen | Sakura Spa","description":"\u2728 Full-body lymphatic drainage SG: Experience detoxification, a metabolism boost, and a wonderfully light feeling. \ud83c\udf3f Book your appointment now! \ud83d\udcde","robots":{"index":"index","follow":"follow","max-snippet":"max-snippet:-1","max-image-preview":"max-image-preview:large","max-video-preview":"max-video-preview:-1"},"canonical":"https:\/\/www.sakura-spa.ch\/en\/cosmetics\/lymph-drainage-aromatherapy-package-st-gallen\/","og_locale":"en_US","og_type":"article","og_title":"Lymphdrainage & Aromatherapie Kombi St. Gallen | Sakura Spa","og_description":"\u2728 Ganzk\u00f6rper-Lymphdrainage SG: Erlebe Entschlackung, Stoffwechsel-Boost & ein herrlich leichtes K\u00f6rpergef\u00fchl. \ud83c\udf3f Jetzt Termin buchen! \ud83d\udcde","og_url":"https:\/\/www.sakura-spa.ch\/en\/cosmetics\/lymph-drainage-aromatherapy-package-st-gallen\/","og_site_name":"Sakura Spa in St. Gallen","article_modified_time":"2026-04-13T18:29:52+00:00","og_image":[{"width":2560,"height":1707,"url":"https:\/\/www.sakura-spa.ch\/wp-content\/uploads\/BROWS-LASHES_iStock-1176848771_neu-scaled.jpg","type":"image\/jpeg"}],"twitter_card":"summary_large_image","schema":{"@context":"https:\/\/schema.org","@graph":[{"@type":"WebPage","@id":"https:\/\/www.sakura-spa.ch\/kosmetik\/lymphdrainage-aromatherapie-package-st-gallen\/","url":"https:\/\/www.sakura-spa.ch\/kosmetik\/lymphdrainage-aromatherapie-package-st-gallen\/","name":"Lymphatic drainage &amp; aromatherapy combination St. Gallen | Sakura Spa","isPartOf":{"@id":"https:\/\/www.sakura-spa.ch\/#website"},"primaryImageOfPage":{"@id":"https:\/\/www.sakura-spa.ch\/kosmetik\/lymphdrainage-aromatherapie-package-st-gallen\/#primaryimage"},"image":{"@id":"https:\/\/www.sakura-spa.ch\/kosmetik\/lymphdrainage-aromatherapie-package-st-gallen\/#primaryimage"},"thumbnailUrl":"https:\/\/www.sakura-spa.ch\/wp-content\/uploads\/BROWS-LASHES_iStock-1176848771_neu-scaled.jpg","datePublished":"2026-04-08T21:22:14+00:00","dateModified":"2026-04-13T18:29:52+00:00","description":"\u2728 Full-body lymphatic drainage SG: Experience detoxification, a metabolism boost, and a wonderfully light feeling. \ud83c\udf3f Book your appointment now! \ud83d\udcde","breadcrumb":{"@id":"https:\/\/www.sakura-spa.ch\/kosmetik\/lymphdrainage-aromatherapie-package-st-gallen\/#breadcrumb"},"inLanguage":"en-US","potentialAction":[{"@type":"ReadAction","target":["https:\/\/www.sakura-spa.ch\/kosmetik\/lymphdrainage-aromatherapie-package-st-gallen\/"]}]},{"@type":"ImageObject","inLanguage":"en-US","@id":"https:\/\/www.sakura-spa.ch\/kosmetik\/lymphdrainage-aromatherapie-package-st-gallen\/#primaryimage","url":"https:\/\/www.sakura-spa.ch\/wp-content\/uploads\/BROWS-LASHES_iStock-1176848771_neu-scaled.jpg","contentUrl":"https:\/\/www.sakura-spa.ch\/wp-content\/uploads\/BROWS-LASHES_iStock-1176848771_neu-scaled.jpg","width":2560,"height":1707,"caption":"Sakura Spa Augenbrauenlifting in St. Gallen"},{"@type":"BreadcrumbList","@id":"https:\/\/www.sakura-spa.ch\/kosmetik\/lymphdrainage-aromatherapie-package-st-gallen\/#breadcrumb","itemListElement":[{"@type":"ListItem","position":1,"name":"Startseite","item":"https:\/\/www.sakura-spa.ch\/"},{"@type":"ListItem","position":2,"name":"Kosmetik","item":"https:\/\/www.sakura-spa.ch\/kosmetik\/"},{"@type":"ListItem","position":3,"name":"Lymphdrainage &#038; Aromatherapie Package St. Gallen"}]},{"@type":"WebSite","@id":"https:\/\/www.sakura-spa.ch\/#website","url":"https:\/\/www.sakura-spa.ch\/","name":"Sakura Spa in St. Gallen","description":"Cosmetics, Wellness and Massage","potentialAction":[{"@type":"SearchAction","target":{"@type":"EntryPoint","urlTemplate":"https:\/\/www.sakura-spa.ch\/?s={search_term_string}"},"query-input":{"@type":"PropertyValueSpecification","valueRequired":true,"valueName":"search_term_string"}}],"inLanguage":"en-US"}]}},"_links":{"self":[{"href":"https:\/\/www.sakura-spa.ch\/en\/wp-json\/wp\/v2\/pages\/26712","targetHints":{"allow":["GET"]}}],"collection":[{"href":"https:\/\/www.sakura-spa.ch\/en\/wp-json\/wp\/v2\/pages"}],"about":[{"href":"https:\/\/www.sakura-spa.ch\/en\/wp-json\/wp\/v2\/types\/page"}],"author":[{"embeddable":true,"href":"https:\/\/www.sakura-spa.ch\/en\/wp-json\/wp\/v2\/users\/2"}],"replies":[{"embeddable":true,"href":"https:\/\/www.sakura-spa.ch\/en\/wp-json\/wp\/v2\/comments?post=26712"}],"version-history":[{"count":52,"href":"https:\/\/www.sakura-spa.ch\/en\/wp-json\/wp\/v2\/pages\/26712\/revisions"}],"predecessor-version":[{"id":27314,"href":"https:\/\/www.sakura-spa.ch\/en\/wp-json\/wp\/v2\/pages\/26712\/revisions\/27314"}],"up":[{"embeddable":true,"href":"https:\/\/www.sakura-spa.ch\/en\/wp-json\/wp\/v2\/pages\/5391"}],"wp:featuredmedia":[{"embeddable":true,"href":"https:\/\/www.sakura-spa.ch\/en\/wp-json\/wp\/v2\/media\/9894"}],"wp:attachment":[{"href":"https:\/\/www.sakura-spa.ch\/en\/wp-json\/wp\/v2\/media?parent=26712"}],"curies":[{"name":"wp","href":"https:\/\/api.w.org\/{rel}","templated":true}]}}