{"id":1029,"date":"2022-10-04T12:01:05","date_gmt":"2022-10-04T10:01:05","guid":{"rendered":"https:\/\/p5.seoway.de\/?page_id=1029"},"modified":"2026-03-24T13:23:38","modified_gmt":"2026-03-24T12:23:38","slug":"massage-reflexologie-plantaire","status":"publish","type":"page","link":"https:\/\/www.sakura-spa.ch\/fr\/massages\/massage-reflexologie-plantaire\/","title":{"rendered":"massage r\u00e9flexologie plantaire"},"content":{"rendered":"<div data-elementor-type=\"wp-page\" data-elementor-id=\"1029\" class=\"elementor elementor-1029\" data-elementor-post-type=\"page\">\n\t\t\t\t\t\t<section class=\"elementor-section elementor-top-section elementor-element elementor-element-7cadfa14 elementor-section-full_width elementor-section-height-default elementor-section-height-default\" data-id=\"7cadfa14\" data-element_type=\"section\">\n\t\t\t\t\t\t<div class=\"elementor-container elementor-column-gap-no\">\n\t\t\t\t\t<div class=\"elementor-column elementor-col-100 elementor-top-column elementor-element elementor-element-24ad9956\" data-id=\"24ad9956\" data-element_type=\"column\">\n\t\t\t<div class=\"elementor-widget-wrap elementor-element-populated\">\n\t\t\t\t\t\t<div class=\"elementor-element elementor-element-272a63f7 elementor--h-position-left elementor--v-position-middle elementor-widget elementor-widget-slides\" data-id=\"272a63f7\" data-element_type=\"widget\" data-settings=\"{&quot;navigation&quot;:&quot;none&quot;,&quot;autoplay&quot;:&quot;yes&quot;,&quot;pause_on_hover&quot;:&quot;yes&quot;,&quot;pause_on_interaction&quot;:&quot;yes&quot;,&quot;autoplay_speed&quot;:5000,&quot;infinite&quot;:&quot;yes&quot;,&quot;transition&quot;:&quot;slide&quot;,&quot;transition_speed&quot;:500}\" data-widget_type=\"slides.default\">\n\t\t\t\t<div class=\"elementor-widget-container\">\n\t\t\t\t\t\t\t\t\t<div class=\"elementor-swiper\">\n\t\t\t\t\t<div class=\"elementor-slides-wrapper elementor-main-swiper swiper\" role=\"region\" aria-roledescription=\"carousel\" aria-label=\"curseur\" dir=\"ltr\" data-animation=\"fadeInUp\">\n\t\t\t\t<div class=\"swiper-wrapper elementor-slides\">\n\t\t\t\t\t\t\t\t\t\t<div class=\"elementor-repeater-item-3e1ba6e swiper-slide\" role=\"group\" aria-roledescription=\"slide\"><div class=\"swiper-slide-bg elementor-ken-burns elementor-ken-burns--in\" role=\"img\"><\/div><div class=\"swiper-slide-inner\" ><div class=\"swiper-slide-contents\"><div class=\"elementor-slide-heading\">massage r\u00e9flexologie plantaire<\/div><div class=\"elementor-slide-description\">activer les pouvoirs d&#039;auto-gu\u00e9rison<\/div><a href=\"#elementor-action%3Aaction%3Dpopup%3Aopen%26settings%3DeyJpZCI6IjM1IiwidG9nZ2xlIjpmYWxzZX0%3D\" class=\"elementor-button elementor-slide-button elementor-size-md\">contact<\/a><\/div><\/div><\/div><div class=\"elementor-repeater-item-11679b6 swiper-slide\" role=\"group\" aria-roledescription=\"slide\"><div class=\"swiper-slide-bg elementor-ken-burns elementor-ken-burns--in\" role=\"img\"><\/div><div class=\"elementor-background-overlay\"><\/div><div class=\"swiper-slide-inner\" ><div class=\"swiper-slide-contents\"><div class=\"elementor-slide-heading\">massage r\u00e9flexologie plantaire<\/div><div class=\"elementor-slide-description\">Renforcer le bien-\u00eatre<\/div><a href=\"#elementor-action%3Aaction%3Dpopup%3Aopen%26settings%3DeyJpZCI6IjM1IiwidG9nZ2xlIjpmYWxzZX0%3D\" class=\"elementor-button elementor-slide-button elementor-size-md\">contact<\/a><\/div><\/div><\/div>\t\t\t\t<\/div>\n\t\t\t\t\t\t\t\t\t\t\t\t\t\t\t\t\t\t\t\t\t<\/div>\n\t\t\t\t<\/div>\n\t\t\t\t\t\t\t\t<\/div>\n\t\t\t\t<\/div>\n\t\t\t\t\t<\/div>\n\t\t<\/div>\n\t\t\t\t\t<\/div>\n\t\t<\/section>\n\t\t\t\t<section class=\"elementor-section elementor-top-section elementor-element elementor-element-53f712c3 elementor-section-boxed elementor-section-height-default elementor-section-height-default\" data-id=\"53f712c3\" data-element_type=\"section\" data-settings=\"{&quot;background_background&quot;:&quot;classic&quot;}\">\n\t\t\t\t\t\t\t<div class=\"elementor-background-overlay\"><\/div>\n\t\t\t\t\t\t\t<div class=\"elementor-container elementor-column-gap-default\">\n\t\t\t\t\t<div class=\"elementor-column elementor-col-100 elementor-top-column elementor-element elementor-element-12af9689\" data-id=\"12af9689\" data-element_type=\"column\">\n\t\t\t<div class=\"elementor-widget-wrap elementor-element-populated\">\n\t\t\t\t\t\t<div class=\"elementor-element elementor-element-468a84b7 elementor-widget elementor-widget-global elementor-global-332 elementor-widget-breadcrumbs\" data-id=\"468a84b7\" data-element_type=\"widget\" data-widget_type=\"breadcrumbs.default\">\n\t\t\t\t<div class=\"elementor-widget-container\">\n\t\t\t\t\t<p id=\"breadcrumbs\"><span><span><a href=\"https:\/\/www.sakura-spa.ch\/fr\/\">page d&#039;accueil<\/a><\/span><\/span><\/p>\t\t\t\t<\/div>\n\t\t\t\t<\/div>\n\t\t\t\t\t<\/div>\n\t\t<\/div>\n\t\t\t\t\t<\/div>\n\t\t<\/section>\n\t\t\t\t<section class=\"elementor-section elementor-top-section elementor-element elementor-element-06811a5 elementor-section-boxed elementor-section-height-default elementor-section-height-default\" data-id=\"06811a5\" data-element_type=\"section\">\n\t\t\t\t\t\t<div class=\"elementor-container elementor-column-gap-default\">\n\t\t\t\t\t<div class=\"elementor-column elementor-col-100 elementor-top-column elementor-element elementor-element-33e6687\" data-id=\"33e6687\" data-element_type=\"column\">\n\t\t\t<div class=\"elementor-widget-wrap elementor-element-populated\">\n\t\t\t\t\t\t<div class=\"elementor-element elementor-element-c90083c elementor-widget elementor-widget-heading\" data-id=\"c90083c\" data-element_type=\"widget\" data-widget_type=\"heading.default\">\n\t\t\t\t<div class=\"elementor-widget-container\">\n\t\t\t\t\t<h1 class=\"elementor-heading-title elementor-size-default\">massage r\u00e9flexologie plantaire<\/h1>\t\t\t\t<\/div>\n\t\t\t\t<\/div>\n\t\t\t\t\t<\/div>\n\t\t<\/div>\n\t\t\t\t\t<\/div>\n\t\t<\/section>\n\t\t\t\t<section class=\"elementor-section elementor-top-section elementor-element elementor-element-b944ed0 elementor-reverse-tablet elementor-reverse-mobile elementor-section-boxed elementor-section-height-default elementor-section-height-default\" data-id=\"b944ed0\" data-element_type=\"section\">\n\t\t\t\t\t\t<div class=\"elementor-container elementor-column-gap-default\">\n\t\t\t\t\t<div class=\"elementor-column elementor-col-50 elementor-top-column elementor-element elementor-element-8519369\" data-id=\"8519369\" data-element_type=\"column\">\n\t\t\t<div class=\"elementor-widget-wrap elementor-element-populated\">\n\t\t\t\t\t\t<div class=\"elementor-element elementor-element-71e7c42 elementor-widget elementor-widget-heading\" data-id=\"71e7c42\" data-element_type=\"widget\" data-widget_type=\"heading.default\">\n\t\t\t\t<div class=\"elementor-widget-container\">\n\t\t\t\t\t<h2 class=\"elementor-heading-title elementor-size-default\">Origine de la r\u00e9flexologie plantaire<\/h2>\t\t\t\t<\/div>\n\t\t\t\t<\/div>\n\t\t\t\t<div class=\"elementor-element elementor-element-d6461b1 elementor-widget elementor-widget-text-editor\" data-id=\"d6461b1\" data-element_type=\"widget\" data-widget_type=\"text-editor.default\">\n\t\t\t\t<div class=\"elementor-widget-container\">\n\t\t\t\t\t\t\t\t\t<p>Le m\u00e9decin am\u00e9ricain William Fitzgerald (1872\u20131942) est consid\u00e9r\u00e9 comme un pionnier de la r\u00e9flexologie moderne et a d\u00e9velopp\u00e9 un syst\u00e8me dans lequel il a divis\u00e9 le corps en 10 zones verticales. Il poss\u00e9dait une connaissance approfondie de la m\u00e9decine conventionnelle et de la m\u00e9decine populaire indienne, qui comprenait les connexions flexurales et le traitement par pression, utilis\u00e9s depuis de nombreux si\u00e8cles. Fitzgerald d\u00e9veloppe alors un syst\u00e8me : il divise le corps en dix zones verticales. Celui du Dr. Fitzgerald a d\u00e9velopp\u00e9 la \u00ab th\u00e9rapie de zone \u00bb qui est consid\u00e9r\u00e9e comme la base de la th\u00e9rapie de r\u00e9flexologie actuelle. Plus tard, ces zones longitudinales ont \u00e9t\u00e9 divis\u00e9es en trois zones transversales chacune. C\u2019est encore aujourd\u2019hui la base de la r\u00e9flexologie plantaire.<\/p>\t\t\t\t\t\t\t\t<\/div>\n\t\t\t\t<\/div>\n\t\t\t\t<div class=\"elementor-element elementor-element-f810a41 elementor-widget elementor-widget-heading\" data-id=\"f810a41\" data-element_type=\"widget\" data-widget_type=\"heading.default\">\n\t\t\t\t<div class=\"elementor-widget-container\">\n\t\t\t\t\t<h2 class=\"elementor-heading-title elementor-size-default\"> activer les pouvoirs d&#039;auto-gu\u00e9rison<\/h2>\t\t\t\t<\/div>\n\t\t\t\t<\/div>\n\t\t\t\t<div class=\"elementor-element elementor-element-fcda813 elementor-widget elementor-widget-text-editor\" data-id=\"fcda813\" data-element_type=\"widget\" data-widget_type=\"text-editor.default\">\n\t\t\t\t<div class=\"elementor-widget-container\">\n\t\t\t\t\t\t\t\t\t<p>Le massage de r\u00e9flexologie plantaire peut soulager une vari\u00e9t\u00e9 de plaintes dans tout le corps. Cela active les pouvoirs d\u2019auto-gu\u00e9rison, le massage des pieds a un effet relaxant et peut soulager les maladies.<\/p><p>La r\u00e9flexologie plantaire peut \u00eatre utile pour traiter les probl\u00e8mes suivants\u00a0:<\/p><p>stress \/ \u00e9puisement <br \/>Humeurs d\u00e9pressives \/ \u00e9puisement professionnel<br \/>troubles du sommeil \/ nervosit\u00e9<br \/>tension \/ crampes <br \/>maux de t\u00eate \/ migraines<br \/>probl\u00e8mes digestifs \/ troubles menstruels<br \/>troubles circulatoires \/ troubles du flux sanguin<br \/>rhumes \/ rhume des foins \/ allergies<br \/>douleurs articulaires \/ probl\u00e8mes de colonne vert\u00e9brale<\/p><p>Comme tout notre corps, nos pieds sont constitu\u00e9s de nombreux muscles qui peuvent devenir tendus lorsqu\u2019ils sont soumis \u00e0 une forte sollicitation. Apr\u00e8s une dure journ\u00e9e de travail et beaucoup de station debout et de marche, les muscles de nos pieds se tendent, ils pressent, font mal et se sentent fatigu\u00e9s et lourds, nous ne nous sentons plus bien et devenons irritables. Offrez \u00e0 vos pieds une petite pause au Sakura Spa de Saint-Gall. <br \/>Un massage de r\u00e9flexologie plantaire rel\u00e2che les tensions et harmonise votre syst\u00e8me nerveux apr\u00e8s une journ\u00e9e bien remplie. Il a un effet d\u00e9toxifiant et favorise la circulation sanguine, tout le corps profite d&#039;un bien-\u00eatre et d&#039;une nouvelle l\u00e9g\u00e8ret\u00e9.<\/p>\t\t\t\t\t\t\t\t<\/div>\n\t\t\t\t<\/div>\n\t\t\t\t\t<\/div>\n\t\t<\/div>\n\t\t\t\t<div class=\"elementor-column elementor-col-50 elementor-top-column elementor-element elementor-element-fe48dc9\" data-id=\"fe48dc9\" data-element_type=\"column\">\n\t\t\t<div class=\"elementor-widget-wrap elementor-element-populated\">\n\t\t\t\t\t\t<div class=\"elementor-element elementor-element-140ab15 elementor-widget__width-auto elementor-widget elementor-widget-image\" data-id=\"140ab15\" data-element_type=\"widget\" data-widget_type=\"image.default\">\n\t\t\t\t<div class=\"elementor-widget-container\">\n\t\t\t\t\t\t\t\t\t\t\t\t\t\t\t<img fetchpriority=\"high\" decoding=\"async\" width=\"800\" height=\"533\" src=\"https:\/\/www.sakura-spa.ch\/wp-content\/uploads\/fussmassage-1024x682.jpg\" class=\"attachment-large size-large wp-image-616\" alt=\"Massage ayurv\u00e9dique des pieds et des jambes\" srcset=\"https:\/\/www.sakura-spa.ch\/wp-content\/uploads\/fussmassage-1024x682.jpg 1024w, https:\/\/www.sakura-spa.ch\/wp-content\/uploads\/fussmassage-300x200.jpg 300w, https:\/\/www.sakura-spa.ch\/wp-content\/uploads\/fussmassage-768x512.jpg 768w, https:\/\/www.sakura-spa.ch\/wp-content\/uploads\/fussmassage-1536x1023.jpg 1536w, https:\/\/www.sakura-spa.ch\/wp-content\/uploads\/fussmassage.jpg 1698w\" sizes=\"(max-width: 800px) 100vw, 800px\" \/>\t\t\t\t\t\t\t\t\t\t\t\t\t\t\t<\/div>\n\t\t\t\t<\/div>\n\t\t\t\t<div class=\"elementor-element elementor-element-12c7f8c elementor-widget elementor-widget-text-editor\" data-id=\"12c7f8c\" data-element_type=\"widget\" data-widget_type=\"text-editor.default\">\n\t\t\t\t<div class=\"elementor-widget-container\">\n\t\t\t\t\t\t\t\t\t<p>La r\u00e9flexologie et la r\u00e9flexologie plantaire sont bas\u00e9es sur une image corporelle holistique dans laquelle toutes les parties du corps sont connect\u00e9es et le corps humain se refl\u00e8te dans le pied. Le pied est comme une petite carte sur laquelle on peut retrouver tout le corps et ses maux. Avec un massage de r\u00e9flexologie plantaire, les troubles physiques et mentaux du reste du corps peuvent \u00eatre soulag\u00e9s en appliquant une pression cibl\u00e9e sur des points sp\u00e9cifiques du pied. Un massage de r\u00e9flexologie plantaire est \u00e9galement une exp\u00e9rience de bien-\u00eatre relaxante au Sakura Spa \u00e0 des fins de pr\u00e9vention et pour am\u00e9liorer la sant\u00e9 et le bien-\u00eatre en g\u00e9n\u00e9ral, vous procurant une nouvelle \u00e9nergie et l\u00e9g\u00e8ret\u00e9.<\/p>\t\t\t\t\t\t\t\t<\/div>\n\t\t\t\t<\/div>\n\t\t\t\t<div class=\"elementor-element elementor-element-a3017da elementor-widget__width-auto elementor-widget elementor-widget-image\" data-id=\"a3017da\" data-element_type=\"widget\" data-widget_type=\"image.default\">\n\t\t\t\t<div class=\"elementor-widget-container\">\n\t\t\t\t\t\t\t\t\t\t\t\t\t\t\t<img decoding=\"async\" width=\"800\" height=\"534\" src=\"https:\/\/www.sakura-spa.ch\/wp-content\/uploads\/fussmassage-01-1024x683.jpg\" class=\"attachment-large size-large wp-image-5526\" alt=\"Massage de r\u00e9flexologie plantaire Sakura Spa \u00e0 Saint-Gall\" srcset=\"https:\/\/www.sakura-spa.ch\/wp-content\/uploads\/fussmassage-01-1024x683.jpg 1024w, https:\/\/www.sakura-spa.ch\/wp-content\/uploads\/fussmassage-01-300x200.jpg 300w, https:\/\/www.sakura-spa.ch\/wp-content\/uploads\/fussmassage-01-768x512.jpg 768w, https:\/\/www.sakura-spa.ch\/wp-content\/uploads\/fussmassage-01-1536x1024.jpg 1536w, https:\/\/www.sakura-spa.ch\/wp-content\/uploads\/fussmassage-01-2048x1365.jpg 2048w\" sizes=\"(max-width: 800px) 100vw, 800px\" \/>\t\t\t\t\t\t\t\t\t\t\t\t\t\t\t<\/div>\n\t\t\t\t<\/div>\n\t\t\t\t<div class=\"elementor-element elementor-element-824fbd1 elementor-align-center elementor-icon-list--layout-traditional elementor-list-item-link-full_width elementor-widget elementor-widget-global elementor-global-3396 elementor-widget-icon-list\" data-id=\"824fbd1\" data-element_type=\"widget\" data-widget_type=\"icon-list.default\">\n\t\t\t\t<div class=\"elementor-widget-container\">\n\t\t\t\t\t\t\t<ul class=\"elementor-icon-list-items\">\n\t\t\t\t\t\t\t<li class=\"elementor-icon-list-item\">\n\t\t\t\t\t\t\t\t\t\t<span class=\"elementor-icon-list-text\">40 minutes \u2013 85.- | 45 minutes \u2013 90.-<\/span>\n\t\t\t\t\t\t\t\t\t<\/li>\n\t\t\t\t\t\t\t\t<li class=\"elementor-icon-list-item\">\n\t\t\t\t\t\t\t\t\t\t<span class=\"elementor-icon-list-text\">50 min - 100.- | 60 minutes - 120.-<\/span>\n\t\t\t\t\t\t\t\t\t<\/li>\n\t\t\t\t\t\t\t\t<li class=\"elementor-icon-list-item\">\n\t\t\t\t\t\t\t\t\t\t\t<a href=\"https:\/\/shop.tac.eu.com\/Sakura\/shop\/vouchers\/category\/362\/\">\n\n\t\t\t\t\t\t\t\t\t\t\t<span class=\"elementor-icon-list-text\">Acheter un bon d&#039;achat<\/span>\n\t\t\t\t\t\t\t\t\t\t\t<\/a>\n\t\t\t\t\t\t\t\t\t<\/li>\n\t\t\t\t\t\t<\/ul>\n\t\t\t\t\t\t<\/div>\n\t\t\t\t<\/div>\n\t\t\t\t\t<\/div>\n\t\t<\/div>\n\t\t\t\t\t<\/div>\n\t\t<\/section>\n\t\t\t\t<\/div>","protected":false},"excerpt":{"rendered":"<p>FussreflexzonenmassageSelbstheilungskr\u00e4fte aktivierenKontakt aufnehmenFussreflexzonenmassageDas Wohlbefinden st\u00e4rkenKontakt aufnehmen Fussreflexzonenmassage Entstehung der Fussreflexzonenmassage Der amerikanische Arzt William Fitzgerald (1872\u20131942) gilt als Pionier der neueren Reflexzonenmassage und entwickelte ein System, in welchem er den K\u00f6rper in 10 senkrechte Zonen einteilte. Er verf\u00fcgte sowohl \u00fcber fundierte Kenntisse der Schulmedizin, als auch der indianischen Volksmedizin, in welcher eflektorische Zusammenh\u00e4nge und eine [&hellip;]<\/p>\n","protected":false},"author":1,"featured_media":2466,"parent":511,"menu_order":0,"comment_status":"closed","ping_status":"closed","template":"","meta":{"footnotes":""},"class_list":["post-1029","page","type-page","status-publish","has-post-thumbnail","hentry"],"yoast_head":"<!-- This site is optimized with the Yoast SEO plugin v25.2 - https:\/\/yoast.com\/wordpress\/plugins\/seo\/ -->\n<title>Fussreflexzonenmassage in St. Gallen - Sakura Spa<\/title>\n<meta name=\"description\" content=\"Sakura Spa Fussreflexzonenmassage\u261d in St. Gallen \u2764 weiche Sessel \u2764 Reflexzonentherapie \u27bd Jetzt Termin buchen\" \/>\n<meta name=\"robots\" content=\"index, follow, max-snippet:-1, max-image-preview:large, max-video-preview:-1\" \/>\n<link rel=\"canonical\" href=\"https:\/\/www.sakura-spa.ch\/fr\/massages\/massage-reflexologie-plantaire\/\" \/>\n<meta property=\"og:locale\" content=\"fr_FR\" \/>\n<meta property=\"og:type\" content=\"article\" \/>\n<meta property=\"og:title\" content=\"Fussreflexzonenmassage in St. Gallen - Sakura Spa\" \/>\n<meta property=\"og:description\" content=\"Sakura Spa Fussreflexzonenmassage\u261d in St. Gallen \u2764 weiche Sessel \u2764 Reflexzonentherapie \u27bd Jetzt Termin buchen\" \/>\n<meta property=\"og:url\" content=\"https:\/\/www.sakura-spa.ch\/fr\/massages\/massage-reflexologie-plantaire\/\" \/>\n<meta property=\"og:site_name\" content=\"Sakura Spa in St. Gallen\" \/>\n<meta property=\"article:modified_time\" content=\"2026-03-24T12:23:38+00:00\" \/>\n<meta property=\"og:image\" content=\"https:\/\/www.sakura-spa.ch\/wp-content\/uploads\/MASSAGE_FUSSMASSAGE_AdobeStock_220988512_neu-scaled.jpeg\" \/>\n\t<meta property=\"og:image:width\" content=\"2560\" \/>\n\t<meta property=\"og:image:height\" content=\"1700\" \/>\n\t<meta property=\"og:image:type\" content=\"image\/jpeg\" \/>\n<meta name=\"twitter:card\" content=\"summary_large_image\" \/>\n<script type=\"application\/ld+json\" class=\"yoast-schema-graph\">{\"@context\":\"https:\/\/schema.org\",\"@graph\":[{\"@type\":\"WebPage\",\"@id\":\"https:\/\/www.sakura-spa.ch\/massagen\/fussreflexzonenmassage\/\",\"url\":\"https:\/\/www.sakura-spa.ch\/massagen\/fussreflexzonenmassage\/\",\"name\":\"Fussreflexzonenmassage in St. Gallen - Sakura Spa\",\"isPartOf\":{\"@id\":\"https:\/\/www.sakura-spa.ch\/#website\"},\"primaryImageOfPage\":{\"@id\":\"https:\/\/www.sakura-spa.ch\/massagen\/fussreflexzonenmassage\/#primaryimage\"},\"image\":{\"@id\":\"https:\/\/www.sakura-spa.ch\/massagen\/fussreflexzonenmassage\/#primaryimage\"},\"thumbnailUrl\":\"https:\/\/www.sakura-spa.ch\/wp-content\/uploads\/MASSAGE_FUSSMASSAGE_AdobeStock_220988512_neu-scaled.jpeg\",\"datePublished\":\"2022-10-04T10:01:05+00:00\",\"dateModified\":\"2026-03-24T12:23:38+00:00\",\"description\":\"Sakura Spa Fussreflexzonenmassage\u261d in St. Gallen \u2764 weiche Sessel \u2764 Reflexzonentherapie \u27bd Jetzt Termin buchen\",\"breadcrumb\":{\"@id\":\"https:\/\/www.sakura-spa.ch\/massagen\/fussreflexzonenmassage\/#breadcrumb\"},\"inLanguage\":\"fr-FR\",\"potentialAction\":[{\"@type\":\"ReadAction\",\"target\":[\"https:\/\/www.sakura-spa.ch\/massagen\/fussreflexzonenmassage\/\"]}]},{\"@type\":\"ImageObject\",\"inLanguage\":\"fr-FR\",\"@id\":\"https:\/\/www.sakura-spa.ch\/massagen\/fussreflexzonenmassage\/#primaryimage\",\"url\":\"https:\/\/www.sakura-spa.ch\/wp-content\/uploads\/MASSAGE_FUSSMASSAGE_AdobeStock_220988512_neu-scaled.jpeg\",\"contentUrl\":\"https:\/\/www.sakura-spa.ch\/wp-content\/uploads\/MASSAGE_FUSSMASSAGE_AdobeStock_220988512_neu-scaled.jpeg\",\"width\":2560,\"height\":1700,\"caption\":\"Sakura Spa Fussmassage in der Footlounge in St. Gallen\"},{\"@type\":\"BreadcrumbList\",\"@id\":\"https:\/\/www.sakura-spa.ch\/massagen\/fussreflexzonenmassage\/#breadcrumb\",\"itemListElement\":[{\"@type\":\"ListItem\",\"position\":1,\"name\":\"Startseite\",\"item\":\"https:\/\/www.sakura-spa.ch\/\"},{\"@type\":\"ListItem\",\"position\":2,\"name\":\"Massagen\",\"item\":\"https:\/\/www.sakura-spa.ch\/massagen\/\"},{\"@type\":\"ListItem\",\"position\":3,\"name\":\"Fussreflexzonenmassage\"}]},{\"@type\":\"WebSite\",\"@id\":\"https:\/\/www.sakura-spa.ch\/#website\",\"url\":\"https:\/\/www.sakura-spa.ch\/\",\"name\":\"Sakura Spa in St. Gallen\",\"description\":\"Kosmetik, Wellness und Massage\",\"potentialAction\":[{\"@type\":\"SearchAction\",\"target\":{\"@type\":\"EntryPoint\",\"urlTemplate\":\"https:\/\/www.sakura-spa.ch\/?s={search_term_string}\"},\"query-input\":{\"@type\":\"PropertyValueSpecification\",\"valueRequired\":true,\"valueName\":\"search_term_string\"}}],\"inLanguage\":\"fr-FR\"}]}<\/script>\n<!-- \/ Yoast SEO plugin. -->","yoast_head_json":{"title":"Massage de r\u00e9flexologie plantaire \u00e0 Saint-Gall - Sakura Spa","description":"Massage de r\u00e9flexologie des pieds Sakura Spa\u261d \u00e0 Saint-Gall \u2764 chaises moelleuses \u2764 th\u00e9rapie de r\u00e9flexologie \u27bd Prenez rendez-vous maintenant","robots":{"index":"index","follow":"follow","max-snippet":"max-snippet:-1","max-image-preview":"max-image-preview:large","max-video-preview":"max-video-preview:-1"},"canonical":"https:\/\/www.sakura-spa.ch\/fr\/massages\/massage-reflexologie-plantaire\/","og_locale":"fr_FR","og_type":"article","og_title":"Fussreflexzonenmassage in St. Gallen - Sakura Spa","og_description":"Sakura Spa Fussreflexzonenmassage\u261d in St. Gallen \u2764 weiche Sessel \u2764 Reflexzonentherapie \u27bd Jetzt Termin buchen","og_url":"https:\/\/www.sakura-spa.ch\/fr\/massages\/massage-reflexologie-plantaire\/","og_site_name":"Sakura Spa in St. Gallen","article_modified_time":"2026-03-24T12:23:38+00:00","og_image":[{"width":2560,"height":1700,"url":"https:\/\/www.sakura-spa.ch\/wp-content\/uploads\/MASSAGE_FUSSMASSAGE_AdobeStock_220988512_neu-scaled.jpeg","type":"image\/jpeg"}],"twitter_card":"summary_large_image","schema":{"@context":"https:\/\/schema.org","@graph":[{"@type":"WebPage","@id":"https:\/\/www.sakura-spa.ch\/massagen\/fussreflexzonenmassage\/","url":"https:\/\/www.sakura-spa.ch\/massagen\/fussreflexzonenmassage\/","name":"Massage de r\u00e9flexologie plantaire \u00e0 Saint-Gall - Sakura Spa","isPartOf":{"@id":"https:\/\/www.sakura-spa.ch\/#website"},"primaryImageOfPage":{"@id":"https:\/\/www.sakura-spa.ch\/massagen\/fussreflexzonenmassage\/#primaryimage"},"image":{"@id":"https:\/\/www.sakura-spa.ch\/massagen\/fussreflexzonenmassage\/#primaryimage"},"thumbnailUrl":"https:\/\/www.sakura-spa.ch\/wp-content\/uploads\/MASSAGE_FUSSMASSAGE_AdobeStock_220988512_neu-scaled.jpeg","datePublished":"2022-10-04T10:01:05+00:00","dateModified":"2026-03-24T12:23:38+00:00","description":"Massage de r\u00e9flexologie des pieds Sakura Spa\u261d \u00e0 Saint-Gall \u2764 chaises moelleuses \u2764 th\u00e9rapie de r\u00e9flexologie \u27bd Prenez rendez-vous maintenant","breadcrumb":{"@id":"https:\/\/www.sakura-spa.ch\/massagen\/fussreflexzonenmassage\/#breadcrumb"},"inLanguage":"fr-FR","potentialAction":[{"@type":"ReadAction","target":["https:\/\/www.sakura-spa.ch\/massagen\/fussreflexzonenmassage\/"]}]},{"@type":"ImageObject","inLanguage":"fr-FR","@id":"https:\/\/www.sakura-spa.ch\/massagen\/fussreflexzonenmassage\/#primaryimage","url":"https:\/\/www.sakura-spa.ch\/wp-content\/uploads\/MASSAGE_FUSSMASSAGE_AdobeStock_220988512_neu-scaled.jpeg","contentUrl":"https:\/\/www.sakura-spa.ch\/wp-content\/uploads\/MASSAGE_FUSSMASSAGE_AdobeStock_220988512_neu-scaled.jpeg","width":2560,"height":1700,"caption":"Sakura Spa Fussmassage in der Footlounge in St. Gallen"},{"@type":"BreadcrumbList","@id":"https:\/\/www.sakura-spa.ch\/massagen\/fussreflexzonenmassage\/#breadcrumb","itemListElement":[{"@type":"ListItem","position":1,"name":"Startseite","item":"https:\/\/www.sakura-spa.ch\/"},{"@type":"ListItem","position":2,"name":"Massagen","item":"https:\/\/www.sakura-spa.ch\/massagen\/"},{"@type":"ListItem","position":3,"name":"Fussreflexzonenmassage"}]},{"@type":"WebSite","@id":"https:\/\/www.sakura-spa.ch\/#website","url":"https:\/\/www.sakura-spa.ch\/","name":"Spa Sakura \u00e0 Saint-Gall","description":"Cosm\u00e9tiques, Bien-\u00eatre et Massages","potentialAction":[{"@type":"SearchAction","target":{"@type":"EntryPoint","urlTemplate":"https:\/\/www.sakura-spa.ch\/?s={search_term_string}"},"query-input":{"@type":"PropertyValueSpecification","valueRequired":true,"valueName":"search_term_string"}}],"inLanguage":"fr-FR"}]}},"_links":{"self":[{"href":"https:\/\/www.sakura-spa.ch\/fr\/wp-json\/wp\/v2\/pages\/1029","targetHints":{"allow":["GET"]}}],"collection":[{"href":"https:\/\/www.sakura-spa.ch\/fr\/wp-json\/wp\/v2\/pages"}],"about":[{"href":"https:\/\/www.sakura-spa.ch\/fr\/wp-json\/wp\/v2\/types\/page"}],"author":[{"embeddable":true,"href":"https:\/\/www.sakura-spa.ch\/fr\/wp-json\/wp\/v2\/users\/1"}],"replies":[{"embeddable":true,"href":"https:\/\/www.sakura-spa.ch\/fr\/wp-json\/wp\/v2\/comments?post=1029"}],"version-history":[{"count":99,"href":"https:\/\/www.sakura-spa.ch\/fr\/wp-json\/wp\/v2\/pages\/1029\/revisions"}],"predecessor-version":[{"id":26024,"href":"https:\/\/www.sakura-spa.ch\/fr\/wp-json\/wp\/v2\/pages\/1029\/revisions\/26024"}],"up":[{"embeddable":true,"href":"https:\/\/www.sakura-spa.ch\/fr\/wp-json\/wp\/v2\/pages\/511"}],"wp:featuredmedia":[{"embeddable":true,"href":"https:\/\/www.sakura-spa.ch\/fr\/wp-json\/wp\/v2\/media\/2466"}],"wp:attachment":[{"href":"https:\/\/www.sakura-spa.ch\/fr\/wp-json\/wp\/v2\/media?parent=1029"}],"curies":[{"name":"wp","href":"https:\/\/api.w.org\/{rel}","templated":true}]}}