{"id":12112,"date":"2022-10-28T20:42:59","date_gmt":"2022-10-28T18:42:59","guid":{"rendered":"https:\/\/p5.seoway.de\/?page_id=12112"},"modified":"2026-04-09T20:43:47","modified_gmt":"2026-04-09T18:43:47","slug":"cils-sourcils-teinture-et-epilation","status":"publish","type":"page","link":"https:\/\/www.sakura-spa.ch\/fr\/produits-de-beaute\/cils-sourcils-teinture-et-epilation\/","title":{"rendered":"Mise en forme des cils et des sourcils au Sakura Spa de Saint-Gall"},"content":{"rendered":"<div data-elementor-type=\"wp-page\" data-elementor-id=\"12112\" class=\"elementor elementor-12112\" data-elementor-post-type=\"page\">\n\t\t\t\t\t\t<section class=\"elementor-section elementor-top-section elementor-element elementor-element-4c057f51 elementor-section-full_width elementor-section-height-default elementor-section-height-default\" data-id=\"4c057f51\" data-element_type=\"section\">\n\t\t\t\t\t\t<div class=\"elementor-container elementor-column-gap-no\">\n\t\t\t\t\t<div class=\"elementor-column elementor-col-100 elementor-top-column elementor-element elementor-element-71bbe7dd\" data-id=\"71bbe7dd\" data-element_type=\"column\">\n\t\t\t<div class=\"elementor-widget-wrap elementor-element-populated\">\n\t\t\t\t\t\t<div class=\"elementor-element elementor-element-4c5c10b6 elementor--h-position-left elementor--v-position-middle elementor-widget elementor-widget-slides\" data-id=\"4c5c10b6\" data-element_type=\"widget\" data-settings=\"{&quot;navigation&quot;:&quot;none&quot;,&quot;autoplay&quot;:&quot;yes&quot;,&quot;pause_on_hover&quot;:&quot;yes&quot;,&quot;pause_on_interaction&quot;:&quot;yes&quot;,&quot;autoplay_speed&quot;:5000,&quot;infinite&quot;:&quot;yes&quot;,&quot;transition&quot;:&quot;slide&quot;,&quot;transition_speed&quot;:500}\" data-widget_type=\"slides.default\">\n\t\t\t\t<div class=\"elementor-widget-container\">\n\t\t\t\t\t\t\t\t\t<div class=\"elementor-swiper\">\n\t\t\t\t\t<div class=\"elementor-slides-wrapper elementor-main-swiper swiper\" role=\"region\" aria-roledescription=\"carousel\" aria-label=\"curseur\" dir=\"ltr\" data-animation=\"fadeInUp\">\n\t\t\t\t<div class=\"swiper-wrapper elementor-slides\">\n\t\t\t\t\t\t\t\t\t\t<div class=\"elementor-repeater-item-11dadcb swiper-slide\" role=\"group\" aria-roledescription=\"slide\"><div class=\"swiper-slide-bg elementor-ken-burns elementor-ken-burns--in\" role=\"img\"><\/div><div class=\"elementor-background-overlay\"><\/div><div class=\"swiper-slide-inner\" ><div class=\"swiper-slide-contents\"><div class=\"elementor-slide-heading\">cils et sourcils<\/div><div class=\"elementor-slide-description\">fa\u00e7onnage et coloration<\/div><a href=\"#elementor-action%3Aaction%3Dpopup%3Aopen%26settings%3DeyJpZCI6IjM1IiwidG9nZ2xlIjpmYWxzZX0%3D\" class=\"elementor-button elementor-slide-button elementor-size-md\">contact<\/a><\/div><\/div><\/div><div class=\"elementor-repeater-item-11679b6 swiper-slide\" role=\"group\" aria-roledescription=\"slide\"><div class=\"swiper-slide-bg elementor-ken-burns elementor-ken-burns--in\" role=\"img\"><\/div><div class=\"elementor-background-overlay\"><\/div><div class=\"swiper-slide-inner\" ><div class=\"swiper-slide-contents\"><div class=\"elementor-slide-heading\">cils et sourcils<\/div><div class=\"elementor-slide-description\">\u00e9pilation, coloration, contouring<\/div><a href=\"#elementor-action%3Aaction%3Dpopup%3Aopen%26settings%3DeyJpZCI6IjM1IiwidG9nZ2xlIjpmYWxzZX0%3D\" class=\"elementor-button elementor-slide-button elementor-size-md\">contact<\/a><\/div><\/div><\/div>\t\t\t\t<\/div>\n\t\t\t\t\t\t\t\t\t\t\t\t\t\t\t\t\t\t\t\t\t<\/div>\n\t\t\t\t<\/div>\n\t\t\t\t\t\t\t\t<\/div>\n\t\t\t\t<\/div>\n\t\t\t\t\t<\/div>\n\t\t<\/div>\n\t\t\t\t\t<\/div>\n\t\t<\/section>\n\t\t\t\t<section class=\"elementor-section elementor-top-section elementor-element elementor-element-53f712c3 elementor-section-boxed elementor-section-height-default elementor-section-height-default\" data-id=\"53f712c3\" data-element_type=\"section\" data-settings=\"{&quot;background_background&quot;:&quot;classic&quot;}\">\n\t\t\t\t\t\t\t<div class=\"elementor-background-overlay\"><\/div>\n\t\t\t\t\t\t\t<div class=\"elementor-container elementor-column-gap-default\">\n\t\t\t\t\t<div class=\"elementor-column elementor-col-100 elementor-top-column elementor-element elementor-element-12af9689\" data-id=\"12af9689\" data-element_type=\"column\">\n\t\t\t<div class=\"elementor-widget-wrap elementor-element-populated\">\n\t\t\t\t\t\t<div class=\"elementor-element elementor-element-468a84b7 elementor-widget elementor-widget-global elementor-global-332 elementor-widget-breadcrumbs\" data-id=\"468a84b7\" data-element_type=\"widget\" data-widget_type=\"breadcrumbs.default\">\n\t\t\t\t<div class=\"elementor-widget-container\">\n\t\t\t\t\t<p id=\"breadcrumbs\"><span><span><a href=\"https:\/\/www.sakura-spa.ch\/fr\/\">page d&#039;accueil<\/a><\/span><\/span><\/p>\t\t\t\t<\/div>\n\t\t\t\t<\/div>\n\t\t\t\t\t<\/div>\n\t\t<\/div>\n\t\t\t\t\t<\/div>\n\t\t<\/section>\n\t\t\t\t<section class=\"elementor-section elementor-top-section elementor-element elementor-element-06811a5 elementor-section-boxed elementor-section-height-default elementor-section-height-default\" data-id=\"06811a5\" data-element_type=\"section\">\n\t\t\t\t\t\t<div class=\"elementor-container elementor-column-gap-default\">\n\t\t\t\t\t<div class=\"elementor-column elementor-col-100 elementor-top-column elementor-element elementor-element-33e6687\" data-id=\"33e6687\" data-element_type=\"column\">\n\t\t\t<div class=\"elementor-widget-wrap elementor-element-populated\">\n\t\t\t\t\t\t<div class=\"elementor-element elementor-element-c90083c elementor-widget elementor-widget-heading\" data-id=\"c90083c\" data-element_type=\"widget\" data-widget_type=\"heading.default\">\n\t\t\t\t<div class=\"elementor-widget-container\">\n\t\t\t\t\t<h1 class=\"elementor-heading-title elementor-size-default\">Mise en forme des cils et des sourcils au Sakura Spa de Saint-Gall<\/h1>\t\t\t\t<\/div>\n\t\t\t\t<\/div>\n\t\t\t\t\t<\/div>\n\t\t<\/div>\n\t\t\t\t\t<\/div>\n\t\t<\/section>\n\t\t\t\t<section class=\"elementor-section elementor-top-section elementor-element elementor-element-86c9042 elementor-section-boxed elementor-section-height-default elementor-section-height-default\" data-id=\"86c9042\" data-element_type=\"section\">\n\t\t\t\t\t\t<div class=\"elementor-container elementor-column-gap-default\">\n\t\t\t\t\t<div class=\"elementor-column elementor-col-66 elementor-top-column elementor-element elementor-element-22c33ac\" data-id=\"22c33ac\" data-element_type=\"column\">\n\t\t\t<div class=\"elementor-widget-wrap elementor-element-populated\">\n\t\t\t\t\t\t<div class=\"elementor-element elementor-element-06aae1a elementor-widget elementor-widget-heading\" data-id=\"06aae1a\" data-element_type=\"widget\" data-widget_type=\"heading.default\">\n\t\t\t\t<div class=\"elementor-widget-container\">\n\t\t\t\t\t<h2 class=\"elementor-heading-title elementor-size-default\">Des sourcils intenses magnifiquement dessin\u00e9s<\/h2>\t\t\t\t<\/div>\n\t\t\t\t<\/div>\n\t\t\t\t<div class=\"elementor-element elementor-element-12c7f8c elementor-widget elementor-widget-text-editor\" data-id=\"12c7f8c\" data-element_type=\"widget\" data-widget_type=\"text-editor.default\">\n\t\t\t\t<div class=\"elementor-widget-container\">\n\t\t\t\t\t\t\t\t\t<p>Les sourcils forment le cadre de notre visage et, lorsqu&#039;ils sont joliment form\u00e9s, color\u00e9s et accentu\u00e9s, assurent une expression faciale harmonieuse. Des sourcils fournis et charismatiques donnent un regard radieux et ouvert et donnent du contour au visage. Nos esth\u00e9ticiennes du Spa Sakura fa\u00e7onneront vos sourcils selon votre type \u00e0 l&#039;aide de cire chaude et\/ou de pinces \u00e0 \u00e9piler ! Ils pr\u00eatent attention aux contours naturels de votre visage, prennent en compte vos souhaits et vous conseillent sur la forme et la couleur qui vous flattent le plus.<\/p>\t\t\t\t\t\t\t\t<\/div>\n\t\t\t\t<\/div>\n\t\t\t\t<div class=\"elementor-element elementor-element-0664c60 elementor-widget elementor-widget-heading\" data-id=\"0664c60\" data-element_type=\"widget\" data-widget_type=\"heading.default\">\n\t\t\t\t<div class=\"elementor-widget-container\">\n\t\t\t\t\t<h2 class=\"elementor-heading-title elementor-size-default\">Mascara ad\u00e9 \u2013 des cils fonc\u00e9s pour un regard enchanteur<\/h2>\t\t\t\t<\/div>\n\t\t\t\t<\/div>\n\t\t\t\t<div class=\"elementor-element elementor-element-07f1268 elementor-widget elementor-widget-text-editor\" data-id=\"07f1268\" data-element_type=\"widget\" data-widget_type=\"text-editor.default\">\n\t\t\t\t<div class=\"elementor-widget-container\">\n\t\t\t\t\t\t\t\t\t<p>Si vous souhaitez profiter du luxe d&#039;un regard parfait sans avoir \u00e0 passer par le rituel quotidien de l&#039;application du mascara, vous \u00eates au bon endroit avec une teinture professionnelle de vos cils. Avec un sens aigu des exigences esth\u00e9tiques, nous cr\u00e9ons pour vous des cils sombres et sensuels \u00e0 l&#039;aide de produits de premi\u00e8re qualit\u00e9. La teinture des cils est une mani\u00e8re douce d&#039;ajouter de la couleur \u00e0 vos cils, et vous pouvez aller nager ou marcher sous la pluie sans que la couleur ne coule. Les cils particuli\u00e8rement clairs m\u00e9ritent d&#039;\u00eatre teints. De beaux yeux sont souvent la cl\u00e9 du bonheur personnel et professionnel, car notre personnalit\u00e9 transpara\u00eet \u00e0 travers nos yeux et un beau style offre le cadre parfait.<\/p>\t\t\t\t\t\t\t\t<\/div>\n\t\t\t\t<\/div>\n\t\t\t\t<div class=\"elementor-element elementor-element-71e7c42 elementor-widget elementor-widget-heading\" data-id=\"71e7c42\" data-element_type=\"widget\" data-widget_type=\"heading.default\">\n\t\t\t\t<div class=\"elementor-widget-container\">\n\t\t\t\t\t<h2 class=\"elementor-heading-title elementor-size-default\">liste de prix<\/h2>\t\t\t\t<\/div>\n\t\t\t\t<\/div>\n\t\t\t\t<div class=\"elementor-element elementor-element-6a837ca elementor-widget elementor-widget-shortcode\" data-id=\"6a837ca\" data-element_type=\"widget\" data-widget_type=\"shortcode.default\">\n\t\t\t\t<div class=\"elementor-widget-container\">\n\t\t\t\t\t\t\t<div class=\"elementor-shortcode\">\n<table id=\"tablepress-5\" class=\"tablepress tablepress-id-5\">\n<tbody>\n<tr class=\"row-1\">\n\t<td class=\"column-1\">Teinture des sourcils sans correction<\/td><td class=\"column-2\">33.00<\/td><td class=\"column-3\">Lors d&#039;un soin du visage (60 min ou plus) : 29,00<\/td>\n<\/tr>\n<tr class=\"row-2\">\n\t<td class=\"column-1\">correction des sourcils (\u00e9pilation \u00e0 la cire ou \u00e0 la pince)<\/td><td class=\"column-2\">36.00<\/td><td class=\"column-3\">pendant le soin du visage \u00e0 partir de 60 min inclus<\/td>\n<\/tr>\n<tr class=\"row-3\">\n\t<td class=\"column-1\">Correction des sourcils et teinture des sourcils et des cils<\/td><td class=\"column-2\">69.00<\/td><td class=\"column-3\"><\/td>\n<\/tr>\n<tr class=\"row-4\">\n\t<td class=\"column-1\">correction des sourcils et teinture des sourcils<\/td><td class=\"column-2\">38.00<\/td><td class=\"column-3\"><\/td>\n<\/tr>\n<tr class=\"row-5\">\n\t<td class=\"column-1\">teinture des cils<\/td><td class=\"column-2\">35.00<\/td><td class=\"column-3\"><\/td>\n<\/tr>\n<tr class=\"row-6\">\n\t<td class=\"column-1\">teinture des cils et des sourcils<\/td><td class=\"column-2\">59.00<\/td><td class=\"column-3\">Soins du visage (60 min et plus) : 49,00 \u20ac<\/td>\n<\/tr>\n<tr class=\"row-7\">\n\t<td class=\"column-1\">Correction des sourcils sans teinture et teinture des cils<\/td><td class=\"column-2\">60.00<\/td><td class=\"column-3\"><\/td>\n<\/tr>\n<\/tbody>\n<\/table>\n<!-- #tablepress-5 from cache --><\/div>\n\t\t\t\t\t\t<\/div>\n\t\t\t\t<\/div>\n\t\t\t\t\t<\/div>\n\t\t<\/div>\n\t\t\t\t<div class=\"elementor-column elementor-col-33 elementor-top-column elementor-element elementor-element-2e36b8e\" data-id=\"2e36b8e\" data-element_type=\"column\">\n\t\t\t<div class=\"elementor-widget-wrap elementor-element-populated\">\n\t\t\t\t\t\t<div class=\"elementor-element elementor-element-34fd8bb elementor-widget__width-initial elementor-widget elementor-widget-image\" data-id=\"34fd8bb\" data-element_type=\"widget\" data-widget_type=\"image.default\">\n\t\t\t\t<div class=\"elementor-widget-container\">\n\t\t\t\t\t\t\t\t\t\t\t\t\t\t\t<img fetchpriority=\"high\" decoding=\"async\" width=\"800\" height=\"534\" src=\"https:\/\/www.sakura-spa.ch\/wp-content\/uploads\/BROWS-LASHES_iStock-1176848771_neu-1024x683.jpg\" class=\"attachment-large size-large wp-image-9894\" alt=\"Lifting des sourcils au Sakura Spa \u00e0 Saint-Gall\" srcset=\"https:\/\/www.sakura-spa.ch\/wp-content\/uploads\/BROWS-LASHES_iStock-1176848771_neu-1024x683.jpg 1024w, https:\/\/www.sakura-spa.ch\/wp-content\/uploads\/BROWS-LASHES_iStock-1176848771_neu-300x200.jpg 300w, https:\/\/www.sakura-spa.ch\/wp-content\/uploads\/BROWS-LASHES_iStock-1176848771_neu-768x512.jpg 768w, https:\/\/www.sakura-spa.ch\/wp-content\/uploads\/BROWS-LASHES_iStock-1176848771_neu-1536x1024.jpg 1536w, https:\/\/www.sakura-spa.ch\/wp-content\/uploads\/BROWS-LASHES_iStock-1176848771_neu-2048x1365.jpg 2048w\" sizes=\"(max-width: 800px) 100vw, 800px\" \/>\t\t\t\t\t\t\t\t\t\t\t\t\t\t\t<\/div>\n\t\t\t\t<\/div>\n\t\t\t\t<div class=\"elementor-element elementor-element-b239417 elementor-widget elementor-widget-spacer\" data-id=\"b239417\" data-element_type=\"widget\" data-widget_type=\"spacer.default\">\n\t\t\t\t<div class=\"elementor-widget-container\">\n\t\t\t\t\t\t\t<div class=\"elementor-spacer\">\n\t\t\t<div class=\"elementor-spacer-inner\"><\/div>\n\t\t<\/div>\n\t\t\t\t\t\t<\/div>\n\t\t\t\t<\/div>\n\t\t\t\t<div class=\"elementor-element elementor-element-6b724d7 elementor-widget__width-initial elementor-widget elementor-widget-image\" data-id=\"6b724d7\" data-element_type=\"widget\" data-widget_type=\"image.default\">\n\t\t\t\t<div class=\"elementor-widget-container\">\n\t\t\t\t\t\t\t\t\t\t\t\t\t\t\t<img decoding=\"async\" width=\"800\" height=\"534\" src=\"https:\/\/www.sakura-spa.ch\/wp-content\/uploads\/BROW-LAMINATION-iStock-1337493201-1-1024x683.jpg\" class=\"attachment-large size-large wp-image-9911\" alt=\"\" srcset=\"https:\/\/www.sakura-spa.ch\/wp-content\/uploads\/BROW-LAMINATION-iStock-1337493201-1-1024x683.jpg 1024w, https:\/\/www.sakura-spa.ch\/wp-content\/uploads\/BROW-LAMINATION-iStock-1337493201-1-300x200.jpg 300w, https:\/\/www.sakura-spa.ch\/wp-content\/uploads\/BROW-LAMINATION-iStock-1337493201-1-768x512.jpg 768w, https:\/\/www.sakura-spa.ch\/wp-content\/uploads\/BROW-LAMINATION-iStock-1337493201-1-1536x1024.jpg 1536w, https:\/\/www.sakura-spa.ch\/wp-content\/uploads\/BROW-LAMINATION-iStock-1337493201-1-2048x1365.jpg 2048w\" sizes=\"(max-width: 800px) 100vw, 800px\" \/>\t\t\t\t\t\t\t\t\t\t\t\t\t\t\t<\/div>\n\t\t\t\t<\/div>\n\t\t\t\t\t<\/div>\n\t\t<\/div>\n\t\t\t\t\t<\/div>\n\t\t<\/section>\n\t\t\t\t<\/div>","protected":false},"excerpt":{"rendered":"<p>Wimpern und AugenbrauenFormen und F\u00e4rbenKontakt aufnehmenWimpern und AugenbrauenZupfen, f\u00e4rben, konturierenKontakt aufnehmen Wimpern &amp; Brauen Styling im Sakura Spa St. Gallen Sch\u00f6n geformte intensive Augenbrauen Augenbrauen bilden den Rahmen unseres Gesichtes und sorgen, wenn sie sch\u00f6n geformt, gef\u00e4rbt und betont sind, f\u00fcr einen harmonischen Gesichtsausdruck. Voll wirkende charismatische Augenbrauen schenken einen strahlenden, offenen Blick und geben [&hellip;]<\/p>\n","protected":false},"author":1,"featured_media":14298,"parent":5391,"menu_order":0,"comment_status":"closed","ping_status":"closed","template":"","meta":{"footnotes":""},"class_list":["post-12112","page","type-page","status-publish","has-post-thumbnail","hentry"],"yoast_head":"<!-- This site is optimized with the Yoast SEO plugin v25.2 - https:\/\/yoast.com\/wordpress\/plugins\/seo\/ -->\n<title>Wimpern &amp; Brauen Styling St. Gallen | Sakura Spa<\/title>\n<meta name=\"description\" content=\"Ausdrucksstarke Augen durch pr\u00e4zise Formkorrektur. \ud83c\udf0a F\u00e4rben &amp; Styling f\u00fcr Ihre Brauen im Sakura Spa. \ud83c\udf38 Jetzt Termin vereinbaren! \u2728\" \/>\n<meta name=\"robots\" content=\"index, follow, max-snippet:-1, max-image-preview:large, max-video-preview:-1\" \/>\n<link rel=\"canonical\" href=\"https:\/\/www.sakura-spa.ch\/fr\/produits-de-beaute\/cils-sourcils-teinture-et-epilation\/\" \/>\n<meta property=\"og:locale\" content=\"fr_FR\" \/>\n<meta property=\"og:type\" content=\"article\" \/>\n<meta property=\"og:title\" content=\"Wimpern &amp; Brauen Styling St. Gallen | Sakura Spa\" \/>\n<meta property=\"og:description\" content=\"Ausdrucksstarke Augen durch pr\u00e4zise Formkorrektur. \ud83c\udf0a F\u00e4rben &amp; Styling f\u00fcr Ihre Brauen im Sakura Spa. \ud83c\udf38 Jetzt Termin vereinbaren! \u2728\" \/>\n<meta property=\"og:url\" content=\"https:\/\/www.sakura-spa.ch\/fr\/produits-de-beaute\/cils-sourcils-teinture-et-epilation\/\" \/>\n<meta property=\"og:site_name\" content=\"Sakura Spa in St. Gallen\" \/>\n<meta property=\"article:modified_time\" content=\"2026-04-09T18:43:47+00:00\" \/>\n<meta property=\"og:image\" content=\"https:\/\/www.sakura-spa.ch\/wp-content\/uploads\/LASHES.png\" \/>\n\t<meta property=\"og:image:width\" content=\"540\" \/>\n\t<meta property=\"og:image:height\" content=\"294\" \/>\n\t<meta property=\"og:image:type\" content=\"image\/png\" \/>\n<meta name=\"twitter:card\" content=\"summary_large_image\" \/>\n<script type=\"application\/ld+json\" class=\"yoast-schema-graph\">{\"@context\":\"https:\/\/schema.org\",\"@graph\":[{\"@type\":\"WebPage\",\"@id\":\"https:\/\/www.sakura-spa.ch\/kosmetik\/wimpern-brauen-faerben-und-zupfen\/\",\"url\":\"https:\/\/www.sakura-spa.ch\/kosmetik\/wimpern-brauen-faerben-und-zupfen\/\",\"name\":\"Wimpern & Brauen Styling St. Gallen | Sakura Spa\",\"isPartOf\":{\"@id\":\"https:\/\/www.sakura-spa.ch\/#website\"},\"primaryImageOfPage\":{\"@id\":\"https:\/\/www.sakura-spa.ch\/kosmetik\/wimpern-brauen-faerben-und-zupfen\/#primaryimage\"},\"image\":{\"@id\":\"https:\/\/www.sakura-spa.ch\/kosmetik\/wimpern-brauen-faerben-und-zupfen\/#primaryimage\"},\"thumbnailUrl\":\"https:\/\/www.sakura-spa.ch\/wp-content\/uploads\/LASHES.png\",\"datePublished\":\"2022-10-28T18:42:59+00:00\",\"dateModified\":\"2026-04-09T18:43:47+00:00\",\"description\":\"Ausdrucksstarke Augen durch pr\u00e4zise Formkorrektur. \ud83c\udf0a F\u00e4rben & Styling f\u00fcr Ihre Brauen im Sakura Spa. \ud83c\udf38 Jetzt Termin vereinbaren! \u2728\",\"breadcrumb\":{\"@id\":\"https:\/\/www.sakura-spa.ch\/kosmetik\/wimpern-brauen-faerben-und-zupfen\/#breadcrumb\"},\"inLanguage\":\"fr-FR\",\"potentialAction\":[{\"@type\":\"ReadAction\",\"target\":[\"https:\/\/www.sakura-spa.ch\/kosmetik\/wimpern-brauen-faerben-und-zupfen\/\"]}]},{\"@type\":\"ImageObject\",\"inLanguage\":\"fr-FR\",\"@id\":\"https:\/\/www.sakura-spa.ch\/kosmetik\/wimpern-brauen-faerben-und-zupfen\/#primaryimage\",\"url\":\"https:\/\/www.sakura-spa.ch\/wp-content\/uploads\/LASHES.png\",\"contentUrl\":\"https:\/\/www.sakura-spa.ch\/wp-content\/uploads\/LASHES.png\",\"width\":540,\"height\":294,\"caption\":\"Wimpern und Augenbrauen zupfen und f\u00e4rben in St. Gallen\"},{\"@type\":\"BreadcrumbList\",\"@id\":\"https:\/\/www.sakura-spa.ch\/kosmetik\/wimpern-brauen-faerben-und-zupfen\/#breadcrumb\",\"itemListElement\":[{\"@type\":\"ListItem\",\"position\":1,\"name\":\"Startseite\",\"item\":\"https:\/\/www.sakura-spa.ch\/\"},{\"@type\":\"ListItem\",\"position\":2,\"name\":\"Kosmetik\",\"item\":\"https:\/\/www.sakura-spa.ch\/kosmetik\/\"},{\"@type\":\"ListItem\",\"position\":3,\"name\":\"Wimpern &amp; Brauen Styling im Sakura Spa St. Gallen\"}]},{\"@type\":\"WebSite\",\"@id\":\"https:\/\/www.sakura-spa.ch\/#website\",\"url\":\"https:\/\/www.sakura-spa.ch\/\",\"name\":\"Sakura Spa in St. Gallen\",\"description\":\"Kosmetik, Wellness und Massage\",\"potentialAction\":[{\"@type\":\"SearchAction\",\"target\":{\"@type\":\"EntryPoint\",\"urlTemplate\":\"https:\/\/www.sakura-spa.ch\/?s={search_term_string}\"},\"query-input\":{\"@type\":\"PropertyValueSpecification\",\"valueRequired\":true,\"valueName\":\"search_term_string\"}}],\"inLanguage\":\"fr-FR\"}]}<\/script>\n<!-- \/ Yoast SEO plugin. -->","yoast_head_json":{"title":"Mise en forme des cils et des sourcils \u00e0 Saint-Gall | Sakura Spa","description":"Un regard expressif gr\u00e2ce \u00e0 une correction pr\u00e9cise de la forme. \ud83c\udf0a Teinture et mise en forme des sourcils chez Sakura Spa. \ud83c\udf38 Prenez rendez-vous d\u00e8s maintenant\u00a0! \u2728","robots":{"index":"index","follow":"follow","max-snippet":"max-snippet:-1","max-image-preview":"max-image-preview:large","max-video-preview":"max-video-preview:-1"},"canonical":"https:\/\/www.sakura-spa.ch\/fr\/produits-de-beaute\/cils-sourcils-teinture-et-epilation\/","og_locale":"fr_FR","og_type":"article","og_title":"Wimpern & Brauen Styling St. Gallen | Sakura Spa","og_description":"Ausdrucksstarke Augen durch pr\u00e4zise Formkorrektur. \ud83c\udf0a F\u00e4rben & Styling f\u00fcr Ihre Brauen im Sakura Spa. \ud83c\udf38 Jetzt Termin vereinbaren! \u2728","og_url":"https:\/\/www.sakura-spa.ch\/fr\/produits-de-beaute\/cils-sourcils-teinture-et-epilation\/","og_site_name":"Sakura Spa in St. Gallen","article_modified_time":"2026-04-09T18:43:47+00:00","og_image":[{"width":540,"height":294,"url":"https:\/\/www.sakura-spa.ch\/wp-content\/uploads\/LASHES.png","type":"image\/png"}],"twitter_card":"summary_large_image","schema":{"@context":"https:\/\/schema.org","@graph":[{"@type":"WebPage","@id":"https:\/\/www.sakura-spa.ch\/kosmetik\/wimpern-brauen-faerben-und-zupfen\/","url":"https:\/\/www.sakura-spa.ch\/kosmetik\/wimpern-brauen-faerben-und-zupfen\/","name":"Mise en forme des cils et des sourcils \u00e0 Saint-Gall | Sakura Spa","isPartOf":{"@id":"https:\/\/www.sakura-spa.ch\/#website"},"primaryImageOfPage":{"@id":"https:\/\/www.sakura-spa.ch\/kosmetik\/wimpern-brauen-faerben-und-zupfen\/#primaryimage"},"image":{"@id":"https:\/\/www.sakura-spa.ch\/kosmetik\/wimpern-brauen-faerben-und-zupfen\/#primaryimage"},"thumbnailUrl":"https:\/\/www.sakura-spa.ch\/wp-content\/uploads\/LASHES.png","datePublished":"2022-10-28T18:42:59+00:00","dateModified":"2026-04-09T18:43:47+00:00","description":"Un regard expressif gr\u00e2ce \u00e0 une correction pr\u00e9cise de la forme. \ud83c\udf0a Teinture et mise en forme des sourcils chez Sakura Spa. \ud83c\udf38 Prenez rendez-vous d\u00e8s maintenant\u00a0! \u2728","breadcrumb":{"@id":"https:\/\/www.sakura-spa.ch\/kosmetik\/wimpern-brauen-faerben-und-zupfen\/#breadcrumb"},"inLanguage":"fr-FR","potentialAction":[{"@type":"ReadAction","target":["https:\/\/www.sakura-spa.ch\/kosmetik\/wimpern-brauen-faerben-und-zupfen\/"]}]},{"@type":"ImageObject","inLanguage":"fr-FR","@id":"https:\/\/www.sakura-spa.ch\/kosmetik\/wimpern-brauen-faerben-und-zupfen\/#primaryimage","url":"https:\/\/www.sakura-spa.ch\/wp-content\/uploads\/LASHES.png","contentUrl":"https:\/\/www.sakura-spa.ch\/wp-content\/uploads\/LASHES.png","width":540,"height":294,"caption":"Wimpern und Augenbrauen zupfen und f\u00e4rben in St. Gallen"},{"@type":"BreadcrumbList","@id":"https:\/\/www.sakura-spa.ch\/kosmetik\/wimpern-brauen-faerben-und-zupfen\/#breadcrumb","itemListElement":[{"@type":"ListItem","position":1,"name":"Startseite","item":"https:\/\/www.sakura-spa.ch\/"},{"@type":"ListItem","position":2,"name":"Kosmetik","item":"https:\/\/www.sakura-spa.ch\/kosmetik\/"},{"@type":"ListItem","position":3,"name":"Wimpern &amp; Brauen Styling im Sakura Spa St. Gallen"}]},{"@type":"WebSite","@id":"https:\/\/www.sakura-spa.ch\/#website","url":"https:\/\/www.sakura-spa.ch\/","name":"Spa Sakura \u00e0 Saint-Gall","description":"Cosm\u00e9tiques, Bien-\u00eatre et Massages","potentialAction":[{"@type":"SearchAction","target":{"@type":"EntryPoint","urlTemplate":"https:\/\/www.sakura-spa.ch\/?s={search_term_string}"},"query-input":{"@type":"PropertyValueSpecification","valueRequired":true,"valueName":"search_term_string"}}],"inLanguage":"fr-FR"}]}},"_links":{"self":[{"href":"https:\/\/www.sakura-spa.ch\/fr\/wp-json\/wp\/v2\/pages\/12112","targetHints":{"allow":["GET"]}}],"collection":[{"href":"https:\/\/www.sakura-spa.ch\/fr\/wp-json\/wp\/v2\/pages"}],"about":[{"href":"https:\/\/www.sakura-spa.ch\/fr\/wp-json\/wp\/v2\/types\/page"}],"author":[{"embeddable":true,"href":"https:\/\/www.sakura-spa.ch\/fr\/wp-json\/wp\/v2\/users\/1"}],"replies":[{"embeddable":true,"href":"https:\/\/www.sakura-spa.ch\/fr\/wp-json\/wp\/v2\/comments?post=12112"}],"version-history":[{"count":72,"href":"https:\/\/www.sakura-spa.ch\/fr\/wp-json\/wp\/v2\/pages\/12112\/revisions"}],"predecessor-version":[{"id":26770,"href":"https:\/\/www.sakura-spa.ch\/fr\/wp-json\/wp\/v2\/pages\/12112\/revisions\/26770"}],"up":[{"embeddable":true,"href":"https:\/\/www.sakura-spa.ch\/fr\/wp-json\/wp\/v2\/pages\/5391"}],"wp:featuredmedia":[{"embeddable":true,"href":"https:\/\/www.sakura-spa.ch\/fr\/wp-json\/wp\/v2\/media\/14298"}],"wp:attachment":[{"href":"https:\/\/www.sakura-spa.ch\/fr\/wp-json\/wp\/v2\/media?parent=12112"}],"curies":[{"name":"wp","href":"https:\/\/api.w.org\/{rel}","templated":true}]}}