{"id":1214,"date":"2022-10-04T12:03:15","date_gmt":"2022-10-04T10:03:15","guid":{"rendered":"https:\/\/p5.seoway.de\/?page_id=1214"},"modified":"2025-04-07T13:19:10","modified_gmt":"2025-04-07T11:19:10","slug":"pause-bain-de-pieds-bien-etre","status":"publish","type":"page","link":"https:\/\/www.sakura-spa.ch\/fr\/massages\/pause-bain-de-pieds-bien-etre\/","title":{"rendered":"Pause Bain de Pieds Bien-\u00catre"},"content":{"rendered":"<div data-elementor-type=\"wp-page\" data-elementor-id=\"1214\" class=\"elementor elementor-1214\" data-elementor-post-type=\"page\">\n\t\t\t\t\t\t<section class=\"elementor-section elementor-top-section elementor-element elementor-element-e9c979d elementor-section-full_width elementor-section-height-default elementor-section-height-default\" data-id=\"e9c979d\" data-element_type=\"section\">\n\t\t\t\t\t\t<div class=\"elementor-container elementor-column-gap-no\">\n\t\t\t\t\t<div class=\"elementor-column elementor-col-100 elementor-top-column elementor-element elementor-element-13ec99c3\" data-id=\"13ec99c3\" data-element_type=\"column\">\n\t\t\t<div class=\"elementor-widget-wrap elementor-element-populated\">\n\t\t\t\t\t\t<div class=\"elementor-element elementor-element-15d51c05 elementor--h-position-left elementor--v-position-middle elementor-widget elementor-widget-slides\" data-id=\"15d51c05\" data-element_type=\"widget\" data-settings=\"{&quot;navigation&quot;:&quot;none&quot;,&quot;autoplay&quot;:&quot;yes&quot;,&quot;pause_on_hover&quot;:&quot;yes&quot;,&quot;pause_on_interaction&quot;:&quot;yes&quot;,&quot;autoplay_speed&quot;:5000,&quot;infinite&quot;:&quot;yes&quot;,&quot;transition&quot;:&quot;slide&quot;,&quot;transition_speed&quot;:500}\" data-widget_type=\"slides.default\">\n\t\t\t\t<div class=\"elementor-widget-container\">\n\t\t\t\t\t\t\t\t\t<div class=\"elementor-swiper\">\n\t\t\t\t\t<div class=\"elementor-slides-wrapper elementor-main-swiper swiper\" role=\"region\" aria-roledescription=\"carousel\" aria-label=\"diapositives\" dir=\"ltr\" data-animation=\"fadeInUp\">\n\t\t\t\t<div class=\"swiper-wrapper elementor-slides\">\n\t\t\t\t\t\t\t\t\t\t<div class=\"elementor-repeater-item-3e1ba6e swiper-slide\" role=\"group\" aria-roledescription=\"slide\"><div class=\"swiper-slide-bg elementor-ken-burns elementor-ken-burns--in\" role=\"img\"><\/div><div class=\"swiper-slide-inner\" ><div class=\"swiper-slide-contents\"><div class=\"elementor-slide-heading\">pause bain de pieds<\/div><div class=\"elementor-slide-description\">Asseyez-vous, rencontrez-vous, faites une pause<\/div><a href=\"#elementor-action%3Aaction%3Dpopup%3Aopen%26settings%3DeyJpZCI6IjM1IiwidG9nZ2xlIjpmYWxzZX0%3D\" class=\"elementor-button elementor-slide-button elementor-size-md\">contact<\/a><\/div><\/div><\/div><div class=\"elementor-repeater-item-11679b6 swiper-slide\" role=\"group\" aria-roledescription=\"slide\"><div class=\"swiper-slide-bg elementor-ken-burns elementor-ken-burns--in\" role=\"img\"><\/div><div class=\"swiper-slide-inner\" ><div class=\"swiper-slide-contents\"><div class=\"elementor-slide-heading\">pause bain de pieds<\/div><div class=\"elementor-slide-description\">bain de pieds aux p\u00e9tales de rose, prosecco, peeling, massage<\/div><a href=\"#elementor-action%3Aaction%3Dpopup%3Aopen%26settings%3DeyJpZCI6IjM1IiwidG9nZ2xlIjpmYWxzZX0%3D\" class=\"elementor-button elementor-slide-button elementor-size-md\">contact<\/a><\/div><\/div><\/div>\t\t\t\t<\/div>\n\t\t\t\t\t\t\t\t\t\t\t\t\t\t\t\t\t\t\t\t\t<\/div>\n\t\t\t\t<\/div>\n\t\t\t\t\t\t\t\t<\/div>\n\t\t\t\t<\/div>\n\t\t\t\t\t<\/div>\n\t\t<\/div>\n\t\t\t\t\t<\/div>\n\t\t<\/section>\n\t\t\t\t<section class=\"elementor-section elementor-top-section elementor-element elementor-element-53f712c3 elementor-section-boxed elementor-section-height-default elementor-section-height-default\" data-id=\"53f712c3\" data-element_type=\"section\" data-settings=\"{&quot;background_background&quot;:&quot;classic&quot;}\">\n\t\t\t\t\t\t\t<div class=\"elementor-background-overlay\"><\/div>\n\t\t\t\t\t\t\t<div class=\"elementor-container elementor-column-gap-default\">\n\t\t\t\t\t<div class=\"elementor-column elementor-col-100 elementor-top-column elementor-element elementor-element-12af9689\" data-id=\"12af9689\" data-element_type=\"column\">\n\t\t\t<div class=\"elementor-widget-wrap elementor-element-populated\">\n\t\t\t\t\t\t<div class=\"elementor-element elementor-element-468a84b7 elementor-widget elementor-widget-global elementor-global-332 elementor-widget-breadcrumbs\" data-id=\"468a84b7\" data-element_type=\"widget\" data-widget_type=\"breadcrumbs.default\">\n\t\t\t\t<div class=\"elementor-widget-container\">\n\t\t\t\t\t<p id=\"breadcrumbs\"><span><span><a href=\"https:\/\/www.sakura-spa.ch\/fr\/\">page d&#039;accueil<\/a><\/span><\/span><\/p>\t\t\t\t<\/div>\n\t\t\t\t<\/div>\n\t\t\t\t\t<\/div>\n\t\t<\/div>\n\t\t\t\t\t<\/div>\n\t\t<\/section>\n\t\t\t\t<section class=\"elementor-section elementor-top-section elementor-element elementor-element-06811a5 elementor-section-boxed elementor-section-height-default elementor-section-height-default\" data-id=\"06811a5\" data-element_type=\"section\">\n\t\t\t\t\t\t<div class=\"elementor-container elementor-column-gap-default\">\n\t\t\t\t\t<div class=\"elementor-column elementor-col-100 elementor-top-column elementor-element elementor-element-33e6687\" data-id=\"33e6687\" data-element_type=\"column\">\n\t\t\t<div class=\"elementor-widget-wrap elementor-element-populated\">\n\t\t\t\t\t\t<div class=\"elementor-element elementor-element-c90083c elementor-widget elementor-widget-heading\" data-id=\"c90083c\" data-element_type=\"widget\" data-widget_type=\"heading.default\">\n\t\t\t\t<div class=\"elementor-widget-container\">\n\t\t\t\t\t<h1 class=\"elementor-heading-title elementor-size-default\">pause bain de pieds<\/h1>\t\t\t\t<\/div>\n\t\t\t\t<\/div>\n\t\t\t\t\t<\/div>\n\t\t<\/div>\n\t\t\t\t\t<\/div>\n\t\t<\/section>\n\t\t\t\t<section class=\"elementor-section elementor-top-section elementor-element elementor-element-b944ed0 elementor-reverse-tablet elementor-reverse-mobile elementor-section-boxed elementor-section-height-default elementor-section-height-default\" data-id=\"b944ed0\" data-element_type=\"section\">\n\t\t\t\t\t\t<div class=\"elementor-container elementor-column-gap-default\">\n\t\t\t\t\t<div class=\"elementor-column elementor-col-50 elementor-top-column elementor-element elementor-element-8519369\" data-id=\"8519369\" data-element_type=\"column\">\n\t\t\t<div class=\"elementor-widget-wrap elementor-element-populated\">\n\t\t\t\t\t\t<div class=\"elementor-element elementor-element-12c7f8c elementor-widget elementor-widget-text-editor\" data-id=\"12c7f8c\" data-element_type=\"widget\" data-widget_type=\"text-editor.default\">\n\t\t\t\t<div class=\"elementor-widget-container\">\n\t\t\t\t\t\t\t\t\t<p>Installez-vous dans nos fauteuils moelleux et laissez-nous vous chouchouter avec un bain de pieds aux p\u00e9tales de rose, un verre de Prosecco, un gommage des pieds au sucre brun et un massage des pieds qui permet \u00e0 une nouvelle \u00e9nergie de circuler dans votre corps et vous donne une nouvelle force pour le retour \u00e0 la vie quotidienne. Nous accordons \u00e0 vos pieds l\u2019attention suppl\u00e9mentaire qu\u2019ils m\u00e9ritent. Nous passons environ la moiti\u00e9 de notre vie debout et faisons plusieurs milliers de pas chaque jour. Nos pieds nous portent partout et nous pouvons toujours compter sur eux. La plupart du temps, nous enveloppons nos pieds dans des chaussettes et des chaussures et ils sont tr\u00e8s heureux lorsqu&#039;ils re\u00e7oivent de temps en temps une attention affectueuse avec un massage relaxant des pieds bien m\u00e9rit\u00e9.<\/p>\t\t\t\t\t\t\t\t<\/div>\n\t\t\t\t<\/div>\n\t\t\t\t<div class=\"elementor-element elementor-element-0becbcf elementor-widget elementor-widget-heading\" data-id=\"0becbcf\" data-element_type=\"widget\" data-widget_type=\"heading.default\">\n\t\t\t\t<div class=\"elementor-widget-container\">\n\t\t\t\t\t<h2 class=\"elementor-heading-title elementor-size-default\">Bien-\u00eatre pour des pieds d\u00e9tendus<\/h2>\t\t\t\t<\/div>\n\t\t\t\t<\/div>\n\t\t\t\t<div class=\"elementor-element elementor-element-d6461b1 elementor-widget elementor-widget-text-editor\" data-id=\"d6461b1\" data-element_type=\"widget\" data-widget_type=\"text-editor.default\">\n\t\t\t\t<div class=\"elementor-widget-container\">\n\t\t\t\t\t\t\t\t\t<p>Comme tout notre corps, nos pieds sont constitu\u00e9s de nombreux muscles qui peuvent devenir tendus lorsqu\u2019ils sont soumis \u00e0 une forte sollicitation. Apr\u00e8s une dure journ\u00e9e de travail et beaucoup de station debout et de marche, les muscles de nos pieds se tendent, ils pressent, font mal et se sentent fatigu\u00e9s et lourds, nous ne nous sentons plus bien et devenons irritables. Offrez une petite pause \u00e0 vos pieds. Un massage des pieds d\u00e9tend les tensions et harmonise votre syst\u00e8me nerveux apr\u00e8s une journ\u00e9e de travail charg\u00e9e, il a un effet d\u00e9toxifiant et favorise la circulation sanguine, tout le corps profite d&#039;un bien-\u00eatre et d&#039;une nouvelle l\u00e9g\u00e8ret\u00e9. Apr\u00e8s un massage des pieds au spa Sakura, vous vous sentirez plus \u00e9nergique, plus frais et plus r\u00e9silient.<\/p>\t\t\t\t\t\t\t\t<\/div>\n\t\t\t\t<\/div>\n\t\t\t\t<div class=\"elementor-element elementor-element-71e7c42 elementor-widget elementor-widget-heading\" data-id=\"71e7c42\" data-element_type=\"widget\" data-widget_type=\"heading.default\">\n\t\t\t\t<div class=\"elementor-widget-container\">\n\t\t\t\t\t<h2 class=\"elementor-heading-title elementor-size-default\">Penchez-vous en arri\u00e8re, d\u00e9tendez-vous et profitez<\/h2>\t\t\t\t<\/div>\n\t\t\t\t<\/div>\n\t\t\t\t<div class=\"elementor-element elementor-element-5b90844 elementor-widget elementor-widget-text-editor\" data-id=\"5b90844\" data-element_type=\"widget\" data-widget_type=\"text-editor.default\">\n\t\t\t\t<div class=\"elementor-widget-container\">\n\t\t\t\t\t\t\t\t\t<p>Une pause avec votre meilleure amie, accompagn\u00e9e de bains de pieds aux fleurs, de prosecco et d&#039;un massage des pieds ou d&#039;une p\u00e9dicure ?<\/p><p>Quoi de plus agr\u00e9able que de se retrouver entre amis, de profiter ensemble de la d\u00e9tente et du bien-\u00eatre et de se faire chouchouter et embellir. Un enterrement de vie de jeune fille avec une pause bien-\u00eatre, un massage des pieds ou un forfait beaut\u00e9 au spa Sakura avec des bains de pieds au prosecco p\u00e9tillant et aux p\u00e9tales de rose garantit une mari\u00e9e encore plus radieuse et vous offre, ainsi qu&#039;\u00e0 vos amis, une exp\u00e9rience particuli\u00e8re.<\/p>\t\t\t\t\t\t\t\t<\/div>\n\t\t\t\t<\/div>\n\t\t\t\t\t<\/div>\n\t\t<\/div>\n\t\t\t\t<div class=\"elementor-column elementor-col-50 elementor-top-column elementor-element elementor-element-fe48dc9\" data-id=\"fe48dc9\" data-element_type=\"column\">\n\t\t\t<div class=\"elementor-widget-wrap elementor-element-populated\">\n\t\t\t\t\t\t<div class=\"elementor-element elementor-element-140ab15 elementor-widget__width-auto elementor-widget elementor-widget-image\" data-id=\"140ab15\" data-element_type=\"widget\" data-widget_type=\"image.default\">\n\t\t\t\t<div class=\"elementor-widget-container\">\n\t\t\t\t\t\t\t\t\t\t\t\t\t\t\t<img fetchpriority=\"high\" decoding=\"async\" width=\"800\" height=\"534\" src=\"https:\/\/www.sakura-spa.ch\/wp-content\/uploads\/SakuraSpa_05-1024x683.jpg\" class=\"attachment-large size-large wp-image-6953\" alt=\"\" srcset=\"https:\/\/www.sakura-spa.ch\/wp-content\/uploads\/SakuraSpa_05-1024x683.jpg 1024w, https:\/\/www.sakura-spa.ch\/wp-content\/uploads\/SakuraSpa_05-300x200.jpg 300w, https:\/\/www.sakura-spa.ch\/wp-content\/uploads\/SakuraSpa_05-768x512.jpg 768w, https:\/\/www.sakura-spa.ch\/wp-content\/uploads\/SakuraSpa_05-1536x1024.jpg 1536w, https:\/\/www.sakura-spa.ch\/wp-content\/uploads\/SakuraSpa_05-2048x1366.jpg 2048w\" sizes=\"(max-width: 800px) 100vw, 800px\" \/>\t\t\t\t\t\t\t\t\t\t\t\t\t\t\t<\/div>\n\t\t\t\t<\/div>\n\t\t\t\t<div class=\"elementor-element elementor-element-1a4d4be elementor-align-center elementor-icon-list--layout-traditional elementor-list-item-link-full_width elementor-widget elementor-widget-global elementor-global-3402 elementor-widget-icon-list\" data-id=\"1a4d4be\" data-element_type=\"widget\" data-widget_type=\"icon-list.default\">\n\t\t\t\t<div class=\"elementor-widget-container\">\n\t\t\t\t\t\t\t<ul class=\"elementor-icon-list-items\">\n\t\t\t\t\t\t\t<li class=\"elementor-icon-list-item\">\n\t\t\t\t\t\t\t\t\t\t<span class=\"elementor-icon-list-text\">45 min. \u2013 80.-<\/span>\n\t\t\t\t\t\t\t\t\t<\/li>\n\t\t\t\t\t\t\t\t<li class=\"elementor-icon-list-item\">\n\t\t\t\t\t\t\t\t\t\t<span class=\"elementor-icon-list-text\">60 min. \u2013 100.-<\/span>\n\t\t\t\t\t\t\t\t\t<\/li>\n\t\t\t\t\t\t\t\t<li class=\"elementor-icon-list-item\">\n\t\t\t\t\t\t\t\t\t\t\t<a href=\"https:\/\/shop.tac.eu.com\/Sakura\/shop\/vouchers\/category\/358\/\">\n\n\t\t\t\t\t\t\t\t\t\t\t<span class=\"elementor-icon-list-text\">Acheter un bon d&#039;achat<\/span>\n\t\t\t\t\t\t\t\t\t\t\t<\/a>\n\t\t\t\t\t\t\t\t\t<\/li>\n\t\t\t\t\t\t<\/ul>\n\t\t\t\t\t\t<\/div>\n\t\t\t\t<\/div>\n\t\t\t\t<div class=\"elementor-element elementor-element-21c85b4 elementor-widget__width-auto elementor-widget elementor-widget-image\" data-id=\"21c85b4\" data-element_type=\"widget\" data-widget_type=\"image.default\">\n\t\t\t\t<div class=\"elementor-widget-container\">\n\t\t\t\t\t\t\t\t\t\t\t\t\t\t\t<img decoding=\"async\" width=\"800\" height=\"534\" src=\"https:\/\/www.sakura-spa.ch\/wp-content\/uploads\/FUSSMASSAGE_AdobeStock_30875265-1024x683.jpeg\" class=\"attachment-large size-large wp-image-6948\" alt=\"Massage des pieds au Footlounge de Saint-Gall\" srcset=\"https:\/\/www.sakura-spa.ch\/wp-content\/uploads\/FUSSMASSAGE_AdobeStock_30875265-1024x683.jpeg 1024w, https:\/\/www.sakura-spa.ch\/wp-content\/uploads\/FUSSMASSAGE_AdobeStock_30875265-300x200.jpeg 300w, https:\/\/www.sakura-spa.ch\/wp-content\/uploads\/FUSSMASSAGE_AdobeStock_30875265-768x512.jpeg 768w, https:\/\/www.sakura-spa.ch\/wp-content\/uploads\/FUSSMASSAGE_AdobeStock_30875265-1536x1024.jpeg 1536w, https:\/\/www.sakura-spa.ch\/wp-content\/uploads\/FUSSMASSAGE_AdobeStock_30875265-2048x1365.jpeg 2048w\" sizes=\"(max-width: 800px) 100vw, 800px\" \/>\t\t\t\t\t\t\t\t\t\t\t\t\t\t\t<\/div>\n\t\t\t\t<\/div>\n\t\t\t\t\t<\/div>\n\t\t<\/div>\n\t\t\t\t\t<\/div>\n\t\t<\/section>\n\t\t\t\t<\/div>","protected":false},"excerpt":{"rendered":"<p>Fussbad AuszeitZ\u00fcr\u00fccklehnen &#8211; sich treffen &#8211; eine Pause machenKontakt aufnehmenFussbad AuszeitRosenbl\u00fctenfussbad, Prosecco, Peeling, MassageKontakt aufnehmen Fussbad Auszeit Sinken Sie in unsere weichen Sessel und lassen Sie sich verw\u00f6hnen mit einem Rosenbl\u00fctenfussbad, einem Glas Prosecco, einem Brown Sugar Fusspeeling und einer Fussmassage, die neue Energie durch den K\u00f6rper str\u00f6men l\u00e4sst und neue Kraft auf den Weg [&hellip;]<\/p>\n","protected":false},"author":1,"featured_media":6948,"parent":511,"menu_order":0,"comment_status":"closed","ping_status":"closed","template":"","meta":{"footnotes":""},"class_list":["post-1214","page","type-page","status-publish","has-post-thumbnail","hentry"],"yoast_head":"<!-- This site is optimized with the Yoast SEO plugin v25.2 - https:\/\/yoast.com\/wordpress\/plugins\/seo\/ -->\n<title>Wellness Fussbad Auszeit in St. Gallen - Sakura Spa<\/title>\n<meta name=\"description\" content=\"Wellness Fussbad Auszeit in St. Gallen \u2764 zur\u00fccklehnen \u2764 entspannen \u2764 geniessen \u2764 Sakura Spa \u27bd Jetzt Termin buchen\" \/>\n<meta name=\"robots\" content=\"index, follow, max-snippet:-1, max-image-preview:large, max-video-preview:-1\" \/>\n<link rel=\"canonical\" href=\"https:\/\/www.sakura-spa.ch\/fr\/massages\/pause-bain-de-pieds-bien-etre\/\" \/>\n<meta property=\"og:locale\" content=\"fr_FR\" \/>\n<meta property=\"og:type\" content=\"article\" \/>\n<meta property=\"og:title\" content=\"Wellness Fussbad Auszeit in St. Gallen - Sakura Spa\" \/>\n<meta property=\"og:description\" content=\"Wellness Fussbad Auszeit in St. Gallen \u2764 zur\u00fccklehnen \u2764 entspannen \u2764 geniessen \u2764 Sakura Spa \u27bd Jetzt Termin buchen\" \/>\n<meta property=\"og:url\" content=\"https:\/\/www.sakura-spa.ch\/fr\/massages\/pause-bain-de-pieds-bien-etre\/\" \/>\n<meta property=\"og:site_name\" content=\"Sakura Spa in St. Gallen\" \/>\n<meta property=\"article:modified_time\" content=\"2025-04-07T11:19:10+00:00\" \/>\n<meta property=\"og:image\" content=\"https:\/\/www.sakura-spa.ch\/wp-content\/uploads\/FUSSMASSAGE_AdobeStock_30875265-scaled.jpeg\" \/>\n\t<meta property=\"og:image:width\" content=\"2560\" \/>\n\t<meta property=\"og:image:height\" content=\"1707\" \/>\n\t<meta property=\"og:image:type\" content=\"image\/jpeg\" \/>\n<meta name=\"twitter:card\" content=\"summary_large_image\" \/>\n<script type=\"application\/ld+json\" class=\"yoast-schema-graph\">{\"@context\":\"https:\/\/schema.org\",\"@graph\":[{\"@type\":\"WebPage\",\"@id\":\"https:\/\/www.sakura-spa.ch\/massagen\/wellness-fussbad-auszeit\/\",\"url\":\"https:\/\/www.sakura-spa.ch\/massagen\/wellness-fussbad-auszeit\/\",\"name\":\"Wellness Fussbad Auszeit in St. Gallen - Sakura Spa\",\"isPartOf\":{\"@id\":\"https:\/\/www.sakura-spa.ch\/#website\"},\"primaryImageOfPage\":{\"@id\":\"https:\/\/www.sakura-spa.ch\/massagen\/wellness-fussbad-auszeit\/#primaryimage\"},\"image\":{\"@id\":\"https:\/\/www.sakura-spa.ch\/massagen\/wellness-fussbad-auszeit\/#primaryimage\"},\"thumbnailUrl\":\"https:\/\/www.sakura-spa.ch\/wp-content\/uploads\/FUSSMASSAGE_AdobeStock_30875265-scaled.jpeg\",\"datePublished\":\"2022-10-04T10:03:15+00:00\",\"dateModified\":\"2025-04-07T11:19:10+00:00\",\"description\":\"Wellness Fussbad Auszeit in St. Gallen \u2764 zur\u00fccklehnen \u2764 entspannen \u2764 geniessen \u2764 Sakura Spa \u27bd Jetzt Termin buchen\",\"breadcrumb\":{\"@id\":\"https:\/\/www.sakura-spa.ch\/massagen\/wellness-fussbad-auszeit\/#breadcrumb\"},\"inLanguage\":\"fr-FR\",\"potentialAction\":[{\"@type\":\"ReadAction\",\"target\":[\"https:\/\/www.sakura-spa.ch\/massagen\/wellness-fussbad-auszeit\/\"]}]},{\"@type\":\"ImageObject\",\"inLanguage\":\"fr-FR\",\"@id\":\"https:\/\/www.sakura-spa.ch\/massagen\/wellness-fussbad-auszeit\/#primaryimage\",\"url\":\"https:\/\/www.sakura-spa.ch\/wp-content\/uploads\/FUSSMASSAGE_AdobeStock_30875265-scaled.jpeg\",\"contentUrl\":\"https:\/\/www.sakura-spa.ch\/wp-content\/uploads\/FUSSMASSAGE_AdobeStock_30875265-scaled.jpeg\",\"width\":2560,\"height\":1707,\"caption\":\"Fussmassage in der Footlounge in St. Gallen\"},{\"@type\":\"BreadcrumbList\",\"@id\":\"https:\/\/www.sakura-spa.ch\/massagen\/wellness-fussbad-auszeit\/#breadcrumb\",\"itemListElement\":[{\"@type\":\"ListItem\",\"position\":1,\"name\":\"Startseite\",\"item\":\"https:\/\/www.sakura-spa.ch\/\"},{\"@type\":\"ListItem\",\"position\":2,\"name\":\"Massagen\",\"item\":\"https:\/\/www.sakura-spa.ch\/massagen\/\"},{\"@type\":\"ListItem\",\"position\":3,\"name\":\"Wellness Fussbad Auszeit\"}]},{\"@type\":\"WebSite\",\"@id\":\"https:\/\/www.sakura-spa.ch\/#website\",\"url\":\"https:\/\/www.sakura-spa.ch\/\",\"name\":\"Sakura Spa in St. Gallen\",\"description\":\"Kosmetik, Wellness und Massage\",\"potentialAction\":[{\"@type\":\"SearchAction\",\"target\":{\"@type\":\"EntryPoint\",\"urlTemplate\":\"https:\/\/www.sakura-spa.ch\/?s={search_term_string}\"},\"query-input\":{\"@type\":\"PropertyValueSpecification\",\"valueRequired\":true,\"valueName\":\"search_term_string\"}}],\"inLanguage\":\"fr-FR\"}]}<\/script>\n<!-- \/ Yoast SEO plugin. -->","yoast_head_json":{"title":"Pause bien-\u00eatre avec bain de pieds \u00e0 Saint-Gall - Sakura Spa","description":"Pause bain de pieds bien-\u00eatre \u00e0 Saint-Gall \u2764 asseyez-vous \u2764 d\u00e9tendez-vous \u2764 profitez \u2764 Sakura Spa \u27bd Prenez rendez-vous maintenant","robots":{"index":"index","follow":"follow","max-snippet":"max-snippet:-1","max-image-preview":"max-image-preview:large","max-video-preview":"max-video-preview:-1"},"canonical":"https:\/\/www.sakura-spa.ch\/fr\/massages\/pause-bain-de-pieds-bien-etre\/","og_locale":"fr_FR","og_type":"article","og_title":"Wellness Fussbad Auszeit in St. Gallen - Sakura Spa","og_description":"Wellness Fussbad Auszeit in St. Gallen \u2764 zur\u00fccklehnen \u2764 entspannen \u2764 geniessen \u2764 Sakura Spa \u27bd Jetzt Termin buchen","og_url":"https:\/\/www.sakura-spa.ch\/fr\/massages\/pause-bain-de-pieds-bien-etre\/","og_site_name":"Sakura Spa in St. Gallen","article_modified_time":"2025-04-07T11:19:10+00:00","og_image":[{"width":2560,"height":1707,"url":"https:\/\/www.sakura-spa.ch\/wp-content\/uploads\/FUSSMASSAGE_AdobeStock_30875265-scaled.jpeg","type":"image\/jpeg"}],"twitter_card":"summary_large_image","schema":{"@context":"https:\/\/schema.org","@graph":[{"@type":"WebPage","@id":"https:\/\/www.sakura-spa.ch\/massagen\/wellness-fussbad-auszeit\/","url":"https:\/\/www.sakura-spa.ch\/massagen\/wellness-fussbad-auszeit\/","name":"Pause bien-\u00eatre avec bain de pieds \u00e0 Saint-Gall - Sakura Spa","isPartOf":{"@id":"https:\/\/www.sakura-spa.ch\/#website"},"primaryImageOfPage":{"@id":"https:\/\/www.sakura-spa.ch\/massagen\/wellness-fussbad-auszeit\/#primaryimage"},"image":{"@id":"https:\/\/www.sakura-spa.ch\/massagen\/wellness-fussbad-auszeit\/#primaryimage"},"thumbnailUrl":"https:\/\/www.sakura-spa.ch\/wp-content\/uploads\/FUSSMASSAGE_AdobeStock_30875265-scaled.jpeg","datePublished":"2022-10-04T10:03:15+00:00","dateModified":"2025-04-07T11:19:10+00:00","description":"Pause bain de pieds bien-\u00eatre \u00e0 Saint-Gall \u2764 asseyez-vous \u2764 d\u00e9tendez-vous \u2764 profitez \u2764 Sakura Spa \u27bd Prenez rendez-vous maintenant","breadcrumb":{"@id":"https:\/\/www.sakura-spa.ch\/massagen\/wellness-fussbad-auszeit\/#breadcrumb"},"inLanguage":"fr-FR","potentialAction":[{"@type":"ReadAction","target":["https:\/\/www.sakura-spa.ch\/massagen\/wellness-fussbad-auszeit\/"]}]},{"@type":"ImageObject","inLanguage":"fr-FR","@id":"https:\/\/www.sakura-spa.ch\/massagen\/wellness-fussbad-auszeit\/#primaryimage","url":"https:\/\/www.sakura-spa.ch\/wp-content\/uploads\/FUSSMASSAGE_AdobeStock_30875265-scaled.jpeg","contentUrl":"https:\/\/www.sakura-spa.ch\/wp-content\/uploads\/FUSSMASSAGE_AdobeStock_30875265-scaled.jpeg","width":2560,"height":1707,"caption":"Fussmassage in der Footlounge in St. Gallen"},{"@type":"BreadcrumbList","@id":"https:\/\/www.sakura-spa.ch\/massagen\/wellness-fussbad-auszeit\/#breadcrumb","itemListElement":[{"@type":"ListItem","position":1,"name":"Startseite","item":"https:\/\/www.sakura-spa.ch\/"},{"@type":"ListItem","position":2,"name":"Massagen","item":"https:\/\/www.sakura-spa.ch\/massagen\/"},{"@type":"ListItem","position":3,"name":"Wellness Fussbad Auszeit"}]},{"@type":"WebSite","@id":"https:\/\/www.sakura-spa.ch\/#website","url":"https:\/\/www.sakura-spa.ch\/","name":"Spa Sakura \u00e0 Saint-Gall","description":"Cosm\u00e9tiques, Bien-\u00eatre et Massages","potentialAction":[{"@type":"SearchAction","target":{"@type":"EntryPoint","urlTemplate":"https:\/\/www.sakura-spa.ch\/?s={search_term_string}"},"query-input":{"@type":"PropertyValueSpecification","valueRequired":true,"valueName":"search_term_string"}}],"inLanguage":"fr-FR"}]}},"_links":{"self":[{"href":"https:\/\/www.sakura-spa.ch\/fr\/wp-json\/wp\/v2\/pages\/1214","targetHints":{"allow":["GET"]}}],"collection":[{"href":"https:\/\/www.sakura-spa.ch\/fr\/wp-json\/wp\/v2\/pages"}],"about":[{"href":"https:\/\/www.sakura-spa.ch\/fr\/wp-json\/wp\/v2\/types\/page"}],"author":[{"embeddable":true,"href":"https:\/\/www.sakura-spa.ch\/fr\/wp-json\/wp\/v2\/users\/1"}],"replies":[{"embeddable":true,"href":"https:\/\/www.sakura-spa.ch\/fr\/wp-json\/wp\/v2\/comments?post=1214"}],"version-history":[{"count":32,"href":"https:\/\/www.sakura-spa.ch\/fr\/wp-json\/wp\/v2\/pages\/1214\/revisions"}],"predecessor-version":[{"id":22963,"href":"https:\/\/www.sakura-spa.ch\/fr\/wp-json\/wp\/v2\/pages\/1214\/revisions\/22963"}],"up":[{"embeddable":true,"href":"https:\/\/www.sakura-spa.ch\/fr\/wp-json\/wp\/v2\/pages\/511"}],"wp:featuredmedia":[{"embeddable":true,"href":"https:\/\/www.sakura-spa.ch\/fr\/wp-json\/wp\/v2\/media\/6948"}],"wp:attachment":[{"href":"https:\/\/www.sakura-spa.ch\/fr\/wp-json\/wp\/v2\/media?parent=1214"}],"curies":[{"name":"wp","href":"https:\/\/api.w.org\/{rel}","templated":true}]}}