{"id":1444,"date":"2022-10-04T16:28:16","date_gmt":"2022-10-04T14:28:16","guid":{"rendered":"https:\/\/p5.seoway.de\/?page_id=1444"},"modified":"2025-04-28T13:41:48","modified_gmt":"2025-04-28T11:41:48","slug":"speciaux","status":"publish","type":"page","link":"https:\/\/www.sakura-spa.ch\/fr\/speciaux\/","title":{"rendered":"sp\u00e9ciaux"},"content":{"rendered":"<div data-elementor-type=\"wp-page\" data-elementor-id=\"1444\" class=\"elementor elementor-1444\" data-elementor-post-type=\"page\">\n\t\t\t\t\t\t<section class=\"elementor-section elementor-top-section elementor-element elementor-element-7941fdfc elementor-section-full_width elementor-section-height-default elementor-section-height-default\" data-id=\"7941fdfc\" data-element_type=\"section\">\n\t\t\t\t\t\t<div class=\"elementor-container elementor-column-gap-no\">\n\t\t\t\t\t<div class=\"elementor-column elementor-col-100 elementor-top-column elementor-element elementor-element-21f66943\" data-id=\"21f66943\" data-element_type=\"column\">\n\t\t\t<div class=\"elementor-widget-wrap elementor-element-populated\">\n\t\t\t\t\t\t<div class=\"elementor-element elementor-element-40042859 elementor--h-position-left elementor--v-position-middle elementor-widget elementor-widget-slides\" data-id=\"40042859\" data-element_type=\"widget\" data-settings=\"{&quot;navigation&quot;:&quot;none&quot;,&quot;autoplay&quot;:&quot;yes&quot;,&quot;pause_on_hover&quot;:&quot;yes&quot;,&quot;pause_on_interaction&quot;:&quot;yes&quot;,&quot;autoplay_speed&quot;:5000,&quot;infinite&quot;:&quot;yes&quot;,&quot;transition&quot;:&quot;slide&quot;,&quot;transition_speed&quot;:500}\" data-widget_type=\"slides.default\">\n\t\t\t\t<div class=\"elementor-widget-container\">\n\t\t\t\t\t\t\t\t\t<div class=\"elementor-swiper\">\n\t\t\t\t\t<div class=\"elementor-slides-wrapper elementor-main-swiper swiper\" role=\"region\" aria-roledescription=\"carousel\" aria-label=\"diapositives\" dir=\"ltr\" data-animation=\"fadeInUp\">\n\t\t\t\t<div class=\"swiper-wrapper elementor-slides\">\n\t\t\t\t\t\t\t\t\t\t<div class=\"elementor-repeater-item-3e1ba6e swiper-slide\" role=\"group\" aria-roledescription=\"slide\"><div class=\"swiper-slide-bg elementor-ken-burns elementor-ken-burns--in\" role=\"img\"><\/div><div class=\"swiper-slide-inner\" ><div class=\"swiper-slide-contents\"><div class=\"elementor-slide-heading\">sp\u00e9ciaux<\/div><div class=\"elementor-slide-description\">Plongez - fleurissez !<\/div><a href=\"#elementor-action%3Aaction%3Dpopup%3Aopen%26settings%3DeyJpZCI6IjM1IiwidG9nZ2xlIjpmYWxzZX0%3D\" class=\"elementor-button elementor-slide-button elementor-size-md\">contact<\/a><\/div><\/div><\/div><div class=\"elementor-repeater-item-11679b6 swiper-slide\" role=\"group\" aria-roledescription=\"slide\"><div class=\"swiper-slide-bg elementor-ken-burns elementor-ken-burns--in\" role=\"img\"><\/div><div class=\"swiper-slide-inner\" ><div class=\"swiper-slide-contents\"><div class=\"elementor-slide-heading\">sp\u00e9ciaux<\/div><div class=\"elementor-slide-description\">des moments de bien-\u00eatre pour chaque occasion<\/div><a href=\"#elementor-action%3Aaction%3Dpopup%3Aopen%26settings%3DeyJpZCI6IjM1IiwidG9nZ2xlIjpmYWxzZX0%3D\" class=\"elementor-button elementor-slide-button elementor-size-md\">contact<\/a><\/div><\/div><\/div>\t\t\t\t<\/div>\n\t\t\t\t\t\t\t\t\t\t\t\t\t\t\t\t\t\t\t\t\t<\/div>\n\t\t\t\t<\/div>\n\t\t\t\t\t\t\t\t<\/div>\n\t\t\t\t<\/div>\n\t\t\t\t\t<\/div>\n\t\t<\/div>\n\t\t\t\t\t<\/div>\n\t\t<\/section>\n\t\t\t\t<section class=\"elementor-section elementor-top-section elementor-element elementor-element-3e31962 elementor-section-boxed elementor-section-height-default elementor-section-height-default\" data-id=\"3e31962\" data-element_type=\"section\" data-settings=\"{&quot;background_background&quot;:&quot;classic&quot;}\">\n\t\t\t\t\t\t\t<div class=\"elementor-background-overlay\"><\/div>\n\t\t\t\t\t\t\t<div class=\"elementor-container elementor-column-gap-default\">\n\t\t\t\t\t<div class=\"elementor-column elementor-col-100 elementor-top-column elementor-element elementor-element-508a5525\" data-id=\"508a5525\" data-element_type=\"column\">\n\t\t\t<div class=\"elementor-widget-wrap elementor-element-populated\">\n\t\t\t\t\t\t<div class=\"elementor-element elementor-element-3a57662 elementor-widget elementor-widget-global elementor-global-332 elementor-widget-breadcrumbs\" data-id=\"3a57662\" data-element_type=\"widget\" data-widget_type=\"breadcrumbs.default\">\n\t\t\t\t<div class=\"elementor-widget-container\">\n\t\t\t\t\t<p id=\"breadcrumbs\"><span><span><a href=\"https:\/\/www.sakura-spa.ch\/fr\/\">page d&#039;accueil<\/a><\/span><\/span><\/p>\t\t\t\t<\/div>\n\t\t\t\t<\/div>\n\t\t\t\t\t<\/div>\n\t\t<\/div>\n\t\t\t\t\t<\/div>\n\t\t<\/section>\n\t\t\t\t<section class=\"elementor-section elementor-top-section elementor-element elementor-element-2c332b9a elementor-section-boxed elementor-section-height-default elementor-section-height-default\" data-id=\"2c332b9a\" data-element_type=\"section\" data-settings=\"{&quot;background_background&quot;:&quot;classic&quot;}\">\n\t\t\t\t\t\t\t<div class=\"elementor-background-overlay\"><\/div>\n\t\t\t\t\t\t\t<div class=\"elementor-container elementor-column-gap-default\">\n\t\t\t\t\t<div class=\"elementor-column elementor-col-100 elementor-top-column elementor-element elementor-element-27068833\" data-id=\"27068833\" data-element_type=\"column\">\n\t\t\t<div class=\"elementor-widget-wrap elementor-element-populated\">\n\t\t\t\t\t\t<div class=\"elementor-element elementor-element-387facc elementor-widget elementor-widget-heading\" data-id=\"387facc\" data-element_type=\"widget\" data-widget_type=\"heading.default\">\n\t\t\t\t<div class=\"elementor-widget-container\">\n\t\t\t\t\t<h1 class=\"elementor-heading-title elementor-size-default\">offres sp\u00e9ciales du Sakura Spa<\/h1>\t\t\t\t<\/div>\n\t\t\t\t<\/div>\n\t\t\t\t<div class=\"elementor-element elementor-element-4724ccc elementor-widget elementor-widget-text-editor\" data-id=\"4724ccc\" data-element_type=\"widget\" data-widget_type=\"text-editor.default\">\n\t\t\t\t<div class=\"elementor-widget-container\">\n\t\t\t\t\t\t\t\t\t<p>Jetez un \u0153il \u00e0 notre <strong>offres saisonni\u00e8res<\/strong>Nous adaptons les soins aux besoins de votre peau en fonction de la saison et vous chouchoutons avec des essences parfum\u00e9es adapt\u00e9es.<\/p><p>Quoi de mieux que la d\u00e9tente et le bien-\u00eatre avec un <strong>bon de bien-\u00eatre!<\/strong> \u00c0 donner. Souhaitez-vous faire quelque chose de bien pour une personne sp\u00e9ciale ? Alors un bon d&#039;achat Sakura Spa est fait pour vous.<\/p><p>Planifier un mariage est assez stressant ! C&#039;est pourquoi nous voulons vraiment chouchouter la mari\u00e9e et ses amies avant le grand jour avec nos soins pour les <strong>enterrement de vie de jeune fille<\/strong> choyer. Asseyez-vous et laissez-nous vous chouchouter et prendre soin de vous de la t\u00eate aux pieds afin que vous soyez d\u00e9tendu et que vous ayez fi\u00e8re allure lors de votre grand jour.<\/p><p>Ils viennent plus souvent chez nous et connaissent les avantages de notre <strong>Spa Sakura<\/strong> <strong>cartes de club<\/strong> pas encore? Avec les cartes Club Silver et Gold, vous \u00e9conomisez 5 \u00e0 101 % sur vos soins et pouvez vous d\u00e9tendre r\u00e9guli\u00e8rement avec nous \u00e0 un prix r\u00e9duit.<\/p>\t\t\t\t\t\t\t\t<\/div>\n\t\t\t\t<\/div>\n\t\t\t\t\t<\/div>\n\t\t<\/div>\n\t\t\t\t\t<\/div>\n\t\t<\/section>\n\t\t\t\t<section class=\"elementor-section elementor-top-section elementor-element elementor-element-c3d3613 elementor-section-boxed elementor-section-height-default elementor-section-height-default\" data-id=\"c3d3613\" data-element_type=\"section\" data-settings=\"{&quot;background_background&quot;:&quot;classic&quot;}\">\n\t\t\t\t\t\t<div class=\"elementor-container elementor-column-gap-default\">\n\t\t\t\t\t<div class=\"elementor-column elementor-col-25 elementor-top-column elementor-element elementor-element-17ad58a\" data-id=\"17ad58a\" data-element_type=\"column\">\n\t\t\t<div class=\"elementor-widget-wrap elementor-element-populated\">\n\t\t\t\t\t\t<div class=\"elementor-element elementor-element-bd21aa1 elementor-widget__width-initial elementor-cta--valign-top elementor-cta--skin-classic elementor-animated-content elementor-bg-transform elementor-bg-transform-zoom-in elementor-widget elementor-widget-call-to-action\" data-id=\"bd21aa1\" data-element_type=\"widget\" data-widget_type=\"call-to-action.default\">\n\t\t\t\t<div class=\"elementor-widget-container\">\n\t\t\t\t\t\t\t<a class=\"elementor-cta\" href=\"https:\/\/www.sakura-spa.ch\/fr\/speciaux\/specialites-saisonnieres\/\">\n\t\t\t\t\t<div class=\"elementor-cta__bg-wrapper\">\n\t\t\t\t<div class=\"elementor-cta__bg elementor-bg\" style=\"background-image: url(https:\/\/www.sakura-spa.ch\/wp-content\/uploads\/Japan-Specials_iStock-176989185-1024x681.jpg);\" role=\"img\" aria-label=\"Forfaits d\u00e9tox \/ massages \u00e0 Saint-Gall\"><\/div>\n\t\t\t\t<div class=\"elementor-cta__bg-overlay\"><\/div>\n\t\t\t<\/div>\n\t\t\t\t\t\t\t<div class=\"elementor-cta__content\">\n\t\t\t\t\n\t\t\t\t\t\t\t\t\t<h3 class=\"elementor-cta__title elementor-cta__content-item elementor-content-item\">\n\t\t\t\t\t\tsp\u00e9cialit\u00e9s saisonni\u00e8res\t\t\t\t\t<\/h3>\n\t\t\t\t\n\t\t\t\t\t\t\t\t\t<div class=\"elementor-cta__description elementor-cta__content-item elementor-content-item\">\n\t\t\t\t\t\tB\u00e9n\u00e9ficiez de nos offres bien-\u00eatre relaxantes, revitalisantes et saisonni\u00e8res avec des id\u00e9es attrayantes pour votre moment de d\u00e9tente personnel.\t\t\t\t\t<\/div>\n\t\t\t\t\n\t\t\t\t\t\t\t<\/div>\n\t\t\t\t\t\t<\/a>\n\t\t\t\t\t\t<\/div>\n\t\t\t\t<\/div>\n\t\t\t\t\t<\/div>\n\t\t<\/div>\n\t\t\t\t<div class=\"elementor-column elementor-col-25 elementor-top-column elementor-element elementor-element-54eb25a\" data-id=\"54eb25a\" data-element_type=\"column\">\n\t\t\t<div class=\"elementor-widget-wrap elementor-element-populated\">\n\t\t\t\t\t\t<div class=\"elementor-element elementor-element-6b0d512 elementor-widget__width-initial elementor-cta--valign-top elementor-cta--skin-classic elementor-animated-content elementor-bg-transform elementor-bg-transform-zoom-in elementor-widget elementor-widget-call-to-action\" data-id=\"6b0d512\" data-element_type=\"widget\" data-widget_type=\"call-to-action.default\">\n\t\t\t\t<div class=\"elementor-widget-container\">\n\t\t\t\t\t\t\t<a class=\"elementor-cta\" href=\"https:\/\/www.sakura-spa.ch\/fr\/speciaux\/enterrement-de-vie-de-jeune-fille\/\">\n\t\t\t\t\t<div class=\"elementor-cta__bg-wrapper\">\n\t\t\t\t<div class=\"elementor-cta__bg elementor-bg\" style=\"background-image: url(https:\/\/www.sakura-spa.ch\/wp-content\/uploads\/junggesellinenabschied-01-1024x542.jpg);\" role=\"img\" aria-label=\"femmes enceintes heureuses dans une serviette en studio\"><\/div>\n\t\t\t\t<div class=\"elementor-cta__bg-overlay\"><\/div>\n\t\t\t<\/div>\n\t\t\t\t\t\t\t<div class=\"elementor-cta__content\">\n\t\t\t\t\n\t\t\t\t\t\t\t\t\t<h3 class=\"elementor-cta__title elementor-cta__content-item elementor-content-item\">\n\t\t\t\t\t\tenterrement de vie de jeune fille\t\t\t\t\t<\/h3>\n\t\t\t\t\n\t\t\t\t\t\t\t\t\t<div class=\"elementor-cta__description elementor-cta__content-item elementor-content-item\">\n\t\t\t\t\t\tVous pr\u00e9voyez une soir\u00e9e entre filles inoubliable ou organisez un enterrement de vie de jeune fille unique ? Vous trouverez certainement ici le programme de soins qui vous convient.\t\t\t\t\t<\/div>\n\t\t\t\t\n\t\t\t\t\t\t\t<\/div>\n\t\t\t\t\t\t<\/a>\n\t\t\t\t\t\t<\/div>\n\t\t\t\t<\/div>\n\t\t\t\t\t<\/div>\n\t\t<\/div>\n\t\t\t\t<div class=\"elementor-column elementor-col-25 elementor-top-column elementor-element elementor-element-5e0dd5f\" data-id=\"5e0dd5f\" data-element_type=\"column\">\n\t\t\t<div class=\"elementor-widget-wrap elementor-element-populated\">\n\t\t\t\t\t\t<div class=\"elementor-element elementor-element-57d6155 elementor-widget__width-initial elementor-cta--valign-top elementor-cta--skin-classic elementor-animated-content elementor-bg-transform elementor-bg-transform-zoom-in elementor-widget elementor-widget-call-to-action\" data-id=\"57d6155\" data-element_type=\"widget\" data-widget_type=\"call-to-action.default\">\n\t\t\t\t<div class=\"elementor-widget-container\">\n\t\t\t\t\t\t\t<a class=\"elementor-cta\" href=\"https:\/\/www.sakura-spa.ch\/fr\/speciaux\/carte-de-club\/\">\n\t\t\t\t\t<div class=\"elementor-cta__bg-wrapper\">\n\t\t\t\t<div class=\"elementor-cta__bg elementor-bg\" style=\"background-image: url(https:\/\/www.sakura-spa.ch\/wp-content\/uploads\/CLUBKARTE-2.jpg);\" role=\"img\" aria-label=\"CARTE CLUB 2\"><\/div>\n\t\t\t\t<div class=\"elementor-cta__bg-overlay\"><\/div>\n\t\t\t<\/div>\n\t\t\t\t\t\t\t<div class=\"elementor-cta__content\">\n\t\t\t\t\n\t\t\t\t\t\t\t\t\t<h3 class=\"elementor-cta__title elementor-cta__content-item elementor-content-item\">\n\t\t\t\t\t\tcarte de club\t\t\t\t\t<\/h3>\n\t\t\t\t\n\t\t\t\t\t\t\t\t\t<div class=\"elementor-cta__description elementor-cta__content-item elementor-content-item\">\n\t\t\t\t\t\tEn plus du prix d&#039;achat, vous recevrez un bonus de 5 % avec la Carte Club Silver ou 10% avec la Carte Club Gold et b\u00e9n\u00e9ficierez si vous nous rendez visite plus souvent.\t\t\t\t\t<\/div>\n\t\t\t\t\n\t\t\t\t\t\t\t<\/div>\n\t\t\t\t\t\t<\/a>\n\t\t\t\t\t\t<\/div>\n\t\t\t\t<\/div>\n\t\t\t\t\t<\/div>\n\t\t<\/div>\n\t\t\t\t<div class=\"elementor-column elementor-col-25 elementor-top-column elementor-element elementor-element-de46f9c\" data-id=\"de46f9c\" data-element_type=\"column\">\n\t\t\t<div class=\"elementor-widget-wrap elementor-element-populated\">\n\t\t\t\t\t\t<div class=\"elementor-element elementor-element-46fb136 elementor-widget__width-initial elementor-cta--valign-top elementor-cta--skin-classic elementor-animated-content elementor-bg-transform elementor-bg-transform-zoom-in elementor-widget elementor-widget-call-to-action\" data-id=\"46fb136\" data-element_type=\"widget\" data-widget_type=\"call-to-action.default\">\n\t\t\t\t<div class=\"elementor-widget-container\">\n\t\t\t\t\t\t\t<a class=\"elementor-cta\" href=\"https:\/\/www.sakura-spa.ch\/fr\/bons-de-bien-etre-et-de-massage\/\">\n\t\t\t\t\t<div class=\"elementor-cta__bg-wrapper\">\n\t\t\t\t<div class=\"elementor-cta__bg elementor-bg\" style=\"background-image: url(https:\/\/www.sakura-spa.ch\/wp-content\/uploads\/GUTSCHEIN_Sakura-Spa-1024x505.jpg);\" role=\"img\" aria-label=\"BON D&#039;ACHAT_Sakura Spa\"><\/div>\n\t\t\t\t<div class=\"elementor-cta__bg-overlay\"><\/div>\n\t\t\t<\/div>\n\t\t\t\t\t\t\t<div class=\"elementor-cta__content\">\n\t\t\t\t\n\t\t\t\t\t\t\t\t\t<h3 class=\"elementor-cta__title elementor-cta__content-item elementor-content-item\">\n\t\t\t\t\t\tbons d&#039;achat\t\t\t\t\t<\/h3>\n\t\t\t\t\n\t\t\t\t\t\t\t\t\t<div class=\"elementor-cta__description elementor-cta__content-item elementor-content-item\">\n\t\t\t\t\t\tQuoi de plus agr\u00e9able que d\u2019offrir le cadeau de la d\u00e9tente ? Offrez-vous une pause d\u00e9tente dont vous vous souviendrez longtemps.\t\t\t\t\t<\/div>\n\t\t\t\t\n\t\t\t\t\t\t\t<\/div>\n\t\t\t\t\t\t<\/a>\n\t\t\t\t\t\t<\/div>\n\t\t\t\t<\/div>\n\t\t\t\t\t<\/div>\n\t\t<\/div>\n\t\t\t\t\t<\/div>\n\t\t<\/section>\n\t\t\t\t<\/div>","protected":false},"excerpt":{"rendered":"<p>SpecialsTauchen Sie ein &#8211; bl\u00fchen Sie auf!Kontakt aufnehmenSpecialsWohlf\u00fchlmomente f\u00fcr jeden AnlassKontakt aufnehmen Sakura Spa Specials Schnuppern Sie durch unsere Saison Angebote, wir stimmen die Behandlungen je nach Jahreszeit auf die Bed\u00fcrfnisse Ihrer Haut ab und verw\u00f6hnen Sie mit passenden duftenden Essenzen. Was gibt es Sch\u00f6neres als Entspannung und Wohlbefinden mit einem Wellness-Gutschein zu verschenken. M\u00f6chten [&hellip;]<\/p>\n","protected":false},"author":1,"featured_media":8392,"parent":0,"menu_order":0,"comment_status":"closed","ping_status":"closed","template":"","meta":{"footnotes":""},"class_list":["post-1444","page","type-page","status-publish","has-post-thumbnail","hentry"],"yoast_head":"<!-- This site is optimized with the Yoast SEO plugin v25.2 - https:\/\/yoast.com\/wordpress\/plugins\/seo\/ -->\n<title>Sakura Spa Specials - Saison Angebote &amp; Clubkarten<\/title>\n<meta name=\"description\" content=\"Sakura Spa Specials in St. Gallen \u2764 Saison Angebote \u2764 Wellness-Gutschein \u2764 Clubkarten \u27bd Jetzt Termin buchen\" \/>\n<meta name=\"robots\" content=\"index, follow, max-snippet:-1, max-image-preview:large, max-video-preview:-1\" \/>\n<link rel=\"canonical\" href=\"https:\/\/www.sakura-spa.ch\/fr\/speciaux\/\" \/>\n<meta property=\"og:locale\" content=\"fr_FR\" \/>\n<meta property=\"og:type\" content=\"article\" \/>\n<meta property=\"og:title\" content=\"Sakura Spa Specials - Saison Angebote &amp; Clubkarten\" \/>\n<meta property=\"og:description\" content=\"Sakura Spa Specials in St. Gallen \u2764 Saison Angebote \u2764 Wellness-Gutschein \u2764 Clubkarten \u27bd Jetzt Termin buchen\" \/>\n<meta property=\"og:url\" content=\"https:\/\/www.sakura-spa.ch\/fr\/speciaux\/\" \/>\n<meta property=\"og:site_name\" content=\"Sakura Spa in St. Gallen\" \/>\n<meta property=\"article:modified_time\" content=\"2025-04-28T11:41:48+00:00\" \/>\n<meta property=\"og:image\" content=\"https:\/\/www.sakura-spa.ch\/wp-content\/uploads\/FOOTLOUNGE_AdobeStock_330461235-scaled.jpeg\" \/>\n\t<meta property=\"og:image:width\" content=\"2560\" \/>\n\t<meta property=\"og:image:height\" content=\"1440\" \/>\n\t<meta property=\"og:image:type\" content=\"image\/jpeg\" \/>\n<meta name=\"twitter:card\" content=\"summary_large_image\" \/>\n<script type=\"application\/ld+json\" class=\"yoast-schema-graph\">{\"@context\":\"https:\/\/schema.org\",\"@graph\":[{\"@type\":\"WebPage\",\"@id\":\"https:\/\/www.sakura-spa.ch\/specials\/\",\"url\":\"https:\/\/www.sakura-spa.ch\/specials\/\",\"name\":\"Sakura Spa Specials - Saison Angebote & Clubkarten\",\"isPartOf\":{\"@id\":\"https:\/\/www.sakura-spa.ch\/#website\"},\"primaryImageOfPage\":{\"@id\":\"https:\/\/www.sakura-spa.ch\/specials\/#primaryimage\"},\"image\":{\"@id\":\"https:\/\/www.sakura-spa.ch\/specials\/#primaryimage\"},\"thumbnailUrl\":\"https:\/\/www.sakura-spa.ch\/wp-content\/uploads\/FOOTLOUNGE_AdobeStock_330461235-scaled.jpeg\",\"datePublished\":\"2022-10-04T14:28:16+00:00\",\"dateModified\":\"2025-04-28T11:41:48+00:00\",\"description\":\"Sakura Spa Specials in St. Gallen \u2764 Saison Angebote \u2764 Wellness-Gutschein \u2764 Clubkarten \u27bd Jetzt Termin buchen\",\"breadcrumb\":{\"@id\":\"https:\/\/www.sakura-spa.ch\/specials\/#breadcrumb\"},\"inLanguage\":\"fr-FR\",\"potentialAction\":[{\"@type\":\"ReadAction\",\"target\":[\"https:\/\/www.sakura-spa.ch\/specials\/\"]}]},{\"@type\":\"ImageObject\",\"inLanguage\":\"fr-FR\",\"@id\":\"https:\/\/www.sakura-spa.ch\/specials\/#primaryimage\",\"url\":\"https:\/\/www.sakura-spa.ch\/wp-content\/uploads\/FOOTLOUNGE_AdobeStock_330461235-scaled.jpeg\",\"contentUrl\":\"https:\/\/www.sakura-spa.ch\/wp-content\/uploads\/FOOTLOUNGE_AdobeStock_330461235-scaled.jpeg\",\"width\":2560,\"height\":1440,\"caption\":\"Ladies day concept. Close up of spa multiracial ladies with naked legs toasting with champagne glasses, panorama\"},{\"@type\":\"BreadcrumbList\",\"@id\":\"https:\/\/www.sakura-spa.ch\/specials\/#breadcrumb\",\"itemListElement\":[{\"@type\":\"ListItem\",\"position\":1,\"name\":\"Startseite\",\"item\":\"https:\/\/www.sakura-spa.ch\/\"},{\"@type\":\"ListItem\",\"position\":2,\"name\":\"Specials\"}]},{\"@type\":\"WebSite\",\"@id\":\"https:\/\/www.sakura-spa.ch\/#website\",\"url\":\"https:\/\/www.sakura-spa.ch\/\",\"name\":\"Sakura Spa in St. Gallen\",\"description\":\"Kosmetik, Wellness und Massage\",\"potentialAction\":[{\"@type\":\"SearchAction\",\"target\":{\"@type\":\"EntryPoint\",\"urlTemplate\":\"https:\/\/www.sakura-spa.ch\/?s={search_term_string}\"},\"query-input\":{\"@type\":\"PropertyValueSpecification\",\"valueRequired\":true,\"valueName\":\"search_term_string\"}}],\"inLanguage\":\"fr-FR\"}]}<\/script>\n<!-- \/ Yoast SEO plugin. -->","yoast_head_json":{"title":"Offres sp\u00e9ciales Sakura Spa - Offres saisonni\u00e8res et cartes de club","description":"Offres sp\u00e9ciales Sakura Spa \u00e0 Saint-Gall \u2764 Offres saisonni\u00e8res \u2764 Bon bien-\u00eatre \u2764 Cartes club \u27bd Prenez rendez-vous maintenant","robots":{"index":"index","follow":"follow","max-snippet":"max-snippet:-1","max-image-preview":"max-image-preview:large","max-video-preview":"max-video-preview:-1"},"canonical":"https:\/\/www.sakura-spa.ch\/fr\/speciaux\/","og_locale":"fr_FR","og_type":"article","og_title":"Sakura Spa Specials - Saison Angebote & Clubkarten","og_description":"Sakura Spa Specials in St. Gallen \u2764 Saison Angebote \u2764 Wellness-Gutschein \u2764 Clubkarten \u27bd Jetzt Termin buchen","og_url":"https:\/\/www.sakura-spa.ch\/fr\/speciaux\/","og_site_name":"Sakura Spa in St. Gallen","article_modified_time":"2025-04-28T11:41:48+00:00","og_image":[{"width":2560,"height":1440,"url":"https:\/\/www.sakura-spa.ch\/wp-content\/uploads\/FOOTLOUNGE_AdobeStock_330461235-scaled.jpeg","type":"image\/jpeg"}],"twitter_card":"summary_large_image","schema":{"@context":"https:\/\/schema.org","@graph":[{"@type":"WebPage","@id":"https:\/\/www.sakura-spa.ch\/specials\/","url":"https:\/\/www.sakura-spa.ch\/specials\/","name":"Offres sp\u00e9ciales Sakura Spa - Offres saisonni\u00e8res et cartes de club","isPartOf":{"@id":"https:\/\/www.sakura-spa.ch\/#website"},"primaryImageOfPage":{"@id":"https:\/\/www.sakura-spa.ch\/specials\/#primaryimage"},"image":{"@id":"https:\/\/www.sakura-spa.ch\/specials\/#primaryimage"},"thumbnailUrl":"https:\/\/www.sakura-spa.ch\/wp-content\/uploads\/FOOTLOUNGE_AdobeStock_330461235-scaled.jpeg","datePublished":"2022-10-04T14:28:16+00:00","dateModified":"2025-04-28T11:41:48+00:00","description":"Offres sp\u00e9ciales Sakura Spa \u00e0 Saint-Gall \u2764 Offres saisonni\u00e8res \u2764 Bon bien-\u00eatre \u2764 Cartes club \u27bd Prenez rendez-vous maintenant","breadcrumb":{"@id":"https:\/\/www.sakura-spa.ch\/specials\/#breadcrumb"},"inLanguage":"fr-FR","potentialAction":[{"@type":"ReadAction","target":["https:\/\/www.sakura-spa.ch\/specials\/"]}]},{"@type":"ImageObject","inLanguage":"fr-FR","@id":"https:\/\/www.sakura-spa.ch\/specials\/#primaryimage","url":"https:\/\/www.sakura-spa.ch\/wp-content\/uploads\/FOOTLOUNGE_AdobeStock_330461235-scaled.jpeg","contentUrl":"https:\/\/www.sakura-spa.ch\/wp-content\/uploads\/FOOTLOUNGE_AdobeStock_330461235-scaled.jpeg","width":2560,"height":1440,"caption":"Ladies day concept. Close up of spa multiracial ladies with naked legs toasting with champagne glasses, panorama"},{"@type":"BreadcrumbList","@id":"https:\/\/www.sakura-spa.ch\/specials\/#breadcrumb","itemListElement":[{"@type":"ListItem","position":1,"name":"Startseite","item":"https:\/\/www.sakura-spa.ch\/"},{"@type":"ListItem","position":2,"name":"Specials"}]},{"@type":"WebSite","@id":"https:\/\/www.sakura-spa.ch\/#website","url":"https:\/\/www.sakura-spa.ch\/","name":"Spa Sakura \u00e0 Saint-Gall","description":"Cosm\u00e9tiques, Bien-\u00eatre et Massages","potentialAction":[{"@type":"SearchAction","target":{"@type":"EntryPoint","urlTemplate":"https:\/\/www.sakura-spa.ch\/?s={search_term_string}"},"query-input":{"@type":"PropertyValueSpecification","valueRequired":true,"valueName":"search_term_string"}}],"inLanguage":"fr-FR"}]}},"_links":{"self":[{"href":"https:\/\/www.sakura-spa.ch\/fr\/wp-json\/wp\/v2\/pages\/1444","targetHints":{"allow":["GET"]}}],"collection":[{"href":"https:\/\/www.sakura-spa.ch\/fr\/wp-json\/wp\/v2\/pages"}],"about":[{"href":"https:\/\/www.sakura-spa.ch\/fr\/wp-json\/wp\/v2\/types\/page"}],"author":[{"embeddable":true,"href":"https:\/\/www.sakura-spa.ch\/fr\/wp-json\/wp\/v2\/users\/1"}],"replies":[{"embeddable":true,"href":"https:\/\/www.sakura-spa.ch\/fr\/wp-json\/wp\/v2\/comments?post=1444"}],"version-history":[{"count":80,"href":"https:\/\/www.sakura-spa.ch\/fr\/wp-json\/wp\/v2\/pages\/1444\/revisions"}],"predecessor-version":[{"id":24086,"href":"https:\/\/www.sakura-spa.ch\/fr\/wp-json\/wp\/v2\/pages\/1444\/revisions\/24086"}],"wp:featuredmedia":[{"embeddable":true,"href":"https:\/\/www.sakura-spa.ch\/fr\/wp-json\/wp\/v2\/media\/8392"}],"wp:attachment":[{"href":"https:\/\/www.sakura-spa.ch\/fr\/wp-json\/wp\/v2\/media?parent=1444"}],"curies":[{"name":"wp","href":"https:\/\/api.w.org\/{rel}","templated":true}]}}