{"id":16553,"date":"2023-01-26T09:06:32","date_gmt":"2023-01-26T08:06:32","guid":{"rendered":"https:\/\/www.sakura-spa.ch\/?page_id=16553"},"modified":"2026-01-27T11:21:59","modified_gmt":"2026-01-27T10:21:59","slug":"offres-demploi","status":"publish","type":"page","link":"https:\/\/www.sakura-spa.ch\/fr\/offres-demploi\/","title":{"rendered":"offres d'emploi"},"content":{"rendered":"<div data-elementor-type=\"wp-page\" data-elementor-id=\"16553\" class=\"elementor elementor-16553\" data-elementor-post-type=\"page\">\n\t\t\t\t\t\t<section class=\"elementor-section elementor-top-section elementor-element elementor-element-7941fdfc elementor-section-full_width elementor-section-height-default elementor-section-height-default\" data-id=\"7941fdfc\" data-element_type=\"section\">\n\t\t\t\t\t\t<div class=\"elementor-container elementor-column-gap-no\">\n\t\t\t\t\t<div class=\"elementor-column elementor-col-100 elementor-top-column elementor-element elementor-element-21f66943\" data-id=\"21f66943\" data-element_type=\"column\">\n\t\t\t<div class=\"elementor-widget-wrap elementor-element-populated\">\n\t\t\t\t\t\t<div class=\"elementor-element elementor-element-40042859 elementor--h-position-left elementor--v-position-middle elementor-widget elementor-widget-slides\" data-id=\"40042859\" data-element_type=\"widget\" data-settings=\"{&quot;navigation&quot;:&quot;none&quot;,&quot;autoplay&quot;:&quot;yes&quot;,&quot;pause_on_hover&quot;:&quot;yes&quot;,&quot;pause_on_interaction&quot;:&quot;yes&quot;,&quot;autoplay_speed&quot;:5000,&quot;infinite&quot;:&quot;yes&quot;,&quot;transition&quot;:&quot;slide&quot;,&quot;transition_speed&quot;:500}\" data-widget_type=\"slides.default\">\n\t\t\t\t<div class=\"elementor-widget-container\">\n\t\t\t\t\t\t\t\t\t<div class=\"elementor-swiper\">\n\t\t\t\t\t<div class=\"elementor-slides-wrapper elementor-main-swiper swiper\" role=\"region\" aria-roledescription=\"carousel\" aria-label=\"diapositives\" dir=\"ltr\" data-animation=\"fadeInUp\">\n\t\t\t\t<div class=\"swiper-wrapper elementor-slides\">\n\t\t\t\t\t\t\t\t\t\t<div class=\"elementor-repeater-item-3e1ba6e swiper-slide\" role=\"group\" aria-roledescription=\"slide\"><div class=\"swiper-slide-bg elementor-ken-burns elementor-ken-burns--in\" role=\"img\"><\/div><div class=\"swiper-slide-inner\" ><div class=\"swiper-slide-contents\"><div class=\"elementor-slide-heading\">Offres d&#039;emploi chez Sakura Spa<\/div><div class=\"elementor-slide-description\">\u00e0 Saint-Gall pr\u00e8s de la gare<\/div><\/div><\/div><\/div>\t\t\t\t<\/div>\n\t\t\t\t\t\t\t<\/div>\n\t\t\t\t<\/div>\n\t\t\t\t\t\t\t\t<\/div>\n\t\t\t\t<\/div>\n\t\t\t\t\t<\/div>\n\t\t<\/div>\n\t\t\t\t\t<\/div>\n\t\t<\/section>\n\t\t\t\t<section class=\"elementor-section elementor-top-section elementor-element elementor-element-3e31962 elementor-section-boxed elementor-section-height-default elementor-section-height-default\" data-id=\"3e31962\" data-element_type=\"section\" data-settings=\"{&quot;background_background&quot;:&quot;classic&quot;}\">\n\t\t\t\t\t\t\t<div class=\"elementor-background-overlay\"><\/div>\n\t\t\t\t\t\t\t<div class=\"elementor-container elementor-column-gap-default\">\n\t\t\t\t\t<div class=\"elementor-column elementor-col-100 elementor-top-column elementor-element elementor-element-508a5525\" data-id=\"508a5525\" data-element_type=\"column\">\n\t\t\t<div class=\"elementor-widget-wrap elementor-element-populated\">\n\t\t\t\t\t\t<div class=\"elementor-element elementor-element-3a57662 elementor-widget elementor-widget-global elementor-global-332 elementor-widget-breadcrumbs\" data-id=\"3a57662\" data-element_type=\"widget\" data-widget_type=\"breadcrumbs.default\">\n\t\t\t\t<div class=\"elementor-widget-container\">\n\t\t\t\t\t<p id=\"breadcrumbs\"><span><span><a href=\"https:\/\/www.sakura-spa.ch\/fr\/\">page d&#039;accueil<\/a><\/span><\/span><\/p>\t\t\t\t<\/div>\n\t\t\t\t<\/div>\n\t\t\t\t\t<\/div>\n\t\t<\/div>\n\t\t\t\t\t<\/div>\n\t\t<\/section>\n\t\t\t\t<section class=\"elementor-section elementor-top-section elementor-element elementor-element-2c332b9a elementor-section-boxed elementor-section-height-default elementor-section-height-default\" data-id=\"2c332b9a\" data-element_type=\"section\" data-settings=\"{&quot;background_background&quot;:&quot;classic&quot;}\">\n\t\t\t\t\t\t\t<div class=\"elementor-background-overlay\"><\/div>\n\t\t\t\t\t\t\t<div class=\"elementor-container elementor-column-gap-default\">\n\t\t\t\t\t<div class=\"elementor-column elementor-col-100 elementor-top-column elementor-element elementor-element-27068833\" data-id=\"27068833\" data-element_type=\"column\">\n\t\t\t<div class=\"elementor-widget-wrap elementor-element-populated\">\n\t\t\t\t\t\t<div class=\"elementor-element elementor-element-387facc elementor-widget elementor-widget-heading\" data-id=\"387facc\" data-element_type=\"widget\" data-widget_type=\"heading.default\">\n\t\t\t\t<div class=\"elementor-widget-container\">\n\t\t\t\t\t<h1 class=\"elementor-heading-title elementor-size-default\">Emploi et carri\u00e8re<\/h1>\t\t\t\t<\/div>\n\t\t\t\t<\/div>\n\t\t\t\t<div class=\"elementor-element elementor-element-34f93ca elementor-widget elementor-widget-heading\" data-id=\"34f93ca\" data-element_type=\"widget\" data-widget_type=\"heading.default\">\n\t\t\t\t<div class=\"elementor-widget-container\">\n\t\t\t\t\t<h2 class=\"elementor-heading-title elementor-size-default\">Esth\u00e9ticien(ne) \/ Massoth\u00e9rapeute bien-\u00eatre (h\/f\/d)<\/h2>\t\t\t\t<\/div>\n\t\t\t\t<\/div>\n\t\t\t\t<div class=\"elementor-element elementor-element-bac12f3 elementor-widget elementor-widget-heading\" data-id=\"bac12f3\" data-element_type=\"widget\" data-widget_type=\"heading.default\">\n\t\t\t\t<div class=\"elementor-widget-container\">\n\t\t\t\t\t<h2 class=\"elementor-heading-title elementor-size-default\">T\u00e2ches<\/h2>\t\t\t\t<\/div>\n\t\t\t\t<\/div>\n\t\t\t\t<div class=\"elementor-element elementor-element-f9eab3b elementor-widget elementor-widget-text-editor\" data-id=\"f9eab3b\" data-element_type=\"widget\" data-widget_type=\"text-editor.default\">\n\t\t\t\t<div class=\"elementor-widget-container\">\n\t\t\t\t\t\t\t\t\t<p>Pour renforcer notre \u00e9quipe dynamique, nous recherchons des collaboratrices motiv\u00e9es et passionn\u00e9es, disponibles imm\u00e9diatement ou \u00e0 convenir.<\/p><p><strong>Vos responsabilit\u00e9s<br \/><\/strong>Nous recherchons des talents polyvalents dans les domaines suivants\u00a0:\u00a0<\/p><p><b>esth\u00e9ticien\u00a0<\/b><br \/>Soins du visage classiques et \u00e0 l&#039;aide d&#039;appareils\u00a0<br \/>P\u00e9dicure et manucure professionnelles (vernis classique et Shellac)\u00a0<br \/>\u00c9pilation \u00e0 la cire chaude\u00a0<br \/>massages bien-\u00eatre\u00a0<\/p><p><strong>masseuse de bien-\u00eatre\u00a0<\/strong><br \/>Application de diff\u00e9rentes techniques de massage pour la relaxation et la r\u00e9g\u00e9n\u00e9ration\u00a0<\/p><p><strong>Sp\u00e9cialiste en p\u00e9dicure et manucure<\/strong><br \/>Privil\u00e9giez des soins professionnels pour les ongles et les pieds avec un vernis r\u00e9gulier et du Shellac.<\/p><p><strong>Votre profil<\/strong><\/p><ul><li>Formation compl\u00e9t\u00e9e en tant qu&#039;esth\u00e9ticienne, masseuse bien-\u00eatre ou qualifications \u00e9quivalentes<\/li><li>Exp\u00e9rience av\u00e9r\u00e9e dans les domaines susmentionn\u00e9s<\/li><li>Travail fiable, ordonn\u00e9, ind\u00e9pendant et structur\u00e9<\/li><li>Tr\u00e8s bonnes comp\u00e9tences en allemand<\/li><li>Pr\u00e9sentation soign\u00e9e, excellentes mani\u00e8res et attitude positive<\/li><li>Le plaisir de travailler avec les clients et un sens aigu du service<\/li><li>Disposition \u00e0 travailler \u00e9galement en soir\u00e9e et le samedi.<\/li><\/ul><div>\u00a0<\/div><p><strong>Nous offrons<\/strong><\/p><ul><li>Un lieu de travail attrayant, id\u00e9alement situ\u00e9 \u00e0 Saint-Gall.<\/li><li>Une ambiance de travail agr\u00e9able au sein d&#039;une petite \u00e9quipe d\u00e9vou\u00e9e<\/li><li>Mod\u00e8les de temps de travail flexibles\u00a0:\u00a0<br \/>\u00a0 \u00a0 \u2013 Charge de travail fixe de <strong>40 \u2013 80%<\/strong>\u00a0\u00a0<br \/>\u00a0 \u00a0 \u2013 Emploi chez <strong>Facturation horaire<\/strong>\u00a0(flexible, par exemple 1 \u00e0 4 jours par semaine ou seulement le samedi).<\/li><li>L&#039;opportunit\u00e9 de contribuer \u00e0 fa\u00e7onner et \u00e0 d\u00e9velopper notre institut<\/li><\/ul><div>\u00a0<\/div><p><strong>Application<br \/><\/strong>Notre offre a-t-elle suscit\u00e9 votre int\u00e9r\u00eat\u00a0? Nous attendons avec impatience de recevoir votre dossier de candidature complet (CV, certificats, dipl\u00f4mes) par courriel \u00e0 Claudia Doutheil.<\/p>\t\t\t\t\t\t\t\t<\/div>\n\t\t\t\t<\/div>\n\t\t\t\t<div class=\"elementor-element elementor-element-c0816ff elementor-widget-divider--view-line elementor-widget elementor-widget-divider\" data-id=\"c0816ff\" data-element_type=\"widget\" data-widget_type=\"divider.default\">\n\t\t\t\t<div class=\"elementor-widget-container\">\n\t\t\t\t\t\t\t<div class=\"elementor-divider\">\n\t\t\t<span class=\"elementor-divider-separator\">\n\t\t\t\t\t\t<\/span>\n\t\t<\/div>\n\t\t\t\t\t\t<\/div>\n\t\t\t\t<\/div>\n\t\t\t\t<div class=\"elementor-element elementor-element-c9f1a95 elementor-widget-divider--view-line elementor-widget elementor-widget-divider\" data-id=\"c9f1a95\" data-element_type=\"widget\" data-widget_type=\"divider.default\">\n\t\t\t\t<div class=\"elementor-widget-container\">\n\t\t\t\t\t\t\t<div class=\"elementor-divider\">\n\t\t\t<span class=\"elementor-divider-separator\">\n\t\t\t\t\t\t<\/span>\n\t\t<\/div>\n\t\t\t\t\t\t<\/div>\n\t\t\t\t<\/div>\n\t\t\t\t<div class=\"elementor-element elementor-element-83bb4ed elementor-widget elementor-widget-heading\" data-id=\"83bb4ed\" data-element_type=\"widget\" data-widget_type=\"heading.default\">\n\t\t\t\t<div class=\"elementor-widget-container\">\n\t\t\t\t\t<h2 class=\"elementor-heading-title elementor-size-default\">Th\u00e9rapeute en m\u00e9decine traditionnelle chinoise ind\u00e9pendant<\/h2>\t\t\t\t<\/div>\n\t\t\t\t<\/div>\n\t\t\t\t<div class=\"elementor-element elementor-element-07b587c elementor-widget elementor-widget-heading\" data-id=\"07b587c\" data-element_type=\"widget\" data-widget_type=\"heading.default\">\n\t\t\t\t<div class=\"elementor-widget-container\">\n\t\t\t\t\t<h2 class=\"elementor-heading-title elementor-size-default\">T\u00e2ches<\/h2>\t\t\t\t<\/div>\n\t\t\t\t<\/div>\n\t\t\t\t<div class=\"elementor-element elementor-element-2478bad elementor-widget elementor-widget-text-editor\" data-id=\"2478bad\" data-element_type=\"widget\" data-widget_type=\"text-editor.default\">\n\t\t\t\t<div class=\"elementor-widget-container\">\n\t\t\t\t\t\t\t\t\t<p>Mise en \u0153uvre des th\u00e9rapies MTC (acupuncture, phytoth\u00e9rapie, nutrition MTC)<br \/>Soins individuels aux patients<br \/>Co-conception de concepts innovants de pr\u00e9vention et de th\u00e9rapie<\/p>\t\t\t\t\t\t\t\t<\/div>\n\t\t\t\t<\/div>\n\t\t\t\t<div class=\"elementor-element elementor-element-2fbdd03 elementor-widget elementor-widget-heading\" data-id=\"2fbdd03\" data-element_type=\"widget\" data-widget_type=\"heading.default\">\n\t\t\t\t<div class=\"elementor-widget-container\">\n\t\t\t\t\t<h2 class=\"elementor-heading-title elementor-size-default\">Votre profil<\/h2>\t\t\t\t<\/div>\n\t\t\t\t<\/div>\n\t\t\t\t<div class=\"elementor-element elementor-element-d4449e3 elementor-widget elementor-widget-text-editor\" data-id=\"d4449e3\" data-element_type=\"widget\" data-widget_type=\"text-editor.default\">\n\t\t\t\t<div class=\"elementor-widget-container\">\n\t\t\t\t\t\t\t\t\t<p>Formation compl\u00e9t\u00e9e en m\u00e9decine traditionnelle chinoise<br \/>Exp\u00e9rience en acupuncture<br \/>Attitude empathique et centr\u00e9e sur le patient<br \/>Travail ind\u00e9pendant existant (id\u00e9al en compl\u00e9ment de votre propre pratique)<br \/>Permis cantonal pour le canton de Saint-Gall<br \/>Volont\u00e9 de travailler de mani\u00e8re flexible sur une base horaire (id\u00e9al en compl\u00e9ment de votre propre pratique)<br \/>Client\u00e8le propre issue du travail ind\u00e9pendant<\/p>\t\t\t\t\t\t\t\t<\/div>\n\t\t\t\t<\/div>\n\t\t\t\t<div class=\"elementor-element elementor-element-0bab603 elementor-widget elementor-widget-text-editor\" data-id=\"0bab603\" data-element_type=\"widget\" data-widget_type=\"text-editor.default\">\n\t\t\t\t<div class=\"elementor-widget-container\">\n\t\t\t\t\t\t\t\t\t<p>Avantages de r\u00e9f\u00e9rer nos clients au th\u00e9rapeute MTC<br \/>B\u00e9n\u00e9fices de la publicit\u00e9 aupr\u00e8s de nos clients dans le spa, sur notre site Web de spa et redirection vers le site Web TCM existant<br \/>Possibilit\u00e9 de contribuer \u00e0 fa\u00e7onner des concepts de pr\u00e9vention modernes<br \/>Culture d&#039;\u00e9quipe ouverte et multiprofessionnelle<br \/>Base de commission \u00e9quitable<\/p>\t\t\t\t\t\t\t\t<\/div>\n\t\t\t\t<\/div>\n\t\t\t\t<div class=\"elementor-element elementor-element-9907282 elementor-widget elementor-widget-heading\" data-id=\"9907282\" data-element_type=\"widget\" data-widget_type=\"heading.default\">\n\t\t\t\t<div class=\"elementor-widget-container\">\n\t\t\t\t\t<h2 class=\"elementor-heading-title elementor-size-default\">contact<\/h2>\t\t\t\t<\/div>\n\t\t\t\t<\/div>\n\t\t\t\t<div class=\"elementor-element elementor-element-493507b elementor-widget elementor-widget-text-editor\" data-id=\"493507b\" data-element_type=\"widget\" data-widget_type=\"text-editor.default\">\n\t\t\t\t<div class=\"elementor-widget-container\">\n\t\t\t\t\t\t\t\t\t<p>Nous attendons avec impatience de recevoir votre candidature accompagn\u00e9e de votre dossier de candidature complet<br \/>(CV avec photo, lettre de motivation, attestations de travail et de formation)<br \/>par email \u00e0 Mme Claudia Doutheil \u2013 doutheil@sakura-spa.ch<\/p>\t\t\t\t\t\t\t\t<\/div>\n\t\t\t\t<\/div>\n\t\t\t\t\t<\/div>\n\t\t<\/div>\n\t\t\t\t\t<\/div>\n\t\t<\/section>\n\t\t\t\t<\/div>","protected":false},"excerpt":{"rendered":"<p>Sakura Spa Stellenangebotein St. Gallen n\u00e4he Bahnhof Job &amp; Karriere Kosmetikerin \/ Wellnessmasseurin (w\/m\/d) Aufgaben Zur Verst\u00e4rkung unseres dynamischen Teams suchen wir ab sofort oder nach Vereinbarung motivierte und leidenschaftliche Mitarbeiterinnen. Ihre AufgabenbereicheWir suchen vielseitige Talente f\u00fcr folgende Schwerpunkte:\u00a0 Kosmetikerin\u00a0Klassische und apparative Gesichtsbehandlungen\u00a0Professionelle\u00a0Pedicure\u00a0und\u00a0Manicure\u00a0(normaler Lack und\u00a0Shellac)\u00a0Haarentfernung mit Warmwachs\u00a0Wellnessmassagen\u00a0 Wellnessmasseurin\u00a0Anwendung verschiedener Massagetechniken zur Entspannung und Regeneration\u00a0 Spezialistin [&hellip;]<\/p>\n","protected":false},"author":1,"featured_media":0,"parent":0,"menu_order":0,"comment_status":"closed","ping_status":"closed","template":"","meta":{"footnotes":""},"class_list":["post-16553","page","type-page","status-publish","hentry"],"yoast_head":"<!-- This site is optimized with the Yoast SEO plugin v25.2 - https:\/\/yoast.com\/wordpress\/plugins\/seo\/ -->\n<title>Stellenangebote in St. Gallen nahe Bahnhof<\/title>\n<meta name=\"description\" content=\"Wir suchen Dich \u2764 Vollzeit oder Teilzeit \u2764 Masseure m\/w \u2764 Kosmetiker\/innen \u27bd Jetzt bewerben\" \/>\n<meta name=\"robots\" content=\"index, follow, max-snippet:-1, max-image-preview:large, max-video-preview:-1\" \/>\n<link rel=\"canonical\" href=\"https:\/\/www.sakura-spa.ch\/fr\/offres-demploi\/\" \/>\n<meta property=\"og:locale\" content=\"fr_FR\" \/>\n<meta property=\"og:type\" content=\"article\" \/>\n<meta property=\"og:title\" content=\"Stellenangebote in St. Gallen nahe Bahnhof\" \/>\n<meta property=\"og:description\" content=\"Wir suchen Dich \u2764 Vollzeit oder Teilzeit \u2764 Masseure m\/w \u2764 Kosmetiker\/innen \u27bd Jetzt bewerben\" \/>\n<meta property=\"og:url\" content=\"https:\/\/www.sakura-spa.ch\/fr\/offres-demploi\/\" \/>\n<meta property=\"og:site_name\" content=\"Sakura Spa in St. Gallen\" \/>\n<meta property=\"article:modified_time\" content=\"2026-01-27T10:21:59+00:00\" \/>\n<meta name=\"twitter:card\" content=\"summary_large_image\" \/>\n<script type=\"application\/ld+json\" class=\"yoast-schema-graph\">{\"@context\":\"https:\/\/schema.org\",\"@graph\":[{\"@type\":\"WebPage\",\"@id\":\"https:\/\/www.sakura-spa.ch\/stellenangebote\/\",\"url\":\"https:\/\/www.sakura-spa.ch\/stellenangebote\/\",\"name\":\"Stellenangebote in St. Gallen nahe Bahnhof\",\"isPartOf\":{\"@id\":\"https:\/\/www.sakura-spa.ch\/#website\"},\"datePublished\":\"2023-01-26T08:06:32+00:00\",\"dateModified\":\"2026-01-27T10:21:59+00:00\",\"description\":\"Wir suchen Dich \u2764 Vollzeit oder Teilzeit \u2764 Masseure m\/w \u2764 Kosmetiker\/innen \u27bd Jetzt bewerben\",\"breadcrumb\":{\"@id\":\"https:\/\/www.sakura-spa.ch\/stellenangebote\/#breadcrumb\"},\"inLanguage\":\"fr-FR\",\"potentialAction\":[{\"@type\":\"ReadAction\",\"target\":[\"https:\/\/www.sakura-spa.ch\/stellenangebote\/\"]}]},{\"@type\":\"BreadcrumbList\",\"@id\":\"https:\/\/www.sakura-spa.ch\/stellenangebote\/#breadcrumb\",\"itemListElement\":[{\"@type\":\"ListItem\",\"position\":1,\"name\":\"Startseite\",\"item\":\"https:\/\/www.sakura-spa.ch\/\"},{\"@type\":\"ListItem\",\"position\":2,\"name\":\"Stellenangebote\"}]},{\"@type\":\"WebSite\",\"@id\":\"https:\/\/www.sakura-spa.ch\/#website\",\"url\":\"https:\/\/www.sakura-spa.ch\/\",\"name\":\"Sakura Spa in St. Gallen\",\"description\":\"Kosmetik, Wellness und Massage\",\"potentialAction\":[{\"@type\":\"SearchAction\",\"target\":{\"@type\":\"EntryPoint\",\"urlTemplate\":\"https:\/\/www.sakura-spa.ch\/?s={search_term_string}\"},\"query-input\":{\"@type\":\"PropertyValueSpecification\",\"valueRequired\":true,\"valueName\":\"search_term_string\"}}],\"inLanguage\":\"fr-FR\"}]}<\/script>\n<!-- \/ Yoast SEO plugin. -->","yoast_head_json":{"title":"Offres d&#039;emploi \u00e0 Saint-Gall pr\u00e8s de la gare","description":"Nous vous recherchons \u2764 Temps plein ou temps partiel \u2764 Masseurs h\/f \u2764 Esth\u00e9ticiennes \u27bd Postulez maintenant","robots":{"index":"index","follow":"follow","max-snippet":"max-snippet:-1","max-image-preview":"max-image-preview:large","max-video-preview":"max-video-preview:-1"},"canonical":"https:\/\/www.sakura-spa.ch\/fr\/offres-demploi\/","og_locale":"fr_FR","og_type":"article","og_title":"Stellenangebote in St. Gallen nahe Bahnhof","og_description":"Wir suchen Dich \u2764 Vollzeit oder Teilzeit \u2764 Masseure m\/w \u2764 Kosmetiker\/innen \u27bd Jetzt bewerben","og_url":"https:\/\/www.sakura-spa.ch\/fr\/offres-demploi\/","og_site_name":"Sakura Spa in St. Gallen","article_modified_time":"2026-01-27T10:21:59+00:00","twitter_card":"summary_large_image","schema":{"@context":"https:\/\/schema.org","@graph":[{"@type":"WebPage","@id":"https:\/\/www.sakura-spa.ch\/stellenangebote\/","url":"https:\/\/www.sakura-spa.ch\/stellenangebote\/","name":"Offres d&#039;emploi \u00e0 Saint-Gall pr\u00e8s de la gare","isPartOf":{"@id":"https:\/\/www.sakura-spa.ch\/#website"},"datePublished":"2023-01-26T08:06:32+00:00","dateModified":"2026-01-27T10:21:59+00:00","description":"Nous vous recherchons \u2764 Temps plein ou temps partiel \u2764 Masseurs h\/f \u2764 Esth\u00e9ticiennes \u27bd Postulez maintenant","breadcrumb":{"@id":"https:\/\/www.sakura-spa.ch\/stellenangebote\/#breadcrumb"},"inLanguage":"fr-FR","potentialAction":[{"@type":"ReadAction","target":["https:\/\/www.sakura-spa.ch\/stellenangebote\/"]}]},{"@type":"BreadcrumbList","@id":"https:\/\/www.sakura-spa.ch\/stellenangebote\/#breadcrumb","itemListElement":[{"@type":"ListItem","position":1,"name":"Startseite","item":"https:\/\/www.sakura-spa.ch\/"},{"@type":"ListItem","position":2,"name":"Stellenangebote"}]},{"@type":"WebSite","@id":"https:\/\/www.sakura-spa.ch\/#website","url":"https:\/\/www.sakura-spa.ch\/","name":"Spa Sakura \u00e0 Saint-Gall","description":"Cosm\u00e9tiques, Bien-\u00eatre et Massages","potentialAction":[{"@type":"SearchAction","target":{"@type":"EntryPoint","urlTemplate":"https:\/\/www.sakura-spa.ch\/?s={search_term_string}"},"query-input":{"@type":"PropertyValueSpecification","valueRequired":true,"valueName":"search_term_string"}}],"inLanguage":"fr-FR"}]}},"_links":{"self":[{"href":"https:\/\/www.sakura-spa.ch\/fr\/wp-json\/wp\/v2\/pages\/16553","targetHints":{"allow":["GET"]}}],"collection":[{"href":"https:\/\/www.sakura-spa.ch\/fr\/wp-json\/wp\/v2\/pages"}],"about":[{"href":"https:\/\/www.sakura-spa.ch\/fr\/wp-json\/wp\/v2\/types\/page"}],"author":[{"embeddable":true,"href":"https:\/\/www.sakura-spa.ch\/fr\/wp-json\/wp\/v2\/users\/1"}],"replies":[{"embeddable":true,"href":"https:\/\/www.sakura-spa.ch\/fr\/wp-json\/wp\/v2\/comments?post=16553"}],"version-history":[{"count":64,"href":"https:\/\/www.sakura-spa.ch\/fr\/wp-json\/wp\/v2\/pages\/16553\/revisions"}],"predecessor-version":[{"id":25138,"href":"https:\/\/www.sakura-spa.ch\/fr\/wp-json\/wp\/v2\/pages\/16553\/revisions\/25138"}],"wp:attachment":[{"href":"https:\/\/www.sakura-spa.ch\/fr\/wp-json\/wp\/v2\/media?parent=16553"}],"curies":[{"name":"wp","href":"https:\/\/api.w.org\/{rel}","templated":true}]}}