{"id":23909,"date":"2025-03-05T15:33:53","date_gmt":"2025-03-05T14:33:53","guid":{"rendered":"https:\/\/www.sakura-spa.ch\/?page_id=23909"},"modified":"2026-04-09T19:50:30","modified_gmt":"2026-04-09T17:50:30","slug":"boissons_snacks","status":"publish","type":"page","link":"https:\/\/www.sakura-spa.ch\/fr\/speciaux\/boissons_snacks\/","title":{"rendered":"boissons et collations"},"content":{"rendered":"<div data-elementor-type=\"wp-page\" data-elementor-id=\"23909\" class=\"elementor elementor-23909\" data-elementor-post-type=\"page\">\n\t\t\t\t\t\t<section class=\"elementor-section elementor-top-section elementor-element elementor-element-4d2b05a9 elementor-section-full_width elementor-section-height-default elementor-section-height-default\" data-id=\"4d2b05a9\" data-element_type=\"section\">\n\t\t\t\t\t\t<div class=\"elementor-container elementor-column-gap-no\">\n\t\t\t\t\t<div class=\"elementor-column elementor-col-100 elementor-top-column elementor-element elementor-element-61c229fc\" data-id=\"61c229fc\" data-element_type=\"column\">\n\t\t\t<div class=\"elementor-widget-wrap elementor-element-populated\">\n\t\t\t\t\t\t<div class=\"elementor-element elementor-element-5e74e56d elementor--h-position-left elementor--v-position-middle elementor-widget elementor-widget-slides\" data-id=\"5e74e56d\" data-element_type=\"widget\" data-settings=\"{&quot;navigation&quot;:&quot;none&quot;,&quot;autoplay&quot;:&quot;yes&quot;,&quot;pause_on_hover&quot;:&quot;yes&quot;,&quot;pause_on_interaction&quot;:&quot;yes&quot;,&quot;autoplay_speed&quot;:5000,&quot;infinite&quot;:&quot;yes&quot;,&quot;transition&quot;:&quot;slide&quot;,&quot;transition_speed&quot;:500}\" data-widget_type=\"slides.default\">\n\t\t\t\t<div class=\"elementor-widget-container\">\n\t\t\t\t\t\t\t\t\t<div class=\"elementor-swiper\">\n\t\t\t\t\t<div class=\"elementor-slides-wrapper elementor-main-swiper swiper\" role=\"region\" aria-roledescription=\"carousel\" aria-label=\"curseur\" dir=\"ltr\" data-animation=\"fadeInUp\">\n\t\t\t\t<div class=\"swiper-wrapper elementor-slides\">\n\t\t\t\t\t\t\t\t\t\t<div class=\"elementor-repeater-item-3e1ba6e swiper-slide\" role=\"group\" aria-roledescription=\"slide\"><div class=\"swiper-slide-bg elementor-ken-burns elementor-ken-burns--in\" role=\"img\"><\/div><div class=\"swiper-slide-inner\" ><div class=\"swiper-slide-contents\"><div class=\"elementor-slide-heading\">Boissons et collations<\/div><div class=\"elementor-slide-description\">\n<\/div><a href=\"#elementor-action%3Aaction%3Dpopup%3Aopen%26settings%3DeyJpZCI6IjM1IiwidG9nZ2xlIjpmYWxzZX0%3D\" class=\"elementor-button elementor-slide-button elementor-size-md\">contact<\/a><\/div><\/div><\/div><div class=\"elementor-repeater-item-11679b6 swiper-slide\" role=\"group\" aria-roledescription=\"slide\"><div class=\"swiper-slide-bg elementor-ken-burns elementor-ken-burns--in\" role=\"img\"><\/div><div class=\"swiper-slide-inner\" ><div class=\"swiper-slide-contents\"><div class=\"elementor-slide-heading\">Journ\u00e9e des copines<\/div><div class=\"elementor-slide-description\">Rencontrez-vous et faites une pause<\/div><a href=\"#elementor-action%3Aaction%3Dpopup%3Aopen%26settings%3DeyJpZCI6IjM1IiwidG9nZ2xlIjpmYWxzZX0%3D\" class=\"elementor-button elementor-slide-button elementor-size-md\">contact<\/a><\/div><\/div><\/div>\t\t\t\t<\/div>\n\t\t\t\t\t\t\t\t\t\t\t\t\t\t\t\t\t\t\t\t\t<\/div>\n\t\t\t\t<\/div>\n\t\t\t\t\t\t\t\t<\/div>\n\t\t\t\t<\/div>\n\t\t\t\t\t<\/div>\n\t\t<\/div>\n\t\t\t\t\t<\/div>\n\t\t<\/section>\n\t\t\t\t<section class=\"elementor-section elementor-top-section elementor-element elementor-element-26abc4f2 elementor-section-boxed elementor-section-height-default elementor-section-height-default\" data-id=\"26abc4f2\" data-element_type=\"section\" data-settings=\"{&quot;background_background&quot;:&quot;classic&quot;}\">\n\t\t\t\t\t\t\t<div class=\"elementor-background-overlay\"><\/div>\n\t\t\t\t\t\t\t<div class=\"elementor-container elementor-column-gap-default\">\n\t\t\t\t\t<div class=\"elementor-column elementor-col-100 elementor-top-column elementor-element elementor-element-201aa962\" data-id=\"201aa962\" data-element_type=\"column\">\n\t\t\t<div class=\"elementor-widget-wrap elementor-element-populated\">\n\t\t\t\t\t\t<div class=\"elementor-element elementor-element-43fba2d0 elementor-widget elementor-widget-global elementor-global-332 elementor-widget-breadcrumbs\" data-id=\"43fba2d0\" data-element_type=\"widget\" data-widget_type=\"breadcrumbs.default\">\n\t\t\t\t<div class=\"elementor-widget-container\">\n\t\t\t\t\t<p id=\"breadcrumbs\"><span><span><a href=\"https:\/\/www.sakura-spa.ch\/fr\/\">page d&#039;accueil<\/a><\/span><\/span><\/p>\t\t\t\t<\/div>\n\t\t\t\t<\/div>\n\t\t\t\t\t<\/div>\n\t\t<\/div>\n\t\t\t\t\t<\/div>\n\t\t<\/section>\n\t\t\t\t<section class=\"elementor-section elementor-top-section elementor-element elementor-element-074d975 elementor-section-boxed elementor-section-height-default elementor-section-height-default\" data-id=\"074d975\" data-element_type=\"section\">\n\t\t\t\t\t\t<div class=\"elementor-container elementor-column-gap-default\">\n\t\t\t\t\t<div class=\"elementor-column elementor-col-100 elementor-top-column elementor-element elementor-element-5d27728\" data-id=\"5d27728\" data-element_type=\"column\">\n\t\t\t<div class=\"elementor-widget-wrap elementor-element-populated\">\n\t\t\t\t\t\t<div class=\"elementor-element elementor-element-c9513d4 elementor-widget elementor-widget-heading\" data-id=\"c9513d4\" data-element_type=\"widget\" data-widget_type=\"heading.default\">\n\t\t\t\t<div class=\"elementor-widget-container\">\n\t\t\t\t\t<h2 class=\"elementor-heading-title elementor-size-default\">boissons et collations<\/h2>\t\t\t\t<\/div>\n\t\t\t\t<\/div>\n\t\t\t\t\t<\/div>\n\t\t<\/div>\n\t\t\t\t\t<\/div>\n\t\t<\/section>\n\t\t\t\t<section class=\"elementor-section elementor-top-section elementor-element elementor-element-7672e45 elementor-section-boxed elementor-section-height-default elementor-section-height-default\" data-id=\"7672e45\" data-element_type=\"section\">\n\t\t\t\t\t\t<div class=\"elementor-container elementor-column-gap-default\">\n\t\t\t\t\t<div class=\"elementor-column elementor-col-100 elementor-top-column elementor-element elementor-element-f214bc6\" data-id=\"f214bc6\" data-element_type=\"column\">\n\t\t\t<div class=\"elementor-widget-wrap elementor-element-populated\">\n\t\t\t\t\t\t<div class=\"elementor-element elementor-element-5569dc4 elementor-widget elementor-widget-shortcode\" data-id=\"5569dc4\" data-element_type=\"widget\" data-widget_type=\"shortcode.default\">\n\t\t\t\t<div class=\"elementor-widget-container\">\n\t\t\t\t\t\t\t<div class=\"elementor-shortcode\">\n<table id=\"tablepress-3\" class=\"tablepress tablepress-id-3\">\n<tbody>\n<tr class=\"row-1\">\n\t<td class=\"column-1\">verre de Prosecco<\/td><td class=\"column-2\">8.50<\/td>\n<\/tr>\n<tr class=\"row-2\">\n\t<td class=\"column-1\">bouteille de champagne Moet &amp; Chandon - 375 cl<\/td><td class=\"column-2\">59.00<\/td>\n<\/tr>\n<tr class=\"row-3\">\n\t<td class=\"column-1\">bouteille de champagne Moet &amp; Chandon - 75 cl<\/td><td class=\"column-2\">95.00<\/td>\n<\/tr>\n<tr class=\"row-4\">\n\t<td class=\"column-1\">bouteille de bi\u00e8re Qu\u00f6llfrisch - 33 cl<\/td><td class=\"column-2\">6.00<\/td>\n<\/tr>\n<tr class=\"row-5\">\n\t<td class=\"column-1\">verre de Chardonnay<\/td><td class=\"column-2\">8,50<\/td>\n<\/tr>\n<tr class=\"row-6\">\n\t<td class=\"column-1\">caf\u00e9\/expresso\/caf\u00e9 au lait<\/td><td class=\"column-2\">5.00<\/td>\n<\/tr>\n<tr class=\"row-7\">\n\t<td class=\"column-1\">Olives &amp; Grissini - 1 personne<\/td><td class=\"column-2\">5,00<\/td>\n<\/tr>\n<tr class=\"row-8\">\n\t<td class=\"column-1\">Dattes et noix - 1 personne<\/td><td class=\"column-2\">6,00<\/td>\n<\/tr>\n<tr class=\"row-9\">\n\t<td class=\"column-1\">Snacks sal\u00e9s et noix - 1 personne<\/td><td class=\"column-2\">5,00<\/td>\n<\/tr>\n<tr class=\"row-10\">\n\t<td class=\"column-1\">Olives, gressins, noix, snacks sal\u00e9s - 1 personne<\/td><td class=\"column-2\">7,00<\/td>\n<\/tr>\n<tr class=\"row-11\">\n\t<td class=\"column-1\">Muffin<\/td><td class=\"column-2\">5,00<\/td>\n<\/tr>\n<tr class=\"row-12\">\n\t<td class=\"column-1\">Muffin avec bougie d'anniversaire<\/td><td class=\"column-2\">5,50<\/td>\n<\/tr>\n<\/tbody>\n<\/table>\n<!-- #tablepress-3 from cache --><\/div>\n\t\t\t\t\t\t<\/div>\n\t\t\t\t<\/div>\n\t\t\t\t\t<\/div>\n\t\t<\/div>\n\t\t\t\t\t<\/div>\n\t\t<\/section>\n\t\t\t\t<\/div>","protected":false},"excerpt":{"rendered":"<p>Boissons et collations Contactez-nousJourn\u00e9e des copinesRencontrez-vous et faites une pauseContactez-nous Boissons et collations<\/p>","protected":false},"author":2,"featured_media":0,"parent":1444,"menu_order":0,"comment_status":"closed","ping_status":"closed","template":"","meta":{"footnotes":""},"class_list":["post-23909","page","type-page","status-publish","hentry"],"yoast_head":"<!-- This site is optimized with the Yoast SEO plugin v25.2 - https:\/\/yoast.com\/wordpress\/plugins\/seo\/ -->\n<title>Drinks &amp; Snacks - Sakura Spa in St. Gallen<\/title>\n<meta name=\"robots\" content=\"noindex, follow\" \/>\n<meta property=\"og:locale\" content=\"fr_FR\" \/>\n<meta property=\"og:type\" content=\"article\" \/>\n<meta property=\"og:title\" content=\"Drinks &amp; Snacks - Sakura Spa in St. Gallen\" \/>\n<meta property=\"og:description\" content=\"Drinks &#038; Snacks Kontakt aufnehmenFreundinnentagSich treffen &#038; eine Pause machenKontakt aufnehmen Drinks &amp; Snacks\" \/>\n<meta property=\"og:url\" content=\"https:\/\/www.sakura-spa.ch\/fr\/speciaux\/boissons_snacks\/\" \/>\n<meta property=\"og:site_name\" content=\"Sakura Spa in St. Gallen\" \/>\n<meta property=\"article:modified_time\" content=\"2026-04-09T17:50:30+00:00\" \/>\n<meta name=\"twitter:card\" content=\"summary_large_image\" \/>\n<script type=\"application\/ld+json\" class=\"yoast-schema-graph\">{\"@context\":\"https:\/\/schema.org\",\"@graph\":[{\"@type\":\"WebPage\",\"@id\":\"https:\/\/www.sakura-spa.ch\/specials\/drinks_snacks\/\",\"url\":\"https:\/\/www.sakura-spa.ch\/specials\/drinks_snacks\/\",\"name\":\"Drinks & Snacks - Sakura Spa in St. Gallen\",\"isPartOf\":{\"@id\":\"https:\/\/www.sakura-spa.ch\/#website\"},\"datePublished\":\"2025-03-05T14:33:53+00:00\",\"dateModified\":\"2026-04-09T17:50:30+00:00\",\"breadcrumb\":{\"@id\":\"https:\/\/www.sakura-spa.ch\/specials\/drinks_snacks\/#breadcrumb\"},\"inLanguage\":\"fr-FR\",\"potentialAction\":[{\"@type\":\"ReadAction\",\"target\":[\"https:\/\/www.sakura-spa.ch\/specials\/drinks_snacks\/\"]}]},{\"@type\":\"BreadcrumbList\",\"@id\":\"https:\/\/www.sakura-spa.ch\/specials\/drinks_snacks\/#breadcrumb\",\"itemListElement\":[{\"@type\":\"ListItem\",\"position\":1,\"name\":\"Startseite\",\"item\":\"https:\/\/www.sakura-spa.ch\/\"},{\"@type\":\"ListItem\",\"position\":2,\"name\":\"Specials\",\"item\":\"https:\/\/www.sakura-spa.ch\/specials\/\"},{\"@type\":\"ListItem\",\"position\":3,\"name\":\"Drinks &#038; Snacks\"}]},{\"@type\":\"WebSite\",\"@id\":\"https:\/\/www.sakura-spa.ch\/#website\",\"url\":\"https:\/\/www.sakura-spa.ch\/\",\"name\":\"Sakura Spa in St. Gallen\",\"description\":\"Kosmetik, Wellness und Massage\",\"potentialAction\":[{\"@type\":\"SearchAction\",\"target\":{\"@type\":\"EntryPoint\",\"urlTemplate\":\"https:\/\/www.sakura-spa.ch\/?s={search_term_string}\"},\"query-input\":{\"@type\":\"PropertyValueSpecification\",\"valueRequired\":true,\"valueName\":\"search_term_string\"}}],\"inLanguage\":\"fr-FR\"}]}<\/script>\n<!-- \/ Yoast SEO plugin. -->","yoast_head_json":{"title":"Boissons et collations - Sakura Spa \u00e0 Saint-Gall","robots":{"index":"noindex","follow":"follow"},"og_locale":"fr_FR","og_type":"article","og_title":"Drinks & Snacks - Sakura Spa in St. Gallen","og_description":"Drinks &#038; Snacks Kontakt aufnehmenFreundinnentagSich treffen &#038; eine Pause machenKontakt aufnehmen Drinks &amp; Snacks","og_url":"https:\/\/www.sakura-spa.ch\/fr\/speciaux\/boissons_snacks\/","og_site_name":"Sakura Spa in St. Gallen","article_modified_time":"2026-04-09T17:50:30+00:00","twitter_card":"summary_large_image","schema":{"@context":"https:\/\/schema.org","@graph":[{"@type":"WebPage","@id":"https:\/\/www.sakura-spa.ch\/specials\/drinks_snacks\/","url":"https:\/\/www.sakura-spa.ch\/specials\/drinks_snacks\/","name":"Boissons et collations - Sakura Spa \u00e0 Saint-Gall","isPartOf":{"@id":"https:\/\/www.sakura-spa.ch\/#website"},"datePublished":"2025-03-05T14:33:53+00:00","dateModified":"2026-04-09T17:50:30+00:00","breadcrumb":{"@id":"https:\/\/www.sakura-spa.ch\/specials\/drinks_snacks\/#breadcrumb"},"inLanguage":"fr-FR","potentialAction":[{"@type":"ReadAction","target":["https:\/\/www.sakura-spa.ch\/specials\/drinks_snacks\/"]}]},{"@type":"BreadcrumbList","@id":"https:\/\/www.sakura-spa.ch\/specials\/drinks_snacks\/#breadcrumb","itemListElement":[{"@type":"ListItem","position":1,"name":"Startseite","item":"https:\/\/www.sakura-spa.ch\/"},{"@type":"ListItem","position":2,"name":"Specials","item":"https:\/\/www.sakura-spa.ch\/specials\/"},{"@type":"ListItem","position":3,"name":"Drinks &#038; Snacks"}]},{"@type":"WebSite","@id":"https:\/\/www.sakura-spa.ch\/#website","url":"https:\/\/www.sakura-spa.ch\/","name":"Spa Sakura \u00e0 Saint-Gall","description":"Cosm\u00e9tiques, Bien-\u00eatre et Massages","potentialAction":[{"@type":"SearchAction","target":{"@type":"EntryPoint","urlTemplate":"https:\/\/www.sakura-spa.ch\/?s={search_term_string}"},"query-input":{"@type":"PropertyValueSpecification","valueRequired":true,"valueName":"search_term_string"}}],"inLanguage":"fr-FR"}]}},"_links":{"self":[{"href":"https:\/\/www.sakura-spa.ch\/fr\/wp-json\/wp\/v2\/pages\/23909","targetHints":{"allow":["GET"]}}],"collection":[{"href":"https:\/\/www.sakura-spa.ch\/fr\/wp-json\/wp\/v2\/pages"}],"about":[{"href":"https:\/\/www.sakura-spa.ch\/fr\/wp-json\/wp\/v2\/types\/page"}],"author":[{"embeddable":true,"href":"https:\/\/www.sakura-spa.ch\/fr\/wp-json\/wp\/v2\/users\/2"}],"replies":[{"embeddable":true,"href":"https:\/\/www.sakura-spa.ch\/fr\/wp-json\/wp\/v2\/comments?post=23909"}],"version-history":[{"count":7,"href":"https:\/\/www.sakura-spa.ch\/fr\/wp-json\/wp\/v2\/pages\/23909\/revisions"}],"predecessor-version":[{"id":23918,"href":"https:\/\/www.sakura-spa.ch\/fr\/wp-json\/wp\/v2\/pages\/23909\/revisions\/23918"}],"up":[{"embeddable":true,"href":"https:\/\/www.sakura-spa.ch\/fr\/wp-json\/wp\/v2\/pages\/1444"}],"wp:attachment":[{"href":"https:\/\/www.sakura-spa.ch\/fr\/wp-json\/wp\/v2\/media?parent=23909"}],"curies":[{"name":"wp","href":"https:\/\/api.w.org\/{rel}","templated":true}]}}