{"id":24303,"date":"2025-09-05T14:26:33","date_gmt":"2025-09-05T12:26:33","guid":{"rendered":"https:\/\/www.sakura-spa.ch\/?page_id=24303"},"modified":"2026-04-09T20:16:06","modified_gmt":"2026-04-09T18:16:06","slug":"drainage-lymphatique-facial-2","status":"publish","type":"page","link":"https:\/\/www.sakura-spa.ch\/fr\/massages\/drainage-lymphatique-facial-2\/","title":{"rendered":"Drainage lymphatique du visage"},"content":{"rendered":"<div data-elementor-type=\"wp-page\" data-elementor-id=\"24303\" class=\"elementor elementor-24303\" data-elementor-post-type=\"page\">\n\t\t\t\t\t\t<section class=\"elementor-section elementor-top-section elementor-element elementor-element-7cadfa14 elementor-section-full_width elementor-section-height-default elementor-section-height-default\" data-id=\"7cadfa14\" data-element_type=\"section\">\n\t\t\t\t\t\t<div class=\"elementor-container elementor-column-gap-no\">\n\t\t\t\t\t<div class=\"elementor-column elementor-col-100 elementor-top-column elementor-element elementor-element-24ad9956\" data-id=\"24ad9956\" data-element_type=\"column\">\n\t\t\t<div class=\"elementor-widget-wrap elementor-element-populated\">\n\t\t\t\t\t\t<div class=\"elementor-element elementor-element-272a63f7 elementor--h-position-left elementor--v-position-middle elementor-widget elementor-widget-slides\" data-id=\"272a63f7\" data-element_type=\"widget\" data-settings=\"{&quot;navigation&quot;:&quot;none&quot;,&quot;autoplay&quot;:&quot;yes&quot;,&quot;pause_on_hover&quot;:&quot;yes&quot;,&quot;pause_on_interaction&quot;:&quot;yes&quot;,&quot;autoplay_speed&quot;:5000,&quot;infinite&quot;:&quot;yes&quot;,&quot;transition&quot;:&quot;slide&quot;,&quot;transition_speed&quot;:500}\" data-widget_type=\"slides.default\">\n\t\t\t\t<div class=\"elementor-widget-container\">\n\t\t\t\t\t\t\t\t\t<div class=\"elementor-swiper\">\n\t\t\t\t\t<div class=\"elementor-slides-wrapper elementor-main-swiper swiper\" role=\"region\" aria-roledescription=\"carousel\" aria-label=\"diapositives\" dir=\"ltr\" data-animation=\"fadeInUp\">\n\t\t\t\t<div class=\"swiper-wrapper elementor-slides\">\n\t\t\t\t\t\t\t\t\t\t<div class=\"elementor-repeater-item-11679b6 swiper-slide\" role=\"group\" aria-roledescription=\"slide\"><div class=\"swiper-slide-bg elementor-ken-burns elementor-ken-burns--in\" role=\"img\"><\/div><div class=\"elementor-background-overlay\"><\/div><div class=\"swiper-slide-inner\" ><div class=\"swiper-slide-contents\"><div class=\"elementor-slide-heading\">Drainage lymphatique<\/div><div class=\"elementor-slide-description\">Purification et nettoyage<\/div><a href=\"#elementor-action%3Aaction%3Dpopup%3Aopen%26settings%3DeyJpZCI6IjM1IiwidG9nZ2xlIjpmYWxzZX0%3D\" class=\"elementor-button elementor-slide-button elementor-size-md\">contact<\/a><\/div><\/div><\/div>\t\t\t\t<\/div>\n\t\t\t\t\t\t\t<\/div>\n\t\t\t\t<\/div>\n\t\t\t\t\t\t\t\t<\/div>\n\t\t\t\t<\/div>\n\t\t\t\t\t<\/div>\n\t\t<\/div>\n\t\t\t\t\t<\/div>\n\t\t<\/section>\n\t\t\t\t<section class=\"elementor-section elementor-top-section elementor-element elementor-element-53f712c3 elementor-section-boxed elementor-section-height-default elementor-section-height-default\" data-id=\"53f712c3\" data-element_type=\"section\" data-settings=\"{&quot;background_background&quot;:&quot;classic&quot;}\">\n\t\t\t\t\t\t\t<div class=\"elementor-background-overlay\"><\/div>\n\t\t\t\t\t\t\t<div class=\"elementor-container elementor-column-gap-default\">\n\t\t\t\t\t<div class=\"elementor-column elementor-col-100 elementor-top-column elementor-element elementor-element-12af9689\" data-id=\"12af9689\" data-element_type=\"column\">\n\t\t\t<div class=\"elementor-widget-wrap elementor-element-populated\">\n\t\t\t\t\t\t<div class=\"elementor-element elementor-element-468a84b7 elementor-widget elementor-widget-global elementor-global-332 elementor-widget-breadcrumbs\" data-id=\"468a84b7\" data-element_type=\"widget\" data-widget_type=\"breadcrumbs.default\">\n\t\t\t\t<div class=\"elementor-widget-container\">\n\t\t\t\t\t<p id=\"breadcrumbs\"><span><span><a href=\"https:\/\/www.sakura-spa.ch\/fr\/\">page d&#039;accueil<\/a><\/span><\/span><\/p>\t\t\t\t<\/div>\n\t\t\t\t<\/div>\n\t\t\t\t\t<\/div>\n\t\t<\/div>\n\t\t\t\t\t<\/div>\n\t\t<\/section>\n\t\t\t\t<section class=\"elementor-section elementor-top-section elementor-element elementor-element-06811a5 elementor-section-boxed elementor-section-height-default elementor-section-height-default\" data-id=\"06811a5\" data-element_type=\"section\">\n\t\t\t\t\t\t<div class=\"elementor-container elementor-column-gap-default\">\n\t\t\t\t\t<div class=\"elementor-column elementor-col-100 elementor-top-column elementor-element elementor-element-33e6687\" data-id=\"33e6687\" data-element_type=\"column\">\n\t\t\t<div class=\"elementor-widget-wrap elementor-element-populated\">\n\t\t\t\t\t\t<div class=\"elementor-element elementor-element-c90083c elementor-widget elementor-widget-heading\" data-id=\"c90083c\" data-element_type=\"widget\" data-widget_type=\"heading.default\">\n\t\t\t\t<div class=\"elementor-widget-container\">\n\t\t\t\t\t<h1 class=\"elementor-heading-title elementor-size-default\">Drainage lymphatique du visage<\/h1>\t\t\t\t<\/div>\n\t\t\t\t<\/div>\n\t\t\t\t\t<\/div>\n\t\t<\/div>\n\t\t\t\t\t<\/div>\n\t\t<\/section>\n\t\t\t\t<section class=\"elementor-section elementor-top-section elementor-element elementor-element-b944ed0 elementor-reverse-tablet elementor-reverse-mobile elementor-section-boxed elementor-section-height-default elementor-section-height-default\" data-id=\"b944ed0\" data-element_type=\"section\">\n\t\t\t\t\t\t<div class=\"elementor-container elementor-column-gap-default\">\n\t\t\t\t\t<div class=\"elementor-column elementor-col-50 elementor-top-column elementor-element elementor-element-8519369\" data-id=\"8519369\" data-element_type=\"column\">\n\t\t\t<div class=\"elementor-widget-wrap elementor-element-populated\">\n\t\t\t\t\t\t<div class=\"elementor-element elementor-element-12c7f8c elementor-widget elementor-widget-text-editor\" data-id=\"12c7f8c\" data-element_type=\"widget\" data-widget_type=\"text-editor.default\">\n\t\t\t\t<div class=\"elementor-widget-container\">\n\t\t\t\t\t\t\t\t\t<p>Le drainage lymphatique facial a un effet profond\u00e9ment relaxant et rajeunit la peau. Gr\u00e2ce \u00e0 des techniques adapt\u00e9es, les gonflements et l&#039;accumulation de lymphe disparaissent rapidement. La stimulation du syst\u00e8me lymphatique favorise le processus naturel de d\u00e9toxification. Gonflements, acn\u00e9, couperose, cernes, poches sous les yeux et diverses irritations et imperfections cutan\u00e9es sont att\u00e9nu\u00e9s et, avec une utilisation r\u00e9guli\u00e8re, moins susceptibles de r\u00e9appara\u00eetre. De l\u00e9gers effleurages du bout des doigts mettent le liquide en mouvement. Cela stimule la peau \u00e0 se purifier et \u00e0 se d\u00e9toxifier, et stimule la circulation et le m\u00e9tabolisme. Une utilisation r\u00e9guli\u00e8re permet de r\u00e9duire efficacement la congestion et d&#039;am\u00e9liorer significativement la qualit\u00e9 de la peau.<\/p>\t\t\t\t\t\t\t\t<\/div>\n\t\t\t\t<\/div>\n\t\t\t\t<div class=\"elementor-element elementor-element-71e7c42 elementor-widget elementor-widget-heading\" data-id=\"71e7c42\" data-element_type=\"widget\" data-widget_type=\"heading.default\">\n\t\t\t\t<div class=\"elementor-widget-container\">\n\t\t\t\t\t<h2 class=\"elementor-heading-title elementor-size-default\">\u00c0 quoi sert le drainage lymphatique manuel<\/h2>\t\t\t\t<\/div>\n\t\t\t\t<\/div>\n\t\t\t\t<div class=\"elementor-element elementor-element-d7c5c18 elementor-icon-list--layout-traditional elementor-list-item-link-full_width elementor-widget elementor-widget-icon-list\" data-id=\"d7c5c18\" data-element_type=\"widget\" data-widget_type=\"icon-list.default\">\n\t\t\t\t<div class=\"elementor-widget-container\">\n\t\t\t\t\t\t\t<ul class=\"elementor-icon-list-items\">\n\t\t\t\t\t\t\t<li class=\"elementor-icon-list-item\">\n\t\t\t\t\t\t\t\t\t\t\t<span class=\"elementor-icon-list-icon\">\n\t\t\t\t\t\t\t<i aria-hidden=\"true\" class=\"fas fa-circle\"><\/i>\t\t\t\t\t\t<\/span>\n\t\t\t\t\t\t\t\t\t\t<span class=\"elementor-icon-list-text\">R\u00e9duire l&#039;enflure<\/span>\n\t\t\t\t\t\t\t\t\t<\/li>\n\t\t\t\t\t\t\t\t<li class=\"elementor-icon-list-item\">\n\t\t\t\t\t\t\t\t\t\t\t<span class=\"elementor-icon-list-icon\">\n\t\t\t\t\t\t\t<i aria-hidden=\"true\" class=\"fas fa-circle\"><\/i>\t\t\t\t\t\t<\/span>\n\t\t\t\t\t\t\t\t\t\t<span class=\"elementor-icon-list-text\">Cernes, poches sous les yeux<\/span>\n\t\t\t\t\t\t\t\t\t<\/li>\n\t\t\t\t\t\t\t\t<li class=\"elementor-icon-list-item\">\n\t\t\t\t\t\t\t\t\t\t\t<span class=\"elementor-icon-list-icon\">\n\t\t\t\t\t\t\t<i aria-hidden=\"true\" class=\"fas fa-circle\"><\/i>\t\t\t\t\t\t<\/span>\n\t\t\t\t\t\t\t\t\t\t<span class=\"elementor-icon-list-text\">Purification, d\u00e9congestion et d\u00e9toxification<\/span>\n\t\t\t\t\t\t\t\t\t<\/li>\n\t\t\t\t\t\t\t\t<li class=\"elementor-icon-list-item\">\n\t\t\t\t\t\t\t\t\t\t\t<span class=\"elementor-icon-list-icon\">\n\t\t\t\t\t\t\t<i aria-hidden=\"true\" class=\"fas fa-circle\"><\/i>\t\t\t\t\t\t<\/span>\n\t\t\t\t\t\t\t\t\t\t<span class=\"elementor-icon-list-text\">Am\u00e9lioration de l&#039;apparence de la peau<\/span>\n\t\t\t\t\t\t\t\t\t<\/li>\n\t\t\t\t\t\t\t\t<li class=\"elementor-icon-list-item\">\n\t\t\t\t\t\t\t\t\t\t\t<span class=\"elementor-icon-list-icon\">\n\t\t\t\t\t\t\t<i aria-hidden=\"true\" class=\"fas fa-circle\"><\/i>\t\t\t\t\t\t<\/span>\n\t\t\t\t\t\t\t\t\t\t<span class=\"elementor-icon-list-text\"> Raffermissement de la peau et anti-\u00e2ge<\/span>\n\t\t\t\t\t\t\t\t\t<\/li>\n\t\t\t\t\t\t\t\t<li class=\"elementor-icon-list-item\">\n\t\t\t\t\t\t\t\t\t\t\t<span class=\"elementor-icon-list-icon\">\n\t\t\t\t\t\t\t<i aria-hidden=\"true\" class=\"fas fa-circle\"><\/i>\t\t\t\t\t\t<\/span>\n\t\t\t\t\t\t\t\t\t\t<span class=\"elementor-icon-list-text\">Soulagement des irritations cutan\u00e9es<\/span>\n\t\t\t\t\t\t\t\t\t<\/li>\n\t\t\t\t\t\t\t\t<li class=\"elementor-icon-list-item\">\n\t\t\t\t\t\t\t\t\t\t\t<span class=\"elementor-icon-list-icon\">\n\t\t\t\t\t\t\t<i aria-hidden=\"true\" class=\"fas fa-circle\"><\/i>\t\t\t\t\t\t<\/span>\n\t\t\t\t\t\t\t\t\t\t<span class=\"elementor-icon-list-text\"> Accompagnement apr\u00e8s les interventions esth\u00e9tiques<\/span>\n\t\t\t\t\t\t\t\t\t<\/li>\n\t\t\t\t\t\t\t\t<li class=\"elementor-icon-list-item\">\n\t\t\t\t\t\t\t\t\t\t\t<span class=\"elementor-icon-list-icon\">\n\t\t\t\t\t\t\t<i aria-hidden=\"true\" class=\"fas fa-circle\"><\/i>\t\t\t\t\t\t<\/span>\n\t\t\t\t\t\t\t\t\t\t<span class=\"elementor-icon-list-text\">R\u00e9duction du stress<\/span>\n\t\t\t\t\t\t\t\t\t<\/li>\n\t\t\t\t\t\t<\/ul>\n\t\t\t\t\t\t<\/div>\n\t\t\t\t<\/div>\n\t\t\t\t\t<\/div>\n\t\t<\/div>\n\t\t\t\t<div class=\"elementor-column elementor-col-50 elementor-top-column elementor-element elementor-element-fe48dc9\" data-id=\"fe48dc9\" data-element_type=\"column\">\n\t\t\t<div class=\"elementor-widget-wrap elementor-element-populated\">\n\t\t\t\t\t\t<div class=\"elementor-element elementor-element-140ab15 elementor-widget__width-auto elementor-widget elementor-widget-image\" data-id=\"140ab15\" data-element_type=\"widget\" data-widget_type=\"image.default\">\n\t\t\t\t<div class=\"elementor-widget-container\">\n\t\t\t\t\t\t\t\t\t\t\t\t\t\t\t<img fetchpriority=\"high\" decoding=\"async\" width=\"800\" height=\"534\" src=\"https:\/\/www.sakura-spa.ch\/wp-content\/uploads\/gesichtsbehandlung-03-1024x683.jpeg\" class=\"attachment-large size-large wp-image-5531\" alt=\"\" srcset=\"https:\/\/www.sakura-spa.ch\/wp-content\/uploads\/gesichtsbehandlung-03-1024x683.jpeg 1024w, https:\/\/www.sakura-spa.ch\/wp-content\/uploads\/gesichtsbehandlung-03-300x200.jpeg 300w, https:\/\/www.sakura-spa.ch\/wp-content\/uploads\/gesichtsbehandlung-03-768x512.jpeg 768w, https:\/\/www.sakura-spa.ch\/wp-content\/uploads\/gesichtsbehandlung-03-1536x1024.jpeg 1536w, https:\/\/www.sakura-spa.ch\/wp-content\/uploads\/gesichtsbehandlung-03-2048x1365.jpeg 2048w\" sizes=\"(max-width: 800px) 100vw, 800px\" \/>\t\t\t\t\t\t\t\t\t\t\t\t\t\t\t<\/div>\n\t\t\t\t<\/div>\n\t\t\t\t<div class=\"elementor-element elementor-element-e5a3dec elementor-align-center elementor-widget__width-inherit elementor-icon-list--layout-traditional elementor-list-item-link-full_width elementor-widget elementor-widget-icon-list\" data-id=\"e5a3dec\" data-element_type=\"widget\" data-widget_type=\"icon-list.default\">\n\t\t\t\t<div class=\"elementor-widget-container\">\n\t\t\t\t\t\t\t<ul class=\"elementor-icon-list-items\">\n\t\t\t\t\t\t\t<li class=\"elementor-icon-list-item\">\n\t\t\t\t\t\t\t\t\t\t<span class=\"elementor-icon-list-text\">40 min. \u2013 85.-<\/span>\n\t\t\t\t\t\t\t\t\t<\/li>\n\t\t\t\t\t\t<\/ul>\n\t\t\t\t\t\t<\/div>\n\t\t\t\t<\/div>\n\t\t\t\t<div class=\"elementor-element elementor-element-88ba25f elementor-widget__width-auto elementor-widget elementor-widget-image\" data-id=\"88ba25f\" data-element_type=\"widget\" data-widget_type=\"image.default\">\n\t\t\t\t<div class=\"elementor-widget-container\">\n\t\t\t\t\t\t\t\t\t\t\t\t\t\t\t<img decoding=\"async\" width=\"800\" height=\"534\" src=\"https:\/\/www.sakura-spa.ch\/wp-content\/uploads\/MASSAGE-GESICHT_AdobeStock_434558816-1024x683.jpeg\" class=\"attachment-large size-large wp-image-6423\" alt=\"\" srcset=\"https:\/\/www.sakura-spa.ch\/wp-content\/uploads\/MASSAGE-GESICHT_AdobeStock_434558816-1024x683.jpeg 1024w, https:\/\/www.sakura-spa.ch\/wp-content\/uploads\/MASSAGE-GESICHT_AdobeStock_434558816-300x200.jpeg 300w, https:\/\/www.sakura-spa.ch\/wp-content\/uploads\/MASSAGE-GESICHT_AdobeStock_434558816-768x512.jpeg 768w, https:\/\/www.sakura-spa.ch\/wp-content\/uploads\/MASSAGE-GESICHT_AdobeStock_434558816-1536x1024.jpeg 1536w, https:\/\/www.sakura-spa.ch\/wp-content\/uploads\/MASSAGE-GESICHT_AdobeStock_434558816-2048x1365.jpeg 2048w\" sizes=\"(max-width: 800px) 100vw, 800px\" \/>\t\t\t\t\t\t\t\t\t\t\t\t\t\t\t<\/div>\n\t\t\t\t<\/div>\n\t\t\t\t<div class=\"elementor-element elementor-element-1f4eefc elementor-align-center elementor-widget__width-inherit elementor-icon-list--layout-traditional elementor-list-item-link-full_width elementor-widget elementor-widget-icon-list\" data-id=\"1f4eefc\" data-element_type=\"widget\" data-widget_type=\"icon-list.default\">\n\t\t\t\t<div class=\"elementor-widget-container\">\n\t\t\t\t\t\t\t<ul class=\"elementor-icon-list-items\">\n\t\t\t\t\t\t\t<li class=\"elementor-icon-list-item\">\n\t\t\t\t\t\t\t\t\t\t<span class=\"elementor-icon-list-text\">60 min. \u2013 120.-<\/span>\n\t\t\t\t\t\t\t\t\t<\/li>\n\t\t\t\t\t\t<\/ul>\n\t\t\t\t\t\t<\/div>\n\t\t\t\t<\/div>\n\t\t\t\t\t<\/div>\n\t\t<\/div>\n\t\t\t\t\t<\/div>\n\t\t<\/section>\n\t\t\t\t<\/div>","protected":false},"excerpt":{"rendered":"<p>LymphdrainageEntschlackend und reinigendKontakt aufnehmen Lymphdrainage Gesicht Eine Lymphdrainage im Gesicht wirkt tiefenentspannend und wie ein Verj\u00fcngungs-Booster auf die Haut. Mit den richtigen Griffen l\u00f6sen sich Schwellungen und aufgestaute Lymphfl\u00fcssigkeit rasch auf. Die Anregung der Lymphbahnen unterst\u00fctzt den nat\u00fcrlichen Detoxprozess. Schwellungen, Akne, Couperose, Augenringe, geschwollene Augen, Tr\u00e4nens\u00e4cke und verschiedene Hautirritationen und Unreinheiten werden gelindert und kommen [&hellip;]<\/p>\n","protected":false},"author":2,"featured_media":6423,"parent":511,"menu_order":0,"comment_status":"closed","ping_status":"closed","template":"","meta":{"footnotes":""},"class_list":["post-24303","page","type-page","status-publish","has-post-thumbnail","hentry"],"yoast_head":"<!-- This site is optimized with the Yoast SEO plugin v25.2 - https:\/\/yoast.com\/wordpress\/plugins\/seo\/ -->\n<title>Lymphdrainage Gesicht | Sakura Spa St. Gallen<\/title>\n<meta name=\"description\" content=\"Sanfte Entschlackung f\u00fcr ein strahlendes Gesicht. \ud83c\udf0a Gegen Schwellungen &amp; f\u00fcr klare Konturen. \u2728 Jetzt Termin vereinbaren! \u2705\" \/>\n<meta name=\"robots\" content=\"index, follow, max-snippet:-1, max-image-preview:large, max-video-preview:-1\" \/>\n<link rel=\"canonical\" href=\"https:\/\/www.sakura-spa.ch\/fr\/massages\/drainage-lymphatique-facial-2\/\" \/>\n<meta property=\"og:locale\" content=\"fr_FR\" \/>\n<meta property=\"og:type\" content=\"article\" \/>\n<meta property=\"og:title\" content=\"Lymphdrainage Gesicht | Sakura Spa St. Gallen\" \/>\n<meta property=\"og:description\" content=\"Sanfte Entschlackung f\u00fcr ein strahlendes Gesicht. \ud83c\udf0a Gegen Schwellungen &amp; f\u00fcr klare Konturen. \u2728 Jetzt Termin vereinbaren! \u2705\" \/>\n<meta property=\"og:url\" content=\"https:\/\/www.sakura-spa.ch\/fr\/massages\/drainage-lymphatique-facial-2\/\" \/>\n<meta property=\"og:site_name\" content=\"Sakura Spa in St. Gallen\" \/>\n<meta property=\"article:modified_time\" content=\"2026-04-09T18:16:06+00:00\" \/>\n<meta property=\"og:image\" content=\"https:\/\/www.sakura-spa.ch\/wp-content\/uploads\/MASSAGE-GESICHT_AdobeStock_434558816-scaled.jpeg\" \/>\n\t<meta property=\"og:image:width\" content=\"2560\" \/>\n\t<meta property=\"og:image:height\" content=\"1707\" \/>\n\t<meta property=\"og:image:type\" content=\"image\/jpeg\" \/>\n<meta name=\"twitter:card\" content=\"summary_large_image\" \/>\n<script type=\"application\/ld+json\" class=\"yoast-schema-graph\">{\"@context\":\"https:\/\/schema.org\",\"@graph\":[{\"@type\":\"WebPage\",\"@id\":\"https:\/\/www.sakura-spa.ch\/massagen\/lymphdrainage-gesicht\/\",\"url\":\"https:\/\/www.sakura-spa.ch\/massagen\/lymphdrainage-gesicht\/\",\"name\":\"Lymphdrainage Gesicht | Sakura Spa St. Gallen\",\"isPartOf\":{\"@id\":\"https:\/\/www.sakura-spa.ch\/#website\"},\"primaryImageOfPage\":{\"@id\":\"https:\/\/www.sakura-spa.ch\/massagen\/lymphdrainage-gesicht\/#primaryimage\"},\"image\":{\"@id\":\"https:\/\/www.sakura-spa.ch\/massagen\/lymphdrainage-gesicht\/#primaryimage\"},\"thumbnailUrl\":\"https:\/\/www.sakura-spa.ch\/wp-content\/uploads\/MASSAGE-GESICHT_AdobeStock_434558816-scaled.jpeg\",\"datePublished\":\"2025-09-05T12:26:33+00:00\",\"dateModified\":\"2026-04-09T18:16:06+00:00\",\"description\":\"Sanfte Entschlackung f\u00fcr ein strahlendes Gesicht. \ud83c\udf0a Gegen Schwellungen & f\u00fcr klare Konturen. \u2728 Jetzt Termin vereinbaren! \u2705\",\"breadcrumb\":{\"@id\":\"https:\/\/www.sakura-spa.ch\/massagen\/lymphdrainage-gesicht\/#breadcrumb\"},\"inLanguage\":\"fr-FR\",\"potentialAction\":[{\"@type\":\"ReadAction\",\"target\":[\"https:\/\/www.sakura-spa.ch\/massagen\/lymphdrainage-gesicht\/\"]}]},{\"@type\":\"ImageObject\",\"inLanguage\":\"fr-FR\",\"@id\":\"https:\/\/www.sakura-spa.ch\/massagen\/lymphdrainage-gesicht\/#primaryimage\",\"url\":\"https:\/\/www.sakura-spa.ch\/wp-content\/uploads\/MASSAGE-GESICHT_AdobeStock_434558816-scaled.jpeg\",\"contentUrl\":\"https:\/\/www.sakura-spa.ch\/wp-content\/uploads\/MASSAGE-GESICHT_AdobeStock_434558816-scaled.jpeg\",\"width\":2560,\"height\":1707,\"caption\":\"Thai Facial Anti Age Massage - Acupressure Techniques of Traditional Thai Massage\"},{\"@type\":\"BreadcrumbList\",\"@id\":\"https:\/\/www.sakura-spa.ch\/massagen\/lymphdrainage-gesicht\/#breadcrumb\",\"itemListElement\":[{\"@type\":\"ListItem\",\"position\":1,\"name\":\"Startseite\",\"item\":\"https:\/\/www.sakura-spa.ch\/\"},{\"@type\":\"ListItem\",\"position\":2,\"name\":\"Massagen\",\"item\":\"https:\/\/www.sakura-spa.ch\/massagen\/\"},{\"@type\":\"ListItem\",\"position\":3,\"name\":\"Lymphdrainage Gesicht\"}]},{\"@type\":\"WebSite\",\"@id\":\"https:\/\/www.sakura-spa.ch\/#website\",\"url\":\"https:\/\/www.sakura-spa.ch\/\",\"name\":\"Sakura Spa in St. Gallen\",\"description\":\"Kosmetik, Wellness und Massage\",\"potentialAction\":[{\"@type\":\"SearchAction\",\"target\":{\"@type\":\"EntryPoint\",\"urlTemplate\":\"https:\/\/www.sakura-spa.ch\/?s={search_term_string}\"},\"query-input\":{\"@type\":\"PropertyValueSpecification\",\"valueRequired\":true,\"valueName\":\"search_term_string\"}}],\"inLanguage\":\"fr-FR\"}]}<\/script>\n<!-- \/ Yoast SEO plugin. -->","yoast_head_json":{"title":"Drainage lymphatique du visage | Sakura Spa Saint-Gall","description":"D\u00e9toxification douce pour un teint \u00e9clatant. \ud83c\udf0a Att\u00e9nue les poches et redessine les contours du visage. \u2728 Prenez rendez-vous d\u00e8s maintenant\u00a0! \u2705","robots":{"index":"index","follow":"follow","max-snippet":"max-snippet:-1","max-image-preview":"max-image-preview:large","max-video-preview":"max-video-preview:-1"},"canonical":"https:\/\/www.sakura-spa.ch\/fr\/massages\/drainage-lymphatique-facial-2\/","og_locale":"fr_FR","og_type":"article","og_title":"Lymphdrainage Gesicht | Sakura Spa St. Gallen","og_description":"Sanfte Entschlackung f\u00fcr ein strahlendes Gesicht. \ud83c\udf0a Gegen Schwellungen & f\u00fcr klare Konturen. \u2728 Jetzt Termin vereinbaren! \u2705","og_url":"https:\/\/www.sakura-spa.ch\/fr\/massages\/drainage-lymphatique-facial-2\/","og_site_name":"Sakura Spa in St. Gallen","article_modified_time":"2026-04-09T18:16:06+00:00","og_image":[{"width":2560,"height":1707,"url":"https:\/\/www.sakura-spa.ch\/wp-content\/uploads\/MASSAGE-GESICHT_AdobeStock_434558816-scaled.jpeg","type":"image\/jpeg"}],"twitter_card":"summary_large_image","schema":{"@context":"https:\/\/schema.org","@graph":[{"@type":"WebPage","@id":"https:\/\/www.sakura-spa.ch\/massagen\/lymphdrainage-gesicht\/","url":"https:\/\/www.sakura-spa.ch\/massagen\/lymphdrainage-gesicht\/","name":"Drainage lymphatique du visage | Sakura Spa Saint-Gall","isPartOf":{"@id":"https:\/\/www.sakura-spa.ch\/#website"},"primaryImageOfPage":{"@id":"https:\/\/www.sakura-spa.ch\/massagen\/lymphdrainage-gesicht\/#primaryimage"},"image":{"@id":"https:\/\/www.sakura-spa.ch\/massagen\/lymphdrainage-gesicht\/#primaryimage"},"thumbnailUrl":"https:\/\/www.sakura-spa.ch\/wp-content\/uploads\/MASSAGE-GESICHT_AdobeStock_434558816-scaled.jpeg","datePublished":"2025-09-05T12:26:33+00:00","dateModified":"2026-04-09T18:16:06+00:00","description":"D\u00e9toxification douce pour un teint \u00e9clatant. \ud83c\udf0a Att\u00e9nue les poches et redessine les contours du visage. \u2728 Prenez rendez-vous d\u00e8s maintenant\u00a0! \u2705","breadcrumb":{"@id":"https:\/\/www.sakura-spa.ch\/massagen\/lymphdrainage-gesicht\/#breadcrumb"},"inLanguage":"fr-FR","potentialAction":[{"@type":"ReadAction","target":["https:\/\/www.sakura-spa.ch\/massagen\/lymphdrainage-gesicht\/"]}]},{"@type":"ImageObject","inLanguage":"fr-FR","@id":"https:\/\/www.sakura-spa.ch\/massagen\/lymphdrainage-gesicht\/#primaryimage","url":"https:\/\/www.sakura-spa.ch\/wp-content\/uploads\/MASSAGE-GESICHT_AdobeStock_434558816-scaled.jpeg","contentUrl":"https:\/\/www.sakura-spa.ch\/wp-content\/uploads\/MASSAGE-GESICHT_AdobeStock_434558816-scaled.jpeg","width":2560,"height":1707,"caption":"Thai Facial Anti Age Massage - Acupressure Techniques of Traditional Thai Massage"},{"@type":"BreadcrumbList","@id":"https:\/\/www.sakura-spa.ch\/massagen\/lymphdrainage-gesicht\/#breadcrumb","itemListElement":[{"@type":"ListItem","position":1,"name":"Startseite","item":"https:\/\/www.sakura-spa.ch\/"},{"@type":"ListItem","position":2,"name":"Massagen","item":"https:\/\/www.sakura-spa.ch\/massagen\/"},{"@type":"ListItem","position":3,"name":"Lymphdrainage Gesicht"}]},{"@type":"WebSite","@id":"https:\/\/www.sakura-spa.ch\/#website","url":"https:\/\/www.sakura-spa.ch\/","name":"Spa Sakura \u00e0 Saint-Gall","description":"Cosm\u00e9tiques, Bien-\u00eatre et Massages","potentialAction":[{"@type":"SearchAction","target":{"@type":"EntryPoint","urlTemplate":"https:\/\/www.sakura-spa.ch\/?s={search_term_string}"},"query-input":{"@type":"PropertyValueSpecification","valueRequired":true,"valueName":"search_term_string"}}],"inLanguage":"fr-FR"}]}},"_links":{"self":[{"href":"https:\/\/www.sakura-spa.ch\/fr\/wp-json\/wp\/v2\/pages\/24303","targetHints":{"allow":["GET"]}}],"collection":[{"href":"https:\/\/www.sakura-spa.ch\/fr\/wp-json\/wp\/v2\/pages"}],"about":[{"href":"https:\/\/www.sakura-spa.ch\/fr\/wp-json\/wp\/v2\/types\/page"}],"author":[{"embeddable":true,"href":"https:\/\/www.sakura-spa.ch\/fr\/wp-json\/wp\/v2\/users\/2"}],"replies":[{"embeddable":true,"href":"https:\/\/www.sakura-spa.ch\/fr\/wp-json\/wp\/v2\/comments?post=24303"}],"version-history":[{"count":29,"href":"https:\/\/www.sakura-spa.ch\/fr\/wp-json\/wp\/v2\/pages\/24303\/revisions"}],"predecessor-version":[{"id":26765,"href":"https:\/\/www.sakura-spa.ch\/fr\/wp-json\/wp\/v2\/pages\/24303\/revisions\/26765"}],"up":[{"embeddable":true,"href":"https:\/\/www.sakura-spa.ch\/fr\/wp-json\/wp\/v2\/pages\/511"}],"wp:featuredmedia":[{"embeddable":true,"href":"https:\/\/www.sakura-spa.ch\/fr\/wp-json\/wp\/v2\/media\/6423"}],"wp:attachment":[{"href":"https:\/\/www.sakura-spa.ch\/fr\/wp-json\/wp\/v2\/media?parent=24303"}],"curies":[{"name":"wp","href":"https:\/\/api.w.org\/{rel}","templated":true}]}}