{"id":26387,"date":"2026-03-30T17:34:05","date_gmt":"2026-03-30T15:34:05","guid":{"rendered":"https:\/\/www.sakura-spa.ch\/?page_id=26387"},"modified":"2026-04-09T20:11:43","modified_gmt":"2026-04-09T18:11:43","slug":"gommage-corporel-2","status":"publish","type":"page","link":"https:\/\/www.sakura-spa.ch\/fr\/produits-de-beaute\/gommage-corporel-2\/","title":{"rendered":"gommage corporel"},"content":{"rendered":"<div data-elementor-type=\"wp-page\" data-elementor-id=\"26387\" class=\"elementor elementor-26387\" data-elementor-post-type=\"page\">\n\t\t\t\t\t\t<section class=\"elementor-section elementor-top-section elementor-element elementor-element-4c057f51 elementor-section-full_width elementor-section-height-default elementor-section-height-default\" data-id=\"4c057f51\" data-element_type=\"section\">\n\t\t\t\t\t\t<div class=\"elementor-container elementor-column-gap-no\">\n\t\t\t\t\t<div class=\"elementor-column elementor-col-100 elementor-top-column elementor-element elementor-element-71bbe7dd\" data-id=\"71bbe7dd\" data-element_type=\"column\">\n\t\t\t<div class=\"elementor-widget-wrap elementor-element-populated\">\n\t\t\t\t\t\t<div class=\"elementor-element elementor-element-4c5c10b6 elementor--h-position-left elementor--v-position-middle elementor-widget elementor-widget-slides\" data-id=\"4c5c10b6\" data-element_type=\"widget\" data-settings=\"{&quot;navigation&quot;:&quot;none&quot;,&quot;autoplay&quot;:&quot;yes&quot;,&quot;pause_on_hover&quot;:&quot;yes&quot;,&quot;pause_on_interaction&quot;:&quot;yes&quot;,&quot;autoplay_speed&quot;:5000,&quot;infinite&quot;:&quot;yes&quot;,&quot;transition&quot;:&quot;slide&quot;,&quot;transition_speed&quot;:500}\" data-widget_type=\"slides.default\">\n\t\t\t\t<div class=\"elementor-widget-container\">\n\t\t\t\t\t\t\t\t\t<div class=\"elementor-swiper\">\n\t\t\t\t\t<div class=\"elementor-slides-wrapper elementor-main-swiper swiper\" role=\"region\" aria-roledescription=\"carousel\" aria-label=\"diapositives\" dir=\"ltr\" data-animation=\"fadeInUp\">\n\t\t\t\t<div class=\"swiper-wrapper elementor-slides\">\n\t\t\t\t\t\t\t\t\t\t<div class=\"elementor-repeater-item-11679b6 swiper-slide\" role=\"group\" aria-roledescription=\"slide\"><div class=\"swiper-slide-bg elementor-ken-burns elementor-ken-burns--in\" role=\"img\"><\/div><div class=\"elementor-background-overlay\"><\/div><div class=\"swiper-slide-inner\" ><div class=\"swiper-slide-contents\"><div class=\"elementor-slide-heading\">gommage corporel<\/div><div class=\"elementor-slide-description\">Pour une peau fra\u00eeche et soign\u00e9e<\/div><a href=\"#elementor-action%3Aaction%3Dpopup%3Aopen%26settings%3DeyJpZCI6IjM1IiwidG9nZ2xlIjpmYWxzZX0%3D\" class=\"elementor-button elementor-slide-button elementor-size-md\">contact<\/a><\/div><\/div><\/div>\t\t\t\t<\/div>\n\t\t\t\t\t\t\t<\/div>\n\t\t\t\t<\/div>\n\t\t\t\t\t\t\t\t<\/div>\n\t\t\t\t<\/div>\n\t\t\t\t\t<\/div>\n\t\t<\/div>\n\t\t\t\t\t<\/div>\n\t\t<\/section>\n\t\t\t\t<section class=\"elementor-section elementor-top-section elementor-element elementor-element-53f712c3 elementor-section-boxed elementor-section-height-default elementor-section-height-default\" data-id=\"53f712c3\" data-element_type=\"section\" data-settings=\"{&quot;background_background&quot;:&quot;classic&quot;}\">\n\t\t\t\t\t\t\t<div class=\"elementor-background-overlay\"><\/div>\n\t\t\t\t\t\t\t<div class=\"elementor-container elementor-column-gap-default\">\n\t\t\t\t\t<div class=\"elementor-column elementor-col-100 elementor-top-column elementor-element elementor-element-12af9689\" data-id=\"12af9689\" data-element_type=\"column\">\n\t\t\t<div class=\"elementor-widget-wrap elementor-element-populated\">\n\t\t\t\t\t\t<div class=\"elementor-element elementor-element-468a84b7 elementor-widget elementor-widget-global elementor-global-332 elementor-widget-breadcrumbs\" data-id=\"468a84b7\" data-element_type=\"widget\" data-widget_type=\"breadcrumbs.default\">\n\t\t\t\t<div class=\"elementor-widget-container\">\n\t\t\t\t\t<p id=\"breadcrumbs\"><span><span><a href=\"https:\/\/www.sakura-spa.ch\/fr\/\">page d&#039;accueil<\/a><\/span><\/span><\/p>\t\t\t\t<\/div>\n\t\t\t\t<\/div>\n\t\t\t\t\t<\/div>\n\t\t<\/div>\n\t\t\t\t\t<\/div>\n\t\t<\/section>\n\t\t\t\t<section class=\"elementor-section elementor-top-section elementor-element elementor-element-06811a5 elementor-section-boxed elementor-section-height-default elementor-section-height-default\" data-id=\"06811a5\" data-element_type=\"section\">\n\t\t\t\t\t\t<div class=\"elementor-container elementor-column-gap-default\">\n\t\t\t\t\t<div class=\"elementor-column elementor-col-100 elementor-top-column elementor-element elementor-element-33e6687\" data-id=\"33e6687\" data-element_type=\"column\">\n\t\t\t<div class=\"elementor-widget-wrap elementor-element-populated\">\n\t\t\t\t\t\t<div class=\"elementor-element elementor-element-c90083c elementor-widget elementor-widget-heading\" data-id=\"c90083c\" data-element_type=\"widget\" data-widget_type=\"heading.default\">\n\t\t\t\t<div class=\"elementor-widget-container\">\n\t\t\t\t\t<h1 class=\"elementor-heading-title elementor-size-default\">Gommage corporel \u2013 Un pur renouvellement pour votre peau<\/h1>\t\t\t\t<\/div>\n\t\t\t\t<\/div>\n\t\t\t\t<div class=\"elementor-element elementor-element-12c7f8c elementor-widget elementor-widget-text-editor\" data-id=\"12c7f8c\" data-element_type=\"widget\" data-widget_type=\"text-editor.default\">\n\t\t\t\t<div class=\"elementor-widget-container\">\n\t\t\t\t\t\t\t\t\t<p>Offrez \u00e0 votre corps l&#039;attention qu&#039;il m\u00e9rite. Un gommage corporel est bien plus qu&#039;un simple nettoyage\u00a0: il \u00e9limine en douceur les cellules mortes, stimule la circulation et favorise le renouvellement cellulaire. R\u00e9sultat\u00a0: une peau incomparablement lisse et \u00e9clatante, parfaitement pr\u00e9par\u00e9e pour recevoir vos soins. Plongez dans une sensation de l\u00e9g\u00e8ret\u00e9 et de fra\u00eecheur.<\/p>\t\t\t\t\t\t\t\t<\/div>\n\t\t\t\t<\/div>\n\t\t\t\t<section class=\"elementor-section elementor-inner-section elementor-element elementor-element-1f843f7 elementor-section-boxed elementor-section-height-default elementor-section-height-default\" data-id=\"1f843f7\" data-element_type=\"section\">\n\t\t\t\t\t\t<div class=\"elementor-container elementor-column-gap-default\">\n\t\t\t\t\t<div class=\"elementor-column elementor-col-100 elementor-inner-column elementor-element elementor-element-9594fed\" data-id=\"9594fed\" data-element_type=\"column\" data-settings=\"{&quot;background_background&quot;:&quot;classic&quot;}\">\n\t\t\t<div class=\"elementor-widget-wrap elementor-element-populated\">\n\t\t\t\t\t\t<section class=\"elementor-section elementor-inner-section elementor-element elementor-element-aef8d9c elementor-section-boxed elementor-section-height-default elementor-section-height-default\" data-id=\"aef8d9c\" data-element_type=\"section\">\n\t\t\t\t\t\t<div class=\"elementor-container elementor-column-gap-default\">\n\t\t\t\t\t<div class=\"elementor-column elementor-col-100 elementor-inner-column elementor-element elementor-element-28eb07e\" data-id=\"28eb07e\" data-element_type=\"column\">\n\t\t\t<div class=\"elementor-widget-wrap elementor-element-populated\">\n\t\t\t\t\t\t<div class=\"elementor-element elementor-element-83ee1f3 elementor-widget elementor-widget-heading\" data-id=\"83ee1f3\" data-element_type=\"widget\" data-widget_type=\"heading.default\">\n\t\t\t\t<div class=\"elementor-widget-container\">\n\t\t\t\t\t<h3 class=\"elementor-heading-title elementor-size-default\">Gommage corporel Thalasso Mare<\/h3>\t\t\t\t<\/div>\n\t\t\t\t<\/div>\n\t\t\t\t<div class=\"elementor-element elementor-element-68f2221 elementor-widget__width-initial elementor-widget elementor-widget-text-editor\" data-id=\"68f2221\" data-element_type=\"widget\" data-widget_type=\"text-editor.default\">\n\t\t\t\t<div class=\"elementor-widget-container\">\n\t\t\t\t\t\t\t\t\t<p>D\u00e9couvrez le pouvoir r\u00e9g\u00e9n\u00e9rateur de la mer. Notre peeling Thalasso Mare exploite les propri\u00e9t\u00e9s min\u00e9ralisantes d&#039;algues de haute qualit\u00e9 et de fines particules exfoliantes. Cette formule exclusive Haslauer hydrate intens\u00e9ment la peau, la d\u00e9toxifie et renforce les tissus conjonctifs. Une mini-escapade marine pour votre peau, qui la laisse douce et revitalis\u00e9e.<\/p><p>Nous pr\u00e9parons la peau avec des compresses chaudes et humides pour ouvrir d\u00e9licatement les pores.<\/p><p><strong>Gommage et massage<br \/><\/strong>La lotion exfoliante s&#039;applique sur la peau humidifi\u00e9e par mouvements circulaires \u2013 d&#039;abord sur le dos (jambes, fesses, dos), puis sur le devant (jambes, ventre, bras, d\u00e9collet\u00e9).<\/p><p><strong>Phase intensive :<\/strong><br \/>Pour permettre aux principes actifs de p\u00e9n\u00e9trer en profondeur et d&#039;optimiser la circulation sanguine, vous serez d\u00e9licatement envelopp\u00e9(e) dans une couverture en polaire. <br \/>Durant cette phase de repos, la jument Thalasso d\u00e9ploie tout son effet.<\/p><p>Dipl\u00f4me<br \/>Le soin se termine par une douche rafra\u00eechissante pour \u00e9liminer tout r\u00e9sidu d&#039;agent exfoliant.<\/p>\t\t\t\t\t\t\t\t<\/div>\n\t\t\t\t<\/div>\n\t\t\t\t<div class=\"elementor-element elementor-element-b5c49e6 elementor-widget elementor-widget-image\" data-id=\"b5c49e6\" data-element_type=\"widget\" data-widget_type=\"image.default\">\n\t\t\t\t<div class=\"elementor-widget-container\">\n\t\t\t\t\t\t\t\t\t\t\t\t\t\t\t<img fetchpriority=\"high\" decoding=\"async\" width=\"800\" height=\"534\" src=\"https:\/\/www.sakura-spa.ch\/wp-content\/uploads\/massage-04-1024x683.jpg\" class=\"attachment-large size-large wp-image-5553\" alt=\"\" srcset=\"https:\/\/www.sakura-spa.ch\/wp-content\/uploads\/massage-04-1024x683.jpg 1024w, https:\/\/www.sakura-spa.ch\/wp-content\/uploads\/massage-04-300x200.jpg 300w, https:\/\/www.sakura-spa.ch\/wp-content\/uploads\/massage-04-768x512.jpg 768w, https:\/\/www.sakura-spa.ch\/wp-content\/uploads\/massage-04-1536x1025.jpg 1536w, https:\/\/www.sakura-spa.ch\/wp-content\/uploads\/massage-04-2048x1367.jpg 2048w\" sizes=\"(max-width: 800px) 100vw, 800px\" \/>\t\t\t\t\t\t\t\t\t\t\t\t\t\t\t<\/div>\n\t\t\t\t<\/div>\n\t\t\t\t<div class=\"elementor-element elementor-element-dd9aa95 elementor-align-center elementor-icon-list--layout-traditional elementor-list-item-link-full_width elementor-widget elementor-widget-icon-list\" data-id=\"dd9aa95\" data-element_type=\"widget\" data-widget_type=\"icon-list.default\">\n\t\t\t\t<div class=\"elementor-widget-container\">\n\t\t\t\t\t\t\t<ul class=\"elementor-icon-list-items\">\n\t\t\t\t\t\t\t<li class=\"elementor-icon-list-item\">\n\t\t\t\t\t\t\t\t\t\t<span class=\"elementor-icon-list-text\">25 minutes (douche comprise) | CHF 60.00<\/span>\n\t\t\t\t\t\t\t\t\t<\/li>\n\t\t\t\t\t\t<\/ul>\n\t\t\t\t\t\t<\/div>\n\t\t\t\t<\/div>\n\t\t\t\t\t<\/div>\n\t\t<\/div>\n\t\t\t\t\t<\/div>\n\t\t<\/section>\n\t\t\t\t\t<\/div>\n\t\t<\/div>\n\t\t\t\t\t<\/div>\n\t\t<\/section>\n\t\t\t\t\t<\/div>\n\t\t<\/div>\n\t\t\t\t\t<\/div>\n\t\t<\/section>\n\t\t\t\t<section class=\"elementor-section elementor-top-section elementor-element elementor-element-fa6305b elementor-section-boxed elementor-section-height-default elementor-section-height-default\" data-id=\"fa6305b\" data-element_type=\"section\">\n\t\t\t\t\t\t<div class=\"elementor-container elementor-column-gap-no\">\n\t\t\t\t\t<div class=\"elementor-column elementor-col-50 elementor-top-column elementor-element elementor-element-23cff8d\" data-id=\"23cff8d\" data-element_type=\"column\" data-settings=\"{&quot;background_background&quot;:&quot;classic&quot;}\">\n\t\t\t<div class=\"elementor-widget-wrap elementor-element-populated\">\n\t\t\t\t\t\t<section class=\"elementor-section elementor-inner-section elementor-element elementor-element-141adc1 elementor-section-boxed elementor-section-height-default elementor-section-height-default\" data-id=\"141adc1\" data-element_type=\"section\">\n\t\t\t\t\t\t<div class=\"elementor-container elementor-column-gap-default\">\n\t\t\t\t\t<div class=\"elementor-column elementor-col-100 elementor-inner-column elementor-element elementor-element-888b818\" data-id=\"888b818\" data-element_type=\"column\">\n\t\t\t<div class=\"elementor-widget-wrap\">\n\t\t\t\t\t\t\t<\/div>\n\t\t<\/div>\n\t\t\t\t\t<\/div>\n\t\t<\/section>\n\t\t\t\t\t<\/div>\n\t\t<\/div>\n\t\t\t\t<div class=\"elementor-column elementor-col-50 elementor-top-column elementor-element elementor-element-d4d3aae\" data-id=\"d4d3aae\" data-element_type=\"column\" data-settings=\"{&quot;background_background&quot;:&quot;classic&quot;}\">\n\t\t\t<div class=\"elementor-widget-wrap elementor-element-populated\">\n\t\t\t\t\t\t<section class=\"elementor-section elementor-inner-section elementor-element elementor-element-2a25347 elementor-section-boxed elementor-section-height-default elementor-section-height-default\" data-id=\"2a25347\" data-element_type=\"section\">\n\t\t\t\t\t\t<div class=\"elementor-container elementor-column-gap-default\">\n\t\t\t\t\t<div class=\"elementor-column elementor-col-100 elementor-inner-column elementor-element elementor-element-fcce3d3\" data-id=\"fcce3d3\" data-element_type=\"column\">\n\t\t\t<div class=\"elementor-widget-wrap\">\n\t\t\t\t\t\t\t<\/div>\n\t\t<\/div>\n\t\t\t\t\t<\/div>\n\t\t<\/section>\n\t\t\t\t\t<\/div>\n\t\t<\/div>\n\t\t\t\t\t<\/div>\n\t\t<\/section>\n\t\t\t\t<\/div>","protected":false},"excerpt":{"rendered":"<p>K\u00f6rperpeelingF\u00fcr frische &#038; gepflegte HautKontakt aufnehmen K\u00f6rperpeeling \u2013 Pure Erneuerung f\u00fcr Ihre Haut Schenken Sie Ihrem K\u00f6rper die Aufmerksamkeit, die er verdient. Ein K\u00f6rperpeeling ist weit mehr als nur eine Reinigung: Es befreit die Haut sanft von abgestorbenen Hautsch\u00fcppchen, regt die Durchblutung an und f\u00f6rdert die Zellerneuerung. Das Ergebnis ist ein unvergleichlich glattes, strahlendes Hautbild [&hellip;]<\/p>\n","protected":false},"author":2,"featured_media":26400,"parent":5391,"menu_order":0,"comment_status":"closed","ping_status":"closed","template":"","meta":{"footnotes":""},"class_list":["post-26387","page","type-page","status-publish","has-post-thumbnail","hentry"],"yoast_head":"<!-- This site is optimized with the Yoast SEO plugin v25.2 - https:\/\/yoast.com\/wordpress\/plugins\/seo\/ -->\n<title>Thalasso K\u00f6rperpeeling St. Gallen | Meeresalgen Kur | Sakura Spa<\/title>\n<meta name=\"description\" content=\"\ud83c\udf0a Kraft des Meeres erleben: Thalasso Mare Peeling im Sakura Spa St. Gallen. \ud83d\udc8e Entschlackend &amp; festigend. \u2728 Jetzt Termin vereinbaren! \u2705\" \/>\n<meta name=\"robots\" content=\"index, follow, max-snippet:-1, max-image-preview:large, max-video-preview:-1\" \/>\n<link rel=\"canonical\" href=\"https:\/\/www.sakura-spa.ch\/fr\/produits-de-beaute\/gommage-corporel-2\/\" \/>\n<meta property=\"og:locale\" content=\"fr_FR\" \/>\n<meta property=\"og:type\" content=\"article\" \/>\n<meta property=\"og:title\" content=\"Thalasso K\u00f6rperpeeling St. Gallen | Meeresalgen Kur | Sakura Spa\" \/>\n<meta property=\"og:description\" content=\"\ud83c\udf0a Kraft des Meeres erleben: Thalasso Mare Peeling im Sakura Spa St. Gallen. \ud83d\udc8e Entschlackend &amp; festigend. \u2728 Jetzt Termin vereinbaren! \u2705\" \/>\n<meta property=\"og:url\" content=\"https:\/\/www.sakura-spa.ch\/fr\/produits-de-beaute\/gommage-corporel-2\/\" \/>\n<meta property=\"og:site_name\" content=\"Sakura Spa in St. Gallen\" \/>\n<meta property=\"article:modified_time\" content=\"2026-04-09T18:11:43+00:00\" \/>\n<meta property=\"og:image\" content=\"https:\/\/www.sakura-spa.ch\/wp-content\/uploads\/Koerperpeeling.jpg\" \/>\n\t<meta property=\"og:image:width\" content=\"2121\" \/>\n\t<meta property=\"og:image:height\" content=\"1414\" \/>\n\t<meta property=\"og:image:type\" content=\"image\/jpeg\" \/>\n<meta name=\"twitter:card\" content=\"summary_large_image\" \/>\n<script type=\"application\/ld+json\" class=\"yoast-schema-graph\">{\"@context\":\"https:\/\/schema.org\",\"@graph\":[{\"@type\":\"WebPage\",\"@id\":\"https:\/\/www.sakura-spa.ch\/kosmetik\/koerperpeeling-2\/\",\"url\":\"https:\/\/www.sakura-spa.ch\/kosmetik\/koerperpeeling-2\/\",\"name\":\"Thalasso K\u00f6rperpeeling St. Gallen | Meeresalgen Kur | Sakura Spa\",\"isPartOf\":{\"@id\":\"https:\/\/www.sakura-spa.ch\/#website\"},\"primaryImageOfPage\":{\"@id\":\"https:\/\/www.sakura-spa.ch\/kosmetik\/koerperpeeling-2\/#primaryimage\"},\"image\":{\"@id\":\"https:\/\/www.sakura-spa.ch\/kosmetik\/koerperpeeling-2\/#primaryimage\"},\"thumbnailUrl\":\"https:\/\/www.sakura-spa.ch\/wp-content\/uploads\/Koerperpeeling.jpg\",\"datePublished\":\"2026-03-30T15:34:05+00:00\",\"dateModified\":\"2026-04-09T18:11:43+00:00\",\"description\":\"\ud83c\udf0a Kraft des Meeres erleben: Thalasso Mare Peeling im Sakura Spa St. Gallen. \ud83d\udc8e Entschlackend & festigend. \u2728 Jetzt Termin vereinbaren! \u2705\",\"breadcrumb\":{\"@id\":\"https:\/\/www.sakura-spa.ch\/kosmetik\/koerperpeeling-2\/#breadcrumb\"},\"inLanguage\":\"fr-FR\",\"potentialAction\":[{\"@type\":\"ReadAction\",\"target\":[\"https:\/\/www.sakura-spa.ch\/kosmetik\/koerperpeeling-2\/\"]}]},{\"@type\":\"ImageObject\",\"inLanguage\":\"fr-FR\",\"@id\":\"https:\/\/www.sakura-spa.ch\/kosmetik\/koerperpeeling-2\/#primaryimage\",\"url\":\"https:\/\/www.sakura-spa.ch\/wp-content\/uploads\/Koerperpeeling.jpg\",\"contentUrl\":\"https:\/\/www.sakura-spa.ch\/wp-content\/uploads\/Koerperpeeling.jpg\",\"width\":2121,\"height\":1414,\"caption\":\"Young woman enjoys body scrub at spa at luxury resort, Whistler, B.C.\"},{\"@type\":\"BreadcrumbList\",\"@id\":\"https:\/\/www.sakura-spa.ch\/kosmetik\/koerperpeeling-2\/#breadcrumb\",\"itemListElement\":[{\"@type\":\"ListItem\",\"position\":1,\"name\":\"Startseite\",\"item\":\"https:\/\/www.sakura-spa.ch\/\"},{\"@type\":\"ListItem\",\"position\":2,\"name\":\"Kosmetik\",\"item\":\"https:\/\/www.sakura-spa.ch\/kosmetik\/\"},{\"@type\":\"ListItem\",\"position\":3,\"name\":\"K\u00f6rperpeeling\"}]},{\"@type\":\"WebSite\",\"@id\":\"https:\/\/www.sakura-spa.ch\/#website\",\"url\":\"https:\/\/www.sakura-spa.ch\/\",\"name\":\"Sakura Spa in St. Gallen\",\"description\":\"Kosmetik, Wellness und Massage\",\"potentialAction\":[{\"@type\":\"SearchAction\",\"target\":{\"@type\":\"EntryPoint\",\"urlTemplate\":\"https:\/\/www.sakura-spa.ch\/?s={search_term_string}\"},\"query-input\":{\"@type\":\"PropertyValueSpecification\",\"valueRequired\":true,\"valueName\":\"search_term_string\"}}],\"inLanguage\":\"fr-FR\"}]}<\/script>\n<!-- \/ Yoast SEO plugin. -->","yoast_head_json":{"title":"Gommage corporel Thalasso \u00e0 Saint-Gall | Soin aux algues | Spa Sakura","description":"\ud83c\udf0a D\u00e9couvrez le pouvoir de la mer\u00a0: Gommage Thalasso Mare au Sakura Spa de Saint-Gall. \ud83d\udc8e D\u00e9toxifiant et raffermissant. \u2728 Prenez rendez-vous d\u00e8s maintenant\u00a0! \u2705","robots":{"index":"index","follow":"follow","max-snippet":"max-snippet:-1","max-image-preview":"max-image-preview:large","max-video-preview":"max-video-preview:-1"},"canonical":"https:\/\/www.sakura-spa.ch\/fr\/produits-de-beaute\/gommage-corporel-2\/","og_locale":"fr_FR","og_type":"article","og_title":"Thalasso K\u00f6rperpeeling St. Gallen | Meeresalgen Kur | Sakura Spa","og_description":"\ud83c\udf0a Kraft des Meeres erleben: Thalasso Mare Peeling im Sakura Spa St. Gallen. \ud83d\udc8e Entschlackend & festigend. \u2728 Jetzt Termin vereinbaren! \u2705","og_url":"https:\/\/www.sakura-spa.ch\/fr\/produits-de-beaute\/gommage-corporel-2\/","og_site_name":"Sakura Spa in St. Gallen","article_modified_time":"2026-04-09T18:11:43+00:00","og_image":[{"width":2121,"height":1414,"url":"https:\/\/www.sakura-spa.ch\/wp-content\/uploads\/Koerperpeeling.jpg","type":"image\/jpeg"}],"twitter_card":"summary_large_image","schema":{"@context":"https:\/\/schema.org","@graph":[{"@type":"WebPage","@id":"https:\/\/www.sakura-spa.ch\/kosmetik\/koerperpeeling-2\/","url":"https:\/\/www.sakura-spa.ch\/kosmetik\/koerperpeeling-2\/","name":"Gommage corporel Thalasso \u00e0 Saint-Gall | Soin aux algues | Spa Sakura","isPartOf":{"@id":"https:\/\/www.sakura-spa.ch\/#website"},"primaryImageOfPage":{"@id":"https:\/\/www.sakura-spa.ch\/kosmetik\/koerperpeeling-2\/#primaryimage"},"image":{"@id":"https:\/\/www.sakura-spa.ch\/kosmetik\/koerperpeeling-2\/#primaryimage"},"thumbnailUrl":"https:\/\/www.sakura-spa.ch\/wp-content\/uploads\/Koerperpeeling.jpg","datePublished":"2026-03-30T15:34:05+00:00","dateModified":"2026-04-09T18:11:43+00:00","description":"\ud83c\udf0a D\u00e9couvrez le pouvoir de la mer\u00a0: Gommage Thalasso Mare au Sakura Spa de Saint-Gall. \ud83d\udc8e D\u00e9toxifiant et raffermissant. \u2728 Prenez rendez-vous d\u00e8s maintenant\u00a0! \u2705","breadcrumb":{"@id":"https:\/\/www.sakura-spa.ch\/kosmetik\/koerperpeeling-2\/#breadcrumb"},"inLanguage":"fr-FR","potentialAction":[{"@type":"ReadAction","target":["https:\/\/www.sakura-spa.ch\/kosmetik\/koerperpeeling-2\/"]}]},{"@type":"ImageObject","inLanguage":"fr-FR","@id":"https:\/\/www.sakura-spa.ch\/kosmetik\/koerperpeeling-2\/#primaryimage","url":"https:\/\/www.sakura-spa.ch\/wp-content\/uploads\/Koerperpeeling.jpg","contentUrl":"https:\/\/www.sakura-spa.ch\/wp-content\/uploads\/Koerperpeeling.jpg","width":2121,"height":1414,"caption":"Young woman enjoys body scrub at spa at luxury resort, Whistler, B.C."},{"@type":"BreadcrumbList","@id":"https:\/\/www.sakura-spa.ch\/kosmetik\/koerperpeeling-2\/#breadcrumb","itemListElement":[{"@type":"ListItem","position":1,"name":"Startseite","item":"https:\/\/www.sakura-spa.ch\/"},{"@type":"ListItem","position":2,"name":"Kosmetik","item":"https:\/\/www.sakura-spa.ch\/kosmetik\/"},{"@type":"ListItem","position":3,"name":"K\u00f6rperpeeling"}]},{"@type":"WebSite","@id":"https:\/\/www.sakura-spa.ch\/#website","url":"https:\/\/www.sakura-spa.ch\/","name":"Spa Sakura \u00e0 Saint-Gall","description":"Cosm\u00e9tiques, Bien-\u00eatre et Massages","potentialAction":[{"@type":"SearchAction","target":{"@type":"EntryPoint","urlTemplate":"https:\/\/www.sakura-spa.ch\/?s={search_term_string}"},"query-input":{"@type":"PropertyValueSpecification","valueRequired":true,"valueName":"search_term_string"}}],"inLanguage":"fr-FR"}]}},"_links":{"self":[{"href":"https:\/\/www.sakura-spa.ch\/fr\/wp-json\/wp\/v2\/pages\/26387","targetHints":{"allow":["GET"]}}],"collection":[{"href":"https:\/\/www.sakura-spa.ch\/fr\/wp-json\/wp\/v2\/pages"}],"about":[{"href":"https:\/\/www.sakura-spa.ch\/fr\/wp-json\/wp\/v2\/types\/page"}],"author":[{"embeddable":true,"href":"https:\/\/www.sakura-spa.ch\/fr\/wp-json\/wp\/v2\/users\/2"}],"replies":[{"embeddable":true,"href":"https:\/\/www.sakura-spa.ch\/fr\/wp-json\/wp\/v2\/comments?post=26387"}],"version-history":[{"count":13,"href":"https:\/\/www.sakura-spa.ch\/fr\/wp-json\/wp\/v2\/pages\/26387\/revisions"}],"predecessor-version":[{"id":26403,"href":"https:\/\/www.sakura-spa.ch\/fr\/wp-json\/wp\/v2\/pages\/26387\/revisions\/26403"}],"up":[{"embeddable":true,"href":"https:\/\/www.sakura-spa.ch\/fr\/wp-json\/wp\/v2\/pages\/5391"}],"wp:featuredmedia":[{"embeddable":true,"href":"https:\/\/www.sakura-spa.ch\/fr\/wp-json\/wp\/v2\/media\/26400"}],"wp:attachment":[{"href":"https:\/\/www.sakura-spa.ch\/fr\/wp-json\/wp\/v2\/media?parent=26387"}],"curies":[{"name":"wp","href":"https:\/\/api.w.org\/{rel}","templated":true}]}}