{"id":26586,"date":"2026-04-08T22:21:42","date_gmt":"2026-04-08T20:21:42","guid":{"rendered":"https:\/\/www.sakura-spa.ch\/?page_id=26586"},"modified":"2026-04-13T23:50:44","modified_gmt":"2026-04-13T21:50:44","slug":"massage-anti-cellulite-a-saint-gall","status":"publish","type":"page","link":"https:\/\/www.sakura-spa.ch\/fr\/produits-de-beaute\/massage-anti-cellulite-a-saint-gall\/","title":{"rendered":"Traitement intensif anti-cellulite \u00e0 Saint-Gall\u00a0: ventouses et remodelage des fascias"},"content":{"rendered":"<div data-elementor-type=\"wp-page\" data-elementor-id=\"26586\" class=\"elementor elementor-26586\" data-elementor-post-type=\"page\">\n\t\t\t\t\t\t<section class=\"elementor-section elementor-top-section elementor-element elementor-element-4c057f51 elementor-section-full_width elementor-section-height-default elementor-section-height-default\" data-id=\"4c057f51\" data-element_type=\"section\">\n\t\t\t\t\t\t<div class=\"elementor-container elementor-column-gap-no\">\n\t\t\t\t\t<div class=\"elementor-column elementor-col-100 elementor-top-column elementor-element elementor-element-71bbe7dd\" data-id=\"71bbe7dd\" data-element_type=\"column\">\n\t\t\t<div class=\"elementor-widget-wrap elementor-element-populated\">\n\t\t\t\t\t\t<div class=\"elementor-element elementor-element-4c5c10b6 elementor--h-position-left elementor--v-position-middle elementor-widget elementor-widget-slides\" data-id=\"4c5c10b6\" data-element_type=\"widget\" data-settings=\"{&quot;navigation&quot;:&quot;none&quot;,&quot;autoplay&quot;:&quot;yes&quot;,&quot;pause_on_hover&quot;:&quot;yes&quot;,&quot;pause_on_interaction&quot;:&quot;yes&quot;,&quot;autoplay_speed&quot;:5000,&quot;infinite&quot;:&quot;yes&quot;,&quot;transition&quot;:&quot;slide&quot;,&quot;transition_speed&quot;:500}\" data-widget_type=\"slides.default\">\n\t\t\t\t<div class=\"elementor-widget-container\">\n\t\t\t\t\t\t\t\t\t<div class=\"elementor-swiper\">\n\t\t\t\t\t<div class=\"elementor-slides-wrapper elementor-main-swiper swiper\" role=\"region\" aria-roledescription=\"carousel\" aria-label=\"curseur\" dir=\"ltr\" data-animation=\"fadeInUp\">\n\t\t\t\t<div class=\"swiper-wrapper elementor-slides\">\n\t\t\t\t\t\t\t\t\t\t<div class=\"elementor-repeater-item-11679b6 swiper-slide\" role=\"group\" aria-roledescription=\"slide\"><div class=\"swiper-slide-bg elementor-ken-burns elementor-ken-burns--in\" role=\"img\"><\/div><div class=\"swiper-slide-inner\" ><div class=\"swiper-slide-contents\"><div class=\"elementor-slide-heading\">Remodelage et d\u00e9toxification des fascias<\/div><div class=\"elementor-slide-description\"> Traitement intensif anti-cellulite \u00e0 Saint-Gall<\/div><a href=\"#elementor-action%3Aaction%3Dpopup%3Aopen%26settings%3DeyJpZCI6IjM1IiwidG9nZ2xlIjpmYWxzZX0%3D\" class=\"elementor-button elementor-slide-button elementor-size-md\">Veuillez indiquer la date que vous pr\u00e9f\u00e9rez.<\/a><\/div><\/div><\/div><div class=\"elementor-repeater-item-3e1ba6e swiper-slide\" role=\"group\" aria-roledescription=\"slide\"><div class=\"swiper-slide-bg elementor-ken-burns elementor-ken-burns--in\" role=\"img\"><\/div><div class=\"swiper-slide-inner\" ><div class=\"swiper-slide-contents\"><div class=\"elementor-slide-heading\"> Traitement intensif anti-cellulite \u00e0 Saint-Gall<\/div><div class=\"elementor-slide-description\">Des r\u00e9sultats visibles gr\u00e2ce \u00e0 la technologie du vide moderne<\/div><a href=\"#elementor-action%3Aaction%3Dpopup%3Aopen%26settings%3DeyJpZCI6IjM1IiwidG9nZ2xlIjpmYWxzZX0%3D\" class=\"elementor-button elementor-slide-button elementor-size-md\">Veuillez indiquer la date que vous pr\u00e9f\u00e9rez.<\/a><\/div><\/div><\/div>\t\t\t\t<\/div>\n\t\t\t\t\t\t\t\t\t\t\t\t\t\t\t\t\t\t\t\t\t<\/div>\n\t\t\t\t<\/div>\n\t\t\t\t\t\t\t\t<\/div>\n\t\t\t\t<\/div>\n\t\t\t\t\t<\/div>\n\t\t<\/div>\n\t\t\t\t\t<\/div>\n\t\t<\/section>\n\t\t\t\t<section class=\"elementor-section elementor-top-section elementor-element elementor-element-53f712c3 elementor-section-boxed elementor-section-height-default elementor-section-height-default\" data-id=\"53f712c3\" data-element_type=\"section\" data-settings=\"{&quot;background_background&quot;:&quot;classic&quot;}\">\n\t\t\t\t\t\t\t<div class=\"elementor-background-overlay\"><\/div>\n\t\t\t\t\t\t\t<div class=\"elementor-container elementor-column-gap-default\">\n\t\t\t\t\t<div class=\"elementor-column elementor-col-100 elementor-top-column elementor-element elementor-element-12af9689\" data-id=\"12af9689\" data-element_type=\"column\">\n\t\t\t<div class=\"elementor-widget-wrap elementor-element-populated\">\n\t\t\t\t\t\t<div class=\"elementor-element elementor-element-468a84b7 elementor-widget elementor-widget-global elementor-global-332 elementor-widget-breadcrumbs\" data-id=\"468a84b7\" data-element_type=\"widget\" data-widget_type=\"breadcrumbs.default\">\n\t\t\t\t<div class=\"elementor-widget-container\">\n\t\t\t\t\t<p id=\"breadcrumbs\"><span><span><a href=\"https:\/\/www.sakura-spa.ch\/fr\/\">page d&#039;accueil<\/a><\/span><\/span><\/p>\t\t\t\t<\/div>\n\t\t\t\t<\/div>\n\t\t\t\t\t<\/div>\n\t\t<\/div>\n\t\t\t\t\t<\/div>\n\t\t<\/section>\n\t\t\t\t<section class=\"elementor-section elementor-top-section elementor-element elementor-element-06811a5 elementor-section-boxed elementor-section-height-default elementor-section-height-default\" data-id=\"06811a5\" data-element_type=\"section\">\n\t\t\t\t\t\t<div class=\"elementor-container elementor-column-gap-default\">\n\t\t\t\t\t<div class=\"elementor-column elementor-col-100 elementor-top-column elementor-element elementor-element-33e6687\" data-id=\"33e6687\" data-element_type=\"column\">\n\t\t\t<div class=\"elementor-widget-wrap elementor-element-populated\">\n\t\t\t\t\t\t<div class=\"elementor-element elementor-element-c90083c elementor-widget elementor-widget-heading\" data-id=\"c90083c\" data-element_type=\"widget\" data-widget_type=\"heading.default\">\n\t\t\t\t<div class=\"elementor-widget-container\">\n\t\t\t\t\t<h1 class=\"elementor-heading-title elementor-size-default\">Soin anti-cellulite intensif\u00a0: remodelage efficace des fascias et massage par ventouses<\/h1>\t\t\t\t<\/div>\n\t\t\t\t<\/div>\n\t\t\t\t\t<\/div>\n\t\t<\/div>\n\t\t\t\t\t<\/div>\n\t\t<\/section>\n\t\t\t\t<section class=\"elementor-section elementor-top-section elementor-element elementor-element-86c9042 elementor-section-boxed elementor-section-height-default elementor-section-height-default\" data-id=\"86c9042\" data-element_type=\"section\">\n\t\t\t\t\t\t<div class=\"elementor-container elementor-column-gap-default\">\n\t\t\t\t\t<div class=\"elementor-column elementor-col-100 elementor-top-column elementor-element elementor-element-22c33ac\" data-id=\"22c33ac\" data-element_type=\"column\">\n\t\t\t<div class=\"elementor-widget-wrap elementor-element-populated\">\n\t\t\t\t\t\t<div class=\"elementor-element elementor-element-44582dd elementor-widget elementor-widget-text-editor\" data-id=\"44582dd\" data-element_type=\"widget\" data-widget_type=\"text-editor.default\">\n\t\t\t\t<div class=\"elementor-widget-container\">\n\t\t\t\t\t\t\t\t\t<p>Dites adieu aux jambes lourdes et au teint irr\u00e9gulier. Nos sp\u00e9cialistes <strong>Traitement intensif anti-cellulite<\/strong> Au Sakura Spa de Saint-Gall, offrez-vous une revitalisation intense de votre silhouette. Gr\u00e2ce \u00e0 l&#039;association pr\u00e9cise de techniques manuelles et de la m\u00e9thode tr\u00e8s efficace des ventouses, nous redessinons l&#039;apparence de la peau de vos jambes et de vos fesses, en ciblant sp\u00e9cifiquement la cellulite et le rel\u00e2chement cutan\u00e9.<\/p>\t\t\t\t\t\t\t\t<\/div>\n\t\t\t\t<\/div>\n\t\t\t\t<div class=\"elementor-element elementor-element-71e7c42 elementor-widget elementor-widget-heading\" data-id=\"71e7c42\" data-element_type=\"widget\" data-widget_type=\"heading.default\">\n\t\t\t\t<div class=\"elementor-widget-container\">\n\t\t\t\t\t<h2 class=\"elementor-heading-title elementor-size-default\">Focus sur les jambes et les fesses\u00a0: comment fonctionne le traitement<\/h2>\t\t\t\t<\/div>\n\t\t\t\t<\/div>\n\t\t\t\t<div class=\"elementor-element elementor-element-535baa2 elementor-widget elementor-widget-text-editor\" data-id=\"535baa2\" data-element_type=\"widget\" data-widget_type=\"text-editor.default\">\n\t\t\t\t<div class=\"elementor-widget-container\">\n\t\t\t\t\t\t\t\t\t<p>En plus du massage manuel \u00e0 l&#039;huile de romarin activatrice et stimulante pour la circulation, notre th\u00e9rapeute utilise la technique des ventouses pour un raffermissement cibl\u00e9 des tissus. Pour optimiser les r\u00e9sultats, nous int\u00e9grons un traitement de haute technologie \u00e0 base d&#039;ingr\u00e9dients actifs qui p\u00e9n\u00e8tre en profondeur dans les tissus mobilis\u00e9s. Cette m\u00e9thode agit en profondeur \u00e0 trois niveaux\u00a0:<\/p><ul><li><strong>Rel\u00e2chement et lissage des fascias\u00a0:<\/strong> Les adh\u00e9rences du tissu conjonctif \u2013 responsables des capitons \u2013 sont lib\u00e9r\u00e9es en douceur mais efficacement. Simultan\u00e9ment, l&#039;acide hyaluronique de faible poids mol\u00e9culaire repulpe les tissus de l&#039;int\u00e9rieur, procurant une fermet\u00e9 imm\u00e9diate.<\/li><li><strong>Stimulation du m\u00e9tabolisme (lipolyse)<\/strong>La caf\u00e9ine hautement concentr\u00e9e et les extraits de plantes stimulent la combustion des graisses directement dans les zones probl\u00e9matiques et aident le corps \u00e0 r\u00e9duire les d\u00e9p\u00f4ts localis\u00e9s.<\/li><li><strong>Activation lymphatique et l\u00e9g\u00e8ret\u00e9<\/strong>La pression n\u00e9gative ainsi cr\u00e9\u00e9e favorise la circulation des fluides stagnants vers le syst\u00e8me lymphatique. Gr\u00e2ce \u00e0 l&#039;extrait de marron d&#039;Inde, les parois des vaisseaux sont renforc\u00e9es, procurant une sensation de l\u00e9g\u00e8ret\u00e9 perceptible.<\/li><\/ul>\t\t\t\t\t\t\t\t<\/div>\n\t\t\t\t<\/div>\n\t\t\t\t<div class=\"elementor-element elementor-element-9b2cdd5 elementor-widget elementor-widget-heading\" data-id=\"9b2cdd5\" data-element_type=\"widget\" data-widget_type=\"heading.default\">\n\t\t\t\t<div class=\"elementor-widget-container\">\n\t\t\t\t\t<h2 class=\"elementor-heading-title elementor-size-default\">Votre chemin vers un succ\u00e8s visible\u00a0: pourquoi un programme de traitement est le meilleur choix\n<\/h2>\t\t\t\t<\/div>\n\t\t\t\t<\/div>\n\t\t\t\t<div class=\"elementor-element elementor-element-e92dc87 elementor-widget elementor-widget-text-editor\" data-id=\"e92dc87\" data-element_type=\"widget\" data-widget_type=\"text-editor.default\">\n\t\t\t\t<div class=\"elementor-widget-container\">\n\t\t\t\t\t\t\t\t\t<p>La cellulite et le rel\u00e2chement des tissus conjonctifs se d\u00e9veloppent sur plusieurs ann\u00e9es\u00a0; un changement durable exige donc du temps et de la r\u00e9gularit\u00e9. Une seule s\u00e9ance apporte un b\u00e9n\u00e9fice appr\u00e9ciable, mais seul le programme intensif de 5\u00a0s\u00e9ances permet d\u2019exploiter pleinement son potentiel pour am\u00e9liorer l\u2019apparence de votre peau.<\/p><ul><li><strong>L&#039;effet de construction : <\/strong>Chaque s\u00e9ance s&#039;appuie sur la pr\u00e9c\u00e9dente. Les tissus s&#039;assouplissent progressivement, permettant aux agents raffermissants de p\u00e9n\u00e9trer plus profond\u00e9ment dans les couches graisseuses \u00e0 chaque rendez-vous.<\/li><li><strong>Activation permanente\u00a0:<\/strong> Seule une stimulation r\u00e9guli\u00e8re pendant plusieurs semaines permet de stimuler durablement la production naturelle de collag\u00e8ne et d&#039;\u00e9lastine par l&#039;organisme. Il en r\u00e9sulte une silhouette ferme et tonique.<\/li><li><strong>Votre avantage :<\/strong> En choisissant un soin spa, vous restez concentr\u00e9 sur votre objectif tout en b\u00e9n\u00e9ficiant d&#039;un tarif avantageux par rapport aux r\u00e9servations individuelles.<\/li><\/ul>\t\t\t\t\t\t\t\t<\/div>\n\t\t\t\t<\/div>\n\t\t\t\t<div class=\"elementor-element elementor-element-ba3ec61 elementor-widget elementor-widget-heading\" data-id=\"ba3ec61\" data-element_type=\"widget\" data-widget_type=\"heading.default\">\n\t\t\t\t<div class=\"elementor-widget-container\">\n\t\t\t\t\t<h2 class=\"elementor-heading-title elementor-size-default\">Tarifs et offres spa<\/h2>\t\t\t\t<\/div>\n\t\t\t\t<\/div>\n\t\t\t\t<div class=\"elementor-element elementor-element-86264a3 elementor-widget elementor-widget-text-editor\" data-id=\"86264a3\" data-element_type=\"widget\" data-widget_type=\"text-editor.default\">\n\t\t\t\t<div class=\"elementor-widget-container\">\n\t\t\t\t\t\t\t\t\t<div class=\"Y3BBE\" data-sfc-cp=\"\" data-sfc-root=\"c\" data-sfc-cb=\"\" data-hveid=\"CAEIDhAA\" data-complete=\"true\" data-processed=\"true\">Pour des r\u00e9sultats optimaux et durables, nous recommandons notre traitement intensif.<br \/><br \/><\/div><ul class=\"KsbFXc U6u95\" data-sfc-root=\"c\" data-sfc-cb=\"\" data-complete=\"true\" data-processed=\"true\"><li class=\"dF3vjf\" data-sfc-root=\"c\" data-sfc-cb=\"\" data-hveid=\"CAEIDxAA\" data-complete=\"true\" data-sae=\"\"><span class=\"T286Pc\" data-sfc-cp=\"\" data-sfc-root=\"c\" data-sfc-cb=\"\" data-complete=\"true\"><strong class=\"Yjhzub\" data-sfc-root=\"c\" data-sfc-cb=\"\" data-complete=\"true\">S\u00e9ance individuelle (50 min) :<\/strong> 125 CHF<\/span><\/li><li class=\"dF3vjf\" data-sfc-root=\"c\" data-sfc-cb=\"\" data-hveid=\"CAEIDxAB\" data-complete=\"true\" data-sae=\"\"><span class=\"T286Pc\" data-sfc-cp=\"\" data-sfc-root=\"c\" data-sfc-cb=\"\" data-complete=\"true\"><strong class=\"Yjhzub\" data-sfc-root=\"c\" data-sfc-cb=\"\" data-complete=\"true\">Cours intensif de 5 s\u00e9ances (50 min) :<\/strong> 525 CHF <strong class=\"Yjhzub\" data-sfc-root=\"c\" data-sfc-cb=\"\" data-complete=\"true\">(Vous \u00e9conomisez 100 CHF par rapport \u00e0 une r\u00e9servation individuelle)<\/strong><\/span><\/li><\/ul><div data-sfc-cp=\"\" data-sfc-root=\"c\" data-sfc-cb=\"\" data-hveid=\"CAEIEBAA\" data-complete=\"true\" data-processed=\"true\">\u00a0<\/div><div class=\"Y3BBE\" data-sfc-cp=\"\" data-sfc-root=\"c\" data-sfc-cb=\"\" data-hveid=\"CAEIEBAA\" data-complete=\"true\" data-processed=\"true\"><em class=\"eujQNb\" data-sfc-root=\"c\" data-sfc-cb=\"\" data-complete=\"true\" data-processed=\"true\" aria-owns=\"action-menu-parent-container\">Remarque : Ce traitement sp\u00e9cial est disponible le [date]. <strong class=\"Yjhzub\" data-sfc-root=\"c\" data-sfc-cb=\"\" data-complete=\"true\" data-processed=\"true\">Mardi, jeudi et samedi<\/strong> R\u00e9servable.<\/em><\/div>\t\t\t\t\t\t\t\t<\/div>\n\t\t\t\t<\/div>\n\t\t\t\t\t<\/div>\n\t\t<\/div>\n\t\t\t\t\t<\/div>\n\t\t<\/section>\n\t\t\t\t<\/div>","protected":false},"excerpt":{"rendered":"<p>Faszien-Shaping &#038; Detox Intensive Anti-Cellulite-Behandlung in St. GallenWunschtermin anfragen Intensive Anti-Cellulite-Behandlung in St. GallenSichtbare Ergebnisse durch moderne Vakuum-TechnikWunschtermin anfragen Anti-Cellulite Intensiv: Effektives Faszien-Shaping &amp; Schr\u00f6pfmassage Verabschieden Sie sich von schweren Beinen und unebener Haut. Unsere spezialisierte Anti-Cellulite-Intensivbehandlung im Sakura Spa St. Gallen ist eine wirkungsvolle Neubelebung f\u00fcr Ihre Silhouette. Durch die pr\u00e4zise Kombination aus manuellen [&hellip;]<\/p>\n","protected":false},"author":2,"featured_media":26127,"parent":5391,"menu_order":0,"comment_status":"closed","ping_status":"closed","template":"","meta":{"footnotes":""},"class_list":["post-26586","page","type-page","status-publish","has-post-thumbnail","hentry"],"yoast_head":"<!-- This site is optimized with the Yoast SEO plugin v25.2 - https:\/\/yoast.com\/wordpress\/plugins\/seo\/ -->\n<title>Anti-Cellulite St. Gallen | Schr\u00f6pfen &amp; Faszien-Shaping \ud83c\udf38<\/title>\n<meta name=\"description\" content=\"Strafferes Gewebe &amp; glatte Konturen. \u2728 Erleben Sie unser Shaping-Ritual im Sakura Spa St. Gallen. Jetzt buchen! \u2705\" \/>\n<meta name=\"robots\" content=\"index, follow, max-snippet:-1, max-image-preview:large, max-video-preview:-1\" \/>\n<link rel=\"canonical\" href=\"https:\/\/www.sakura-spa.ch\/fr\/produits-de-beaute\/massage-anti-cellulite-a-saint-gall\/\" \/>\n<meta property=\"og:locale\" content=\"fr_FR\" \/>\n<meta property=\"og:type\" content=\"article\" \/>\n<meta property=\"og:title\" content=\"Anti-Cellulite St. Gallen | Schr\u00f6pfen &amp; Faszien-Shaping \ud83c\udf38\" \/>\n<meta property=\"og:description\" content=\"Strafferes Gewebe &amp; glatte Konturen. \u2728 Erleben Sie unser Shaping-Ritual im Sakura Spa St. Gallen. Jetzt buchen! \u2705\" \/>\n<meta property=\"og:url\" content=\"https:\/\/www.sakura-spa.ch\/fr\/produits-de-beaute\/massage-anti-cellulite-a-saint-gall\/\" \/>\n<meta property=\"og:site_name\" content=\"Sakura Spa in St. Gallen\" \/>\n<meta property=\"article:modified_time\" content=\"2026-04-13T21:50:44+00:00\" \/>\n<meta property=\"og:image\" content=\"https:\/\/www.sakura-spa.ch\/wp-content\/uploads\/Anti-Cellulite-Massage.jpg\" \/>\n\t<meta property=\"og:image:width\" content=\"2120\" \/>\n\t<meta property=\"og:image:height\" content=\"1415\" \/>\n\t<meta property=\"og:image:type\" content=\"image\/jpeg\" \/>\n<meta name=\"twitter:card\" content=\"summary_large_image\" \/>\n<script type=\"application\/ld+json\" class=\"yoast-schema-graph\">{\"@context\":\"https:\/\/schema.org\",\"@graph\":[{\"@type\":\"WebPage\",\"@id\":\"https:\/\/www.sakura-spa.ch\/kosmetik\/anti-cellulite-massage-st-gallen\/\",\"url\":\"https:\/\/www.sakura-spa.ch\/kosmetik\/anti-cellulite-massage-st-gallen\/\",\"name\":\"Anti-Cellulite St. Gallen | Schr\u00f6pfen & Faszien-Shaping \ud83c\udf38\",\"isPartOf\":{\"@id\":\"https:\/\/www.sakura-spa.ch\/#website\"},\"primaryImageOfPage\":{\"@id\":\"https:\/\/www.sakura-spa.ch\/kosmetik\/anti-cellulite-massage-st-gallen\/#primaryimage\"},\"image\":{\"@id\":\"https:\/\/www.sakura-spa.ch\/kosmetik\/anti-cellulite-massage-st-gallen\/#primaryimage\"},\"thumbnailUrl\":\"https:\/\/www.sakura-spa.ch\/wp-content\/uploads\/Anti-Cellulite-Massage.jpg\",\"datePublished\":\"2026-04-08T20:21:42+00:00\",\"dateModified\":\"2026-04-13T21:50:44+00:00\",\"description\":\"Strafferes Gewebe & glatte Konturen. \u2728 Erleben Sie unser Shaping-Ritual im Sakura Spa St. Gallen. Jetzt buchen! \u2705\",\"breadcrumb\":{\"@id\":\"https:\/\/www.sakura-spa.ch\/kosmetik\/anti-cellulite-massage-st-gallen\/#breadcrumb\"},\"inLanguage\":\"fr-FR\",\"potentialAction\":[{\"@type\":\"ReadAction\",\"target\":[\"https:\/\/www.sakura-spa.ch\/kosmetik\/anti-cellulite-massage-st-gallen\/\"]}]},{\"@type\":\"ImageObject\",\"inLanguage\":\"fr-FR\",\"@id\":\"https:\/\/www.sakura-spa.ch\/kosmetik\/anti-cellulite-massage-st-gallen\/#primaryimage\",\"url\":\"https:\/\/www.sakura-spa.ch\/wp-content\/uploads\/Anti-Cellulite-Massage.jpg\",\"contentUrl\":\"https:\/\/www.sakura-spa.ch\/wp-content\/uploads\/Anti-Cellulite-Massage.jpg\",\"width\":2120,\"height\":1415,\"caption\":\"Close up of anti cellulite massage for young woman in wellness center. Perfect skin fat burning beauty concept\"},{\"@type\":\"BreadcrumbList\",\"@id\":\"https:\/\/www.sakura-spa.ch\/kosmetik\/anti-cellulite-massage-st-gallen\/#breadcrumb\",\"itemListElement\":[{\"@type\":\"ListItem\",\"position\":1,\"name\":\"Startseite\",\"item\":\"https:\/\/www.sakura-spa.ch\/\"},{\"@type\":\"ListItem\",\"position\":2,\"name\":\"Kosmetik\",\"item\":\"https:\/\/www.sakura-spa.ch\/kosmetik\/\"},{\"@type\":\"ListItem\",\"position\":3,\"name\":\"Anti-Cellulite Intensiv St. Gallen: Schr\u00f6pfen &#038; Faszien-Shaping\"}]},{\"@type\":\"WebSite\",\"@id\":\"https:\/\/www.sakura-spa.ch\/#website\",\"url\":\"https:\/\/www.sakura-spa.ch\/\",\"name\":\"Sakura Spa in St. Gallen\",\"description\":\"Kosmetik, Wellness und Massage\",\"potentialAction\":[{\"@type\":\"SearchAction\",\"target\":{\"@type\":\"EntryPoint\",\"urlTemplate\":\"https:\/\/www.sakura-spa.ch\/?s={search_term_string}\"},\"query-input\":{\"@type\":\"PropertyValueSpecification\",\"valueRequired\":true,\"valueName\":\"search_term_string\"}}],\"inLanguage\":\"fr-FR\"}]}<\/script>\n<!-- \/ Yoast SEO plugin. -->","yoast_head_json":{"title":"Traitement anti-cellulite \u00e0 Saint-Gall | Ventouses et remodelage des fascias \ud83c\udf38","description":"Tissus plus fermes et contours liss\u00e9s. \u2728 D\u00e9couvrez notre rituel de modelage au Sakura Spa de Saint-Gall. R\u00e9servez d\u00e8s maintenant\u00a0! \u2705","robots":{"index":"index","follow":"follow","max-snippet":"max-snippet:-1","max-image-preview":"max-image-preview:large","max-video-preview":"max-video-preview:-1"},"canonical":"https:\/\/www.sakura-spa.ch\/fr\/produits-de-beaute\/massage-anti-cellulite-a-saint-gall\/","og_locale":"fr_FR","og_type":"article","og_title":"Anti-Cellulite St. Gallen | Schr\u00f6pfen & Faszien-Shaping \ud83c\udf38","og_description":"Strafferes Gewebe & glatte Konturen. \u2728 Erleben Sie unser Shaping-Ritual im Sakura Spa St. Gallen. Jetzt buchen! \u2705","og_url":"https:\/\/www.sakura-spa.ch\/fr\/produits-de-beaute\/massage-anti-cellulite-a-saint-gall\/","og_site_name":"Sakura Spa in St. Gallen","article_modified_time":"2026-04-13T21:50:44+00:00","og_image":[{"width":2120,"height":1415,"url":"https:\/\/www.sakura-spa.ch\/wp-content\/uploads\/Anti-Cellulite-Massage.jpg","type":"image\/jpeg"}],"twitter_card":"summary_large_image","schema":{"@context":"https:\/\/schema.org","@graph":[{"@type":"WebPage","@id":"https:\/\/www.sakura-spa.ch\/kosmetik\/anti-cellulite-massage-st-gallen\/","url":"https:\/\/www.sakura-spa.ch\/kosmetik\/anti-cellulite-massage-st-gallen\/","name":"Traitement anti-cellulite \u00e0 Saint-Gall | Ventouses et remodelage des fascias \ud83c\udf38","isPartOf":{"@id":"https:\/\/www.sakura-spa.ch\/#website"},"primaryImageOfPage":{"@id":"https:\/\/www.sakura-spa.ch\/kosmetik\/anti-cellulite-massage-st-gallen\/#primaryimage"},"image":{"@id":"https:\/\/www.sakura-spa.ch\/kosmetik\/anti-cellulite-massage-st-gallen\/#primaryimage"},"thumbnailUrl":"https:\/\/www.sakura-spa.ch\/wp-content\/uploads\/Anti-Cellulite-Massage.jpg","datePublished":"2026-04-08T20:21:42+00:00","dateModified":"2026-04-13T21:50:44+00:00","description":"Tissus plus fermes et contours liss\u00e9s. \u2728 D\u00e9couvrez notre rituel de modelage au Sakura Spa de Saint-Gall. R\u00e9servez d\u00e8s maintenant\u00a0! \u2705","breadcrumb":{"@id":"https:\/\/www.sakura-spa.ch\/kosmetik\/anti-cellulite-massage-st-gallen\/#breadcrumb"},"inLanguage":"fr-FR","potentialAction":[{"@type":"ReadAction","target":["https:\/\/www.sakura-spa.ch\/kosmetik\/anti-cellulite-massage-st-gallen\/"]}]},{"@type":"ImageObject","inLanguage":"fr-FR","@id":"https:\/\/www.sakura-spa.ch\/kosmetik\/anti-cellulite-massage-st-gallen\/#primaryimage","url":"https:\/\/www.sakura-spa.ch\/wp-content\/uploads\/Anti-Cellulite-Massage.jpg","contentUrl":"https:\/\/www.sakura-spa.ch\/wp-content\/uploads\/Anti-Cellulite-Massage.jpg","width":2120,"height":1415,"caption":"Close up of anti cellulite massage for young woman in wellness center. Perfect skin fat burning beauty concept"},{"@type":"BreadcrumbList","@id":"https:\/\/www.sakura-spa.ch\/kosmetik\/anti-cellulite-massage-st-gallen\/#breadcrumb","itemListElement":[{"@type":"ListItem","position":1,"name":"Startseite","item":"https:\/\/www.sakura-spa.ch\/"},{"@type":"ListItem","position":2,"name":"Kosmetik","item":"https:\/\/www.sakura-spa.ch\/kosmetik\/"},{"@type":"ListItem","position":3,"name":"Anti-Cellulite Intensiv St. Gallen: Schr\u00f6pfen &#038; Faszien-Shaping"}]},{"@type":"WebSite","@id":"https:\/\/www.sakura-spa.ch\/#website","url":"https:\/\/www.sakura-spa.ch\/","name":"Spa Sakura \u00e0 Saint-Gall","description":"Cosm\u00e9tiques, Bien-\u00eatre et Massages","potentialAction":[{"@type":"SearchAction","target":{"@type":"EntryPoint","urlTemplate":"https:\/\/www.sakura-spa.ch\/?s={search_term_string}"},"query-input":{"@type":"PropertyValueSpecification","valueRequired":true,"valueName":"search_term_string"}}],"inLanguage":"fr-FR"}]}},"_links":{"self":[{"href":"https:\/\/www.sakura-spa.ch\/fr\/wp-json\/wp\/v2\/pages\/26586","targetHints":{"allow":["GET"]}}],"collection":[{"href":"https:\/\/www.sakura-spa.ch\/fr\/wp-json\/wp\/v2\/pages"}],"about":[{"href":"https:\/\/www.sakura-spa.ch\/fr\/wp-json\/wp\/v2\/types\/page"}],"author":[{"embeddable":true,"href":"https:\/\/www.sakura-spa.ch\/fr\/wp-json\/wp\/v2\/users\/2"}],"replies":[{"embeddable":true,"href":"https:\/\/www.sakura-spa.ch\/fr\/wp-json\/wp\/v2\/comments?post=26586"}],"version-history":[{"count":58,"href":"https:\/\/www.sakura-spa.ch\/fr\/wp-json\/wp\/v2\/pages\/26586\/revisions"}],"predecessor-version":[{"id":27419,"href":"https:\/\/www.sakura-spa.ch\/fr\/wp-json\/wp\/v2\/pages\/26586\/revisions\/27419"}],"up":[{"embeddable":true,"href":"https:\/\/www.sakura-spa.ch\/fr\/wp-json\/wp\/v2\/pages\/5391"}],"wp:featuredmedia":[{"embeddable":true,"href":"https:\/\/www.sakura-spa.ch\/fr\/wp-json\/wp\/v2\/media\/26127"}],"wp:attachment":[{"href":"https:\/\/www.sakura-spa.ch\/fr\/wp-json\/wp\/v2\/media?parent=26586"}],"curies":[{"name":"wp","href":"https:\/\/api.w.org\/{rel}","templated":true}]}}