{"id":26633,"date":"2026-04-08T22:49:35","date_gmt":"2026-04-08T20:49:35","guid":{"rendered":"https:\/\/www.sakura-spa.ch\/?page_id=26633"},"modified":"2026-04-13T23:49:21","modified_gmt":"2026-04-13T21:49:21","slug":"brossage-a-sec-detoxifiant-pour-le-corps-a-saint-gall","status":"publish","type":"page","link":"https:\/\/www.sakura-spa.ch\/fr\/produits-de-beaute\/brossage-a-sec-detoxifiant-pour-le-corps-a-saint-gall\/","title":{"rendered":"Rituel de d\u00e9toxification corporelle anti-cellulite et de brossage \u00e0 sec"},"content":{"rendered":"<div data-elementor-type=\"wp-page\" data-elementor-id=\"26633\" class=\"elementor elementor-26633\" data-elementor-post-type=\"page\">\n\t\t\t\t\t\t<section class=\"elementor-section elementor-top-section elementor-element elementor-element-4c057f51 elementor-section-full_width elementor-section-height-default elementor-section-height-default\" data-id=\"4c057f51\" data-element_type=\"section\">\n\t\t\t\t\t\t<div class=\"elementor-container elementor-column-gap-no\">\n\t\t\t\t\t<div class=\"elementor-column elementor-col-100 elementor-top-column elementor-element elementor-element-71bbe7dd\" data-id=\"71bbe7dd\" data-element_type=\"column\">\n\t\t\t<div class=\"elementor-widget-wrap elementor-element-populated\">\n\t\t\t\t\t\t<div class=\"elementor-element elementor-element-4c5c10b6 elementor--h-position-left elementor--v-position-middle elementor-widget elementor-widget-slides\" data-id=\"4c5c10b6\" data-element_type=\"widget\" data-settings=\"{&quot;navigation&quot;:&quot;none&quot;,&quot;autoplay&quot;:&quot;yes&quot;,&quot;pause_on_hover&quot;:&quot;yes&quot;,&quot;pause_on_interaction&quot;:&quot;yes&quot;,&quot;autoplay_speed&quot;:5000,&quot;infinite&quot;:&quot;yes&quot;,&quot;transition&quot;:&quot;slide&quot;,&quot;transition_speed&quot;:500}\" data-widget_type=\"slides.default\">\n\t\t\t\t<div class=\"elementor-widget-container\">\n\t\t\t\t\t\t\t\t\t<div class=\"elementor-swiper\">\n\t\t\t\t\t<div class=\"elementor-slides-wrapper elementor-main-swiper swiper\" role=\"region\" aria-roledescription=\"carousel\" aria-label=\"curseur\" dir=\"ltr\" data-animation=\"fadeInUp\">\n\t\t\t\t<div class=\"swiper-wrapper elementor-slides\">\n\t\t\t\t\t\t\t\t\t\t<div class=\"elementor-repeater-item-11679b6 swiper-slide\" role=\"group\" aria-roledescription=\"slide\"><div class=\"swiper-slide-bg elementor-ken-burns elementor-ken-burns--in\" role=\"img\"><\/div><div class=\"swiper-slide-inner\" ><div class=\"swiper-slide-contents\"><div class=\"elementor-slide-heading\">Rituel de d\u00e9toxification corporelle et de brossage \u00e0 sec<\/div><div class=\"elementor-slide-description\"> Traitement intensif anti-cellulite \u00e0 Saint-Gall<\/div><a href=\"#elementor-action%3Aaction%3Dpopup%3Aopen%26settings%3DeyJpZCI6IjM1IiwidG9nZ2xlIjpmYWxzZX0%3D\" class=\"elementor-button elementor-slide-button elementor-size-md\">Veuillez indiquer la date que vous pr\u00e9f\u00e9rez.<\/a><\/div><\/div><\/div>\t\t\t\t<\/div>\n\t\t\t\t\t\t\t<\/div>\n\t\t\t\t<\/div>\n\t\t\t\t\t\t\t\t<\/div>\n\t\t\t\t<\/div>\n\t\t\t\t\t<\/div>\n\t\t<\/div>\n\t\t\t\t\t<\/div>\n\t\t<\/section>\n\t\t\t\t<section class=\"elementor-section elementor-top-section elementor-element elementor-element-53f712c3 elementor-section-boxed elementor-section-height-default elementor-section-height-default\" data-id=\"53f712c3\" data-element_type=\"section\" data-settings=\"{&quot;background_background&quot;:&quot;classic&quot;}\">\n\t\t\t\t\t\t\t<div class=\"elementor-background-overlay\"><\/div>\n\t\t\t\t\t\t\t<div class=\"elementor-container elementor-column-gap-default\">\n\t\t\t\t\t<div class=\"elementor-column elementor-col-100 elementor-top-column elementor-element elementor-element-12af9689\" data-id=\"12af9689\" data-element_type=\"column\">\n\t\t\t<div class=\"elementor-widget-wrap elementor-element-populated\">\n\t\t\t\t\t\t<div class=\"elementor-element elementor-element-468a84b7 elementor-widget elementor-widget-global elementor-global-332 elementor-widget-breadcrumbs\" data-id=\"468a84b7\" data-element_type=\"widget\" data-widget_type=\"breadcrumbs.default\">\n\t\t\t\t<div class=\"elementor-widget-container\">\n\t\t\t\t\t<p id=\"breadcrumbs\"><span><span><a href=\"https:\/\/www.sakura-spa.ch\/fr\/\">page d&#039;accueil<\/a><\/span><\/span><\/p>\t\t\t\t<\/div>\n\t\t\t\t<\/div>\n\t\t\t\t\t<\/div>\n\t\t<\/div>\n\t\t\t\t\t<\/div>\n\t\t<\/section>\n\t\t\t\t<section class=\"elementor-section elementor-top-section elementor-element elementor-element-06811a5 elementor-section-boxed elementor-section-height-default elementor-section-height-default\" data-id=\"06811a5\" data-element_type=\"section\">\n\t\t\t\t\t\t<div class=\"elementor-container elementor-column-gap-default\">\n\t\t\t\t\t<div class=\"elementor-column elementor-col-100 elementor-top-column elementor-element elementor-element-33e6687\" data-id=\"33e6687\" data-element_type=\"column\">\n\t\t\t<div class=\"elementor-widget-wrap elementor-element-populated\">\n\t\t\t\t\t\t<div class=\"elementor-element elementor-element-c90083c elementor-widget elementor-widget-heading\" data-id=\"c90083c\" data-element_type=\"widget\" data-widget_type=\"heading.default\">\n\t\t\t\t<div class=\"elementor-widget-container\">\n\t\t\t\t\t<h1 class=\"elementor-heading-title elementor-size-default\">Rituel de d\u00e9toxification corporelle\u00a0: Exfoliation et purification par brossage \u00e0 sec<\/h1>\t\t\t\t<\/div>\n\t\t\t\t<\/div>\n\t\t\t\t\t<\/div>\n\t\t<\/div>\n\t\t\t\t\t<\/div>\n\t\t<\/section>\n\t\t\t\t<section class=\"elementor-section elementor-top-section elementor-element elementor-element-86c9042 elementor-section-boxed elementor-section-height-default elementor-section-height-default\" data-id=\"86c9042\" data-element_type=\"section\">\n\t\t\t\t\t\t<div class=\"elementor-container elementor-column-gap-default\">\n\t\t\t\t\t<div class=\"elementor-column elementor-col-100 elementor-top-column elementor-element elementor-element-22c33ac\" data-id=\"22c33ac\" data-element_type=\"column\">\n\t\t\t<div class=\"elementor-widget-wrap elementor-element-populated\">\n\t\t\t\t\t\t<div class=\"elementor-element elementor-element-12c7f8c elementor-widget elementor-widget-text-editor\" data-id=\"12c7f8c\" data-element_type=\"widget\" data-widget_type=\"text-editor.default\">\n\t\t\t\t<div class=\"elementor-widget-container\">\n\t\t\t\t\t\t\t\t\t<p><strong><span class=\"T286Pc\" data-sfc-cp=\"\" data-sfc-root=\"c\" data-sfc-cb=\"\" data-complete=\"true\" aria-owns=\"action-menu-parent-container\">Vivez un rituel de purification holistique qui soutient le processus naturel de d\u00e9toxification de votre corps. Cette combinaison de m\u00e9thodes \u00e9prouv\u00e9es et de soins de haute qualit\u00e9 constitue le \u201e nettoyage de printemps \u201c id\u00e9al pour votre organisme.<\/span><\/strong><\/p>\t\t\t\t\t\t\t\t<\/div>\n\t\t\t\t<\/div>\n\t\t\t\t<div class=\"elementor-element elementor-element-71e7c42 elementor-widget elementor-widget-heading\" data-id=\"71e7c42\" data-element_type=\"widget\" data-widget_type=\"heading.default\">\n\t\t\t\t<div class=\"elementor-widget-container\">\n\t\t\t\t\t<h2 class=\"elementor-heading-title elementor-size-default\">Focus sur les jambes et les fesses\u00a0: comment fonctionne le traitement<\/h2>\t\t\t\t<\/div>\n\t\t\t\t<\/div>\n\t\t\t\t<div class=\"elementor-element elementor-element-b459f47 elementor-widget elementor-widget-text-editor\" data-id=\"b459f47\" data-element_type=\"widget\" data-widget_type=\"text-editor.default\">\n\t\t\t\t<div class=\"elementor-widget-container\">\n\t\t\t\t\t\t\t\t\t<p><strong>Offrez \u00e0 votre corps le soin ultime du \u201e nettoyage de printemps \u201c. Notre rituel de d\u00e9toxification corporelle et de brossage \u00e0 sec au Sakura Spa de Saint-Gall est un soin triple parfaitement coordonn\u00e9 qui soutient le processus de d\u00e9toxification de votre corps, affine votre teint et relance l&#039;\u00e9nergie stagnante.<\/strong><\/p>\t\t\t\t\t\t\t\t<\/div>\n\t\t\t\t<\/div>\n\t\t\t\t<div class=\"elementor-element elementor-element-ba3ec61 elementor-widget elementor-widget-heading\" data-id=\"ba3ec61\" data-element_type=\"widget\" data-widget_type=\"heading.default\">\n\t\t\t\t<div class=\"elementor-widget-container\">\n\t\t\t\t\t<h2 class=\"elementor-heading-title elementor-size-default\">Le processus : Trois \u00e9tapes vers votre nouvelle l\u00e9g\u00e8ret\u00e9<\/h2>\t\t\t\t<\/div>\n\t\t\t\t<\/div>\n\t\t\t\t<div class=\"elementor-element elementor-element-86264a3 elementor-widget elementor-widget-text-editor\" data-id=\"86264a3\" data-element_type=\"widget\" data-widget_type=\"text-editor.default\">\n\t\t\t\t<div class=\"elementor-widget-container\">\n\t\t\t\t\t\t\t\t\t<p>Ce forfait de 90 minutes est bien plus qu&#039;un simple massage : c&#039;est un programme de d\u00e9toxification syst\u00e9matique pour l&#039;ensemble du corps :<\/p>\t\t\t\t\t\t\t\t<\/div>\n\t\t\t\t<\/div>\n\t\t\t\t<div class=\"elementor-element elementor-element-ef6083f elementor-widget elementor-widget-heading\" data-id=\"ef6083f\" data-element_type=\"widget\" data-widget_type=\"heading.default\">\n\t\t\t\t<div class=\"elementor-widget-container\">\n\t\t\t\t\t<h2 class=\"elementor-heading-title elementor-size-default\">1. Pr\u00e9paration : Bain de pieds alcalin et th\u00e9 d\u00e9toxifiant<\/h2>\t\t\t\t<\/div>\n\t\t\t\t<\/div>\n\t\t\t\t<div class=\"elementor-element elementor-element-48169f8 elementor-widget elementor-widget-text-editor\" data-id=\"48169f8\" data-element_type=\"widget\" data-widget_type=\"text-editor.default\">\n\t\t\t\t<div class=\"elementor-widget-container\">\n\t\t\t\t\t\t\t\t\t<p>Nous commen\u00e7ons votre rituel par un \u00e9chauffement <strong>Bain de pieds alcalin.<\/strong> Cela aide votre corps \u00e0 \u00e9liminer les acides et les toxines nocifs par la plante des pieds. Nous vous proposerons \u00e9galement un [produit\/service - contexte n\u00e9cessaire] de haute qualit\u00e9. <strong>th\u00e9 d\u00e9tox<\/strong>, ce qui renforce vos organes de l&#039;int\u00e9rieur et active la fonction d&#039;\u00e9limination.<\/p>\t\t\t\t\t\t\t\t<\/div>\n\t\t\t\t<\/div>\n\t\t\t\t<div class=\"elementor-element elementor-element-2deb62a elementor-widget elementor-widget-heading\" data-id=\"2deb62a\" data-element_type=\"widget\" data-widget_type=\"heading.default\">\n\t\t\t\t<div class=\"elementor-widget-container\">\n\t\t\t\t\t<h2 class=\"elementor-heading-title elementor-size-default\">2. Activation : L&#039;exfoliation par brossage \u00e0 sec<\/h2>\t\t\t\t<\/div>\n\t\t\t\t<\/div>\n\t\t\t\t<div class=\"elementor-element elementor-element-aa5bc4e elementor-widget elementor-widget-text-editor\" data-id=\"aa5bc4e\" data-element_type=\"widget\" data-widget_type=\"text-editor.default\">\n\t\t\t\t<div class=\"elementor-widget-container\">\n\t\t\t\t\t\t\t\t\t<p>\u00c0 l&#039;aide de brosses sp\u00e9ciales en poils naturels, nous r\u00e9alisons un massage corporel complet. Cette technique offre trois bienfaits\u00a0: elle \u00e9limine en douceur les cellules mortes, stimule significativement la circulation sanguine et procure \u00e0 votre peau un effet rafra\u00eechissant. <strong>Le syst\u00e8me lymphatique re\u00e7oit l&#039;impulsion n\u00e9cessaire<\/strong>, Pour \u00e9liminer plus efficacement les polluants. Votre peau sera imm\u00e9diatement douce et r\u00e9ceptive aux soins suivants.<\/p>\t\t\t\t\t\t\t\t<\/div>\n\t\t\t\t<\/div>\n\t\t\t\t<div class=\"elementor-element elementor-element-28f5f16 elementor-widget elementor-widget-heading\" data-id=\"28f5f16\" data-element_type=\"widget\" data-widget_type=\"heading.default\">\n\t\t\t\t<div class=\"elementor-widget-container\">\n\t\t\t\t\t<h2 class=\"elementor-heading-title elementor-size-default\">3. D\u00e9toxification : Le massage aromatique d\u00e9toxifiant<\/h2>\t\t\t\t<\/div>\n\t\t\t\t<\/div>\n\t\t\t\t<div class=\"elementor-element elementor-element-1b46efe elementor-widget elementor-widget-text-editor\" data-id=\"1b46efe\" data-element_type=\"widget\" data-widget_type=\"text-editor.default\">\n\t\t\t\t<div class=\"elementor-widget-container\">\n\t\t\t\t\t\t\t\t\t<p>Le point d&#039;orgue est un doux massage complet du corps avec un soin sp\u00e9cial <strong>Huile d\u00e9tox aromatique<\/strong>. Les huiles essentielles p\u00e9n\u00e8trent profond\u00e9ment dans les tissus, stimulant le m\u00e9tabolisme et contribuant \u00e0 \u00e9liminer les toxines lib\u00e9r\u00e9es par le brossage. Vous vous sentirez ensuite revivre\u00a0: l\u00e9ger, plein de vitalit\u00e9 et profond\u00e9ment d\u00e9tendu.<\/p>\t\t\t\t\t\t\t\t<\/div>\n\t\t\t\t<\/div>\n\t\t\t\t<div class=\"elementor-element elementor-element-18b8a1b elementor-widget elementor-widget-heading\" data-id=\"18b8a1b\" data-element_type=\"widget\" data-widget_type=\"heading.default\">\n\t\t\t\t<div class=\"elementor-widget-container\">\n\t\t\t\t\t<h2 class=\"elementor-heading-title elementor-size-default\">Vos avantages en un coup d&#039;\u0153il<\/h2>\t\t\t\t<\/div>\n\t\t\t\t<\/div>\n\t\t\t\t<div class=\"elementor-element elementor-element-0503d8b elementor-widget elementor-widget-text-editor\" data-id=\"0503d8b\" data-element_type=\"widget\" data-widget_type=\"text-editor.default\">\n\t\t\t\t<div class=\"elementor-widget-container\">\n\t\t\t\t\t\t\t\t\t<ul><li class=\"dF3vjf\" data-sfc-root=\"c\" data-sfc-cb=\"\" data-hveid=\"CAEIFxAA\" data-complete=\"true\" data-sae=\"\"><span class=\"T286Pc\" data-sfc-cp=\"\" data-sfc-root=\"c\" data-sfc-cb=\"\" data-complete=\"true\"><strong class=\"Yjhzub\" data-sfc-root=\"c\" data-sfc-cb=\"\" data-complete=\"true\">D\u00e9toxification intensive :<\/strong> Soutenir le fonctionnement naturel des organes.<\/span><\/li><li class=\"dF3vjf\" data-sfc-root=\"c\" data-sfc-cb=\"\" data-hveid=\"CAEIFxAB\" data-sae=\"\" data-complete=\"true\"><span class=\"T286Pc\" data-sfc-cp=\"\" data-sfc-root=\"c\" data-sfc-cb=\"\" data-complete=\"true\"><strong class=\"Yjhzub\" data-sfc-root=\"c\" data-sfc-cb=\"\" data-complete=\"true\">Peau lisse :<\/strong> Exfoliation naturelle pour un teint affin\u00e9.<\/span><\/li><li class=\"dF3vjf\" data-sfc-root=\"c\" data-sfc-cb=\"\" data-hveid=\"CAEIFxAC\" data-complete=\"true\" data-processed=\"true\" data-sae=\"\"><span class=\"T286Pc\" data-sfc-cp=\"\" data-sfc-root=\"c\" data-sfc-cb=\"\" data-complete=\"true\"><strong class=\"Yjhzub\" data-sfc-root=\"c\" data-sfc-cb=\"\" data-complete=\"true\">Stimulation du m\u00e9tabolisme :<\/strong> Activation du flux lymphatique et de la circulation sanguine.<\/span><\/li><li class=\"dF3vjf\" data-sfc-root=\"c\" data-sfc-cb=\"\" data-hveid=\"CAEIFxAD\" data-complete=\"true\" data-processed=\"true\" data-sae=\"\"><span class=\"T286Pc\" data-sfc-cp=\"\" data-sfc-root=\"c\" data-sfc-cb=\"\" data-complete=\"true\"><strong class=\"Yjhzub\" data-sfc-root=\"c\" data-sfc-cb=\"\" data-complete=\"true\">R\u00e9duction du stress :<\/strong> R\u00e9g\u00e9n\u00e9ration profonde du syst\u00e8me nerveux et de l&#039;esprit.<\/span><\/li><\/ul>\t\t\t\t\t\t\t\t<\/div>\n\t\t\t\t<\/div>\n\t\t\t\t<div class=\"elementor-element elementor-element-3a982f1 elementor-widget elementor-widget-heading\" data-id=\"3a982f1\" data-element_type=\"widget\" data-widget_type=\"heading.default\">\n\t\t\t\t<div class=\"elementor-widget-container\">\n\t\t\t\t\t<h2 class=\"elementor-heading-title elementor-size-default\">Prix et d\u00e9tails<\/h2>\t\t\t\t<\/div>\n\t\t\t\t<\/div>\n\t\t\t\t<div class=\"elementor-element elementor-element-bc9970c elementor-widget elementor-widget-text-editor\" data-id=\"bc9970c\" data-element_type=\"widget\" data-widget_type=\"text-editor.default\">\n\t\t\t\t<div class=\"elementor-widget-container\">\n\t\t\t\t\t\t\t\t\t<ul><li class=\"dF3vjf\" data-sfc-root=\"c\" data-sfc-cb=\"\" data-hveid=\"CAEIGhAA\" data-complete=\"true\" data-sae=\"\"><span class=\"T286Pc\" data-sfc-cp=\"\" data-sfc-root=\"c\" data-sfc-cb=\"\" data-complete=\"true\"><strong class=\"Yjhzub\" data-sfc-root=\"c\" data-sfc-cb=\"\" data-complete=\"true\">Dur\u00e9e:<\/strong> rituel de bien-\u00eatre de 90 minutes<\/span><\/li><li class=\"dF3vjf\" data-sfc-root=\"c\" data-sfc-cb=\"\" data-hveid=\"CAEIGhAB\" data-sae=\"\" data-complete=\"true\"><span class=\"T286Pc\" data-sfc-cp=\"\" data-sfc-root=\"c\" data-sfc-cb=\"\" data-complete=\"true\"><strong class=\"Yjhzub\" data-sfc-root=\"c\" data-sfc-cb=\"\" data-complete=\"true\">Prix<\/strong>\u00a0180 CHF (bain alcalin et th\u00e9 d\u00e9tox bio inclus)<\/span><\/li><\/ul>\t\t\t\t\t\t\t\t<\/div>\n\t\t\t\t<\/div>\n\t\t\t\t\t<\/div>\n\t\t<\/div>\n\t\t\t\t\t<\/div>\n\t\t<\/section>\n\t\t\t\t<\/div>","protected":false},"excerpt":{"rendered":"<p>Body-Detox &#038; Dry Brushing Ritual Intensive Anti-Cellulite-Behandlung in St. GallenWunschtermin anfragen Body-Detox Ritual: Trockenb\u00fcrsten-Peeling &amp; Entschlackung Erleben Sie ein ganzheitliches Reinigungsritual, das Ihren K\u00f6rper bei der nat\u00fcrlichen Entgiftung unterst\u00fctzt. Diese Kombination aus altbew\u00e4hrten Methoden und hochwertiger Pflege ist der ideale \u201eFr\u00fchlingsputz\u201c f\u00fcr Ihren Organismus. Fokus Beine &amp; Po: Wie die Behandlung wirkt G\u00f6nnen Sie Ihrem [&hellip;]<\/p>\n","protected":false},"author":2,"featured_media":6937,"parent":5391,"menu_order":0,"comment_status":"closed","ping_status":"closed","template":"","meta":{"footnotes":""},"class_list":["post-26633","page","type-page","status-publish","has-post-thumbnail","hentry"],"yoast_head":"<!-- This site is optimized with the Yoast SEO plugin v25.2 - https:\/\/yoast.com\/wordpress\/plugins\/seo\/ -->\n<title>Body-Detox &amp; Dry Brushing Ritual St. Gallen | Sakura Spa<\/title>\n<meta name=\"description\" content=\"Ganzheitliche Entgiftung f\u00fcr neue Leichtigkeit. \u2728 Ihr exklusives Detox-Ritual im Sakura Spa St. Gallen. Jetzt buchen! \ud83c\udf38\" \/>\n<meta name=\"robots\" content=\"index, follow, max-snippet:-1, max-image-preview:large, max-video-preview:-1\" \/>\n<link rel=\"canonical\" href=\"https:\/\/www.sakura-spa.ch\/fr\/produits-de-beaute\/brossage-a-sec-detoxifiant-pour-le-corps-a-saint-gall\/\" \/>\n<meta property=\"og:locale\" content=\"fr_FR\" \/>\n<meta property=\"og:type\" content=\"article\" \/>\n<meta property=\"og:title\" content=\"Body-Detox &amp; Dry Brushing Ritual St. Gallen | Sakura Spa\" \/>\n<meta property=\"og:description\" content=\"Ganzheitliche Entgiftung f\u00fcr neue Leichtigkeit. \u2728 Ihr exklusives Detox-Ritual im Sakura Spa St. Gallen. Jetzt buchen! \ud83c\udf38\" \/>\n<meta property=\"og:url\" content=\"https:\/\/www.sakura-spa.ch\/fr\/produits-de-beaute\/brossage-a-sec-detoxifiant-pour-le-corps-a-saint-gall\/\" \/>\n<meta property=\"og:site_name\" content=\"Sakura Spa in St. Gallen\" \/>\n<meta property=\"article:modified_time\" content=\"2026-04-13T21:49:21+00:00\" \/>\n<meta property=\"og:image\" content=\"https:\/\/www.sakura-spa.ch\/wp-content\/uploads\/MASSAGE_AdobeStock_280333086-scaled.jpeg\" \/>\n\t<meta property=\"og:image:width\" content=\"2560\" \/>\n\t<meta property=\"og:image:height\" content=\"1707\" \/>\n\t<meta property=\"og:image:type\" content=\"image\/jpeg\" \/>\n<meta name=\"twitter:card\" content=\"summary_large_image\" \/>\n<script type=\"application\/ld+json\" class=\"yoast-schema-graph\">{\"@context\":\"https:\/\/schema.org\",\"@graph\":[{\"@type\":\"WebPage\",\"@id\":\"https:\/\/www.sakura-spa.ch\/kosmetik\/body-detox-dry-brushing-st-gallen\/\",\"url\":\"https:\/\/www.sakura-spa.ch\/kosmetik\/body-detox-dry-brushing-st-gallen\/\",\"name\":\"Body-Detox & Dry Brushing Ritual St. Gallen | Sakura Spa\",\"isPartOf\":{\"@id\":\"https:\/\/www.sakura-spa.ch\/#website\"},\"primaryImageOfPage\":{\"@id\":\"https:\/\/www.sakura-spa.ch\/kosmetik\/body-detox-dry-brushing-st-gallen\/#primaryimage\"},\"image\":{\"@id\":\"https:\/\/www.sakura-spa.ch\/kosmetik\/body-detox-dry-brushing-st-gallen\/#primaryimage\"},\"thumbnailUrl\":\"https:\/\/www.sakura-spa.ch\/wp-content\/uploads\/MASSAGE_AdobeStock_280333086-scaled.jpeg\",\"datePublished\":\"2026-04-08T20:49:35+00:00\",\"dateModified\":\"2026-04-13T21:49:21+00:00\",\"description\":\"Ganzheitliche Entgiftung f\u00fcr neue Leichtigkeit. \u2728 Ihr exklusives Detox-Ritual im Sakura Spa St. Gallen. Jetzt buchen! \ud83c\udf38\",\"breadcrumb\":{\"@id\":\"https:\/\/www.sakura-spa.ch\/kosmetik\/body-detox-dry-brushing-st-gallen\/#breadcrumb\"},\"inLanguage\":\"fr-FR\",\"potentialAction\":[{\"@type\":\"ReadAction\",\"target\":[\"https:\/\/www.sakura-spa.ch\/kosmetik\/body-detox-dry-brushing-st-gallen\/\"]}]},{\"@type\":\"ImageObject\",\"inLanguage\":\"fr-FR\",\"@id\":\"https:\/\/www.sakura-spa.ch\/kosmetik\/body-detox-dry-brushing-st-gallen\/#primaryimage\",\"url\":\"https:\/\/www.sakura-spa.ch\/wp-content\/uploads\/MASSAGE_AdobeStock_280333086-scaled.jpeg\",\"contentUrl\":\"https:\/\/www.sakura-spa.ch\/wp-content\/uploads\/MASSAGE_AdobeStock_280333086-scaled.jpeg\",\"width\":2560,\"height\":1707},{\"@type\":\"BreadcrumbList\",\"@id\":\"https:\/\/www.sakura-spa.ch\/kosmetik\/body-detox-dry-brushing-st-gallen\/#breadcrumb\",\"itemListElement\":[{\"@type\":\"ListItem\",\"position\":1,\"name\":\"Startseite\",\"item\":\"https:\/\/www.sakura-spa.ch\/\"},{\"@type\":\"ListItem\",\"position\":2,\"name\":\"Kosmetik\",\"item\":\"https:\/\/www.sakura-spa.ch\/kosmetik\/\"},{\"@type\":\"ListItem\",\"position\":3,\"name\":\"Anti-Cellulite Body-Detox &#038; Dry Brushing Ritual\"}]},{\"@type\":\"WebSite\",\"@id\":\"https:\/\/www.sakura-spa.ch\/#website\",\"url\":\"https:\/\/www.sakura-spa.ch\/\",\"name\":\"Sakura Spa in St. Gallen\",\"description\":\"Kosmetik, Wellness und Massage\",\"potentialAction\":[{\"@type\":\"SearchAction\",\"target\":{\"@type\":\"EntryPoint\",\"urlTemplate\":\"https:\/\/www.sakura-spa.ch\/?s={search_term_string}\"},\"query-input\":{\"@type\":\"PropertyValueSpecification\",\"valueRequired\":true,\"valueName\":\"search_term_string\"}}],\"inLanguage\":\"fr-FR\"}]}<\/script>\n<!-- \/ Yoast SEO plugin. -->","yoast_head_json":{"title":"Rituel de d\u00e9toxification corporelle et brossage \u00e0 sec \u00e0 Saint-Gall | Sakura Spa","description":"D\u00e9tox holistique pour une sensation de l\u00e9g\u00e8ret\u00e9 retrouv\u00e9e. \u2728 Votre rituel d\u00e9tox exclusif au Sakura Spa de Saint-Gall. R\u00e9servez d\u00e8s maintenant\u00a0! \ud83c\udf38","robots":{"index":"index","follow":"follow","max-snippet":"max-snippet:-1","max-image-preview":"max-image-preview:large","max-video-preview":"max-video-preview:-1"},"canonical":"https:\/\/www.sakura-spa.ch\/fr\/produits-de-beaute\/brossage-a-sec-detoxifiant-pour-le-corps-a-saint-gall\/","og_locale":"fr_FR","og_type":"article","og_title":"Body-Detox & Dry Brushing Ritual St. Gallen | Sakura Spa","og_description":"Ganzheitliche Entgiftung f\u00fcr neue Leichtigkeit. \u2728 Ihr exklusives Detox-Ritual im Sakura Spa St. Gallen. Jetzt buchen! \ud83c\udf38","og_url":"https:\/\/www.sakura-spa.ch\/fr\/produits-de-beaute\/brossage-a-sec-detoxifiant-pour-le-corps-a-saint-gall\/","og_site_name":"Sakura Spa in St. Gallen","article_modified_time":"2026-04-13T21:49:21+00:00","og_image":[{"width":2560,"height":1707,"url":"https:\/\/www.sakura-spa.ch\/wp-content\/uploads\/MASSAGE_AdobeStock_280333086-scaled.jpeg","type":"image\/jpeg"}],"twitter_card":"summary_large_image","schema":{"@context":"https:\/\/schema.org","@graph":[{"@type":"WebPage","@id":"https:\/\/www.sakura-spa.ch\/kosmetik\/body-detox-dry-brushing-st-gallen\/","url":"https:\/\/www.sakura-spa.ch\/kosmetik\/body-detox-dry-brushing-st-gallen\/","name":"Rituel de d\u00e9toxification corporelle et brossage \u00e0 sec \u00e0 Saint-Gall | Sakura Spa","isPartOf":{"@id":"https:\/\/www.sakura-spa.ch\/#website"},"primaryImageOfPage":{"@id":"https:\/\/www.sakura-spa.ch\/kosmetik\/body-detox-dry-brushing-st-gallen\/#primaryimage"},"image":{"@id":"https:\/\/www.sakura-spa.ch\/kosmetik\/body-detox-dry-brushing-st-gallen\/#primaryimage"},"thumbnailUrl":"https:\/\/www.sakura-spa.ch\/wp-content\/uploads\/MASSAGE_AdobeStock_280333086-scaled.jpeg","datePublished":"2026-04-08T20:49:35+00:00","dateModified":"2026-04-13T21:49:21+00:00","description":"D\u00e9tox holistique pour une sensation de l\u00e9g\u00e8ret\u00e9 retrouv\u00e9e. \u2728 Votre rituel d\u00e9tox exclusif au Sakura Spa de Saint-Gall. R\u00e9servez d\u00e8s maintenant\u00a0! \ud83c\udf38","breadcrumb":{"@id":"https:\/\/www.sakura-spa.ch\/kosmetik\/body-detox-dry-brushing-st-gallen\/#breadcrumb"},"inLanguage":"fr-FR","potentialAction":[{"@type":"ReadAction","target":["https:\/\/www.sakura-spa.ch\/kosmetik\/body-detox-dry-brushing-st-gallen\/"]}]},{"@type":"ImageObject","inLanguage":"fr-FR","@id":"https:\/\/www.sakura-spa.ch\/kosmetik\/body-detox-dry-brushing-st-gallen\/#primaryimage","url":"https:\/\/www.sakura-spa.ch\/wp-content\/uploads\/MASSAGE_AdobeStock_280333086-scaled.jpeg","contentUrl":"https:\/\/www.sakura-spa.ch\/wp-content\/uploads\/MASSAGE_AdobeStock_280333086-scaled.jpeg","width":2560,"height":1707},{"@type":"BreadcrumbList","@id":"https:\/\/www.sakura-spa.ch\/kosmetik\/body-detox-dry-brushing-st-gallen\/#breadcrumb","itemListElement":[{"@type":"ListItem","position":1,"name":"Startseite","item":"https:\/\/www.sakura-spa.ch\/"},{"@type":"ListItem","position":2,"name":"Kosmetik","item":"https:\/\/www.sakura-spa.ch\/kosmetik\/"},{"@type":"ListItem","position":3,"name":"Anti-Cellulite Body-Detox &#038; Dry Brushing Ritual"}]},{"@type":"WebSite","@id":"https:\/\/www.sakura-spa.ch\/#website","url":"https:\/\/www.sakura-spa.ch\/","name":"Spa Sakura \u00e0 Saint-Gall","description":"Cosm\u00e9tiques, Bien-\u00eatre et Massages","potentialAction":[{"@type":"SearchAction","target":{"@type":"EntryPoint","urlTemplate":"https:\/\/www.sakura-spa.ch\/?s={search_term_string}"},"query-input":{"@type":"PropertyValueSpecification","valueRequired":true,"valueName":"search_term_string"}}],"inLanguage":"fr-FR"}]}},"_links":{"self":[{"href":"https:\/\/www.sakura-spa.ch\/fr\/wp-json\/wp\/v2\/pages\/26633","targetHints":{"allow":["GET"]}}],"collection":[{"href":"https:\/\/www.sakura-spa.ch\/fr\/wp-json\/wp\/v2\/pages"}],"about":[{"href":"https:\/\/www.sakura-spa.ch\/fr\/wp-json\/wp\/v2\/types\/page"}],"author":[{"embeddable":true,"href":"https:\/\/www.sakura-spa.ch\/fr\/wp-json\/wp\/v2\/users\/2"}],"replies":[{"embeddable":true,"href":"https:\/\/www.sakura-spa.ch\/fr\/wp-json\/wp\/v2\/comments?post=26633"}],"version-history":[{"count":40,"href":"https:\/\/www.sakura-spa.ch\/fr\/wp-json\/wp\/v2\/pages\/26633\/revisions"}],"predecessor-version":[{"id":27416,"href":"https:\/\/www.sakura-spa.ch\/fr\/wp-json\/wp\/v2\/pages\/26633\/revisions\/27416"}],"up":[{"embeddable":true,"href":"https:\/\/www.sakura-spa.ch\/fr\/wp-json\/wp\/v2\/pages\/5391"}],"wp:featuredmedia":[{"embeddable":true,"href":"https:\/\/www.sakura-spa.ch\/fr\/wp-json\/wp\/v2\/media\/6937"}],"wp:attachment":[{"href":"https:\/\/www.sakura-spa.ch\/fr\/wp-json\/wp\/v2\/media?parent=26633"}],"curies":[{"name":"wp","href":"https:\/\/api.w.org\/{rel}","templated":true}]}}