{"id":26670,"date":"2026-04-08T23:07:26","date_gmt":"2026-04-08T21:07:26","guid":{"rendered":"https:\/\/www.sakura-spa.ch\/?page_id=26670"},"modified":"2026-04-09T19:56:35","modified_gmt":"2026-04-09T17:56:35","slug":"ventouses-corporelles-completes-et-aromatherapie-a-saint-gall","status":"publish","type":"page","link":"https:\/\/www.sakura-spa.ch\/fr\/produits-de-beaute\/ventouses-corporelles-completes-et-aromatherapie-a-saint-gall\/","title":{"rendered":"Ventouses corporelles compl\u00e8tes et aromath\u00e9rapie \u00e0 Saint-Gall"},"content":{"rendered":"<div data-elementor-type=\"wp-page\" data-elementor-id=\"26670\" class=\"elementor elementor-26670\" data-elementor-post-type=\"page\">\n\t\t\t\t\t\t<section class=\"elementor-section elementor-top-section elementor-element elementor-element-4c057f51 elementor-section-full_width elementor-section-height-default elementor-section-height-default\" data-id=\"4c057f51\" data-element_type=\"section\">\n\t\t\t\t\t\t<div class=\"elementor-container elementor-column-gap-no\">\n\t\t\t\t\t<div class=\"elementor-column elementor-col-100 elementor-top-column elementor-element elementor-element-71bbe7dd\" data-id=\"71bbe7dd\" data-element_type=\"column\">\n\t\t\t<div class=\"elementor-widget-wrap elementor-element-populated\">\n\t\t\t\t\t\t<div class=\"elementor-element elementor-element-4c5c10b6 elementor--h-position-left elementor--v-position-middle elementor-widget elementor-widget-slides\" data-id=\"4c5c10b6\" data-element_type=\"widget\" data-settings=\"{&quot;navigation&quot;:&quot;none&quot;,&quot;autoplay&quot;:&quot;yes&quot;,&quot;pause_on_hover&quot;:&quot;yes&quot;,&quot;pause_on_interaction&quot;:&quot;yes&quot;,&quot;autoplay_speed&quot;:5000,&quot;infinite&quot;:&quot;yes&quot;,&quot;transition&quot;:&quot;slide&quot;,&quot;transition_speed&quot;:500}\" data-widget_type=\"slides.default\">\n\t\t\t\t<div class=\"elementor-widget-container\">\n\t\t\t\t\t\t\t\t\t<div class=\"elementor-swiper\">\n\t\t\t\t\t<div class=\"elementor-slides-wrapper elementor-main-swiper swiper\" role=\"region\" aria-roledescription=\"carousel\" aria-label=\"curseur\" dir=\"ltr\" data-animation=\"fadeInUp\">\n\t\t\t\t<div class=\"swiper-wrapper elementor-slides\">\n\t\t\t\t\t\t\t\t\t\t<div class=\"elementor-repeater-item-11679b6 swiper-slide\" role=\"group\" aria-roledescription=\"slide\"><div class=\"swiper-slide-bg elementor-ken-burns elementor-ken-burns--in\" role=\"img\"><\/div><div class=\"swiper-slide-inner\" ><div class=\"swiper-slide-contents\"><div class=\"elementor-slide-heading\">Ventouses corporelles compl\u00e8tes et aromath\u00e9rapie<\/div><div class=\"elementor-slide-description\">La synergie parfaite entre les arts de la gu\u00e9rison et le bien-\u00eatre<\/div><a href=\"#elementor-action%3Aaction%3Dpopup%3Aopen%26settings%3DeyJpZCI6IjM1IiwidG9nZ2xlIjpmYWxzZX0%3D\" class=\"elementor-button elementor-slide-button elementor-size-md\">Veuillez indiquer la date que vous pr\u00e9f\u00e9rez.<\/a><\/div><\/div><\/div><div class=\"elementor-repeater-item-3e1ba6e swiper-slide\" role=\"group\" aria-roledescription=\"slide\"><div class=\"swiper-slide-bg elementor-ken-burns elementor-ken-burns--in\" role=\"img\"><\/div><div class=\"swiper-slide-inner\" ><div class=\"swiper-slide-contents\"><div class=\"elementor-slide-heading\">R\u00e9g\u00e9n\u00e9ration profonde et vitalit\u00e9<\/div><div class=\"elementor-slide-description\">D\u00e9blocage par aspiration et huiles aromatiques pr\u00e9cieuses<\/div><a href=\"#elementor-action%3Aaction%3Dpopup%3Aopen%26settings%3DeyJpZCI6IjM1IiwidG9nZ2xlIjpmYWxzZX0%3D\" class=\"elementor-button elementor-slide-button elementor-size-md\">Veuillez indiquer la date que vous pr\u00e9f\u00e9rez.<\/a><\/div><\/div><\/div>\t\t\t\t<\/div>\n\t\t\t\t\t\t\t\t\t\t\t\t\t\t\t\t\t\t\t\t\t<\/div>\n\t\t\t\t<\/div>\n\t\t\t\t\t\t\t\t<\/div>\n\t\t\t\t<\/div>\n\t\t\t\t\t<\/div>\n\t\t<\/div>\n\t\t\t\t\t<\/div>\n\t\t<\/section>\n\t\t\t\t<section class=\"elementor-section elementor-top-section elementor-element elementor-element-53f712c3 elementor-section-boxed elementor-section-height-default elementor-section-height-default\" data-id=\"53f712c3\" data-element_type=\"section\" data-settings=\"{&quot;background_background&quot;:&quot;classic&quot;}\">\n\t\t\t\t\t\t\t<div class=\"elementor-background-overlay\"><\/div>\n\t\t\t\t\t\t\t<div class=\"elementor-container elementor-column-gap-default\">\n\t\t\t\t\t<div class=\"elementor-column elementor-col-100 elementor-top-column elementor-element elementor-element-12af9689\" data-id=\"12af9689\" data-element_type=\"column\">\n\t\t\t<div class=\"elementor-widget-wrap elementor-element-populated\">\n\t\t\t\t\t\t<div class=\"elementor-element elementor-element-468a84b7 elementor-widget elementor-widget-global elementor-global-332 elementor-widget-breadcrumbs\" data-id=\"468a84b7\" data-element_type=\"widget\" data-widget_type=\"breadcrumbs.default\">\n\t\t\t\t<div class=\"elementor-widget-container\">\n\t\t\t\t\t<p id=\"breadcrumbs\"><span><span><a href=\"https:\/\/www.sakura-spa.ch\/fr\/\">page d&#039;accueil<\/a><\/span><\/span><\/p>\t\t\t\t<\/div>\n\t\t\t\t<\/div>\n\t\t\t\t\t<\/div>\n\t\t<\/div>\n\t\t\t\t\t<\/div>\n\t\t<\/section>\n\t\t\t\t<section class=\"elementor-section elementor-top-section elementor-element elementor-element-06811a5 elementor-section-boxed elementor-section-height-default elementor-section-height-default\" data-id=\"06811a5\" data-element_type=\"section\">\n\t\t\t\t\t\t<div class=\"elementor-container elementor-column-gap-default\">\n\t\t\t\t\t<div class=\"elementor-column elementor-col-100 elementor-top-column elementor-element elementor-element-33e6687\" data-id=\"33e6687\" data-element_type=\"column\">\n\t\t\t<div class=\"elementor-widget-wrap elementor-element-populated\">\n\t\t\t\t\t\t<div class=\"elementor-element elementor-element-c90083c elementor-widget elementor-widget-heading\" data-id=\"c90083c\" data-element_type=\"widget\" data-widget_type=\"heading.default\">\n\t\t\t\t<div class=\"elementor-widget-container\">\n\t\t\t\t\t<h1 class=\"elementor-heading-title elementor-size-default\">R\u00e9g\u00e9n\u00e9ration pure : Massage complet du corps par ventouses et aromath\u00e9rapie \u00e0 Saint-Gall<\/h1>\t\t\t\t<\/div>\n\t\t\t\t<\/div>\n\t\t\t\t\t<\/div>\n\t\t<\/div>\n\t\t\t\t\t<\/div>\n\t\t<\/section>\n\t\t\t\t<section class=\"elementor-section elementor-top-section elementor-element elementor-element-86c9042 elementor-section-boxed elementor-section-height-default elementor-section-height-default\" data-id=\"86c9042\" data-element_type=\"section\">\n\t\t\t\t\t\t<div class=\"elementor-container elementor-column-gap-default\">\n\t\t\t\t\t<div class=\"elementor-column elementor-col-100 elementor-top-column elementor-element elementor-element-22c33ac\" data-id=\"22c33ac\" data-element_type=\"column\">\n\t\t\t<div class=\"elementor-widget-wrap elementor-element-populated\">\n\t\t\t\t\t\t<div class=\"elementor-element elementor-element-12c7f8c elementor-widget elementor-widget-text-editor\" data-id=\"12c7f8c\" data-element_type=\"widget\" data-widget_type=\"text-editor.default\">\n\t\t\t\t<div class=\"elementor-widget-container\">\n\t\t\t\t\t\t\t\t\t<p><strong>Retrouvez votre \u00e9quilibre int\u00e9rieur et une vitalit\u00e9 renouvel\u00e9e. Notre rituel de r\u00e9g\u00e9n\u00e9ration exclusif au Sakura Spa de Saint-Gall associe la technique ancestrale des ventouses s\u00e8ches aux bienfaits profond\u00e9ment relaxants d&#039;une aromath\u00e9rapie de haute qualit\u00e9. Un soin qui agit en profondeur sans agresser la peau.<\/strong><\/p>\t\t\t\t\t\t\t\t<\/div>\n\t\t\t\t<\/div>\n\t\t\t\t<div class=\"elementor-element elementor-element-71e7c42 elementor-widget elementor-widget-heading\" data-id=\"71e7c42\" data-element_type=\"widget\" data-widget_type=\"heading.default\">\n\t\t\t\t<div class=\"elementor-widget-container\">\n\t\t\t\t\t<h2 class=\"elementor-heading-title elementor-size-default\">Un impact profond sans compromis : voici comment fonctionne votre rituel<\/h2>\t\t\t\t<\/div>\n\t\t\t\t<\/div>\n\t\t\t\t<div class=\"elementor-element elementor-element-b459f47 elementor-widget elementor-widget-text-editor\" data-id=\"b459f47\" data-element_type=\"widget\" data-widget_type=\"text-editor.default\">\n\t\t\t\t<div class=\"elementor-widget-container\">\n\t\t\t\t\t\t\t\t\t<p>Contrairement \u00e0 un massage classique, nous utilisons ici une pression n\u00e9gative cibl\u00e9e pour lib\u00e9rer les tensions dans des zones souvent inaccessibles aux mains seules\u00a0:<\/p>\t\t\t\t\t\t\t\t<\/div>\n\t\t\t\t<\/div>\n\t\t\t\t<div class=\"elementor-element elementor-element-ba3ec61 elementor-widget elementor-widget-heading\" data-id=\"ba3ec61\" data-element_type=\"widget\" data-widget_type=\"heading.default\">\n\t\t\t\t<div class=\"elementor-widget-container\">\n\t\t\t\t\t<h3 class=\"elementor-heading-title elementor-size-default\">1. La puissance du vide : Ventouses s\u00e8ches <\/h3>\t\t\t\t<\/div>\n\t\t\t\t<\/div>\n\t\t\t\t<div class=\"elementor-element elementor-element-86264a3 elementor-widget elementor-widget-text-editor\" data-id=\"86264a3\" data-element_type=\"widget\" data-widget_type=\"text-editor.default\">\n\t\t\t\t<div class=\"elementor-widget-container\">\n\t\t\t\t\t\t\t\t\t<p>L&#039;utilisation de ventouses sp\u00e9ciales cr\u00e9e une l\u00e9g\u00e8re aspiration. Cette pression n\u00e9gative soul\u00e8ve d\u00e9licatement les tissus et lib\u00e8re les adh\u00e9rences profondes entre les fascias. La circulation sanguine est nettement am\u00e9lior\u00e9e et la circulation de l&#039;\u00e9nergie (Qi) dans le corps est stimul\u00e9e. C&#039;est comme une bouff\u00e9e d&#039;air frais pour vos muscles et vos tissus conjonctifs.<\/p>\t\t\t\t\t\t\t\t<\/div>\n\t\t\t\t<\/div>\n\t\t\t\t<div class=\"elementor-element elementor-element-ef6083f elementor-widget elementor-widget-heading\" data-id=\"ef6083f\" data-element_type=\"widget\" data-widget_type=\"heading.default\">\n\t\t\t\t<div class=\"elementor-widget-container\">\n\t\t\t\t\t<h3 class=\"elementor-heading-title elementor-size-default\">2. D\u00e9toxification douce\u00a0: Le turbo lymphatique<\/h3>\t\t\t\t<\/div>\n\t\t\t\t<\/div>\n\t\t\t\t<div class=\"elementor-element elementor-element-48169f8 elementor-widget elementor-widget-text-editor\" data-id=\"48169f8\" data-element_type=\"widget\" data-widget_type=\"text-editor.default\">\n\t\t\t\t<div class=\"elementor-widget-container\">\n\t\t\t\t\t\t\t\t\t<p>Le passage des ventouses sur le corps agit comme un drainage lymphatique intensif. Les fluides stagnants et les d\u00e9chets m\u00e9taboliques sont efficacement achemin\u00e9s vers les ganglions lymphatiques. Ce processus favorise la d\u00e9toxification naturelle du corps et contribue \u00e0 r\u00e9duire les gonflements et \u00e0 raffermir les tissus.<\/p>\t\t\t\t\t\t\t\t<\/div>\n\t\t\t\t<\/div>\n\t\t\t\t<div class=\"elementor-element elementor-element-2deb62a elementor-widget elementor-widget-heading\" data-id=\"2deb62a\" data-element_type=\"widget\" data-widget_type=\"heading.default\">\n\t\t\t\t<div class=\"elementor-widget-container\">\n\t\t\t\t\t<h2 class=\"elementor-heading-title elementor-size-default\">3. \u00c9quilibre mental : Aromath\u00e9rapie<\/h2>\t\t\t\t<\/div>\n\t\t\t\t<\/div>\n\t\t\t\t<div class=\"elementor-element elementor-element-aa5bc4e elementor-widget elementor-widget-text-editor\" data-id=\"aa5bc4e\" data-element_type=\"widget\" data-widget_type=\"text-editor.default\">\n\t\t\t\t<div class=\"elementor-widget-container\">\n\t\t\t\t\t\t\t\t\t<p>Pendant que la ventousoth\u00e9rapie agit sur le plan physique, nous vous enveloppons d&#039;un parfum pr\u00e9cieux et chaleureux d&#039;huiles essentielles. Ces huiles sont personnalis\u00e9es selon vos besoins \u2013 qu&#039;elles soient apaisantes, tonifiantes ou \u00e9quilibrantes. Leurs principes actifs p\u00e9n\u00e8trent la peau et offrent \u00e0 votre syst\u00e8me nerveux un profond r\u00e9pit face aux al\u00e9as du quotidien.<\/p>\t\t\t\t\t\t\t\t<\/div>\n\t\t\t\t<\/div>\n\t\t\t\t<div class=\"elementor-element elementor-element-28f5f16 elementor-widget elementor-widget-heading\" data-id=\"28f5f16\" data-element_type=\"widget\" data-widget_type=\"heading.default\">\n\t\t\t\t<div class=\"elementor-widget-container\">\n\t\t\t\t\t<h2 class=\"elementor-heading-title elementor-size-default\">Tarifs et options horaires\u00a0:<\/h2>\t\t\t\t<\/div>\n\t\t\t\t<\/div>\n\t\t\t\t<div class=\"elementor-element elementor-element-1b46efe elementor-widget elementor-widget-text-editor\" data-id=\"1b46efe\" data-element_type=\"widget\" data-widget_type=\"text-editor.default\">\n\t\t\t\t<div class=\"elementor-widget-container\">\n\t\t\t\t\t\t\t\t\t<div class=\"Y3BBE\" data-sfc-cp=\"\" data-sfc-root=\"c\" data-sfc-cb=\"\" data-hveid=\"CAEIFxAA\" data-complete=\"true\" data-processed=\"true\">Choisissez la dur\u00e9e de votre pause personnelle\u00a0:<\/div><ul class=\"KsbFXc U6u95\" data-sfc-root=\"c\" data-sfc-cb=\"\" data-complete=\"true\" data-processed=\"true\"><li class=\"dF3vjf\" data-sfc-root=\"c\" data-sfc-cb=\"\" data-hveid=\"CAEIGBAA\" data-complete=\"true\" data-sae=\"\"><span class=\"T286Pc\" data-sfc-cp=\"\" data-sfc-root=\"c\" data-sfc-cb=\"\" data-complete=\"true\"><strong class=\"Yjhzub\" data-sfc-root=\"c\" data-sfc-cb=\"\" data-complete=\"true\">60 minutes :<\/strong> Traitement cibl\u00e9 (dos et jambes) | <strong class=\"Yjhzub\" data-sfc-root=\"c\" data-sfc-cb=\"\" data-complete=\"true\">135 CHF<\/strong><\/span><\/li><li class=\"dF3vjf\" data-sfc-root=\"c\" data-sfc-cb=\"\" data-hveid=\"CAEIGBAB\" data-complete=\"true\" data-sae=\"\"><span class=\"T286Pc\" data-sfc-cp=\"\" data-sfc-root=\"c\" data-sfc-cb=\"\" data-complete=\"true\"><strong class=\"Yjhzub\" data-sfc-root=\"c\" data-sfc-cb=\"\" data-complete=\"true\">75 minutes :<\/strong> R\u00e9g\u00e9n\u00e9ration compl\u00e8te et \u00e9tendue du corps | <strong class=\"Yjhzub\" data-sfc-root=\"c\" data-sfc-cb=\"\" data-complete=\"true\">165 CHF<\/strong><\/span><\/li><li class=\"dF3vjf\" data-sfc-root=\"c\" data-sfc-cb=\"\" data-hveid=\"CAEIGBAC\" data-complete=\"true\" data-sae=\"\"><span class=\"T286Pc\" data-sfc-cp=\"\" data-sfc-root=\"c\" data-sfc-cb=\"\" data-complete=\"true\"><strong class=\"Yjhzub\" data-sfc-root=\"c\" data-sfc-cb=\"\" data-complete=\"true\">90 minutes :<\/strong> Le rituel de d\u00e9tox complet pour une relaxation maximale | <strong class=\"Yjhzub\" data-sfc-root=\"c\" data-sfc-cb=\"\" data-complete=\"true\">195 CHF<\/strong><\/span><\/li><\/ul>\t\t\t\t\t\t\t\t<\/div>\n\t\t\t\t<\/div>\n\t\t\t\t<div class=\"elementor-element elementor-element-f0cb192 elementor-widget elementor-widget-text-editor\" data-id=\"f0cb192\" data-element_type=\"widget\" data-widget_type=\"text-editor.default\">\n\t\t\t\t<div class=\"elementor-widget-container\">\n\t\t\t\t\t\t\t\t\t<p><strong>Accordez cette pause \u00e0 votre corps.<\/strong><\/p>\t\t\t\t\t\t\t\t<\/div>\n\t\t\t\t<\/div>\n\t\t\t\t\t<\/div>\n\t\t<\/div>\n\t\t\t\t\t<\/div>\n\t\t<\/section>\n\t\t\t\t<\/div>","protected":false},"excerpt":{"rendered":"<p>Ganzk\u00f6rper-Schr\u00f6pfen &#038; AromatherapieDie perfekte Synergie aus Heilkunst und WellnessWunschtermin anfragenTiefenregeneration &#038; Vitalit\u00e4tBlockaden l\u00f6sen mit Vakuum und kostbaren Aroma\u00f6lenWunschtermin anfragen Regeneration pur: Ganzk\u00f6rper-Schr\u00f6pfmassage &amp; Aromatherapie in St. Gallen Finden Sie zur\u00fcck zu Ihrer inneren Balance und neuer Vitalit\u00e4t. Unser exklusives Regenerations-Ritual im Sakura Spa St. Gallen kombiniert die jahrtausendealte Technik des trockenen Schr\u00f6pfens mit der tief [&hellip;]<\/p>\n","protected":false},"author":2,"featured_media":26127,"parent":5391,"menu_order":0,"comment_status":"closed","ping_status":"closed","template":"","meta":{"footnotes":""},"class_list":["post-26670","page","type-page","status-publish","has-post-thumbnail","hentry"],"yoast_head":"<!-- This site is optimized with the Yoast SEO plugin v25.2 - https:\/\/yoast.com\/wordpress\/plugins\/seo\/ -->\n<title>Trockenes Schr\u00f6pfen &amp; Aromatherapie | Sakura Spa St. Gallen<\/title>\n<meta name=\"description\" content=\"Sichtbare Ergebnisse durch Vakuum-Schr\u00f6pfen. \u2728 Ihr Anti-Cellulite-Shaping im Sakura Spa St. Gallen. Jetzt Termin buchen! \u2705\" \/>\n<meta name=\"robots\" content=\"index, follow, max-snippet:-1, max-image-preview:large, max-video-preview:-1\" \/>\n<link rel=\"canonical\" href=\"https:\/\/www.sakura-spa.ch\/fr\/produits-de-beaute\/ventouses-corporelles-completes-et-aromatherapie-a-saint-gall\/\" \/>\n<meta property=\"og:locale\" content=\"fr_FR\" \/>\n<meta property=\"og:type\" content=\"article\" \/>\n<meta property=\"og:title\" content=\"Trockenes Schr\u00f6pfen &amp; Aromatherapie | Sakura Spa St. Gallen\" \/>\n<meta property=\"og:description\" content=\"Sichtbare Ergebnisse durch Vakuum-Schr\u00f6pfen. \u2728 Ihr Anti-Cellulite-Shaping im Sakura Spa St. Gallen. Jetzt Termin buchen! \u2705\" \/>\n<meta property=\"og:url\" content=\"https:\/\/www.sakura-spa.ch\/fr\/produits-de-beaute\/ventouses-corporelles-completes-et-aromatherapie-a-saint-gall\/\" \/>\n<meta property=\"og:site_name\" content=\"Sakura Spa in St. Gallen\" \/>\n<meta property=\"article:modified_time\" content=\"2026-04-09T17:56:35+00:00\" \/>\n<meta property=\"og:image\" content=\"https:\/\/www.sakura-spa.ch\/wp-content\/uploads\/Anti-Cellulite-Massage.jpg\" \/>\n\t<meta property=\"og:image:width\" content=\"2120\" \/>\n\t<meta property=\"og:image:height\" content=\"1415\" \/>\n\t<meta property=\"og:image:type\" content=\"image\/jpeg\" \/>\n<meta name=\"twitter:card\" content=\"summary_large_image\" \/>\n<script type=\"application\/ld+json\" class=\"yoast-schema-graph\">{\"@context\":\"https:\/\/schema.org\",\"@graph\":[{\"@type\":\"WebPage\",\"@id\":\"https:\/\/www.sakura-spa.ch\/kosmetik\/ganzkoerper-schroepfen-aromatherapie-st-gallen\/\",\"url\":\"https:\/\/www.sakura-spa.ch\/kosmetik\/ganzkoerper-schroepfen-aromatherapie-st-gallen\/\",\"name\":\"Trockenes Schr\u00f6pfen & Aromatherapie | Sakura Spa St. Gallen\",\"isPartOf\":{\"@id\":\"https:\/\/www.sakura-spa.ch\/#website\"},\"primaryImageOfPage\":{\"@id\":\"https:\/\/www.sakura-spa.ch\/kosmetik\/ganzkoerper-schroepfen-aromatherapie-st-gallen\/#primaryimage\"},\"image\":{\"@id\":\"https:\/\/www.sakura-spa.ch\/kosmetik\/ganzkoerper-schroepfen-aromatherapie-st-gallen\/#primaryimage\"},\"thumbnailUrl\":\"https:\/\/www.sakura-spa.ch\/wp-content\/uploads\/Anti-Cellulite-Massage.jpg\",\"datePublished\":\"2026-04-08T21:07:26+00:00\",\"dateModified\":\"2026-04-09T17:56:35+00:00\",\"description\":\"Sichtbare Ergebnisse durch Vakuum-Schr\u00f6pfen. \u2728 Ihr Anti-Cellulite-Shaping im Sakura Spa St. Gallen. Jetzt Termin buchen! \u2705\",\"breadcrumb\":{\"@id\":\"https:\/\/www.sakura-spa.ch\/kosmetik\/ganzkoerper-schroepfen-aromatherapie-st-gallen\/#breadcrumb\"},\"inLanguage\":\"fr-FR\",\"potentialAction\":[{\"@type\":\"ReadAction\",\"target\":[\"https:\/\/www.sakura-spa.ch\/kosmetik\/ganzkoerper-schroepfen-aromatherapie-st-gallen\/\"]}]},{\"@type\":\"ImageObject\",\"inLanguage\":\"fr-FR\",\"@id\":\"https:\/\/www.sakura-spa.ch\/kosmetik\/ganzkoerper-schroepfen-aromatherapie-st-gallen\/#primaryimage\",\"url\":\"https:\/\/www.sakura-spa.ch\/wp-content\/uploads\/Anti-Cellulite-Massage.jpg\",\"contentUrl\":\"https:\/\/www.sakura-spa.ch\/wp-content\/uploads\/Anti-Cellulite-Massage.jpg\",\"width\":2120,\"height\":1415,\"caption\":\"Close up of anti cellulite massage for young woman in wellness center. Perfect skin fat burning beauty concept\"},{\"@type\":\"BreadcrumbList\",\"@id\":\"https:\/\/www.sakura-spa.ch\/kosmetik\/ganzkoerper-schroepfen-aromatherapie-st-gallen\/#breadcrumb\",\"itemListElement\":[{\"@type\":\"ListItem\",\"position\":1,\"name\":\"Startseite\",\"item\":\"https:\/\/www.sakura-spa.ch\/\"},{\"@type\":\"ListItem\",\"position\":2,\"name\":\"Kosmetik\",\"item\":\"https:\/\/www.sakura-spa.ch\/kosmetik\/\"},{\"@type\":\"ListItem\",\"position\":3,\"name\":\"Ganzk\u00f6rper-Schr\u00f6pfen &#038; Aromatherapie St. Gallen\"}]},{\"@type\":\"WebSite\",\"@id\":\"https:\/\/www.sakura-spa.ch\/#website\",\"url\":\"https:\/\/www.sakura-spa.ch\/\",\"name\":\"Sakura Spa in St. Gallen\",\"description\":\"Kosmetik, Wellness und Massage\",\"potentialAction\":[{\"@type\":\"SearchAction\",\"target\":{\"@type\":\"EntryPoint\",\"urlTemplate\":\"https:\/\/www.sakura-spa.ch\/?s={search_term_string}\"},\"query-input\":{\"@type\":\"PropertyValueSpecification\",\"valueRequired\":true,\"valueName\":\"search_term_string\"}}],\"inLanguage\":\"fr-FR\"}]}<\/script>\n<!-- \/ Yoast SEO plugin. -->","yoast_head_json":{"title":"Ventouses s\u00e8ches et aromath\u00e9rapie | Sakura Spa Saint-Gall","description":"R\u00e9sultats visibles gr\u00e2ce aux ventouses. \u2728 Votre soin anti-cellulite remodelant chez Sakura Spa St. Gallen. Prenez rendez-vous d\u00e8s maintenant\u00a0! \u2705","robots":{"index":"index","follow":"follow","max-snippet":"max-snippet:-1","max-image-preview":"max-image-preview:large","max-video-preview":"max-video-preview:-1"},"canonical":"https:\/\/www.sakura-spa.ch\/fr\/produits-de-beaute\/ventouses-corporelles-completes-et-aromatherapie-a-saint-gall\/","og_locale":"fr_FR","og_type":"article","og_title":"Trockenes Schr\u00f6pfen & Aromatherapie | Sakura Spa St. Gallen","og_description":"Sichtbare Ergebnisse durch Vakuum-Schr\u00f6pfen. \u2728 Ihr Anti-Cellulite-Shaping im Sakura Spa St. Gallen. Jetzt Termin buchen! \u2705","og_url":"https:\/\/www.sakura-spa.ch\/fr\/produits-de-beaute\/ventouses-corporelles-completes-et-aromatherapie-a-saint-gall\/","og_site_name":"Sakura Spa in St. Gallen","article_modified_time":"2026-04-09T17:56:35+00:00","og_image":[{"width":2120,"height":1415,"url":"https:\/\/www.sakura-spa.ch\/wp-content\/uploads\/Anti-Cellulite-Massage.jpg","type":"image\/jpeg"}],"twitter_card":"summary_large_image","schema":{"@context":"https:\/\/schema.org","@graph":[{"@type":"WebPage","@id":"https:\/\/www.sakura-spa.ch\/kosmetik\/ganzkoerper-schroepfen-aromatherapie-st-gallen\/","url":"https:\/\/www.sakura-spa.ch\/kosmetik\/ganzkoerper-schroepfen-aromatherapie-st-gallen\/","name":"Ventouses s\u00e8ches et aromath\u00e9rapie | Sakura Spa Saint-Gall","isPartOf":{"@id":"https:\/\/www.sakura-spa.ch\/#website"},"primaryImageOfPage":{"@id":"https:\/\/www.sakura-spa.ch\/kosmetik\/ganzkoerper-schroepfen-aromatherapie-st-gallen\/#primaryimage"},"image":{"@id":"https:\/\/www.sakura-spa.ch\/kosmetik\/ganzkoerper-schroepfen-aromatherapie-st-gallen\/#primaryimage"},"thumbnailUrl":"https:\/\/www.sakura-spa.ch\/wp-content\/uploads\/Anti-Cellulite-Massage.jpg","datePublished":"2026-04-08T21:07:26+00:00","dateModified":"2026-04-09T17:56:35+00:00","description":"R\u00e9sultats visibles gr\u00e2ce aux ventouses. \u2728 Votre soin anti-cellulite remodelant chez Sakura Spa St. Gallen. Prenez rendez-vous d\u00e8s maintenant\u00a0! \u2705","breadcrumb":{"@id":"https:\/\/www.sakura-spa.ch\/kosmetik\/ganzkoerper-schroepfen-aromatherapie-st-gallen\/#breadcrumb"},"inLanguage":"fr-FR","potentialAction":[{"@type":"ReadAction","target":["https:\/\/www.sakura-spa.ch\/kosmetik\/ganzkoerper-schroepfen-aromatherapie-st-gallen\/"]}]},{"@type":"ImageObject","inLanguage":"fr-FR","@id":"https:\/\/www.sakura-spa.ch\/kosmetik\/ganzkoerper-schroepfen-aromatherapie-st-gallen\/#primaryimage","url":"https:\/\/www.sakura-spa.ch\/wp-content\/uploads\/Anti-Cellulite-Massage.jpg","contentUrl":"https:\/\/www.sakura-spa.ch\/wp-content\/uploads\/Anti-Cellulite-Massage.jpg","width":2120,"height":1415,"caption":"Close up of anti cellulite massage for young woman in wellness center. Perfect skin fat burning beauty concept"},{"@type":"BreadcrumbList","@id":"https:\/\/www.sakura-spa.ch\/kosmetik\/ganzkoerper-schroepfen-aromatherapie-st-gallen\/#breadcrumb","itemListElement":[{"@type":"ListItem","position":1,"name":"Startseite","item":"https:\/\/www.sakura-spa.ch\/"},{"@type":"ListItem","position":2,"name":"Kosmetik","item":"https:\/\/www.sakura-spa.ch\/kosmetik\/"},{"@type":"ListItem","position":3,"name":"Ganzk\u00f6rper-Schr\u00f6pfen &#038; Aromatherapie St. Gallen"}]},{"@type":"WebSite","@id":"https:\/\/www.sakura-spa.ch\/#website","url":"https:\/\/www.sakura-spa.ch\/","name":"Spa Sakura \u00e0 Saint-Gall","description":"Cosm\u00e9tiques, Bien-\u00eatre et Massages","potentialAction":[{"@type":"SearchAction","target":{"@type":"EntryPoint","urlTemplate":"https:\/\/www.sakura-spa.ch\/?s={search_term_string}"},"query-input":{"@type":"PropertyValueSpecification","valueRequired":true,"valueName":"search_term_string"}}],"inLanguage":"fr-FR"}]}},"_links":{"self":[{"href":"https:\/\/www.sakura-spa.ch\/fr\/wp-json\/wp\/v2\/pages\/26670","targetHints":{"allow":["GET"]}}],"collection":[{"href":"https:\/\/www.sakura-spa.ch\/fr\/wp-json\/wp\/v2\/pages"}],"about":[{"href":"https:\/\/www.sakura-spa.ch\/fr\/wp-json\/wp\/v2\/types\/page"}],"author":[{"embeddable":true,"href":"https:\/\/www.sakura-spa.ch\/fr\/wp-json\/wp\/v2\/users\/2"}],"replies":[{"embeddable":true,"href":"https:\/\/www.sakura-spa.ch\/fr\/wp-json\/wp\/v2\/comments?post=26670"}],"version-history":[{"count":34,"href":"https:\/\/www.sakura-spa.ch\/fr\/wp-json\/wp\/v2\/pages\/26670\/revisions"}],"predecessor-version":[{"id":26704,"href":"https:\/\/www.sakura-spa.ch\/fr\/wp-json\/wp\/v2\/pages\/26670\/revisions\/26704"}],"up":[{"embeddable":true,"href":"https:\/\/www.sakura-spa.ch\/fr\/wp-json\/wp\/v2\/pages\/5391"}],"wp:featuredmedia":[{"embeddable":true,"href":"https:\/\/www.sakura-spa.ch\/fr\/wp-json\/wp\/v2\/media\/26127"}],"wp:attachment":[{"href":"https:\/\/www.sakura-spa.ch\/fr\/wp-json\/wp\/v2\/media?parent=26670"}],"curies":[{"name":"wp","href":"https:\/\/api.w.org\/{rel}","templated":true}]}}