{"id":3602,"date":"2022-10-06T12:01:12","date_gmt":"2022-10-06T10:01:12","guid":{"rendered":"https:\/\/p5.seoway.de\/?page_id=3602"},"modified":"2025-04-07T13:18:20","modified_gmt":"2025-04-07T11:18:20","slug":"le-puissant-massage-tao","status":"publish","type":"page","link":"https:\/\/www.sakura-spa.ch\/fr\/massages\/le-puissant-massage-tao\/","title":{"rendered":"le puissant massage Tao"},"content":{"rendered":"<div data-elementor-type=\"wp-page\" data-elementor-id=\"3602\" class=\"elementor elementor-3602\" data-elementor-post-type=\"page\">\n\t\t\t\t\t\t<section class=\"elementor-section elementor-top-section elementor-element elementor-element-7cadfa14 elementor-section-full_width elementor-section-height-default elementor-section-height-default\" data-id=\"7cadfa14\" data-element_type=\"section\">\n\t\t\t\t\t\t<div class=\"elementor-container elementor-column-gap-no\">\n\t\t\t\t\t<div class=\"elementor-column elementor-col-100 elementor-top-column elementor-element elementor-element-24ad9956\" data-id=\"24ad9956\" data-element_type=\"column\">\n\t\t\t<div class=\"elementor-widget-wrap elementor-element-populated\">\n\t\t\t\t\t\t<div class=\"elementor-element elementor-element-272a63f7 elementor--h-position-left elementor--v-position-middle elementor-widget elementor-widget-slides\" data-id=\"272a63f7\" data-element_type=\"widget\" data-settings=\"{&quot;navigation&quot;:&quot;none&quot;,&quot;autoplay&quot;:&quot;yes&quot;,&quot;pause_on_hover&quot;:&quot;yes&quot;,&quot;pause_on_interaction&quot;:&quot;yes&quot;,&quot;autoplay_speed&quot;:5000,&quot;infinite&quot;:&quot;yes&quot;,&quot;transition&quot;:&quot;slide&quot;,&quot;transition_speed&quot;:500}\" data-widget_type=\"slides.default\">\n\t\t\t\t<div class=\"elementor-widget-container\">\n\t\t\t\t\t\t\t\t\t<div class=\"elementor-swiper\">\n\t\t\t\t\t<div class=\"elementor-slides-wrapper elementor-main-swiper swiper\" role=\"region\" aria-roledescription=\"carousel\" aria-label=\"diapositives\" dir=\"ltr\" data-animation=\"fadeInUp\">\n\t\t\t\t<div class=\"swiper-wrapper elementor-slides\">\n\t\t\t\t\t\t\t\t\t\t<div class=\"elementor-repeater-item-3e1ba6e swiper-slide\" role=\"group\" aria-roledescription=\"slide\"><div class=\"swiper-slide-bg elementor-ken-burns elementor-ken-burns--in\" role=\"img\"><\/div><div class=\"swiper-slide-inner\" ><div class=\"swiper-slide-contents\"><div class=\"elementor-slide-heading\">le puissant massage Tao<\/div><div class=\"elementor-slide-description\">R\u00e9soudre les blocages et les n\u0153uds<\/div><a href=\"#elementor-action%3Aaction%3Dpopup%3Aopen%26settings%3DeyJpZCI6IjM1IiwidG9nZ2xlIjpmYWxzZX0%3D\" class=\"elementor-button elementor-slide-button elementor-size-md\">contact<\/a><\/div><\/div><\/div><div class=\"elementor-repeater-item-11679b6 swiper-slide\" role=\"group\" aria-roledescription=\"slide\"><div class=\"swiper-slide-bg elementor-ken-burns elementor-ken-burns--in\" role=\"img\"><\/div><div class=\"swiper-slide-inner\" ><div class=\"swiper-slide-contents\"><div class=\"elementor-slide-heading\">le puissant massage Tao<\/div><div class=\"elementor-slide-description\">Pour les muscles stress\u00e9s<\/div><a href=\"#elementor-action%3Aaction%3Dpopup%3Aopen%26settings%3DeyJpZCI6IjM1IiwidG9nZ2xlIjpmYWxzZX0%3D\" class=\"elementor-button elementor-slide-button elementor-size-md\">contact<\/a><\/div><\/div><\/div>\t\t\t\t<\/div>\n\t\t\t\t\t\t\t\t\t\t\t\t\t\t\t\t\t\t\t\t\t<\/div>\n\t\t\t\t<\/div>\n\t\t\t\t\t\t\t\t<\/div>\n\t\t\t\t<\/div>\n\t\t\t\t\t<\/div>\n\t\t<\/div>\n\t\t\t\t\t<\/div>\n\t\t<\/section>\n\t\t\t\t<section class=\"elementor-section elementor-top-section elementor-element elementor-element-53f712c3 elementor-section-boxed elementor-section-height-default elementor-section-height-default\" data-id=\"53f712c3\" data-element_type=\"section\" data-settings=\"{&quot;background_background&quot;:&quot;classic&quot;}\">\n\t\t\t\t\t\t\t<div class=\"elementor-background-overlay\"><\/div>\n\t\t\t\t\t\t\t<div class=\"elementor-container elementor-column-gap-default\">\n\t\t\t\t\t<div class=\"elementor-column elementor-col-100 elementor-top-column elementor-element elementor-element-12af9689\" data-id=\"12af9689\" data-element_type=\"column\">\n\t\t\t<div class=\"elementor-widget-wrap elementor-element-populated\">\n\t\t\t\t\t\t<div class=\"elementor-element elementor-element-468a84b7 elementor-widget elementor-widget-global elementor-global-332 elementor-widget-breadcrumbs\" data-id=\"468a84b7\" data-element_type=\"widget\" data-widget_type=\"breadcrumbs.default\">\n\t\t\t\t<div class=\"elementor-widget-container\">\n\t\t\t\t\t<p id=\"breadcrumbs\"><span><span><a href=\"https:\/\/www.sakura-spa.ch\/fr\/\">page d&#039;accueil<\/a><\/span><\/span><\/p>\t\t\t\t<\/div>\n\t\t\t\t<\/div>\n\t\t\t\t\t<\/div>\n\t\t<\/div>\n\t\t\t\t\t<\/div>\n\t\t<\/section>\n\t\t\t\t<section class=\"elementor-section elementor-top-section elementor-element elementor-element-06811a5 elementor-section-boxed elementor-section-height-default elementor-section-height-default\" data-id=\"06811a5\" data-element_type=\"section\">\n\t\t\t\t\t\t<div class=\"elementor-container elementor-column-gap-default\">\n\t\t\t\t\t<div class=\"elementor-column elementor-col-100 elementor-top-column elementor-element elementor-element-33e6687\" data-id=\"33e6687\" data-element_type=\"column\">\n\t\t\t<div class=\"elementor-widget-wrap elementor-element-populated\">\n\t\t\t\t\t\t<div class=\"elementor-element elementor-element-c90083c elementor-widget elementor-widget-heading\" data-id=\"c90083c\" data-element_type=\"widget\" data-widget_type=\"heading.default\">\n\t\t\t\t<div class=\"elementor-widget-container\">\n\t\t\t\t\t<h1 class=\"elementor-heading-title elementor-size-default\">le puissant massage Tao<\/h1>\t\t\t\t<\/div>\n\t\t\t\t<\/div>\n\t\t\t\t\t<\/div>\n\t\t<\/div>\n\t\t\t\t\t<\/div>\n\t\t<\/section>\n\t\t\t\t<section class=\"elementor-section elementor-top-section elementor-element elementor-element-b944ed0 elementor-reverse-tablet elementor-reverse-mobile elementor-section-boxed elementor-section-height-default elementor-section-height-default\" data-id=\"b944ed0\" data-element_type=\"section\">\n\t\t\t\t\t\t<div class=\"elementor-container elementor-column-gap-default\">\n\t\t\t\t\t<div class=\"elementor-column elementor-col-50 elementor-top-column elementor-element elementor-element-8519369\" data-id=\"8519369\" data-element_type=\"column\">\n\t\t\t<div class=\"elementor-widget-wrap elementor-element-populated\">\n\t\t\t\t\t\t<div class=\"elementor-element elementor-element-12c7f8c elementor-widget elementor-widget-text-editor\" data-id=\"12c7f8c\" data-element_type=\"widget\" data-widget_type=\"text-editor.default\">\n\t\t\t\t<div class=\"elementor-widget-container\">\n\t\t\t\t\t\t\t\t\t<p>Le puissant massage Tao est un massage sportif puissant et \u00e9nergique qui traite intens\u00e9ment tout le corps, y compris toutes les lignes \u00e9nerg\u00e9tiques, en utilisant des techniques de massage adapt\u00e9es individuellement. Gr\u00e2ce \u00e0 des mouvements et des p\u00e9trissages \u00e9tendus et cibl\u00e9s et \u00e0 l&#039;utilisation d&#039;\u00e9l\u00e9ments du massage tha\u00ef traditionnel et de la th\u00e9rapie par points de d\u00e9clenchement, les tensions musculaires sont lib\u00e9r\u00e9es, la circulation sanguine et le m\u00e9tabolisme sont stimul\u00e9s, la fatigue et l&#039;\u00e9puisement sont combattus, les blocages sont lib\u00e9r\u00e9s et des voies libres sont cr\u00e9\u00e9es pour nouvelle vitalit\u00e9 et \u00e9nergie.<\/p>\t\t\t\t\t\t\t\t<\/div>\n\t\t\t\t<\/div>\n\t\t\t\t<div class=\"elementor-element elementor-element-71e7c42 elementor-widget elementor-widget-heading\" data-id=\"71e7c42\" data-element_type=\"widget\" data-widget_type=\"heading.default\">\n\t\t\t\t<div class=\"elementor-widget-container\">\n\t\t\t\t\t<h2 class=\"elementor-heading-title elementor-size-default\">Un massage pour d\u00e9nouer les n\u0153uds<\/h2>\t\t\t\t<\/div>\n\t\t\t\t<\/div>\n\t\t\t\t<div class=\"elementor-element elementor-element-d6461b1 elementor-widget elementor-widget-text-editor\" data-id=\"d6461b1\" data-element_type=\"widget\" data-widget_type=\"text-editor.default\">\n\t\t\t\t<div class=\"elementor-widget-container\">\n\t\t\t\t\t\t\t\t\t<p>Le massage Tao puissant est un traitement intensif qui utilise une pression et une force cibl\u00e9es, parfois \u00e0 l&#039;aide des coudes, ce qui n&#039;est pas pour les connaisseurs qui veulent simplement se d\u00e9tendre. Il convient donc aux personnes robustes, en bonne sant\u00e9, tr\u00e8s actives physiquement, qui souffrent souvent de tensions dues \u00e0 la sollicitation, ce qui limite \u00e0 son tour le mouvement des articulations. Le massage peut \u00e9galement \u00eatre utile si vous souffrez de tensions musculaires, de tensions musculaires et de douleurs qui en r\u00e9sultent pour diverses raisons. Ce type de massage permet une relaxation corporelle particuli\u00e8rement profonde et assure un \u00e9tirement efficace et une meilleure circulation sanguine dans les zones mass\u00e9es. En rel\u00e2chant sp\u00e9cifiquement les tissus durcis et les n\u0153uds, la mobilit\u00e9 est restaur\u00e9e. Le massage d\u00e9tend non seulement les muscles, mais favorise \u00e9galement la circulation sanguine et augmente l&#039;\u00e9limination des produits m\u00e9taboliques.<\/p>\t\t\t\t\t\t\t\t<\/div>\n\t\t\t\t<\/div>\n\t\t\t\t<div class=\"elementor-element elementor-element-f810a41 elementor-widget elementor-widget-heading\" data-id=\"f810a41\" data-element_type=\"widget\" data-widget_type=\"heading.default\">\n\t\t\t\t<div class=\"elementor-widget-container\">\n\t\t\t\t\t<h2 class=\"elementor-heading-title elementor-size-default\">Massez les tensions avec des huiles chaudes<\/h2>\t\t\t\t<\/div>\n\t\t\t\t<\/div>\n\t\t\t\t<div class=\"elementor-element elementor-element-f42c935 elementor-widget elementor-widget-text-editor\" data-id=\"f42c935\" data-element_type=\"widget\" data-widget_type=\"text-editor.default\">\n\t\t\t\t<div class=\"elementor-widget-container\">\n\t\t\t\t\t\t\t\t\t<div class=\"elementor-element elementor-element-e4832de elementor-widget elementor-widget-text-editor\" data-id=\"e4832de\" data-element_type=\"widget\" data-widget_type=\"text-editor.default\"><div class=\"elementor-widget-container\"><div class=\"elementor-text-editor elementor-clearfix\"><p>Les massages \u00e0 l\u2019huile chaude sont pr\u00e9cieux car ils stimulent la circulation et le flux sanguin, soulagent les tensions, r\u00e9duisent le stress et renforcent le syst\u00e8me immunitaire du corps. Les huiles chaudes peuvent p\u00e9n\u00e9trer profond\u00e9ment dans les tissus et r\u00e9chauffer le corps de l\u2019int\u00e9rieur vers l\u2019ext\u00e9rieur. Un puissant massage relaxant musculaire am\u00e9liore le bien-\u00eatre mental, donne une nouvelle force et \u00e9nergie et est \u00e9galement recommand\u00e9 aux personnes qui souffrent de stress, de maux de t\u00eate, de manque de motivation et de fatigue ou qui souhaitent pr\u00e9venir les d\u00e9s\u00e9quilibres.<\/p><\/div><\/div><\/div>\t\t\t\t\t\t\t\t<\/div>\n\t\t\t\t<\/div>\n\t\t\t\t\t<\/div>\n\t\t<\/div>\n\t\t\t\t<div class=\"elementor-column elementor-col-50 elementor-top-column elementor-element elementor-element-fe48dc9\" data-id=\"fe48dc9\" data-element_type=\"column\">\n\t\t\t<div class=\"elementor-widget-wrap elementor-element-populated\">\n\t\t\t\t\t\t<div class=\"elementor-element elementor-element-140ab15 elementor-widget__width-auto elementor-widget elementor-widget-image\" data-id=\"140ab15\" data-element_type=\"widget\" data-widget_type=\"image.default\">\n\t\t\t\t<div class=\"elementor-widget-container\">\n\t\t\t\t\t\t\t\t\t\t\t\t\t\t\t<img fetchpriority=\"high\" decoding=\"async\" width=\"800\" height=\"534\" src=\"https:\/\/www.sakura-spa.ch\/wp-content\/uploads\/MASSAGE_iStock-1357320952_neu-1024x683.jpg\" class=\"attachment-large size-large wp-image-2393\" alt=\"le puissant massage Tao\" srcset=\"https:\/\/www.sakura-spa.ch\/wp-content\/uploads\/MASSAGE_iStock-1357320952_neu-1024x683.jpg 1024w, https:\/\/www.sakura-spa.ch\/wp-content\/uploads\/MASSAGE_iStock-1357320952_neu-300x200.jpg 300w, https:\/\/www.sakura-spa.ch\/wp-content\/uploads\/MASSAGE_iStock-1357320952_neu-768x512.jpg 768w, https:\/\/www.sakura-spa.ch\/wp-content\/uploads\/MASSAGE_iStock-1357320952_neu-1536x1024.jpg 1536w, https:\/\/www.sakura-spa.ch\/wp-content\/uploads\/MASSAGE_iStock-1357320952_neu-2048x1366.jpg 2048w\" sizes=\"(max-width: 800px) 100vw, 800px\" \/>\t\t\t\t\t\t\t\t\t\t\t\t\t\t\t<\/div>\n\t\t\t\t<\/div>\n\t\t\t\t<div class=\"elementor-element elementor-element-54da6a5 elementor-align-center elementor-widget__width-inherit elementor-icon-list--layout-traditional elementor-list-item-link-full_width elementor-widget elementor-widget-global elementor-global-3270 elementor-widget-icon-list\" data-id=\"54da6a5\" data-element_type=\"widget\" data-widget_type=\"icon-list.default\">\n\t\t\t\t<div class=\"elementor-widget-container\">\n\t\t\t\t\t\t\t<ul class=\"elementor-icon-list-items\">\n\t\t\t\t\t\t\t<li class=\"elementor-icon-list-item\">\n\t\t\t\t\t\t\t\t\t\t<span class=\"elementor-icon-list-text\">50 min. \u2013 105.-<\/span>\n\t\t\t\t\t\t\t\t\t<\/li>\n\t\t\t\t\t\t\t\t<li class=\"elementor-icon-list-item\">\n\t\t\t\t\t\t\t\t\t\t<span class=\"elementor-icon-list-text\">60 min. \u2013 125.-<\/span>\n\t\t\t\t\t\t\t\t\t<\/li>\n\t\t\t\t\t\t\t\t<li class=\"elementor-icon-list-item\">\n\t\t\t\t\t\t\t\t\t\t<span class=\"elementor-icon-list-text\">75 min. \u2013 150.-<\/span>\n\t\t\t\t\t\t\t\t\t<\/li>\n\t\t\t\t\t\t\t\t<li class=\"elementor-icon-list-item\">\n\t\t\t\t\t\t\t\t\t\t<span class=\"elementor-icon-list-text\">90 min. \u2013 170.-<\/span>\n\t\t\t\t\t\t\t\t\t<\/li>\n\t\t\t\t\t\t\t\t<li class=\"elementor-icon-list-item\">\n\t\t\t\t\t\t\t\t\t\t\t<a href=\"https:\/\/shop.tac.eu.com\/Sakura\/shop\/vouchers\/category\/362\/\">\n\n\t\t\t\t\t\t\t\t\t\t\t<span class=\"elementor-icon-list-text\">Acheter un bon d&#039;achat<\/span>\n\t\t\t\t\t\t\t\t\t\t\t<\/a>\n\t\t\t\t\t\t\t\t\t<\/li>\n\t\t\t\t\t\t<\/ul>\n\t\t\t\t\t\t<\/div>\n\t\t\t\t<\/div>\n\t\t\t\t\t<\/div>\n\t\t<\/div>\n\t\t\t\t\t<\/div>\n\t\t<\/section>\n\t\t\t\t<\/div>","protected":false},"excerpt":{"rendered":"<p>The Powerful Tao MassageBlockaden und Knoten l\u00f6senKontakt aufnehmenThe Powerful Tao MassageF\u00fcr gestresste MuskelnKontakt aufnehmen The Powerful Tao Massage Die Powerful Tao Massage ist eine kr\u00e4ftige, energiereiche Sportmassage, die durch individuell abgestimmte Massagetechniken den gesamten K\u00f6rper samt aller Energielinien intensiv behandelt. Durch fl\u00e4chige und punktuelle Streichungen und Knetungen und den Einsatz von Elementen aus der traditionellen [&hellip;]<\/p>\n","protected":false},"author":1,"featured_media":2393,"parent":511,"menu_order":0,"comment_status":"closed","ping_status":"closed","template":"","meta":{"footnotes":""},"class_list":["post-3602","page","type-page","status-publish","has-post-thumbnail","hentry"],"yoast_head":"<!-- This site is optimized with the Yoast SEO plugin v25.2 - https:\/\/yoast.com\/wordpress\/plugins\/seo\/ -->\n<title>The Powerful Tao Massage in St. Gallen - Sakura Spa<\/title>\n<meta name=\"description\" content=\"The Powerful Tao Massage in St. Gallen \u2764 mit warmen \u00d6len \u2764 kr\u00e4ftige Sportmassage \u2764 Sakura Spa \u27bd Jetzt Termin buchen\" \/>\n<meta name=\"robots\" content=\"index, follow, max-snippet:-1, max-image-preview:large, max-video-preview:-1\" \/>\n<link rel=\"canonical\" href=\"https:\/\/www.sakura-spa.ch\/fr\/massages\/le-puissant-massage-tao\/\" \/>\n<meta property=\"og:locale\" content=\"fr_FR\" \/>\n<meta property=\"og:type\" content=\"article\" \/>\n<meta property=\"og:title\" content=\"The Powerful Tao Massage in St. Gallen - Sakura Spa\" \/>\n<meta property=\"og:description\" content=\"The Powerful Tao Massage in St. Gallen \u2764 mit warmen \u00d6len \u2764 kr\u00e4ftige Sportmassage \u2764 Sakura Spa \u27bd Jetzt Termin buchen\" \/>\n<meta property=\"og:url\" content=\"https:\/\/www.sakura-spa.ch\/fr\/massages\/le-puissant-massage-tao\/\" \/>\n<meta property=\"og:site_name\" content=\"Sakura Spa in St. Gallen\" \/>\n<meta property=\"article:modified_time\" content=\"2025-04-07T11:18:20+00:00\" \/>\n<meta property=\"og:image\" content=\"https:\/\/www.sakura-spa.ch\/wp-content\/uploads\/MASSAGE_iStock-1357320952_neu.jpg\" \/>\n\t<meta property=\"og:image:width\" content=\"2120\" \/>\n\t<meta property=\"og:image:height\" content=\"1414\" \/>\n\t<meta property=\"og:image:type\" content=\"image\/jpeg\" \/>\n<meta name=\"twitter:card\" content=\"summary_large_image\" \/>\n<script type=\"application\/ld+json\" class=\"yoast-schema-graph\">{\"@context\":\"https:\/\/schema.org\",\"@graph\":[{\"@type\":\"WebPage\",\"@id\":\"https:\/\/www.sakura-spa.ch\/massagen\/the-powerful-tao-massage\/\",\"url\":\"https:\/\/www.sakura-spa.ch\/massagen\/the-powerful-tao-massage\/\",\"name\":\"The Powerful Tao Massage in St. Gallen - Sakura Spa\",\"isPartOf\":{\"@id\":\"https:\/\/www.sakura-spa.ch\/#website\"},\"primaryImageOfPage\":{\"@id\":\"https:\/\/www.sakura-spa.ch\/massagen\/the-powerful-tao-massage\/#primaryimage\"},\"image\":{\"@id\":\"https:\/\/www.sakura-spa.ch\/massagen\/the-powerful-tao-massage\/#primaryimage\"},\"thumbnailUrl\":\"https:\/\/www.sakura-spa.ch\/wp-content\/uploads\/MASSAGE_iStock-1357320952_neu.jpg\",\"datePublished\":\"2022-10-06T10:01:12+00:00\",\"dateModified\":\"2025-04-07T11:18:20+00:00\",\"description\":\"The Powerful Tao Massage in St. Gallen \u2764 mit warmen \u00d6len \u2764 kr\u00e4ftige Sportmassage \u2764 Sakura Spa \u27bd Jetzt Termin buchen\",\"breadcrumb\":{\"@id\":\"https:\/\/www.sakura-spa.ch\/massagen\/the-powerful-tao-massage\/#breadcrumb\"},\"inLanguage\":\"fr-FR\",\"potentialAction\":[{\"@type\":\"ReadAction\",\"target\":[\"https:\/\/www.sakura-spa.ch\/massagen\/the-powerful-tao-massage\/\"]}]},{\"@type\":\"ImageObject\",\"inLanguage\":\"fr-FR\",\"@id\":\"https:\/\/www.sakura-spa.ch\/massagen\/the-powerful-tao-massage\/#primaryimage\",\"url\":\"https:\/\/www.sakura-spa.ch\/wp-content\/uploads\/MASSAGE_iStock-1357320952_neu.jpg\",\"contentUrl\":\"https:\/\/www.sakura-spa.ch\/wp-content\/uploads\/MASSAGE_iStock-1357320952_neu.jpg\",\"width\":2120,\"height\":1414,\"caption\":\"The Powerful Tao Massage\"},{\"@type\":\"BreadcrumbList\",\"@id\":\"https:\/\/www.sakura-spa.ch\/massagen\/the-powerful-tao-massage\/#breadcrumb\",\"itemListElement\":[{\"@type\":\"ListItem\",\"position\":1,\"name\":\"Startseite\",\"item\":\"https:\/\/www.sakura-spa.ch\/\"},{\"@type\":\"ListItem\",\"position\":2,\"name\":\"Massagen\",\"item\":\"https:\/\/www.sakura-spa.ch\/massagen\/\"},{\"@type\":\"ListItem\",\"position\":3,\"name\":\"The Powerful Tao Massage\"}]},{\"@type\":\"WebSite\",\"@id\":\"https:\/\/www.sakura-spa.ch\/#website\",\"url\":\"https:\/\/www.sakura-spa.ch\/\",\"name\":\"Sakura Spa in St. Gallen\",\"description\":\"Kosmetik, Wellness und Massage\",\"potentialAction\":[{\"@type\":\"SearchAction\",\"target\":{\"@type\":\"EntryPoint\",\"urlTemplate\":\"https:\/\/www.sakura-spa.ch\/?s={search_term_string}\"},\"query-input\":{\"@type\":\"PropertyValueSpecification\",\"valueRequired\":true,\"valueName\":\"search_term_string\"}}],\"inLanguage\":\"fr-FR\"}]}<\/script>\n<!-- \/ Yoast SEO plugin. -->","yoast_head_json":{"title":"Le puissant massage Tao \u00e0 Saint-Gall - Sakura Spa","description":"Le puissant massage Tao \u00e0 Saint-Gall \u2764 aux huiles chaudes \u2764 massage sportif puissant \u2764 Sakura Spa \u27bd Prenez rendez-vous maintenant","robots":{"index":"index","follow":"follow","max-snippet":"max-snippet:-1","max-image-preview":"max-image-preview:large","max-video-preview":"max-video-preview:-1"},"canonical":"https:\/\/www.sakura-spa.ch\/fr\/massages\/le-puissant-massage-tao\/","og_locale":"fr_FR","og_type":"article","og_title":"The Powerful Tao Massage in St. Gallen - Sakura Spa","og_description":"The Powerful Tao Massage in St. Gallen \u2764 mit warmen \u00d6len \u2764 kr\u00e4ftige Sportmassage \u2764 Sakura Spa \u27bd Jetzt Termin buchen","og_url":"https:\/\/www.sakura-spa.ch\/fr\/massages\/le-puissant-massage-tao\/","og_site_name":"Sakura Spa in St. Gallen","article_modified_time":"2025-04-07T11:18:20+00:00","og_image":[{"width":2120,"height":1414,"url":"https:\/\/www.sakura-spa.ch\/wp-content\/uploads\/MASSAGE_iStock-1357320952_neu.jpg","type":"image\/jpeg"}],"twitter_card":"summary_large_image","schema":{"@context":"https:\/\/schema.org","@graph":[{"@type":"WebPage","@id":"https:\/\/www.sakura-spa.ch\/massagen\/the-powerful-tao-massage\/","url":"https:\/\/www.sakura-spa.ch\/massagen\/the-powerful-tao-massage\/","name":"Le puissant massage Tao \u00e0 Saint-Gall - Sakura Spa","isPartOf":{"@id":"https:\/\/www.sakura-spa.ch\/#website"},"primaryImageOfPage":{"@id":"https:\/\/www.sakura-spa.ch\/massagen\/the-powerful-tao-massage\/#primaryimage"},"image":{"@id":"https:\/\/www.sakura-spa.ch\/massagen\/the-powerful-tao-massage\/#primaryimage"},"thumbnailUrl":"https:\/\/www.sakura-spa.ch\/wp-content\/uploads\/MASSAGE_iStock-1357320952_neu.jpg","datePublished":"2022-10-06T10:01:12+00:00","dateModified":"2025-04-07T11:18:20+00:00","description":"Le puissant massage Tao \u00e0 Saint-Gall \u2764 aux huiles chaudes \u2764 massage sportif puissant \u2764 Sakura Spa \u27bd Prenez rendez-vous maintenant","breadcrumb":{"@id":"https:\/\/www.sakura-spa.ch\/massagen\/the-powerful-tao-massage\/#breadcrumb"},"inLanguage":"fr-FR","potentialAction":[{"@type":"ReadAction","target":["https:\/\/www.sakura-spa.ch\/massagen\/the-powerful-tao-massage\/"]}]},{"@type":"ImageObject","inLanguage":"fr-FR","@id":"https:\/\/www.sakura-spa.ch\/massagen\/the-powerful-tao-massage\/#primaryimage","url":"https:\/\/www.sakura-spa.ch\/wp-content\/uploads\/MASSAGE_iStock-1357320952_neu.jpg","contentUrl":"https:\/\/www.sakura-spa.ch\/wp-content\/uploads\/MASSAGE_iStock-1357320952_neu.jpg","width":2120,"height":1414,"caption":"The Powerful Tao Massage"},{"@type":"BreadcrumbList","@id":"https:\/\/www.sakura-spa.ch\/massagen\/the-powerful-tao-massage\/#breadcrumb","itemListElement":[{"@type":"ListItem","position":1,"name":"Startseite","item":"https:\/\/www.sakura-spa.ch\/"},{"@type":"ListItem","position":2,"name":"Massagen","item":"https:\/\/www.sakura-spa.ch\/massagen\/"},{"@type":"ListItem","position":3,"name":"The Powerful Tao Massage"}]},{"@type":"WebSite","@id":"https:\/\/www.sakura-spa.ch\/#website","url":"https:\/\/www.sakura-spa.ch\/","name":"Spa Sakura \u00e0 Saint-Gall","description":"Cosm\u00e9tiques, Bien-\u00eatre et Massages","potentialAction":[{"@type":"SearchAction","target":{"@type":"EntryPoint","urlTemplate":"https:\/\/www.sakura-spa.ch\/?s={search_term_string}"},"query-input":{"@type":"PropertyValueSpecification","valueRequired":true,"valueName":"search_term_string"}}],"inLanguage":"fr-FR"}]}},"_links":{"self":[{"href":"https:\/\/www.sakura-spa.ch\/fr\/wp-json\/wp\/v2\/pages\/3602","targetHints":{"allow":["GET"]}}],"collection":[{"href":"https:\/\/www.sakura-spa.ch\/fr\/wp-json\/wp\/v2\/pages"}],"about":[{"href":"https:\/\/www.sakura-spa.ch\/fr\/wp-json\/wp\/v2\/types\/page"}],"author":[{"embeddable":true,"href":"https:\/\/www.sakura-spa.ch\/fr\/wp-json\/wp\/v2\/users\/1"}],"replies":[{"embeddable":true,"href":"https:\/\/www.sakura-spa.ch\/fr\/wp-json\/wp\/v2\/comments?post=3602"}],"version-history":[{"count":59,"href":"https:\/\/www.sakura-spa.ch\/fr\/wp-json\/wp\/v2\/pages\/3602\/revisions"}],"predecessor-version":[{"id":23975,"href":"https:\/\/www.sakura-spa.ch\/fr\/wp-json\/wp\/v2\/pages\/3602\/revisions\/23975"}],"up":[{"embeddable":true,"href":"https:\/\/www.sakura-spa.ch\/fr\/wp-json\/wp\/v2\/pages\/511"}],"wp:featuredmedia":[{"embeddable":true,"href":"https:\/\/www.sakura-spa.ch\/fr\/wp-json\/wp\/v2\/media\/2393"}],"wp:attachment":[{"href":"https:\/\/www.sakura-spa.ch\/fr\/wp-json\/wp\/v2\/media?parent=3602"}],"curies":[{"name":"wp","href":"https:\/\/api.w.org\/{rel}","templated":true}]}}