{"id":3650,"date":"2022-10-06T12:19:49","date_gmt":"2022-10-06T10:19:49","guid":{"rendered":"https:\/\/p5.seoway.de\/?page_id=3650"},"modified":"2026-04-14T00:03:20","modified_gmt":"2026-04-13T22:03:20","slug":"massage-ayurvedique-des-pieds-et-des-jambes","status":"publish","type":"page","link":"https:\/\/www.sakura-spa.ch\/fr\/massages\/massage-ayurvedique-des-pieds-et-des-jambes\/","title":{"rendered":"massage ayurv\u00e9dique des pieds et des jambes"},"content":{"rendered":"<div data-elementor-type=\"wp-page\" data-elementor-id=\"3650\" class=\"elementor elementor-3650\" data-elementor-post-type=\"page\">\n\t\t\t\t\t\t<section class=\"elementor-section elementor-top-section elementor-element elementor-element-7cadfa14 elementor-section-full_width elementor-section-height-default elementor-section-height-default\" data-id=\"7cadfa14\" data-element_type=\"section\">\n\t\t\t\t\t\t<div class=\"elementor-container elementor-column-gap-no\">\n\t\t\t\t\t<div class=\"elementor-column elementor-col-100 elementor-top-column elementor-element elementor-element-24ad9956\" data-id=\"24ad9956\" data-element_type=\"column\">\n\t\t\t<div class=\"elementor-widget-wrap elementor-element-populated\">\n\t\t\t\t\t\t<div class=\"elementor-element elementor-element-272a63f7 elementor--h-position-left elementor--v-position-middle elementor-widget elementor-widget-slides\" data-id=\"272a63f7\" data-element_type=\"widget\" data-settings=\"{&quot;navigation&quot;:&quot;none&quot;,&quot;autoplay&quot;:&quot;yes&quot;,&quot;pause_on_hover&quot;:&quot;yes&quot;,&quot;pause_on_interaction&quot;:&quot;yes&quot;,&quot;autoplay_speed&quot;:5000,&quot;infinite&quot;:&quot;yes&quot;,&quot;transition&quot;:&quot;slide&quot;,&quot;transition_speed&quot;:500}\" data-widget_type=\"slides.default\">\n\t\t\t\t<div class=\"elementor-widget-container\">\n\t\t\t\t\t\t\t\t\t<div class=\"elementor-swiper\">\n\t\t\t\t\t<div class=\"elementor-slides-wrapper elementor-main-swiper swiper\" role=\"region\" aria-roledescription=\"carousel\" aria-label=\"diapositives\" dir=\"ltr\" data-animation=\"fadeInUp\">\n\t\t\t\t<div class=\"swiper-wrapper elementor-slides\">\n\t\t\t\t\t\t\t\t\t\t<div class=\"elementor-repeater-item-3e1ba6e swiper-slide\" role=\"group\" aria-roledescription=\"slide\"><div class=\"swiper-slide-bg elementor-ken-burns elementor-ken-burns--in\" role=\"img\"><\/div><div class=\"swiper-slide-inner\" ><div class=\"swiper-slide-contents\"><div class=\"elementor-slide-heading\">massage ayurv\u00e9dique des pieds et des jambes<\/div><div class=\"elementor-slide-description\">r\u00e9g\u00e9n\u00e9ration du corps et de l&#039;esprit<\/div><a href=\"#elementor-action%3Aaction%3Dpopup%3Aopen%26settings%3DeyJpZCI6IjM1IiwidG9nZ2xlIjpmYWxzZX0%3D\" class=\"elementor-button elementor-slide-button elementor-size-md\">contact<\/a><\/div><\/div><\/div>\t\t\t\t<\/div>\n\t\t\t\t\t\t\t<\/div>\n\t\t\t\t<\/div>\n\t\t\t\t\t\t\t\t<\/div>\n\t\t\t\t<\/div>\n\t\t\t\t\t<\/div>\n\t\t<\/div>\n\t\t\t\t\t<\/div>\n\t\t<\/section>\n\t\t\t\t<section class=\"elementor-section elementor-top-section elementor-element elementor-element-53f712c3 elementor-section-boxed elementor-section-height-default elementor-section-height-default\" data-id=\"53f712c3\" data-element_type=\"section\" data-settings=\"{&quot;background_background&quot;:&quot;classic&quot;}\">\n\t\t\t\t\t\t\t<div class=\"elementor-background-overlay\"><\/div>\n\t\t\t\t\t\t\t<div class=\"elementor-container elementor-column-gap-default\">\n\t\t\t\t\t<div class=\"elementor-column elementor-col-100 elementor-top-column elementor-element elementor-element-12af9689\" data-id=\"12af9689\" data-element_type=\"column\">\n\t\t\t<div class=\"elementor-widget-wrap elementor-element-populated\">\n\t\t\t\t\t\t<div class=\"elementor-element elementor-element-468a84b7 elementor-widget elementor-widget-global elementor-global-332 elementor-widget-breadcrumbs\" data-id=\"468a84b7\" data-element_type=\"widget\" data-widget_type=\"breadcrumbs.default\">\n\t\t\t\t<div class=\"elementor-widget-container\">\n\t\t\t\t\t<p id=\"breadcrumbs\"><span><span><a href=\"https:\/\/www.sakura-spa.ch\/fr\/\">page d&#039;accueil<\/a><\/span><\/span><\/p>\t\t\t\t<\/div>\n\t\t\t\t<\/div>\n\t\t\t\t\t<\/div>\n\t\t<\/div>\n\t\t\t\t\t<\/div>\n\t\t<\/section>\n\t\t\t\t<section class=\"elementor-section elementor-top-section elementor-element elementor-element-06811a5 elementor-section-boxed elementor-section-height-default elementor-section-height-default\" data-id=\"06811a5\" data-element_type=\"section\">\n\t\t\t\t\t\t<div class=\"elementor-container elementor-column-gap-default\">\n\t\t\t\t\t<div class=\"elementor-column elementor-col-100 elementor-top-column elementor-element elementor-element-33e6687\" data-id=\"33e6687\" data-element_type=\"column\">\n\t\t\t<div class=\"elementor-widget-wrap elementor-element-populated\">\n\t\t\t\t\t\t<div class=\"elementor-element elementor-element-c90083c elementor-widget elementor-widget-heading\" data-id=\"c90083c\" data-element_type=\"widget\" data-widget_type=\"heading.default\">\n\t\t\t\t<div class=\"elementor-widget-container\">\n\t\t\t\t\t<h1 class=\"elementor-heading-title elementor-size-default\">massage ayurv\u00e9dique des pieds et des jambes Padabhyanga<\/h1>\t\t\t\t<\/div>\n\t\t\t\t<\/div>\n\t\t\t\t\t<\/div>\n\t\t<\/div>\n\t\t\t\t\t<\/div>\n\t\t<\/section>\n\t\t\t\t<section class=\"elementor-section elementor-top-section elementor-element elementor-element-b944ed0 elementor-reverse-tablet elementor-reverse-mobile elementor-section-boxed elementor-section-height-default elementor-section-height-default\" data-id=\"b944ed0\" data-element_type=\"section\">\n\t\t\t\t\t\t<div class=\"elementor-container elementor-column-gap-default\">\n\t\t\t\t\t<div class=\"elementor-column elementor-col-50 elementor-top-column elementor-element elementor-element-8519369\" data-id=\"8519369\" data-element_type=\"column\">\n\t\t\t<div class=\"elementor-widget-wrap elementor-element-populated\">\n\t\t\t\t\t\t<div class=\"elementor-element elementor-element-12c7f8c elementor-widget elementor-widget-text-editor\" data-id=\"12c7f8c\" data-element_type=\"widget\" data-widget_type=\"text-editor.default\">\n\t\t\t\t<div class=\"elementor-widget-container\">\n\t\t\t\t\t\t\t\t\t<p>Pendant le massage ayurv\u00e9dique des pieds et des jambes Padabhyanga, vos pieds, le bas de vos jambes et vos genoux sont mass\u00e9s, \u00e9tir\u00e9s et caress\u00e9s avec des mouvements subtils et des huiles agr\u00e9ablement chaudes. Ce massage a un effet fortifiant, tonifiant et en m\u00eame temps calmant sur tout le corps et est particuli\u00e8rement adapt\u00e9 \u00e0 la nervosit\u00e9 et \u00e0 l&#039;insomnie. Gr\u00e2ce \u00e0 nos pieds, nous pouvons \u00e9tablir un contact direct avec la Terre M\u00e8re et devons donc accorder une attention particuli\u00e8re \u00e0 la vitalit\u00e9 des pieds.<\/p>\t\t\t\t\t\t\t\t<\/div>\n\t\t\t\t<\/div>\n\t\t\t\t<div class=\"elementor-element elementor-element-f810a41 elementor-widget elementor-widget-heading\" data-id=\"f810a41\" data-element_type=\"widget\" data-widget_type=\"heading.default\">\n\t\t\t\t<div class=\"elementor-widget-container\">\n\t\t\t\t\t<h2 class=\"elementor-heading-title elementor-size-default\">r\u00e9g\u00e9n\u00e9ration du corps et de l&#039;esprit<\/h2>\t\t\t\t<\/div>\n\t\t\t\t<\/div>\n\t\t\t\t<div class=\"elementor-element elementor-element-f42c935 elementor-widget elementor-widget-text-editor\" data-id=\"f42c935\" data-element_type=\"widget\" data-widget_type=\"text-editor.default\">\n\t\t\t\t<div class=\"elementor-widget-container\">\n\t\t\t\t\t\t\t\t\tNous passons environ la moiti\u00e9 de notre vie debout. Nos pieds sont \u00e9galement constitu\u00e9s de nombreux muscles qui peuvent devenir tendus lorsqu\u2019ils sont soumis \u00e0 une forte sollicitation. Un massage des pieds d\u00e9tend les tensions et harmonise votre syst\u00e8me nerveux apr\u00e8s une journ\u00e9e bien remplie. Il a un effet d\u00e9toxifiant et favorise la circulation sanguine, tout le corps profite d&#039;un bien-\u00eatre et d&#039;une nouvelle l\u00e9g\u00e8ret\u00e9. Un massage ayurv\u00e9dique des pieds et des jambes signifie apaisement, relaxation, d\u00e9toxification et r\u00e9g\u00e9n\u00e9ration du corps et de l&#039;esprit. Lors du massage aux huiles chaudes, de longs mouvements intenses massent et d\u00e9tendent les muscles. Cela favorise la circulation du flux \u00e9nerg\u00e9tique subtil et conduit \u00e0 un \u00e9tat de relaxation profonde.\t\t\t\t\t\t\t\t<\/div>\n\t\t\t\t<\/div>\n\t\t\t\t<div class=\"elementor-element elementor-element-71e7c42 elementor-widget elementor-widget-heading\" data-id=\"71e7c42\" data-element_type=\"widget\" data-widget_type=\"heading.default\">\n\t\t\t\t<div class=\"elementor-widget-container\">\n\t\t\t\t\t<h2 class=\"elementor-heading-title elementor-size-default\">Massages ayurv\u00e9diques - huiles chaudes au Sakura Spa<\/h2>\t\t\t\t<\/div>\n\t\t\t\t<\/div>\n\t\t\t\t<div class=\"elementor-element elementor-element-d6461b1 elementor-widget elementor-widget-text-editor\" data-id=\"d6461b1\" data-element_type=\"widget\" data-widget_type=\"text-editor.default\">\n\t\t\t\t<div class=\"elementor-widget-container\">\n\t\t\t\t\t\t\t\t\t<p>Les massages ayurv\u00e9diques aux huiles chaudes harmonisent les \u00e9nergies et lib\u00e8rent le corps des d\u00e9chets tissulaires et des toxines. Leur objectif est de r\u00e9duire le stress et de ressentir une paix et une s\u00e9curit\u00e9 profondes. Le mot Ayurveda vient du sanskrit et signifie litt\u00e9ralement connaissance de la vie. \u00ab Ayur \u00bb \u2013 la vie \u2013 est associ\u00e9 en sanskrit \u00e0 une dur\u00e9e de vie longue et \u00e9panouissante, \u00ab Veda \u00bb signifie \u00e0 l\u2019origine la connaissance dans sa forme la plus pure et la compr\u00e9hension de connexions plus profondes.<\/p><p>En Inde, on dit que le massage est aussi important pour l\u2019organisme humain que la nourriture. Les \u00e9nergies du corps reviennent \u00e0 leur flux naturel, les tissus et les muscles deviennent \u00e9lastiques et d\u00e9tendus, la colonne vert\u00e9brale se redresse et l&#039;esprit devient calme. L&#039;Ayurveda est une ancienne science de la sant\u00e9 indienne qui consid\u00e8re chaque personne comme une unit\u00e9 de corps, d&#039;esprit et d&#039;\u00e2me.<\/p>\t\t\t\t\t\t\t\t<\/div>\n\t\t\t\t<\/div>\n\t\t\t\t\t<\/div>\n\t\t<\/div>\n\t\t\t\t<div class=\"elementor-column elementor-col-50 elementor-top-column elementor-element elementor-element-fe48dc9\" data-id=\"fe48dc9\" data-element_type=\"column\">\n\t\t\t<div class=\"elementor-widget-wrap elementor-element-populated\">\n\t\t\t\t\t\t<div class=\"elementor-element elementor-element-140ab15 elementor-widget__width-auto elementor-widget elementor-widget-image\" data-id=\"140ab15\" data-element_type=\"widget\" data-widget_type=\"image.default\">\n\t\t\t\t<div class=\"elementor-widget-container\">\n\t\t\t\t\t\t\t\t\t\t\t\t\t\t\t<img fetchpriority=\"high\" decoding=\"async\" width=\"800\" height=\"531\" src=\"https:\/\/www.sakura-spa.ch\/wp-content\/uploads\/MASSAGE_FUSSMASSAGE_AdobeStock_220988512_neu-1024x680.jpeg\" class=\"attachment-large size-large wp-image-2466\" alt=\"Massage des pieds Sakura Spa au Footlounge de Saint-Gall\" srcset=\"https:\/\/www.sakura-spa.ch\/wp-content\/uploads\/MASSAGE_FUSSMASSAGE_AdobeStock_220988512_neu-1024x680.jpeg 1024w, https:\/\/www.sakura-spa.ch\/wp-content\/uploads\/MASSAGE_FUSSMASSAGE_AdobeStock_220988512_neu-300x199.jpeg 300w, https:\/\/www.sakura-spa.ch\/wp-content\/uploads\/MASSAGE_FUSSMASSAGE_AdobeStock_220988512_neu-768x510.jpeg 768w, https:\/\/www.sakura-spa.ch\/wp-content\/uploads\/MASSAGE_FUSSMASSAGE_AdobeStock_220988512_neu-1536x1020.jpeg 1536w, https:\/\/www.sakura-spa.ch\/wp-content\/uploads\/MASSAGE_FUSSMASSAGE_AdobeStock_220988512_neu-2048x1360.jpeg 2048w\" sizes=\"(max-width: 800px) 100vw, 800px\" \/>\t\t\t\t\t\t\t\t\t\t\t\t\t\t\t<\/div>\n\t\t\t\t<\/div>\n\t\t\t\t<div class=\"elementor-element elementor-element-bbb0edf elementor-widget__width-auto elementor-widget elementor-widget-image\" data-id=\"bbb0edf\" data-element_type=\"widget\" data-widget_type=\"image.default\">\n\t\t\t\t<div class=\"elementor-widget-container\">\n\t\t\t\t\t\t\t\t\t\t\t\t\t\t\t<img decoding=\"async\" width=\"800\" height=\"534\" src=\"https:\/\/www.sakura-spa.ch\/wp-content\/uploads\/MASSAGE-FUSSMASSAGE_AdobeStock_349291893-1024x683.jpeg\" class=\"attachment-large size-large wp-image-8354\" alt=\"massage ayurv\u00e9dique des pieds et des jambes Padabhyanga\" srcset=\"https:\/\/www.sakura-spa.ch\/wp-content\/uploads\/MASSAGE-FUSSMASSAGE_AdobeStock_349291893-1024x683.jpeg 1024w, https:\/\/www.sakura-spa.ch\/wp-content\/uploads\/MASSAGE-FUSSMASSAGE_AdobeStock_349291893-300x200.jpeg 300w, https:\/\/www.sakura-spa.ch\/wp-content\/uploads\/MASSAGE-FUSSMASSAGE_AdobeStock_349291893-768x512.jpeg 768w, https:\/\/www.sakura-spa.ch\/wp-content\/uploads\/MASSAGE-FUSSMASSAGE_AdobeStock_349291893-1536x1024.jpeg 1536w, https:\/\/www.sakura-spa.ch\/wp-content\/uploads\/MASSAGE-FUSSMASSAGE_AdobeStock_349291893-2048x1365.jpeg 2048w\" sizes=\"(max-width: 800px) 100vw, 800px\" \/>\t\t\t\t\t\t\t\t\t\t\t\t\t\t\t<\/div>\n\t\t\t\t<\/div>\n\t\t\t\t<div class=\"elementor-element elementor-element-4f308cd elementor-align-center elementor-icon-list--layout-traditional elementor-list-item-link-full_width elementor-widget elementor-widget-global elementor-global-3339 elementor-widget-icon-list\" data-id=\"4f308cd\" data-element_type=\"widget\" data-widget_type=\"icon-list.default\">\n\t\t\t\t<div class=\"elementor-widget-container\">\n\t\t\t\t\t\t\t<ul class=\"elementor-icon-list-items\">\n\t\t\t\t\t\t\t<li class=\"elementor-icon-list-item\">\n\t\t\t\t\t\t\t\t\t\t<span class=\"elementor-icon-list-text\">45 min. \u2013 90.-<\/span>\n\t\t\t\t\t\t\t\t\t<\/li>\n\t\t\t\t\t\t\t\t<li class=\"elementor-icon-list-item\">\n\t\t\t\t\t\t\t\t\t\t\t<a href=\"https:\/\/shop.tac.eu.com\/Sakura\/shop\/vouchers\/template\/498\/?\">\n\n\t\t\t\t\t\t\t\t\t\t\t<span class=\"elementor-icon-list-text\">Acheter un bon d&#039;achat<\/span>\n\t\t\t\t\t\t\t\t\t\t\t<\/a>\n\t\t\t\t\t\t\t\t\t<\/li>\n\t\t\t\t\t\t<\/ul>\n\t\t\t\t\t\t<\/div>\n\t\t\t\t<\/div>\n\t\t\t\t\t<\/div>\n\t\t<\/div>\n\t\t\t\t\t<\/div>\n\t\t<\/section>\n\t\t\t\t<\/div>","protected":false},"excerpt":{"rendered":"<p>Ayurvedische Fuss- und BeinmassageRegeneration f\u00fcr K\u00f6rper und GeistKontakt aufnehmen Ayurvedische Fuss- und Beinmassage Padabhyanga Bei der Ayurvedischen Fuss- und Beinmassage Padabhyanga werden Ihre F\u00fcsse, Unterschenkel und Knie mit feinen Bewegungen und angenehm warmen \u00d6len massiert, gedehnt und ausgestrichen. Diese Massage hat eine st\u00e4rkende, kr\u00e4ftigende und zugleich beruhigende Wirkung auf den ganzen K\u00f6rper und ist besonders [&hellip;]<\/p>\n","protected":false},"author":1,"featured_media":8354,"parent":511,"menu_order":0,"comment_status":"closed","ping_status":"closed","template":"","meta":{"footnotes":""},"class_list":["post-3650","page","type-page","status-publish","has-post-thumbnail","hentry"],"yoast_head":"<!-- This site is optimized with the Yoast SEO plugin v25.2 - https:\/\/yoast.com\/wordpress\/plugins\/seo\/ -->\n<title>Ayurvedische Fuss- und Beinmassage in St. Gallen<\/title>\n<meta name=\"description\" content=\"Sakura Spa Ayurvedische Fuss- und Beinmassage \u261d in St. Gallen \u2764 Fussmassage \u2764 Beinmassage \u27bd Jetzt Termin buchen\" \/>\n<meta name=\"robots\" content=\"index, follow, max-snippet:-1, max-image-preview:large, max-video-preview:-1\" \/>\n<link rel=\"canonical\" href=\"https:\/\/www.sakura-spa.ch\/fr\/massages\/massage-ayurvedique-des-pieds-et-des-jambes\/\" \/>\n<meta property=\"og:locale\" content=\"fr_FR\" \/>\n<meta property=\"og:type\" content=\"article\" \/>\n<meta property=\"og:title\" content=\"Ayurvedische Fuss- und Beinmassage in St. Gallen\" \/>\n<meta property=\"og:description\" content=\"Sakura Spa Ayurvedische Fuss- und Beinmassage \u261d in St. Gallen \u2764 Fussmassage \u2764 Beinmassage \u27bd Jetzt Termin buchen\" \/>\n<meta property=\"og:url\" content=\"https:\/\/www.sakura-spa.ch\/fr\/massages\/massage-ayurvedique-des-pieds-et-des-jambes\/\" \/>\n<meta property=\"og:site_name\" content=\"Sakura Spa in St. Gallen\" \/>\n<meta property=\"article:modified_time\" content=\"2026-04-13T22:03:20+00:00\" \/>\n<meta property=\"og:image\" content=\"https:\/\/www.sakura-spa.ch\/wp-content\/uploads\/MASSAGE-FUSSMASSAGE_AdobeStock_349291893-scaled.jpeg\" \/>\n\t<meta property=\"og:image:width\" content=\"2560\" \/>\n\t<meta property=\"og:image:height\" content=\"1707\" \/>\n\t<meta property=\"og:image:type\" content=\"image\/jpeg\" \/>\n<meta name=\"twitter:card\" content=\"summary_large_image\" \/>\n<script type=\"application\/ld+json\" class=\"yoast-schema-graph\">{\"@context\":\"https:\/\/schema.org\",\"@graph\":[{\"@type\":\"WebPage\",\"@id\":\"https:\/\/www.sakura-spa.ch\/massagen\/ayurvedische-fuss-und-beinmassage\/\",\"url\":\"https:\/\/www.sakura-spa.ch\/massagen\/ayurvedische-fuss-und-beinmassage\/\",\"name\":\"Ayurvedische Fuss- und Beinmassage in St. Gallen\",\"isPartOf\":{\"@id\":\"https:\/\/www.sakura-spa.ch\/#website\"},\"primaryImageOfPage\":{\"@id\":\"https:\/\/www.sakura-spa.ch\/massagen\/ayurvedische-fuss-und-beinmassage\/#primaryimage\"},\"image\":{\"@id\":\"https:\/\/www.sakura-spa.ch\/massagen\/ayurvedische-fuss-und-beinmassage\/#primaryimage\"},\"thumbnailUrl\":\"https:\/\/www.sakura-spa.ch\/wp-content\/uploads\/MASSAGE-FUSSMASSAGE_AdobeStock_349291893-scaled.jpeg\",\"datePublished\":\"2022-10-06T10:19:49+00:00\",\"dateModified\":\"2026-04-13T22:03:20+00:00\",\"description\":\"Sakura Spa Ayurvedische Fuss- und Beinmassage \u261d in St. Gallen \u2764 Fussmassage \u2764 Beinmassage \u27bd Jetzt Termin buchen\",\"breadcrumb\":{\"@id\":\"https:\/\/www.sakura-spa.ch\/massagen\/ayurvedische-fuss-und-beinmassage\/#breadcrumb\"},\"inLanguage\":\"fr-FR\",\"potentialAction\":[{\"@type\":\"ReadAction\",\"target\":[\"https:\/\/www.sakura-spa.ch\/massagen\/ayurvedische-fuss-und-beinmassage\/\"]}]},{\"@type\":\"ImageObject\",\"inLanguage\":\"fr-FR\",\"@id\":\"https:\/\/www.sakura-spa.ch\/massagen\/ayurvedische-fuss-und-beinmassage\/#primaryimage\",\"url\":\"https:\/\/www.sakura-spa.ch\/wp-content\/uploads\/MASSAGE-FUSSMASSAGE_AdobeStock_349291893-scaled.jpeg\",\"contentUrl\":\"https:\/\/www.sakura-spa.ch\/wp-content\/uploads\/MASSAGE-FUSSMASSAGE_AdobeStock_349291893-scaled.jpeg\",\"width\":2560,\"height\":1707,\"caption\":\"Ayurvedische Fuss- und Beinmassage Padabhyanga\"},{\"@type\":\"BreadcrumbList\",\"@id\":\"https:\/\/www.sakura-spa.ch\/massagen\/ayurvedische-fuss-und-beinmassage\/#breadcrumb\",\"itemListElement\":[{\"@type\":\"ListItem\",\"position\":1,\"name\":\"Startseite\",\"item\":\"https:\/\/www.sakura-spa.ch\/\"},{\"@type\":\"ListItem\",\"position\":2,\"name\":\"Massagen\",\"item\":\"https:\/\/www.sakura-spa.ch\/massagen\/\"},{\"@type\":\"ListItem\",\"position\":3,\"name\":\"Ayurvedische Fuss- und Beinmassage\"}]},{\"@type\":\"WebSite\",\"@id\":\"https:\/\/www.sakura-spa.ch\/#website\",\"url\":\"https:\/\/www.sakura-spa.ch\/\",\"name\":\"Sakura Spa in St. Gallen\",\"description\":\"Kosmetik, Wellness und Massage\",\"potentialAction\":[{\"@type\":\"SearchAction\",\"target\":{\"@type\":\"EntryPoint\",\"urlTemplate\":\"https:\/\/www.sakura-spa.ch\/?s={search_term_string}\"},\"query-input\":{\"@type\":\"PropertyValueSpecification\",\"valueRequired\":true,\"valueName\":\"search_term_string\"}}],\"inLanguage\":\"fr-FR\"}]}<\/script>\n<!-- \/ Yoast SEO plugin. -->","yoast_head_json":{"title":"Massage ayurv\u00e9dique des pieds et des jambes \u00e0 Saint-Gall","description":"Massage ayurv\u00e9dique des pieds et des jambes Sakura Spa \u261d \u00e0 Saint-Gall \u2764 Massage des pieds \u2764 Massage des jambes \u27bd Prenez rendez-vous maintenant","robots":{"index":"index","follow":"follow","max-snippet":"max-snippet:-1","max-image-preview":"max-image-preview:large","max-video-preview":"max-video-preview:-1"},"canonical":"https:\/\/www.sakura-spa.ch\/fr\/massages\/massage-ayurvedique-des-pieds-et-des-jambes\/","og_locale":"fr_FR","og_type":"article","og_title":"Ayurvedische Fuss- und Beinmassage in St. Gallen","og_description":"Sakura Spa Ayurvedische Fuss- und Beinmassage \u261d in St. Gallen \u2764 Fussmassage \u2764 Beinmassage \u27bd Jetzt Termin buchen","og_url":"https:\/\/www.sakura-spa.ch\/fr\/massages\/massage-ayurvedique-des-pieds-et-des-jambes\/","og_site_name":"Sakura Spa in St. Gallen","article_modified_time":"2026-04-13T22:03:20+00:00","og_image":[{"width":2560,"height":1707,"url":"https:\/\/www.sakura-spa.ch\/wp-content\/uploads\/MASSAGE-FUSSMASSAGE_AdobeStock_349291893-scaled.jpeg","type":"image\/jpeg"}],"twitter_card":"summary_large_image","schema":{"@context":"https:\/\/schema.org","@graph":[{"@type":"WebPage","@id":"https:\/\/www.sakura-spa.ch\/massagen\/ayurvedische-fuss-und-beinmassage\/","url":"https:\/\/www.sakura-spa.ch\/massagen\/ayurvedische-fuss-und-beinmassage\/","name":"Massage ayurv\u00e9dique des pieds et des jambes \u00e0 Saint-Gall","isPartOf":{"@id":"https:\/\/www.sakura-spa.ch\/#website"},"primaryImageOfPage":{"@id":"https:\/\/www.sakura-spa.ch\/massagen\/ayurvedische-fuss-und-beinmassage\/#primaryimage"},"image":{"@id":"https:\/\/www.sakura-spa.ch\/massagen\/ayurvedische-fuss-und-beinmassage\/#primaryimage"},"thumbnailUrl":"https:\/\/www.sakura-spa.ch\/wp-content\/uploads\/MASSAGE-FUSSMASSAGE_AdobeStock_349291893-scaled.jpeg","datePublished":"2022-10-06T10:19:49+00:00","dateModified":"2026-04-13T22:03:20+00:00","description":"Massage ayurv\u00e9dique des pieds et des jambes Sakura Spa \u261d \u00e0 Saint-Gall \u2764 Massage des pieds \u2764 Massage des jambes \u27bd Prenez rendez-vous maintenant","breadcrumb":{"@id":"https:\/\/www.sakura-spa.ch\/massagen\/ayurvedische-fuss-und-beinmassage\/#breadcrumb"},"inLanguage":"fr-FR","potentialAction":[{"@type":"ReadAction","target":["https:\/\/www.sakura-spa.ch\/massagen\/ayurvedische-fuss-und-beinmassage\/"]}]},{"@type":"ImageObject","inLanguage":"fr-FR","@id":"https:\/\/www.sakura-spa.ch\/massagen\/ayurvedische-fuss-und-beinmassage\/#primaryimage","url":"https:\/\/www.sakura-spa.ch\/wp-content\/uploads\/MASSAGE-FUSSMASSAGE_AdobeStock_349291893-scaled.jpeg","contentUrl":"https:\/\/www.sakura-spa.ch\/wp-content\/uploads\/MASSAGE-FUSSMASSAGE_AdobeStock_349291893-scaled.jpeg","width":2560,"height":1707,"caption":"Ayurvedische Fuss- und Beinmassage Padabhyanga"},{"@type":"BreadcrumbList","@id":"https:\/\/www.sakura-spa.ch\/massagen\/ayurvedische-fuss-und-beinmassage\/#breadcrumb","itemListElement":[{"@type":"ListItem","position":1,"name":"Startseite","item":"https:\/\/www.sakura-spa.ch\/"},{"@type":"ListItem","position":2,"name":"Massagen","item":"https:\/\/www.sakura-spa.ch\/massagen\/"},{"@type":"ListItem","position":3,"name":"Ayurvedische Fuss- und Beinmassage"}]},{"@type":"WebSite","@id":"https:\/\/www.sakura-spa.ch\/#website","url":"https:\/\/www.sakura-spa.ch\/","name":"Spa Sakura \u00e0 Saint-Gall","description":"Cosm\u00e9tiques, Bien-\u00eatre et Massages","potentialAction":[{"@type":"SearchAction","target":{"@type":"EntryPoint","urlTemplate":"https:\/\/www.sakura-spa.ch\/?s={search_term_string}"},"query-input":{"@type":"PropertyValueSpecification","valueRequired":true,"valueName":"search_term_string"}}],"inLanguage":"fr-FR"}]}},"_links":{"self":[{"href":"https:\/\/www.sakura-spa.ch\/fr\/wp-json\/wp\/v2\/pages\/3650","targetHints":{"allow":["GET"]}}],"collection":[{"href":"https:\/\/www.sakura-spa.ch\/fr\/wp-json\/wp\/v2\/pages"}],"about":[{"href":"https:\/\/www.sakura-spa.ch\/fr\/wp-json\/wp\/v2\/types\/page"}],"author":[{"embeddable":true,"href":"https:\/\/www.sakura-spa.ch\/fr\/wp-json\/wp\/v2\/users\/1"}],"replies":[{"embeddable":true,"href":"https:\/\/www.sakura-spa.ch\/fr\/wp-json\/wp\/v2\/comments?post=3650"}],"version-history":[{"count":68,"href":"https:\/\/www.sakura-spa.ch\/fr\/wp-json\/wp\/v2\/pages\/3650\/revisions"}],"predecessor-version":[{"id":27428,"href":"https:\/\/www.sakura-spa.ch\/fr\/wp-json\/wp\/v2\/pages\/3650\/revisions\/27428"}],"up":[{"embeddable":true,"href":"https:\/\/www.sakura-spa.ch\/fr\/wp-json\/wp\/v2\/pages\/511"}],"wp:featuredmedia":[{"embeddable":true,"href":"https:\/\/www.sakura-spa.ch\/fr\/wp-json\/wp\/v2\/media\/8354"}],"wp:attachment":[{"href":"https:\/\/www.sakura-spa.ch\/fr\/wp-json\/wp\/v2\/media?parent=3650"}],"curies":[{"name":"wp","href":"https:\/\/api.w.org\/{rel}","templated":true}]}}