{"id":3651,"date":"2022-10-06T12:18:08","date_gmt":"2022-10-06T10:18:08","guid":{"rendered":"https:\/\/p5.seoway.de\/?page_id=3651"},"modified":"2026-04-14T00:09:02","modified_gmt":"2026-04-13T22:09:02","slug":"massage-ayurvedique-du-visage-de-la-tete-et-du-cou","status":"publish","type":"page","link":"https:\/\/www.sakura-spa.ch\/fr\/massages\/massage-ayurvedique-du-visage-de-la-tete-et-du-cou\/","title":{"rendered":"massage ayurv\u00e9dique du visage, de la t\u00eate et du cou"},"content":{"rendered":"<div data-elementor-type=\"wp-page\" data-elementor-id=\"3651\" class=\"elementor elementor-3651\" data-elementor-post-type=\"page\">\n\t\t\t\t\t\t<section class=\"elementor-section elementor-top-section elementor-element elementor-element-7cadfa14 elementor-section-full_width elementor-section-height-default elementor-section-height-default\" data-id=\"7cadfa14\" data-element_type=\"section\">\n\t\t\t\t\t\t<div class=\"elementor-container elementor-column-gap-no\">\n\t\t\t\t\t<div class=\"elementor-column elementor-col-100 elementor-top-column elementor-element elementor-element-24ad9956\" data-id=\"24ad9956\" data-element_type=\"column\">\n\t\t\t<div class=\"elementor-widget-wrap elementor-element-populated\">\n\t\t\t\t\t\t<div class=\"elementor-element elementor-element-272a63f7 elementor--h-position-left elementor--v-position-middle elementor-widget elementor-widget-slides\" data-id=\"272a63f7\" data-element_type=\"widget\" data-settings=\"{&quot;navigation&quot;:&quot;none&quot;,&quot;autoplay&quot;:&quot;yes&quot;,&quot;pause_on_hover&quot;:&quot;yes&quot;,&quot;pause_on_interaction&quot;:&quot;yes&quot;,&quot;autoplay_speed&quot;:5000,&quot;infinite&quot;:&quot;yes&quot;,&quot;transition&quot;:&quot;slide&quot;,&quot;transition_speed&quot;:500}\" data-widget_type=\"slides.default\">\n\t\t\t\t<div class=\"elementor-widget-container\">\n\t\t\t\t\t\t\t\t\t<div class=\"elementor-swiper\">\n\t\t\t\t\t<div class=\"elementor-slides-wrapper elementor-main-swiper swiper\" role=\"region\" aria-roledescription=\"carousel\" aria-label=\"curseur\" dir=\"ltr\" data-animation=\"fadeInUp\">\n\t\t\t\t<div class=\"swiper-wrapper elementor-slides\">\n\t\t\t\t\t\t\t\t\t\t<div class=\"elementor-repeater-item-11679b6 swiper-slide\" role=\"group\" aria-roledescription=\"slide\"><div class=\"swiper-slide-bg elementor-ken-burns elementor-ken-burns--in\" role=\"img\"><\/div><div class=\"swiper-slide-inner\" ><div class=\"swiper-slide-contents\"><div class=\"elementor-slide-heading\">massage ayurv\u00e9dique du visage, de la t\u00eate et du cou<\/div><div class=\"elementor-slide-description\">apaisant et r\u00e9g\u00e9n\u00e9rant<\/div><a href=\"#elementor-action%3Aaction%3Dpopup%3Aopen%26settings%3DeyJpZCI6IjM1IiwidG9nZ2xlIjpmYWxzZX0%3D\" class=\"elementor-button elementor-slide-button elementor-size-md\">contact<\/a><\/div><\/div><\/div>\t\t\t\t<\/div>\n\t\t\t\t\t\t\t<\/div>\n\t\t\t\t<\/div>\n\t\t\t\t\t\t\t\t<\/div>\n\t\t\t\t<\/div>\n\t\t\t\t\t<\/div>\n\t\t<\/div>\n\t\t\t\t\t<\/div>\n\t\t<\/section>\n\t\t\t\t<section class=\"elementor-section elementor-top-section elementor-element elementor-element-53f712c3 elementor-section-boxed elementor-section-height-default elementor-section-height-default\" data-id=\"53f712c3\" data-element_type=\"section\" data-settings=\"{&quot;background_background&quot;:&quot;classic&quot;}\">\n\t\t\t\t\t\t\t<div class=\"elementor-background-overlay\"><\/div>\n\t\t\t\t\t\t\t<div class=\"elementor-container elementor-column-gap-default\">\n\t\t\t\t\t<div class=\"elementor-column elementor-col-100 elementor-top-column elementor-element elementor-element-12af9689\" data-id=\"12af9689\" data-element_type=\"column\">\n\t\t\t<div class=\"elementor-widget-wrap elementor-element-populated\">\n\t\t\t\t\t\t<div class=\"elementor-element elementor-element-468a84b7 elementor-widget elementor-widget-global elementor-global-332 elementor-widget-breadcrumbs\" data-id=\"468a84b7\" data-element_type=\"widget\" data-widget_type=\"breadcrumbs.default\">\n\t\t\t\t<div class=\"elementor-widget-container\">\n\t\t\t\t\t<p id=\"breadcrumbs\"><span><span><a href=\"https:\/\/www.sakura-spa.ch\/fr\/\">page d&#039;accueil<\/a><\/span><\/span><\/p>\t\t\t\t<\/div>\n\t\t\t\t<\/div>\n\t\t\t\t\t<\/div>\n\t\t<\/div>\n\t\t\t\t\t<\/div>\n\t\t<\/section>\n\t\t\t\t<section class=\"elementor-section elementor-top-section elementor-element elementor-element-06811a5 elementor-section-boxed elementor-section-height-default elementor-section-height-default\" data-id=\"06811a5\" data-element_type=\"section\">\n\t\t\t\t\t\t<div class=\"elementor-container elementor-column-gap-default\">\n\t\t\t\t\t<div class=\"elementor-column elementor-col-100 elementor-top-column elementor-element elementor-element-33e6687\" data-id=\"33e6687\" data-element_type=\"column\">\n\t\t\t<div class=\"elementor-widget-wrap elementor-element-populated\">\n\t\t\t\t\t\t<div class=\"elementor-element elementor-element-c90083c elementor-widget elementor-widget-heading\" data-id=\"c90083c\" data-element_type=\"widget\" data-widget_type=\"heading.default\">\n\t\t\t\t<div class=\"elementor-widget-container\">\n\t\t\t\t\t<h1 class=\"elementor-heading-title elementor-size-default\">massage ayurv\u00e9dique du visage, de la t\u00eate et du cou<\/h1>\t\t\t\t<\/div>\n\t\t\t\t<\/div>\n\t\t\t\t\t<\/div>\n\t\t<\/div>\n\t\t\t\t\t<\/div>\n\t\t<\/section>\n\t\t\t\t<section class=\"elementor-section elementor-top-section elementor-element elementor-element-b944ed0 elementor-reverse-tablet elementor-reverse-mobile elementor-section-boxed elementor-section-height-default elementor-section-height-default\" data-id=\"b944ed0\" data-element_type=\"section\">\n\t\t\t\t\t\t<div class=\"elementor-container elementor-column-gap-default\">\n\t\t\t\t\t<div class=\"elementor-column elementor-col-50 elementor-top-column elementor-element elementor-element-8519369\" data-id=\"8519369\" data-element_type=\"column\">\n\t\t\t<div class=\"elementor-widget-wrap elementor-element-populated\">\n\t\t\t\t\t\t<div class=\"elementor-element elementor-element-12c7f8c elementor-widget elementor-widget-text-editor\" data-id=\"12c7f8c\" data-element_type=\"widget\" data-widget_type=\"text-editor.default\">\n\t\t\t\t<div class=\"elementor-widget-container\">\n\t\t\t\t\t\t\t\t\t<p>Le massage du visage ayurv\u00e9dique Muka-Padabhyanga avec beaucoup d\u2019huile chaude est l\u2019un des soins les plus sensibles de l\u2019Ayurveda. En plus de son effet rajeunissant et embellissant, il comprend un massage intensif du cou et de la t\u00eate, qui a un effet particuli\u00e8rement apaisant sur le syst\u00e8me nerveux surstimul\u00e9.<\/p>\t\t\t\t\t\t\t\t<\/div>\n\t\t\t\t<\/div>\n\t\t\t\t<div class=\"elementor-element elementor-element-71e7c42 elementor-widget elementor-widget-heading\" data-id=\"71e7c42\" data-element_type=\"widget\" data-widget_type=\"heading.default\">\n\t\t\t\t<div class=\"elementor-widget-container\">\n\t\t\t\t\t<h2 class=\"elementor-heading-title elementor-size-default\">la libre circulation de l'\u00e9nergie - la t\u00eate comme porte d'entr\u00e9e vers le paradis<\/h2>\t\t\t\t<\/div>\n\t\t\t\t<\/div>\n\t\t\t\t<div class=\"elementor-element elementor-element-d6461b1 elementor-widget elementor-widget-text-editor\" data-id=\"d6461b1\" data-element_type=\"widget\" data-widget_type=\"text-editor.default\">\n\t\t\t\t<div class=\"elementor-widget-container\">\n\t\t\t\t\t\t\t\t\t<p>En Ayurveda, la t\u00eate est consid\u00e9r\u00e9e comme la \u00ab porte d\u2019entr\u00e9e du paradis \u00bb, c\u2019est pourquoi le flux d\u2019\u00e9nergie doit toujours y \u00eatre libre. Le massage ayurv\u00e9dique du visage, de la t\u00eate et du cou vise \u00e0 r\u00e9tablir un tel \u00e9quilibre \u00e9nerg\u00e9tique. De l\u2019huile chaude est mass\u00e9e sur le visage et le cou et les points \u00e9nerg\u00e9tiques ayurv\u00e9diques \u00ab points Marma \u00bb sont stimul\u00e9s pour \u00e9quilibrer les \u00e9nergies. Ces points sont situ\u00e9s sur le menton, la l\u00e8vre sup\u00e9rieure, les oreilles et les sourcils. Le massage ayurv\u00e9dique du visage, de la t\u00eate et du cou a un effet relaxant, \u00e9quilibrant, augmentant la circulation, l\u00e9g\u00e8rement exfoliant et soignant la peau et peut soulager les maux de t\u00eate, l&#039;agitation et les troubles du sommeil. L\u2019huile chaude a un effet calmant sur un syst\u00e8me nerveux surstimul\u00e9 et procure une sensation de s\u00e9curit\u00e9 et de bien-\u00eatre.<\/p><p>\u00a0<\/p>\t\t\t\t\t\t\t\t<\/div>\n\t\t\t\t<\/div>\n\t\t\t\t<div class=\"elementor-element elementor-element-f810a41 elementor-widget elementor-widget-heading\" data-id=\"f810a41\" data-element_type=\"widget\" data-widget_type=\"heading.default\">\n\t\t\t\t<div class=\"elementor-widget-container\">\n\t\t\t\t\t<h2 class=\"elementor-heading-title elementor-size-default\">massages ayurv\u00e9diques \u2013 des moments de bien-\u00eatre<\/h2>\t\t\t\t<\/div>\n\t\t\t\t<\/div>\n\t\t\t\t<div class=\"elementor-element elementor-element-f42c935 elementor-widget elementor-widget-text-editor\" data-id=\"f42c935\" data-element_type=\"widget\" data-widget_type=\"text-editor.default\">\n\t\t\t\t<div class=\"elementor-widget-container\">\n\t\t\t\t\t\t\t\t\t<p>Les massages ayurv\u00e9diques aux huiles chaudes harmonisent les \u00e9nergies et lib\u00e8rent le corps des d\u00e9chets tissulaires et des toxines. Leur objectif est de r\u00e9duire le stress et de ressentir une paix et une s\u00e9curit\u00e9 profondes. Le mot Ayurveda vient du sanskrit et signifie litt\u00e9ralement connaissance de la vie. \u00ab Ayur \u00bb \u2013 la vie \u2013 est associ\u00e9 en sanskrit \u00e0 une dur\u00e9e de vie longue et \u00e9panouissante, \u00ab Veda \u00bb signifie \u00e0 l\u2019origine la connaissance dans sa forme la plus pure et la compr\u00e9hension de connexions plus profondes. En Inde, on dit que le massage est aussi important pour l\u2019organisme humain que la nourriture. Les \u00e9nergies du corps reviennent \u00e0 leur flux naturel, les tissus et les muscles deviennent \u00e9lastiques et d\u00e9tendus, la colonne vert\u00e9brale se redresse et l&#039;esprit devient calme. L&#039;Ayurveda est une ancienne science de la sant\u00e9 indienne qui consid\u00e8re chaque personne comme une unit\u00e9 de corps, d&#039;esprit et d&#039;\u00e2me.<\/p>\t\t\t\t\t\t\t\t<\/div>\n\t\t\t\t<\/div>\n\t\t\t\t\t<\/div>\n\t\t<\/div>\n\t\t\t\t<div class=\"elementor-column elementor-col-50 elementor-top-column elementor-element elementor-element-fe48dc9\" data-id=\"fe48dc9\" data-element_type=\"column\">\n\t\t\t<div class=\"elementor-widget-wrap elementor-element-populated\">\n\t\t\t\t\t\t<div class=\"elementor-element elementor-element-140ab15 elementor-widget__width-auto elementor-widget elementor-widget-image\" data-id=\"140ab15\" data-element_type=\"widget\" data-widget_type=\"image.default\">\n\t\t\t\t<div class=\"elementor-widget-container\">\n\t\t\t\t\t\t\t\t\t\t\t\t\t\t\t<img fetchpriority=\"high\" decoding=\"async\" width=\"800\" height=\"534\" src=\"https:\/\/www.sakura-spa.ch\/wp-content\/uploads\/kopfmassage-1024x684.jpg\" class=\"attachment-large size-large wp-image-620\" alt=\"massage Tao anti-stress\" srcset=\"https:\/\/www.sakura-spa.ch\/wp-content\/uploads\/kopfmassage-1024x684.jpg 1024w, https:\/\/www.sakura-spa.ch\/wp-content\/uploads\/kopfmassage-300x200.jpg 300w, https:\/\/www.sakura-spa.ch\/wp-content\/uploads\/kopfmassage-768x513.jpg 768w, https:\/\/www.sakura-spa.ch\/wp-content\/uploads\/kopfmassage.jpg 1253w\" sizes=\"(max-width: 800px) 100vw, 800px\" \/>\t\t\t\t\t\t\t\t\t\t\t\t\t\t\t<\/div>\n\t\t\t\t<\/div>\n\t\t\t\t<div class=\"elementor-element elementor-element-bd29a3d elementor-align-center elementor-icon-list--layout-traditional elementor-list-item-link-full_width elementor-widget elementor-widget-global elementor-global-3333 elementor-widget-icon-list\" data-id=\"bd29a3d\" data-element_type=\"widget\" data-widget_type=\"icon-list.default\">\n\t\t\t\t<div class=\"elementor-widget-container\">\n\t\t\t\t\t\t\t<ul class=\"elementor-icon-list-items\">\n\t\t\t\t\t\t\t<li class=\"elementor-icon-list-item\">\n\t\t\t\t\t\t\t\t\t\t<span class=\"elementor-icon-list-text\">40 min. \u2013 85.-<\/span>\n\t\t\t\t\t\t\t\t\t<\/li>\n\t\t\t\t\t\t\t\t<li class=\"elementor-icon-list-item\">\n\t\t\t\t\t\t\t\t\t\t\t<a href=\"https:\/\/shop.tac.eu.com\/Sakura\/shop\/vouchers\/template\/13\/?\">\n\n\t\t\t\t\t\t\t\t\t\t\t<span class=\"elementor-icon-list-text\">Acheter un bon d&#039;achat<\/span>\n\t\t\t\t\t\t\t\t\t\t\t<\/a>\n\t\t\t\t\t\t\t\t\t<\/li>\n\t\t\t\t\t\t<\/ul>\n\t\t\t\t\t\t<\/div>\n\t\t\t\t<\/div>\n\t\t\t\t<div class=\"elementor-element elementor-element-7bbe8a5 elementor-widget__width-auto elementor-widget elementor-widget-image\" data-id=\"7bbe8a5\" data-element_type=\"widget\" data-widget_type=\"image.default\">\n\t\t\t\t<div class=\"elementor-widget-container\">\n\t\t\t\t\t\t\t\t\t\t\t\t\t\t\t<img decoding=\"async\" width=\"800\" height=\"559\" src=\"https:\/\/www.sakura-spa.ch\/wp-content\/uploads\/MASSAGE-AYURVEDA_iStock-1250218810_neu-1-1024x716.jpg\" class=\"attachment-large size-large wp-image-8322\" alt=\"\" srcset=\"https:\/\/www.sakura-spa.ch\/wp-content\/uploads\/MASSAGE-AYURVEDA_iStock-1250218810_neu-1-1024x716.jpg 1024w, https:\/\/www.sakura-spa.ch\/wp-content\/uploads\/MASSAGE-AYURVEDA_iStock-1250218810_neu-1-300x210.jpg 300w, https:\/\/www.sakura-spa.ch\/wp-content\/uploads\/MASSAGE-AYURVEDA_iStock-1250218810_neu-1-768x537.jpg 768w, https:\/\/www.sakura-spa.ch\/wp-content\/uploads\/MASSAGE-AYURVEDA_iStock-1250218810_neu-1-1536x1074.jpg 1536w, https:\/\/www.sakura-spa.ch\/wp-content\/uploads\/MASSAGE-AYURVEDA_iStock-1250218810_neu-1-2048x1432.jpg 2048w\" sizes=\"(max-width: 800px) 100vw, 800px\" \/>\t\t\t\t\t\t\t\t\t\t\t\t\t\t\t<\/div>\n\t\t\t\t<\/div>\n\t\t\t\t\t<\/div>\n\t\t<\/div>\n\t\t\t\t\t<\/div>\n\t\t<\/section>\n\t\t\t\t<\/div>","protected":false},"excerpt":{"rendered":"<p>Ayurvedische Gesichts-Kopf- und NackenmassageBeruhigung und RegenerationKontakt aufnehmen Ayurvedische Gesichts-, Kopf- und Nackenmassage Die ayurvedische Gesichtsmassage Muka-Padabhyanga mit reichlich warmem \u00d6l ist im Ayurveda eine der feinf\u00fchligsten Behandlungsweisen. Neben ihrer verj\u00fcngenden und versch\u00f6nenden Wirkung schliesst sie eine intensive Nacken- und Kopfmassage ein, die besonders beruhigend auf das \u00fcberreizte Nervensystem wirkt. Freier Energiefluss &#8211; der Kopf als [&hellip;]<\/p>\n","protected":false},"author":1,"featured_media":6479,"parent":511,"menu_order":0,"comment_status":"closed","ping_status":"closed","template":"","meta":{"footnotes":""},"class_list":["post-3651","page","type-page","status-publish","has-post-thumbnail","hentry"],"yoast_head":"<!-- This site is optimized with the Yoast SEO plugin v25.2 - https:\/\/yoast.com\/wordpress\/plugins\/seo\/ -->\n<title>Ayurvedische Gesichts-Kopf- und Nackenmassage in St. Gallen<\/title>\n<meta name=\"description\" content=\"Sakura Spa Ayurvedische Kopfmassage \u261d in St. Gallen \u2764 Gesichtsmassage \u2764 Nackenmassage \u27bd Jetzt Termin buchen\" \/>\n<meta name=\"robots\" content=\"index, follow, max-snippet:-1, max-image-preview:large, max-video-preview:-1\" \/>\n<link rel=\"canonical\" href=\"https:\/\/www.sakura-spa.ch\/fr\/massages\/massage-ayurvedique-du-visage-de-la-tete-et-du-cou\/\" \/>\n<meta property=\"og:locale\" content=\"fr_FR\" \/>\n<meta property=\"og:type\" content=\"article\" \/>\n<meta property=\"og:title\" content=\"Ayurvedische Gesichts-Kopf- und Nackenmassage in St. Gallen\" \/>\n<meta property=\"og:description\" content=\"Sakura Spa Ayurvedische Kopfmassage \u261d in St. Gallen \u2764 Gesichtsmassage \u2764 Nackenmassage \u27bd Jetzt Termin buchen\" \/>\n<meta property=\"og:url\" content=\"https:\/\/www.sakura-spa.ch\/fr\/massages\/massage-ayurvedique-du-visage-de-la-tete-et-du-cou\/\" \/>\n<meta property=\"og:site_name\" content=\"Sakura Spa in St. Gallen\" \/>\n<meta property=\"article:modified_time\" content=\"2026-04-13T22:09:02+00:00\" \/>\n<meta property=\"og:image\" content=\"https:\/\/www.sakura-spa.ch\/wp-content\/uploads\/MASSAGE-KOPF-AdobeStock_123343878-scaled.jpeg\" \/>\n\t<meta property=\"og:image:width\" content=\"2560\" \/>\n\t<meta property=\"og:image:height\" content=\"1707\" \/>\n\t<meta property=\"og:image:type\" content=\"image\/jpeg\" \/>\n<meta name=\"twitter:card\" content=\"summary_large_image\" \/>\n<script type=\"application\/ld+json\" class=\"yoast-schema-graph\">{\"@context\":\"https:\/\/schema.org\",\"@graph\":[{\"@type\":\"WebPage\",\"@id\":\"https:\/\/www.sakura-spa.ch\/massagen\/ayurvedische-gesichts-kopf-und-nackenmassage\/\",\"url\":\"https:\/\/www.sakura-spa.ch\/massagen\/ayurvedische-gesichts-kopf-und-nackenmassage\/\",\"name\":\"Ayurvedische Gesichts-Kopf- und Nackenmassage in St. Gallen\",\"isPartOf\":{\"@id\":\"https:\/\/www.sakura-spa.ch\/#website\"},\"primaryImageOfPage\":{\"@id\":\"https:\/\/www.sakura-spa.ch\/massagen\/ayurvedische-gesichts-kopf-und-nackenmassage\/#primaryimage\"},\"image\":{\"@id\":\"https:\/\/www.sakura-spa.ch\/massagen\/ayurvedische-gesichts-kopf-und-nackenmassage\/#primaryimage\"},\"thumbnailUrl\":\"https:\/\/www.sakura-spa.ch\/wp-content\/uploads\/MASSAGE-KOPF-AdobeStock_123343878-scaled.jpeg\",\"datePublished\":\"2022-10-06T10:18:08+00:00\",\"dateModified\":\"2026-04-13T22:09:02+00:00\",\"description\":\"Sakura Spa Ayurvedische Kopfmassage \u261d in St. Gallen \u2764 Gesichtsmassage \u2764 Nackenmassage \u27bd Jetzt Termin buchen\",\"breadcrumb\":{\"@id\":\"https:\/\/www.sakura-spa.ch\/massagen\/ayurvedische-gesichts-kopf-und-nackenmassage\/#breadcrumb\"},\"inLanguage\":\"fr-FR\",\"potentialAction\":[{\"@type\":\"ReadAction\",\"target\":[\"https:\/\/www.sakura-spa.ch\/massagen\/ayurvedische-gesichts-kopf-und-nackenmassage\/\"]}]},{\"@type\":\"ImageObject\",\"inLanguage\":\"fr-FR\",\"@id\":\"https:\/\/www.sakura-spa.ch\/massagen\/ayurvedische-gesichts-kopf-und-nackenmassage\/#primaryimage\",\"url\":\"https:\/\/www.sakura-spa.ch\/wp-content\/uploads\/MASSAGE-KOPF-AdobeStock_123343878-scaled.jpeg\",\"contentUrl\":\"https:\/\/www.sakura-spa.ch\/wp-content\/uploads\/MASSAGE-KOPF-AdobeStock_123343878-scaled.jpeg\",\"width\":2560,\"height\":1707,\"caption\":\"Macro close up portrait of young woman at ayurvedic massage session with aromatic oil dripping on face.\"},{\"@type\":\"BreadcrumbList\",\"@id\":\"https:\/\/www.sakura-spa.ch\/massagen\/ayurvedische-gesichts-kopf-und-nackenmassage\/#breadcrumb\",\"itemListElement\":[{\"@type\":\"ListItem\",\"position\":1,\"name\":\"Startseite\",\"item\":\"https:\/\/www.sakura-spa.ch\/\"},{\"@type\":\"ListItem\",\"position\":2,\"name\":\"Massagen\",\"item\":\"https:\/\/www.sakura-spa.ch\/massagen\/\"},{\"@type\":\"ListItem\",\"position\":3,\"name\":\"Ayurvedische Gesichts-Kopf- und Nackenmassage\"}]},{\"@type\":\"WebSite\",\"@id\":\"https:\/\/www.sakura-spa.ch\/#website\",\"url\":\"https:\/\/www.sakura-spa.ch\/\",\"name\":\"Sakura Spa in St. Gallen\",\"description\":\"Kosmetik, Wellness und Massage\",\"potentialAction\":[{\"@type\":\"SearchAction\",\"target\":{\"@type\":\"EntryPoint\",\"urlTemplate\":\"https:\/\/www.sakura-spa.ch\/?s={search_term_string}\"},\"query-input\":{\"@type\":\"PropertyValueSpecification\",\"valueRequired\":true,\"valueName\":\"search_term_string\"}}],\"inLanguage\":\"fr-FR\"}]}<\/script>\n<!-- \/ Yoast SEO plugin. -->","yoast_head_json":{"title":"Massage ayurv\u00e9dique du visage, de la t\u00eate et du cou \u00e0 Saint-Gall","description":"Massage ayurv\u00e9dique de la t\u00eate Sakura Spa \u261d \u00e0 Saint-Gall \u2764 Massage du visage \u2764 Massage du cou \u27bd Prenez rendez-vous maintenant","robots":{"index":"index","follow":"follow","max-snippet":"max-snippet:-1","max-image-preview":"max-image-preview:large","max-video-preview":"max-video-preview:-1"},"canonical":"https:\/\/www.sakura-spa.ch\/fr\/massages\/massage-ayurvedique-du-visage-de-la-tete-et-du-cou\/","og_locale":"fr_FR","og_type":"article","og_title":"Ayurvedische Gesichts-Kopf- und Nackenmassage in St. Gallen","og_description":"Sakura Spa Ayurvedische Kopfmassage \u261d in St. Gallen \u2764 Gesichtsmassage \u2764 Nackenmassage \u27bd Jetzt Termin buchen","og_url":"https:\/\/www.sakura-spa.ch\/fr\/massages\/massage-ayurvedique-du-visage-de-la-tete-et-du-cou\/","og_site_name":"Sakura Spa in St. Gallen","article_modified_time":"2026-04-13T22:09:02+00:00","og_image":[{"width":2560,"height":1707,"url":"https:\/\/www.sakura-spa.ch\/wp-content\/uploads\/MASSAGE-KOPF-AdobeStock_123343878-scaled.jpeg","type":"image\/jpeg"}],"twitter_card":"summary_large_image","schema":{"@context":"https:\/\/schema.org","@graph":[{"@type":"WebPage","@id":"https:\/\/www.sakura-spa.ch\/massagen\/ayurvedische-gesichts-kopf-und-nackenmassage\/","url":"https:\/\/www.sakura-spa.ch\/massagen\/ayurvedische-gesichts-kopf-und-nackenmassage\/","name":"Massage ayurv\u00e9dique du visage, de la t\u00eate et du cou \u00e0 Saint-Gall","isPartOf":{"@id":"https:\/\/www.sakura-spa.ch\/#website"},"primaryImageOfPage":{"@id":"https:\/\/www.sakura-spa.ch\/massagen\/ayurvedische-gesichts-kopf-und-nackenmassage\/#primaryimage"},"image":{"@id":"https:\/\/www.sakura-spa.ch\/massagen\/ayurvedische-gesichts-kopf-und-nackenmassage\/#primaryimage"},"thumbnailUrl":"https:\/\/www.sakura-spa.ch\/wp-content\/uploads\/MASSAGE-KOPF-AdobeStock_123343878-scaled.jpeg","datePublished":"2022-10-06T10:18:08+00:00","dateModified":"2026-04-13T22:09:02+00:00","description":"Massage ayurv\u00e9dique de la t\u00eate Sakura Spa \u261d \u00e0 Saint-Gall \u2764 Massage du visage \u2764 Massage du cou \u27bd Prenez rendez-vous maintenant","breadcrumb":{"@id":"https:\/\/www.sakura-spa.ch\/massagen\/ayurvedische-gesichts-kopf-und-nackenmassage\/#breadcrumb"},"inLanguage":"fr-FR","potentialAction":[{"@type":"ReadAction","target":["https:\/\/www.sakura-spa.ch\/massagen\/ayurvedische-gesichts-kopf-und-nackenmassage\/"]}]},{"@type":"ImageObject","inLanguage":"fr-FR","@id":"https:\/\/www.sakura-spa.ch\/massagen\/ayurvedische-gesichts-kopf-und-nackenmassage\/#primaryimage","url":"https:\/\/www.sakura-spa.ch\/wp-content\/uploads\/MASSAGE-KOPF-AdobeStock_123343878-scaled.jpeg","contentUrl":"https:\/\/www.sakura-spa.ch\/wp-content\/uploads\/MASSAGE-KOPF-AdobeStock_123343878-scaled.jpeg","width":2560,"height":1707,"caption":"Macro close up portrait of young woman at ayurvedic massage session with aromatic oil dripping on face."},{"@type":"BreadcrumbList","@id":"https:\/\/www.sakura-spa.ch\/massagen\/ayurvedische-gesichts-kopf-und-nackenmassage\/#breadcrumb","itemListElement":[{"@type":"ListItem","position":1,"name":"Startseite","item":"https:\/\/www.sakura-spa.ch\/"},{"@type":"ListItem","position":2,"name":"Massagen","item":"https:\/\/www.sakura-spa.ch\/massagen\/"},{"@type":"ListItem","position":3,"name":"Ayurvedische Gesichts-Kopf- und Nackenmassage"}]},{"@type":"WebSite","@id":"https:\/\/www.sakura-spa.ch\/#website","url":"https:\/\/www.sakura-spa.ch\/","name":"Spa Sakura \u00e0 Saint-Gall","description":"Cosm\u00e9tiques, Bien-\u00eatre et Massages","potentialAction":[{"@type":"SearchAction","target":{"@type":"EntryPoint","urlTemplate":"https:\/\/www.sakura-spa.ch\/?s={search_term_string}"},"query-input":{"@type":"PropertyValueSpecification","valueRequired":true,"valueName":"search_term_string"}}],"inLanguage":"fr-FR"}]}},"_links":{"self":[{"href":"https:\/\/www.sakura-spa.ch\/fr\/wp-json\/wp\/v2\/pages\/3651","targetHints":{"allow":["GET"]}}],"collection":[{"href":"https:\/\/www.sakura-spa.ch\/fr\/wp-json\/wp\/v2\/pages"}],"about":[{"href":"https:\/\/www.sakura-spa.ch\/fr\/wp-json\/wp\/v2\/types\/page"}],"author":[{"embeddable":true,"href":"https:\/\/www.sakura-spa.ch\/fr\/wp-json\/wp\/v2\/users\/1"}],"replies":[{"embeddable":true,"href":"https:\/\/www.sakura-spa.ch\/fr\/wp-json\/wp\/v2\/comments?post=3651"}],"version-history":[{"count":60,"href":"https:\/\/www.sakura-spa.ch\/fr\/wp-json\/wp\/v2\/pages\/3651\/revisions"}],"predecessor-version":[{"id":27432,"href":"https:\/\/www.sakura-spa.ch\/fr\/wp-json\/wp\/v2\/pages\/3651\/revisions\/27432"}],"up":[{"embeddable":true,"href":"https:\/\/www.sakura-spa.ch\/fr\/wp-json\/wp\/v2\/pages\/511"}],"wp:featuredmedia":[{"embeddable":true,"href":"https:\/\/www.sakura-spa.ch\/fr\/wp-json\/wp\/v2\/media\/6479"}],"wp:attachment":[{"href":"https:\/\/www.sakura-spa.ch\/fr\/wp-json\/wp\/v2\/media?parent=3651"}],"curies":[{"name":"wp","href":"https:\/\/api.w.org\/{rel}","templated":true}]}}