{"id":3674,"date":"2022-10-06T12:28:38","date_gmt":"2022-10-06T10:28:38","guid":{"rendered":"https:\/\/p5.seoway.de\/?page_id=3674"},"modified":"2025-04-07T13:20:25","modified_gmt":"2025-04-07T11:20:25","slug":"massage-de-lesprit-zen","status":"publish","type":"page","link":"https:\/\/www.sakura-spa.ch\/fr\/massages\/massage-de-lesprit-zen\/","title":{"rendered":"massage de l'esprit zen"},"content":{"rendered":"<div data-elementor-type=\"wp-page\" data-elementor-id=\"3674\" class=\"elementor elementor-3674\" data-elementor-post-type=\"page\">\n\t\t\t\t\t\t<section class=\"elementor-section elementor-top-section elementor-element elementor-element-7cadfa14 elementor-section-full_width elementor-section-height-default elementor-section-height-default\" data-id=\"7cadfa14\" data-element_type=\"section\">\n\t\t\t\t\t\t<div class=\"elementor-container elementor-column-gap-no\">\n\t\t\t\t\t<div class=\"elementor-column elementor-col-100 elementor-top-column elementor-element elementor-element-24ad9956\" data-id=\"24ad9956\" data-element_type=\"column\">\n\t\t\t<div class=\"elementor-widget-wrap elementor-element-populated\">\n\t\t\t\t\t\t<div class=\"elementor-element elementor-element-272a63f7 elementor--h-position-left elementor--v-position-middle elementor-widget elementor-widget-slides\" data-id=\"272a63f7\" data-element_type=\"widget\" data-settings=\"{&quot;navigation&quot;:&quot;none&quot;,&quot;autoplay&quot;:&quot;yes&quot;,&quot;pause_on_hover&quot;:&quot;yes&quot;,&quot;pause_on_interaction&quot;:&quot;yes&quot;,&quot;autoplay_speed&quot;:5000,&quot;infinite&quot;:&quot;yes&quot;,&quot;transition&quot;:&quot;slide&quot;,&quot;transition_speed&quot;:500}\" data-widget_type=\"slides.default\">\n\t\t\t\t<div class=\"elementor-widget-container\">\n\t\t\t\t\t\t\t\t\t<div class=\"elementor-swiper\">\n\t\t\t\t\t<div class=\"elementor-slides-wrapper elementor-main-swiper swiper\" role=\"region\" aria-roledescription=\"carousel\" aria-label=\"diapositives\" dir=\"ltr\" data-animation=\"fadeInUp\">\n\t\t\t\t<div class=\"swiper-wrapper elementor-slides\">\n\t\t\t\t\t\t\t\t\t\t<div class=\"elementor-repeater-item-11679b6 swiper-slide\" role=\"group\" aria-roledescription=\"slide\"><div class=\"swiper-slide-bg elementor-ken-burns elementor-ken-burns--in\" role=\"img\"><\/div><div class=\"swiper-slide-inner\" ><div class=\"swiper-slide-contents\"><div class=\"elementor-slide-heading\">massage de l'esprit zen<\/div><div class=\"elementor-slide-description\">Clarifie et apaise l&#039;esprit<\/div><a href=\"#elementor-action%3Aaction%3Dpopup%3Aopen%26settings%3DeyJpZCI6IjM1IiwidG9nZ2xlIjpmYWxzZX0%3D\" class=\"elementor-button elementor-slide-button elementor-size-md\">contact<\/a><\/div><\/div><\/div><div class=\"elementor-repeater-item-3bd0747 swiper-slide\" role=\"group\" aria-roledescription=\"slide\"><div class=\"swiper-slide-bg elementor-ken-burns elementor-ken-burns--in\" role=\"img\"><\/div><div class=\"swiper-slide-inner\" ><div class=\"swiper-slide-contents\"><div class=\"elementor-slide-heading\">Massage du visage Zen Mind<\/div><div class=\"elementor-slide-description\">D\u00e9tente profonde et r\u00e9g\u00e9n\u00e9ration<\/div><div  class=\"elementor-button elementor-slide-button elementor-size-md\">contact<\/div><\/div><\/div><\/div>\t\t\t\t<\/div>\n\t\t\t\t\t\t\t\t\t\t\t\t\t\t\t\t\t\t\t\t\t<\/div>\n\t\t\t\t<\/div>\n\t\t\t\t\t\t\t\t<\/div>\n\t\t\t\t<\/div>\n\t\t\t\t\t<\/div>\n\t\t<\/div>\n\t\t\t\t\t<\/div>\n\t\t<\/section>\n\t\t\t\t<section class=\"elementor-section elementor-top-section elementor-element elementor-element-53f712c3 elementor-section-boxed elementor-section-height-default elementor-section-height-default\" data-id=\"53f712c3\" data-element_type=\"section\" data-settings=\"{&quot;background_background&quot;:&quot;classic&quot;}\">\n\t\t\t\t\t\t\t<div class=\"elementor-background-overlay\"><\/div>\n\t\t\t\t\t\t\t<div class=\"elementor-container elementor-column-gap-default\">\n\t\t\t\t\t<div class=\"elementor-column elementor-col-100 elementor-top-column elementor-element elementor-element-12af9689\" data-id=\"12af9689\" data-element_type=\"column\">\n\t\t\t<div class=\"elementor-widget-wrap elementor-element-populated\">\n\t\t\t\t\t\t<div class=\"elementor-element elementor-element-468a84b7 elementor-widget elementor-widget-global elementor-global-332 elementor-widget-breadcrumbs\" data-id=\"468a84b7\" data-element_type=\"widget\" data-widget_type=\"breadcrumbs.default\">\n\t\t\t\t<div class=\"elementor-widget-container\">\n\t\t\t\t\t<p id=\"breadcrumbs\"><span><span><a href=\"https:\/\/www.sakura-spa.ch\/fr\/\">page d&#039;accueil<\/a><\/span><\/span><\/p>\t\t\t\t<\/div>\n\t\t\t\t<\/div>\n\t\t\t\t\t<\/div>\n\t\t<\/div>\n\t\t\t\t\t<\/div>\n\t\t<\/section>\n\t\t\t\t<section class=\"elementor-section elementor-top-section elementor-element elementor-element-06811a5 elementor-section-boxed elementor-section-height-default elementor-section-height-default\" data-id=\"06811a5\" data-element_type=\"section\">\n\t\t\t\t\t\t<div class=\"elementor-container elementor-column-gap-default\">\n\t\t\t\t\t<div class=\"elementor-column elementor-col-100 elementor-top-column elementor-element elementor-element-33e6687\" data-id=\"33e6687\" data-element_type=\"column\">\n\t\t\t<div class=\"elementor-widget-wrap elementor-element-populated\">\n\t\t\t\t\t\t<div class=\"elementor-element elementor-element-c90083c elementor-widget elementor-widget-heading\" data-id=\"c90083c\" data-element_type=\"widget\" data-widget_type=\"heading.default\">\n\t\t\t\t<div class=\"elementor-widget-container\">\n\t\t\t\t\t<h1 class=\"elementor-heading-title elementor-size-default\">massage de l'esprit zen<\/h1>\t\t\t\t<\/div>\n\t\t\t\t<\/div>\n\t\t\t\t\t<\/div>\n\t\t<\/div>\n\t\t\t\t\t<\/div>\n\t\t<\/section>\n\t\t\t\t<section class=\"elementor-section elementor-top-section elementor-element elementor-element-b944ed0 elementor-reverse-tablet elementor-reverse-mobile elementor-section-boxed elementor-section-height-default elementor-section-height-default\" data-id=\"b944ed0\" data-element_type=\"section\">\n\t\t\t\t\t\t<div class=\"elementor-container elementor-column-gap-default\">\n\t\t\t\t\t<div class=\"elementor-column elementor-col-50 elementor-top-column elementor-element elementor-element-8519369\" data-id=\"8519369\" data-element_type=\"column\">\n\t\t\t<div class=\"elementor-widget-wrap elementor-element-populated\">\n\t\t\t\t\t\t<div class=\"elementor-element elementor-element-12c7f8c elementor-widget elementor-widget-text-editor\" data-id=\"12c7f8c\" data-element_type=\"widget\" data-widget_type=\"text-editor.default\">\n\t\t\t\t<div class=\"elementor-widget-container\">\n\t\t\t\t\t\t\t\t\t<p>Les touches calmes et douces de ce massage de la t\u00eate, du cou et du visage soulagent les tensions de la vie quotidienne et vous permettent de ressentir l&#039;effet positif sur tout votre corps. Profitez de ce massage facial classique relaxant pour le front, les yeux, le cou, le d\u00e9collet\u00e9, la nuque et la t\u00eate pour r\u00e9duire les rides et les tensions. Votre t\u00eate s\u2019\u00e9claircira et vos \u00ab r\u00e9serves d\u2019\u00e9nergie \u00bb se rechargeront.<\/p>\t\t\t\t\t\t\t\t<\/div>\n\t\t\t\t<\/div>\n\t\t\t\t<div class=\"elementor-element elementor-element-71e7c42 elementor-widget elementor-widget-heading\" data-id=\"71e7c42\" data-element_type=\"widget\" data-widget_type=\"heading.default\">\n\t\t\t\t<div class=\"elementor-widget-container\">\n\t\t\t\t\t<h2 class=\"elementor-heading-title elementor-size-default\">massage facial pour des expressions faciales d\u00e9tendues<\/h2>\t\t\t\t<\/div>\n\t\t\t\t<\/div>\n\t\t\t\t<div class=\"elementor-element elementor-element-d6461b1 elementor-widget elementor-widget-text-editor\" data-id=\"d6461b1\" data-element_type=\"widget\" data-widget_type=\"text-editor.default\">\n\t\t\t\t<div class=\"elementor-widget-container\">\n\t\t\t\t\t\t\t\t\t<p>Seul un visage d\u00e9tendu est beau. Nos expressions faciales et notre expression sont influenc\u00e9es par de nombreux muscles que nous utilisons consciemment et inconsciemment des milliers de fois par jour. Trop de travail, de stress ou de soucis provoquent des tensions, des maux de t\u00eate, une peau tendue et des traits du visage tendus. Un massage du visage vous donne un teint ros\u00e9 et radieux et une expression d\u00e9tendue, aide \u00e0 lutter contre les troubles du sommeil, les yeux gonfl\u00e9s et augmente votre bien-\u00eatre g\u00e9n\u00e9ral.<\/p>\t\t\t\t\t\t\t\t<\/div>\n\t\t\t\t<\/div>\n\t\t\t\t<div class=\"elementor-element elementor-element-f810a41 elementor-widget elementor-widget-heading\" data-id=\"f810a41\" data-element_type=\"widget\" data-widget_type=\"heading.default\">\n\t\t\t\t<div class=\"elementor-widget-container\">\n\t\t\t\t\t<h2 class=\"elementor-heading-title elementor-size-default\">massage du cou et massage activant de la t\u00eate<\/h2>\t\t\t\t<\/div>\n\t\t\t\t<\/div>\n\t\t\t\t<div class=\"elementor-element elementor-element-f42c935 elementor-widget elementor-widget-text-editor\" data-id=\"f42c935\" data-element_type=\"widget\" data-widget_type=\"text-editor.default\">\n\t\t\t\t<div class=\"elementor-widget-container\">\n\t\t\t\t\t\t\t\t\t<p>Le massage du visage est l&#039;une des plus anciennes m\u00e9thodes de gu\u00e9rison au monde. Les cultures asiatiques en particulier poss\u00e8dent la plus longue tradition de cet art du massage et utilisent depuis longtemps le massage du visage comme partie int\u00e9grante des traitements de gu\u00e9rison et pour accro\u00eetre le bien-\u00eatre. Sentez des mains douces glisser sur votre front, vos yeux, votre cou et votre d\u00e9collet\u00e9. La circulation sanguine dans la peau est am\u00e9lior\u00e9e, le gonflement est r\u00e9duit et m\u00eame les petites rides peuvent \u00eatre temporairement r\u00e9duites. Notre massage du visage est compl\u00e9t\u00e9 par un massage relaxant du cou et un. Notre massage du visage est compl\u00e9t\u00e9 par un massage apaisant de la t\u00eate et un massage du cou. Une l\u00e9g\u00e8re pression sur le cuir chevelu a un effet d\u00e9stressant et l&#039;implication du cou rel\u00e2che les tensions.<\/p>\t\t\t\t\t\t\t\t<\/div>\n\t\t\t\t<\/div>\n\t\t\t\t\t<\/div>\n\t\t<\/div>\n\t\t\t\t<div class=\"elementor-column elementor-col-50 elementor-top-column elementor-element elementor-element-fe48dc9\" data-id=\"fe48dc9\" data-element_type=\"column\">\n\t\t\t<div class=\"elementor-widget-wrap elementor-element-populated\">\n\t\t\t\t\t\t<div class=\"elementor-element elementor-element-140ab15 elementor-widget__width-auto elementor-widget elementor-widget-image\" data-id=\"140ab15\" data-element_type=\"widget\" data-widget_type=\"image.default\">\n\t\t\t\t<div class=\"elementor-widget-container\">\n\t\t\t\t\t\t\t\t\t\t\t\t\t\t\t<img fetchpriority=\"high\" decoding=\"async\" width=\"800\" height=\"534\" src=\"https:\/\/www.sakura-spa.ch\/wp-content\/uploads\/gesichtsbehandlung-03-1024x683.jpeg\" class=\"attachment-large size-large wp-image-5531\" alt=\"\" srcset=\"https:\/\/www.sakura-spa.ch\/wp-content\/uploads\/gesichtsbehandlung-03-1024x683.jpeg 1024w, https:\/\/www.sakura-spa.ch\/wp-content\/uploads\/gesichtsbehandlung-03-300x200.jpeg 300w, https:\/\/www.sakura-spa.ch\/wp-content\/uploads\/gesichtsbehandlung-03-768x512.jpeg 768w, https:\/\/www.sakura-spa.ch\/wp-content\/uploads\/gesichtsbehandlung-03-1536x1024.jpeg 1536w, https:\/\/www.sakura-spa.ch\/wp-content\/uploads\/gesichtsbehandlung-03-2048x1365.jpeg 2048w\" sizes=\"(max-width: 800px) 100vw, 800px\" \/>\t\t\t\t\t\t\t\t\t\t\t\t\t\t\t<\/div>\n\t\t\t\t<\/div>\n\t\t\t\t<div class=\"elementor-element elementor-element-ba62439 elementor-align-center elementor-widget__width-inherit elementor-icon-list--layout-traditional elementor-list-item-link-full_width elementor-widget elementor-widget-global elementor-global-3372 elementor-widget-icon-list\" data-id=\"ba62439\" data-element_type=\"widget\" data-widget_type=\"icon-list.default\">\n\t\t\t\t<div class=\"elementor-widget-container\">\n\t\t\t\t\t\t\t<ul class=\"elementor-icon-list-items\">\n\t\t\t\t\t\t\t<li class=\"elementor-icon-list-item\">\n\t\t\t\t\t\t\t\t\t\t<span class=\"elementor-icon-list-text\">40 min. \u2013 80.-<\/span>\n\t\t\t\t\t\t\t\t\t<\/li>\n\t\t\t\t\t\t\t\t<li class=\"elementor-icon-list-item\">\n\t\t\t\t\t\t\t\t\t\t\t<a href=\"https:\/\/shop.tac.eu.com\/Sakura\/shop\/vouchers\/template\/8376\/?\">\n\n\t\t\t\t\t\t\t\t\t\t\t<span class=\"elementor-icon-list-text\">Acheter un bon d&#039;achat<\/span>\n\t\t\t\t\t\t\t\t\t\t\t<\/a>\n\t\t\t\t\t\t\t\t\t<\/li>\n\t\t\t\t\t\t<\/ul>\n\t\t\t\t\t\t<\/div>\n\t\t\t\t<\/div>\n\t\t\t\t<div class=\"elementor-element elementor-element-d8359e8 elementor-widget__width-auto elementor-widget elementor-widget-image\" data-id=\"d8359e8\" data-element_type=\"widget\" data-widget_type=\"image.default\">\n\t\t\t\t<div class=\"elementor-widget-container\">\n\t\t\t\t\t\t\t\t\t\t\t\t\t\t\t<img decoding=\"async\" width=\"800\" height=\"534\" src=\"https:\/\/www.sakura-spa.ch\/wp-content\/uploads\/kopfmassage-1024x684.jpg\" class=\"attachment-large size-large wp-image-620\" alt=\"massage Tao anti-stress\" srcset=\"https:\/\/www.sakura-spa.ch\/wp-content\/uploads\/kopfmassage-1024x684.jpg 1024w, https:\/\/www.sakura-spa.ch\/wp-content\/uploads\/kopfmassage-300x200.jpg 300w, https:\/\/www.sakura-spa.ch\/wp-content\/uploads\/kopfmassage-768x513.jpg 768w, https:\/\/www.sakura-spa.ch\/wp-content\/uploads\/kopfmassage.jpg 1253w\" sizes=\"(max-width: 800px) 100vw, 800px\" \/>\t\t\t\t\t\t\t\t\t\t\t\t\t\t\t<\/div>\n\t\t\t\t<\/div>\n\t\t\t\t\t<\/div>\n\t\t<\/div>\n\t\t\t\t\t<\/div>\n\t\t<\/section>\n\t\t\t\t<\/div>","protected":false},"excerpt":{"rendered":"<p>Zen Mind MassageKl\u00e4rt und beruhigt den GeistKontakt aufnehmenZen Mind GesichtsmassageTiefe Entspannung und RegenerationKontakt aufnehmen Zen Mind Massage Ruhige und sanfte Ber\u00fchrungen l\u00f6sen bei dieser Kopf-, Nacken- und Gesichtsmassage die Anspannungen des Alltags und lassen Sie die positive Wirkung auf den ganzen K\u00f6rper sp\u00fcren. Geniessen Sie diese entspannende Klassische Gesichtsmassage f\u00fcr Stirn, Augen, Hals, Dekollet\u00e9, Nacken [&hellip;]<\/p>\n","protected":false},"author":1,"featured_media":5529,"parent":511,"menu_order":0,"comment_status":"closed","ping_status":"closed","template":"","meta":{"footnotes":""},"class_list":["post-3674","page","type-page","status-publish","has-post-thumbnail","hentry"],"yoast_head":"<!-- This site is optimized with the Yoast SEO plugin v25.2 - https:\/\/yoast.com\/wordpress\/plugins\/seo\/ -->\n<title>Zen Mind Massage in St. Gallen - Sakura Spa<\/title>\n<meta name=\"description\" content=\"Zen Mind Massage in St. Gallen \u2764 Gesichtsmassage \u2764 Nackenmassage \u2764 Kopfmassage \u2764 Sakura Spa \u27bd Jetzt Termin buchen\" \/>\n<meta name=\"robots\" content=\"index, follow, max-snippet:-1, max-image-preview:large, max-video-preview:-1\" \/>\n<link rel=\"canonical\" href=\"https:\/\/www.sakura-spa.ch\/fr\/massages\/massage-de-lesprit-zen\/\" \/>\n<meta property=\"og:locale\" content=\"fr_FR\" \/>\n<meta property=\"og:type\" content=\"article\" \/>\n<meta property=\"og:title\" content=\"Zen Mind Massage in St. Gallen - Sakura Spa\" \/>\n<meta property=\"og:description\" content=\"Zen Mind Massage in St. Gallen \u2764 Gesichtsmassage \u2764 Nackenmassage \u2764 Kopfmassage \u2764 Sakura Spa \u27bd Jetzt Termin buchen\" \/>\n<meta property=\"og:url\" content=\"https:\/\/www.sakura-spa.ch\/fr\/massages\/massage-de-lesprit-zen\/\" \/>\n<meta property=\"og:site_name\" content=\"Sakura Spa in St. Gallen\" \/>\n<meta property=\"article:modified_time\" content=\"2025-04-07T11:20:25+00:00\" \/>\n<meta property=\"og:image\" content=\"https:\/\/www.sakura-spa.ch\/wp-content\/uploads\/gesichtsbehandlung-01-scaled.jpeg\" \/>\n\t<meta property=\"og:image:width\" content=\"2560\" \/>\n\t<meta property=\"og:image:height\" content=\"1700\" \/>\n\t<meta property=\"og:image:type\" content=\"image\/jpeg\" \/>\n<meta name=\"twitter:card\" content=\"summary_large_image\" \/>\n<script type=\"application\/ld+json\" class=\"yoast-schema-graph\">{\"@context\":\"https:\/\/schema.org\",\"@graph\":[{\"@type\":\"WebPage\",\"@id\":\"https:\/\/www.sakura-spa.ch\/massagen\/zen-mind-massage\/\",\"url\":\"https:\/\/www.sakura-spa.ch\/massagen\/zen-mind-massage\/\",\"name\":\"Zen Mind Massage in St. Gallen - Sakura Spa\",\"isPartOf\":{\"@id\":\"https:\/\/www.sakura-spa.ch\/#website\"},\"primaryImageOfPage\":{\"@id\":\"https:\/\/www.sakura-spa.ch\/massagen\/zen-mind-massage\/#primaryimage\"},\"image\":{\"@id\":\"https:\/\/www.sakura-spa.ch\/massagen\/zen-mind-massage\/#primaryimage\"},\"thumbnailUrl\":\"https:\/\/www.sakura-spa.ch\/wp-content\/uploads\/gesichtsbehandlung-01-scaled.jpeg\",\"datePublished\":\"2022-10-06T10:28:38+00:00\",\"dateModified\":\"2025-04-07T11:20:25+00:00\",\"description\":\"Zen Mind Massage in St. Gallen \u2764 Gesichtsmassage \u2764 Nackenmassage \u2764 Kopfmassage \u2764 Sakura Spa \u27bd Jetzt Termin buchen\",\"breadcrumb\":{\"@id\":\"https:\/\/www.sakura-spa.ch\/massagen\/zen-mind-massage\/#breadcrumb\"},\"inLanguage\":\"fr-FR\",\"potentialAction\":[{\"@type\":\"ReadAction\",\"target\":[\"https:\/\/www.sakura-spa.ch\/massagen\/zen-mind-massage\/\"]}]},{\"@type\":\"ImageObject\",\"inLanguage\":\"fr-FR\",\"@id\":\"https:\/\/www.sakura-spa.ch\/massagen\/zen-mind-massage\/#primaryimage\",\"url\":\"https:\/\/www.sakura-spa.ch\/wp-content\/uploads\/gesichtsbehandlung-01-scaled.jpeg\",\"contentUrl\":\"https:\/\/www.sakura-spa.ch\/wp-content\/uploads\/gesichtsbehandlung-01-scaled.jpeg\",\"width\":2560,\"height\":1700,\"caption\":\"Sakura Spa Zen Mind Massage in St. Gallen\"},{\"@type\":\"BreadcrumbList\",\"@id\":\"https:\/\/www.sakura-spa.ch\/massagen\/zen-mind-massage\/#breadcrumb\",\"itemListElement\":[{\"@type\":\"ListItem\",\"position\":1,\"name\":\"Startseite\",\"item\":\"https:\/\/www.sakura-spa.ch\/\"},{\"@type\":\"ListItem\",\"position\":2,\"name\":\"Massagen\",\"item\":\"https:\/\/www.sakura-spa.ch\/massagen\/\"},{\"@type\":\"ListItem\",\"position\":3,\"name\":\"Zen Mind Massage\"}]},{\"@type\":\"WebSite\",\"@id\":\"https:\/\/www.sakura-spa.ch\/#website\",\"url\":\"https:\/\/www.sakura-spa.ch\/\",\"name\":\"Sakura Spa in St. Gallen\",\"description\":\"Kosmetik, Wellness und Massage\",\"potentialAction\":[{\"@type\":\"SearchAction\",\"target\":{\"@type\":\"EntryPoint\",\"urlTemplate\":\"https:\/\/www.sakura-spa.ch\/?s={search_term_string}\"},\"query-input\":{\"@type\":\"PropertyValueSpecification\",\"valueRequired\":true,\"valueName\":\"search_term_string\"}}],\"inLanguage\":\"fr-FR\"}]}<\/script>\n<!-- \/ Yoast SEO plugin. -->","yoast_head_json":{"title":"Massage Zen Mind \u00e0 Saint-Gall - Sakura Spa","description":"Zen Mind Massage \u00e0 Saint-Gall \u2764 Massage du visage \u2764 Massage du cou \u2764 Massage de la t\u00eate \u2764 Sakura Spa \u27bd Prenez rendez-vous maintenant","robots":{"index":"index","follow":"follow","max-snippet":"max-snippet:-1","max-image-preview":"max-image-preview:large","max-video-preview":"max-video-preview:-1"},"canonical":"https:\/\/www.sakura-spa.ch\/fr\/massages\/massage-de-lesprit-zen\/","og_locale":"fr_FR","og_type":"article","og_title":"Zen Mind Massage in St. Gallen - Sakura Spa","og_description":"Zen Mind Massage in St. Gallen \u2764 Gesichtsmassage \u2764 Nackenmassage \u2764 Kopfmassage \u2764 Sakura Spa \u27bd Jetzt Termin buchen","og_url":"https:\/\/www.sakura-spa.ch\/fr\/massages\/massage-de-lesprit-zen\/","og_site_name":"Sakura Spa in St. Gallen","article_modified_time":"2025-04-07T11:20:25+00:00","og_image":[{"width":2560,"height":1700,"url":"https:\/\/www.sakura-spa.ch\/wp-content\/uploads\/gesichtsbehandlung-01-scaled.jpeg","type":"image\/jpeg"}],"twitter_card":"summary_large_image","schema":{"@context":"https:\/\/schema.org","@graph":[{"@type":"WebPage","@id":"https:\/\/www.sakura-spa.ch\/massagen\/zen-mind-massage\/","url":"https:\/\/www.sakura-spa.ch\/massagen\/zen-mind-massage\/","name":"Massage Zen Mind \u00e0 Saint-Gall - Sakura Spa","isPartOf":{"@id":"https:\/\/www.sakura-spa.ch\/#website"},"primaryImageOfPage":{"@id":"https:\/\/www.sakura-spa.ch\/massagen\/zen-mind-massage\/#primaryimage"},"image":{"@id":"https:\/\/www.sakura-spa.ch\/massagen\/zen-mind-massage\/#primaryimage"},"thumbnailUrl":"https:\/\/www.sakura-spa.ch\/wp-content\/uploads\/gesichtsbehandlung-01-scaled.jpeg","datePublished":"2022-10-06T10:28:38+00:00","dateModified":"2025-04-07T11:20:25+00:00","description":"Zen Mind Massage \u00e0 Saint-Gall \u2764 Massage du visage \u2764 Massage du cou \u2764 Massage de la t\u00eate \u2764 Sakura Spa \u27bd Prenez rendez-vous maintenant","breadcrumb":{"@id":"https:\/\/www.sakura-spa.ch\/massagen\/zen-mind-massage\/#breadcrumb"},"inLanguage":"fr-FR","potentialAction":[{"@type":"ReadAction","target":["https:\/\/www.sakura-spa.ch\/massagen\/zen-mind-massage\/"]}]},{"@type":"ImageObject","inLanguage":"fr-FR","@id":"https:\/\/www.sakura-spa.ch\/massagen\/zen-mind-massage\/#primaryimage","url":"https:\/\/www.sakura-spa.ch\/wp-content\/uploads\/gesichtsbehandlung-01-scaled.jpeg","contentUrl":"https:\/\/www.sakura-spa.ch\/wp-content\/uploads\/gesichtsbehandlung-01-scaled.jpeg","width":2560,"height":1700,"caption":"Sakura Spa Zen Mind Massage in St. Gallen"},{"@type":"BreadcrumbList","@id":"https:\/\/www.sakura-spa.ch\/massagen\/zen-mind-massage\/#breadcrumb","itemListElement":[{"@type":"ListItem","position":1,"name":"Startseite","item":"https:\/\/www.sakura-spa.ch\/"},{"@type":"ListItem","position":2,"name":"Massagen","item":"https:\/\/www.sakura-spa.ch\/massagen\/"},{"@type":"ListItem","position":3,"name":"Zen Mind Massage"}]},{"@type":"WebSite","@id":"https:\/\/www.sakura-spa.ch\/#website","url":"https:\/\/www.sakura-spa.ch\/","name":"Spa Sakura \u00e0 Saint-Gall","description":"Cosm\u00e9tiques, Bien-\u00eatre et Massages","potentialAction":[{"@type":"SearchAction","target":{"@type":"EntryPoint","urlTemplate":"https:\/\/www.sakura-spa.ch\/?s={search_term_string}"},"query-input":{"@type":"PropertyValueSpecification","valueRequired":true,"valueName":"search_term_string"}}],"inLanguage":"fr-FR"}]}},"_links":{"self":[{"href":"https:\/\/www.sakura-spa.ch\/fr\/wp-json\/wp\/v2\/pages\/3674","targetHints":{"allow":["GET"]}}],"collection":[{"href":"https:\/\/www.sakura-spa.ch\/fr\/wp-json\/wp\/v2\/pages"}],"about":[{"href":"https:\/\/www.sakura-spa.ch\/fr\/wp-json\/wp\/v2\/types\/page"}],"author":[{"embeddable":true,"href":"https:\/\/www.sakura-spa.ch\/fr\/wp-json\/wp\/v2\/users\/1"}],"replies":[{"embeddable":true,"href":"https:\/\/www.sakura-spa.ch\/fr\/wp-json\/wp\/v2\/comments?post=3674"}],"version-history":[{"count":66,"href":"https:\/\/www.sakura-spa.ch\/fr\/wp-json\/wp\/v2\/pages\/3674\/revisions"}],"predecessor-version":[{"id":22959,"href":"https:\/\/www.sakura-spa.ch\/fr\/wp-json\/wp\/v2\/pages\/3674\/revisions\/22959"}],"up":[{"embeddable":true,"href":"https:\/\/www.sakura-spa.ch\/fr\/wp-json\/wp\/v2\/pages\/511"}],"wp:featuredmedia":[{"embeddable":true,"href":"https:\/\/www.sakura-spa.ch\/fr\/wp-json\/wp\/v2\/media\/5529"}],"wp:attachment":[{"href":"https:\/\/www.sakura-spa.ch\/fr\/wp-json\/wp\/v2\/media?parent=3674"}],"curies":[{"name":"wp","href":"https:\/\/api.w.org\/{rel}","templated":true}]}}