{"id":3675,"date":"2022-10-06T12:25:30","date_gmt":"2022-10-06T10:25:30","guid":{"rendered":"https:\/\/p5.seoway.de\/?page_id=3675"},"modified":"2026-03-14T09:38:34","modified_gmt":"2026-03-14T08:38:34","slug":"massage-musculaire-puissant-du-dos","status":"publish","type":"page","link":"https:\/\/www.sakura-spa.ch\/fr\/massages\/massage-musculaire-puissant-du-dos\/","title":{"rendered":"massage musculaire intense du dos"},"content":{"rendered":"<div data-elementor-type=\"wp-page\" data-elementor-id=\"3675\" class=\"elementor elementor-3675\" data-elementor-post-type=\"page\">\n\t\t\t\t\t\t<section class=\"elementor-section elementor-top-section elementor-element elementor-element-7cadfa14 elementor-section-full_width elementor-section-height-default elementor-section-height-default\" data-id=\"7cadfa14\" data-element_type=\"section\">\n\t\t\t\t\t\t<div class=\"elementor-container elementor-column-gap-no\">\n\t\t\t\t\t<div class=\"elementor-column elementor-col-100 elementor-top-column elementor-element elementor-element-24ad9956\" data-id=\"24ad9956\" data-element_type=\"column\">\n\t\t\t<div class=\"elementor-widget-wrap elementor-element-populated\">\n\t\t\t\t\t\t<div class=\"elementor-element elementor-element-272a63f7 elementor--h-position-left elementor--v-position-middle elementor-widget elementor-widget-slides\" data-id=\"272a63f7\" data-element_type=\"widget\" data-settings=\"{&quot;navigation&quot;:&quot;none&quot;,&quot;autoplay&quot;:&quot;yes&quot;,&quot;pause_on_hover&quot;:&quot;yes&quot;,&quot;pause_on_interaction&quot;:&quot;yes&quot;,&quot;autoplay_speed&quot;:5000,&quot;infinite&quot;:&quot;yes&quot;,&quot;transition&quot;:&quot;slide&quot;,&quot;transition_speed&quot;:500}\" data-widget_type=\"slides.default\">\n\t\t\t\t<div class=\"elementor-widget-container\">\n\t\t\t\t\t\t\t\t\t<div class=\"elementor-swiper\">\n\t\t\t\t\t<div class=\"elementor-slides-wrapper elementor-main-swiper swiper\" role=\"region\" aria-roledescription=\"carousel\" aria-label=\"diapositives\" dir=\"ltr\" data-animation=\"fadeInUp\">\n\t\t\t\t<div class=\"swiper-wrapper elementor-slides\">\n\t\t\t\t\t\t\t\t\t\t<div class=\"elementor-repeater-item-3e1ba6e swiper-slide\" role=\"group\" aria-roledescription=\"slide\"><div class=\"swiper-slide-bg elementor-ken-burns elementor-ken-burns--in\" role=\"img\"><\/div><div class=\"swiper-slide-inner\" ><div class=\"swiper-slide-contents\"><div class=\"elementor-slide-heading\">massage musculaire intense du dos<\/div><div class=\"elementor-slide-description\">Enlevez les n\u0153uds - Aromath\u00e9rapie<\/div><a href=\"#elementor-action%3Aaction%3Dpopup%3Aopen%26settings%3DeyJpZCI6IjM1IiwidG9nZ2xlIjpmYWxzZX0%3D\" class=\"elementor-button elementor-slide-button elementor-size-md\">contact<\/a><\/div><\/div><\/div><div class=\"elementor-repeater-item-11679b6 swiper-slide\" role=\"group\" aria-roledescription=\"slide\"><div class=\"swiper-slide-bg elementor-ken-burns elementor-ken-burns--in\" role=\"img\"><\/div><div class=\"elementor-background-overlay\"><\/div><div class=\"swiper-slide-inner\" ><div class=\"swiper-slide-contents\"><div class=\"elementor-slide-heading\">massage musculaire intense du dos<\/div><div class=\"elementor-slide-description\">Soulager les tensions profondes dans les muscles<\/div><a href=\"#elementor-action%3Aaction%3Dpopup%3Aopen%26settings%3DeyJpZCI6IjM1IiwidG9nZ2xlIjpmYWxzZX0%3D\" class=\"elementor-button elementor-slide-button elementor-size-md\">contact<\/a><\/div><\/div><\/div>\t\t\t\t<\/div>\n\t\t\t\t\t\t\t\t\t\t\t\t\t\t\t\t\t\t\t\t\t<\/div>\n\t\t\t\t<\/div>\n\t\t\t\t\t\t\t\t<\/div>\n\t\t\t\t<\/div>\n\t\t\t\t\t<\/div>\n\t\t<\/div>\n\t\t\t\t\t<\/div>\n\t\t<\/section>\n\t\t\t\t<section class=\"elementor-section elementor-top-section elementor-element elementor-element-53f712c3 elementor-section-boxed elementor-section-height-default elementor-section-height-default\" data-id=\"53f712c3\" data-element_type=\"section\" data-settings=\"{&quot;background_background&quot;:&quot;classic&quot;}\">\n\t\t\t\t\t\t\t<div class=\"elementor-background-overlay\"><\/div>\n\t\t\t\t\t\t\t<div class=\"elementor-container elementor-column-gap-default\">\n\t\t\t\t\t<div class=\"elementor-column elementor-col-100 elementor-top-column elementor-element elementor-element-12af9689\" data-id=\"12af9689\" data-element_type=\"column\">\n\t\t\t<div class=\"elementor-widget-wrap elementor-element-populated\">\n\t\t\t\t\t\t<div class=\"elementor-element elementor-element-468a84b7 elementor-widget elementor-widget-global elementor-global-332 elementor-widget-breadcrumbs\" data-id=\"468a84b7\" data-element_type=\"widget\" data-widget_type=\"breadcrumbs.default\">\n\t\t\t\t<div class=\"elementor-widget-container\">\n\t\t\t\t\t<p id=\"breadcrumbs\"><span><span><a href=\"https:\/\/www.sakura-spa.ch\/fr\/\">page d&#039;accueil<\/a><\/span><\/span><\/p>\t\t\t\t<\/div>\n\t\t\t\t<\/div>\n\t\t\t\t\t<\/div>\n\t\t<\/div>\n\t\t\t\t\t<\/div>\n\t\t<\/section>\n\t\t\t\t<section class=\"elementor-section elementor-top-section elementor-element elementor-element-06811a5 elementor-section-boxed elementor-section-height-default elementor-section-height-default\" data-id=\"06811a5\" data-element_type=\"section\">\n\t\t\t\t\t\t<div class=\"elementor-container elementor-column-gap-default\">\n\t\t\t\t\t<div class=\"elementor-column elementor-col-100 elementor-top-column elementor-element elementor-element-33e6687\" data-id=\"33e6687\" data-element_type=\"column\">\n\t\t\t<div class=\"elementor-widget-wrap elementor-element-populated\">\n\t\t\t\t\t\t<div class=\"elementor-element elementor-element-c90083c elementor-widget elementor-widget-heading\" data-id=\"c90083c\" data-element_type=\"widget\" data-widget_type=\"heading.default\">\n\t\t\t\t<div class=\"elementor-widget-container\">\n\t\t\t\t\t<h1 class=\"elementor-heading-title elementor-size-default\">massage musculaire intense du dos<\/h1>\t\t\t\t<\/div>\n\t\t\t\t<\/div>\n\t\t\t\t\t<\/div>\n\t\t<\/div>\n\t\t\t\t\t<\/div>\n\t\t<\/section>\n\t\t\t\t<section class=\"elementor-section elementor-top-section elementor-element elementor-element-b944ed0 elementor-reverse-tablet elementor-reverse-mobile elementor-section-boxed elementor-section-height-default elementor-section-height-default\" data-id=\"b944ed0\" data-element_type=\"section\">\n\t\t\t\t\t\t<div class=\"elementor-container elementor-column-gap-default\">\n\t\t\t\t\t<div class=\"elementor-column elementor-col-50 elementor-top-column elementor-element elementor-element-8519369\" data-id=\"8519369\" data-element_type=\"column\">\n\t\t\t<div class=\"elementor-widget-wrap elementor-element-populated\">\n\t\t\t\t\t\t<div class=\"elementor-element elementor-element-12c7f8c elementor-widget elementor-widget-text-editor\" data-id=\"12c7f8c\" data-element_type=\"widget\" data-widget_type=\"text-editor.default\">\n\t\t\t\t<div class=\"elementor-widget-container\">\n\t\t\t\t\t\t\t\t\t<p>Le massage du dos Strong Muscle est un massage sportif puissant et \u00e0 haute \u00e9nergie qui traite intens\u00e9ment le dos et toutes les lignes \u00e9nerg\u00e9tiques \u00e0 l&#039;aide de techniques de massage adapt\u00e9es individuellement. Gr\u00e2ce \u00e0 des effleurages, des \u00e9tirements, des p\u00e9trissages et une th\u00e9rapie par points de d\u00e9clenchement \u00e9tendus et cibl\u00e9s, les tensions musculaires sont lib\u00e9r\u00e9es, la circulation sanguine et le m\u00e9tabolisme sont stimul\u00e9s, la fatigue et l&#039;\u00e9puisement sont combattus, les blocages sont lib\u00e9r\u00e9s et des voies libres sont cr\u00e9\u00e9es pour une nouvelle vitalit\u00e9 et une nouvelle \u00e9nergie.<\/p>\t\t\t\t\t\t\t\t<\/div>\n\t\t\t\t<\/div>\n\t\t\t\t<div class=\"elementor-element elementor-element-71e7c42 elementor-widget elementor-widget-heading\" data-id=\"71e7c42\" data-element_type=\"widget\" data-widget_type=\"heading.default\">\n\t\t\t\t<div class=\"elementor-widget-container\">\n\t\t\t\t\t<h2 class=\"elementor-heading-title elementor-size-default\">massage pour d\u00e9nouer les n\u0153uds<\/h2>\t\t\t\t<\/div>\n\t\t\t\t<\/div>\n\t\t\t\t<div class=\"elementor-element elementor-element-d6461b1 elementor-widget elementor-widget-text-editor\" data-id=\"d6461b1\" data-element_type=\"widget\" data-widget_type=\"text-editor.default\">\n\t\t\t\t<div class=\"elementor-widget-container\">\n\t\t\t\t\t\t\t\t\t<p>Le massage du dos Strong Muscle est un traitement intensif qui utilise une pression et une force cibl\u00e9es, parfois \u00e0 l&#039;aide des coudes, ce qui n&#039;est pas pour les connaisseurs qui veulent simplement se d\u00e9tendre. Il convient donc aux personnes robustes, en bonne sant\u00e9, tr\u00e8s actives, qui souffrent souvent de tensions dues \u00e0 la sollicitation, ce qui limite \u00e0 son tour le mouvement des articulations. Le massage peut \u00e9galement \u00eatre utile si vous souffrez de tensions musculaires, de tensions musculaires et de douleurs qui en r\u00e9sultent pour diverses raisons. Ce massage du dos permet une relaxation particuli\u00e8rement profonde et assure un \u00e9tirement efficace et une meilleure circulation sanguine dans les muscles du dos. En rel\u00e2chant sp\u00e9cifiquement les tissus durcis et les n\u0153uds, la mobilit\u00e9 est restaur\u00e9e. Le massage d\u00e9tend non seulement les muscles, mais favorise \u00e9galement la circulation sanguine et augmente l&#039;\u00e9limination des produits m\u00e9taboliques.<\/p>\t\t\t\t\t\t\t\t<\/div>\n\t\t\t\t<\/div>\n\t\t\t\t<div class=\"elementor-element elementor-element-f810a41 elementor-widget elementor-widget-heading\" data-id=\"f810a41\" data-element_type=\"widget\" data-widget_type=\"heading.default\">\n\t\t\t\t<div class=\"elementor-widget-container\">\n\t\t\t\t\t<h2 class=\"elementor-heading-title elementor-size-default\">Avec des huiles chaudes contre les tensions du dos<\/h2>\t\t\t\t<\/div>\n\t\t\t\t<\/div>\n\t\t\t\t<div class=\"elementor-element elementor-element-f42c935 elementor-widget elementor-widget-text-editor\" data-id=\"f42c935\" data-element_type=\"widget\" data-widget_type=\"text-editor.default\">\n\t\t\t\t<div class=\"elementor-widget-container\">\n\t\t\t\t\t\t\t\t\t<p>Un massage du dos avec de l&#039;huile chaude est inestimable car il stimule la circulation et le flux sanguin, soulage les tensions, r\u00e9duit le stress et renforce le syst\u00e8me immunitaire du corps. Les huiles chaudes peuvent p\u00e9n\u00e9trer profond\u00e9ment dans les tissus et r\u00e9chauffer le corps de l\u2019int\u00e9rieur vers l\u2019ext\u00e9rieur. Un puissant massage relaxant musculaire am\u00e9liore le bien-\u00eatre mental, donne une nouvelle force et \u00e9nergie et est \u00e9galement recommand\u00e9 aux personnes qui souffrent de stress, de maux de t\u00eate, de manque de motivation et de fatigue ou qui souhaitent pr\u00e9venir les d\u00e9s\u00e9quilibres.<\/p>\t\t\t\t\t\t\t\t<\/div>\n\t\t\t\t<\/div>\n\t\t\t\t\t<\/div>\n\t\t<\/div>\n\t\t\t\t<div class=\"elementor-column elementor-col-50 elementor-top-column elementor-element elementor-element-fe48dc9\" data-id=\"fe48dc9\" data-element_type=\"column\">\n\t\t\t<div class=\"elementor-widget-wrap elementor-element-populated\">\n\t\t\t\t\t\t<div class=\"elementor-element elementor-element-140ab15 elementor-widget__width-initial elementor-widget elementor-widget-image\" data-id=\"140ab15\" data-element_type=\"widget\" data-widget_type=\"image.default\">\n\t\t\t\t<div class=\"elementor-widget-container\">\n\t\t\t\t\t\t\t\t\t\t\t\t\t\t\t<img fetchpriority=\"high\" decoding=\"async\" width=\"438\" height=\"370\" src=\"https:\/\/www.sakura-spa.ch\/wp-content\/uploads\/fuer-ihn.png\" class=\"attachment-1536x1536 size-1536x1536 wp-image-602\" alt=\"massage musculaire intense du dos\" srcset=\"https:\/\/www.sakura-spa.ch\/wp-content\/uploads\/fuer-ihn.png 438w, https:\/\/www.sakura-spa.ch\/wp-content\/uploads\/fuer-ihn-300x253.png 300w\" sizes=\"(max-width: 438px) 100vw, 438px\" \/>\t\t\t\t\t\t\t\t\t\t\t\t\t\t\t<\/div>\n\t\t\t\t<\/div>\n\t\t\t\t<div class=\"elementor-element elementor-element-ba7ff9e elementor-align-center elementor-icon-list--layout-traditional elementor-list-item-link-full_width elementor-widget elementor-widget-global elementor-global-3363 elementor-widget-icon-list\" data-id=\"ba7ff9e\" data-element_type=\"widget\" data-widget_type=\"icon-list.default\">\n\t\t\t\t<div class=\"elementor-widget-container\">\n\t\t\t\t\t\t\t<ul class=\"elementor-icon-list-items\">\n\t\t\t\t\t\t\t<li class=\"elementor-icon-list-item\">\n\t\t\t\t\t\t\t\t\t\t<span class=\"elementor-icon-list-text\">45 min. \u2013 95.-<\/span>\n\t\t\t\t\t\t\t\t\t<\/li>\n\t\t\t\t\t\t\t\t<li class=\"elementor-icon-list-item\">\n\t\t\t\t\t\t\t\t\t\t<span class=\"elementor-icon-list-text\">50 min. \u2013 105.-<\/span>\n\t\t\t\t\t\t\t\t\t<\/li>\n\t\t\t\t\t\t\t\t<li class=\"elementor-icon-list-item\">\n\t\t\t\t\t\t\t\t\t\t<span class=\"elementor-icon-list-text\">60 min. \u2013 125.-<\/span>\n\t\t\t\t\t\t\t\t\t<\/li>\n\t\t\t\t\t\t\t\t<li class=\"elementor-icon-list-item\">\n\t\t\t\t\t\t\t\t\t\t\t<a href=\"https:\/\/shop.tac.eu.com\/Sakura\/shop\/vouchers\/template\/8380\/?\">\n\n\t\t\t\t\t\t\t\t\t\t\t<span class=\"elementor-icon-list-text\">Acheter un bon d&#039;achat<\/span>\n\t\t\t\t\t\t\t\t\t\t\t<\/a>\n\t\t\t\t\t\t\t\t\t<\/li>\n\t\t\t\t\t\t<\/ul>\n\t\t\t\t\t\t<\/div>\n\t\t\t\t<\/div>\n\t\t\t\t<div class=\"elementor-element elementor-element-f51e1d3 elementor-widget__width-initial elementor-widget elementor-widget-image\" data-id=\"f51e1d3\" data-element_type=\"widget\" data-widget_type=\"image.default\">\n\t\t\t\t<div class=\"elementor-widget-container\">\n\t\t\t\t\t\t\t\t\t\t\t\t\t\t\t<img decoding=\"async\" width=\"1536\" height=\"994\" src=\"https:\/\/www.sakura-spa.ch\/wp-content\/uploads\/MUSCLE_iStock-614533078-1536x994.jpg\" class=\"attachment-1536x1536 size-1536x1536 wp-image-6192\" alt=\"\" srcset=\"https:\/\/www.sakura-spa.ch\/wp-content\/uploads\/MUSCLE_iStock-614533078-1536x994.jpg 1536w, https:\/\/www.sakura-spa.ch\/wp-content\/uploads\/MUSCLE_iStock-614533078-300x194.jpg 300w, https:\/\/www.sakura-spa.ch\/wp-content\/uploads\/MUSCLE_iStock-614533078-1024x663.jpg 1024w, https:\/\/www.sakura-spa.ch\/wp-content\/uploads\/MUSCLE_iStock-614533078-768x497.jpg 768w, https:\/\/www.sakura-spa.ch\/wp-content\/uploads\/MUSCLE_iStock-614533078-2048x1325.jpg 2048w\" sizes=\"(max-width: 1536px) 100vw, 1536px\" \/>\t\t\t\t\t\t\t\t\t\t\t\t\t\t\t<\/div>\n\t\t\t\t<\/div>\n\t\t\t\t\t<\/div>\n\t\t<\/div>\n\t\t\t\t\t<\/div>\n\t\t<\/section>\n\t\t\t\t<\/div>","protected":false},"excerpt":{"rendered":"<p>Strong Muscle R\u00fcckenmassageRemove the Knots &#8211; AromatherapieKontakt aufnehmenStrong Muscle R\u00fcckenmassageTiefe Verspannungen in der Muskulatur l\u00f6senKontakt aufnehmen Strong Muscle R\u00fcckenmassage Die Strong Muscle R\u00fcckenmassage ist eine kr\u00e4ftige, energiereiche Sportmassage, die durch individuell abgestimmte Massagetechniken den R\u00fccken samt aller Energielinien intensiv behandelt. Durch fl\u00e4chige und punktuelle Streichungen, Dehnungen, Knetungen und der Triggerpunkttherapie werden Verspannungen in der Muskulatur [&hellip;]<\/p>\n","protected":false},"author":1,"featured_media":6337,"parent":511,"menu_order":0,"comment_status":"closed","ping_status":"closed","template":"","meta":{"footnotes":""},"class_list":["post-3675","page","type-page","status-publish","has-post-thumbnail","hentry"],"yoast_head":"<!-- This site is optimized with the Yoast SEO plugin v25.2 - https:\/\/yoast.com\/wordpress\/plugins\/seo\/ -->\n<title>Strong Muscle R\u00fcckenmassage in St. Gallen - Sakura Spa<\/title>\n<meta name=\"description\" content=\"Strong Muscle R\u00fcckenmassage in St. Gallen \u2764 mit warmen \u00d6len \u2764 energiereiche Sportmassage \u27bd Jetzt Termin buchen\" \/>\n<meta name=\"robots\" content=\"index, follow, max-snippet:-1, max-image-preview:large, max-video-preview:-1\" \/>\n<link rel=\"canonical\" href=\"https:\/\/www.sakura-spa.ch\/fr\/massages\/massage-musculaire-puissant-du-dos\/\" \/>\n<meta property=\"og:locale\" content=\"fr_FR\" \/>\n<meta property=\"og:type\" content=\"article\" \/>\n<meta property=\"og:title\" content=\"Strong Muscle R\u00fcckenmassage in St. Gallen - Sakura Spa\" \/>\n<meta property=\"og:description\" content=\"Strong Muscle R\u00fcckenmassage in St. Gallen \u2764 mit warmen \u00d6len \u2764 energiereiche Sportmassage \u27bd Jetzt Termin buchen\" \/>\n<meta property=\"og:url\" content=\"https:\/\/www.sakura-spa.ch\/fr\/massages\/massage-musculaire-puissant-du-dos\/\" \/>\n<meta property=\"og:site_name\" content=\"Sakura Spa in St. Gallen\" \/>\n<meta property=\"article:modified_time\" content=\"2026-03-14T08:38:34+00:00\" \/>\n<meta property=\"og:image\" content=\"https:\/\/www.sakura-spa.ch\/wp-content\/uploads\/MASSAGE_Lomi_AdobeStock_31599380-scaled.jpeg\" \/>\n\t<meta property=\"og:image:width\" content=\"2560\" \/>\n\t<meta property=\"og:image:height\" content=\"1707\" \/>\n\t<meta property=\"og:image:type\" content=\"image\/jpeg\" \/>\n<meta name=\"twitter:card\" content=\"summary_large_image\" \/>\n<script type=\"application\/ld+json\" class=\"yoast-schema-graph\">{\"@context\":\"https:\/\/schema.org\",\"@graph\":[{\"@type\":\"WebPage\",\"@id\":\"https:\/\/www.sakura-spa.ch\/massagen\/strong-muscle-rueckenmassage\/\",\"url\":\"https:\/\/www.sakura-spa.ch\/massagen\/strong-muscle-rueckenmassage\/\",\"name\":\"Strong Muscle R\u00fcckenmassage in St. Gallen - Sakura Spa\",\"isPartOf\":{\"@id\":\"https:\/\/www.sakura-spa.ch\/#website\"},\"primaryImageOfPage\":{\"@id\":\"https:\/\/www.sakura-spa.ch\/massagen\/strong-muscle-rueckenmassage\/#primaryimage\"},\"image\":{\"@id\":\"https:\/\/www.sakura-spa.ch\/massagen\/strong-muscle-rueckenmassage\/#primaryimage\"},\"thumbnailUrl\":\"https:\/\/www.sakura-spa.ch\/wp-content\/uploads\/MASSAGE_Lomi_AdobeStock_31599380-scaled.jpeg\",\"datePublished\":\"2022-10-06T10:25:30+00:00\",\"dateModified\":\"2026-03-14T08:38:34+00:00\",\"description\":\"Strong Muscle R\u00fcckenmassage in St. Gallen \u2764 mit warmen \u00d6len \u2764 energiereiche Sportmassage \u27bd Jetzt Termin buchen\",\"breadcrumb\":{\"@id\":\"https:\/\/www.sakura-spa.ch\/massagen\/strong-muscle-rueckenmassage\/#breadcrumb\"},\"inLanguage\":\"fr-FR\",\"potentialAction\":[{\"@type\":\"ReadAction\",\"target\":[\"https:\/\/www.sakura-spa.ch\/massagen\/strong-muscle-rueckenmassage\/\"]}]},{\"@type\":\"ImageObject\",\"inLanguage\":\"fr-FR\",\"@id\":\"https:\/\/www.sakura-spa.ch\/massagen\/strong-muscle-rueckenmassage\/#primaryimage\",\"url\":\"https:\/\/www.sakura-spa.ch\/wp-content\/uploads\/MASSAGE_Lomi_AdobeStock_31599380-scaled.jpeg\",\"contentUrl\":\"https:\/\/www.sakura-spa.ch\/wp-content\/uploads\/MASSAGE_Lomi_AdobeStock_31599380-scaled.jpeg\",\"width\":2560,\"height\":1707,\"caption\":\"Sakura Spa Strong Muscle R\u00fcckenmassage in St. Gallen\"},{\"@type\":\"BreadcrumbList\",\"@id\":\"https:\/\/www.sakura-spa.ch\/massagen\/strong-muscle-rueckenmassage\/#breadcrumb\",\"itemListElement\":[{\"@type\":\"ListItem\",\"position\":1,\"name\":\"Startseite\",\"item\":\"https:\/\/www.sakura-spa.ch\/\"},{\"@type\":\"ListItem\",\"position\":2,\"name\":\"Massagen\",\"item\":\"https:\/\/www.sakura-spa.ch\/massagen\/\"},{\"@type\":\"ListItem\",\"position\":3,\"name\":\"Strong Muscle R\u00fcckenmassage\"}]},{\"@type\":\"WebSite\",\"@id\":\"https:\/\/www.sakura-spa.ch\/#website\",\"url\":\"https:\/\/www.sakura-spa.ch\/\",\"name\":\"Sakura Spa in St. Gallen\",\"description\":\"Kosmetik, Wellness und Massage\",\"potentialAction\":[{\"@type\":\"SearchAction\",\"target\":{\"@type\":\"EntryPoint\",\"urlTemplate\":\"https:\/\/www.sakura-spa.ch\/?s={search_term_string}\"},\"query-input\":{\"@type\":\"PropertyValueSpecification\",\"valueRequired\":true,\"valueName\":\"search_term_string\"}}],\"inLanguage\":\"fr-FR\"}]}<\/script>\n<!-- \/ Yoast SEO plugin. -->","yoast_head_json":{"title":"Massage musculaire du dos \u00e0 Saint-Gall - Sakura Spa","description":"Massage musculaire du dos \u00e0 Saint-Gall \u2764 aux huiles chaudes \u2764 massage sportif \u00e9nerg\u00e9tique \u27bd Prenez rendez-vous maintenant","robots":{"index":"index","follow":"follow","max-snippet":"max-snippet:-1","max-image-preview":"max-image-preview:large","max-video-preview":"max-video-preview:-1"},"canonical":"https:\/\/www.sakura-spa.ch\/fr\/massages\/massage-musculaire-puissant-du-dos\/","og_locale":"fr_FR","og_type":"article","og_title":"Strong Muscle R\u00fcckenmassage in St. Gallen - Sakura Spa","og_description":"Strong Muscle R\u00fcckenmassage in St. Gallen \u2764 mit warmen \u00d6len \u2764 energiereiche Sportmassage \u27bd Jetzt Termin buchen","og_url":"https:\/\/www.sakura-spa.ch\/fr\/massages\/massage-musculaire-puissant-du-dos\/","og_site_name":"Sakura Spa in St. Gallen","article_modified_time":"2026-03-14T08:38:34+00:00","og_image":[{"width":2560,"height":1707,"url":"https:\/\/www.sakura-spa.ch\/wp-content\/uploads\/MASSAGE_Lomi_AdobeStock_31599380-scaled.jpeg","type":"image\/jpeg"}],"twitter_card":"summary_large_image","schema":{"@context":"https:\/\/schema.org","@graph":[{"@type":"WebPage","@id":"https:\/\/www.sakura-spa.ch\/massagen\/strong-muscle-rueckenmassage\/","url":"https:\/\/www.sakura-spa.ch\/massagen\/strong-muscle-rueckenmassage\/","name":"Massage musculaire du dos \u00e0 Saint-Gall - Sakura Spa","isPartOf":{"@id":"https:\/\/www.sakura-spa.ch\/#website"},"primaryImageOfPage":{"@id":"https:\/\/www.sakura-spa.ch\/massagen\/strong-muscle-rueckenmassage\/#primaryimage"},"image":{"@id":"https:\/\/www.sakura-spa.ch\/massagen\/strong-muscle-rueckenmassage\/#primaryimage"},"thumbnailUrl":"https:\/\/www.sakura-spa.ch\/wp-content\/uploads\/MASSAGE_Lomi_AdobeStock_31599380-scaled.jpeg","datePublished":"2022-10-06T10:25:30+00:00","dateModified":"2026-03-14T08:38:34+00:00","description":"Massage musculaire du dos \u00e0 Saint-Gall \u2764 aux huiles chaudes \u2764 massage sportif \u00e9nerg\u00e9tique \u27bd Prenez rendez-vous maintenant","breadcrumb":{"@id":"https:\/\/www.sakura-spa.ch\/massagen\/strong-muscle-rueckenmassage\/#breadcrumb"},"inLanguage":"fr-FR","potentialAction":[{"@type":"ReadAction","target":["https:\/\/www.sakura-spa.ch\/massagen\/strong-muscle-rueckenmassage\/"]}]},{"@type":"ImageObject","inLanguage":"fr-FR","@id":"https:\/\/www.sakura-spa.ch\/massagen\/strong-muscle-rueckenmassage\/#primaryimage","url":"https:\/\/www.sakura-spa.ch\/wp-content\/uploads\/MASSAGE_Lomi_AdobeStock_31599380-scaled.jpeg","contentUrl":"https:\/\/www.sakura-spa.ch\/wp-content\/uploads\/MASSAGE_Lomi_AdobeStock_31599380-scaled.jpeg","width":2560,"height":1707,"caption":"Sakura Spa Strong Muscle R\u00fcckenmassage in St. Gallen"},{"@type":"BreadcrumbList","@id":"https:\/\/www.sakura-spa.ch\/massagen\/strong-muscle-rueckenmassage\/#breadcrumb","itemListElement":[{"@type":"ListItem","position":1,"name":"Startseite","item":"https:\/\/www.sakura-spa.ch\/"},{"@type":"ListItem","position":2,"name":"Massagen","item":"https:\/\/www.sakura-spa.ch\/massagen\/"},{"@type":"ListItem","position":3,"name":"Strong Muscle R\u00fcckenmassage"}]},{"@type":"WebSite","@id":"https:\/\/www.sakura-spa.ch\/#website","url":"https:\/\/www.sakura-spa.ch\/","name":"Spa Sakura \u00e0 Saint-Gall","description":"Cosm\u00e9tiques, Bien-\u00eatre et Massages","potentialAction":[{"@type":"SearchAction","target":{"@type":"EntryPoint","urlTemplate":"https:\/\/www.sakura-spa.ch\/?s={search_term_string}"},"query-input":{"@type":"PropertyValueSpecification","valueRequired":true,"valueName":"search_term_string"}}],"inLanguage":"fr-FR"}]}},"_links":{"self":[{"href":"https:\/\/www.sakura-spa.ch\/fr\/wp-json\/wp\/v2\/pages\/3675","targetHints":{"allow":["GET"]}}],"collection":[{"href":"https:\/\/www.sakura-spa.ch\/fr\/wp-json\/wp\/v2\/pages"}],"about":[{"href":"https:\/\/www.sakura-spa.ch\/fr\/wp-json\/wp\/v2\/types\/page"}],"author":[{"embeddable":true,"href":"https:\/\/www.sakura-spa.ch\/fr\/wp-json\/wp\/v2\/users\/1"}],"replies":[{"embeddable":true,"href":"https:\/\/www.sakura-spa.ch\/fr\/wp-json\/wp\/v2\/comments?post=3675"}],"version-history":[{"count":26,"href":"https:\/\/www.sakura-spa.ch\/fr\/wp-json\/wp\/v2\/pages\/3675\/revisions"}],"predecessor-version":[{"id":25668,"href":"https:\/\/www.sakura-spa.ch\/fr\/wp-json\/wp\/v2\/pages\/3675\/revisions\/25668"}],"up":[{"embeddable":true,"href":"https:\/\/www.sakura-spa.ch\/fr\/wp-json\/wp\/v2\/pages\/511"}],"wp:featuredmedia":[{"embeddable":true,"href":"https:\/\/www.sakura-spa.ch\/fr\/wp-json\/wp\/v2\/media\/6337"}],"wp:attachment":[{"href":"https:\/\/www.sakura-spa.ch\/fr\/wp-json\/wp\/v2\/media?parent=3675"}],"curies":[{"name":"wp","href":"https:\/\/api.w.org\/{rel}","templated":true}]}}