{"id":3789,"date":"2022-10-06T12:52:35","date_gmt":"2022-10-06T10:52:35","guid":{"rendered":"https:\/\/p5.seoway.de\/?page_id=3789"},"modified":"2025-04-07T13:11:26","modified_gmt":"2025-04-07T11:11:26","slug":"massage-du-dos-aux-pierres-de-lave-chaudes","status":"publish","type":"page","link":"https:\/\/www.sakura-spa.ch\/fr\/massages\/massage-du-dos-aux-pierres-de-lave-chaudes\/","title":{"rendered":"massage du dos aux pierres de lave chaudes"},"content":{"rendered":"<div data-elementor-type=\"wp-page\" data-elementor-id=\"3789\" class=\"elementor elementor-3789\" data-elementor-post-type=\"page\">\n\t\t\t\t\t\t<section class=\"elementor-section elementor-top-section elementor-element elementor-element-7cadfa14 elementor-section-full_width elementor-section-height-default elementor-section-height-default\" data-id=\"7cadfa14\" data-element_type=\"section\">\n\t\t\t\t\t\t<div class=\"elementor-container elementor-column-gap-no\">\n\t\t\t\t\t<div class=\"elementor-column elementor-col-100 elementor-top-column elementor-element elementor-element-24ad9956\" data-id=\"24ad9956\" data-element_type=\"column\">\n\t\t\t<div class=\"elementor-widget-wrap elementor-element-populated\">\n\t\t\t\t\t\t<div class=\"elementor-element elementor-element-272a63f7 elementor--h-position-left elementor--v-position-middle elementor-widget elementor-widget-slides\" data-id=\"272a63f7\" data-element_type=\"widget\" data-settings=\"{&quot;navigation&quot;:&quot;none&quot;,&quot;autoplay&quot;:&quot;yes&quot;,&quot;pause_on_hover&quot;:&quot;yes&quot;,&quot;pause_on_interaction&quot;:&quot;yes&quot;,&quot;autoplay_speed&quot;:5000,&quot;infinite&quot;:&quot;yes&quot;,&quot;transition&quot;:&quot;slide&quot;,&quot;transition_speed&quot;:500}\" data-widget_type=\"slides.default\">\n\t\t\t\t<div class=\"elementor-widget-container\">\n\t\t\t\t\t\t\t\t\t<div class=\"elementor-swiper\">\n\t\t\t\t\t<div class=\"elementor-slides-wrapper elementor-main-swiper swiper\" role=\"region\" aria-roledescription=\"carousel\" aria-label=\"diapositives\" dir=\"ltr\" data-animation=\"fadeInUp\">\n\t\t\t\t<div class=\"swiper-wrapper elementor-slides\">\n\t\t\t\t\t\t\t\t\t\t<div class=\"elementor-repeater-item-3e1ba6e swiper-slide\" role=\"group\" aria-roledescription=\"slide\"><div class=\"swiper-slide-bg elementor-ken-burns elementor-ken-burns--in\" role=\"img\"><\/div><div class=\"swiper-slide-inner\" ><div class=\"swiper-slide-contents\"><div class=\"elementor-slide-heading\">massage du dos aux pierres de lave chaudes<\/div><div class=\"elementor-slide-description\">Utiliser la chaleur pour combattre les tensions tenaces<\/div><a href=\"#elementor-action%3Aaction%3Dpopup%3Aopen%26settings%3DeyJpZCI6IjM1IiwidG9nZ2xlIjpmYWxzZX0%3D\" class=\"elementor-button elementor-slide-button elementor-size-md\">contact<\/a><\/div><\/div><\/div><div class=\"elementor-repeater-item-11679b6 swiper-slide\" role=\"group\" aria-roledescription=\"slide\"><div class=\"swiper-slide-bg elementor-ken-burns elementor-ken-burns--in\" role=\"img\"><\/div><div class=\"swiper-slide-inner\" ><div class=\"swiper-slide-contents\"><div class=\"elementor-slide-heading\">massage du dos aux pierres de lave chaudes<\/div><div class=\"elementor-slide-description\">R\u00e9g\u00e9n\u00e9rez-vous avec le pouvoir curatif des pierres chaudes<\/div><a href=\"#elementor-action%3Aaction%3Dpopup%3Aopen%26settings%3DeyJpZCI6IjM1IiwidG9nZ2xlIjpmYWxzZX0%3D\" class=\"elementor-button elementor-slide-button elementor-size-md\">contact<\/a><\/div><\/div><\/div>\t\t\t\t<\/div>\n\t\t\t\t\t\t\t\t\t\t\t\t\t\t\t\t\t\t\t\t\t<\/div>\n\t\t\t\t<\/div>\n\t\t\t\t\t\t\t\t<\/div>\n\t\t\t\t<\/div>\n\t\t\t\t\t<\/div>\n\t\t<\/div>\n\t\t\t\t\t<\/div>\n\t\t<\/section>\n\t\t\t\t<section class=\"elementor-section elementor-top-section elementor-element elementor-element-53f712c3 elementor-section-boxed elementor-section-height-default elementor-section-height-default\" data-id=\"53f712c3\" data-element_type=\"section\" data-settings=\"{&quot;background_background&quot;:&quot;classic&quot;}\">\n\t\t\t\t\t\t\t<div class=\"elementor-background-overlay\"><\/div>\n\t\t\t\t\t\t\t<div class=\"elementor-container elementor-column-gap-default\">\n\t\t\t\t\t<div class=\"elementor-column elementor-col-100 elementor-top-column elementor-element elementor-element-12af9689\" data-id=\"12af9689\" data-element_type=\"column\">\n\t\t\t<div class=\"elementor-widget-wrap elementor-element-populated\">\n\t\t\t\t\t\t<div class=\"elementor-element elementor-element-468a84b7 elementor-widget elementor-widget-global elementor-global-332 elementor-widget-breadcrumbs\" data-id=\"468a84b7\" data-element_type=\"widget\" data-widget_type=\"breadcrumbs.default\">\n\t\t\t\t<div class=\"elementor-widget-container\">\n\t\t\t\t\t<p id=\"breadcrumbs\"><span><span><a href=\"https:\/\/www.sakura-spa.ch\/fr\/\">page d&#039;accueil<\/a><\/span><\/span><\/p>\t\t\t\t<\/div>\n\t\t\t\t<\/div>\n\t\t\t\t\t<\/div>\n\t\t<\/div>\n\t\t\t\t\t<\/div>\n\t\t<\/section>\n\t\t\t\t<section class=\"elementor-section elementor-top-section elementor-element elementor-element-06811a5 elementor-section-boxed elementor-section-height-default elementor-section-height-default\" data-id=\"06811a5\" data-element_type=\"section\">\n\t\t\t\t\t\t<div class=\"elementor-container elementor-column-gap-default\">\n\t\t\t\t\t<div class=\"elementor-column elementor-col-100 elementor-top-column elementor-element elementor-element-33e6687\" data-id=\"33e6687\" data-element_type=\"column\">\n\t\t\t<div class=\"elementor-widget-wrap elementor-element-populated\">\n\t\t\t\t\t\t<div class=\"elementor-element elementor-element-c90083c elementor-widget elementor-widget-heading\" data-id=\"c90083c\" data-element_type=\"widget\" data-widget_type=\"heading.default\">\n\t\t\t\t<div class=\"elementor-widget-container\">\n\t\t\t\t\t<h1 class=\"elementor-heading-title elementor-size-default\">massage du dos aux pierres de lave chaudes<\/h1>\t\t\t\t<\/div>\n\t\t\t\t<\/div>\n\t\t\t\t\t<\/div>\n\t\t<\/div>\n\t\t\t\t\t<\/div>\n\t\t<\/section>\n\t\t\t\t<section class=\"elementor-section elementor-top-section elementor-element elementor-element-b944ed0 elementor-reverse-tablet elementor-reverse-mobile elementor-section-boxed elementor-section-height-default elementor-section-height-default\" data-id=\"b944ed0\" data-element_type=\"section\">\n\t\t\t\t\t\t<div class=\"elementor-container elementor-column-gap-default\">\n\t\t\t\t\t<div class=\"elementor-column elementor-col-50 elementor-top-column elementor-element elementor-element-8519369\" data-id=\"8519369\" data-element_type=\"column\">\n\t\t\t<div class=\"elementor-widget-wrap elementor-element-populated\">\n\t\t\t\t\t\t<div class=\"elementor-element elementor-element-d6461b1 elementor-widget elementor-widget-text-editor\" data-id=\"d6461b1\" data-element_type=\"widget\" data-widget_type=\"text-editor.default\">\n\t\t\t\t<div class=\"elementor-widget-container\">\n\t\t\t\t\t\t\t\t\t<p>Un massage du dos aux pierres chaudes fait des merveilles, notamment pour les tensions musculaires : la chaleur des pierres aide \u00e0 d\u00e9nouer les n\u0153uds et les douleurs dans les muscles et \u00e0 r\u00e9duire le stress. La chaleur d\u00e9tend les muscles tendus et vous apaise. Le m\u00e9tabolisme de la peau et des organes est stimul\u00e9, ce qui conduit \u00e0 un renforcement du syst\u00e8me immunitaire. Les pierres chaudes soutiennent le corps dans la d\u00e9toxification et stimulent la circulation sanguine et lymphatique. La chaleur apaisante procure une relaxation optimale pour le corps et l\u2019esprit.<\/p>\t\t\t\t\t\t\t\t<\/div>\n\t\t\t\t<\/div>\n\t\t\t\t<div class=\"elementor-element elementor-element-f810a41 elementor-widget elementor-widget-heading\" data-id=\"f810a41\" data-element_type=\"widget\" data-widget_type=\"heading.default\">\n\t\t\t\t<div class=\"elementor-widget-container\">\n\t\t\t\t\t<h2 class=\"elementor-heading-title elementor-size-default\">Un type particulier de traitement thermique<\/h2>\t\t\t\t<\/div>\n\t\t\t\t<\/div>\n\t\t\t\t<div class=\"elementor-element elementor-element-f42c935 elementor-widget elementor-widget-text-editor\" data-id=\"f42c935\" data-element_type=\"widget\" data-widget_type=\"text-editor.default\">\n\t\t\t\t<div class=\"elementor-widget-container\">\n\t\t\t\t\t\t\t\t\t<p>Le massage aux pierres chaudes existe depuis plus de deux mille ans et trouve ses origines dans les enseignements de sant\u00e9 chinois, hawa\u00efens et indiens. On croyait que les pierres avaient des pouvoirs de gu\u00e9rison sp\u00e9ciaux et elles \u00e9taient utilis\u00e9es pour traiter de nombreuses maladies. Exp\u00e9rimentez ce type particulier de traitement thermique au Sakura Spa et profitez d&#039;un massage relaxant bas\u00e9 sur le pouvoir primordial des pierres. La chaleur des pierres aide \u00e0 soulager les tensions et les douleurs musculaires et \u00e0 r\u00e9duire le stress. Le m\u00e9tabolisme de la peau et des organes est stimul\u00e9, ce qui conduit \u00e0 un renforcement du syst\u00e8me immunitaire. Les pierres chaudes soutiennent le corps dans la d\u00e9toxification et stimulent la circulation sanguine et lymphatique. La chaleur apaisante procure une relaxation optimale pour le corps et l\u2019esprit.<\/p>\t\t\t\t\t\t\t\t<\/div>\n\t\t\t\t<\/div>\n\t\t\t\t<div class=\"elementor-element elementor-element-1f3ebb8 elementor-widget elementor-widget-heading\" data-id=\"1f3ebb8\" data-element_type=\"widget\" data-widget_type=\"heading.default\">\n\t\t\t\t<div class=\"elementor-widget-container\">\n\t\t\t\t\t<h2 class=\"elementor-heading-title elementor-size-default\">Un dos d\u00e9tendu \u2013 aromath\u00e9rapie et pierres chaudes<\/h2>\t\t\t\t<\/div>\n\t\t\t\t<\/div>\n\t\t\t\t<div class=\"elementor-element elementor-element-a85ee8c elementor-widget elementor-widget-text-editor\" data-id=\"a85ee8c\" data-element_type=\"widget\" data-widget_type=\"text-editor.default\">\n\t\t\t\t<div class=\"elementor-widget-container\">\n\t\t\t\t\t\t\t\t\t<p>Profitez d&#039;avoir des pierres \u00e0 une temp\u00e9rature d&#039;environ 60 degr\u00e9s plac\u00e9es sur votre corps lors d&#039;un massage aux pierres chaudes au spa Sakura. Nous utilisons diff\u00e9rentes tailles, formes et poids de pierres. Non seulement les pierres sont appliqu\u00e9es, mais vous \u00eates \u00e9galement mass\u00e9 avec les pierres, tandis que vous \u00eates choy\u00e9 avec des huiles chaudes et un massage relaxant musculaire utilisant des techniques de massage classiques. La combinaison d&#039;un massage aromath\u00e9rapeutique classique et de la chaleur des pierres est \u00e9galement particuli\u00e8rement adapt\u00e9e pour r\u00e9cup\u00e9rer apr\u00e8s un entra\u00eenement ou un effort intensif, et le massage aux pierres chaudes peut \u00e9galement soulager les douleurs chroniques.<\/p>\t\t\t\t\t\t\t\t<\/div>\n\t\t\t\t<\/div>\n\t\t\t\t\t<\/div>\n\t\t<\/div>\n\t\t\t\t<div class=\"elementor-column elementor-col-50 elementor-top-column elementor-element elementor-element-fe48dc9\" data-id=\"fe48dc9\" data-element_type=\"column\">\n\t\t\t<div class=\"elementor-widget-wrap elementor-element-populated\">\n\t\t\t\t\t\t<div class=\"elementor-element elementor-element-140ab15 elementor-widget__width-auto elementor-widget elementor-widget-image\" data-id=\"140ab15\" data-element_type=\"widget\" data-widget_type=\"image.default\">\n\t\t\t\t<div class=\"elementor-widget-container\">\n\t\t\t\t\t\t\t\t\t\t\t\t\t\t\t<img fetchpriority=\"high\" decoding=\"async\" width=\"800\" height=\"534\" src=\"https:\/\/www.sakura-spa.ch\/wp-content\/uploads\/MASSAGE-HOT-STONES_AdobeStock_106878141-1024x683.jpeg\" class=\"attachment-large size-large wp-image-8327\" alt=\"Massage du dos aux pierres de lave chaudes Sakura Spa \u00e0 Saint-Gall\" srcset=\"https:\/\/www.sakura-spa.ch\/wp-content\/uploads\/MASSAGE-HOT-STONES_AdobeStock_106878141-1024x683.jpeg 1024w, https:\/\/www.sakura-spa.ch\/wp-content\/uploads\/MASSAGE-HOT-STONES_AdobeStock_106878141-300x200.jpeg 300w, https:\/\/www.sakura-spa.ch\/wp-content\/uploads\/MASSAGE-HOT-STONES_AdobeStock_106878141-768x512.jpeg 768w, https:\/\/www.sakura-spa.ch\/wp-content\/uploads\/MASSAGE-HOT-STONES_AdobeStock_106878141-1536x1024.jpeg 1536w, https:\/\/www.sakura-spa.ch\/wp-content\/uploads\/MASSAGE-HOT-STONES_AdobeStock_106878141-2048x1365.jpeg 2048w\" sizes=\"(max-width: 800px) 100vw, 800px\" \/>\t\t\t\t\t\t\t\t\t\t\t\t\t\t\t<\/div>\n\t\t\t\t<\/div>\n\t\t\t\t<div class=\"elementor-element elementor-element-bff0bb8 elementor-align-center elementor-icon-list--layout-traditional elementor-list-item-link-full_width elementor-widget elementor-widget-global elementor-global-3357 elementor-widget-icon-list\" data-id=\"bff0bb8\" data-element_type=\"widget\" data-widget_type=\"icon-list.default\">\n\t\t\t\t<div class=\"elementor-widget-container\">\n\t\t\t\t\t\t\t<ul class=\"elementor-icon-list-items\">\n\t\t\t\t\t\t\t<li class=\"elementor-icon-list-item\">\n\t\t\t\t\t\t\t\t\t\t<span class=\"elementor-icon-list-text\">40 min. \u2013 85.-<\/span>\n\t\t\t\t\t\t\t\t\t<\/li>\n\t\t\t\t\t\t\t\t<li class=\"elementor-icon-list-item\">\n\t\t\t\t\t\t\t\t\t\t\t<a href=\"https:\/\/shop.tac.eu.com\/Sakura\/shop\/vouchers\/template\/536\/?\">\n\n\t\t\t\t\t\t\t\t\t\t\t<span class=\"elementor-icon-list-text\">Acheter un bon d&#039;achat<\/span>\n\t\t\t\t\t\t\t\t\t\t\t<\/a>\n\t\t\t\t\t\t\t\t\t<\/li>\n\t\t\t\t\t\t<\/ul>\n\t\t\t\t\t\t<\/div>\n\t\t\t\t<\/div>\n\t\t\t\t<div class=\"elementor-element elementor-element-10f36fb elementor-widget__width-auto elementor-widget elementor-widget-image\" data-id=\"10f36fb\" data-element_type=\"widget\" data-widget_type=\"image.default\">\n\t\t\t\t<div class=\"elementor-widget-container\">\n\t\t\t\t\t\t\t\t\t\t\t\t\t\t\t<img decoding=\"async\" width=\"800\" height=\"534\" src=\"https:\/\/www.sakura-spa.ch\/wp-content\/uploads\/hot-stone-massage-01-1024x683.jpg\" class=\"attachment-large size-large wp-image-5540\" alt=\"\" srcset=\"https:\/\/www.sakura-spa.ch\/wp-content\/uploads\/hot-stone-massage-01-1024x683.jpg 1024w, https:\/\/www.sakura-spa.ch\/wp-content\/uploads\/hot-stone-massage-01-300x200.jpg 300w, https:\/\/www.sakura-spa.ch\/wp-content\/uploads\/hot-stone-massage-01-768x512.jpg 768w, https:\/\/www.sakura-spa.ch\/wp-content\/uploads\/hot-stone-massage-01-1536x1024.jpg 1536w, https:\/\/www.sakura-spa.ch\/wp-content\/uploads\/hot-stone-massage-01-2048x1365.jpg 2048w\" sizes=\"(max-width: 800px) 100vw, 800px\" \/>\t\t\t\t\t\t\t\t\t\t\t\t\t\t\t<\/div>\n\t\t\t\t<\/div>\n\t\t\t\t\t<\/div>\n\t\t<\/div>\n\t\t\t\t\t<\/div>\n\t\t<\/section>\n\t\t\t\t<\/div>","protected":false},"excerpt":{"rendered":"<p>Hot Lava Stone R\u00fcckenmassageMit W\u00e4rme gegen hartn\u00e4ckige VerspannungenKontakt aufnehmenHot Lava Stone R\u00fcckenmassageMit der Heilkraft warmer Steine regenerierenKontakt aufnehmen Hot Lava Stone R\u00fcckenmassage Gerade bei Muskelverspannungen bewirkt eine Hot Stone R\u00fcckenmassage kleine Wunder: Die W\u00e4rme der Steine hilft Verknotungen und Schmerzen in den Muskeln zu l\u00f6sen und Stress zu reduzieren. Die W\u00e4rme l\u00f6st die verkrampfte Muskulatur [&hellip;]<\/p>\n","protected":false},"author":1,"featured_media":604,"parent":511,"menu_order":0,"comment_status":"closed","ping_status":"closed","template":"","meta":{"footnotes":""},"class_list":["post-3789","page","type-page","status-publish","has-post-thumbnail","hentry"],"yoast_head":"<!-- This site is optimized with the Yoast SEO plugin v25.2 - https:\/\/yoast.com\/wordpress\/plugins\/seo\/ -->\n<title>Hot Lava Stone R\u00fcckenmassage in St. Gallen - Sakura Spa<\/title>\n<meta name=\"description\" content=\"Hot Lava Stone R\u00fcckenmassage \u261d gegen hartn\u00e4ckige Verspannungen \u2764 Aromatherapie \u200b\u2764 heisse Steine \u27bd Jetzt Termin buchen\" \/>\n<meta name=\"robots\" content=\"index, follow, max-snippet:-1, max-image-preview:large, max-video-preview:-1\" \/>\n<link rel=\"canonical\" href=\"https:\/\/www.sakura-spa.ch\/fr\/massages\/massage-du-dos-aux-pierres-de-lave-chaudes\/\" \/>\n<meta property=\"og:locale\" content=\"fr_FR\" \/>\n<meta property=\"og:type\" content=\"article\" \/>\n<meta property=\"og:title\" content=\"Hot Lava Stone R\u00fcckenmassage in St. Gallen - Sakura Spa\" \/>\n<meta property=\"og:description\" content=\"Hot Lava Stone R\u00fcckenmassage \u261d gegen hartn\u00e4ckige Verspannungen \u2764 Aromatherapie \u200b\u2764 heisse Steine \u27bd Jetzt Termin buchen\" \/>\n<meta property=\"og:url\" content=\"https:\/\/www.sakura-spa.ch\/fr\/massages\/massage-du-dos-aux-pierres-de-lave-chaudes\/\" \/>\n<meta property=\"og:site_name\" content=\"Sakura Spa in St. Gallen\" \/>\n<meta property=\"article:modified_time\" content=\"2025-04-07T11:11:26+00:00\" \/>\n<meta property=\"og:image\" content=\"https:\/\/www.sakura-spa.ch\/wp-content\/uploads\/duomassage-2.jpg\" \/>\n\t<meta property=\"og:image:width\" content=\"1254\" \/>\n\t<meta property=\"og:image:height\" content=\"836\" \/>\n\t<meta property=\"og:image:type\" content=\"image\/jpeg\" \/>\n<meta name=\"twitter:card\" content=\"summary_large_image\" \/>\n<script type=\"application\/ld+json\" class=\"yoast-schema-graph\">{\"@context\":\"https:\/\/schema.org\",\"@graph\":[{\"@type\":\"WebPage\",\"@id\":\"https:\/\/www.sakura-spa.ch\/massagen\/hot-lava-stone-rueckenmassage\/\",\"url\":\"https:\/\/www.sakura-spa.ch\/massagen\/hot-lava-stone-rueckenmassage\/\",\"name\":\"Hot Lava Stone R\u00fcckenmassage in St. Gallen - Sakura Spa\",\"isPartOf\":{\"@id\":\"https:\/\/www.sakura-spa.ch\/#website\"},\"primaryImageOfPage\":{\"@id\":\"https:\/\/www.sakura-spa.ch\/massagen\/hot-lava-stone-rueckenmassage\/#primaryimage\"},\"image\":{\"@id\":\"https:\/\/www.sakura-spa.ch\/massagen\/hot-lava-stone-rueckenmassage\/#primaryimage\"},\"thumbnailUrl\":\"https:\/\/www.sakura-spa.ch\/wp-content\/uploads\/duomassage-2.jpg\",\"datePublished\":\"2022-10-06T10:52:35+00:00\",\"dateModified\":\"2025-04-07T11:11:26+00:00\",\"description\":\"Hot Lava Stone R\u00fcckenmassage \u261d gegen hartn\u00e4ckige Verspannungen \u2764 Aromatherapie \u200b\u2764 heisse Steine \u27bd Jetzt Termin buchen\",\"breadcrumb\":{\"@id\":\"https:\/\/www.sakura-spa.ch\/massagen\/hot-lava-stone-rueckenmassage\/#breadcrumb\"},\"inLanguage\":\"fr-FR\",\"potentialAction\":[{\"@type\":\"ReadAction\",\"target\":[\"https:\/\/www.sakura-spa.ch\/massagen\/hot-lava-stone-rueckenmassage\/\"]}]},{\"@type\":\"ImageObject\",\"inLanguage\":\"fr-FR\",\"@id\":\"https:\/\/www.sakura-spa.ch\/massagen\/hot-lava-stone-rueckenmassage\/#primaryimage\",\"url\":\"https:\/\/www.sakura-spa.ch\/wp-content\/uploads\/duomassage-2.jpg\",\"contentUrl\":\"https:\/\/www.sakura-spa.ch\/wp-content\/uploads\/duomassage-2.jpg\",\"width\":1254,\"height\":836,\"caption\":\"Hot Stone Lava Massage\"},{\"@type\":\"BreadcrumbList\",\"@id\":\"https:\/\/www.sakura-spa.ch\/massagen\/hot-lava-stone-rueckenmassage\/#breadcrumb\",\"itemListElement\":[{\"@type\":\"ListItem\",\"position\":1,\"name\":\"Startseite\",\"item\":\"https:\/\/www.sakura-spa.ch\/\"},{\"@type\":\"ListItem\",\"position\":2,\"name\":\"Massagen\",\"item\":\"https:\/\/www.sakura-spa.ch\/massagen\/\"},{\"@type\":\"ListItem\",\"position\":3,\"name\":\"Hot Lava Stone R\u00fcckenmassage\"}]},{\"@type\":\"WebSite\",\"@id\":\"https:\/\/www.sakura-spa.ch\/#website\",\"url\":\"https:\/\/www.sakura-spa.ch\/\",\"name\":\"Sakura Spa in St. Gallen\",\"description\":\"Kosmetik, Wellness und Massage\",\"potentialAction\":[{\"@type\":\"SearchAction\",\"target\":{\"@type\":\"EntryPoint\",\"urlTemplate\":\"https:\/\/www.sakura-spa.ch\/?s={search_term_string}\"},\"query-input\":{\"@type\":\"PropertyValueSpecification\",\"valueRequired\":true,\"valueName\":\"search_term_string\"}}],\"inLanguage\":\"fr-FR\"}]}<\/script>\n<!-- \/ Yoast SEO plugin. -->","yoast_head_json":{"title":"Massage du dos aux pierres de lave chaudes \u00e0 Saint-Gall - Sakura Spa","description":"Massage du dos aux pierres de lave chaudes \u261d contre les tensions tenaces \u2764 aromath\u00e9rapie \u200b\u2764 pierres chaudes \u27bd Prenez rendez-vous d\u00e8s maintenant","robots":{"index":"index","follow":"follow","max-snippet":"max-snippet:-1","max-image-preview":"max-image-preview:large","max-video-preview":"max-video-preview:-1"},"canonical":"https:\/\/www.sakura-spa.ch\/fr\/massages\/massage-du-dos-aux-pierres-de-lave-chaudes\/","og_locale":"fr_FR","og_type":"article","og_title":"Hot Lava Stone R\u00fcckenmassage in St. Gallen - Sakura Spa","og_description":"Hot Lava Stone R\u00fcckenmassage \u261d gegen hartn\u00e4ckige Verspannungen \u2764 Aromatherapie \u200b\u2764 heisse Steine \u27bd Jetzt Termin buchen","og_url":"https:\/\/www.sakura-spa.ch\/fr\/massages\/massage-du-dos-aux-pierres-de-lave-chaudes\/","og_site_name":"Sakura Spa in St. Gallen","article_modified_time":"2025-04-07T11:11:26+00:00","og_image":[{"width":1254,"height":836,"url":"https:\/\/www.sakura-spa.ch\/wp-content\/uploads\/duomassage-2.jpg","type":"image\/jpeg"}],"twitter_card":"summary_large_image","schema":{"@context":"https:\/\/schema.org","@graph":[{"@type":"WebPage","@id":"https:\/\/www.sakura-spa.ch\/massagen\/hot-lava-stone-rueckenmassage\/","url":"https:\/\/www.sakura-spa.ch\/massagen\/hot-lava-stone-rueckenmassage\/","name":"Massage du dos aux pierres de lave chaudes \u00e0 Saint-Gall - Sakura Spa","isPartOf":{"@id":"https:\/\/www.sakura-spa.ch\/#website"},"primaryImageOfPage":{"@id":"https:\/\/www.sakura-spa.ch\/massagen\/hot-lava-stone-rueckenmassage\/#primaryimage"},"image":{"@id":"https:\/\/www.sakura-spa.ch\/massagen\/hot-lava-stone-rueckenmassage\/#primaryimage"},"thumbnailUrl":"https:\/\/www.sakura-spa.ch\/wp-content\/uploads\/duomassage-2.jpg","datePublished":"2022-10-06T10:52:35+00:00","dateModified":"2025-04-07T11:11:26+00:00","description":"Massage du dos aux pierres de lave chaudes \u261d contre les tensions tenaces \u2764 aromath\u00e9rapie \u200b\u2764 pierres chaudes \u27bd Prenez rendez-vous d\u00e8s maintenant","breadcrumb":{"@id":"https:\/\/www.sakura-spa.ch\/massagen\/hot-lava-stone-rueckenmassage\/#breadcrumb"},"inLanguage":"fr-FR","potentialAction":[{"@type":"ReadAction","target":["https:\/\/www.sakura-spa.ch\/massagen\/hot-lava-stone-rueckenmassage\/"]}]},{"@type":"ImageObject","inLanguage":"fr-FR","@id":"https:\/\/www.sakura-spa.ch\/massagen\/hot-lava-stone-rueckenmassage\/#primaryimage","url":"https:\/\/www.sakura-spa.ch\/wp-content\/uploads\/duomassage-2.jpg","contentUrl":"https:\/\/www.sakura-spa.ch\/wp-content\/uploads\/duomassage-2.jpg","width":1254,"height":836,"caption":"Hot Stone Lava Massage"},{"@type":"BreadcrumbList","@id":"https:\/\/www.sakura-spa.ch\/massagen\/hot-lava-stone-rueckenmassage\/#breadcrumb","itemListElement":[{"@type":"ListItem","position":1,"name":"Startseite","item":"https:\/\/www.sakura-spa.ch\/"},{"@type":"ListItem","position":2,"name":"Massagen","item":"https:\/\/www.sakura-spa.ch\/massagen\/"},{"@type":"ListItem","position":3,"name":"Hot Lava Stone R\u00fcckenmassage"}]},{"@type":"WebSite","@id":"https:\/\/www.sakura-spa.ch\/#website","url":"https:\/\/www.sakura-spa.ch\/","name":"Spa Sakura \u00e0 Saint-Gall","description":"Cosm\u00e9tiques, Bien-\u00eatre et Massages","potentialAction":[{"@type":"SearchAction","target":{"@type":"EntryPoint","urlTemplate":"https:\/\/www.sakura-spa.ch\/?s={search_term_string}"},"query-input":{"@type":"PropertyValueSpecification","valueRequired":true,"valueName":"search_term_string"}}],"inLanguage":"fr-FR"}]}},"_links":{"self":[{"href":"https:\/\/www.sakura-spa.ch\/fr\/wp-json\/wp\/v2\/pages\/3789","targetHints":{"allow":["GET"]}}],"collection":[{"href":"https:\/\/www.sakura-spa.ch\/fr\/wp-json\/wp\/v2\/pages"}],"about":[{"href":"https:\/\/www.sakura-spa.ch\/fr\/wp-json\/wp\/v2\/types\/page"}],"author":[{"embeddable":true,"href":"https:\/\/www.sakura-spa.ch\/fr\/wp-json\/wp\/v2\/users\/1"}],"replies":[{"embeddable":true,"href":"https:\/\/www.sakura-spa.ch\/fr\/wp-json\/wp\/v2\/comments?post=3789"}],"version-history":[{"count":53,"href":"https:\/\/www.sakura-spa.ch\/fr\/wp-json\/wp\/v2\/pages\/3789\/revisions"}],"predecessor-version":[{"id":15638,"href":"https:\/\/www.sakura-spa.ch\/fr\/wp-json\/wp\/v2\/pages\/3789\/revisions\/15638"}],"up":[{"embeddable":true,"href":"https:\/\/www.sakura-spa.ch\/fr\/wp-json\/wp\/v2\/pages\/511"}],"wp:featuredmedia":[{"embeddable":true,"href":"https:\/\/www.sakura-spa.ch\/fr\/wp-json\/wp\/v2\/media\/604"}],"wp:attachment":[{"href":"https:\/\/www.sakura-spa.ch\/fr\/wp-json\/wp\/v2\/media?parent=3789"}],"curies":[{"name":"wp","href":"https:\/\/api.w.org\/{rel}","templated":true}]}}