{"id":44,"date":"2022-07-12T10:32:25","date_gmt":"2022-07-12T08:32:25","guid":{"rendered":"https:\/\/p5.seoway.de\/kontakt\/"},"modified":"2026-04-11T21:16:29","modified_gmt":"2026-04-11T19:16:29","slug":"contact","status":"publish","type":"page","link":"https:\/\/www.sakura-spa.ch\/fr\/contact\/","title":{"rendered":"contact"},"content":{"rendered":"\t\t<div data-elementor-type=\"wp-page\" data-elementor-id=\"44\" class=\"elementor elementor-44\" data-elementor-post-type=\"page\">\n\t\t\t\t\t\t<section class=\"elementor-section elementor-top-section elementor-element elementor-element-60f88429 elementor-section-full_width elementor-section-height-default elementor-section-height-default\" data-id=\"60f88429\" data-element_type=\"section\">\n\t\t\t\t\t\t<div class=\"elementor-container elementor-column-gap-no\">\n\t\t\t\t\t<div class=\"elementor-column elementor-col-100 elementor-top-column elementor-element elementor-element-f970e63\" data-id=\"f970e63\" data-element_type=\"column\">\n\t\t\t<div class=\"elementor-widget-wrap elementor-element-populated\">\n\t\t\t\t\t\t<div class=\"elementor-element elementor-element-753ae2 elementor--h-position-left elementor--v-position-middle elementor-widget elementor-widget-slides\" data-id=\"753ae2\" data-element_type=\"widget\" data-settings=\"{&quot;navigation&quot;:&quot;none&quot;,&quot;autoplay&quot;:&quot;yes&quot;,&quot;pause_on_hover&quot;:&quot;yes&quot;,&quot;pause_on_interaction&quot;:&quot;yes&quot;,&quot;autoplay_speed&quot;:5000,&quot;infinite&quot;:&quot;yes&quot;,&quot;transition&quot;:&quot;slide&quot;,&quot;transition_speed&quot;:500}\" data-widget_type=\"slides.default\">\n\t\t\t\t<div class=\"elementor-widget-container\">\n\t\t\t\t\t\t\t\t\t<div class=\"elementor-swiper\">\n\t\t\t\t\t<div class=\"elementor-slides-wrapper elementor-main-swiper swiper\" role=\"region\" aria-roledescription=\"carousel\" aria-label=\"Slider\" dir=\"ltr\" data-animation=\"fadeInUp\">\n\t\t\t\t<div class=\"swiper-wrapper elementor-slides\">\n\t\t\t\t\t\t\t\t\t\t<div class=\"elementor-repeater-item-3e1ba6e swiper-slide\" role=\"group\" aria-roledescription=\"slide\"><div class=\"swiper-slide-bg elementor-ken-burns elementor-ken-burns--in\" role=\"img\"><\/div><div class=\"swiper-slide-inner\" ><div class=\"swiper-slide-contents\"><div class=\"elementor-slide-heading\">Kontakt<\/div><\/div><\/div><\/div>\t\t\t\t<\/div>\n\t\t\t\t\t\t\t<\/div>\n\t\t\t\t<\/div>\n\t\t\t\t\t\t\t\t<\/div>\n\t\t\t\t<\/div>\n\t\t\t\t\t<\/div>\n\t\t<\/div>\n\t\t\t\t\t<\/div>\n\t\t<\/section>\n\t\t\t\t<section class=\"elementor-section elementor-top-section elementor-element elementor-element-21eee46b elementor-section-boxed elementor-section-height-default elementor-section-height-default\" data-id=\"21eee46b\" data-element_type=\"section\" data-settings=\"{&quot;background_background&quot;:&quot;classic&quot;}\">\n\t\t\t\t\t\t\t<div class=\"elementor-background-overlay\"><\/div>\n\t\t\t\t\t\t\t<div class=\"elementor-container elementor-column-gap-default\">\n\t\t\t\t\t<div class=\"elementor-column elementor-col-100 elementor-top-column elementor-element elementor-element-5b614786\" data-id=\"5b614786\" data-element_type=\"column\">\n\t\t\t<div class=\"elementor-widget-wrap elementor-element-populated\">\n\t\t\t\t\t\t<div class=\"elementor-element elementor-element-c752cc7 elementor-widget elementor-widget-global elementor-global-332 elementor-widget-breadcrumbs\" data-id=\"c752cc7\" data-element_type=\"widget\" data-widget_type=\"breadcrumbs.default\">\n\t\t\t\t<div class=\"elementor-widget-container\">\n\t\t\t\t\t<p id=\"breadcrumbs\"><span><span><a href=\"https:\/\/www.sakura-spa.ch\/\">Startseite<\/a><\/span><\/span><\/p>\t\t\t\t<\/div>\n\t\t\t\t<\/div>\n\t\t\t\t\t<\/div>\n\t\t<\/div>\n\t\t\t\t\t<\/div>\n\t\t<\/section>\n\t\t\t\t<section class=\"elementor-section elementor-top-section elementor-element elementor-element-35e669cc elementor-section-boxed elementor-section-height-default elementor-section-height-default\" data-id=\"35e669cc\" data-element_type=\"section\">\n\t\t\t\t\t\t<div class=\"elementor-container elementor-column-gap-default\">\n\t\t\t\t\t<div class=\"elementor-column elementor-col-100 elementor-top-column elementor-element elementor-element-2c709054\" data-id=\"2c709054\" data-element_type=\"column\">\n\t\t\t<div class=\"elementor-widget-wrap elementor-element-populated\">\n\t\t\t\t\t\t<div class=\"elementor-element elementor-element-73dd0976 elementor-widget elementor-widget-heading\" data-id=\"73dd0976\" data-element_type=\"widget\" data-widget_type=\"heading.default\">\n\t\t\t\t<div class=\"elementor-widget-container\">\n\t\t\t\t\t<h2 class=\"elementor-heading-title elementor-size-default\">Wir freuen uns \u00fcber Ihre Kontaktanfrage<\/h2>\t\t\t\t<\/div>\n\t\t\t\t<\/div>\n\t\t\t\t<div class=\"elementor-element elementor-element-db40be0 elementor-widget elementor-widget-text-editor\" data-id=\"db40be0\" data-element_type=\"widget\" data-widget_type=\"text-editor.default\">\n\t\t\t\t<div class=\"elementor-widget-container\">\n\t\t\t\t\t\t\t\t\t<p>Schreiben Sie uns ein E-Mail \u00fcber untenstehendes Formular f\u00fcr Ihre Terminanfrage oder rufen Sie uns direkt an: +41 71 280 05 81. Wir beraten Sie gerne.<\/p>\t\t\t\t\t\t\t\t<\/div>\n\t\t\t\t<\/div>\n\t\t\t\t\t<\/div>\n\t\t<\/div>\n\t\t\t\t\t<\/div>\n\t\t<\/section>\n\t\t\t\t<section class=\"elementor-section elementor-top-section elementor-element elementor-element-3b0b7d34 elementor-section-boxed elementor-section-height-default elementor-section-height-default\" data-id=\"3b0b7d34\" data-element_type=\"section\">\n\t\t\t\t\t\t<div class=\"elementor-container elementor-column-gap-default\">\n\t\t\t\t\t<div class=\"elementor-column elementor-col-50 elementor-top-column elementor-element elementor-element-28a03d46\" data-id=\"28a03d46\" data-element_type=\"column\">\n\t\t\t<div class=\"elementor-widget-wrap elementor-element-populated\">\n\t\t\t\t\t\t<div class=\"elementor-element elementor-element-15cf7f8 elementor-widget elementor-widget-text-editor\" data-id=\"15cf7f8\" data-element_type=\"widget\" data-widget_type=\"text-editor.default\">\n\t\t\t\t<div class=\"elementor-widget-container\">\n\t\t\t\t\t\t\t\t\t<p>Wir freuen uns \u00fcber Ihre Kontaktanfrage<\/p>\t\t\t\t\t\t\t\t<\/div>\n\t\t\t\t<\/div>\n\t\t\t\t<div class=\"elementor-element elementor-element-8b52449 elementor-widget elementor-widget-text-editor\" data-id=\"8b52449\" data-element_type=\"widget\" data-widget_type=\"text-editor.default\">\n\t\t\t\t<div class=\"elementor-widget-container\">\n\t\t\t\t\t\t\t\t\t<p>Schreiben Sie uns ein E-Mail \u00fcber untenstehendes Formular f\u00fcr Ihre Terminanfrage oder rufen Sie uns direkt an: +41 71 280 05 81. Wir beraten Sie gerne.<\/p>\t\t\t\t\t\t\t\t<\/div>\n\t\t\t\t<\/div>\n\t\t\t\t<div class=\"elementor-element elementor-element-784419c elementor-button-align-stretch elementor-widget elementor-widget-global elementor-global-5126 elementor-widget-form\" data-id=\"784419c\" data-element_type=\"widget\" data-settings=\"{&quot;step_next_label&quot;:&quot;N\\u00e4chster&quot;,&quot;step_previous_label&quot;:&quot;Voriger&quot;,&quot;step_type&quot;:&quot;none&quot;,&quot;button_width&quot;:&quot;100&quot;,&quot;step_icon_shape&quot;:&quot;circle&quot;}\" data-widget_type=\"form.default\">\n\t\t\t\t<div class=\"elementor-widget-container\">\n\t\t\t\t\t\t\t<form class=\"elementor-form\" method=\"post\" id=\"Anfrage\" name=\"Kontakt\">\n\t\t\t<input type=\"hidden\" name=\"post_id\" value=\"44\"\/>\n\t\t\t<input type=\"hidden\" name=\"form_id\" value=\"784419c\"\/>\n\t\t\t<input type=\"hidden\" name=\"referer_title\" value=\"Sakura Spa in St. Gallen\" \/>\n\n\t\t\t\n\t\t\t<div class=\"elementor-form-fields-wrapper elementor-labels-\">\n\t\t\t\t\t\t\t\t<div class=\"elementor-field-type-text elementor-field-group elementor-column elementor-field-group-name elementor-col-100 elementor-field-required\">\n\t\t\t\t\t\t\t\t\t\t\t\t<label for=\"form-field-name\" class=\"elementor-field-label elementor-screen-only\">\n\t\t\t\t\t\t\t\tVor- und Nachname*\t\t\t\t\t\t\t<\/label>\n\t\t\t\t\t\t\t\t\t\t\t\t\t\t<input size=\"1\" type=\"text\" name=\"form_fields[name]\" id=\"form-field-name\" class=\"elementor-field elementor-size-sm  elementor-field-textual\" placeholder=\"Vorname u. Nachname*\" required=\"required\">\n\t\t\t\t\t\t\t\t\t\t\t<\/div>\n\t\t\t\t\t\t\t\t<div class=\"elementor-field-type-text\">\n\t\t\t\t\t<input size=\"1\" type=\"text\" name=\"form_fields[Nachname]\" id=\"form-field-Nachname\" class=\"elementor-field elementor-size-sm \" style=\"display:none !important;\">\t\t\t\t<\/div>\n\t\t\t\t\t\t\t\t<div class=\"elementor-field-type-tel elementor-field-group elementor-column elementor-field-group-telefon elementor-col-100 elementor-field-required\">\n\t\t\t\t\t\t\t\t\t\t\t\t<label for=\"form-field-telefon\" class=\"elementor-field-label elementor-screen-only\">\n\t\t\t\t\t\t\t\tTelefon\t\t\t\t\t\t\t<\/label>\n\t\t\t\t\t\t\t\t<input size=\"1\" type=\"tel\" name=\"form_fields[telefon]\" id=\"form-field-telefon\" class=\"elementor-field elementor-size-sm  elementor-field-textual\" placeholder=\"Telefon*\" required=\"required\" pattern=\"[0-9()#&amp;+*-=.]+\" title=\"Seuls les caract\u00e8res de num\u00e9ros de t\u00e9l\u00e9phone (#, -, *, etc.) sont accept\u00e9s.\">\n\n\t\t\t\t\t\t<\/div>\n\t\t\t\t\t\t\t\t<div class=\"elementor-field-type-text\">\n\t\t\t\t\t<input size=\"1\" type=\"text\" name=\"form_fields[field_c01bd0a]\" id=\"form-field-field_c01bd0a\" class=\"elementor-field elementor-size-sm \" style=\"display:none !important;\">\t\t\t\t<\/div>\n\t\t\t\t\t\t\t\t<div class=\"elementor-field-type-email elementor-field-group elementor-column elementor-field-group-email elementor-col-100 elementor-field-required\">\n\t\t\t\t\t\t\t\t\t\t\t\t<label for=\"form-field-email\" class=\"elementor-field-label elementor-screen-only\">\n\t\t\t\t\t\t\t\tE-Mail\t\t\t\t\t\t\t<\/label>\n\t\t\t\t\t\t\t\t\t\t\t\t\t\t<input size=\"1\" type=\"email\" name=\"form_fields[email]\" id=\"form-field-email\" class=\"elementor-field elementor-size-sm  elementor-field-textual\" placeholder=\"E-Mail*\" required=\"required\">\n\t\t\t\t\t\t\t\t\t\t\t<\/div>\n\t\t\t\t\t\t\t\t<div class=\"elementor-field-type-text elementor-field-group elementor-column elementor-field-group-adresse elementor-col-100\">\n\t\t\t\t\t\t\t\t\t\t\t\t<label for=\"form-field-adresse\" class=\"elementor-field-label elementor-screen-only\">\n\t\t\t\t\t\t\t\tAdresse\t\t\t\t\t\t\t<\/label>\n\t\t\t\t\t\t\t\t\t\t\t\t\t\t<input size=\"1\" type=\"text\" name=\"form_fields[adresse]\" id=\"form-field-adresse\" class=\"elementor-field elementor-size-sm  elementor-field-textual\" placeholder=\"Adresse\">\n\t\t\t\t\t\t\t\t\t\t\t<\/div>\n\t\t\t\t\t\t\t\t<div class=\"elementor-field-type-text\">\n\t\t\t\t\t<input size=\"1\" type=\"text\" name=\"form_fields[betreff]\" id=\"form-field-betreff\" class=\"elementor-field elementor-size-sm \" style=\"display:none !important;\">\t\t\t\t<\/div>\n\t\t\t\t\t\t\t\t<div class=\"elementor-field-type-textarea elementor-field-group elementor-column elementor-field-group-nachricht elementor-col-100 elementor-field-required\">\n\t\t\t\t\t\t\t\t\t\t\t\t<label for=\"form-field-nachricht\" class=\"elementor-field-label elementor-screen-only\">\n\t\t\t\t\t\t\t\tNachricht\t\t\t\t\t\t\t<\/label>\n\t\t\t\t\t\t<textarea class=\"elementor-field-textual elementor-field  elementor-size-sm\" name=\"form_fields[nachricht]\" id=\"form-field-nachricht\" rows=\"4\" placeholder=\"Nachricht*\" required=\"required\"><\/textarea>\t\t\t\t<\/div>\n\t\t\t\t\t\t\t\t<div class=\"elementor-field-type-select elementor-field-group elementor-column elementor-field-group-wunschbehandlung elementor-col-100 elementor-field-type-select-multiple\">\n\t\t\t\t\t\t\t\t\t\t\t\t<label for=\"form-field-wunschbehandlung\" class=\"elementor-field-label elementor-screen-only\">\n\t\t\t\t\t\t\t\tIhre Wunschbehandlung\t\t\t\t\t\t\t<\/label>\n\t\t\t\t\t\t\t\t<div class=\"elementor-field elementor-select-wrapper remove-before \">\n\t\t\t<div class=\"select-caret-down-wrapper\">\n\t\t\t\t\t\t\t<\/div>\n\t\t\t<select name=\"form_fields[wunschbehandlung][]\" id=\"form-field-wunschbehandlung\" class=\"elementor-field-textual elementor-size-sm\" multiple=\"\">\n\t\t\t\t\t\t\t\t\t<option value=\"Manicure &amp; Pedicure\">Manicure &amp; Pedicure<\/option>\n\t\t\t\t\t\t\t\t\t<option value=\"Footlounge-Auszeiten\">Footlounge-Auszeiten<\/option>\n\t\t\t\t\t\t\t\t\t<option value=\"Massagen &amp; EMR-Therapien\">Massagen &amp; EMR-Therapien<\/option>\n\t\t\t\t\t\t\t\t\t<option value=\"Paarmassagen &amp; Zeit zu zweit\">Paarmassagen &amp; Zeit zu zweit<\/option>\n\t\t\t\t\t\t\t\t\t<option value=\"Wimpern- &amp; Brauen-Styling\">Wimpern- &amp; Brauen-Styling<\/option>\n\t\t\t\t\t\t\t\t\t<option value=\"Kosmetik &amp; Gesichtsbehandlungen\">Kosmetik &amp; Gesichtsbehandlungen<\/option>\n\t\t\t\t\t\t\t\t\t<option value=\"Spa-Rituale &amp; Beauty Packages\">Spa-Rituale &amp; Beauty Packages<\/option>\n\t\t\t\t\t\t\t\t\t<option value=\"Events (Freundinnentag \/ JGA)\">Events (Freundinnentag \/ JGA)<\/option>\n\t\t\t\t\t\t\t\t\t<option value=\"F\u00fcr Schwangere (Pre- &amp; Postnatal)\">F\u00fcr Schwangere (Pre- &amp; Postnatal)<\/option>\n\t\t\t\t\t\t\t\t\t<option value=\"Saison-Specials &amp; Highlights\">Saison-Specials &amp; Highlights<\/option>\n\t\t\t\t\t\t\t\t\t<option value=\"Waxing &amp; Haarentfernung\">Waxing &amp; Haarentfernung<\/option>\n\t\t\t\t\t\t\t\t\t<option value=\"Speziell f\u00fcr M\u00e4nner\">Speziell f\u00fcr M\u00e4nner<\/option>\n\t\t\t\t\t\t\t\t\t<option value=\"Schlankheit &amp; Detox\">Schlankheit &amp; Detox<\/option>\n\t\t\t\t\t\t\t\t\t<option value=\"Allgemeine Beratung\">Allgemeine Beratung<\/option>\n\t\t\t\t\t\t\t<\/select>\n\t\t<\/div>\n\t\t\t\t\t\t<\/div>\n\t\t\t\t\t\t\t\t<div class=\"elementor-field-group elementor-column elementor-field-type-submit elementor-col-100 e-form__buttons\">\n\t\t\t\t\t<button class=\"elementor-button elementor-size-sm\" type=\"submit\">\n\t\t\t\t\t\t<span class=\"elementor-button-content-wrapper\">\n\t\t\t\t\t\t\t\t\t\t\t\t\t\t\t\t\t\t\t\t\t\t<span class=\"elementor-button-text\">Jetzt Wunschtermin anfragen<\/span>\n\t\t\t\t\t\t\t\t\t\t\t\t\t<\/span>\n\t\t\t\t\t<\/button>\n\t\t\t\t<\/div>\n\t\t\t<\/div>\n\t\t<\/form>\n\t\t\t\t\t\t<\/div>\n\t\t\t\t<\/div>\n\t\t\t\t\t<\/div>\n\t\t<\/div>\n\t\t\t\t<div class=\"elementor-column elementor-col-50 elementor-top-column elementor-element elementor-element-5776d2a0\" data-id=\"5776d2a0\" data-element_type=\"column\">\n\t\t\t<div class=\"elementor-widget-wrap elementor-element-populated\">\n\t\t\t\t\t\t<div class=\"elementor-element elementor-element-40ac1100 elementor-widget elementor-widget-google_maps\" data-id=\"40ac1100\" data-element_type=\"widget\" data-widget_type=\"google_maps.default\">\n\t\t\t\t<div class=\"elementor-widget-container\">\n\t\t\t\t\t\t\t<div class=\"elementor-custom-embed\">\n\t\t\t<iframe loading=\"lazy\"\n\t\t\t\t\tsrc=\"https:\/\/maps.google.com\/maps?q=sakura%20spa%2C%20Poststrasse%2014%2C%209000%20St.%20Gallen%2C%20Schweiz&#038;t=m&#038;z=17&#038;output=embed&#038;iwloc=near\"\n\t\t\t\t\ttitle=\"sakura spa, Poststrasse 14, 9000 St. Gallen, Schweiz\"\n\t\t\t\t\taria-label=\"sakura spa, Poststrasse 14, 9000 St. Gallen, Schweiz\"\n\t\t\t><\/iframe>\n\t\t<\/div>\n\t\t\t\t\t\t<\/div>\n\t\t\t\t<\/div>\n\t\t\t\t\t<\/div>\n\t\t<\/div>\n\t\t\t\t\t<\/div>\n\t\t<\/section>\n\t\t\t\t<section class=\"elementor-section elementor-top-section elementor-element elementor-element-41637700 elementor-section-full_width elementor-section-height-default elementor-section-height-default\" data-id=\"41637700\" data-element_type=\"section\">\n\t\t\t\t\t\t<div class=\"elementor-container elementor-column-gap-no\">\n\t\t\t\t\t<div class=\"elementor-column elementor-col-100 elementor-top-column elementor-element elementor-element-66aa97ac\" data-id=\"66aa97ac\" data-element_type=\"column\">\n\t\t\t<div class=\"elementor-widget-wrap\">\n\t\t\t\t\t\t\t<\/div>\n\t\t<\/div>\n\t\t\t\t\t<\/div>\n\t\t<\/section>\n\t\t\t\t<\/div>\n\t\t","protected":false},"excerpt":{"rendered":"<p>Kontakt Wir freuen uns \u00fcber Ihre Kontaktanfrage Schreiben Sie uns ein E-Mail \u00fcber untenstehendes Formular f\u00fcr Ihre Terminanfrage oder rufen Sie uns direkt an: +41 71 280 05 81. Wir beraten Sie gerne. Wir freuen uns \u00fcber Ihre Kontaktanfrage Schreiben Sie uns ein E-Mail \u00fcber untenstehendes Formular f\u00fcr Ihre Terminanfrage oder rufen Sie uns direkt [&hellip;]<\/p>\n","protected":false},"author":1,"featured_media":0,"parent":0,"menu_order":0,"comment_status":"closed","ping_status":"closed","template":"","meta":{"footnotes":""},"class_list":["post-44","page","type-page","status-publish","hentry"],"yoast_head":"<!-- This site is optimized with the Yoast SEO plugin v25.2 - https:\/\/yoast.com\/wordpress\/plugins\/seo\/ -->\n<title>Kontakt &amp; Termine | Sakura Spa St. Gallen \ud83c\udf38 Ihre Auszeit<\/title>\n<meta name=\"description\" content=\"Planen Sie Ihre Auszeit im Sakura Spa. \ud83c\udf38 Hier finden Sie unsere Adresse &amp; Kontaktm\u00f6glichkeiten. Wir beraten Sie gerne pers\u00f6nlich! \ud83d\udc86\u200d\u2642\ufe0f\" \/>\n<meta name=\"robots\" content=\"index, follow, max-snippet:-1, max-image-preview:large, max-video-preview:-1\" \/>\n<link rel=\"canonical\" href=\"https:\/\/www.sakura-spa.ch\/fr\/contact\/\" \/>\n<meta property=\"og:locale\" content=\"fr_FR\" \/>\n<meta property=\"og:type\" content=\"article\" \/>\n<meta property=\"og:title\" content=\"Kontakt &amp; Termine | Sakura Spa St. Gallen \ud83c\udf38 Ihre Auszeit\" \/>\n<meta property=\"og:description\" content=\"Planen Sie Ihre Auszeit im Sakura Spa. \ud83c\udf38 Hier finden Sie unsere Adresse &amp; Kontaktm\u00f6glichkeiten. Wir beraten Sie gerne pers\u00f6nlich! \ud83d\udc86\u200d\u2642\ufe0f\" \/>\n<meta property=\"og:url\" content=\"https:\/\/www.sakura-spa.ch\/fr\/contact\/\" \/>\n<meta property=\"og:site_name\" content=\"Sakura Spa in St. Gallen\" \/>\n<meta property=\"article:modified_time\" content=\"2026-04-11T19:16:29+00:00\" \/>\n<meta name=\"twitter:card\" content=\"summary_large_image\" \/>\n<script type=\"application\/ld+json\" class=\"yoast-schema-graph\">{\"@context\":\"https:\/\/schema.org\",\"@graph\":[{\"@type\":\"WebPage\",\"@id\":\"https:\/\/www.sakura-spa.ch\/kontakt\/\",\"url\":\"https:\/\/www.sakura-spa.ch\/kontakt\/\",\"name\":\"Kontakt & Termine | Sakura Spa St. Gallen \ud83c\udf38 Ihre Auszeit\",\"isPartOf\":{\"@id\":\"https:\/\/www.sakura-spa.ch\/#website\"},\"datePublished\":\"2022-07-12T08:32:25+00:00\",\"dateModified\":\"2026-04-11T19:16:29+00:00\",\"description\":\"Planen Sie Ihre Auszeit im Sakura Spa. \ud83c\udf38 Hier finden Sie unsere Adresse & Kontaktm\u00f6glichkeiten. Wir beraten Sie gerne pers\u00f6nlich! \ud83d\udc86\u200d\u2642\ufe0f\",\"breadcrumb\":{\"@id\":\"https:\/\/www.sakura-spa.ch\/kontakt\/#breadcrumb\"},\"inLanguage\":\"fr-FR\",\"potentialAction\":[{\"@type\":\"ReadAction\",\"target\":[\"https:\/\/www.sakura-spa.ch\/kontakt\/\"]}]},{\"@type\":\"BreadcrumbList\",\"@id\":\"https:\/\/www.sakura-spa.ch\/kontakt\/#breadcrumb\",\"itemListElement\":[{\"@type\":\"ListItem\",\"position\":1,\"name\":\"Startseite\",\"item\":\"https:\/\/www.sakura-spa.ch\/\"},{\"@type\":\"ListItem\",\"position\":2,\"name\":\"Kontakt\"}]},{\"@type\":\"WebSite\",\"@id\":\"https:\/\/www.sakura-spa.ch\/#website\",\"url\":\"https:\/\/www.sakura-spa.ch\/\",\"name\":\"Sakura Spa in St. Gallen\",\"description\":\"Kosmetik, Wellness und Massage\",\"potentialAction\":[{\"@type\":\"SearchAction\",\"target\":{\"@type\":\"EntryPoint\",\"urlTemplate\":\"https:\/\/www.sakura-spa.ch\/?s={search_term_string}\"},\"query-input\":{\"@type\":\"PropertyValueSpecification\",\"valueRequired\":true,\"valueName\":\"search_term_string\"}}],\"inLanguage\":\"fr-FR\"}]}<\/script>\n<!-- \/ Yoast SEO plugin. -->","yoast_head_json":{"title":"Contact et rendez-vous | Sakura Spa Saint-Gall \ud83c\udf38 Votre moment de d\u00e9tente","description":"Planifiez votre escapade au Sakura Spa. \ud83c\udf38 Vous trouverez ici notre adresse et nos coordonn\u00e9es. Nous serons ravis de vous conseiller personnellement\u00a0! \ud83d\udc86\u200d\u2642\ufe0f","robots":{"index":"index","follow":"follow","max-snippet":"max-snippet:-1","max-image-preview":"max-image-preview:large","max-video-preview":"max-video-preview:-1"},"canonical":"https:\/\/www.sakura-spa.ch\/fr\/contact\/","og_locale":"fr_FR","og_type":"article","og_title":"Kontakt & Termine | Sakura Spa St. Gallen \ud83c\udf38 Ihre Auszeit","og_description":"Planen Sie Ihre Auszeit im Sakura Spa. \ud83c\udf38 Hier finden Sie unsere Adresse & Kontaktm\u00f6glichkeiten. Wir beraten Sie gerne pers\u00f6nlich! \ud83d\udc86\u200d\u2642\ufe0f","og_url":"https:\/\/www.sakura-spa.ch\/fr\/contact\/","og_site_name":"Sakura Spa in St. Gallen","article_modified_time":"2026-04-11T19:16:29+00:00","twitter_card":"summary_large_image","schema":{"@context":"https:\/\/schema.org","@graph":[{"@type":"WebPage","@id":"https:\/\/www.sakura-spa.ch\/kontakt\/","url":"https:\/\/www.sakura-spa.ch\/kontakt\/","name":"Contact et rendez-vous | Sakura Spa Saint-Gall \ud83c\udf38 Votre moment de d\u00e9tente","isPartOf":{"@id":"https:\/\/www.sakura-spa.ch\/#website"},"datePublished":"2022-07-12T08:32:25+00:00","dateModified":"2026-04-11T19:16:29+00:00","description":"Planifiez votre escapade au Sakura Spa. \ud83c\udf38 Vous trouverez ici notre adresse et nos coordonn\u00e9es. Nous serons ravis de vous conseiller personnellement\u00a0! \ud83d\udc86\u200d\u2642\ufe0f","breadcrumb":{"@id":"https:\/\/www.sakura-spa.ch\/kontakt\/#breadcrumb"},"inLanguage":"fr-FR","potentialAction":[{"@type":"ReadAction","target":["https:\/\/www.sakura-spa.ch\/kontakt\/"]}]},{"@type":"BreadcrumbList","@id":"https:\/\/www.sakura-spa.ch\/kontakt\/#breadcrumb","itemListElement":[{"@type":"ListItem","position":1,"name":"Startseite","item":"https:\/\/www.sakura-spa.ch\/"},{"@type":"ListItem","position":2,"name":"Kontakt"}]},{"@type":"WebSite","@id":"https:\/\/www.sakura-spa.ch\/#website","url":"https:\/\/www.sakura-spa.ch\/","name":"Spa Sakura \u00e0 Saint-Gall","description":"Cosm\u00e9tiques, Bien-\u00eatre et Massages","potentialAction":[{"@type":"SearchAction","target":{"@type":"EntryPoint","urlTemplate":"https:\/\/www.sakura-spa.ch\/?s={search_term_string}"},"query-input":{"@type":"PropertyValueSpecification","valueRequired":true,"valueName":"search_term_string"}}],"inLanguage":"fr-FR"}]}},"_links":{"self":[{"href":"https:\/\/www.sakura-spa.ch\/fr\/wp-json\/wp\/v2\/pages\/44","targetHints":{"allow":["GET"]}}],"collection":[{"href":"https:\/\/www.sakura-spa.ch\/fr\/wp-json\/wp\/v2\/pages"}],"about":[{"href":"https:\/\/www.sakura-spa.ch\/fr\/wp-json\/wp\/v2\/types\/page"}],"author":[{"embeddable":true,"href":"https:\/\/www.sakura-spa.ch\/fr\/wp-json\/wp\/v2\/users\/1"}],"replies":[{"embeddable":true,"href":"https:\/\/www.sakura-spa.ch\/fr\/wp-json\/wp\/v2\/comments?post=44"}],"version-history":[{"count":117,"href":"https:\/\/www.sakura-spa.ch\/fr\/wp-json\/wp\/v2\/pages\/44\/revisions"}],"predecessor-version":[{"id":27021,"href":"https:\/\/www.sakura-spa.ch\/fr\/wp-json\/wp\/v2\/pages\/44\/revisions\/27021"}],"wp:attachment":[{"href":"https:\/\/www.sakura-spa.ch\/fr\/wp-json\/wp\/v2\/media?parent=44"}],"curies":[{"name":"wp","href":"https:\/\/api.w.org\/{rel}","templated":true}]}}