{"id":5241,"date":"2022-10-10T16:00:58","date_gmt":"2022-10-10T14:00:58","guid":{"rendered":"https:\/\/p5.seoway.de\/?page_id=5241"},"modified":"2026-04-17T17:11:00","modified_gmt":"2026-04-17T15:11:00","slug":"carte-de-club","status":"publish","type":"page","link":"https:\/\/www.sakura-spa.ch\/fr\/speciaux\/carte-de-club\/","title":{"rendered":"carte de club"},"content":{"rendered":"<div data-elementor-type=\"wp-page\" data-elementor-id=\"5241\" class=\"elementor elementor-5241\" data-elementor-post-type=\"page\">\n\t\t\t\t\t\t<section class=\"elementor-section elementor-top-section elementor-element elementor-element-7860e0b2 elementor-section-full_width elementor-section-height-default elementor-section-height-default\" data-id=\"7860e0b2\" data-element_type=\"section\">\n\t\t\t\t\t\t<div class=\"elementor-container elementor-column-gap-no\">\n\t\t\t\t\t<div class=\"elementor-column elementor-col-100 elementor-top-column elementor-element elementor-element-59b43fab\" data-id=\"59b43fab\" data-element_type=\"column\">\n\t\t\t<div class=\"elementor-widget-wrap elementor-element-populated\">\n\t\t\t\t\t\t<div class=\"elementor-element elementor-element-6a3f29dd elementor--h-position-left elementor--v-position-middle elementor-widget elementor-widget-slides\" data-id=\"6a3f29dd\" data-element_type=\"widget\" data-settings=\"{&quot;navigation&quot;:&quot;none&quot;,&quot;autoplay&quot;:&quot;yes&quot;,&quot;pause_on_hover&quot;:&quot;yes&quot;,&quot;pause_on_interaction&quot;:&quot;yes&quot;,&quot;autoplay_speed&quot;:5000,&quot;infinite&quot;:&quot;yes&quot;,&quot;transition&quot;:&quot;slide&quot;,&quot;transition_speed&quot;:500}\" data-widget_type=\"slides.default\">\n\t\t\t\t<div class=\"elementor-widget-container\">\n\t\t\t\t\t\t\t\t\t<div class=\"elementor-swiper\">\n\t\t\t\t\t<div class=\"elementor-slides-wrapper elementor-main-swiper swiper\" role=\"region\" aria-roledescription=\"carousel\" aria-label=\"diapositives\" dir=\"ltr\" data-animation=\"fadeInUp\">\n\t\t\t\t<div class=\"swiper-wrapper elementor-slides\">\n\t\t\t\t\t\t\t\t\t\t<div class=\"elementor-repeater-item-9b8f3f7 swiper-slide\" role=\"group\" aria-roledescription=\"slide\"><div class=\"swiper-slide-bg elementor-ken-burns elementor-ken-burns--in\" role=\"img\"><\/div><div class=\"swiper-slide-inner\" ><div class=\"swiper-slide-contents\"><div class=\"elementor-slide-heading\"> Votre avantage exclusif au Sakura Spa<\/div><div class=\"elementor-slide-description\">Plus de bien-\u00eatre gr\u00e2ce \u00e0 des bons d&#039;achat attractifs pour les clubs<\/div><a href=\"#elementor-action%3Aaction%3Dpopup%3Aopen%26settings%3DeyJpZCI6IjM1IiwidG9nZ2xlIjpmYWxzZX0%3D\" class=\"elementor-button elementor-slide-button elementor-size-md\">contact<\/a><\/div><\/div><\/div><div class=\"elementor-repeater-item-3e1ba6e swiper-slide\" role=\"group\" aria-roledescription=\"slide\"><div class=\"swiper-slide-bg elementor-ken-burns elementor-ken-burns--in\" role=\"img\"><\/div><div class=\"swiper-slide-inner\" ><div class=\"swiper-slide-contents\"><div class=\"elementor-slide-heading\">Club de spa Sakura<\/div><div class=\"elementor-slide-description\">Jusqu&#039;\u00e0 10 cr\u00e9dits bonus % offerts<\/div><a href=\"#elementor-action%3Aaction%3Dpopup%3Aopen%26settings%3DeyJpZCI6IjM1IiwidG9nZ2xlIjpmYWxzZX0%3D\" class=\"elementor-button elementor-slide-button elementor-size-md\">contact<\/a><\/div><\/div><\/div>\t\t\t\t<\/div>\n\t\t\t\t\t\t\t\t\t\t\t\t\t\t\t\t\t\t\t\t\t<\/div>\n\t\t\t\t<\/div>\n\t\t\t\t\t\t\t\t<\/div>\n\t\t\t\t<\/div>\n\t\t\t\t\t<\/div>\n\t\t<\/div>\n\t\t\t\t\t<\/div>\n\t\t<\/section>\n\t\t\t\t<section class=\"elementor-section elementor-top-section elementor-element elementor-element-71fa7140 elementor-section-boxed elementor-section-height-default elementor-section-height-default\" data-id=\"71fa7140\" data-element_type=\"section\" data-settings=\"{&quot;background_background&quot;:&quot;classic&quot;}\">\n\t\t\t\t\t\t\t<div class=\"elementor-background-overlay\"><\/div>\n\t\t\t\t\t\t\t<div class=\"elementor-container elementor-column-gap-default\">\n\t\t\t\t\t<div class=\"elementor-column elementor-col-100 elementor-top-column elementor-element elementor-element-32f427fb\" data-id=\"32f427fb\" data-element_type=\"column\">\n\t\t\t<div class=\"elementor-widget-wrap elementor-element-populated\">\n\t\t\t\t\t\t<div class=\"elementor-element elementor-element-2894dcdd elementor-widget elementor-widget-global elementor-global-332 elementor-widget-breadcrumbs\" data-id=\"2894dcdd\" data-element_type=\"widget\" data-widget_type=\"breadcrumbs.default\">\n\t\t\t\t<div class=\"elementor-widget-container\">\n\t\t\t\t\t<p id=\"breadcrumbs\"><span><span><a href=\"https:\/\/www.sakura-spa.ch\/fr\/\">page d&#039;accueil<\/a><\/span><\/span><\/p>\t\t\t\t<\/div>\n\t\t\t\t<\/div>\n\t\t\t\t\t<\/div>\n\t\t<\/div>\n\t\t\t\t\t<\/div>\n\t\t<\/section>\n\t\t\t\t<section class=\"elementor-section elementor-top-section elementor-element elementor-element-274439f elementor-section-boxed elementor-section-height-default elementor-section-height-default\" data-id=\"274439f\" data-element_type=\"section\">\n\t\t\t\t\t\t<div class=\"elementor-container elementor-column-gap-default\">\n\t\t\t\t\t<div class=\"elementor-column elementor-col-100 elementor-top-column elementor-element elementor-element-e9fd089\" data-id=\"e9fd089\" data-element_type=\"column\">\n\t\t\t<div class=\"elementor-widget-wrap elementor-element-populated\">\n\t\t\t\t\t\t<div class=\"elementor-element elementor-element-f4935a5 elementor-widget elementor-widget-heading\" data-id=\"f4935a5\" data-element_type=\"widget\" data-widget_type=\"heading.default\">\n\t\t\t\t<div class=\"elementor-widget-container\">\n\t\t\t\t\t<h1 class=\"elementor-heading-title elementor-size-default\">Sakura Spa Saint-Gall | Avantages du club et cr\u00e9dits bonus pour le bien-\u00eatre<\/h1>\t\t\t\t<\/div>\n\t\t\t\t<\/div>\n\t\t\t\t\t<\/div>\n\t\t<\/div>\n\t\t\t\t\t<\/div>\n\t\t<\/section>\n\t\t\t\t<section class=\"elementor-section elementor-top-section elementor-element elementor-element-0759835 elementor-section-boxed elementor-section-height-default elementor-section-height-default\" data-id=\"0759835\" data-element_type=\"section\">\n\t\t\t\t\t\t<div class=\"elementor-container elementor-column-gap-default\">\n\t\t\t\t\t<div class=\"elementor-column elementor-col-100 elementor-top-column elementor-element elementor-element-26d2a9a\" data-id=\"26d2a9a\" data-element_type=\"column\">\n\t\t\t<div class=\"elementor-widget-wrap elementor-element-populated\">\n\t\t\t\t\t\t<div class=\"elementor-element elementor-element-e9c0bb6 elementor-widget elementor-widget-text-editor\" data-id=\"e9c0bb6\" data-element_type=\"widget\" data-widget_type=\"text-editor.default\">\n\t\t\t\t<div class=\"elementor-widget-container\">\n\t\t\t\t\t\t\t\t\t<p>Profitez d&#039;une flexibilit\u00e9 maximale et de bonus attractifs au Sakura Spa de Saint-Gall. Notre syst\u00e8me de club num\u00e9rique est sans esp\u00e8ces, s\u00e9curis\u00e9 et directement int\u00e9gr\u00e9 \u00e0 votre profil client. Rechargez votre compte et recevez des r\u00e9compenses.<\/p>\t\t\t\t\t\t\t\t<\/div>\n\t\t\t\t<\/div>\n\t\t\t\t\t<\/div>\n\t\t<\/div>\n\t\t\t\t\t<\/div>\n\t\t<\/section>\n\t\t\t\t<section class=\"elementor-section elementor-top-section elementor-element elementor-element-d96e135 elementor-section-boxed elementor-section-height-default elementor-section-height-default\" data-id=\"d96e135\" data-element_type=\"section\">\n\t\t\t\t\t\t<div class=\"elementor-container elementor-column-gap-default\">\n\t\t\t\t\t<div class=\"elementor-column elementor-col-100 elementor-top-column elementor-element elementor-element-482569c\" data-id=\"482569c\" data-element_type=\"column\">\n\t\t\t<div class=\"elementor-widget-wrap elementor-element-populated\">\n\t\t\t\t\t\t<div class=\"elementor-element elementor-element-eb42623 elementor-widget elementor-widget-heading\" data-id=\"eb42623\" data-element_type=\"widget\" data-widget_type=\"heading.default\">\n\t\t\t\t<div class=\"elementor-widget-container\">\n\t\t\t\t\t<h1 class=\"elementor-heading-title elementor-size-default\">Avantages exclusifs du Sakura Club<\/h1>\t\t\t\t<\/div>\n\t\t\t\t<\/div>\n\t\t\t\t\t<\/div>\n\t\t<\/div>\n\t\t\t\t\t<\/div>\n\t\t<\/section>\n\t\t\t\t<section class=\"elementor-section elementor-top-section elementor-element elementor-element-e183028 elementor-section-boxed elementor-section-height-default elementor-section-height-default\" data-id=\"e183028\" data-element_type=\"section\">\n\t\t\t\t\t\t<div class=\"elementor-container elementor-column-gap-no\">\n\t\t\t\t\t<div class=\"elementor-column elementor-col-50 elementor-top-column elementor-element elementor-element-e004baf\" data-id=\"e004baf\" data-element_type=\"column\" data-settings=\"{&quot;background_background&quot;:&quot;classic&quot;}\">\n\t\t\t<div class=\"elementor-widget-wrap elementor-element-populated\">\n\t\t\t\t\t\t<div class=\"elementor-element elementor-element-3ce0a95 elementor-widget elementor-widget-image\" data-id=\"3ce0a95\" data-element_type=\"widget\" data-widget_type=\"image.default\">\n\t\t\t\t<div class=\"elementor-widget-container\">\n\t\t\t\t\t\t\t\t\t\t\t\t\t\t\t<img fetchpriority=\"high\" decoding=\"async\" width=\"800\" height=\"440\" src=\"https:\/\/www.sakura-spa.ch\/wp-content\/uploads\/sakura-spa-st-gallen-club-silber-karte.webp\" class=\"attachment-large size-large wp-image-27620\" alt=\"\" srcset=\"https:\/\/www.sakura-spa.ch\/wp-content\/uploads\/sakura-spa-st-gallen-club-silber-karte.webp 800w, https:\/\/www.sakura-spa.ch\/wp-content\/uploads\/sakura-spa-st-gallen-club-silber-karte-300x165.webp 300w, https:\/\/www.sakura-spa.ch\/wp-content\/uploads\/sakura-spa-st-gallen-club-silber-karte-768x422.webp 768w, https:\/\/www.sakura-spa.ch\/wp-content\/uploads\/sakura-spa-st-gallen-club-silber-karte-18x10.webp 18w\" sizes=\"(max-width: 800px) 100vw, 800px\" \/>\t\t\t\t\t\t\t\t\t\t\t\t\t\t\t<\/div>\n\t\t\t\t<\/div>\n\t\t\t\t<section class=\"elementor-section elementor-inner-section elementor-element elementor-element-d935f55 elementor-section-boxed elementor-section-height-default elementor-section-height-default\" data-id=\"d935f55\" data-element_type=\"section\">\n\t\t\t\t\t\t<div class=\"elementor-container elementor-column-gap-default\">\n\t\t\t\t\t<div class=\"elementor-column elementor-col-100 elementor-inner-column elementor-element elementor-element-86aa874\" data-id=\"86aa874\" data-element_type=\"column\">\n\t\t\t<div class=\"elementor-widget-wrap elementor-element-populated\">\n\t\t\t\t\t\t<div class=\"elementor-element elementor-element-156f10f elementor-widget elementor-widget-heading\" data-id=\"156f10f\" data-element_type=\"widget\" data-widget_type=\"heading.default\">\n\t\t\t\t<div class=\"elementor-widget-container\">\n\t\t\t\t\t<h3 class=\"elementor-heading-title elementor-size-default\">Club Argent \u2013 5 cr\u00e9dits bonus %<\/h3>\t\t\t\t<\/div>\n\t\t\t\t<\/div>\n\t\t\t\t<div class=\"elementor-element elementor-element-b7f4ec5 elementor-widget__width-initial elementor-widget elementor-widget-text-editor\" data-id=\"b7f4ec5\" data-element_type=\"widget\" data-widget_type=\"text-editor.default\">\n\t\t\t\t<div class=\"elementor-widget-container\">\n\t\t\t\t\t\t\t\t\tRechargez votre compte personnel d&#039;un montant compris entre 500 et 999 CHF. Nous vous offrons un bonus de 5 %, cr\u00e9dit\u00e9 directement sur votre profil client. Ce solde peut \u00eatre utilis\u00e9 comme moyen de paiement sans esp\u00e8ces pour tous les soins propos\u00e9s au Sakura Spa.\t\t\t\t\t\t\t\t<\/div>\n\t\t\t\t<\/div>\n\t\t\t\t<div class=\"elementor-element elementor-element-22c597e elementor-widget elementor-widget-spacer\" data-id=\"22c597e\" data-element_type=\"widget\" data-widget_type=\"spacer.default\">\n\t\t\t\t<div class=\"elementor-widget-container\">\n\t\t\t\t\t\t\t<div class=\"elementor-spacer\">\n\t\t\t<div class=\"elementor-spacer-inner\"><\/div>\n\t\t<\/div>\n\t\t\t\t\t\t<\/div>\n\t\t\t\t<\/div>\n\t\t\t\t<div class=\"elementor-element elementor-element-bdcbedb elementor-widget elementor-widget-spacer\" data-id=\"bdcbedb\" data-element_type=\"widget\" data-widget_type=\"spacer.default\">\n\t\t\t\t<div class=\"elementor-widget-container\">\n\t\t\t\t\t\t\t<div class=\"elementor-spacer\">\n\t\t\t<div class=\"elementor-spacer-inner\"><\/div>\n\t\t<\/div>\n\t\t\t\t\t\t<\/div>\n\t\t\t\t<\/div>\n\t\t\t\t\t<\/div>\n\t\t<\/div>\n\t\t\t\t\t<\/div>\n\t\t<\/section>\n\t\t\t\t\t<\/div>\n\t\t<\/div>\n\t\t\t\t<div class=\"elementor-column elementor-col-50 elementor-top-column elementor-element elementor-element-3159916\" data-id=\"3159916\" data-element_type=\"column\" data-settings=\"{&quot;background_background&quot;:&quot;classic&quot;}\">\n\t\t\t<div class=\"elementor-widget-wrap elementor-element-populated\">\n\t\t\t\t\t\t<div class=\"elementor-element elementor-element-abb3196 elementor-widget elementor-widget-image\" data-id=\"abb3196\" data-element_type=\"widget\" data-widget_type=\"image.default\">\n\t\t\t\t<div class=\"elementor-widget-container\">\n\t\t\t\t\t\t\t\t\t\t\t\t\t\t\t<img decoding=\"async\" width=\"800\" height=\"533\" src=\"https:\/\/www.sakura-spa.ch\/wp-content\/uploads\/sakura-spa-st-gallen-club-gold-karte.webp\" class=\"attachment-large size-large wp-image-27624\" alt=\"\" srcset=\"https:\/\/www.sakura-spa.ch\/wp-content\/uploads\/sakura-spa-st-gallen-club-gold-karte.webp 800w, https:\/\/www.sakura-spa.ch\/wp-content\/uploads\/sakura-spa-st-gallen-club-gold-karte-300x200.webp 300w, https:\/\/www.sakura-spa.ch\/wp-content\/uploads\/sakura-spa-st-gallen-club-gold-karte-768x512.webp 768w, https:\/\/www.sakura-spa.ch\/wp-content\/uploads\/sakura-spa-st-gallen-club-gold-karte-18x12.webp 18w\" sizes=\"(max-width: 800px) 100vw, 800px\" \/>\t\t\t\t\t\t\t\t\t\t\t\t\t\t\t<\/div>\n\t\t\t\t<\/div>\n\t\t\t\t<section class=\"elementor-section elementor-inner-section elementor-element elementor-element-28b1c71 elementor-section-boxed elementor-section-height-default elementor-section-height-default\" data-id=\"28b1c71\" data-element_type=\"section\">\n\t\t\t\t\t\t<div class=\"elementor-container elementor-column-gap-default\">\n\t\t\t\t\t<div class=\"elementor-column elementor-col-100 elementor-inner-column elementor-element elementor-element-389e6af\" data-id=\"389e6af\" data-element_type=\"column\">\n\t\t\t<div class=\"elementor-widget-wrap elementor-element-populated\">\n\t\t\t\t\t\t<div class=\"elementor-element elementor-element-83a4b58 elementor-widget elementor-widget-heading\" data-id=\"83a4b58\" data-element_type=\"widget\" data-widget_type=\"heading.default\">\n\t\t\t\t<div class=\"elementor-widget-container\">\n\t\t\t\t\t<h3 class=\"elementor-heading-title elementor-size-default\">Club Gold \u2013 10 cr\u00e9dits bonus %<\/h3>\t\t\t\t<\/div>\n\t\t\t\t<\/div>\n\t\t\t\t<div class=\"elementor-element elementor-element-c97cdb1 elementor-widget__width-initial elementor-widget elementor-widget-text-editor\" data-id=\"c97cdb1\" data-element_type=\"widget\" data-widget_type=\"text-editor.default\">\n\t\t\t\t<div class=\"elementor-widget-container\">\n\t\t\t\t\t\t\t\t\tPour tout d\u00e9p\u00f4t de 1\u00a0000 CHF ou plus, nous vous offrons un bonus de 10 (%). Profitez d\u2019avantages exclusifs et d\u2019une d\u00e9tente absolue. Le cr\u00e9dit sera disponible num\u00e9riquement pour un moment de luxe imm\u00e9diat.\n\t\t\t\t\t\t\t\t<\/div>\n\t\t\t\t<\/div>\n\t\t\t\t\t<\/div>\n\t\t<\/div>\n\t\t\t\t\t<\/div>\n\t\t<\/section>\n\t\t\t\t<div class=\"elementor-element elementor-element-0985579 elementor-widget elementor-widget-spacer\" data-id=\"0985579\" data-element_type=\"widget\" data-widget_type=\"spacer.default\">\n\t\t\t\t<div class=\"elementor-widget-container\">\n\t\t\t\t\t\t\t<div class=\"elementor-spacer\">\n\t\t\t<div class=\"elementor-spacer-inner\"><\/div>\n\t\t<\/div>\n\t\t\t\t\t\t<\/div>\n\t\t\t\t<\/div>\n\t\t\t\t\t<\/div>\n\t\t<\/div>\n\t\t\t\t\t<\/div>\n\t\t<\/section>\n\t\t\t\t<section class=\"elementor-section elementor-top-section elementor-element elementor-element-1946c67 elementor-section-boxed elementor-section-height-default elementor-section-height-default\" data-id=\"1946c67\" data-element_type=\"section\">\n\t\t\t\t\t\t<div class=\"elementor-container elementor-column-gap-default\">\n\t\t\t\t\t<div class=\"elementor-column elementor-col-100 elementor-top-column elementor-element elementor-element-25ebbcc\" data-id=\"25ebbcc\" data-element_type=\"column\">\n\t\t\t<div class=\"elementor-widget-wrap elementor-element-populated\">\n\t\t\t\t\t\t<div class=\"elementor-element elementor-element-d29de81 elementor-widget elementor-widget-text-editor\" data-id=\"d29de81\" data-element_type=\"widget\" data-widget_type=\"text-editor.default\">\n\t\t\t\t<div class=\"elementor-widget-container\">\n\t\t\t\t\t\t\t\t\t<p><em>Nos cartes pr\u00e9pay\u00e9es sont transf\u00e9rables et peuvent \u00eatre utilis\u00e9es par plusieurs personnes. Votre solde restant sera conserv\u00e9 en toute s\u00e9curit\u00e9 sur votre compte pour votre prochaine visite.<\/em><\/p>\t\t\t\t\t\t\t\t<\/div>\n\t\t\t\t<\/div>\n\t\t\t\t\t<\/div>\n\t\t<\/div>\n\t\t\t\t\t<\/div>\n\t\t<\/section>\n\t\t\t\t<\/div>","protected":false},"excerpt":{"rendered":"<p>Ihr exklusiver Vorteil im Sakura SpaMehr Wellness durch attraktive Club-BonKontakt aufnehmenSakura Spa ClubBis zu 10 % Bonus-Guthaben geschenktKontakt aufnehmen Sakura Spa St. Gallen | Club-Vorteile &amp; Bonus-Guthaben f\u00fcr Wellness Geniessen Sie maximale Flexibilit\u00e4t und attraktive Boni im Sakura Spa St. Gallen. Unser digitales Club-System ist bargeldlos, sicher und direkt in Ihrem Kundenprofil hinterlegt. Laden Sie [&hellip;]<\/p>\n","protected":false},"author":1,"featured_media":384,"parent":1444,"menu_order":0,"comment_status":"closed","ping_status":"closed","template":"","meta":{"footnotes":""},"class_list":["post-5241","page","type-page","status-publish","has-post-thumbnail","hentry"],"yoast_head":"<!-- This site is optimized with the Yoast SEO plugin v25.2 - https:\/\/yoast.com\/wordpress\/plugins\/seo\/ -->\n<title>Sakura Spa Clubkarten in St. Gallen - Termin buchen<\/title>\n<meta name=\"description\" content=\"Ihre Treue zahlt sich aus. \ud83c\udf38 Profitieren Sie von exklusiven Rabatten in St. Gallen. Jetzt Termin vereinbaren! \u2728\" \/>\n<meta name=\"robots\" content=\"index, follow, max-snippet:-1, max-image-preview:large, max-video-preview:-1\" \/>\n<link rel=\"canonical\" href=\"https:\/\/www.sakura-spa.ch\/fr\/speciaux\/carte-de-club\/\" \/>\n<meta property=\"og:locale\" content=\"fr_FR\" \/>\n<meta property=\"og:type\" content=\"article\" \/>\n<meta property=\"og:title\" content=\"Sakura Spa Clubkarten in St. Gallen - Termin buchen\" \/>\n<meta property=\"og:description\" content=\"Ihre Treue zahlt sich aus. \ud83c\udf38 Profitieren Sie von exklusiven Rabatten in St. Gallen. Jetzt Termin vereinbaren! \u2728\" \/>\n<meta property=\"og:url\" content=\"https:\/\/www.sakura-spa.ch\/fr\/speciaux\/carte-de-club\/\" \/>\n<meta property=\"og:site_name\" content=\"Sakura Spa in St. Gallen\" \/>\n<meta property=\"article:modified_time\" content=\"2026-04-17T15:11:00+00:00\" \/>\n<meta property=\"og:image\" content=\"https:\/\/www.sakura-spa.ch\/wp-content\/uploads\/Sakura-Spa-16.jpg\" \/>\n\t<meta property=\"og:image:width\" content=\"2000\" \/>\n\t<meta property=\"og:image:height\" content=\"1333\" \/>\n\t<meta property=\"og:image:type\" content=\"image\/jpeg\" \/>\n<meta name=\"twitter:card\" content=\"summary_large_image\" \/>\n<script type=\"application\/ld+json\" class=\"yoast-schema-graph\">{\"@context\":\"https:\/\/schema.org\",\"@graph\":[{\"@type\":\"WebPage\",\"@id\":\"https:\/\/www.sakura-spa.ch\/specials\/clubkarte\/\",\"url\":\"https:\/\/www.sakura-spa.ch\/specials\/clubkarte\/\",\"name\":\"Sakura Spa Clubkarten in St. Gallen - Termin buchen\",\"isPartOf\":{\"@id\":\"https:\/\/www.sakura-spa.ch\/#website\"},\"primaryImageOfPage\":{\"@id\":\"https:\/\/www.sakura-spa.ch\/specials\/clubkarte\/#primaryimage\"},\"image\":{\"@id\":\"https:\/\/www.sakura-spa.ch\/specials\/clubkarte\/#primaryimage\"},\"thumbnailUrl\":\"https:\/\/www.sakura-spa.ch\/wp-content\/uploads\/Sakura-Spa-16.jpg\",\"datePublished\":\"2022-10-10T14:00:58+00:00\",\"dateModified\":\"2026-04-17T15:11:00+00:00\",\"description\":\"Ihre Treue zahlt sich aus. \ud83c\udf38 Profitieren Sie von exklusiven Rabatten in St. Gallen. Jetzt Termin vereinbaren! \u2728\",\"breadcrumb\":{\"@id\":\"https:\/\/www.sakura-spa.ch\/specials\/clubkarte\/#breadcrumb\"},\"inLanguage\":\"fr-FR\",\"potentialAction\":[{\"@type\":\"ReadAction\",\"target\":[\"https:\/\/www.sakura-spa.ch\/specials\/clubkarte\/\"]}]},{\"@type\":\"ImageObject\",\"inLanguage\":\"fr-FR\",\"@id\":\"https:\/\/www.sakura-spa.ch\/specials\/clubkarte\/#primaryimage\",\"url\":\"https:\/\/www.sakura-spa.ch\/wp-content\/uploads\/Sakura-Spa-16.jpg\",\"contentUrl\":\"https:\/\/www.sakura-spa.ch\/wp-content\/uploads\/Sakura-Spa-16.jpg\",\"width\":2000,\"height\":1333,\"caption\":\"Wellness und Massage Gutscheine\"},{\"@type\":\"BreadcrumbList\",\"@id\":\"https:\/\/www.sakura-spa.ch\/specials\/clubkarte\/#breadcrumb\",\"itemListElement\":[{\"@type\":\"ListItem\",\"position\":1,\"name\":\"Startseite\",\"item\":\"https:\/\/www.sakura-spa.ch\/\"},{\"@type\":\"ListItem\",\"position\":2,\"name\":\"Specials\",\"item\":\"https:\/\/www.sakura-spa.ch\/specials\/\"},{\"@type\":\"ListItem\",\"position\":3,\"name\":\"Clubkarte\"}]},{\"@type\":\"WebSite\",\"@id\":\"https:\/\/www.sakura-spa.ch\/#website\",\"url\":\"https:\/\/www.sakura-spa.ch\/\",\"name\":\"Sakura Spa in St. Gallen\",\"description\":\"Kosmetik, Wellness und Massage\",\"potentialAction\":[{\"@type\":\"SearchAction\",\"target\":{\"@type\":\"EntryPoint\",\"urlTemplate\":\"https:\/\/www.sakura-spa.ch\/?s={search_term_string}\"},\"query-input\":{\"@type\":\"PropertyValueSpecification\",\"valueRequired\":true,\"valueName\":\"search_term_string\"}}],\"inLanguage\":\"fr-FR\"}]}<\/script>\n<!-- \/ Yoast SEO plugin. -->","yoast_head_json":{"title":"Cartes du Club Sakura Spa \u00e0 Saint-Gall - Prendre rendez-vous","description":"Votre fid\u00e9lit\u00e9 est r\u00e9compens\u00e9e. \ud83c\udf38 Profitez de r\u00e9ductions exclusives \u00e0 Saint-Gall. Prenez rendez-vous d\u00e8s maintenant\u00a0! \u2728","robots":{"index":"index","follow":"follow","max-snippet":"max-snippet:-1","max-image-preview":"max-image-preview:large","max-video-preview":"max-video-preview:-1"},"canonical":"https:\/\/www.sakura-spa.ch\/fr\/speciaux\/carte-de-club\/","og_locale":"fr_FR","og_type":"article","og_title":"Sakura Spa Clubkarten in St. Gallen - Termin buchen","og_description":"Ihre Treue zahlt sich aus. \ud83c\udf38 Profitieren Sie von exklusiven Rabatten in St. Gallen. Jetzt Termin vereinbaren! \u2728","og_url":"https:\/\/www.sakura-spa.ch\/fr\/speciaux\/carte-de-club\/","og_site_name":"Sakura Spa in St. Gallen","article_modified_time":"2026-04-17T15:11:00+00:00","og_image":[{"width":2000,"height":1333,"url":"https:\/\/www.sakura-spa.ch\/wp-content\/uploads\/Sakura-Spa-16.jpg","type":"image\/jpeg"}],"twitter_card":"summary_large_image","schema":{"@context":"https:\/\/schema.org","@graph":[{"@type":"WebPage","@id":"https:\/\/www.sakura-spa.ch\/specials\/clubkarte\/","url":"https:\/\/www.sakura-spa.ch\/specials\/clubkarte\/","name":"Cartes du Club Sakura Spa \u00e0 Saint-Gall - Prendre rendez-vous","isPartOf":{"@id":"https:\/\/www.sakura-spa.ch\/#website"},"primaryImageOfPage":{"@id":"https:\/\/www.sakura-spa.ch\/specials\/clubkarte\/#primaryimage"},"image":{"@id":"https:\/\/www.sakura-spa.ch\/specials\/clubkarte\/#primaryimage"},"thumbnailUrl":"https:\/\/www.sakura-spa.ch\/wp-content\/uploads\/Sakura-Spa-16.jpg","datePublished":"2022-10-10T14:00:58+00:00","dateModified":"2026-04-17T15:11:00+00:00","description":"Votre fid\u00e9lit\u00e9 est r\u00e9compens\u00e9e. \ud83c\udf38 Profitez de r\u00e9ductions exclusives \u00e0 Saint-Gall. Prenez rendez-vous d\u00e8s maintenant\u00a0! \u2728","breadcrumb":{"@id":"https:\/\/www.sakura-spa.ch\/specials\/clubkarte\/#breadcrumb"},"inLanguage":"fr-FR","potentialAction":[{"@type":"ReadAction","target":["https:\/\/www.sakura-spa.ch\/specials\/clubkarte\/"]}]},{"@type":"ImageObject","inLanguage":"fr-FR","@id":"https:\/\/www.sakura-spa.ch\/specials\/clubkarte\/#primaryimage","url":"https:\/\/www.sakura-spa.ch\/wp-content\/uploads\/Sakura-Spa-16.jpg","contentUrl":"https:\/\/www.sakura-spa.ch\/wp-content\/uploads\/Sakura-Spa-16.jpg","width":2000,"height":1333,"caption":"Wellness und Massage Gutscheine"},{"@type":"BreadcrumbList","@id":"https:\/\/www.sakura-spa.ch\/specials\/clubkarte\/#breadcrumb","itemListElement":[{"@type":"ListItem","position":1,"name":"Startseite","item":"https:\/\/www.sakura-spa.ch\/"},{"@type":"ListItem","position":2,"name":"Specials","item":"https:\/\/www.sakura-spa.ch\/specials\/"},{"@type":"ListItem","position":3,"name":"Clubkarte"}]},{"@type":"WebSite","@id":"https:\/\/www.sakura-spa.ch\/#website","url":"https:\/\/www.sakura-spa.ch\/","name":"Spa Sakura \u00e0 Saint-Gall","description":"Cosm\u00e9tiques, Bien-\u00eatre et Massages","potentialAction":[{"@type":"SearchAction","target":{"@type":"EntryPoint","urlTemplate":"https:\/\/www.sakura-spa.ch\/?s={search_term_string}"},"query-input":{"@type":"PropertyValueSpecification","valueRequired":true,"valueName":"search_term_string"}}],"inLanguage":"fr-FR"}]}},"_links":{"self":[{"href":"https:\/\/www.sakura-spa.ch\/fr\/wp-json\/wp\/v2\/pages\/5241","targetHints":{"allow":["GET"]}}],"collection":[{"href":"https:\/\/www.sakura-spa.ch\/fr\/wp-json\/wp\/v2\/pages"}],"about":[{"href":"https:\/\/www.sakura-spa.ch\/fr\/wp-json\/wp\/v2\/types\/page"}],"author":[{"embeddable":true,"href":"https:\/\/www.sakura-spa.ch\/fr\/wp-json\/wp\/v2\/users\/1"}],"replies":[{"embeddable":true,"href":"https:\/\/www.sakura-spa.ch\/fr\/wp-json\/wp\/v2\/comments?post=5241"}],"version-history":[{"count":45,"href":"https:\/\/www.sakura-spa.ch\/fr\/wp-json\/wp\/v2\/pages\/5241\/revisions"}],"predecessor-version":[{"id":27649,"href":"https:\/\/www.sakura-spa.ch\/fr\/wp-json\/wp\/v2\/pages\/5241\/revisions\/27649"}],"up":[{"embeddable":true,"href":"https:\/\/www.sakura-spa.ch\/fr\/wp-json\/wp\/v2\/pages\/1444"}],"wp:featuredmedia":[{"embeddable":true,"href":"https:\/\/www.sakura-spa.ch\/fr\/wp-json\/wp\/v2\/media\/384"}],"wp:attachment":[{"href":"https:\/\/www.sakura-spa.ch\/fr\/wp-json\/wp\/v2\/media?parent=5241"}],"curies":[{"name":"wp","href":"https:\/\/api.w.org\/{rel}","templated":true}]}}