{"id":5317,"date":"2022-10-10T17:03:03","date_gmt":"2022-10-10T15:03:03","guid":{"rendered":"https:\/\/p5.seoway.de\/?page_id=5317"},"modified":"2026-04-09T20:10:03","modified_gmt":"2026-04-09T18:10:03","slug":"imprimer","status":"publish","type":"page","link":"https:\/\/www.sakura-spa.ch\/fr\/imprimer\/","title":{"rendered":"imprimer"},"content":{"rendered":"<div data-elementor-type=\"wp-page\" data-elementor-id=\"5317\" class=\"elementor elementor-5317\" data-elementor-post-type=\"page\">\n\t\t\t\t\t\t<section class=\"elementor-section elementor-top-section elementor-element elementor-element-2a64296c elementor-section-full_width elementor-section-height-default elementor-section-height-default\" data-id=\"2a64296c\" data-element_type=\"section\">\n\t\t\t\t\t\t<div class=\"elementor-container elementor-column-gap-no\">\n\t\t\t\t\t<div class=\"elementor-column elementor-col-100 elementor-top-column elementor-element elementor-element-b476892\" data-id=\"b476892\" data-element_type=\"column\">\n\t\t\t<div class=\"elementor-widget-wrap elementor-element-populated\">\n\t\t\t\t\t\t<div class=\"elementor-element elementor-element-3ded0c9d elementor--h-position-left elementor--v-position-middle elementor-widget elementor-widget-slides\" data-id=\"3ded0c9d\" data-element_type=\"widget\" data-settings=\"{&quot;navigation&quot;:&quot;none&quot;,&quot;autoplay&quot;:&quot;yes&quot;,&quot;pause_on_hover&quot;:&quot;yes&quot;,&quot;pause_on_interaction&quot;:&quot;yes&quot;,&quot;autoplay_speed&quot;:5000,&quot;infinite&quot;:&quot;yes&quot;,&quot;transition&quot;:&quot;slide&quot;,&quot;transition_speed&quot;:500}\" data-widget_type=\"slides.default\">\n\t\t\t\t<div class=\"elementor-widget-container\">\n\t\t\t\t\t\t\t\t\t<div class=\"elementor-swiper\">\n\t\t\t\t\t<div class=\"elementor-slides-wrapper elementor-main-swiper swiper\" role=\"region\" aria-roledescription=\"carousel\" aria-label=\"diapositives\" dir=\"ltr\" data-animation=\"fadeInUp\">\n\t\t\t\t<div class=\"swiper-wrapper elementor-slides\">\n\t\t\t\t\t\t\t\t\t\t<div class=\"elementor-repeater-item-3e1ba6e swiper-slide\" role=\"group\" aria-roledescription=\"slide\"><div class=\"swiper-slide-bg elementor-ken-burns elementor-ken-burns--in\" role=\"img\"><\/div><div class=\"swiper-slide-inner\" ><div class=\"swiper-slide-contents\"><div class=\"elementor-slide-heading\">imprimer<\/div><\/div><\/div><\/div>\t\t\t\t<\/div>\n\t\t\t\t\t\t\t<\/div>\n\t\t\t\t<\/div>\n\t\t\t\t\t\t\t\t<\/div>\n\t\t\t\t<\/div>\n\t\t\t\t\t<\/div>\n\t\t<\/div>\n\t\t\t\t\t<\/div>\n\t\t<\/section>\n\t\t\t\t<section class=\"elementor-section elementor-top-section elementor-element elementor-element-6fe54c8f elementor-section-boxed elementor-section-height-default elementor-section-height-default\" data-id=\"6fe54c8f\" data-element_type=\"section\" data-settings=\"{&quot;background_background&quot;:&quot;classic&quot;}\">\n\t\t\t\t\t\t\t<div class=\"elementor-background-overlay\"><\/div>\n\t\t\t\t\t\t\t<div class=\"elementor-container elementor-column-gap-default\">\n\t\t\t\t\t<div class=\"elementor-column elementor-col-100 elementor-top-column elementor-element elementor-element-133b4aa5\" data-id=\"133b4aa5\" data-element_type=\"column\">\n\t\t\t<div class=\"elementor-widget-wrap elementor-element-populated\">\n\t\t\t\t\t\t<div class=\"elementor-element elementor-element-314c6f39 elementor-widget elementor-widget-global elementor-global-332 elementor-widget-breadcrumbs\" data-id=\"314c6f39\" data-element_type=\"widget\" data-widget_type=\"breadcrumbs.default\">\n\t\t\t\t<div class=\"elementor-widget-container\">\n\t\t\t\t\t<p id=\"breadcrumbs\"><span><span><a href=\"https:\/\/www.sakura-spa.ch\/fr\/\">page d&#039;accueil<\/a><\/span><\/span><\/p>\t\t\t\t<\/div>\n\t\t\t\t<\/div>\n\t\t\t\t\t<\/div>\n\t\t<\/div>\n\t\t\t\t\t<\/div>\n\t\t<\/section>\n\t\t\t\t<section class=\"elementor-section elementor-top-section elementor-element elementor-element-31dbdaf1 elementor-section-boxed elementor-section-height-default elementor-section-height-default\" data-id=\"31dbdaf1\" data-element_type=\"section\">\n\t\t\t\t\t\t<div class=\"elementor-container elementor-column-gap-default\">\n\t\t\t\t\t<div class=\"elementor-column elementor-col-100 elementor-top-column elementor-element elementor-element-555054e2\" data-id=\"555054e2\" data-element_type=\"column\">\n\t\t\t<div class=\"elementor-widget-wrap elementor-element-populated\">\n\t\t\t\t\t\t<div class=\"elementor-element elementor-element-5306bbe elementor-widget elementor-widget-heading\" data-id=\"5306bbe\" data-element_type=\"widget\" data-widget_type=\"heading.default\">\n\t\t\t\t<div class=\"elementor-widget-container\">\n\t\t\t\t\t<h1 class=\"elementor-heading-title elementor-size-default\">imprimer<\/h1>\t\t\t\t<\/div>\n\t\t\t\t<\/div>\n\t\t\t\t<div class=\"elementor-element elementor-element-620cbd9f elementor-widget elementor-widget-text-editor\" data-id=\"620cbd9f\" data-element_type=\"widget\" data-widget_type=\"text-editor.default\">\n\t\t\t\t<div class=\"elementor-widget-container\">\n\t\t\t\t\t\t\t\t\t<p><strong>Sakura Spa GmbH<\/strong><br \/>Directrice g\u00e9n\u00e9rale Claudia Doutheil<br \/>Rue Postale 14<br \/>9000 Saint-Gall<\/p>\t\t\t\t\t\t\t\t<\/div>\n\t\t\t\t<\/div>\n\t\t\t\t<div class=\"elementor-element elementor-element-4922853 elementor-position-left elementor-widget__width-auto elementor-mobile-position-left elementor-widget-mobile__width-inherit elementor-hidden-mobile callButton callText trackPhone hoverNoUnderline elementor-vertical-align-middle elementor-view-default elementor-widget elementor-widget-global elementor-global-5146 elementor-widget-icon-box\" data-id=\"4922853\" data-element_type=\"widget\" data-widget_type=\"icon-box.default\">\n\t\t\t\t<div class=\"elementor-widget-container\">\n\t\t\t\t\t\t\t<div class=\"elementor-icon-box-wrapper\">\n\n\t\t\t\t\t\t<div class=\"elementor-icon-box-icon\">\n\t\t\t\t<span  class=\"elementor-icon\">\n\t\t\t\t<i aria-hidden=\"true\" class=\"fas fa-phone-alt\"><\/i>\t\t\t\t<\/span>\n\t\t\t<\/div>\n\t\t\t\n\t\t\t\t\t\t<div class=\"elementor-icon-box-content\">\n\n\t\t\t\t\t\t\t\t\t<div class=\"elementor-icon-box-title\">\n\t\t\t\t\t\t<span  >\n\t\t\t\t\t\t\tafficher le num\u00e9ro de t\u00e9l\u00e9phone\t\t\t\t\t\t<\/span>\n\t\t\t\t\t<\/div>\n\t\t\t\t\n\t\t\t\t\n\t\t\t<\/div>\n\t\t\t\n\t\t<\/div>\n\t\t\t\t\t\t<\/div>\n\t\t\t\t<\/div>\n\t\t\t\t<div class=\"elementor-element elementor-element-3a3729f elementor-position-left elementor-widget__width-auto elementor-mobile-position-left elementor-widget-mobile__width-inherit d-none elementor-hidden-mobile elementor-view-default elementor-vertical-align-top elementor-widget elementor-widget-global elementor-global-5149 elementor-widget-icon-box\" data-id=\"3a3729f\" data-element_type=\"widget\" data-widget_type=\"icon-box.default\">\n\t\t\t\t<div class=\"elementor-widget-container\">\n\t\t\t\t\t\t\t<div class=\"elementor-icon-box-wrapper\">\n\n\t\t\t\t\t\t<div class=\"elementor-icon-box-icon\">\n\t\t\t\t<span  class=\"elementor-icon\">\n\t\t\t\t<i aria-hidden=\"true\" class=\"fas fa-phone-alt\"><\/i>\t\t\t\t<\/span>\n\t\t\t<\/div>\n\t\t\t\n\t\t\t\t\t\t<div class=\"elementor-icon-box-content\">\n\n\t\t\t\t\t\t\t\t\t<div class=\"elementor-icon-box-title\">\n\t\t\t\t\t\t<span  >\n\t\t\t\t\t\t\t+41 (0)71 280 05 81\t\t\t\t\t\t<\/span>\n\t\t\t\t\t<\/div>\n\t\t\t\t\n\t\t\t\t\n\t\t\t<\/div>\n\t\t\t\n\t\t<\/div>\n\t\t\t\t\t\t<\/div>\n\t\t\t\t<\/div>\n\t\t\t\t<div class=\"elementor-element elementor-element-d348cc0 elementor-position-left elementor-widget__width-auto elementor-mobile-position-left elementor-widget-mobile__width-inherit elementor-hidden-tablet trackSmartphone elementor-hidden-desktop elementor-view-default elementor-vertical-align-top elementor-widget elementor-widget-global elementor-global-5152 elementor-widget-icon-box\" data-id=\"d348cc0\" data-element_type=\"widget\" data-widget_type=\"icon-box.default\">\n\t\t\t\t<div class=\"elementor-widget-container\">\n\t\t\t\t\t\t\t<div class=\"elementor-icon-box-wrapper\">\n\n\t\t\t\t\t\t<div class=\"elementor-icon-box-icon\">\n\t\t\t\t<span  class=\"elementor-icon\">\n\t\t\t\t<i aria-hidden=\"true\" class=\"fas fa-phone-alt\"><\/i>\t\t\t\t<\/span>\n\t\t\t<\/div>\n\t\t\t\n\t\t\t\t\t\t<div class=\"elementor-icon-box-content\">\n\n\t\t\t\t\t\t\t\t\t<div class=\"elementor-icon-box-title\">\n\t\t\t\t\t\t<span  >\n\t\t\t\t\t\t\t+41 (0)71 280 05 81\t\t\t\t\t\t<\/span>\n\t\t\t\t\t<\/div>\n\t\t\t\t\n\t\t\t\t\n\t\t\t<\/div>\n\t\t\t\n\t\t<\/div>\n\t\t\t\t\t\t<\/div>\n\t\t\t\t<\/div>\n\t\t\t\t<div class=\"elementor-element elementor-element-2a738cf elementor-widget elementor-widget-text-editor\" data-id=\"2a738cf\" data-element_type=\"widget\" data-widget_type=\"text-editor.default\">\n\t\t\t\t<div class=\"elementor-widget-container\">\n\t\t\t\t\t\t\t\t\t<p>Num\u00e9ro de TVA : CHE-338.570.885<br \/>Num\u00e9ro de TVA : CHE-338.570.885 TVA<\/p><p>Tous les prix en CHF et incluent la TVA 7.7%.<\/p>\t\t\t\t\t\t\t\t<\/div>\n\t\t\t\t<\/div>\n\t\t\t\t<div class=\"elementor-element elementor-element-1a638964 elementor-widget elementor-widget-heading\" data-id=\"1a638964\" data-element_type=\"widget\" data-widget_type=\"heading.default\">\n\t\t\t\t<div class=\"elementor-widget-container\">\n\t\t\t\t\t<h3 class=\"elementor-heading-title elementor-size-default\">juridiction<\/h3>\t\t\t\t<\/div>\n\t\t\t\t<\/div>\n\t\t\t\t<div class=\"elementor-element elementor-element-c41bd4b elementor-widget elementor-widget-text-editor\" data-id=\"c41bd4b\" data-element_type=\"widget\" data-widget_type=\"text-editor.default\">\n\t\t\t\t<div class=\"elementor-widget-container\">\n\t\t\t\t\t\t\t\t\t<p>Nos activit\u00e9s commerciales sont bas\u00e9es sur le droit suisse.<br \/>Forme juridique : GmbH<br \/>Le for juridique est Saint-Gall<\/p>\t\t\t\t\t\t\t\t<\/div>\n\t\t\t\t<\/div>\n\t\t\t\t<div class=\"elementor-element elementor-element-abc5be8 elementor-widget elementor-widget-heading\" data-id=\"abc5be8\" data-element_type=\"widget\" data-widget_type=\"heading.default\">\n\t\t\t\t<div class=\"elementor-widget-container\">\n\t\t\t\t\t<h3 class=\"elementor-heading-title elementor-size-default\">droits d&#039;auteur<\/h3>\t\t\t\t<\/div>\n\t\t\t\t<\/div>\n\t\t\t\t<div class=\"elementor-element elementor-element-36ce282 elementor-widget elementor-widget-text-editor\" data-id=\"36ce282\" data-element_type=\"widget\" data-widget_type=\"text-editor.default\">\n\t\t\t\t<div class=\"elementor-widget-container\">\n\t\t\t\t\t\t\t\t\t<p>Le contenu du site Web de Sakura Spa GmbH est prot\u00e9g\u00e9 par le droit d&#039;auteur. Tous droits r\u00e9serv\u00e9s. L&#039;utilisation de textes et d&#039;images, m\u00eame partielle, sans le consentement \u00e9crit pr\u00e9alable de Sakura Spa GmbH viole les dispositions du droit d&#039;auteur et est donc ill\u00e9gale.<\/p>\t\t\t\t\t\t\t\t<\/div>\n\t\t\t\t<\/div>\n\t\t\t\t<div class=\"elementor-element elementor-element-27bfe4f elementor-widget elementor-widget-heading\" data-id=\"27bfe4f\" data-element_type=\"widget\" data-widget_type=\"heading.default\">\n\t\t\t\t<div class=\"elementor-widget-container\">\n\t\t\t\t\t<h3 class=\"elementor-heading-title elementor-size-default\">marketing en ligne et conception de sites Web<\/h3>\t\t\t\t<\/div>\n\t\t\t\t<\/div>\n\t\t\t\t<div class=\"elementor-element elementor-element-1fc6176c elementor-widget elementor-widget-text-editor\" data-id=\"1fc6176c\" data-element_type=\"widget\" data-widget_type=\"text-editor.default\">\n\t\t\t\t<div class=\"elementor-widget-container\">\n\t\t\t\t\t\t\t\t\t<p>Optimisation des moteurs de recherche, Google Ads et conception de sites Web r\u00e9alis\u00e9s par une agence de marketing en ligne <a href=\"https:\/\/www.seoway.de\/\">SEOWAY\u00ae<\/a><\/p>\t\t\t\t\t\t\t\t<\/div>\n\t\t\t\t<\/div>\n\t\t\t\t<div class=\"elementor-element elementor-element-7372ef7d elementor-widget elementor-widget-heading\" data-id=\"7372ef7d\" data-element_type=\"widget\" data-widget_type=\"heading.default\">\n\t\t\t\t<div class=\"elementor-widget-container\">\n\t\t\t\t\t<h3 class=\"elementor-heading-title elementor-size-default\">Contenu graphique<\/h3>\t\t\t\t<\/div>\n\t\t\t\t<\/div>\n\t\t\t\t<div class=\"elementor-element elementor-element-4228cd67 elementor-widget elementor-widget-text-editor\" data-id=\"4228cd67\" data-element_type=\"widget\" data-widget_type=\"text-editor.default\">\n\t\t\t\t<div class=\"elementor-widget-container\">\n\t\t\t\t\t\t\t\t\t<p>Source de l&#039;image : stock.adobe.com<\/p>\t\t\t\t\t\t\t\t<\/div>\n\t\t\t\t<\/div>\n\t\t\t\t\t<\/div>\n\t\t<\/div>\n\t\t\t\t\t<\/div>\n\t\t<\/section>\n\t\t\t\t<\/div>","protected":false},"excerpt":{"rendered":"<p>Impressum Impressum Sakura Spa GmbHGesch\u00e4ftsf\u00fchrerin Claudia DoutheilPoststrasse 149000 St. Gallen Telefonnummer anzeigen +41 (0)71 280 05 81 +41 (0)71 280 05 81 USt-IdNr.: CHE-338.570.885Mwst.-Nr: CHE-338.570.885 MWST S\u00e4mtliche Preise in CHF und inkl. 7.7% Mwst. Gerichtsstand Unsere Gesch\u00e4ftst\u00e4tigkeit basiert auf schweizerischem Recht.Rechtsform: GmbHGerichtsstand ist St. Gallen Copyright Die vorliegenden Inhalte des Internetauftritts Sakura Spa GmbH sind [&hellip;]<\/p>\n","protected":false},"author":1,"featured_media":0,"parent":0,"menu_order":0,"comment_status":"closed","ping_status":"closed","template":"","meta":{"footnotes":""},"class_list":["post-5317","page","type-page","status-publish","hentry"],"yoast_head":"<!-- This site is optimized with the Yoast SEO plugin v25.2 - https:\/\/yoast.com\/wordpress\/plugins\/seo\/ -->\n<title>Impressum - Sakura Spa in St. Gallen<\/title>\n<meta name=\"robots\" content=\"noindex, follow\" \/>\n<meta property=\"og:locale\" content=\"fr_FR\" \/>\n<meta property=\"og:type\" content=\"article\" \/>\n<meta property=\"og:title\" content=\"Impressum - Sakura Spa in St. Gallen\" \/>\n<meta property=\"og:description\" content=\"Impressum Impressum Sakura Spa GmbHGesch\u00e4ftsf\u00fchrerin Claudia DoutheilPoststrasse 149000 St. Gallen Telefonnummer anzeigen +41 (0)71 280 05 81 +41 (0)71 280 05 81 USt-IdNr.: CHE-338.570.885Mwst.-Nr: CHE-338.570.885 MWST S\u00e4mtliche Preise in CHF und inkl. 7.7% Mwst. Gerichtsstand Unsere Gesch\u00e4ftst\u00e4tigkeit basiert auf schweizerischem Recht.Rechtsform: GmbHGerichtsstand ist St. Gallen Copyright Die vorliegenden Inhalte des Internetauftritts Sakura Spa GmbH sind [&hellip;]\" \/>\n<meta property=\"og:url\" content=\"https:\/\/www.sakura-spa.ch\/fr\/imprimer\/\" \/>\n<meta property=\"og:site_name\" content=\"Sakura Spa in St. Gallen\" \/>\n<meta property=\"article:modified_time\" content=\"2026-04-09T18:10:03+00:00\" \/>\n<meta name=\"twitter:card\" content=\"summary_large_image\" \/>\n<script type=\"application\/ld+json\" class=\"yoast-schema-graph\">{\"@context\":\"https:\/\/schema.org\",\"@graph\":[{\"@type\":\"WebPage\",\"@id\":\"https:\/\/www.sakura-spa.ch\/impressum\/\",\"url\":\"https:\/\/www.sakura-spa.ch\/impressum\/\",\"name\":\"Impressum - Sakura Spa in St. Gallen\",\"isPartOf\":{\"@id\":\"https:\/\/www.sakura-spa.ch\/#website\"},\"datePublished\":\"2022-10-10T15:03:03+00:00\",\"dateModified\":\"2026-04-09T18:10:03+00:00\",\"breadcrumb\":{\"@id\":\"https:\/\/www.sakura-spa.ch\/impressum\/#breadcrumb\"},\"inLanguage\":\"fr-FR\",\"potentialAction\":[{\"@type\":\"ReadAction\",\"target\":[\"https:\/\/www.sakura-spa.ch\/impressum\/\"]}]},{\"@type\":\"BreadcrumbList\",\"@id\":\"https:\/\/www.sakura-spa.ch\/impressum\/#breadcrumb\",\"itemListElement\":[{\"@type\":\"ListItem\",\"position\":1,\"name\":\"Startseite\",\"item\":\"https:\/\/www.sakura-spa.ch\/\"},{\"@type\":\"ListItem\",\"position\":2,\"name\":\"Impressum\"}]},{\"@type\":\"WebSite\",\"@id\":\"https:\/\/www.sakura-spa.ch\/#website\",\"url\":\"https:\/\/www.sakura-spa.ch\/\",\"name\":\"Sakura Spa in St. Gallen\",\"description\":\"Kosmetik, Wellness und Massage\",\"potentialAction\":[{\"@type\":\"SearchAction\",\"target\":{\"@type\":\"EntryPoint\",\"urlTemplate\":\"https:\/\/www.sakura-spa.ch\/?s={search_term_string}\"},\"query-input\":{\"@type\":\"PropertyValueSpecification\",\"valueRequired\":true,\"valueName\":\"search_term_string\"}}],\"inLanguage\":\"fr-FR\"}]}<\/script>\n<!-- \/ Yoast SEO plugin. -->","yoast_head_json":{"title":"Mentions l\u00e9gales - Sakura Spa \u00e0 Saint-Gall","robots":{"index":"noindex","follow":"follow"},"og_locale":"fr_FR","og_type":"article","og_title":"Impressum - Sakura Spa in St. Gallen","og_description":"Impressum Impressum Sakura Spa GmbHGesch\u00e4ftsf\u00fchrerin Claudia DoutheilPoststrasse 149000 St. Gallen Telefonnummer anzeigen +41 (0)71 280 05 81 +41 (0)71 280 05 81 USt-IdNr.: CHE-338.570.885Mwst.-Nr: CHE-338.570.885 MWST S\u00e4mtliche Preise in CHF und inkl. 7.7% Mwst. Gerichtsstand Unsere Gesch\u00e4ftst\u00e4tigkeit basiert auf schweizerischem Recht.Rechtsform: GmbHGerichtsstand ist St. Gallen Copyright Die vorliegenden Inhalte des Internetauftritts Sakura Spa GmbH sind [&hellip;]","og_url":"https:\/\/www.sakura-spa.ch\/fr\/imprimer\/","og_site_name":"Sakura Spa in St. Gallen","article_modified_time":"2026-04-09T18:10:03+00:00","twitter_card":"summary_large_image","schema":{"@context":"https:\/\/schema.org","@graph":[{"@type":"WebPage","@id":"https:\/\/www.sakura-spa.ch\/impressum\/","url":"https:\/\/www.sakura-spa.ch\/impressum\/","name":"Mentions l\u00e9gales - Sakura Spa \u00e0 Saint-Gall","isPartOf":{"@id":"https:\/\/www.sakura-spa.ch\/#website"},"datePublished":"2022-10-10T15:03:03+00:00","dateModified":"2026-04-09T18:10:03+00:00","breadcrumb":{"@id":"https:\/\/www.sakura-spa.ch\/impressum\/#breadcrumb"},"inLanguage":"fr-FR","potentialAction":[{"@type":"ReadAction","target":["https:\/\/www.sakura-spa.ch\/impressum\/"]}]},{"@type":"BreadcrumbList","@id":"https:\/\/www.sakura-spa.ch\/impressum\/#breadcrumb","itemListElement":[{"@type":"ListItem","position":1,"name":"Startseite","item":"https:\/\/www.sakura-spa.ch\/"},{"@type":"ListItem","position":2,"name":"Impressum"}]},{"@type":"WebSite","@id":"https:\/\/www.sakura-spa.ch\/#website","url":"https:\/\/www.sakura-spa.ch\/","name":"Spa Sakura \u00e0 Saint-Gall","description":"Cosm\u00e9tiques, Bien-\u00eatre et Massages","potentialAction":[{"@type":"SearchAction","target":{"@type":"EntryPoint","urlTemplate":"https:\/\/www.sakura-spa.ch\/?s={search_term_string}"},"query-input":{"@type":"PropertyValueSpecification","valueRequired":true,"valueName":"search_term_string"}}],"inLanguage":"fr-FR"}]}},"_links":{"self":[{"href":"https:\/\/www.sakura-spa.ch\/fr\/wp-json\/wp\/v2\/pages\/5317","targetHints":{"allow":["GET"]}}],"collection":[{"href":"https:\/\/www.sakura-spa.ch\/fr\/wp-json\/wp\/v2\/pages"}],"about":[{"href":"https:\/\/www.sakura-spa.ch\/fr\/wp-json\/wp\/v2\/types\/page"}],"author":[{"embeddable":true,"href":"https:\/\/www.sakura-spa.ch\/fr\/wp-json\/wp\/v2\/users\/1"}],"replies":[{"embeddable":true,"href":"https:\/\/www.sakura-spa.ch\/fr\/wp-json\/wp\/v2\/comments?post=5317"}],"version-history":[{"count":16,"href":"https:\/\/www.sakura-spa.ch\/fr\/wp-json\/wp\/v2\/pages\/5317\/revisions"}],"predecessor-version":[{"id":16543,"href":"https:\/\/www.sakura-spa.ch\/fr\/wp-json\/wp\/v2\/pages\/5317\/revisions\/16543"}],"wp:attachment":[{"href":"https:\/\/www.sakura-spa.ch\/fr\/wp-json\/wp\/v2\/media?parent=5317"}],"curies":[{"name":"wp","href":"https:\/\/api.w.org\/{rel}","templated":true}]}}