{"id":769,"date":"2022-09-29T12:13:15","date_gmt":"2022-09-29T10:13:15","guid":{"rendered":"https:\/\/p5.seoway.de\/?page_id=769"},"modified":"2025-11-29T10:20:37","modified_gmt":"2025-11-29T09:20:37","slug":"massage-classique","status":"publish","type":"page","link":"https:\/\/www.sakura-spa.ch\/fr\/massages\/massage-classique\/","title":{"rendered":"massage classique"},"content":{"rendered":"<div data-elementor-type=\"wp-page\" data-elementor-id=\"769\" class=\"elementor elementor-769\" data-elementor-post-type=\"page\">\n\t\t\t\t\t\t<section class=\"elementor-section elementor-top-section elementor-element elementor-element-589d967 elementor-section-full_width elementor-section-height-default elementor-section-height-default\" data-id=\"589d967\" data-element_type=\"section\">\n\t\t\t\t\t\t<div class=\"elementor-container elementor-column-gap-no\">\n\t\t\t\t\t<div class=\"elementor-column elementor-col-100 elementor-top-column elementor-element elementor-element-5c88f7b5\" data-id=\"5c88f7b5\" data-element_type=\"column\">\n\t\t\t<div class=\"elementor-widget-wrap elementor-element-populated\">\n\t\t\t\t\t\t<div class=\"elementor-element elementor-element-6b9bed09 elementor--h-position-left elementor--v-position-middle elementor-widget elementor-widget-slides\" data-id=\"6b9bed09\" data-element_type=\"widget\" data-settings=\"{&quot;navigation&quot;:&quot;none&quot;,&quot;autoplay_speed&quot;:10000,&quot;transition_speed&quot;:200,&quot;autoplay&quot;:&quot;yes&quot;,&quot;pause_on_hover&quot;:&quot;yes&quot;,&quot;pause_on_interaction&quot;:&quot;yes&quot;,&quot;infinite&quot;:&quot;yes&quot;,&quot;transition&quot;:&quot;slide&quot;}\" data-widget_type=\"slides.default\">\n\t\t\t\t<div class=\"elementor-widget-container\">\n\t\t\t\t\t\t\t\t\t<div class=\"elementor-swiper\">\n\t\t\t\t\t<div class=\"elementor-slides-wrapper elementor-main-swiper swiper\" role=\"region\" aria-roledescription=\"carousel\" aria-label=\"curseur\" dir=\"ltr\" data-animation=\"fadeInUp\">\n\t\t\t\t<div class=\"swiper-wrapper elementor-slides\">\n\t\t\t\t\t\t\t\t\t\t<div class=\"elementor-repeater-item-3e1ba6e swiper-slide\" role=\"group\" aria-roledescription=\"slide\"><div class=\"swiper-slide-bg elementor-ken-burns elementor-ken-burns--in\" role=\"img\"><\/div><div class=\"swiper-slide-inner\" ><div class=\"swiper-slide-contents\"><div class=\"elementor-slide-heading\">massage classique<\/div><div class=\"elementor-slide-description\">soulager les muscles tendus<\/div><a href=\"#elementor-action%3Aaction%3Dpopup%3Aopen%26settings%3DeyJpZCI6IjM1IiwidG9nZ2xlIjpmYWxzZX0%3D\" class=\"elementor-button elementor-slide-button elementor-size-md\">contact<\/a><\/div><\/div><\/div><div class=\"elementor-repeater-item-11679b6 swiper-slide\" role=\"group\" aria-roledescription=\"slide\"><div class=\"swiper-slide-bg elementor-ken-burns elementor-ken-burns--in\" role=\"img\"><\/div><div class=\"swiper-slide-inner\" ><div class=\"swiper-slide-contents\"><div class=\"elementor-slide-heading\">massage classique<\/div><div class=\"elementor-slide-description\">d\u00e9tente - r\u00e9g\u00e9n\u00e9ration - vitalit\u00e9<\/div><a href=\"#elementor-action%3Aaction%3Dpopup%3Aopen%26settings%3DeyJpZCI6IjM1IiwidG9nZ2xlIjpmYWxzZX0%3D\" class=\"elementor-button elementor-slide-button elementor-size-md\">contact<\/a><\/div><\/div><\/div>\t\t\t\t<\/div>\n\t\t\t\t\t\t\t\t\t\t\t\t\t\t\t\t\t\t\t\t\t<\/div>\n\t\t\t\t<\/div>\n\t\t\t\t\t\t\t\t<\/div>\n\t\t\t\t<\/div>\n\t\t\t\t\t<\/div>\n\t\t<\/div>\n\t\t\t\t\t<\/div>\n\t\t<\/section>\n\t\t\t\t<section class=\"elementor-section elementor-top-section elementor-element elementor-element-53f712c3 elementor-section-boxed elementor-section-height-default elementor-section-height-default\" data-id=\"53f712c3\" data-element_type=\"section\" data-settings=\"{&quot;background_background&quot;:&quot;classic&quot;}\">\n\t\t\t\t\t\t\t<div class=\"elementor-background-overlay\"><\/div>\n\t\t\t\t\t\t\t<div class=\"elementor-container elementor-column-gap-default\">\n\t\t\t\t\t<div class=\"elementor-column elementor-col-100 elementor-top-column elementor-element elementor-element-12af9689\" data-id=\"12af9689\" data-element_type=\"column\">\n\t\t\t<div class=\"elementor-widget-wrap elementor-element-populated\">\n\t\t\t\t\t\t<div class=\"elementor-element elementor-element-468a84b7 elementor-widget elementor-widget-global elementor-global-332 elementor-widget-breadcrumbs\" data-id=\"468a84b7\" data-element_type=\"widget\" data-widget_type=\"breadcrumbs.default\">\n\t\t\t\t<div class=\"elementor-widget-container\">\n\t\t\t\t\t<p id=\"breadcrumbs\"><span><span><a href=\"https:\/\/www.sakura-spa.ch\/fr\/\">page d&#039;accueil<\/a><\/span><\/span><\/p>\t\t\t\t<\/div>\n\t\t\t\t<\/div>\n\t\t\t\t\t<\/div>\n\t\t<\/div>\n\t\t\t\t\t<\/div>\n\t\t<\/section>\n\t\t\t\t<section class=\"elementor-section elementor-top-section elementor-element elementor-element-06811a5 elementor-section-boxed elementor-section-height-default elementor-section-height-default\" data-id=\"06811a5\" data-element_type=\"section\">\n\t\t\t\t\t\t<div class=\"elementor-container elementor-column-gap-default\">\n\t\t\t\t\t<div class=\"elementor-column elementor-col-100 elementor-top-column elementor-element elementor-element-33e6687\" data-id=\"33e6687\" data-element_type=\"column\">\n\t\t\t<div class=\"elementor-widget-wrap elementor-element-populated\">\n\t\t\t\t\t\t<div class=\"elementor-element elementor-element-c90083c elementor-widget elementor-widget-heading\" data-id=\"c90083c\" data-element_type=\"widget\" data-widget_type=\"heading.default\">\n\t\t\t\t<div class=\"elementor-widget-container\">\n\t\t\t\t\t<h1 class=\"elementor-heading-title elementor-size-default\">massage classique<\/h1>\t\t\t\t<\/div>\n\t\t\t\t<\/div>\n\t\t\t\t\t<\/div>\n\t\t<\/div>\n\t\t\t\t\t<\/div>\n\t\t<\/section>\n\t\t\t\t<section class=\"elementor-section elementor-top-section elementor-element elementor-element-b944ed0 elementor-reverse-tablet elementor-reverse-mobile elementor-section-boxed elementor-section-height-default elementor-section-height-default\" data-id=\"b944ed0\" data-element_type=\"section\">\n\t\t\t\t\t\t<div class=\"elementor-container elementor-column-gap-default\">\n\t\t\t\t\t<div class=\"elementor-column elementor-col-50 elementor-top-column elementor-element elementor-element-8519369\" data-id=\"8519369\" data-element_type=\"column\">\n\t\t\t<div class=\"elementor-widget-wrap elementor-element-populated\">\n\t\t\t\t\t\t<div class=\"elementor-element elementor-element-12c7f8c elementor-widget elementor-widget-text-editor\" data-id=\"12c7f8c\" data-element_type=\"widget\" data-widget_type=\"text-editor.default\">\n\t\t\t\t<div class=\"elementor-widget-container\">\n\t\t\t\t\t\t\t\t\t<p>Le massage classique est utilis\u00e9 pour traiter les tensions \u2013 les durcissements musculaires, les n\u0153uds, les adh\u00e9rences et les blocages sont lib\u00e9r\u00e9s et des voies libres sont cr\u00e9\u00e9es pour une nouvelle vitalit\u00e9.<\/p>\t\t\t\t\t\t\t\t<\/div>\n\t\t\t\t<\/div>\n\t\t\t\t<div class=\"elementor-element elementor-element-44dde64 elementor-widget elementor-widget-heading\" data-id=\"44dde64\" data-element_type=\"widget\" data-widget_type=\"heading.default\">\n\t\t\t\t<div class=\"elementor-widget-container\">\n\t\t\t\t\t<h2 class=\"elementor-heading-title elementor-size-default\">offrez-vous un massage classique au Sakura Spa de Saint-Gall<\/h2>\t\t\t\t<\/div>\n\t\t\t\t<\/div>\n\t\t\t\t<div class=\"elementor-element elementor-element-71266e9 elementor-widget elementor-widget-text-editor\" data-id=\"71266e9\" data-element_type=\"widget\" data-widget_type=\"text-editor.default\">\n\t\t\t\t<div class=\"elementor-widget-container\">\n\t\t\t\t\t\t\t\t\t<p>Vous \u00eates \u00e0 peine lev\u00e9 et vos mouvements sont d\u00e9j\u00e0 douloureux ? Les tensions font mal et rendent nos vies difficiles. Les causes de la douleur sont vari\u00e9es ; les muscles touch\u00e9s n\u00e9cessitent soulagement et relaxation. La tension et le durcissement musculaire s&#039;\u00e9tendent de la colonne cervicale \u00e0 la r\u00e9gion des \u00e9paules jusqu&#039;aux zones sup\u00e9rieures de la colonne thoracique ; la douleur peut \u00e9galement irradier des fesses vers les bras et les jambes. La zone musculaire affect\u00e9e est durcie, engourdie et engourdie.<\/p>\t\t\t\t\t\t\t\t<\/div>\n\t\t\t\t<\/div>\n\t\t\t\t<div class=\"elementor-element elementor-element-71e7c42 elementor-widget elementor-widget-heading\" data-id=\"71e7c42\" data-element_type=\"widget\" data-widget_type=\"heading.default\">\n\t\t\t\t<div class=\"elementor-widget-container\">\n\t\t\t\t\t<h2 class=\"elementor-heading-title elementor-size-default\">massage classique du corps entier ou massage du dos<\/h2>\t\t\t\t<\/div>\n\t\t\t\t<\/div>\n\t\t\t\t<div class=\"elementor-element elementor-element-72cc0a7 elementor-widget elementor-widget-text-editor\" data-id=\"72cc0a7\" data-element_type=\"widget\" data-widget_type=\"text-editor.default\">\n\t\t\t\t<div class=\"elementor-widget-container\">\n\t\t\t\t\t\t\t\t\t<p>Lors d&#039;un massage classique, notre th\u00e9rapeute peut percevoir les durcissements musculaires comme des n\u0153uds sous la peau et travailler dessus pour les desserrer. Elle utilise des huiles chaudes issues de l&#039;aromath\u00e9rapie. Gr\u00e2ce au massage classique, les touches sont transmises directement au cerveau via les voies nerveuses, ce qui soulage la douleur, lib\u00e8re les blocages, r\u00e9duit le stress, la douleur et les peurs et renforce le syst\u00e8me immunitaire - le corps et l&#039;\u00e2me re\u00e7oivent la pause bien n\u00e9cessaire et sont choy\u00e9s, les adh\u00e9rences dans les tissus conjonctifs sont trait\u00e9es pour vous donner une sensation de neuf. Un massage classique stimule la circulation sanguine et le m\u00e9tabolisme, soulage la fatigue, l\u2019\u00e9puisement et les maux de dos et cr\u00e9e un espace libre pour une nouvelle vitalit\u00e9 et une nouvelle \u00e9nergie. Massage complet du corps disponible \u00e0 partir de 50 minutes.<\/p>\t\t\t\t\t\t\t\t<\/div>\n\t\t\t\t<\/div>\n\t\t\t\t\t<\/div>\n\t\t<\/div>\n\t\t\t\t<div class=\"elementor-column elementor-col-50 elementor-top-column elementor-element elementor-element-fe48dc9\" data-id=\"fe48dc9\" data-element_type=\"column\">\n\t\t\t<div class=\"elementor-widget-wrap elementor-element-populated\">\n\t\t\t\t\t\t<div class=\"elementor-element elementor-element-140ab15 elementor-widget__width-auto elementor-widget elementor-widget-image\" data-id=\"140ab15\" data-element_type=\"widget\" data-widget_type=\"image.default\">\n\t\t\t\t<div class=\"elementor-widget-container\">\n\t\t\t\t\t\t\t\t\t\t\t\t\t\t\t<img fetchpriority=\"high\" decoding=\"async\" width=\"800\" height=\"534\" src=\"https:\/\/www.sakura-spa.ch\/wp-content\/uploads\/MASSAGE_iStock-511022600_neu-1024x683.jpg\" class=\"attachment-large size-large wp-image-2392\" alt=\"massage classique du dos\" srcset=\"https:\/\/www.sakura-spa.ch\/wp-content\/uploads\/MASSAGE_iStock-511022600_neu-1024x683.jpg 1024w, https:\/\/www.sakura-spa.ch\/wp-content\/uploads\/MASSAGE_iStock-511022600_neu-300x200.jpg 300w, https:\/\/www.sakura-spa.ch\/wp-content\/uploads\/MASSAGE_iStock-511022600_neu-768x512.jpg 768w, https:\/\/www.sakura-spa.ch\/wp-content\/uploads\/MASSAGE_iStock-511022600_neu-1536x1024.jpg 1536w, https:\/\/www.sakura-spa.ch\/wp-content\/uploads\/MASSAGE_iStock-511022600_neu-2048x1365.jpg 2048w\" sizes=\"(max-width: 800px) 100vw, 800px\" \/>\t\t\t\t\t\t\t\t\t\t\t\t\t\t\t<\/div>\n\t\t\t\t<\/div>\n\t\t\t\t<div class=\"elementor-element elementor-element-cdf7446 elementor-align-center elementor-icon-list--layout-traditional elementor-list-item-link-full_width elementor-widget elementor-widget-global elementor-global-3258 elementor-widget-icon-list\" data-id=\"cdf7446\" data-element_type=\"widget\" data-widget_type=\"icon-list.default\">\n\t\t\t\t<div class=\"elementor-widget-container\">\n\t\t\t\t\t\t\t<ul class=\"elementor-icon-list-items\">\n\t\t\t\t\t\t\t<li class=\"elementor-icon-list-item\">\n\t\t\t\t\t\t\t\t\t\t<span class=\"elementor-icon-list-text\">Sous-corps\u00a0:<\/span>\n\t\t\t\t\t\t\t\t\t<\/li>\n\t\t\t\t\t\t\t\t<li class=\"elementor-icon-list-item\">\n\t\t\t\t\t\t\t\t\t\t<span class=\"elementor-icon-list-text\">30 min - 70.- | 40 minutes - 85.-  <\/span>\n\t\t\t\t\t\t\t\t\t<\/li>\n\t\t\t\t\t\t\t\t<li class=\"elementor-icon-list-item\">\n\t\t\t\t\t\t\t\t\t\t<span class=\"elementor-icon-list-text\">45 min. - 95.- | 50 min. - 100.-  <\/span>\n\t\t\t\t\t\t\t\t\t<\/li>\n\t\t\t\t\t\t\t\t<li class=\"elementor-icon-list-item\">\n\t\t\t\t\t\t\t\t\t\t<span class=\"elementor-icon-list-text\">Corps entier :<\/span>\n\t\t\t\t\t\t\t\t\t<\/li>\n\t\t\t\t\t\t\t\t<li class=\"elementor-icon-list-item\">\n\t\t\t\t\t\t\t\t\t\t<span class=\"elementor-icon-list-text\">60 min. - 120.- | 75 min. - 145.-<\/span>\n\t\t\t\t\t\t\t\t\t<\/li>\n\t\t\t\t\t\t\t\t<li class=\"elementor-icon-list-item\">\n\t\t\t\t\t\t\t\t\t\t<span class=\"elementor-icon-list-text\">90 min. - 165- | 120 min. - 210.-<\/span>\n\t\t\t\t\t\t\t\t\t<\/li>\n\t\t\t\t\t\t\t\t<li class=\"elementor-icon-list-item\">\n\t\t\t\t\t\t\t\t\t\t<span class=\"elementor-icon-list-text\"><\/span>\n\t\t\t\t\t\t\t\t\t<\/li>\n\t\t\t\t\t\t\t\t<li class=\"elementor-icon-list-item\">\n\t\t\t\t\t\t\t\t\t\t<span class=\"elementor-icon-list-text\"><\/span>\n\t\t\t\t\t\t\t\t\t<\/li>\n\t\t\t\t\t\t\t\t<li class=\"elementor-icon-list-item\">\n\t\t\t\t\t\t\t\t\t\t\t<a href=\"https:\/\/shop.tac.eu.com\/Sakura\/shop\/vouchers\/category\/362\/\">\n\n\t\t\t\t\t\t\t\t\t\t\t<span class=\"elementor-icon-list-text\">Acheter un bon d&#039;achat<\/span>\n\t\t\t\t\t\t\t\t\t\t\t<\/a>\n\t\t\t\t\t\t\t\t\t<\/li>\n\t\t\t\t\t\t<\/ul>\n\t\t\t\t\t\t<\/div>\n\t\t\t\t<\/div>\n\t\t\t\t\t<\/div>\n\t\t<\/div>\n\t\t\t\t\t<\/div>\n\t\t<\/section>\n\t\t\t\t<section class=\"elementor-section elementor-top-section elementor-element elementor-element-b0906de elementor-section-boxed elementor-section-height-default elementor-section-height-default\" data-id=\"b0906de\" data-element_type=\"section\">\n\t\t\t\t\t\t<div class=\"elementor-container elementor-column-gap-default\">\n\t\t\t\t\t<div class=\"elementor-column elementor-col-100 elementor-top-column elementor-element elementor-element-83171c0\" data-id=\"83171c0\" data-element_type=\"column\">\n\t\t\t<div class=\"elementor-widget-wrap elementor-element-populated\">\n\t\t\t\t\t\t<div class=\"elementor-element elementor-element-e77ae99 elementor-widget elementor-widget-heading\" data-id=\"e77ae99\" data-element_type=\"widget\" data-widget_type=\"heading.default\">\n\t\t\t\t<div class=\"elementor-widget-container\">\n\t\t\t\t\t<h2 class=\"elementor-heading-title elementor-size-default\">aromath\u00e9rapie \u2013 huiles chaudes contre les tensions<\/h2>\t\t\t\t<\/div>\n\t\t\t\t<\/div>\n\t\t\t\t<div class=\"elementor-element elementor-element-e4832de elementor-widget elementor-widget-text-editor\" data-id=\"e4832de\" data-element_type=\"widget\" data-widget_type=\"text-editor.default\">\n\t\t\t\t<div class=\"elementor-widget-container\">\n\t\t\t\t\t\t\t\t\t<p>Les massages aux huiles chaudes parfum\u00e9es sont inestimables car ils stimulent la circulation et le flux sanguin, soulagent les tensions mentales et physiques, r\u00e9duisent le stress et renforcent le syst\u00e8me immunitaire du corps. Les huiles chaudes peuvent p\u00e9n\u00e9trer profond\u00e9ment dans les tissus et r\u00e9chauffer le corps de l\u2019int\u00e9rieur vers l\u2019ext\u00e9rieur. Comme envelopp\u00e9 dans un cocon confortable, un massage classique am\u00e9liore le bien-\u00eatre mental et est \u00e9galement recommand\u00e9 aux personnes qui souffrent de stress, de maux de t\u00eate, de manque d&#039;\u00e9nergie, de fatigue, d&#039;anxi\u00e9t\u00e9, de d\u00e9pression ou de troubles du sommeil ou qui souhaitent pr\u00e9venir les d\u00e9s\u00e9quilibres.<\/p>\t\t\t\t\t\t\t\t<\/div>\n\t\t\t\t<\/div>\n\t\t\t\t<div class=\"elementor-element elementor-element-2d805a3 elementor-widget elementor-widget-heading\" data-id=\"2d805a3\" data-element_type=\"widget\" data-widget_type=\"heading.default\">\n\t\t\t\t<div class=\"elementor-widget-container\">\n\t\t\t\t\t<h2 class=\"elementor-heading-title elementor-size-default\">massage au lieu de barres chocolat\u00e9es \u2013 l\u2019harmonie gr\u00e2ce aux hormones<\/h2>\t\t\t\t<\/div>\n\t\t\t\t<\/div>\n\t\t\t\t<div class=\"elementor-element elementor-element-32a0dc0 elementor-widget elementor-widget-text-editor\" data-id=\"32a0dc0\" data-element_type=\"widget\" data-widget_type=\"text-editor.default\">\n\t\t\t\t<div class=\"elementor-widget-container\">\n\t\t\t\t\t\t\t\t\t<p>C&#039;est une excellente d\u00e9cision de laisser la barre chocolat\u00e9e surdimensionn\u00e9e dans le placard et d&#039;ajouter un massage classique \u00e0 votre batterie de bien-\u00eatre. Les massages lib\u00e8rent des hormones comme les endorphines, qui nous font nous sentir bien et d\u00e9tendent notre corps et notre esprit. L&#039;hormone du bien-\u00eatre, la dopamine, est lib\u00e9r\u00e9e par la manipulation des muscles et des tendons, stimulant le centre de r\u00e9compense de votre cerveau et procurant un effet naturel qui procure une sensation de satisfaction. La s\u00e9rotonine est une hormone calmante qui d\u00e9tend, favorise le sommeil et aide \u00e0 lutter contre les humeurs d\u00e9pressives. L\u2019ocytocine, l\u2019hormone de l\u2019amour qui contribue \u00e0 renforcer les liens sociaux, est augment\u00e9e par le toucher pendant le massage. Les massages peuvent \u00e9galement aider les personnes souffrant de stress en r\u00e9duisant les niveaux de cortisol (hormone du stress).<\/p>\t\t\t\t\t\t\t\t<\/div>\n\t\t\t\t<\/div>\n\t\t\t\t\t<\/div>\n\t\t<\/div>\n\t\t\t\t\t<\/div>\n\t\t<\/section>\n\t\t\t\t<\/div>","protected":false},"excerpt":{"rendered":"<p>Klassische MassageVerkrampfte Muskulatur l\u00f6senKontakt aufnehmenKlassische MassageEntspannung &#8211; Regeneration &#8211; Vitalit\u00e4tKontakt aufnehmen Klassische Massage Die klassische Massage dient zur Behandlung von Verspannungen &#8211;\u00a0 Muskelverh\u00e4rtungen, Verknotungen, Verklebungen und Blockaden werden gel\u00f6st und freie Bahnen f\u00fcr neue Vitalit\u00e4t geschaffen. G\u00f6nnen auch Sie sich eine Klassische Massage im sakura spa in St. Gallen Kaum aufgestanden und schon schmerzen die [&hellip;]<\/p>\n","protected":false},"author":1,"featured_media":5560,"parent":511,"menu_order":0,"comment_status":"closed","ping_status":"closed","template":"","meta":{"footnotes":""},"class_list":["post-769","page","type-page","status-publish","has-post-thumbnail","hentry"],"yoast_head":"<!-- This site is optimized with the Yoast SEO plugin v25.2 - https:\/\/yoast.com\/wordpress\/plugins\/seo\/ -->\n<title>Klassische Massage in St. Gallen - Sakura Spa<\/title>\n<meta name=\"description\" content=\"Sakura Spa Klassische Massage in St. Gallen \u261d Jetzt Termin buchen \u2764 Ganzk\u00f6rpermassage \u200b\u2764 R\u00fcckenmassage\" \/>\n<meta name=\"robots\" content=\"index, follow, max-snippet:-1, max-image-preview:large, max-video-preview:-1\" \/>\n<link rel=\"canonical\" href=\"https:\/\/www.sakura-spa.ch\/fr\/massages\/massage-classique\/\" \/>\n<meta property=\"og:locale\" content=\"fr_FR\" \/>\n<meta property=\"og:type\" content=\"article\" \/>\n<meta property=\"og:title\" content=\"Klassische Massage in St. Gallen - Sakura Spa\" \/>\n<meta property=\"og:description\" content=\"Sakura Spa Klassische Massage in St. Gallen \u261d Jetzt Termin buchen \u2764 Ganzk\u00f6rpermassage \u200b\u2764 R\u00fcckenmassage\" \/>\n<meta property=\"og:url\" content=\"https:\/\/www.sakura-spa.ch\/fr\/massages\/massage-classique\/\" \/>\n<meta property=\"og:site_name\" content=\"Sakura Spa in St. Gallen\" \/>\n<meta property=\"article:modified_time\" content=\"2025-11-29T09:20:37+00:00\" \/>\n<meta property=\"og:image\" content=\"https:\/\/www.sakura-spa.ch\/wp-content\/uploads\/rueckenmassage-01.jpg\" \/>\n\t<meta property=\"og:image:width\" content=\"2121\" \/>\n\t<meta property=\"og:image:height\" content=\"1414\" \/>\n\t<meta property=\"og:image:type\" content=\"image\/jpeg\" \/>\n<meta name=\"twitter:card\" content=\"summary_large_image\" \/>\n<script type=\"application\/ld+json\" class=\"yoast-schema-graph\">{\"@context\":\"https:\/\/schema.org\",\"@graph\":[{\"@type\":\"WebPage\",\"@id\":\"https:\/\/www.sakura-spa.ch\/massagen\/klassische-massage\/\",\"url\":\"https:\/\/www.sakura-spa.ch\/massagen\/klassische-massage\/\",\"name\":\"Klassische Massage in St. Gallen - Sakura Spa\",\"isPartOf\":{\"@id\":\"https:\/\/www.sakura-spa.ch\/#website\"},\"primaryImageOfPage\":{\"@id\":\"https:\/\/www.sakura-spa.ch\/massagen\/klassische-massage\/#primaryimage\"},\"image\":{\"@id\":\"https:\/\/www.sakura-spa.ch\/massagen\/klassische-massage\/#primaryimage\"},\"thumbnailUrl\":\"https:\/\/www.sakura-spa.ch\/wp-content\/uploads\/rueckenmassage-01.jpg\",\"datePublished\":\"2022-09-29T10:13:15+00:00\",\"dateModified\":\"2025-11-29T09:20:37+00:00\",\"description\":\"Sakura Spa Klassische Massage in St. Gallen \u261d Jetzt Termin buchen \u2764 Ganzk\u00f6rpermassage \u200b\u2764 R\u00fcckenmassage\",\"breadcrumb\":{\"@id\":\"https:\/\/www.sakura-spa.ch\/massagen\/klassische-massage\/#breadcrumb\"},\"inLanguage\":\"fr-FR\",\"potentialAction\":[{\"@type\":\"ReadAction\",\"target\":[\"https:\/\/www.sakura-spa.ch\/massagen\/klassische-massage\/\"]}]},{\"@type\":\"ImageObject\",\"inLanguage\":\"fr-FR\",\"@id\":\"https:\/\/www.sakura-spa.ch\/massagen\/klassische-massage\/#primaryimage\",\"url\":\"https:\/\/www.sakura-spa.ch\/wp-content\/uploads\/rueckenmassage-01.jpg\",\"contentUrl\":\"https:\/\/www.sakura-spa.ch\/wp-content\/uploads\/rueckenmassage-01.jpg\",\"width\":2121,\"height\":1414,\"caption\":\"Spa for men, concept. Handsome man enjoying rest at wellness center\"},{\"@type\":\"BreadcrumbList\",\"@id\":\"https:\/\/www.sakura-spa.ch\/massagen\/klassische-massage\/#breadcrumb\",\"itemListElement\":[{\"@type\":\"ListItem\",\"position\":1,\"name\":\"Startseite\",\"item\":\"https:\/\/www.sakura-spa.ch\/\"},{\"@type\":\"ListItem\",\"position\":2,\"name\":\"Massagen\",\"item\":\"https:\/\/www.sakura-spa.ch\/massagen\/\"},{\"@type\":\"ListItem\",\"position\":3,\"name\":\"Klassische Massage\"}]},{\"@type\":\"WebSite\",\"@id\":\"https:\/\/www.sakura-spa.ch\/#website\",\"url\":\"https:\/\/www.sakura-spa.ch\/\",\"name\":\"Sakura Spa in St. Gallen\",\"description\":\"Kosmetik, Wellness und Massage\",\"potentialAction\":[{\"@type\":\"SearchAction\",\"target\":{\"@type\":\"EntryPoint\",\"urlTemplate\":\"https:\/\/www.sakura-spa.ch\/?s={search_term_string}\"},\"query-input\":{\"@type\":\"PropertyValueSpecification\",\"valueRequired\":true,\"valueName\":\"search_term_string\"}}],\"inLanguage\":\"fr-FR\"}]}<\/script>\n<!-- \/ Yoast SEO plugin. -->","yoast_head_json":{"title":"Massage classique \u00e0 Saint-Gall - Sakura Spa","description":"Massage classique Sakura Spa \u00e0 Saint-Gall \u261d Prenez rendez-vous d\u00e8s maintenant \u2764 Massage du corps entier \u200b\u2764 Massage du dos","robots":{"index":"index","follow":"follow","max-snippet":"max-snippet:-1","max-image-preview":"max-image-preview:large","max-video-preview":"max-video-preview:-1"},"canonical":"https:\/\/www.sakura-spa.ch\/fr\/massages\/massage-classique\/","og_locale":"fr_FR","og_type":"article","og_title":"Klassische Massage in St. Gallen - Sakura Spa","og_description":"Sakura Spa Klassische Massage in St. Gallen \u261d Jetzt Termin buchen \u2764 Ganzk\u00f6rpermassage \u200b\u2764 R\u00fcckenmassage","og_url":"https:\/\/www.sakura-spa.ch\/fr\/massages\/massage-classique\/","og_site_name":"Sakura Spa in St. Gallen","article_modified_time":"2025-11-29T09:20:37+00:00","og_image":[{"width":2121,"height":1414,"url":"https:\/\/www.sakura-spa.ch\/wp-content\/uploads\/rueckenmassage-01.jpg","type":"image\/jpeg"}],"twitter_card":"summary_large_image","schema":{"@context":"https:\/\/schema.org","@graph":[{"@type":"WebPage","@id":"https:\/\/www.sakura-spa.ch\/massagen\/klassische-massage\/","url":"https:\/\/www.sakura-spa.ch\/massagen\/klassische-massage\/","name":"Massage classique \u00e0 Saint-Gall - Sakura Spa","isPartOf":{"@id":"https:\/\/www.sakura-spa.ch\/#website"},"primaryImageOfPage":{"@id":"https:\/\/www.sakura-spa.ch\/massagen\/klassische-massage\/#primaryimage"},"image":{"@id":"https:\/\/www.sakura-spa.ch\/massagen\/klassische-massage\/#primaryimage"},"thumbnailUrl":"https:\/\/www.sakura-spa.ch\/wp-content\/uploads\/rueckenmassage-01.jpg","datePublished":"2022-09-29T10:13:15+00:00","dateModified":"2025-11-29T09:20:37+00:00","description":"Massage classique Sakura Spa \u00e0 Saint-Gall \u261d Prenez rendez-vous d\u00e8s maintenant \u2764 Massage du corps entier \u200b\u2764 Massage du dos","breadcrumb":{"@id":"https:\/\/www.sakura-spa.ch\/massagen\/klassische-massage\/#breadcrumb"},"inLanguage":"fr-FR","potentialAction":[{"@type":"ReadAction","target":["https:\/\/www.sakura-spa.ch\/massagen\/klassische-massage\/"]}]},{"@type":"ImageObject","inLanguage":"fr-FR","@id":"https:\/\/www.sakura-spa.ch\/massagen\/klassische-massage\/#primaryimage","url":"https:\/\/www.sakura-spa.ch\/wp-content\/uploads\/rueckenmassage-01.jpg","contentUrl":"https:\/\/www.sakura-spa.ch\/wp-content\/uploads\/rueckenmassage-01.jpg","width":2121,"height":1414,"caption":"Spa for men, concept. Handsome man enjoying rest at wellness center"},{"@type":"BreadcrumbList","@id":"https:\/\/www.sakura-spa.ch\/massagen\/klassische-massage\/#breadcrumb","itemListElement":[{"@type":"ListItem","position":1,"name":"Startseite","item":"https:\/\/www.sakura-spa.ch\/"},{"@type":"ListItem","position":2,"name":"Massagen","item":"https:\/\/www.sakura-spa.ch\/massagen\/"},{"@type":"ListItem","position":3,"name":"Klassische Massage"}]},{"@type":"WebSite","@id":"https:\/\/www.sakura-spa.ch\/#website","url":"https:\/\/www.sakura-spa.ch\/","name":"Spa Sakura \u00e0 Saint-Gall","description":"Cosm\u00e9tiques, Bien-\u00eatre et Massages","potentialAction":[{"@type":"SearchAction","target":{"@type":"EntryPoint","urlTemplate":"https:\/\/www.sakura-spa.ch\/?s={search_term_string}"},"query-input":{"@type":"PropertyValueSpecification","valueRequired":true,"valueName":"search_term_string"}}],"inLanguage":"fr-FR"}]}},"_links":{"self":[{"href":"https:\/\/www.sakura-spa.ch\/fr\/wp-json\/wp\/v2\/pages\/769","targetHints":{"allow":["GET"]}}],"collection":[{"href":"https:\/\/www.sakura-spa.ch\/fr\/wp-json\/wp\/v2\/pages"}],"about":[{"href":"https:\/\/www.sakura-spa.ch\/fr\/wp-json\/wp\/v2\/types\/page"}],"author":[{"embeddable":true,"href":"https:\/\/www.sakura-spa.ch\/fr\/wp-json\/wp\/v2\/users\/1"}],"replies":[{"embeddable":true,"href":"https:\/\/www.sakura-spa.ch\/fr\/wp-json\/wp\/v2\/comments?post=769"}],"version-history":[{"count":266,"href":"https:\/\/www.sakura-spa.ch\/fr\/wp-json\/wp\/v2\/pages\/769\/revisions"}],"predecessor-version":[{"id":24682,"href":"https:\/\/www.sakura-spa.ch\/fr\/wp-json\/wp\/v2\/pages\/769\/revisions\/24682"}],"up":[{"embeddable":true,"href":"https:\/\/www.sakura-spa.ch\/fr\/wp-json\/wp\/v2\/pages\/511"}],"wp:featuredmedia":[{"embeddable":true,"href":"https:\/\/www.sakura-spa.ch\/fr\/wp-json\/wp\/v2\/media\/5560"}],"wp:attachment":[{"href":"https:\/\/www.sakura-spa.ch\/fr\/wp-json\/wp\/v2\/media?parent=769"}],"curies":[{"name":"wp","href":"https:\/\/api.w.org\/{rel}","templated":true}]}}