{"id":8946,"date":"2022-10-18T16:18:54","date_gmt":"2022-10-18T14:18:54","guid":{"rendered":"https:\/\/p5.seoway.de\/?page_id=8946"},"modified":"2026-04-18T16:11:40","modified_gmt":"2026-04-18T14:11:40","slug":"traitement-de-lacne","status":"publish","type":"page","link":"https:\/\/www.sakura-spa.ch\/fr\/produits-de-beaute\/traitement-de-lacne\/","title":{"rendered":"Traitement de l&#039;acn\u00e9 \u2013 Syst\u00e8me de peeling anti-acn\u00e9 mesoestetic\u00ae"},"content":{"rendered":"<div data-elementor-type=\"wp-page\" data-elementor-id=\"8946\" class=\"elementor elementor-8946\" data-elementor-post-type=\"page\">\n\t\t\t\t\t\t<section class=\"elementor-section elementor-top-section elementor-element elementor-element-4c057f51 elementor-section-full_width elementor-section-height-default elementor-section-height-default\" data-id=\"4c057f51\" data-element_type=\"section\">\n\t\t\t\t\t\t<div class=\"elementor-container elementor-column-gap-no\">\n\t\t\t\t\t<div class=\"elementor-column elementor-col-100 elementor-top-column elementor-element elementor-element-71bbe7dd\" data-id=\"71bbe7dd\" data-element_type=\"column\">\n\t\t\t<div class=\"elementor-widget-wrap elementor-element-populated\">\n\t\t\t\t\t\t<div class=\"elementor-element elementor-element-4c5c10b6 elementor--h-position-left elementor--v-position-middle elementor-widget elementor-widget-slides\" data-id=\"4c5c10b6\" data-element_type=\"widget\" data-settings=\"{&quot;navigation&quot;:&quot;none&quot;,&quot;autoplay&quot;:&quot;yes&quot;,&quot;pause_on_hover&quot;:&quot;yes&quot;,&quot;pause_on_interaction&quot;:&quot;yes&quot;,&quot;autoplay_speed&quot;:5000,&quot;infinite&quot;:&quot;yes&quot;,&quot;transition&quot;:&quot;slide&quot;,&quot;transition_speed&quot;:500}\" data-widget_type=\"slides.default\">\n\t\t\t\t<div class=\"elementor-widget-container\">\n\t\t\t\t\t\t\t\t\t<div class=\"elementor-swiper\">\n\t\t\t\t\t<div class=\"elementor-slides-wrapper elementor-main-swiper swiper\" role=\"region\" aria-roledescription=\"carousel\" aria-label=\"diapositives\" dir=\"ltr\" data-animation=\"fadeInUp\">\n\t\t\t\t<div class=\"swiper-wrapper elementor-slides\">\n\t\t\t\t\t\t\t\t\t\t<div class=\"elementor-repeater-item-591d778 swiper-slide\" role=\"group\" aria-roledescription=\"slide\"><div class=\"swiper-slide-bg elementor-ken-burns elementor-ken-burns--in\" role=\"img\"><\/div><div class=\"elementor-background-overlay\"><\/div><div class=\"swiper-slide-inner\" ><div class=\"swiper-slide-contents\"><div class=\"elementor-slide-heading\">Traitement de l&#039;acn\u00e9 - Syst\u00e8me de peeling contre l&#039;acn\u00e9 mesoestetic\u00ae<\/div><div class=\"elementor-slide-description\">Pour le renouvellement complet de la peau acn\u00e9ique<\/div><a href=\"#elementor-action%3Aaction%3Dpopup%3Aopen%26settings%3DeyJpZCI6IjM1IiwidG9nZ2xlIjpmYWxzZX0%3D\" class=\"elementor-button elementor-slide-button elementor-size-md\">contact<\/a><\/div><\/div><\/div>\t\t\t\t<\/div>\n\t\t\t\t\t\t\t<\/div>\n\t\t\t\t<\/div>\n\t\t\t\t\t\t\t\t<\/div>\n\t\t\t\t<\/div>\n\t\t\t\t\t<\/div>\n\t\t<\/div>\n\t\t\t\t\t<\/div>\n\t\t<\/section>\n\t\t\t\t<section class=\"elementor-section elementor-top-section elementor-element elementor-element-53f712c3 elementor-section-boxed elementor-section-height-default elementor-section-height-default\" data-id=\"53f712c3\" data-element_type=\"section\" data-settings=\"{&quot;background_background&quot;:&quot;classic&quot;}\">\n\t\t\t\t\t\t\t<div class=\"elementor-background-overlay\"><\/div>\n\t\t\t\t\t\t\t<div class=\"elementor-container elementor-column-gap-default\">\n\t\t\t\t\t<div class=\"elementor-column elementor-col-100 elementor-top-column elementor-element elementor-element-12af9689\" data-id=\"12af9689\" data-element_type=\"column\">\n\t\t\t<div class=\"elementor-widget-wrap elementor-element-populated\">\n\t\t\t\t\t\t<div class=\"elementor-element elementor-element-468a84b7 elementor-widget elementor-widget-global elementor-global-332 elementor-widget-breadcrumbs\" data-id=\"468a84b7\" data-element_type=\"widget\" data-widget_type=\"breadcrumbs.default\">\n\t\t\t\t<div class=\"elementor-widget-container\">\n\t\t\t\t\t<p id=\"breadcrumbs\"><span><span><a href=\"https:\/\/www.sakura-spa.ch\/fr\/\">page d&#039;accueil<\/a><\/span><\/span><\/p>\t\t\t\t<\/div>\n\t\t\t\t<\/div>\n\t\t\t\t\t<\/div>\n\t\t<\/div>\n\t\t\t\t\t<\/div>\n\t\t<\/section>\n\t\t\t\t<section class=\"elementor-section elementor-top-section elementor-element elementor-element-06811a5 elementor-section-boxed elementor-section-height-default elementor-section-height-default\" data-id=\"06811a5\" data-element_type=\"section\">\n\t\t\t\t\t\t<div class=\"elementor-container elementor-column-gap-default\">\n\t\t\t\t\t<div class=\"elementor-column elementor-col-100 elementor-top-column elementor-element elementor-element-33e6687\" data-id=\"33e6687\" data-element_type=\"column\">\n\t\t\t<div class=\"elementor-widget-wrap elementor-element-populated\">\n\t\t\t\t\t\t<div class=\"elementor-element elementor-element-feb9461 elementor-widget elementor-widget-heading\" data-id=\"feb9461\" data-element_type=\"widget\" data-widget_type=\"heading.default\">\n\t\t\t\t<div class=\"elementor-widget-container\">\n\t\t\t\t\t<h1 class=\"elementor-heading-title elementor-size-default\">Soin intensif pour les imperfections - Syst\u00e8me de peeling anti-acn\u00e9 mesoestetic\u00ae  <\/h1>\t\t\t\t<\/div>\n\t\t\t\t<\/div>\n\t\t\t\t\t<\/div>\n\t\t<\/div>\n\t\t\t\t\t<\/div>\n\t\t<\/section>\n\t\t\t\t<section class=\"elementor-section elementor-top-section elementor-element elementor-element-cee1af9 elementor-section-boxed elementor-section-height-default elementor-section-height-default\" data-id=\"cee1af9\" data-element_type=\"section\">\n\t\t\t\t\t\t<div class=\"elementor-container elementor-column-gap-default\">\n\t\t\t\t\t<div class=\"elementor-column elementor-col-66 elementor-top-column elementor-element elementor-element-bc4c0d4\" data-id=\"bc4c0d4\" data-element_type=\"column\">\n\t\t\t<div class=\"elementor-widget-wrap elementor-element-populated\">\n\t\t\t\t\t\t<div class=\"elementor-element elementor-element-ae4b8af elementor-widget elementor-widget-heading\" data-id=\"ae4b8af\" data-element_type=\"widget\" data-widget_type=\"heading.default\">\n\t\t\t\t<div class=\"elementor-widget-container\">\n\t\t\t\t\t<h2 class=\"elementor-heading-title elementor-size-default\">La solution compl\u00e8te et efficace contre l&#039;acn\u00e9\n<\/h2>\t\t\t\t<\/div>\n\t\t\t\t<\/div>\n\t\t\t\t<div class=\"elementor-element elementor-element-12c7f8c elementor-widget__width-initial elementor-widget elementor-widget-text-editor\" data-id=\"12c7f8c\" data-element_type=\"widget\" data-widget_type=\"text-editor.default\">\n\t\t\t\t<div class=\"elementor-widget-container\">\n\t\t\t\t\t\t\t\t\t<p>Le syst\u00e8me de peeling anti-acn\u00e9 mesoestetic\u00ae offre une solution efficace, rapide, pratique et multifonctionnelle pour l&#039;acn\u00e9 et la peau s\u00e9borrh\u00e9ique, en agissant sur tous les facteurs pouvant influencer cette affection cutan\u00e9e. Ses ingr\u00e9dients actifs hautement efficaces ont un effet clarifiant et apaisant.<\/p>\t\t\t\t\t\t\t\t<\/div>\n\t\t\t\t<\/div>\n\t\t\t\t<div class=\"elementor-element elementor-element-2c76368 elementor-widget elementor-widget-heading\" data-id=\"2c76368\" data-element_type=\"widget\" data-widget_type=\"heading.default\">\n\t\t\t\t<div class=\"elementor-widget-container\">\n\t\t\t\t\t<h2 class=\"elementor-heading-title elementor-size-default\">mode d&#039;action\n<\/h2>\t\t\t\t<\/div>\n\t\t\t\t<\/div>\n\t\t\t\t<div class=\"elementor-element elementor-element-2ec4e0b elementor-icon-list--layout-traditional elementor-list-item-link-full_width elementor-widget elementor-widget-icon-list\" data-id=\"2ec4e0b\" data-element_type=\"widget\" data-widget_type=\"icon-list.default\">\n\t\t\t\t<div class=\"elementor-widget-container\">\n\t\t\t\t\t\t\t<ul class=\"elementor-icon-list-items\">\n\t\t\t\t\t\t\t<li class=\"elementor-icon-list-item\">\n\t\t\t\t\t\t\t\t\t\t<span class=\"elementor-icon-list-text\">Les contaminants sont \u00e9limin\u00e9s en profondeur<\/span>\n\t\t\t\t\t\t\t\t\t<\/li>\n\t\t\t\t\t\t\t\t<li class=\"elementor-icon-list-item\">\n\t\t\t\t\t\t\t\t\t\t<span class=\"elementor-icon-list-text\">Les canaux des glandes s\u00e9bac\u00e9es sont expos\u00e9s<\/span>\n\t\t\t\t\t\t\t\t\t<\/li>\n\t\t\t\t\t\t\t\t<li class=\"elementor-icon-list-item\">\n\t\t\t\t\t\t\t\t\t\t<span class=\"elementor-icon-list-text\">La barri\u00e8re cutan\u00e9e est restaur\u00e9e \u2013 l\u2019autoprotection est optimis\u00e9e.<\/span>\n\t\t\t\t\t\t\t\t\t<\/li>\n\t\t\t\t\t\t\t\t<li class=\"elementor-icon-list-item\">\n\t\t\t\t\t\t\t\t\t\t<span class=\"elementor-icon-list-text\">Harmoniser le microbiome cutan\u00e9<\/span>\n\t\t\t\t\t\t\t\t\t<\/li>\n\t\t\t\t\t\t\t\t<li class=\"elementor-icon-list-item\">\n\t\t\t\t\t\t\t\t\t\t<span class=\"elementor-icon-list-text\">La production de s\u00e9bum est optimis\u00e9e en r\u00e9duisant la dihydrotestost\u00e9rone (DHT)<\/span>\n\t\t\t\t\t\t\t\t\t<\/li>\n\t\t\t\t\t\t\t\t<li class=\"elementor-icon-list-item\">\n\t\t\t\t\t\t\t\t\t\t<span class=\"elementor-icon-list-text\">Les pores sont minimis\u00e9s et la texture de la peau est affin\u00e9e<\/span>\n\t\t\t\t\t\t\t\t\t<\/li>\n\t\t\t\t\t\t\t\t<li class=\"elementor-icon-list-item\">\n\t\t\t\t\t\t\t\t\t\t<span class=\"elementor-icon-list-text\">De l&#039;humidit\u00e9 est ajout\u00e9e<\/span>\n\t\t\t\t\t\t\t\t\t<\/li>\n\t\t\t\t\t\t\t\t<li class=\"elementor-icon-list-item\">\n\t\t\t\t\t\t\t\t\t\t<span class=\"elementor-icon-list-text\">Les taches pigmentaires et les irr\u00e9gularit\u00e9s structurelles sont r\u00e9duites.<\/span>\n\t\t\t\t\t\t\t\t\t<\/li>\n\t\t\t\t\t\t\t\t<li class=\"elementor-icon-list-item\">\n\t\t\t\t\t\t\t\t\t\t<span class=\"elementor-icon-list-text\">Les rougeurs et les gonflements sont r\u00e9duits<\/span>\n\t\t\t\t\t\t\t\t\t<\/li>\n\t\t\t\t\t\t<\/ul>\n\t\t\t\t\t\t<\/div>\n\t\t\t\t<\/div>\n\t\t\t\t<div class=\"elementor-element elementor-element-d5597b3 elementor-widget elementor-widget-heading\" data-id=\"d5597b3\" data-element_type=\"widget\" data-widget_type=\"heading.default\">\n\t\t\t\t<div class=\"elementor-widget-container\">\n\t\t\t\t\t<h2 class=\"elementor-heading-title elementor-size-default\">Des r\u00e9sultats optimaux gr\u00e2ce \u00e0 un traitement en 5 \u00e9tapes<\/h2>\t\t\t\t<\/div>\n\t\t\t\t<\/div>\n\t\t\t\t<div class=\"elementor-element elementor-element-1a3beab elementor-widget elementor-widget-text-editor\" data-id=\"1a3beab\" data-element_type=\"widget\" data-widget_type=\"text-editor.default\">\n\t\t\t\t<div class=\"elementor-widget-container\">\n\t\t\t\t\t\t\t\t\t<p>Pour un r\u00e9sultat optimal, nous recommandons une cure de 5 soins, \u00e0 r\u00e9aliser \u00e0 10-15 jours d&#039;intervalle, selon la sensibilit\u00e9 et la r\u00e9action de la peau. Cependant, vous remarquerez et verrez une am\u00e9lioration significative de l\u2019\u00e9tat de votre peau d\u00e8s le premier traitement.<\/p>\t\t\t\t\t\t\t\t<\/div>\n\t\t\t\t<\/div>\n\t\t\t\t<div class=\"elementor-element elementor-element-dd9fced elementor-widget elementor-widget-heading\" data-id=\"dd9fced\" data-element_type=\"widget\" data-widget_type=\"heading.default\">\n\t\t\t\t<div class=\"elementor-widget-container\">\n\t\t\t\t\t<h2 class=\"elementor-heading-title elementor-size-default\">Syst\u00e8me de peeling anti-acn\u00e9 mesoestetic\u00ae - le traitement dermatologique sp\u00e9cialis\u00e9<\/h2>\t\t\t\t<\/div>\n\t\t\t\t<\/div>\n\t\t\t\t<div class=\"elementor-element elementor-element-2526136 elementor-widget__width-initial elementor-widget elementor-widget-text-editor\" data-id=\"2526136\" data-element_type=\"widget\" data-widget_type=\"text-editor.default\">\n\t\t\t\t<div class=\"elementor-widget-container\">\n\t\t\t\t\t\t\t\t\t<p>Le syst\u00e8me de peeling anti-acn\u00e9 acnelan\u00ae de mesoestetic\u00ae est un traitement dermocosm\u00e9tique professionnel destin\u00e9 au traitement intensif des peaux sujettes \u00e0 l&#039;acn\u00e9 et \u00e0 l&#039;exc\u00e8s de s\u00e9bum (s\u00e9borrh\u00e9e). Il vise un contr\u00f4le efficace, rapide et confortable des peaux pr\u00e9sentant une acn\u00e9 mod\u00e9r\u00e9e et une tendance s\u00e9borrh\u00e9ique, et r\u00e9duit divers facteurs irritants cutan\u00e9s favorisant l&#039;apparition des imperfections.<\/p><p>Le complexe d&#039;ingr\u00e9dients actifs m.acne complex est une combinaison unique d&#039;ingr\u00e9dients tels que l&#039;acide salicylique, l&#039;acide mand\u00e9lique et le l\u00e9pargilate de sodium, qui, avec le complexe exclusif de bexaretinyl, ont un effet synergique unique et assurent le nettoyage et le renouvellement complet de la peau acn\u00e9ique et s\u00e9borrh\u00e9ique.<\/p><p>Les facteurs \u00e0 l&#039;origine des impuret\u00e9s sont donc sp\u00e9cifiquement pris en compte.<br \/>Les m\u00e9canismes d&#039;action sont les suivants\u00a0:<\/p><p>Apaiser la peau en cas d&#039;irritation visible<br \/>R\u00e9duction de l&#039;activit\u00e9 s\u00e9cr\u00e9toire des glandes s\u00e9bac\u00e9es<br \/>R\u00e9duction des rougeurs, des taches et des gonflements<br \/>r\u00e9duction de la production de s\u00e9bum<br \/>R\u00e9duction des cicatrices d&#039;acn\u00e9 \/ de l&#039;hyperpigmentation apr\u00e8s les imperfections<br \/>Nettoyez vos pores obstru\u00e9s pour pr\u00e9venir l&#039;apparition de nouvelles imperfections.<br \/>Ingr\u00e9dients actifs visant \u00e0 pr\u00e9venir l&#039;accumulation d&#039;impuret\u00e9s dans les canaux des glandes s\u00e9bac\u00e9es obstru\u00e9s.<\/p>\t\t\t\t\t\t\t\t<\/div>\n\t\t\t\t<\/div>\n\t\t\t\t\t<\/div>\n\t\t<\/div>\n\t\t\t\t<div class=\"elementor-column elementor-col-33 elementor-top-column elementor-element elementor-element-b1435d8\" data-id=\"b1435d8\" data-element_type=\"column\">\n\t\t\t<div class=\"elementor-widget-wrap elementor-element-populated\">\n\t\t\t\t\t\t<div class=\"elementor-element elementor-element-dbdfd98 elementor-widget__width-initial elementor-widget elementor-widget-image\" data-id=\"dbdfd98\" data-element_type=\"widget\" data-widget_type=\"image.default\">\n\t\t\t\t<div class=\"elementor-widget-container\">\n\t\t\t\t\t\t\t\t\t\t\t\t\t\t\t<img fetchpriority=\"high\" decoding=\"async\" width=\"800\" height=\"710\" src=\"https:\/\/www.sakura-spa.ch\/wp-content\/uploads\/GESICHT-iStock-1248802037-1024x909.jpg\" class=\"attachment-large size-large wp-image-9234\" alt=\"Traitement de l&#039;acn\u00e9 - Syst\u00e8me de peeling contre l&#039;acn\u00e9 mesoestetic\u00ae \u00e0 Saint-Gall\" srcset=\"https:\/\/www.sakura-spa.ch\/wp-content\/uploads\/GESICHT-iStock-1248802037-1024x909.jpg 1024w, https:\/\/www.sakura-spa.ch\/wp-content\/uploads\/GESICHT-iStock-1248802037-300x266.jpg 300w, https:\/\/www.sakura-spa.ch\/wp-content\/uploads\/GESICHT-iStock-1248802037-768x682.jpg 768w, https:\/\/www.sakura-spa.ch\/wp-content\/uploads\/GESICHT-iStock-1248802037-1536x1363.jpg 1536w, https:\/\/www.sakura-spa.ch\/wp-content\/uploads\/GESICHT-iStock-1248802037.jpg 1838w\" sizes=\"(max-width: 800px) 100vw, 800px\" \/>\t\t\t\t\t\t\t\t\t\t\t\t\t\t\t<\/div>\n\t\t\t\t<\/div>\n\t\t\t\t<div class=\"elementor-element elementor-element-6937d89 elementor-widget__width-initial elementor-widget elementor-widget-image\" data-id=\"6937d89\" data-element_type=\"widget\" data-widget_type=\"image.default\">\n\t\t\t\t<div class=\"elementor-widget-container\">\n\t\t\t\t\t\t\t\t\t\t\t\t\t\t\t<img decoding=\"async\" width=\"769\" height=\"1024\" src=\"https:\/\/www.sakura-spa.ch\/wp-content\/uploads\/Peel_Anwendung.png-769x1024.png\" class=\"attachment-large size-large wp-image-11373\" alt=\"Meso\u00e9clat\u00ae Melanostop \u00e0 Saint-Gall\" srcset=\"https:\/\/www.sakura-spa.ch\/wp-content\/uploads\/Peel_Anwendung.png-769x1024.png 769w, https:\/\/www.sakura-spa.ch\/wp-content\/uploads\/Peel_Anwendung.png-225x300.png 225w, https:\/\/www.sakura-spa.ch\/wp-content\/uploads\/Peel_Anwendung.png-768x1023.png 768w, https:\/\/www.sakura-spa.ch\/wp-content\/uploads\/Peel_Anwendung.png-1153x1536.png 1153w, https:\/\/www.sakura-spa.ch\/wp-content\/uploads\/Peel_Anwendung.png-1537x2048.png 1537w\" sizes=\"(max-width: 769px) 100vw, 769px\" \/>\t\t\t\t\t\t\t\t\t\t\t\t\t\t\t<\/div>\n\t\t\t\t<\/div>\n\t\t\t\t<div class=\"elementor-element elementor-element-6d7475c elementor-align-center elementor-icon-list--layout-traditional elementor-list-item-link-full_width elementor-widget elementor-widget-icon-list\" data-id=\"6d7475c\" data-element_type=\"widget\" data-widget_type=\"icon-list.default\">\n\t\t\t\t<div class=\"elementor-widget-container\">\n\t\t\t\t\t\t\t<ul class=\"elementor-icon-list-items\">\n\t\t\t\t\t\t\t<li class=\"elementor-icon-list-item\">\n\t\t\t\t\t\t\t\t\t\t<span class=\"elementor-icon-list-text\">Soin du visage : 45 min | 140.-<\/span>\n\t\t\t\t\t\t\t\t\t<\/li>\n\t\t\t\t\t\t\t\t<li class=\"elementor-icon-list-item\">\n\t\t\t\t\t\t\t\t\t\t<span class=\"elementor-icon-list-text\">Abonnement 5 \u00e9v\u00e9nements face 15% | 595.-<\/span>\n\t\t\t\t\t\t\t\t\t<\/li>\n\t\t\t\t\t\t\t\t<li class=\"elementor-icon-list-item\">\n\t\t\t\t\t\t\t\t\t\t<span class=\"elementor-icon-list-text\">Retour : 40 min. | 155.-<\/span>\n\t\t\t\t\t\t\t\t\t<\/li>\n\t\t\t\t\t\t<\/ul>\n\t\t\t\t\t\t<\/div>\n\t\t\t\t<\/div>\n\t\t\t\t\t<\/div>\n\t\t<\/div>\n\t\t\t\t\t<\/div>\n\t\t<\/section>\n\t\t\t\t<\/div>","protected":false},"excerpt":{"rendered":"<p>Akne Behandlung &#8211; mesoestetic\u00ae Acne Peel SystemF\u00fcr die vollst\u00e4ndige Erneuerung von AknehautKontakt aufnehmen Intensive Pflege bei Unreinheiten &#8211; mesoestetic\u00ae Acne Peel System Die vollumf\u00e4ngliche und effektive L\u00f6sung gegen Akne Das Acne-Peel-System von mesoestetic\u00ae bietet eine effiziente, schnelle, bequeme und multifunktionelle L\u00f6sung gegen Akne und seborrhoische Haut und ist eine \u00fcbergreifende L\u00f6sung gegen alle Faktoren, die [&hellip;]<\/p>\n","protected":false},"author":1,"featured_media":9234,"parent":5391,"menu_order":0,"comment_status":"closed","ping_status":"closed","template":"","meta":{"footnotes":""},"class_list":["post-8946","page","type-page","status-publish","has-post-thumbnail","hentry"],"yoast_head":"<!-- This site is optimized with the Yoast SEO plugin v25.2 - https:\/\/yoast.com\/wordpress\/plugins\/seo\/ -->\n<title>Professionelles Acne Peel | Sakura Spa St. Gallen \ud83c\udf38<\/title>\n<meta name=\"description\" content=\"Sanfte Hilfe bei Akne &amp; Unreinheiten. \u2728 G\u00f6nnen Sie Ihrer Haut ein professionelles Peel im Sakura Spa. Wir freuen uns auf Sie! \ud83c\udf38\" \/>\n<meta name=\"robots\" content=\"index, follow, max-snippet:-1, max-image-preview:large, max-video-preview:-1\" \/>\n<link rel=\"canonical\" href=\"https:\/\/www.sakura-spa.ch\/fr\/produits-de-beaute\/traitement-de-lacne\/\" \/>\n<meta property=\"og:locale\" content=\"fr_FR\" \/>\n<meta property=\"og:type\" content=\"article\" \/>\n<meta property=\"og:title\" content=\"Professionelles Acne Peel | Sakura Spa St. Gallen \ud83c\udf38\" \/>\n<meta property=\"og:description\" content=\"Sanfte Hilfe bei Akne &amp; Unreinheiten. \u2728 G\u00f6nnen Sie Ihrer Haut ein professionelles Peel im Sakura Spa. Wir freuen uns auf Sie! \ud83c\udf38\" \/>\n<meta property=\"og:url\" content=\"https:\/\/www.sakura-spa.ch\/fr\/produits-de-beaute\/traitement-de-lacne\/\" \/>\n<meta property=\"og:site_name\" content=\"Sakura Spa in St. Gallen\" \/>\n<meta property=\"article:modified_time\" content=\"2026-04-18T14:11:40+00:00\" \/>\n<meta property=\"og:image\" content=\"https:\/\/www.sakura-spa.ch\/wp-content\/uploads\/GESICHT-iStock-1248802037.jpg\" \/>\n\t<meta property=\"og:image:width\" content=\"1838\" \/>\n\t<meta property=\"og:image:height\" content=\"1631\" \/>\n\t<meta property=\"og:image:type\" content=\"image\/jpeg\" \/>\n<meta name=\"twitter:card\" content=\"summary_large_image\" \/>\n<script type=\"application\/ld+json\" class=\"yoast-schema-graph\">{\"@context\":\"https:\/\/schema.org\",\"@graph\":[{\"@type\":\"WebPage\",\"@id\":\"https:\/\/www.sakura-spa.ch\/kosmetik\/aknebehandlung\/\",\"url\":\"https:\/\/www.sakura-spa.ch\/kosmetik\/aknebehandlung\/\",\"name\":\"Professionelles Acne Peel | Sakura Spa St. Gallen \ud83c\udf38\",\"isPartOf\":{\"@id\":\"https:\/\/www.sakura-spa.ch\/#website\"},\"primaryImageOfPage\":{\"@id\":\"https:\/\/www.sakura-spa.ch\/kosmetik\/aknebehandlung\/#primaryimage\"},\"image\":{\"@id\":\"https:\/\/www.sakura-spa.ch\/kosmetik\/aknebehandlung\/#primaryimage\"},\"thumbnailUrl\":\"https:\/\/www.sakura-spa.ch\/wp-content\/uploads\/GESICHT-iStock-1248802037.jpg\",\"datePublished\":\"2022-10-18T14:18:54+00:00\",\"dateModified\":\"2026-04-18T14:11:40+00:00\",\"description\":\"Sanfte Hilfe bei Akne & Unreinheiten. \u2728 G\u00f6nnen Sie Ihrer Haut ein professionelles Peel im Sakura Spa. Wir freuen uns auf Sie! \ud83c\udf38\",\"breadcrumb\":{\"@id\":\"https:\/\/www.sakura-spa.ch\/kosmetik\/aknebehandlung\/#breadcrumb\"},\"inLanguage\":\"fr-FR\",\"potentialAction\":[{\"@type\":\"ReadAction\",\"target\":[\"https:\/\/www.sakura-spa.ch\/kosmetik\/aknebehandlung\/\"]}]},{\"@type\":\"ImageObject\",\"inLanguage\":\"fr-FR\",\"@id\":\"https:\/\/www.sakura-spa.ch\/kosmetik\/aknebehandlung\/#primaryimage\",\"url\":\"https:\/\/www.sakura-spa.ch\/wp-content\/uploads\/GESICHT-iStock-1248802037.jpg\",\"contentUrl\":\"https:\/\/www.sakura-spa.ch\/wp-content\/uploads\/GESICHT-iStock-1248802037.jpg\",\"width\":1838,\"height\":1631,\"caption\":\"Aknebehandlung - mesoestetic\u00ae Acne Peel System in St. Gallen\"},{\"@type\":\"BreadcrumbList\",\"@id\":\"https:\/\/www.sakura-spa.ch\/kosmetik\/aknebehandlung\/#breadcrumb\",\"itemListElement\":[{\"@type\":\"ListItem\",\"position\":1,\"name\":\"Startseite\",\"item\":\"https:\/\/www.sakura-spa.ch\/\"},{\"@type\":\"ListItem\",\"position\":2,\"name\":\"Kosmetik\",\"item\":\"https:\/\/www.sakura-spa.ch\/kosmetik\/\"},{\"@type\":\"ListItem\",\"position\":3,\"name\":\"Akne-Behandlung \u2013 mesoestetic\u00ae Acne Peel System\"}]},{\"@type\":\"WebSite\",\"@id\":\"https:\/\/www.sakura-spa.ch\/#website\",\"url\":\"https:\/\/www.sakura-spa.ch\/\",\"name\":\"Sakura Spa in St. Gallen\",\"description\":\"Kosmetik, Wellness und Massage\",\"potentialAction\":[{\"@type\":\"SearchAction\",\"target\":{\"@type\":\"EntryPoint\",\"urlTemplate\":\"https:\/\/www.sakura-spa.ch\/?s={search_term_string}\"},\"query-input\":{\"@type\":\"PropertyValueSpecification\",\"valueRequired\":true,\"valueName\":\"search_term_string\"}}],\"inLanguage\":\"fr-FR\"}]}<\/script>\n<!-- \/ Yoast SEO plugin. -->","yoast_head_json":{"title":"Peeling anti-acn\u00e9 professionnel | Sakura Spa Saint-Gall \ud83c\udf38","description":"Soulagement doux de l&#039;acn\u00e9 et des imperfections. \u2728 Offrez \u00e0 votre peau un peeling professionnel chez Sakura Spa. Nous avons h\u00e2te de vous accueillir ! \ud83c\udf38","robots":{"index":"index","follow":"follow","max-snippet":"max-snippet:-1","max-image-preview":"max-image-preview:large","max-video-preview":"max-video-preview:-1"},"canonical":"https:\/\/www.sakura-spa.ch\/fr\/produits-de-beaute\/traitement-de-lacne\/","og_locale":"fr_FR","og_type":"article","og_title":"Professionelles Acne Peel | Sakura Spa St. Gallen \ud83c\udf38","og_description":"Sanfte Hilfe bei Akne & Unreinheiten. \u2728 G\u00f6nnen Sie Ihrer Haut ein professionelles Peel im Sakura Spa. Wir freuen uns auf Sie! \ud83c\udf38","og_url":"https:\/\/www.sakura-spa.ch\/fr\/produits-de-beaute\/traitement-de-lacne\/","og_site_name":"Sakura Spa in St. Gallen","article_modified_time":"2026-04-18T14:11:40+00:00","og_image":[{"width":1838,"height":1631,"url":"https:\/\/www.sakura-spa.ch\/wp-content\/uploads\/GESICHT-iStock-1248802037.jpg","type":"image\/jpeg"}],"twitter_card":"summary_large_image","schema":{"@context":"https:\/\/schema.org","@graph":[{"@type":"WebPage","@id":"https:\/\/www.sakura-spa.ch\/kosmetik\/aknebehandlung\/","url":"https:\/\/www.sakura-spa.ch\/kosmetik\/aknebehandlung\/","name":"Peeling anti-acn\u00e9 professionnel | Sakura Spa Saint-Gall \ud83c\udf38","isPartOf":{"@id":"https:\/\/www.sakura-spa.ch\/#website"},"primaryImageOfPage":{"@id":"https:\/\/www.sakura-spa.ch\/kosmetik\/aknebehandlung\/#primaryimage"},"image":{"@id":"https:\/\/www.sakura-spa.ch\/kosmetik\/aknebehandlung\/#primaryimage"},"thumbnailUrl":"https:\/\/www.sakura-spa.ch\/wp-content\/uploads\/GESICHT-iStock-1248802037.jpg","datePublished":"2022-10-18T14:18:54+00:00","dateModified":"2026-04-18T14:11:40+00:00","description":"Soulagement doux de l&#039;acn\u00e9 et des imperfections. \u2728 Offrez \u00e0 votre peau un peeling professionnel chez Sakura Spa. Nous avons h\u00e2te de vous accueillir ! \ud83c\udf38","breadcrumb":{"@id":"https:\/\/www.sakura-spa.ch\/kosmetik\/aknebehandlung\/#breadcrumb"},"inLanguage":"fr-FR","potentialAction":[{"@type":"ReadAction","target":["https:\/\/www.sakura-spa.ch\/kosmetik\/aknebehandlung\/"]}]},{"@type":"ImageObject","inLanguage":"fr-FR","@id":"https:\/\/www.sakura-spa.ch\/kosmetik\/aknebehandlung\/#primaryimage","url":"https:\/\/www.sakura-spa.ch\/wp-content\/uploads\/GESICHT-iStock-1248802037.jpg","contentUrl":"https:\/\/www.sakura-spa.ch\/wp-content\/uploads\/GESICHT-iStock-1248802037.jpg","width":1838,"height":1631,"caption":"Aknebehandlung - mesoestetic\u00ae Acne Peel System in St. Gallen"},{"@type":"BreadcrumbList","@id":"https:\/\/www.sakura-spa.ch\/kosmetik\/aknebehandlung\/#breadcrumb","itemListElement":[{"@type":"ListItem","position":1,"name":"Startseite","item":"https:\/\/www.sakura-spa.ch\/"},{"@type":"ListItem","position":2,"name":"Kosmetik","item":"https:\/\/www.sakura-spa.ch\/kosmetik\/"},{"@type":"ListItem","position":3,"name":"Akne-Behandlung \u2013 mesoestetic\u00ae Acne Peel System"}]},{"@type":"WebSite","@id":"https:\/\/www.sakura-spa.ch\/#website","url":"https:\/\/www.sakura-spa.ch\/","name":"Spa Sakura \u00e0 Saint-Gall","description":"Cosm\u00e9tiques, Bien-\u00eatre et Massages","potentialAction":[{"@type":"SearchAction","target":{"@type":"EntryPoint","urlTemplate":"https:\/\/www.sakura-spa.ch\/?s={search_term_string}"},"query-input":{"@type":"PropertyValueSpecification","valueRequired":true,"valueName":"search_term_string"}}],"inLanguage":"fr-FR"}]}},"_links":{"self":[{"href":"https:\/\/www.sakura-spa.ch\/fr\/wp-json\/wp\/v2\/pages\/8946","targetHints":{"allow":["GET"]}}],"collection":[{"href":"https:\/\/www.sakura-spa.ch\/fr\/wp-json\/wp\/v2\/pages"}],"about":[{"href":"https:\/\/www.sakura-spa.ch\/fr\/wp-json\/wp\/v2\/types\/page"}],"author":[{"embeddable":true,"href":"https:\/\/www.sakura-spa.ch\/fr\/wp-json\/wp\/v2\/users\/1"}],"replies":[{"embeddable":true,"href":"https:\/\/www.sakura-spa.ch\/fr\/wp-json\/wp\/v2\/comments?post=8946"}],"version-history":[{"count":170,"href":"https:\/\/www.sakura-spa.ch\/fr\/wp-json\/wp\/v2\/pages\/8946\/revisions"}],"predecessor-version":[{"id":27689,"href":"https:\/\/www.sakura-spa.ch\/fr\/wp-json\/wp\/v2\/pages\/8946\/revisions\/27689"}],"up":[{"embeddable":true,"href":"https:\/\/www.sakura-spa.ch\/fr\/wp-json\/wp\/v2\/pages\/5391"}],"wp:featuredmedia":[{"embeddable":true,"href":"https:\/\/www.sakura-spa.ch\/fr\/wp-json\/wp\/v2\/media\/9234"}],"wp:attachment":[{"href":"https:\/\/www.sakura-spa.ch\/fr\/wp-json\/wp\/v2\/media?parent=8946"}],"curies":[{"name":"wp","href":"https:\/\/api.w.org\/{rel}","templated":true}]}}