{"id":8955,"date":"2022-10-18T16:15:47","date_gmt":"2022-10-18T14:15:47","guid":{"rendered":"https:\/\/p5.seoway.de\/?page_id=8955"},"modified":"2026-04-18T16:18:54","modified_gmt":"2026-04-18T14:18:54","slug":"anti-age","status":"publish","type":"page","link":"https:\/\/www.sakura-spa.ch\/fr\/produits-de-beaute\/anti-age\/","title":{"rendered":"anti-\u00e2ge"},"content":{"rendered":"<div data-elementor-type=\"wp-page\" data-elementor-id=\"8955\" class=\"elementor elementor-8955\" data-elementor-post-type=\"page\">\n\t\t\t\t\t\t<section class=\"elementor-section elementor-top-section elementor-element elementor-element-4c057f51 elementor-section-full_width elementor-section-height-default elementor-section-height-default\" data-id=\"4c057f51\" data-element_type=\"section\">\n\t\t\t\t\t\t<div class=\"elementor-container elementor-column-gap-no\">\n\t\t\t\t\t<div class=\"elementor-column elementor-col-100 elementor-top-column elementor-element elementor-element-71bbe7dd\" data-id=\"71bbe7dd\" data-element_type=\"column\">\n\t\t\t<div class=\"elementor-widget-wrap elementor-element-populated\">\n\t\t\t\t\t\t<div class=\"elementor-element elementor-element-4c5c10b6 elementor--h-position-left elementor--v-position-middle elementor-widget elementor-widget-slides\" data-id=\"4c5c10b6\" data-element_type=\"widget\" data-settings=\"{&quot;navigation&quot;:&quot;none&quot;,&quot;autoplay&quot;:&quot;yes&quot;,&quot;pause_on_hover&quot;:&quot;yes&quot;,&quot;pause_on_interaction&quot;:&quot;yes&quot;,&quot;autoplay_speed&quot;:5000,&quot;infinite&quot;:&quot;yes&quot;,&quot;transition&quot;:&quot;slide&quot;,&quot;transition_speed&quot;:500}\" data-widget_type=\"slides.default\">\n\t\t\t\t<div class=\"elementor-widget-container\">\n\t\t\t\t\t\t\t\t\t<div class=\"elementor-swiper\">\n\t\t\t\t\t<div class=\"elementor-slides-wrapper elementor-main-swiper swiper\" role=\"region\" aria-roledescription=\"carousel\" aria-label=\"diapositives\" dir=\"ltr\" data-animation=\"fadeInUp\">\n\t\t\t\t<div class=\"swiper-wrapper elementor-slides\">\n\t\t\t\t\t\t\t\t\t\t<div class=\"elementor-repeater-item-11679b6 swiper-slide\" role=\"group\" aria-roledescription=\"slide\"><div class=\"swiper-slide-bg elementor-ken-burns elementor-ken-burns--in\" role=\"img\"><\/div><div class=\"elementor-background-overlay\"><\/div><div class=\"swiper-slide-inner\" ><div class=\"swiper-slide-contents\"><div class=\"elementor-slide-heading\">anti-\u00e2ge<\/div><div class=\"elementor-slide-description\">Des soins de haute technologie pour des r\u00e9sultats visibles<\/div><a href=\"#elementor-action%3Aaction%3Dpopup%3Aopen%26settings%3DeyJpZCI6IjM1IiwidG9nZ2xlIjpmYWxzZX0%3D\" class=\"elementor-button elementor-slide-button elementor-size-md\">contact<\/a><\/div><\/div><\/div>\t\t\t\t<\/div>\n\t\t\t\t\t\t\t<\/div>\n\t\t\t\t<\/div>\n\t\t\t\t\t\t\t\t<\/div>\n\t\t\t\t<\/div>\n\t\t\t\t\t<\/div>\n\t\t<\/div>\n\t\t\t\t\t<\/div>\n\t\t<\/section>\n\t\t\t\t<section class=\"elementor-section elementor-top-section elementor-element elementor-element-53f712c3 elementor-section-boxed elementor-section-height-default elementor-section-height-default\" data-id=\"53f712c3\" data-element_type=\"section\" data-settings=\"{&quot;background_background&quot;:&quot;classic&quot;}\">\n\t\t\t\t\t\t\t<div class=\"elementor-background-overlay\"><\/div>\n\t\t\t\t\t\t\t<div class=\"elementor-container elementor-column-gap-default\">\n\t\t\t\t\t<div class=\"elementor-column elementor-col-100 elementor-top-column elementor-element elementor-element-12af9689\" data-id=\"12af9689\" data-element_type=\"column\">\n\t\t\t<div class=\"elementor-widget-wrap elementor-element-populated\">\n\t\t\t\t\t\t<div class=\"elementor-element elementor-element-468a84b7 elementor-widget elementor-widget-global elementor-global-332 elementor-widget-breadcrumbs\" data-id=\"468a84b7\" data-element_type=\"widget\" data-widget_type=\"breadcrumbs.default\">\n\t\t\t\t<div class=\"elementor-widget-container\">\n\t\t\t\t\t<p id=\"breadcrumbs\"><span><span><a href=\"https:\/\/www.sakura-spa.ch\/fr\/\">page d&#039;accueil<\/a><\/span><\/span><\/p>\t\t\t\t<\/div>\n\t\t\t\t<\/div>\n\t\t\t\t\t<\/div>\n\t\t<\/div>\n\t\t\t\t\t<\/div>\n\t\t<\/section>\n\t\t\t\t<section class=\"elementor-section elementor-top-section elementor-element elementor-element-06811a5 elementor-section-boxed elementor-section-height-default elementor-section-height-default\" data-id=\"06811a5\" data-element_type=\"section\">\n\t\t\t\t\t\t<div class=\"elementor-container elementor-column-gap-default\">\n\t\t\t\t\t<div class=\"elementor-column elementor-col-100 elementor-top-column elementor-element elementor-element-33e6687\" data-id=\"33e6687\" data-element_type=\"column\">\n\t\t\t<div class=\"elementor-widget-wrap elementor-element-populated\">\n\t\t\t\t\t\t<div class=\"elementor-element elementor-element-c90083c elementor-widget elementor-widget-heading\" data-id=\"c90083c\" data-element_type=\"widget\" data-widget_type=\"heading.default\">\n\t\t\t\t<div class=\"elementor-widget-container\">\n\t\t\t\t\t<h1 class=\"elementor-heading-title elementor-size-default\">anti-\u00e2ge<\/h1>\t\t\t\t<\/div>\n\t\t\t\t<\/div>\n\t\t\t\t<div class=\"elementor-element elementor-element-12c7f8c elementor-widget elementor-widget-text-editor\" data-id=\"12c7f8c\" data-element_type=\"widget\" data-widget_type=\"text-editor.default\">\n\t\t\t\t<div class=\"elementor-widget-container\">\n\t\t\t\t\t\t\t\t\t<p>Laissez nos esth\u00e9ticiennes expertes du Sakura Spa de Saint-Gall vous rajeunir et sublimer votre beaut\u00e9 gr\u00e2ce \u00e0 une gamme exclusive et vari\u00e9e de soins anti-\u00e2ge efficaces. Nous vous choyons avec des soins holistiques classiques, des produits luxueux, des massages relaxants, des peelings et des masques, ainsi que des traitements de beaut\u00e9 de pointe r\u00e9alis\u00e9s avec des \u00e9quipements ultramodernes. Des appareils de haute technologie tels que la microdermabrasion, le microneedling et le soin Hydra Derma Facial rajeunissent votre peau, am\u00e9liorent son \u00e9lasticit\u00e9, lissent votre teint, minimisent les pores et les rides et contribuent \u00e0 sa r\u00e9g\u00e9n\u00e9ration durable. Nos sp\u00e9cialistes beaut\u00e9 qualifi\u00e9es vous prodiguent des soins avec une grande d\u00e9licatesse et utilisent des actifs de haute qualit\u00e9. Nous proposons des consultations personnalis\u00e9es adapt\u00e9es \u00e0 vos besoins sp\u00e9cifiques\u00a0; n&#039;h\u00e9sitez pas \u00e0 nous appeler.<\/p>\t\t\t\t\t\t\t\t<\/div>\n\t\t\t\t<\/div>\n\t\t\t\t\t<\/div>\n\t\t<\/div>\n\t\t\t\t\t<\/div>\n\t\t<\/section>\n\t\t\t\t<section class=\"elementor-section elementor-top-section elementor-element elementor-element-9849d75 elementor-section-boxed elementor-section-height-default elementor-section-height-default\" data-id=\"9849d75\" data-element_type=\"section\" data-settings=\"{&quot;background_background&quot;:&quot;classic&quot;}\">\n\t\t\t\t\t\t<div class=\"elementor-container elementor-column-gap-default\">\n\t\t\t\t\t<div class=\"elementor-column elementor-col-33 elementor-top-column elementor-element elementor-element-5868f5e\" data-id=\"5868f5e\" data-element_type=\"column\">\n\t\t\t<div class=\"elementor-widget-wrap elementor-element-populated\">\n\t\t\t\t\t\t<div class=\"elementor-element elementor-element-9188688 elementor-widget__width-initial elementor-cta--valign-top elementor-cta--skin-classic elementor-animated-content elementor-bg-transform elementor-bg-transform-zoom-in elementor-widget elementor-widget-call-to-action\" data-id=\"9188688\" data-element_type=\"widget\" data-widget_type=\"call-to-action.default\">\n\t\t\t\t<div class=\"elementor-widget-container\">\n\t\t\t\t\t\t\t<a class=\"elementor-cta\" href=\"https:\/\/www.sakura-spa.ch\/fr\/produits-de-beaute\/hydrodermabrasion-soin-du-visage-a-leau\/\">\n\t\t\t\t\t<div class=\"elementor-cta__bg-wrapper\">\n\t\t\t\t<div class=\"elementor-cta__bg elementor-bg\" style=\"background-image: url(https:\/\/www.sakura-spa.ch\/wp-content\/uploads\/gesichtsbehandlung-hydra-derm-facial-02-1024x683.jpeg);\" role=\"img\" aria-label=\"Soin du visage Hydra Derm\"><\/div>\n\t\t\t\t<div class=\"elementor-cta__bg-overlay\"><\/div>\n\t\t\t<\/div>\n\t\t\t\t\t\t\t<div class=\"elementor-cta__content\">\n\t\t\t\t\n\t\t\t\t\t\t\t\t\t<h3 class=\"elementor-cta__title elementor-cta__content-item elementor-content-item\">\n\t\t\t\t\t\tHydrodermabrasion \u2013 Aqua Facial\t\t\t\t\t<\/h3>\n\t\t\t\t\n\t\t\t\t\t\t\t\t\t<div class=\"elementor-cta__description elementor-cta__content-item elementor-content-item\">\n\t\t\t\t\t\t\nUne peau \u00e9clatante de fra\u00eecheur en quatre \u00e9tapes. Le traitement anti-\u00e2ge complet aux r\u00e9sultats imm\u00e9diatement visibles int\u00e8gre l&#039;abrasion cutan\u00e9e, le nettoyage en profondeur et l&#039;infusion cutan\u00e9e d&#039;antioxydants, de vitamines et d&#039;acide hyaluronique et le drainage lymphatique.\t\t\t\t\t<\/div>\n\t\t\t\t\n\t\t\t\t\t\t\t<\/div>\n\t\t\t\t\t\t<\/a>\n\t\t\t\t\t\t<\/div>\n\t\t\t\t<\/div>\n\t\t\t\t\t<\/div>\n\t\t<\/div>\n\t\t\t\t<div class=\"elementor-column elementor-col-33 elementor-top-column elementor-element elementor-element-573ee1f\" data-id=\"573ee1f\" data-element_type=\"column\">\n\t\t\t<div class=\"elementor-widget-wrap elementor-element-populated\">\n\t\t\t\t\t\t<div class=\"elementor-element elementor-element-11255b1 elementor-widget__width-initial elementor-cta--valign-top elementor-cta--skin-classic elementor-animated-content elementor-bg-transform elementor-bg-transform-zoom-in elementor-widget elementor-widget-global elementor-global-8707 elementor-widget-call-to-action\" data-id=\"11255b1\" data-element_type=\"widget\" data-widget_type=\"call-to-action.default\">\n\t\t\t\t<div class=\"elementor-widget-container\">\n\t\t\t\t\t\t\t<a class=\"elementor-cta\" href=\"https:\/\/www.sakura-spa.ch\/fr\/produits-de-beaute\/micro-aiguilletage\/\">\n\t\t\t\t\t<div class=\"elementor-cta__bg-wrapper\">\n\t\t\t\t<div class=\"elementor-cta__bg elementor-bg\" style=\"background-image: url(https:\/\/www.sakura-spa.ch\/wp-content\/uploads\/gesichtsbehandlung-microneedling-01-1024x683.jpeg);\" role=\"img\" aria-label=\"micro-aiguilletage\"><\/div>\n\t\t\t\t<div class=\"elementor-cta__bg-overlay\"><\/div>\n\t\t\t<\/div>\n\t\t\t\t\t\t\t<div class=\"elementor-cta__content\">\n\t\t\t\t\n\t\t\t\t\t\t\t\t\t<h3 class=\"elementor-cta__title elementor-cta__content-item elementor-content-item\">\n\t\t\t\t\t\tmicro-aiguilletage\t\t\t\t\t<\/h3>\n\t\t\t\t\n\t\t\t\t\t\t\t\t\t<div class=\"elementor-cta__description elementor-cta__content-item elementor-content-item\">\n\t\t\t\t\t\tRaffermissement cutan\u00e9 \u2013 rajeunissement \u2013 traitement des cicatrices \u2013 att\u00e9nuation des taches pigmentaires. Cette m\u00e9thode efficace et peu invasive, utilisant l&#039;appareil prim\u00e9 eDermastamp\u00ae de la soci\u00e9t\u00e9 suisse mesoestetic\u00ae, am\u00e9liore la structure de votre peau de l&#039;int\u00e9rieur. L&#039;infusion d&#039;acide hyaluronique stimule \u00e9galement la production de collag\u00e8ne et d&#039;\u00e9lastine.\t\t\t\t\t<\/div>\n\t\t\t\t\n\t\t\t\t\t\t\t<\/div>\n\t\t\t\t\t\t<\/a>\n\t\t\t\t\t\t<\/div>\n\t\t\t\t<\/div>\n\t\t\t\t\t<\/div>\n\t\t<\/div>\n\t\t\t\t<div class=\"elementor-column elementor-col-33 elementor-top-column elementor-element elementor-element-015b70b\" data-id=\"015b70b\" data-element_type=\"column\">\n\t\t\t<div class=\"elementor-widget-wrap elementor-element-populated\">\n\t\t\t\t\t\t<div class=\"elementor-element elementor-element-1b04e1b elementor-widget__width-initial elementor-cta--valign-top elementor-cta--skin-classic elementor-animated-content elementor-bg-transform elementor-bg-transform-zoom-in elementor-widget elementor-widget-global elementor-global-8731 elementor-widget-call-to-action\" data-id=\"1b04e1b\" data-element_type=\"widget\" data-widget_type=\"call-to-action.default\">\n\t\t\t\t<div class=\"elementor-widget-container\">\n\t\t\t\t\t\t\t<a class=\"elementor-cta\" href=\"https:\/\/www.sakura-spa.ch\/fr\/produits-de-beaute\/lifting-du-mesoeclat\/\">\n\t\t\t\t\t<div class=\"elementor-cta__bg-wrapper\">\n\t\t\t\t<div class=\"elementor-cta__bg elementor-bg\" style=\"background-image: url(https:\/\/www.sakura-spa.ch\/wp-content\/uploads\/Peel_Anwendung.png-769x1024.png);\" role=\"img\" aria-label=\"Meso\u00e9clat\u00ae Melanostop \u00e0 Saint-Gall\"><\/div>\n\t\t\t\t<div class=\"elementor-cta__bg-overlay\"><\/div>\n\t\t\t<\/div>\n\t\t\t\t\t\t\t<div class=\"elementor-cta__content\">\n\t\t\t\t\n\t\t\t\t\t\t\t\t\t<h3 class=\"elementor-cta__title elementor-cta__content-item elementor-content-item\">\n\t\t\t\t\t\tlifting Meso\u00e9clat\u00ae\t\t\t\t\t<\/h3>\n\t\t\t\t\n\t\t\t\t\t\t\t\t\t<div class=\"elementor-cta__description elementor-cta__content-item elementor-content-item\">\n\t\t\t\t\t\tMeso\u00e9clat\u00ae Lifting, un soin anti-\u00e2ge efficace \u00e0 base d&#039;acide salicylique, d&#039;acide az\u00e9la\u00efque et de pr\u00e9cieux ingr\u00e9dients de soin,<br>\u00e9galement connu sous le nom de Hollywood Lift avec des r\u00e9sultats rapides, imm\u00e9diatement visibles et durables.<br> Les rides sont att\u00e9nu\u00e9es, la peau para\u00eet fra\u00eeche, rebondie, revitalis\u00e9e et pleine d\u2019un nouvel \u00e9clat.\t\t\t\t\t<\/div>\n\t\t\t\t\n\t\t\t\t\t\t\t<\/div>\n\t\t\t\t\t\t<\/a>\n\t\t\t\t\t\t<\/div>\n\t\t\t\t<\/div>\n\t\t\t\t\t<\/div>\n\t\t<\/div>\n\t\t\t\t\t<\/div>\n\t\t<\/section>\n\t\t\t\t<section class=\"elementor-section elementor-top-section elementor-element elementor-element-79e8ef6 elementor-section-boxed elementor-section-height-default elementor-section-height-default\" data-id=\"79e8ef6\" data-element_type=\"section\">\n\t\t\t\t\t\t<div class=\"elementor-container elementor-column-gap-default\">\n\t\t\t\t\t<div class=\"elementor-column elementor-col-100 elementor-top-column elementor-element elementor-element-161c64a\" data-id=\"161c64a\" data-element_type=\"column\">\n\t\t\t<div class=\"elementor-widget-wrap elementor-element-populated\">\n\t\t\t\t\t\t<div class=\"elementor-element elementor-element-71e7c42 elementor-widget elementor-widget-heading\" data-id=\"71e7c42\" data-element_type=\"widget\" data-widget_type=\"heading.default\">\n\t\t\t\t<div class=\"elementor-widget-container\">\n\t\t\t\t\t<h2 class=\"elementor-heading-title elementor-size-default\">Soin anti-\u00e2ge contre les signes du temps<\/h2>\t\t\t\t<\/div>\n\t\t\t\t<\/div>\n\t\t\t\t<div class=\"elementor-element elementor-element-72cc0a7 elementor-widget elementor-widget-text-editor\" data-id=\"72cc0a7\" data-element_type=\"widget\" data-widget_type=\"text-editor.default\">\n\t\t\t\t<div class=\"elementor-widget-container\">\n\t\t\t\t\t\t\t\t\t<p>Le vieillissement cutan\u00e9 est un processus biologique in\u00e9vitable. Avec l&#039;\u00e2ge, la d\u00e9gradation de l&#039;\u00e9lastine, du collag\u00e8ne et de l&#039;acide hyaluronique s&#039;accentue, et la production naturelle de ces substances par la peau diminue. La peau perd de sa fermet\u00e9 et de son \u00e9lasticit\u00e9, et il est important de la faire soigner par des experts afin de stimuler ses processus naturels de r\u00e9paration et de r\u00e9g\u00e9n\u00e9ration. L&#039;objectif est de reconstituer les r\u00e9serves d&#039;acide hyaluronique et de stimuler la production de collag\u00e8ne et d&#039;\u00e9lastine. D\u00e8s 30 ans, il est conseill\u00e9 d&#039;utiliser des actifs et des traitements efficaces pour pr\u00e9server une peau lisse et de s&#039;offrir un soin anti-\u00e2ge personnalis\u00e9. Les actifs puissants et les soins cosm\u00e9tiques sont des atouts pr\u00e9cieux pour att\u00e9nuer les rides et ridules, raffermir le teint et rajeunir visiblement et durablement la peau, car mieux vaut pr\u00e9venir que gu\u00e9rir. Nos sp\u00e9cialistes en cosm\u00e9tique du Sakura Spa vous proposent des traitements anti-\u00e2ge efficaces avec des produits de haute qualit\u00e9 et des m\u00e9thodes performantes qui activent les cellules, pour une peau plus \u00e9lastique, plus fra\u00eeche, plus rebondie, plus lisse et \u00e9clatante, qui souligne votre personnalit\u00e9 et votre beaut\u00e9 unique.<\/p>\t\t\t\t\t\t\t\t<\/div>\n\t\t\t\t<\/div>\n\t\t\t\t<div class=\"elementor-element elementor-element-7f92ed8 elementor-widget elementor-widget-heading\" data-id=\"7f92ed8\" data-element_type=\"widget\" data-widget_type=\"heading.default\">\n\t\t\t\t<div class=\"elementor-widget-container\">\n\t\t\t\t\t<h2 class=\"elementor-heading-title elementor-size-default\">Conseil personnalis\u00e9 \u2013 adapt\u00e9 individuellement \u00e0 vos besoins<\/h2>\t\t\t\t<\/div>\n\t\t\t\t<\/div>\n\t\t\t\t<div class=\"elementor-element elementor-element-0045bb8 elementor-widget elementor-widget-text-editor\" data-id=\"0045bb8\" data-element_type=\"widget\" data-widget_type=\"text-editor.default\">\n\t\t\t\t<div class=\"elementor-widget-container\">\n\t\t\t\t\t\t\t\t\t<p>Nous vous conseillerons sur toutes questions relatives aux soins anti-\u00e2ge qui vous conviennent, pour discuter avec vous de vos pr\u00e9occupations et pour s\u00e9lectionner le soin du visage adapt\u00e9 \u00e0 vos besoins. Appelez-nous au Sakura Spa de Saint-Gall pour des conseils d&#039;experts<\/p>\t\t\t\t\t\t\t\t<\/div>\n\t\t\t\t<\/div>\n\t\t\t\t\t<\/div>\n\t\t<\/div>\n\t\t\t\t\t<\/div>\n\t\t<\/section>\n\t\t\t\t<\/div>","protected":false},"excerpt":{"rendered":"<p>Anti AgingHigh Tech Pflege f\u00fcr sichtbare ResultateKontakt aufnehmen Anti Aging Lassen Sie sich im Sakura Spa St. Gallen von unseren Fachkosmetikerinnen mit einem exklusiven breitgef\u00e4cherten Angebot an wirksamen Anti-Aging Behandlungen verj\u00fcngen und versch\u00f6nern. Wir verw\u00f6hnen Sie sowohl mit der Klassischen ganzheitlichen Pflege, luxuri\u00f6sen Produkten, entspannende Massagen, Peelings und Masken, als auch mit apparativen Beauty Treatments. [&hellip;]<\/p>\n","protected":false},"author":1,"featured_media":5539,"parent":5391,"menu_order":0,"comment_status":"closed","ping_status":"closed","template":"","meta":{"footnotes":""},"class_list":["post-8955","page","type-page","status-publish","has-post-thumbnail","hentry"],"yoast_head":"<!-- This site is optimized with the Yoast SEO plugin v25.2 - https:\/\/yoast.com\/wordpress\/plugins\/seo\/ -->\n<title>Anti Aging Behandlung in St. Gallen | Sakura Spa<\/title>\n<meta name=\"description\" content=\"Anti Aging Behandlung in St. Gallen \u261d sofort sichtbare Ergebnisse \u2764 Microneedling \u2764 Meso\u00e9clat\u00ae Lifting \u2764 Hydrodermabrasion \u2013 Aqua Facial\" \/>\n<meta name=\"robots\" content=\"index, follow, max-snippet:-1, max-image-preview:large, max-video-preview:-1\" \/>\n<link rel=\"canonical\" href=\"https:\/\/www.sakura-spa.ch\/fr\/produits-de-beaute\/anti-age\/\" \/>\n<meta property=\"og:locale\" content=\"fr_FR\" \/>\n<meta property=\"og:type\" content=\"article\" \/>\n<meta property=\"og:title\" content=\"Anti Aging Behandlung in St. Gallen | Sakura Spa\" \/>\n<meta property=\"og:description\" content=\"Anti Aging Behandlung in St. Gallen \u261d sofort sichtbare Ergebnisse \u2764 Microneedling \u2764 Meso\u00e9clat\u00ae Lifting \u2764 Hydrodermabrasion \u2013 Aqua Facial\" \/>\n<meta property=\"og:url\" content=\"https:\/\/www.sakura-spa.ch\/fr\/produits-de-beaute\/anti-age\/\" \/>\n<meta property=\"og:site_name\" content=\"Sakura Spa in St. Gallen\" \/>\n<meta property=\"article:modified_time\" content=\"2026-04-18T14:18:54+00:00\" \/>\n<meta property=\"og:image\" content=\"https:\/\/www.sakura-spa.ch\/wp-content\/uploads\/gesichtsbehandlung-microneedling-01-scaled.jpeg\" \/>\n\t<meta property=\"og:image:width\" content=\"2560\" \/>\n\t<meta property=\"og:image:height\" content=\"1707\" \/>\n\t<meta property=\"og:image:type\" content=\"image\/jpeg\" \/>\n<meta name=\"twitter:card\" content=\"summary_large_image\" \/>\n<script type=\"application\/ld+json\" class=\"yoast-schema-graph\">{\"@context\":\"https:\/\/schema.org\",\"@graph\":[{\"@type\":\"WebPage\",\"@id\":\"https:\/\/www.sakura-spa.ch\/kosmetik\/anti-aging\/\",\"url\":\"https:\/\/www.sakura-spa.ch\/kosmetik\/anti-aging\/\",\"name\":\"Anti Aging Behandlung in St. Gallen | Sakura Spa\",\"isPartOf\":{\"@id\":\"https:\/\/www.sakura-spa.ch\/#website\"},\"primaryImageOfPage\":{\"@id\":\"https:\/\/www.sakura-spa.ch\/kosmetik\/anti-aging\/#primaryimage\"},\"image\":{\"@id\":\"https:\/\/www.sakura-spa.ch\/kosmetik\/anti-aging\/#primaryimage\"},\"thumbnailUrl\":\"https:\/\/www.sakura-spa.ch\/wp-content\/uploads\/gesichtsbehandlung-microneedling-01-scaled.jpeg\",\"datePublished\":\"2022-10-18T14:15:47+00:00\",\"dateModified\":\"2026-04-18T14:18:54+00:00\",\"description\":\"Anti Aging Behandlung in St. Gallen \u261d sofort sichtbare Ergebnisse \u2764 Microneedling \u2764 Meso\u00e9clat\u00ae Lifting \u2764 Hydrodermabrasion \u2013 Aqua Facial\",\"breadcrumb\":{\"@id\":\"https:\/\/www.sakura-spa.ch\/kosmetik\/anti-aging\/#breadcrumb\"},\"inLanguage\":\"fr-FR\",\"potentialAction\":[{\"@type\":\"ReadAction\",\"target\":[\"https:\/\/www.sakura-spa.ch\/kosmetik\/anti-aging\/\"]}]},{\"@type\":\"ImageObject\",\"inLanguage\":\"fr-FR\",\"@id\":\"https:\/\/www.sakura-spa.ch\/kosmetik\/anti-aging\/#primaryimage\",\"url\":\"https:\/\/www.sakura-spa.ch\/wp-content\/uploads\/gesichtsbehandlung-microneedling-01-scaled.jpeg\",\"contentUrl\":\"https:\/\/www.sakura-spa.ch\/wp-content\/uploads\/gesichtsbehandlung-microneedling-01-scaled.jpeg\",\"width\":2560,\"height\":1707,\"caption\":\"Microneedling\"},{\"@type\":\"BreadcrumbList\",\"@id\":\"https:\/\/www.sakura-spa.ch\/kosmetik\/anti-aging\/#breadcrumb\",\"itemListElement\":[{\"@type\":\"ListItem\",\"position\":1,\"name\":\"Startseite\",\"item\":\"https:\/\/www.sakura-spa.ch\/\"},{\"@type\":\"ListItem\",\"position\":2,\"name\":\"Kosmetik\",\"item\":\"https:\/\/www.sakura-spa.ch\/kosmetik\/\"},{\"@type\":\"ListItem\",\"position\":3,\"name\":\"Anti Aging\"}]},{\"@type\":\"WebSite\",\"@id\":\"https:\/\/www.sakura-spa.ch\/#website\",\"url\":\"https:\/\/www.sakura-spa.ch\/\",\"name\":\"Sakura Spa in St. Gallen\",\"description\":\"Kosmetik, Wellness und Massage\",\"potentialAction\":[{\"@type\":\"SearchAction\",\"target\":{\"@type\":\"EntryPoint\",\"urlTemplate\":\"https:\/\/www.sakura-spa.ch\/?s={search_term_string}\"},\"query-input\":{\"@type\":\"PropertyValueSpecification\",\"valueRequired\":true,\"valueName\":\"search_term_string\"}}],\"inLanguage\":\"fr-FR\"}]}<\/script>\n<!-- \/ Yoast SEO plugin. -->","yoast_head_json":{"title":"Traitement anti-\u00e2ge \u00e0 Saint-Gall | Spa Sakura","description":"Soins anti-\u00e2ge \u00e0 Saint-Gall \u261d r\u00e9sultats visibles imm\u00e9diatement \u2764 Microneedling \u2764 Lifting Meso\u00e9clat\u00ae \u2764 Hydrodermabrasion \u2013 Aqua Facial","robots":{"index":"index","follow":"follow","max-snippet":"max-snippet:-1","max-image-preview":"max-image-preview:large","max-video-preview":"max-video-preview:-1"},"canonical":"https:\/\/www.sakura-spa.ch\/fr\/produits-de-beaute\/anti-age\/","og_locale":"fr_FR","og_type":"article","og_title":"Anti Aging Behandlung in St. Gallen | Sakura Spa","og_description":"Anti Aging Behandlung in St. Gallen \u261d sofort sichtbare Ergebnisse \u2764 Microneedling \u2764 Meso\u00e9clat\u00ae Lifting \u2764 Hydrodermabrasion \u2013 Aqua Facial","og_url":"https:\/\/www.sakura-spa.ch\/fr\/produits-de-beaute\/anti-age\/","og_site_name":"Sakura Spa in St. Gallen","article_modified_time":"2026-04-18T14:18:54+00:00","og_image":[{"width":2560,"height":1707,"url":"https:\/\/www.sakura-spa.ch\/wp-content\/uploads\/gesichtsbehandlung-microneedling-01-scaled.jpeg","type":"image\/jpeg"}],"twitter_card":"summary_large_image","schema":{"@context":"https:\/\/schema.org","@graph":[{"@type":"WebPage","@id":"https:\/\/www.sakura-spa.ch\/kosmetik\/anti-aging\/","url":"https:\/\/www.sakura-spa.ch\/kosmetik\/anti-aging\/","name":"Traitement anti-\u00e2ge \u00e0 Saint-Gall | Spa Sakura","isPartOf":{"@id":"https:\/\/www.sakura-spa.ch\/#website"},"primaryImageOfPage":{"@id":"https:\/\/www.sakura-spa.ch\/kosmetik\/anti-aging\/#primaryimage"},"image":{"@id":"https:\/\/www.sakura-spa.ch\/kosmetik\/anti-aging\/#primaryimage"},"thumbnailUrl":"https:\/\/www.sakura-spa.ch\/wp-content\/uploads\/gesichtsbehandlung-microneedling-01-scaled.jpeg","datePublished":"2022-10-18T14:15:47+00:00","dateModified":"2026-04-18T14:18:54+00:00","description":"Soins anti-\u00e2ge \u00e0 Saint-Gall \u261d r\u00e9sultats visibles imm\u00e9diatement \u2764 Microneedling \u2764 Lifting Meso\u00e9clat\u00ae \u2764 Hydrodermabrasion \u2013 Aqua Facial","breadcrumb":{"@id":"https:\/\/www.sakura-spa.ch\/kosmetik\/anti-aging\/#breadcrumb"},"inLanguage":"fr-FR","potentialAction":[{"@type":"ReadAction","target":["https:\/\/www.sakura-spa.ch\/kosmetik\/anti-aging\/"]}]},{"@type":"ImageObject","inLanguage":"fr-FR","@id":"https:\/\/www.sakura-spa.ch\/kosmetik\/anti-aging\/#primaryimage","url":"https:\/\/www.sakura-spa.ch\/wp-content\/uploads\/gesichtsbehandlung-microneedling-01-scaled.jpeg","contentUrl":"https:\/\/www.sakura-spa.ch\/wp-content\/uploads\/gesichtsbehandlung-microneedling-01-scaled.jpeg","width":2560,"height":1707,"caption":"Microneedling"},{"@type":"BreadcrumbList","@id":"https:\/\/www.sakura-spa.ch\/kosmetik\/anti-aging\/#breadcrumb","itemListElement":[{"@type":"ListItem","position":1,"name":"Startseite","item":"https:\/\/www.sakura-spa.ch\/"},{"@type":"ListItem","position":2,"name":"Kosmetik","item":"https:\/\/www.sakura-spa.ch\/kosmetik\/"},{"@type":"ListItem","position":3,"name":"Anti Aging"}]},{"@type":"WebSite","@id":"https:\/\/www.sakura-spa.ch\/#website","url":"https:\/\/www.sakura-spa.ch\/","name":"Spa Sakura \u00e0 Saint-Gall","description":"Cosm\u00e9tiques, Bien-\u00eatre et Massages","potentialAction":[{"@type":"SearchAction","target":{"@type":"EntryPoint","urlTemplate":"https:\/\/www.sakura-spa.ch\/?s={search_term_string}"},"query-input":{"@type":"PropertyValueSpecification","valueRequired":true,"valueName":"search_term_string"}}],"inLanguage":"fr-FR"}]}},"_links":{"self":[{"href":"https:\/\/www.sakura-spa.ch\/fr\/wp-json\/wp\/v2\/pages\/8955","targetHints":{"allow":["GET"]}}],"collection":[{"href":"https:\/\/www.sakura-spa.ch\/fr\/wp-json\/wp\/v2\/pages"}],"about":[{"href":"https:\/\/www.sakura-spa.ch\/fr\/wp-json\/wp\/v2\/types\/page"}],"author":[{"embeddable":true,"href":"https:\/\/www.sakura-spa.ch\/fr\/wp-json\/wp\/v2\/users\/1"}],"replies":[{"embeddable":true,"href":"https:\/\/www.sakura-spa.ch\/fr\/wp-json\/wp\/v2\/comments?post=8955"}],"version-history":[{"count":107,"href":"https:\/\/www.sakura-spa.ch\/fr\/wp-json\/wp\/v2\/pages\/8955\/revisions"}],"predecessor-version":[{"id":27693,"href":"https:\/\/www.sakura-spa.ch\/fr\/wp-json\/wp\/v2\/pages\/8955\/revisions\/27693"}],"up":[{"embeddable":true,"href":"https:\/\/www.sakura-spa.ch\/fr\/wp-json\/wp\/v2\/pages\/5391"}],"wp:featuredmedia":[{"embeddable":true,"href":"https:\/\/www.sakura-spa.ch\/fr\/wp-json\/wp\/v2\/media\/5539"}],"wp:attachment":[{"href":"https:\/\/www.sakura-spa.ch\/fr\/wp-json\/wp\/v2\/media?parent=8955"}],"curies":[{"name":"wp","href":"https:\/\/api.w.org\/{rel}","templated":true}]}}