{"id":9445,"date":"2022-10-19T11:43:57","date_gmt":"2022-10-19T09:43:57","guid":{"rendered":"https:\/\/p5.seoway.de\/?page_id=9445"},"modified":"2026-04-14T00:38:06","modified_gmt":"2026-04-13T22:38:06","slug":"sourcils-et-cils","status":"publish","type":"page","link":"https:\/\/www.sakura-spa.ch\/fr\/produits-de-beaute\/sourcils-et-cils\/","title":{"rendered":"sourcils et cils"},"content":{"rendered":"<div data-elementor-type=\"wp-page\" data-elementor-id=\"9445\" class=\"elementor elementor-9445\" data-elementor-post-type=\"page\">\n\t\t\t\t\t\t<section class=\"elementor-section elementor-top-section elementor-element elementor-element-4c057f51 elementor-section-full_width elementor-section-height-default elementor-section-height-default\" data-id=\"4c057f51\" data-element_type=\"section\">\n\t\t\t\t\t\t<div class=\"elementor-container elementor-column-gap-no\">\n\t\t\t\t\t<div class=\"elementor-column elementor-col-100 elementor-top-column elementor-element elementor-element-71bbe7dd\" data-id=\"71bbe7dd\" data-element_type=\"column\">\n\t\t\t<div class=\"elementor-widget-wrap elementor-element-populated\">\n\t\t\t\t\t\t<div class=\"elementor-element elementor-element-4c5c10b6 elementor--h-position-left elementor--v-position-middle elementor-widget elementor-widget-slides\" data-id=\"4c5c10b6\" data-element_type=\"widget\" data-settings=\"{&quot;navigation&quot;:&quot;none&quot;,&quot;autoplay&quot;:&quot;yes&quot;,&quot;pause_on_hover&quot;:&quot;yes&quot;,&quot;pause_on_interaction&quot;:&quot;yes&quot;,&quot;autoplay_speed&quot;:5000,&quot;infinite&quot;:&quot;yes&quot;,&quot;transition&quot;:&quot;slide&quot;,&quot;transition_speed&quot;:500}\" data-widget_type=\"slides.default\">\n\t\t\t\t<div class=\"elementor-widget-container\">\n\t\t\t\t\t\t\t\t\t<div class=\"elementor-swiper\">\n\t\t\t\t\t<div class=\"elementor-slides-wrapper elementor-main-swiper swiper\" role=\"region\" aria-roledescription=\"carousel\" aria-label=\"diapositives\" dir=\"ltr\" data-animation=\"fadeInUp\">\n\t\t\t\t<div class=\"swiper-wrapper elementor-slides\">\n\t\t\t\t\t\t\t\t\t\t<div class=\"elementor-repeater-item-3e1ba6e swiper-slide\" role=\"group\" aria-roledescription=\"slide\"><div class=\"swiper-slide-bg elementor-ken-burns elementor-ken-burns--in\" role=\"img\"><\/div><div class=\"swiper-slide-inner\" ><div class=\"swiper-slide-contents\"><div class=\"elementor-slide-heading\">Sourcils et cils<\/div><div class=\"elementor-slide-description\">Pour un regard naturel et expressif<\/div><a href=\"#elementor-action%3Aaction%3Dpopup%3Aopen%26settings%3DeyJpZCI6IjM1IiwidG9nZ2xlIjpmYWxzZX0%3D\" class=\"elementor-button elementor-slide-button elementor-size-md\">contact<\/a><\/div><\/div><\/div>\t\t\t\t<\/div>\n\t\t\t\t\t\t\t<\/div>\n\t\t\t\t<\/div>\n\t\t\t\t\t\t\t\t<\/div>\n\t\t\t\t<\/div>\n\t\t\t\t\t<\/div>\n\t\t<\/div>\n\t\t\t\t\t<\/div>\n\t\t<\/section>\n\t\t\t\t<section class=\"elementor-section elementor-top-section elementor-element elementor-element-53f712c3 elementor-section-boxed elementor-section-height-default elementor-section-height-default\" data-id=\"53f712c3\" data-element_type=\"section\" data-settings=\"{&quot;background_background&quot;:&quot;classic&quot;}\">\n\t\t\t\t\t\t\t<div class=\"elementor-background-overlay\"><\/div>\n\t\t\t\t\t\t\t<div class=\"elementor-container elementor-column-gap-default\">\n\t\t\t\t\t<div class=\"elementor-column elementor-col-100 elementor-top-column elementor-element elementor-element-12af9689\" data-id=\"12af9689\" data-element_type=\"column\">\n\t\t\t<div class=\"elementor-widget-wrap elementor-element-populated\">\n\t\t\t\t\t\t<div class=\"elementor-element elementor-element-468a84b7 elementor-widget elementor-widget-global elementor-global-332 elementor-widget-breadcrumbs\" data-id=\"468a84b7\" data-element_type=\"widget\" data-widget_type=\"breadcrumbs.default\">\n\t\t\t\t<div class=\"elementor-widget-container\">\n\t\t\t\t\t<p id=\"breadcrumbs\"><span><span><a href=\"https:\/\/www.sakura-spa.ch\/fr\/\">page d&#039;accueil<\/a><\/span><\/span><\/p>\t\t\t\t<\/div>\n\t\t\t\t<\/div>\n\t\t\t\t\t<\/div>\n\t\t<\/div>\n\t\t\t\t\t<\/div>\n\t\t<\/section>\n\t\t\t\t<section class=\"elementor-section elementor-top-section elementor-element elementor-element-06811a5 elementor-section-boxed elementor-section-height-default elementor-section-height-default\" data-id=\"06811a5\" data-element_type=\"section\">\n\t\t\t\t\t\t<div class=\"elementor-container elementor-column-gap-default\">\n\t\t\t\t\t<div class=\"elementor-column elementor-col-100 elementor-top-column elementor-element elementor-element-33e6687\" data-id=\"33e6687\" data-element_type=\"column\">\n\t\t\t<div class=\"elementor-widget-wrap elementor-element-populated\">\n\t\t\t\t\t\t<div class=\"elementor-element elementor-element-c90083c elementor-widget elementor-widget-heading\" data-id=\"c90083c\" data-element_type=\"widget\" data-widget_type=\"heading.default\">\n\t\t\t\t<div class=\"elementor-widget-container\">\n\t\t\t\t\t<h1 class=\"elementor-heading-title elementor-size-default\">sourcils et cils<\/h1>\t\t\t\t<\/div>\n\t\t\t\t<\/div>\n\t\t\t\t<div class=\"elementor-element elementor-element-12c7f8c elementor-widget elementor-widget-text-editor\" data-id=\"12c7f8c\" data-element_type=\"widget\" data-widget_type=\"text-editor.default\">\n\t\t\t\t<div class=\"elementor-widget-container\">\n\t\t\t\t\t\t\t\t\t<p>Des sourcils forts, expressifs et joliment form\u00e9s donnent \u00e0 une personne une apparence plus ouverte et conf\u00e8rent \u00e0 l&#039;expression du visage plus esth\u00e9tique et conviviale. Des cils magnifiquement courb\u00e9s et aux couleurs intenses assurent un regard enchanteur, soulignent l&#039;\u00e9clat des yeux et assurent un look charmant avec charisme. Qu&#039;il s&#039;agisse d&#039;\u00e9pilation, de coloration ou de fixation, nos stylistes Lash &amp; Brow du Sakura Spa vous assureront des yeux expressifs avec un effet wow. Avec un rehaussement de cils professionnel, vous pouvez laisser le recourbe-cils dans l&#039;armoire de la salle de bain ! Avec un rehaussement de cils, nous pouvons cr\u00e9er des cils parfaits avec une courbure suppl\u00e9mentaire qui vous feront briller avec un look enchanteur 24 heures sur 24. Avec un lifting des sourcils, votre visage obtient un contour et un beau cadre, les poils sont fa\u00e7onn\u00e9s, fix\u00e9s et paraissent plus fournis et plus \u00e9pais. La coloration ult\u00e9rieure renforce encore l&#039;expression. Des ingr\u00e9dients de soin pr\u00e9cieux renforcent la structure des cheveux.<\/p>\t\t\t\t\t\t\t\t<\/div>\n\t\t\t\t<\/div>\n\t\t\t\t\t<\/div>\n\t\t<\/div>\n\t\t\t\t\t<\/div>\n\t\t<\/section>\n\t\t\t\t<section class=\"elementor-section elementor-top-section elementor-element elementor-element-308cc078 elementor-section-boxed elementor-section-height-default elementor-section-height-default\" data-id=\"308cc078\" data-element_type=\"section\" data-settings=\"{&quot;background_background&quot;:&quot;classic&quot;}\">\n\t\t\t\t\t\t<div class=\"elementor-container elementor-column-gap-default\">\n\t\t\t\t\t<div class=\"elementor-column elementor-col-33 elementor-top-column elementor-element elementor-element-7fce29e2\" data-id=\"7fce29e2\" data-element_type=\"column\">\n\t\t\t<div class=\"elementor-widget-wrap elementor-element-populated\">\n\t\t\t\t\t\t<div class=\"elementor-element elementor-element-91d03e5 elementor-widget__width-initial elementor-cta--valign-top elementor-cta--skin-classic elementor-animated-content elementor-bg-transform elementor-bg-transform-zoom-in elementor-widget elementor-widget-global elementor-global-8743 elementor-widget-call-to-action\" data-id=\"91d03e5\" data-element_type=\"widget\" data-widget_type=\"call-to-action.default\">\n\t\t\t\t<div class=\"elementor-widget-container\">\n\t\t\t\t\t\t\t<a class=\"elementor-cta\" href=\"https:\/\/www.sakura-spa.ch\/fr\/produits-de-beaute\/rehaussement-de-cils\/\">\n\t\t\t\t\t<div class=\"elementor-cta__bg-wrapper\">\n\t\t\t\t<div class=\"elementor-cta__bg elementor-bg\" style=\"background-image: url(https:\/\/www.sakura-spa.ch\/wp-content\/uploads\/brows-lashes-01-1024x683.jpg);\" role=\"img\" aria-label=\"lifting des sourcils\"><\/div>\n\t\t\t\t<div class=\"elementor-cta__bg-overlay\"><\/div>\n\t\t\t<\/div>\n\t\t\t\t\t\t\t<div class=\"elementor-cta__content\">\n\t\t\t\t\n\t\t\t\t\t\t\t\t\t<h3 class=\"elementor-cta__title elementor-cta__content-item elementor-content-item\">\n\t\t\t\t\t\trehaussement de cils<br> y compris la teinture\t\t\t\t\t<\/h3>\n\t\t\t\t\n\t\t\t\t\t\t\t\t\t<div class=\"elementor-cta__description elementor-cta__content-item elementor-content-item\">\n\t\t\t\t\t\tLa m\u00e9thode parfaite pour un regard longue tenue avec du rebond. Le rehaussement de cils recourbe vos propres cils et les fait para\u00eetre plus longs. Les cils sont aliment\u00e9s en nutriments, vitamines et prot\u00e9ines et renforc\u00e9s. La coloration intensifie la luminosit\u00e9.\t\t\t\t\t<\/div>\n\t\t\t\t\n\t\t\t\t\t\t\t<\/div>\n\t\t\t\t\t\t<\/a>\n\t\t\t\t\t\t<\/div>\n\t\t\t\t<\/div>\n\t\t\t\t\t<\/div>\n\t\t<\/div>\n\t\t\t\t<div class=\"elementor-column elementor-col-33 elementor-top-column elementor-element elementor-element-3000afe7\" data-id=\"3000afe7\" data-element_type=\"column\">\n\t\t\t<div class=\"elementor-widget-wrap elementor-element-populated\">\n\t\t\t\t\t\t<div class=\"elementor-element elementor-element-57fb453 elementor-widget__width-initial elementor-cta--valign-top elementor-cta--skin-classic elementor-animated-content elementor-bg-transform elementor-bg-transform-zoom-in elementor-widget elementor-widget-global elementor-global-8746 elementor-widget-call-to-action\" data-id=\"57fb453\" data-element_type=\"widget\" data-widget_type=\"call-to-action.default\">\n\t\t\t\t<div class=\"elementor-widget-container\">\n\t\t\t\t\t\t\t<a class=\"elementor-cta\" href=\"https:\/\/www.sakura-spa.ch\/fr\/produits-de-beaute\/lifting-des-sourcils\/\">\n\t\t\t\t\t<div class=\"elementor-cta__bg-wrapper\">\n\t\t\t\t<div class=\"elementor-cta__bg elementor-bg\" style=\"background-image: url(https:\/\/www.sakura-spa.ch\/wp-content\/uploads\/BROW-LAMINATION-iStock-1337493201-1-1024x683.jpg);\" role=\"img\" aria-label=\"gros plan des mains du ma\u00eetre tenant le pinceau le ma\u00eetre dirige la pousse des poils apr\u00e8s la stratification des sourcils\"><\/div>\n\t\t\t\t<div class=\"elementor-cta__bg-overlay\"><\/div>\n\t\t\t<\/div>\n\t\t\t\t\t\t\t<div class=\"elementor-cta__content\">\n\t\t\t\t\n\t\t\t\t\t\t\t\t\t<h3 class=\"elementor-cta__title elementor-cta__content-item elementor-content-item\">\n\t\t\t\t\t\tlifting des sourcils<br> y compris la teinture\t\t\t\t\t<\/h3>\n\t\t\t\t\n\t\t\t\t\t\t\t\t\t<div class=\"elementor-cta__description elementor-cta__content-item elementor-content-item\">\n\t\t\t\t\t\tLes poils fins des sourcils sont semi-permanemment recourb\u00e9s vers le haut et paraissent ainsi plus visibles. Les poils fins sont fix\u00e9s sous cette forme et comblent les petits espaces. Le r\u00e9sultat est des sourcils plus fournis et d\u2019une belle forme. La coloration intensifie la luminosit\u00e9.\t\t\t\t\t<\/div>\n\t\t\t\t\n\t\t\t\t\t\t\t<\/div>\n\t\t\t\t\t\t<\/a>\n\t\t\t\t\t\t<\/div>\n\t\t\t\t<\/div>\n\t\t\t\t\t<\/div>\n\t\t<\/div>\n\t\t\t\t<div class=\"elementor-column elementor-col-33 elementor-top-column elementor-element elementor-element-a0e46cf\" data-id=\"a0e46cf\" data-element_type=\"column\">\n\t\t\t<div class=\"elementor-widget-wrap elementor-element-populated\">\n\t\t\t\t\t\t<div class=\"elementor-element elementor-element-5bbd73b elementor-widget__width-initial elementor-cta--valign-top elementor-cta--skin-classic elementor-animated-content elementor-bg-transform elementor-bg-transform-zoom-in elementor-widget elementor-widget-call-to-action\" data-id=\"5bbd73b\" data-element_type=\"widget\" data-widget_type=\"call-to-action.default\">\n\t\t\t\t<div class=\"elementor-widget-container\">\n\t\t\t\t\t\t\t<a class=\"elementor-cta\" href=\"https:\/\/www.sakura-spa.ch\/fr\/produits-de-beaute\/cils-sourcils-teinture-et-epilation\/\">\n\t\t\t\t\t<div class=\"elementor-cta__bg-wrapper\">\n\t\t\t\t<div class=\"elementor-cta__bg elementor-bg\" style=\"background-image: url(https:\/\/www.sakura-spa.ch\/wp-content\/uploads\/brows-lashes-02-1024x683.jpg);\" role=\"img\" aria-label=\"Rehaussement de cils \u00e0 Saint-Gall\"><\/div>\n\t\t\t\t<div class=\"elementor-cta__bg-overlay\"><\/div>\n\t\t\t<\/div>\n\t\t\t\t\t\t\t<div class=\"elementor-cta__content\">\n\t\t\t\t\n\t\t\t\t\t\t\t\t\t<h3 class=\"elementor-cta__title elementor-cta__content-item elementor-content-item\">\n\t\t\t\t\t\tteinture et \u00e9pilation des cils et des sourcils\t\t\t\t\t<\/h3>\n\t\t\t\t\n\t\t\t\t\t\t\t\t\t<div class=\"elementor-cta__description elementor-cta__content-item elementor-content-item\">\n\t\t\t\t\t\tDes sourcils forts, expressifs et joliment courb\u00e9s ainsi que de beaux cils conf\u00e8rent aux expressions faciales un attrait plus esth\u00e9tique. Mettre en valeur votre beaut\u00e9 naturelle et l&#039;\u00e9clat de votre regard, ainsi qu&#039;un regard charmant, sont au c\u0153ur de la mise en forme des sourcils et de la teinture des cils.\t\t\t\t\t<\/div>\n\t\t\t\t\n\t\t\t\t\t\t\t<\/div>\n\t\t\t\t\t\t<\/a>\n\t\t\t\t\t\t<\/div>\n\t\t\t\t<\/div>\n\t\t\t\t\t<\/div>\n\t\t<\/div>\n\t\t\t\t\t<\/div>\n\t\t<\/section>\n\t\t\t\t<section class=\"elementor-section elementor-top-section elementor-element elementor-element-79e8ef6 elementor-section-boxed elementor-section-height-default elementor-section-height-default\" data-id=\"79e8ef6\" data-element_type=\"section\">\n\t\t\t\t\t\t<div class=\"elementor-container elementor-column-gap-default\">\n\t\t\t\t\t<div class=\"elementor-column elementor-col-100 elementor-top-column elementor-element elementor-element-161c64a\" data-id=\"161c64a\" data-element_type=\"column\">\n\t\t\t<div class=\"elementor-widget-wrap elementor-element-populated\">\n\t\t\t\t\t\t<div class=\"elementor-element elementor-element-71e7c42 elementor-widget elementor-widget-heading\" data-id=\"71e7c42\" data-element_type=\"widget\" data-widget_type=\"heading.default\">\n\t\t\t\t<div class=\"elementor-widget-container\">\n\t\t\t\t\t<h2 class=\"elementor-heading-title elementor-size-default\">Rehaussement de cils avec teinture - pour un regard \u00e0 effet WOW\n\n<\/h2>\t\t\t\t<\/div>\n\t\t\t\t<\/div>\n\t\t\t\t<div class=\"elementor-element elementor-element-72cc0a7 elementor-widget elementor-widget-text-editor\" data-id=\"72cc0a7\" data-element_type=\"widget\" data-widget_type=\"text-editor.default\">\n\t\t\t\t<div class=\"elementor-widget-container\">\n\t\t\t\t\t\t\t\t\t<p>Adieu recourbe-cils ! Si vous souhaitez un regard naturel mais expressif sans y consacrer beaucoup de temps ou si vous avez des cils courts et\/ou droits, nous pouvons cr\u00e9er la boucle et la courbe parfaites pour vous. Lors d&#039;un rehaussement de cils, les cils naturels sont relev\u00e9s \u00e0 la base par notre styliste de cils au Sakura Spa. Les cils sont recourb\u00e9s vers le haut avec pour effet que les cils paraissent beaucoup plus longs et que la boucle para\u00eet plus intense mais aussi naturelle. Un rehaussement de cils lisse, soul\u00e8ve et \u00e9tire en douceur les cils, les faisant para\u00eetre plus \u00e9pais et plus volumineux. Apr\u00e8s le rehaussement de cils, nous teignons vos cils afin que toute la longueur des pointes, d\u00e9color\u00e9es par le soleil et l&#039;eau, soit mise en valeur et que tous les poils paraissent expressifs. Gr\u00e2ce \u00e0 des ingr\u00e9dients nourrissants pr\u00e9cieux tels que des boosters de k\u00e9ratine et des prot\u00e9ines, le traitement a un effet positif sur les cils naturels, renfor\u00e7ant la structure avec des nutriments et offrant ainsi un r\u00e9sultat sain, long, \u00e9pais, color\u00e9 et parfaitement courb\u00e9. Le rehaussement de cils est \u00e9galement tr\u00e8s adapt\u00e9 aux porteurs de lentilles de contact.<\/p><p>Nous recommandons de r\u00e9p\u00e9ter le traitement toutes les 4 \u00e0 6 semaines.<\/p>\t\t\t\t\t\t\t\t<\/div>\n\t\t\t\t<\/div>\n\t\t\t\t<div class=\"elementor-element elementor-element-7f92ed8 elementor-widget elementor-widget-heading\" data-id=\"7f92ed8\" data-element_type=\"widget\" data-widget_type=\"heading.default\">\n\t\t\t\t<div class=\"elementor-widget-container\">\n\t\t\t\t\t<h2 class=\"elementor-heading-title elementor-size-default\">Lifting des sourcils avec teinture - pour des arcades sourcili\u00e8res \u00e9paisses et aux formes fascinantes<\/h2>\t\t\t\t<\/div>\n\t\t\t\t<\/div>\n\t\t\t\t<div class=\"elementor-element elementor-element-0045bb8 elementor-widget elementor-widget-text-editor\" data-id=\"0045bb8\" data-element_type=\"widget\" data-widget_type=\"text-editor.default\">\n\t\t\t\t<div class=\"elementor-widget-container\">\n\t\t\t\t\t\t\t\t\t<p>Un lifting des sourcils donne aux sourcils une nouvelle forme et plus de volume. Les sourcils \u00e9troits paraissent plus fournis, plus touffus et plus \u00e9pais. Les poils indisciplin\u00e9s et non form\u00e9s sont dompt\u00e9s et mis en forme, les sourcils qui poussent de mani\u00e8re tenace ou dans le mauvais sens sont ainsi corrig\u00e9s. Avec un lifting des sourcils ou une lamination des sourcils, les poils sont coiff\u00e9s dans la forme souhait\u00e9e puis fix\u00e9s. Des ingr\u00e9dients nourrissants de haute qualit\u00e9 tels que des boosters de k\u00e9ratine et des prot\u00e9ines renforcent les cheveux. Suite au lifting des sourcils, notre styliste de sourcils du Sakura Spa teintera vos sourcils afin qu&#039;ils paraissent \u00e9galement expressifs en termes de couleur. Gr\u00e2ce \u00e0 de pr\u00e9cieuses substances nourrissantes, le traitement a un effet positif sur les cheveux, renfor\u00e7ant la structure avec des nutriments et offrant ainsi un r\u00e9sultat sain, \u00e9pais et riche en couleurs.<\/p><p>Nous recommandons de r\u00e9p\u00e9ter le traitement toutes les 4 \u00e0 6 semaines.<\/p>\t\t\t\t\t\t\t\t<\/div>\n\t\t\t\t<\/div>\n\t\t\t\t\t<\/div>\n\t\t<\/div>\n\t\t\t\t\t<\/div>\n\t\t<\/section>\n\t\t\t\t<\/div>","protected":false},"excerpt":{"rendered":"<p>Brows &#038; LashesF\u00fcr einen nat\u00fcrlichen ausdrucksstarken AugenaufschlagKontakt aufnehmen Brows &amp; Lashes Kr\u00e4ftige, ausdrucksvolle &amp; sch\u00f6n geformte Augenbrauen lassen einen Menschen offener wirken und verleihen dem Gesichtsaudruck mehr \u00c4sthetik und Freundlichkeit. Sch\u00f6n geschwungene farbintensive Wimpern sorgen f\u00fcr einen bezaubernden Augenaufschlag, unterstreichen die Ausstrahlung der Augen und sorgen f\u00fcr einen charmanten Blick mit Charisma. Ob Zupfen, F\u00e4rben [&hellip;]<\/p>\n","protected":false},"author":1,"featured_media":9909,"parent":5391,"menu_order":0,"comment_status":"closed","ping_status":"closed","template":"","meta":{"footnotes":""},"class_list":["post-9445","page","type-page","status-publish","has-post-thumbnail","hentry"],"yoast_head":"<!-- This site is optimized with the Yoast SEO plugin v25.2 - https:\/\/yoast.com\/wordpress\/plugins\/seo\/ -->\n<title>Augenbrauenlifting &amp; Wimpernlifting in St. Gallen<\/title>\n<meta name=\"description\" content=\"Sakura Spa Augenbrauenlifting &amp; Wimpernlifting \u261d inkl. f\u00e4rben \u2764 nat\u00fcrlich \u2764 kr\u00e4ftig \u2764 ausdrucksvoll \u27bd Jetzt Termin buchen\" \/>\n<meta name=\"robots\" content=\"index, follow, max-snippet:-1, max-image-preview:large, max-video-preview:-1\" \/>\n<link rel=\"canonical\" href=\"https:\/\/www.sakura-spa.ch\/fr\/produits-de-beaute\/sourcils-et-cils\/\" \/>\n<meta property=\"og:locale\" content=\"fr_FR\" \/>\n<meta property=\"og:type\" content=\"article\" \/>\n<meta property=\"og:title\" content=\"Augenbrauenlifting &amp; Wimpernlifting in St. Gallen\" \/>\n<meta property=\"og:description\" content=\"Sakura Spa Augenbrauenlifting &amp; Wimpernlifting \u261d inkl. f\u00e4rben \u2764 nat\u00fcrlich \u2764 kr\u00e4ftig \u2764 ausdrucksvoll \u27bd Jetzt Termin buchen\" \/>\n<meta property=\"og:url\" content=\"https:\/\/www.sakura-spa.ch\/fr\/produits-de-beaute\/sourcils-et-cils\/\" \/>\n<meta property=\"og:site_name\" content=\"Sakura Spa in St. Gallen\" \/>\n<meta property=\"article:modified_time\" content=\"2026-04-13T22:38:06+00:00\" \/>\n<meta property=\"og:image\" content=\"https:\/\/www.sakura-spa.ch\/wp-content\/uploads\/BROW-LIFTING_iStock-1347935391.jpg\" \/>\n\t<meta property=\"og:image:width\" content=\"2121\" \/>\n\t<meta property=\"og:image:height\" content=\"1414\" \/>\n\t<meta property=\"og:image:type\" content=\"image\/jpeg\" \/>\n<meta name=\"twitter:card\" content=\"summary_large_image\" \/>\n<script type=\"application\/ld+json\" class=\"yoast-schema-graph\">{\"@context\":\"https:\/\/schema.org\",\"@graph\":[{\"@type\":\"WebPage\",\"@id\":\"https:\/\/www.sakura-spa.ch\/kosmetik\/brows-and-lashes\/\",\"url\":\"https:\/\/www.sakura-spa.ch\/kosmetik\/brows-and-lashes\/\",\"name\":\"Augenbrauenlifting & Wimpernlifting in St. Gallen\",\"isPartOf\":{\"@id\":\"https:\/\/www.sakura-spa.ch\/#website\"},\"primaryImageOfPage\":{\"@id\":\"https:\/\/www.sakura-spa.ch\/kosmetik\/brows-and-lashes\/#primaryimage\"},\"image\":{\"@id\":\"https:\/\/www.sakura-spa.ch\/kosmetik\/brows-and-lashes\/#primaryimage\"},\"thumbnailUrl\":\"https:\/\/www.sakura-spa.ch\/wp-content\/uploads\/BROW-LIFTING_iStock-1347935391.jpg\",\"datePublished\":\"2022-10-19T09:43:57+00:00\",\"dateModified\":\"2026-04-13T22:38:06+00:00\",\"description\":\"Sakura Spa Augenbrauenlifting & Wimpernlifting \u261d inkl. f\u00e4rben \u2764 nat\u00fcrlich \u2764 kr\u00e4ftig \u2764 ausdrucksvoll \u27bd Jetzt Termin buchen\",\"breadcrumb\":{\"@id\":\"https:\/\/www.sakura-spa.ch\/kosmetik\/brows-and-lashes\/#breadcrumb\"},\"inLanguage\":\"fr-FR\",\"potentialAction\":[{\"@type\":\"ReadAction\",\"target\":[\"https:\/\/www.sakura-spa.ch\/kosmetik\/brows-and-lashes\/\"]}]},{\"@type\":\"ImageObject\",\"inLanguage\":\"fr-FR\",\"@id\":\"https:\/\/www.sakura-spa.ch\/kosmetik\/brows-and-lashes\/#primaryimage\",\"url\":\"https:\/\/www.sakura-spa.ch\/wp-content\/uploads\/BROW-LIFTING_iStock-1347935391.jpg\",\"contentUrl\":\"https:\/\/www.sakura-spa.ch\/wp-content\/uploads\/BROW-LIFTING_iStock-1347935391.jpg\",\"width\":2121,\"height\":1414,\"caption\":\"Augenbrauenlifting und Wimpernlifting in St. Gallen\"},{\"@type\":\"BreadcrumbList\",\"@id\":\"https:\/\/www.sakura-spa.ch\/kosmetik\/brows-and-lashes\/#breadcrumb\",\"itemListElement\":[{\"@type\":\"ListItem\",\"position\":1,\"name\":\"Startseite\",\"item\":\"https:\/\/www.sakura-spa.ch\/\"},{\"@type\":\"ListItem\",\"position\":2,\"name\":\"Kosmetik\",\"item\":\"https:\/\/www.sakura-spa.ch\/kosmetik\/\"},{\"@type\":\"ListItem\",\"position\":3,\"name\":\"Brows &#038; Lashes\"}]},{\"@type\":\"WebSite\",\"@id\":\"https:\/\/www.sakura-spa.ch\/#website\",\"url\":\"https:\/\/www.sakura-spa.ch\/\",\"name\":\"Sakura Spa in St. Gallen\",\"description\":\"Kosmetik, Wellness und Massage\",\"potentialAction\":[{\"@type\":\"SearchAction\",\"target\":{\"@type\":\"EntryPoint\",\"urlTemplate\":\"https:\/\/www.sakura-spa.ch\/?s={search_term_string}\"},\"query-input\":{\"@type\":\"PropertyValueSpecification\",\"valueRequired\":true,\"valueName\":\"search_term_string\"}}],\"inLanguage\":\"fr-FR\"}]}<\/script>\n<!-- \/ Yoast SEO plugin. -->","yoast_head_json":{"title":"Lifting des sourcils et des cils \u00e0 Saint-Gall","description":"Rehaussement des sourcils et des cils Sakura Spa \u261d avec teinture \u2764 naturel \u2764 fort \u2764 expressif \u27bd Prenez rendez-vous maintenant","robots":{"index":"index","follow":"follow","max-snippet":"max-snippet:-1","max-image-preview":"max-image-preview:large","max-video-preview":"max-video-preview:-1"},"canonical":"https:\/\/www.sakura-spa.ch\/fr\/produits-de-beaute\/sourcils-et-cils\/","og_locale":"fr_FR","og_type":"article","og_title":"Augenbrauenlifting & Wimpernlifting in St. Gallen","og_description":"Sakura Spa Augenbrauenlifting & Wimpernlifting \u261d inkl. f\u00e4rben \u2764 nat\u00fcrlich \u2764 kr\u00e4ftig \u2764 ausdrucksvoll \u27bd Jetzt Termin buchen","og_url":"https:\/\/www.sakura-spa.ch\/fr\/produits-de-beaute\/sourcils-et-cils\/","og_site_name":"Sakura Spa in St. Gallen","article_modified_time":"2026-04-13T22:38:06+00:00","og_image":[{"width":2121,"height":1414,"url":"https:\/\/www.sakura-spa.ch\/wp-content\/uploads\/BROW-LIFTING_iStock-1347935391.jpg","type":"image\/jpeg"}],"twitter_card":"summary_large_image","schema":{"@context":"https:\/\/schema.org","@graph":[{"@type":"WebPage","@id":"https:\/\/www.sakura-spa.ch\/kosmetik\/brows-and-lashes\/","url":"https:\/\/www.sakura-spa.ch\/kosmetik\/brows-and-lashes\/","name":"Lifting des sourcils et des cils \u00e0 Saint-Gall","isPartOf":{"@id":"https:\/\/www.sakura-spa.ch\/#website"},"primaryImageOfPage":{"@id":"https:\/\/www.sakura-spa.ch\/kosmetik\/brows-and-lashes\/#primaryimage"},"image":{"@id":"https:\/\/www.sakura-spa.ch\/kosmetik\/brows-and-lashes\/#primaryimage"},"thumbnailUrl":"https:\/\/www.sakura-spa.ch\/wp-content\/uploads\/BROW-LIFTING_iStock-1347935391.jpg","datePublished":"2022-10-19T09:43:57+00:00","dateModified":"2026-04-13T22:38:06+00:00","description":"Rehaussement des sourcils et des cils Sakura Spa \u261d avec teinture \u2764 naturel \u2764 fort \u2764 expressif \u27bd Prenez rendez-vous maintenant","breadcrumb":{"@id":"https:\/\/www.sakura-spa.ch\/kosmetik\/brows-and-lashes\/#breadcrumb"},"inLanguage":"fr-FR","potentialAction":[{"@type":"ReadAction","target":["https:\/\/www.sakura-spa.ch\/kosmetik\/brows-and-lashes\/"]}]},{"@type":"ImageObject","inLanguage":"fr-FR","@id":"https:\/\/www.sakura-spa.ch\/kosmetik\/brows-and-lashes\/#primaryimage","url":"https:\/\/www.sakura-spa.ch\/wp-content\/uploads\/BROW-LIFTING_iStock-1347935391.jpg","contentUrl":"https:\/\/www.sakura-spa.ch\/wp-content\/uploads\/BROW-LIFTING_iStock-1347935391.jpg","width":2121,"height":1414,"caption":"Augenbrauenlifting und Wimpernlifting in St. Gallen"},{"@type":"BreadcrumbList","@id":"https:\/\/www.sakura-spa.ch\/kosmetik\/brows-and-lashes\/#breadcrumb","itemListElement":[{"@type":"ListItem","position":1,"name":"Startseite","item":"https:\/\/www.sakura-spa.ch\/"},{"@type":"ListItem","position":2,"name":"Kosmetik","item":"https:\/\/www.sakura-spa.ch\/kosmetik\/"},{"@type":"ListItem","position":3,"name":"Brows &#038; Lashes"}]},{"@type":"WebSite","@id":"https:\/\/www.sakura-spa.ch\/#website","url":"https:\/\/www.sakura-spa.ch\/","name":"Spa Sakura \u00e0 Saint-Gall","description":"Cosm\u00e9tiques, Bien-\u00eatre et Massages","potentialAction":[{"@type":"SearchAction","target":{"@type":"EntryPoint","urlTemplate":"https:\/\/www.sakura-spa.ch\/?s={search_term_string}"},"query-input":{"@type":"PropertyValueSpecification","valueRequired":true,"valueName":"search_term_string"}}],"inLanguage":"fr-FR"}]}},"_links":{"self":[{"href":"https:\/\/www.sakura-spa.ch\/fr\/wp-json\/wp\/v2\/pages\/9445","targetHints":{"allow":["GET"]}}],"collection":[{"href":"https:\/\/www.sakura-spa.ch\/fr\/wp-json\/wp\/v2\/pages"}],"about":[{"href":"https:\/\/www.sakura-spa.ch\/fr\/wp-json\/wp\/v2\/types\/page"}],"author":[{"embeddable":true,"href":"https:\/\/www.sakura-spa.ch\/fr\/wp-json\/wp\/v2\/users\/1"}],"replies":[{"embeddable":true,"href":"https:\/\/www.sakura-spa.ch\/fr\/wp-json\/wp\/v2\/comments?post=9445"}],"version-history":[{"count":212,"href":"https:\/\/www.sakura-spa.ch\/fr\/wp-json\/wp\/v2\/pages\/9445\/revisions"}],"predecessor-version":[{"id":27450,"href":"https:\/\/www.sakura-spa.ch\/fr\/wp-json\/wp\/v2\/pages\/9445\/revisions\/27450"}],"up":[{"embeddable":true,"href":"https:\/\/www.sakura-spa.ch\/fr\/wp-json\/wp\/v2\/pages\/5391"}],"wp:featuredmedia":[{"embeddable":true,"href":"https:\/\/www.sakura-spa.ch\/fr\/wp-json\/wp\/v2\/media\/9909"}],"wp:attachment":[{"href":"https:\/\/www.sakura-spa.ch\/fr\/wp-json\/wp\/v2\/media?parent=9445"}],"curies":[{"name":"wp","href":"https:\/\/api.w.org\/{rel}","templated":true}]}}