{"id":9549,"date":"2022-10-19T12:19:20","date_gmt":"2022-10-19T10:19:20","guid":{"rendered":"https:\/\/p5.seoway.de\/?page_id=9549"},"modified":"2025-04-07T12:59:26","modified_gmt":"2025-04-07T10:59:26","slug":"specialement-pour-les-hommes","status":"publish","type":"page","link":"https:\/\/www.sakura-spa.ch\/fr\/produits-de-beaute\/specialement-pour-les-hommes\/","title":{"rendered":"sp\u00e9cialement pour les hommes"},"content":{"rendered":"<div data-elementor-type=\"wp-page\" data-elementor-id=\"9549\" class=\"elementor elementor-9549\" data-elementor-post-type=\"page\">\n\t\t\t\t\t\t<section class=\"elementor-section elementor-top-section elementor-element elementor-element-4c057f51 elementor-section-full_width elementor-section-height-default elementor-section-height-default\" data-id=\"4c057f51\" data-element_type=\"section\">\n\t\t\t\t\t\t<div class=\"elementor-container elementor-column-gap-no\">\n\t\t\t\t\t<div class=\"elementor-column elementor-col-100 elementor-top-column elementor-element elementor-element-71bbe7dd\" data-id=\"71bbe7dd\" data-element_type=\"column\">\n\t\t\t<div class=\"elementor-widget-wrap elementor-element-populated\">\n\t\t\t\t\t\t<div class=\"elementor-element elementor-element-4c5c10b6 elementor--h-position-left elementor--v-position-middle elementor-widget elementor-widget-slides\" data-id=\"4c5c10b6\" data-element_type=\"widget\" data-settings=\"{&quot;navigation&quot;:&quot;none&quot;,&quot;autoplay&quot;:&quot;yes&quot;,&quot;pause_on_hover&quot;:&quot;yes&quot;,&quot;pause_on_interaction&quot;:&quot;yes&quot;,&quot;autoplay_speed&quot;:5000,&quot;infinite&quot;:&quot;yes&quot;,&quot;transition&quot;:&quot;slide&quot;,&quot;transition_speed&quot;:500}\" data-widget_type=\"slides.default\">\n\t\t\t\t<div class=\"elementor-widget-container\">\n\t\t\t\t\t\t\t\t\t<div class=\"elementor-swiper\">\n\t\t\t\t\t<div class=\"elementor-slides-wrapper elementor-main-swiper swiper\" role=\"region\" aria-roledescription=\"carousel\" aria-label=\"diapositives\" dir=\"ltr\" data-animation=\"fadeInUp\">\n\t\t\t\t<div class=\"swiper-wrapper elementor-slides\">\n\t\t\t\t\t\t\t\t\t\t<div class=\"elementor-repeater-item-11679b6 swiper-slide\" role=\"group\" aria-roledescription=\"slide\"><div class=\"swiper-slide-bg elementor-ken-burns elementor-ken-burns--in\" role=\"img\"><\/div><div class=\"swiper-slide-inner\" ><div class=\"swiper-slide-contents\"><div class=\"elementor-slide-heading\">sp\u00e9cialement pour les hommes<\/div><div class=\"elementor-slide-description\">Les traitements les plus populaires pour HIM<\/div><a href=\"#elementor-action%3Aaction%3Dpopup%3Aopen%26settings%3DeyJpZCI6IjM1IiwidG9nZ2xlIjpmYWxzZX0%3D\" class=\"elementor-button elementor-slide-button elementor-size-md\">contact<\/a><\/div><\/div><\/div><div class=\"elementor-repeater-item-3e1ba6e swiper-slide\" role=\"group\" aria-roledescription=\"slide\"><div class=\"swiper-slide-bg elementor-ken-burns elementor-ken-burns--in\" role=\"img\"><\/div><div class=\"swiper-slide-inner\" ><div class=\"swiper-slide-contents\"><div class=\"elementor-slide-heading\">sp\u00e9cialement pour les hommes<\/div><div class=\"elementor-slide-description\">Des pauses d\u00e9tente pour LUI<\/div><a href=\"#elementor-action%3Aaction%3Dpopup%3Aopen%26settings%3DeyJpZCI6IjM1IiwidG9nZ2xlIjpmYWxzZX0%3D\" class=\"elementor-button elementor-slide-button elementor-size-md\">contact<\/a><\/div><\/div><\/div>\t\t\t\t<\/div>\n\t\t\t\t\t\t\t\t\t\t\t\t\t\t\t\t\t\t\t\t\t<\/div>\n\t\t\t\t<\/div>\n\t\t\t\t\t\t\t\t<\/div>\n\t\t\t\t<\/div>\n\t\t\t\t\t<\/div>\n\t\t<\/div>\n\t\t\t\t\t<\/div>\n\t\t<\/section>\n\t\t\t\t<section class=\"elementor-section elementor-top-section elementor-element elementor-element-53f712c3 elementor-section-boxed elementor-section-height-default elementor-section-height-default\" data-id=\"53f712c3\" data-element_type=\"section\" data-settings=\"{&quot;background_background&quot;:&quot;classic&quot;}\">\n\t\t\t\t\t\t\t<div class=\"elementor-background-overlay\"><\/div>\n\t\t\t\t\t\t\t<div class=\"elementor-container elementor-column-gap-default\">\n\t\t\t\t\t<div class=\"elementor-column elementor-col-100 elementor-top-column elementor-element elementor-element-12af9689\" data-id=\"12af9689\" data-element_type=\"column\">\n\t\t\t<div class=\"elementor-widget-wrap elementor-element-populated\">\n\t\t\t\t\t\t<div class=\"elementor-element elementor-element-468a84b7 elementor-widget elementor-widget-global elementor-global-332 elementor-widget-breadcrumbs\" data-id=\"468a84b7\" data-element_type=\"widget\" data-widget_type=\"breadcrumbs.default\">\n\t\t\t\t<div class=\"elementor-widget-container\">\n\t\t\t\t\t<p id=\"breadcrumbs\"><span><span><a href=\"https:\/\/www.sakura-spa.ch\/fr\/\">page d&#039;accueil<\/a><\/span><\/span><\/p>\t\t\t\t<\/div>\n\t\t\t\t<\/div>\n\t\t\t\t\t<\/div>\n\t\t<\/div>\n\t\t\t\t\t<\/div>\n\t\t<\/section>\n\t\t\t\t<section class=\"elementor-section elementor-top-section elementor-element elementor-element-06811a5 elementor-section-boxed elementor-section-height-default elementor-section-height-default\" data-id=\"06811a5\" data-element_type=\"section\">\n\t\t\t\t\t\t<div class=\"elementor-container elementor-column-gap-default\">\n\t\t\t\t\t<div class=\"elementor-column elementor-col-100 elementor-top-column elementor-element elementor-element-33e6687\" data-id=\"33e6687\" data-element_type=\"column\">\n\t\t\t<div class=\"elementor-widget-wrap elementor-element-populated\">\n\t\t\t\t\t\t<div class=\"elementor-element elementor-element-c90083c elementor-widget elementor-widget-heading\" data-id=\"c90083c\" data-element_type=\"widget\" data-widget_type=\"heading.default\">\n\t\t\t\t<div class=\"elementor-widget-container\">\n\t\t\t\t\t<h1 class=\"elementor-heading-title elementor-size-default\">traitements pour hommes<\/h1>\t\t\t\t<\/div>\n\t\t\t\t<\/div>\n\t\t\t\t<div class=\"elementor-element elementor-element-12c7f8c elementor-widget elementor-widget-text-editor\" data-id=\"12c7f8c\" data-element_type=\"widget\" data-widget_type=\"text-editor.default\">\n\t\t\t\t<div class=\"elementor-widget-container\">\n\t\t\t\t\t\t\t\t\t<p>Les hommes bien soign\u00e9s sont des hommes recherch\u00e9s et m\u00e9ritent d\u2019\u00eatre servis autant que leur voiture. Au Sakura Spa, les hommes qui savent ce qui leur fait du bien peuvent choisir entre des soins du visage, des soins des mains et des pieds, des \u00e9pilations \u00e0 la cire chaude et des forfaits anti-stress. Nos experts cosm\u00e9tiques traitent la peau des hommes de mani\u00e8re efficace et coordonn\u00e9e. Les consistances l\u00e9g\u00e8res et non grasses sont importantes dans les soins du visage pour hommes, car la peau est plus sujette aux imperfections en raison de l&#039;augmentation des glandes s\u00e9bac\u00e9es. Offrez-vous une pause d\u00e9tente au Spa Sakura pour vous sentir choy\u00e9 et rafra\u00eechi par la suite.<\/p><p><strong>Conseil<\/strong>:Les hommes ont parfois besoin d&#039;un petit coup de pouce, en voici un <a href=\"https:\/\/shop.tac.eu.com\/Sakura\/shop\/vouchers\/category\/367\/\" target=\"_blank\" rel=\"nofollow noreferrer noopener\">Coupon<\/a> ouvre la porte.<\/p>\t\t\t\t\t\t\t\t<\/div>\n\t\t\t\t<\/div>\n\t\t\t\t\t<\/div>\n\t\t<\/div>\n\t\t\t\t\t<\/div>\n\t\t<\/section>\n\t\t\t\t<section class=\"elementor-section elementor-top-section elementor-element elementor-element-308cc078 elementor-section-boxed elementor-section-height-default elementor-section-height-default\" data-id=\"308cc078\" data-element_type=\"section\" data-settings=\"{&quot;background_background&quot;:&quot;classic&quot;}\">\n\t\t\t\t\t\t<div class=\"elementor-container elementor-column-gap-default\">\n\t\t\t\t\t<div class=\"elementor-column elementor-col-25 elementor-top-column elementor-element elementor-element-3092fe4f\" data-id=\"3092fe4f\" data-element_type=\"column\">\n\t\t\t<div class=\"elementor-widget-wrap elementor-element-populated\">\n\t\t\t\t\t\t<div class=\"elementor-element elementor-element-cf58c16 elementor-widget__width-initial elementor-cta--valign-top elementor-cta--skin-classic elementor-animated-content elementor-bg-transform elementor-bg-transform-zoom-in elementor-widget elementor-widget-global elementor-global-8749 elementor-widget-call-to-action\" data-id=\"cf58c16\" data-element_type=\"widget\" data-widget_type=\"call-to-action.default\">\n\t\t\t\t<div class=\"elementor-widget-container\">\n\t\t\t\t\t\t\t<a class=\"elementor-cta\" href=\"https:\/\/www.sakura-spa.ch\/fr\/produits-de-beaute\/soin-du-visage-pour-homme\/\">\n\t\t\t\t\t<div class=\"elementor-cta__bg-wrapper\">\n\t\t\t\t<div class=\"elementor-cta__bg elementor-bg\" style=\"background-image: url(https:\/\/www.sakura-spa.ch\/wp-content\/uploads\/gesichtsbehandlung-fuer-mann-1024x683.jpg);\" role=\"img\" aria-label=\"Soin du visage pour hommes \u00e0 Saint-Gall\"><\/div>\n\t\t\t\t<div class=\"elementor-cta__bg-overlay\"><\/div>\n\t\t\t<\/div>\n\t\t\t\t\t\t\t<div class=\"elementor-cta__content\">\n\t\t\t\t\n\t\t\t\t\t\t\t\t\t<h3 class=\"elementor-cta__title elementor-cta__content-item elementor-content-item\">\n\t\t\t\t\t\tsoin du visage\t\t\t\t\t<\/h3>\n\t\t\t\t\n\t\t\t\t\t\t\t\t\t<div class=\"elementor-cta__description elementor-cta__content-item elementor-content-item\">\n\t\t\t\t\t\tLe soin du visage id\u00e9al pour les hommes avec un nettoyage en profondeur pour un teint rapidement et rafra\u00eechi. Nous nous concentrons intens\u00e9ment sur vos besoins de soins individuels et vous offrons un peu de d\u00e9tente suppl\u00e9mentaire o\u00f9 que vous soyez.\t\t\t\t\t<\/div>\n\t\t\t\t\n\t\t\t\t\t\t\t<\/div>\n\t\t\t\t\t\t<\/a>\n\t\t\t\t\t\t<\/div>\n\t\t\t\t<\/div>\n\t\t\t\t\t<\/div>\n\t\t<\/div>\n\t\t\t\t<div class=\"elementor-column elementor-col-25 elementor-top-column elementor-element elementor-element-7fce29e2\" data-id=\"7fce29e2\" data-element_type=\"column\">\n\t\t\t<div class=\"elementor-widget-wrap elementor-element-populated\">\n\t\t\t\t\t\t<div class=\"elementor-element elementor-element-c63b6b8 elementor-widget__width-initial elementor-cta--valign-top elementor-cta--skin-classic elementor-animated-content elementor-bg-transform elementor-bg-transform-zoom-in elementor-widget elementor-widget-global elementor-global-8752 elementor-widget-call-to-action\" data-id=\"c63b6b8\" data-element_type=\"widget\" data-widget_type=\"call-to-action.default\">\n\t\t\t\t<div class=\"elementor-widget-container\">\n\t\t\t\t\t\t\t<a class=\"elementor-cta\" href=\"https:\/\/www.sakura-spa.ch\/fr\/produits-de-beaute\/epilation-hommes\/\">\n\t\t\t\t\t<div class=\"elementor-cta__bg-wrapper\">\n\t\t\t\t<div class=\"elementor-cta__bg elementor-bg\" style=\"background-image: url(https:\/\/www.sakura-spa.ch\/wp-content\/uploads\/WAXING-MANN_AdobeStock_368209254-1024x683.jpeg);\" role=\"img\" aria-label=\"Epilation \u00e0 la cire pour hommes \u00e0 Saint-Gall\"><\/div>\n\t\t\t\t<div class=\"elementor-cta__bg-overlay\"><\/div>\n\t\t\t<\/div>\n\t\t\t\t\t\t\t<div class=\"elementor-cta__content\">\n\t\t\t\t\n\t\t\t\t\t\t\t\t\t<h3 class=\"elementor-cta__title elementor-cta__content-item elementor-content-item\">\n\t\t\t\t\t\t\u00e9pilation\t\t\t\t\t<\/h3>\n\t\t\t\t\n\t\t\t\t\t\t\t\t\t<div class=\"elementor-cta__description elementor-cta__content-item elementor-content-item\">\n\t\t\t\t\t\tUn corps lisse et sans poils - nous \u00e9liminons les poils de votre poitrine, de votre dos, de vos bras et de vos jambes avec de la cire chaude. Lors de l&#039;\u00e9pilation \u00e0 la cire, les poils g\u00eanants sont \u00e9limin\u00e9s ainsi que leurs racines. Au fil du temps, les racines des cheveux s\u2019affaiblissent et les cheveux repoussent moins vite. \t\t\t\t\t<\/div>\n\t\t\t\t\n\t\t\t\t\t\t\t<\/div>\n\t\t\t\t\t\t<\/a>\n\t\t\t\t\t\t<\/div>\n\t\t\t\t<\/div>\n\t\t\t\t\t<\/div>\n\t\t<\/div>\n\t\t\t\t<div class=\"elementor-column elementor-col-25 elementor-top-column elementor-element elementor-element-3000afe7\" data-id=\"3000afe7\" data-element_type=\"column\">\n\t\t\t<div class=\"elementor-widget-wrap elementor-element-populated\">\n\t\t\t\t\t\t<div class=\"elementor-element elementor-element-82e6ea9 elementor-widget__width-initial elementor-cta--valign-top elementor-cta--skin-classic elementor-animated-content elementor-bg-transform elementor-bg-transform-zoom-in elementor-widget elementor-widget-global elementor-global-8755 elementor-widget-call-to-action\" data-id=\"82e6ea9\" data-element_type=\"widget\" data-widget_type=\"call-to-action.default\">\n\t\t\t\t<div class=\"elementor-widget-container\">\n\t\t\t\t\t\t\t<a class=\"elementor-cta\" href=\"https:\/\/www.sakura-spa.ch\/fr\/produits-de-beaute\/manucure-et-pedicure-hommes\/\">\n\t\t\t\t\t<div class=\"elementor-cta__bg-wrapper\">\n\t\t\t\t<div class=\"elementor-cta__bg elementor-bg\" style=\"background-image: url(https:\/\/www.sakura-spa.ch\/wp-content\/uploads\/MAeNNER_AdobeStock_76584335-1024x683.jpeg);\" role=\"img\" aria-label=\"Manucure et p\u00e9dicure pour hommes \u00e0 Saint-Gall\"><\/div>\n\t\t\t\t<div class=\"elementor-cta__bg-overlay\"><\/div>\n\t\t\t<\/div>\n\t\t\t\t\t\t\t<div class=\"elementor-cta__content\">\n\t\t\t\t\n\t\t\t\t\t\t\t\t\t<h3 class=\"elementor-cta__title elementor-cta__content-item elementor-content-item\">\n\t\t\t\t\t\tmanucure et p\u00e9dicure\t\t\t\t\t<\/h3>\n\t\t\t\t\n\t\t\t\t\t\t\t\t\t<div class=\"elementor-cta__description elementor-cta__content-item elementor-content-item\">\n\t\t\t\t\t\tNos pieds nous portent \u00e0 travers notre vie, avec nos mains nous la fa\u00e7onnons. Au Spa Sakura, nous remettons en forme les mains fatigu\u00e9es et les pieds surchauff\u00e9s des hommes, afin que vous puissiez commencer votre journ\u00e9e en forme et soign\u00e9.\t\t\t\t\t<\/div>\n\t\t\t\t\n\t\t\t\t\t\t\t<\/div>\n\t\t\t\t\t\t<\/a>\n\t\t\t\t\t\t<\/div>\n\t\t\t\t<\/div>\n\t\t\t\t\t<\/div>\n\t\t<\/div>\n\t\t\t\t<div class=\"elementor-column elementor-col-25 elementor-top-column elementor-element elementor-element-288df80c\" data-id=\"288df80c\" data-element_type=\"column\">\n\t\t\t<div class=\"elementor-widget-wrap elementor-element-populated\">\n\t\t\t\t\t\t<div class=\"elementor-element elementor-element-695b14a elementor-widget__width-initial elementor-cta--valign-top elementor-cta--skin-classic elementor-animated-content elementor-bg-transform elementor-bg-transform-zoom-in elementor-widget elementor-widget-global elementor-global-8758 elementor-widget-call-to-action\" data-id=\"695b14a\" data-element_type=\"widget\" data-widget_type=\"call-to-action.default\">\n\t\t\t\t<div class=\"elementor-widget-container\">\n\t\t\t\t\t\t\t<a class=\"elementor-cta\" href=\"https:\/\/www.sakura-spa.ch\/fr\/produits-de-beaute\/forfaits-de-soins-pour-hommes\/\">\n\t\t\t\t\t<div class=\"elementor-cta__bg-wrapper\">\n\t\t\t\t<div class=\"elementor-cta__bg elementor-bg\" style=\"background-image: url(https:\/\/www.sakura-spa.ch\/wp-content\/uploads\/MUSCLE_iStock-1357320811-1024x683.jpg);\" role=\"img\" aria-label=\"Massage complet du corps au Sakura Spa \u00e0 Saint-Gall\"><\/div>\n\t\t\t\t<div class=\"elementor-cta__bg-overlay\"><\/div>\n\t\t\t<\/div>\n\t\t\t\t\t\t\t<div class=\"elementor-cta__content\">\n\t\t\t\t\n\t\t\t\t\t\t\t\t\t<h3 class=\"elementor-cta__title elementor-cta__content-item elementor-content-item\">\n\t\t\t\t\t\tforfaits de soins\t\t\t\t\t<\/h3>\n\t\t\t\t\n\t\t\t\t\t\t\t\t\t<div class=\"elementor-cta__description elementor-cta__content-item elementor-content-item\">\n\t\t\t\t\t\tD\u00e9tente musculaire gr\u00e2ce \u00e0 des massages apaisants aux huiles aromatiques chaudes, soins vitalisants pour un teint clair et frais et une boisson bien-\u00eatre ou une bi\u00e8re fra\u00eeche... Que demander de plus ? Nous avons combin\u00e9 nos traitements les plus populaires pour LUI dans des pauses relaxantes\t\t\t\t\t<\/div>\n\t\t\t\t\n\t\t\t\t\t\t\t<\/div>\n\t\t\t\t\t\t<\/a>\n\t\t\t\t\t\t<\/div>\n\t\t\t\t<\/div>\n\t\t\t\t\t<\/div>\n\t\t<\/div>\n\t\t\t\t\t<\/div>\n\t\t<\/section>\n\t\t\t\t<\/div>","protected":false},"excerpt":{"rendered":"<p>Speziell f\u00fcr M\u00e4nnerDie beliebtesten Treatments f\u00fcr IHNKontakt aufnehmenSpeziell f\u00fcr M\u00e4nnerErholsame Auszeiten f\u00fcr IHNKontakt aufnehmen Behandlungen f\u00fcr M\u00e4nner Gepflegte M\u00e4nner sind gefragte M\u00e4nner und haben einen Service genauso verdient wie ihr Auto. Im Sakura Spa haben M\u00e4nner, die wissen was gut tut, die Wahl zwischen Gesichtsbehandlungen, Hand- und Fusspflege, Enthaarung mit Warmwachs bis hin zu Anti-Stress-Paketen. [&hellip;]<\/p>\n","protected":false},"author":1,"featured_media":6188,"parent":5391,"menu_order":0,"comment_status":"closed","ping_status":"closed","template":"","meta":{"footnotes":""},"class_list":["post-9549","page","type-page","status-publish","has-post-thumbnail","hentry"],"yoast_head":"<!-- This site is optimized with the Yoast SEO plugin v25.2 - https:\/\/yoast.com\/wordpress\/plugins\/seo\/ -->\n<title>Kosmetikbehandlung f\u00fcr M\u00e4nner in St. Gallen - Termin buchen<\/title>\n<meta name=\"description\" content=\"Kosmetikbehandlung f\u00fcr M\u00e4nner in St. Gallen \u261d Jetzt Termin buchen \u2764 Gesichtsbehandlung \u2764 Haarentfernung \u27bd Termin buchen\" \/>\n<meta name=\"robots\" content=\"index, follow, max-snippet:-1, max-image-preview:large, max-video-preview:-1\" \/>\n<link rel=\"canonical\" href=\"https:\/\/www.sakura-spa.ch\/fr\/produits-de-beaute\/specialement-pour-les-hommes\/\" \/>\n<meta property=\"og:locale\" content=\"fr_FR\" \/>\n<meta property=\"og:type\" content=\"article\" \/>\n<meta property=\"og:title\" content=\"Kosmetikbehandlung f\u00fcr M\u00e4nner in St. Gallen - Termin buchen\" \/>\n<meta property=\"og:description\" content=\"Kosmetikbehandlung f\u00fcr M\u00e4nner in St. Gallen \u261d Jetzt Termin buchen \u2764 Gesichtsbehandlung \u2764 Haarentfernung \u27bd Termin buchen\" \/>\n<meta property=\"og:url\" content=\"https:\/\/www.sakura-spa.ch\/fr\/produits-de-beaute\/specialement-pour-les-hommes\/\" \/>\n<meta property=\"og:site_name\" content=\"Sakura Spa in St. Gallen\" \/>\n<meta property=\"article:modified_time\" content=\"2025-04-07T10:59:26+00:00\" \/>\n<meta property=\"og:image\" content=\"https:\/\/www.sakura-spa.ch\/wp-content\/uploads\/MUSCLE_iStock-1357320811.jpg\" \/>\n\t<meta property=\"og:image:width\" content=\"2120\" \/>\n\t<meta property=\"og:image:height\" content=\"1414\" \/>\n\t<meta property=\"og:image:type\" content=\"image\/jpeg\" \/>\n<meta name=\"twitter:card\" content=\"summary_large_image\" \/>\n<script type=\"application\/ld+json\" class=\"yoast-schema-graph\">{\"@context\":\"https:\/\/schema.org\",\"@graph\":[{\"@type\":\"WebPage\",\"@id\":\"https:\/\/www.sakura-spa.ch\/kosmetik\/speziell-fuer-herren\/\",\"url\":\"https:\/\/www.sakura-spa.ch\/kosmetik\/speziell-fuer-herren\/\",\"name\":\"Kosmetikbehandlung f\u00fcr M\u00e4nner in St. Gallen - Termin buchen\",\"isPartOf\":{\"@id\":\"https:\/\/www.sakura-spa.ch\/#website\"},\"primaryImageOfPage\":{\"@id\":\"https:\/\/www.sakura-spa.ch\/kosmetik\/speziell-fuer-herren\/#primaryimage\"},\"image\":{\"@id\":\"https:\/\/www.sakura-spa.ch\/kosmetik\/speziell-fuer-herren\/#primaryimage\"},\"thumbnailUrl\":\"https:\/\/www.sakura-spa.ch\/wp-content\/uploads\/MUSCLE_iStock-1357320811.jpg\",\"datePublished\":\"2022-10-19T10:19:20+00:00\",\"dateModified\":\"2025-04-07T10:59:26+00:00\",\"description\":\"Kosmetikbehandlung f\u00fcr M\u00e4nner in St. Gallen \u261d Jetzt Termin buchen \u2764 Gesichtsbehandlung \u2764 Haarentfernung \u27bd Termin buchen\",\"breadcrumb\":{\"@id\":\"https:\/\/www.sakura-spa.ch\/kosmetik\/speziell-fuer-herren\/#breadcrumb\"},\"inLanguage\":\"fr-FR\",\"potentialAction\":[{\"@type\":\"ReadAction\",\"target\":[\"https:\/\/www.sakura-spa.ch\/kosmetik\/speziell-fuer-herren\/\"]}]},{\"@type\":\"ImageObject\",\"inLanguage\":\"fr-FR\",\"@id\":\"https:\/\/www.sakura-spa.ch\/kosmetik\/speziell-fuer-herren\/#primaryimage\",\"url\":\"https:\/\/www.sakura-spa.ch\/wp-content\/uploads\/MUSCLE_iStock-1357320811.jpg\",\"contentUrl\":\"https:\/\/www.sakura-spa.ch\/wp-content\/uploads\/MUSCLE_iStock-1357320811.jpg\",\"width\":2120,\"height\":1414,\"caption\":\"Sakura Spa Ganzk\u00f6rpermassage in St. Gallen\"},{\"@type\":\"BreadcrumbList\",\"@id\":\"https:\/\/www.sakura-spa.ch\/kosmetik\/speziell-fuer-herren\/#breadcrumb\",\"itemListElement\":[{\"@type\":\"ListItem\",\"position\":1,\"name\":\"Startseite\",\"item\":\"https:\/\/www.sakura-spa.ch\/\"},{\"@type\":\"ListItem\",\"position\":2,\"name\":\"Kosmetik\",\"item\":\"https:\/\/www.sakura-spa.ch\/kosmetik\/\"},{\"@type\":\"ListItem\",\"position\":3,\"name\":\"Speziell f\u00fcr M\u00e4nner\"}]},{\"@type\":\"WebSite\",\"@id\":\"https:\/\/www.sakura-spa.ch\/#website\",\"url\":\"https:\/\/www.sakura-spa.ch\/\",\"name\":\"Sakura Spa in St. Gallen\",\"description\":\"Kosmetik, Wellness und Massage\",\"potentialAction\":[{\"@type\":\"SearchAction\",\"target\":{\"@type\":\"EntryPoint\",\"urlTemplate\":\"https:\/\/www.sakura-spa.ch\/?s={search_term_string}\"},\"query-input\":{\"@type\":\"PropertyValueSpecification\",\"valueRequired\":true,\"valueName\":\"search_term_string\"}}],\"inLanguage\":\"fr-FR\"}]}<\/script>\n<!-- \/ Yoast SEO plugin. -->","yoast_head_json":{"title":"Soins esth\u00e9tiques pour hommes \u00e0 Saint-Gall \u2013 prendre rendez-vous","description":"Soins cosm\u00e9tiques pour hommes \u00e0 Saint-Gall \u261d Prenez rendez-vous maintenant \u2764 Soin du visage \u2764 \u00c9pilation \u27bd Prenez rendez-vous","robots":{"index":"index","follow":"follow","max-snippet":"max-snippet:-1","max-image-preview":"max-image-preview:large","max-video-preview":"max-video-preview:-1"},"canonical":"https:\/\/www.sakura-spa.ch\/fr\/produits-de-beaute\/specialement-pour-les-hommes\/","og_locale":"fr_FR","og_type":"article","og_title":"Kosmetikbehandlung f\u00fcr M\u00e4nner in St. Gallen - Termin buchen","og_description":"Kosmetikbehandlung f\u00fcr M\u00e4nner in St. Gallen \u261d Jetzt Termin buchen \u2764 Gesichtsbehandlung \u2764 Haarentfernung \u27bd Termin buchen","og_url":"https:\/\/www.sakura-spa.ch\/fr\/produits-de-beaute\/specialement-pour-les-hommes\/","og_site_name":"Sakura Spa in St. Gallen","article_modified_time":"2025-04-07T10:59:26+00:00","og_image":[{"width":2120,"height":1414,"url":"https:\/\/www.sakura-spa.ch\/wp-content\/uploads\/MUSCLE_iStock-1357320811.jpg","type":"image\/jpeg"}],"twitter_card":"summary_large_image","schema":{"@context":"https:\/\/schema.org","@graph":[{"@type":"WebPage","@id":"https:\/\/www.sakura-spa.ch\/kosmetik\/speziell-fuer-herren\/","url":"https:\/\/www.sakura-spa.ch\/kosmetik\/speziell-fuer-herren\/","name":"Soins esth\u00e9tiques pour hommes \u00e0 Saint-Gall \u2013 prendre rendez-vous","isPartOf":{"@id":"https:\/\/www.sakura-spa.ch\/#website"},"primaryImageOfPage":{"@id":"https:\/\/www.sakura-spa.ch\/kosmetik\/speziell-fuer-herren\/#primaryimage"},"image":{"@id":"https:\/\/www.sakura-spa.ch\/kosmetik\/speziell-fuer-herren\/#primaryimage"},"thumbnailUrl":"https:\/\/www.sakura-spa.ch\/wp-content\/uploads\/MUSCLE_iStock-1357320811.jpg","datePublished":"2022-10-19T10:19:20+00:00","dateModified":"2025-04-07T10:59:26+00:00","description":"Soins cosm\u00e9tiques pour hommes \u00e0 Saint-Gall \u261d Prenez rendez-vous maintenant \u2764 Soin du visage \u2764 \u00c9pilation \u27bd Prenez rendez-vous","breadcrumb":{"@id":"https:\/\/www.sakura-spa.ch\/kosmetik\/speziell-fuer-herren\/#breadcrumb"},"inLanguage":"fr-FR","potentialAction":[{"@type":"ReadAction","target":["https:\/\/www.sakura-spa.ch\/kosmetik\/speziell-fuer-herren\/"]}]},{"@type":"ImageObject","inLanguage":"fr-FR","@id":"https:\/\/www.sakura-spa.ch\/kosmetik\/speziell-fuer-herren\/#primaryimage","url":"https:\/\/www.sakura-spa.ch\/wp-content\/uploads\/MUSCLE_iStock-1357320811.jpg","contentUrl":"https:\/\/www.sakura-spa.ch\/wp-content\/uploads\/MUSCLE_iStock-1357320811.jpg","width":2120,"height":1414,"caption":"Sakura Spa Ganzk\u00f6rpermassage in St. Gallen"},{"@type":"BreadcrumbList","@id":"https:\/\/www.sakura-spa.ch\/kosmetik\/speziell-fuer-herren\/#breadcrumb","itemListElement":[{"@type":"ListItem","position":1,"name":"Startseite","item":"https:\/\/www.sakura-spa.ch\/"},{"@type":"ListItem","position":2,"name":"Kosmetik","item":"https:\/\/www.sakura-spa.ch\/kosmetik\/"},{"@type":"ListItem","position":3,"name":"Speziell f\u00fcr M\u00e4nner"}]},{"@type":"WebSite","@id":"https:\/\/www.sakura-spa.ch\/#website","url":"https:\/\/www.sakura-spa.ch\/","name":"Spa Sakura \u00e0 Saint-Gall","description":"Cosm\u00e9tiques, Bien-\u00eatre et Massages","potentialAction":[{"@type":"SearchAction","target":{"@type":"EntryPoint","urlTemplate":"https:\/\/www.sakura-spa.ch\/?s={search_term_string}"},"query-input":{"@type":"PropertyValueSpecification","valueRequired":true,"valueName":"search_term_string"}}],"inLanguage":"fr-FR"}]}},"_links":{"self":[{"href":"https:\/\/www.sakura-spa.ch\/fr\/wp-json\/wp\/v2\/pages\/9549","targetHints":{"allow":["GET"]}}],"collection":[{"href":"https:\/\/www.sakura-spa.ch\/fr\/wp-json\/wp\/v2\/pages"}],"about":[{"href":"https:\/\/www.sakura-spa.ch\/fr\/wp-json\/wp\/v2\/types\/page"}],"author":[{"embeddable":true,"href":"https:\/\/www.sakura-spa.ch\/fr\/wp-json\/wp\/v2\/users\/1"}],"replies":[{"embeddable":true,"href":"https:\/\/www.sakura-spa.ch\/fr\/wp-json\/wp\/v2\/comments?post=9549"}],"version-history":[{"count":60,"href":"https:\/\/www.sakura-spa.ch\/fr\/wp-json\/wp\/v2\/pages\/9549\/revisions"}],"predecessor-version":[{"id":15876,"href":"https:\/\/www.sakura-spa.ch\/fr\/wp-json\/wp\/v2\/pages\/9549\/revisions\/15876"}],"up":[{"embeddable":true,"href":"https:\/\/www.sakura-spa.ch\/fr\/wp-json\/wp\/v2\/pages\/5391"}],"wp:featuredmedia":[{"embeddable":true,"href":"https:\/\/www.sakura-spa.ch\/fr\/wp-json\/wp\/v2\/media\/6188"}],"wp:attachment":[{"href":"https:\/\/www.sakura-spa.ch\/fr\/wp-json\/wp\/v2\/media?parent=9549"}],"curies":[{"name":"wp","href":"https:\/\/api.w.org\/{rel}","templated":true}]}}